{"id":7968,"date":"2025-04-04T07:58:02","date_gmt":"2025-04-04T07:58:02","guid":{"rendered":""},"modified":"2025-08-05T08:29:11","modified_gmt":"2025-08-05T08:29:11","slug":"skarolja-hacktrimmer-kac351","status":"publish","type":"product","link":"https:\/\/ad.kress.com\/sv-se\/skarolja-hacktrimmer-kac351\/","title":{"rendered":"Sk\u00e4rolja (h\u00e4cktrimmer)"},"content":{"rendered":"<p>Kompatibel med: KC200 \/ KC201 \/ KC240 \/ KC241 \/ KC270 \/ KG262 \/ KG346. Sm\u00f6rjmedel drar till sig smuts, smutslagg och annat. Det h\u00e4r sm\u00f6rjmedlet \u00e4r konstruerat med ett delvis &#8221;uppoffrande&#8221; lager av sm\u00f6rjmedel f\u00f6r att eliminera smuts och skr\u00e4p \u00f6ver tid, n\u00e4r det blir v\u00e5tt och n\u00e4r du sk\u00f6ljer med vatten. Det prim\u00e4ra sm\u00f6rjmedlet finns kvar s\u00e5 att dina delar f\u00f6rblir skyddade.<\/p>\n","protected":false},"excerpt":{"rendered":"<p>Kompatibel med: KC200 \/ KC201 \/ KC240 \/ KC241 \/ KC270 \/ KG262 \/ KG346. Sm\u00f6rjmedel drar till sig smuts, smutslagg och annat. Det h\u00e4r sm\u00f6rjmedlet \u00e4r konstruerat med ett delvis &#8221;uppoffrande&#8221; lager av sm\u00f6rjmedel f\u00f6r att eliminera smuts och skr\u00e4p \u00f6ver tid, n\u00e4r det blir v\u00e5tt och n\u00e4r du sk\u00f6ljer med vatten. Det prim\u00e4ra&hellip; <a class=\"more-link\" href=\"https:\/\/ad.kress.com\/sv-se\/skarolja-hacktrimmer-kac351\/\">Continue reading <span class=\"screen-reader-text\">Sk\u00e4rolja (h\u00e4cktrimmer)<\/span><\/a><\/p>\n","protected":false},"featured_media":0,"comment_status":"closed","ping_status":"closed","template":"","meta":[],"product_brand":[],"product_cat":[],"product_tag":[],"class_list":{"0":"post-7968","1":"product","2":"type-product","3":"status-publish","5":"entry","7":"first","8":"instock","9":"shipping-taxable","10":"product-type-simple"},"yoast_head":"<!-- This site is optimized with the Yoast SEO plugin v24.3 - https:\/\/yoast.com\/wordpress\/plugins\/seo\/ -->\n<title>Sk\u00e4rolja (h\u00e4cktrimmer) - Landing Kress<\/title>\n<meta name=\"robots\" content=\"index, follow, max-snippet:-1, max-image-preview:large, max-video-preview:-1\" \/>\n<link rel=\"canonical\" href=\"https:\/\/ad.kress.com\/en\/shear-oil-hedge-trimmer-kac351\/\" \/>\n<meta property=\"og:locale\" content=\"sv_SE\" \/>\n<meta property=\"og:type\" content=\"article\" \/>\n<meta property=\"og:title\" content=\"Sk\u00e4rolja (h\u00e4cktrimmer) - Landing Kress\" \/>\n<meta property=\"og:description\" content=\"Kompatibel med: KC200 \/ KC201 \/ KC240 \/ KC241 \/ KC270 \/ KG262 \/ KG346. Sm\u00f6rjmedel drar till sig smuts, smutslagg och annat. Det h\u00e4r sm\u00f6rjmedlet \u00e4r konstruerat med ett delvis &#8221;uppoffrande&#8221; lager av sm\u00f6rjmedel f\u00f6r att eliminera smuts och skr\u00e4p \u00f6ver tid, n\u00e4r det blir v\u00e5tt och n\u00e4r du sk\u00f6ljer med vatten. Det prim\u00e4ra&hellip; Continue reading Sk\u00e4rolja (h\u00e4cktrimmer)\" \/>\n<meta property=\"og:url\" content=\"https:\/\/ad.kress.com\/en\/shear-oil-hedge-trimmer-kac351\/\" \/>\n<meta property=\"og:site_name\" content=\"Landing Kress\" \/>\n<meta property=\"article:modified_time\" content=\"2025-08-05T08:29:11+00:00\" \/>\n<meta property=\"og:image\" content=\"https:\/\/ad.kress.com\/wp-content\/uploads\/2025\/01\/main-logo-kress.webp\" \/>\n\t<meta property=\"og:image:width\" content=\"1038\" \/>\n\t<meta property=\"og:image:height\" content=\"245\" \/>\n\t<meta property=\"og:image:type\" content=\"image\/webp\" \/>\n<meta name=\"twitter:card\" content=\"summary_large_image\" \/>\n<script type=\"application\/ld+json\" class=\"yoast-schema-graph\">{\"@context\":\"https:\/\/schema.org\",\"@graph\":[{\"@type\":\"WebPage\",\"@id\":\"https:\/\/ad.kress.com\/en\/shear-oil-hedge-trimmer-kac351\/\",\"url\":\"https:\/\/ad.kress.com\/en\/shear-oil-hedge-trimmer-kac351\/\",\"name\":\"Sk\u00e4rolja (h\u00e4cktrimmer) - Landing Kress\",\"isPartOf\":{\"@id\":\"https:\/\/ad.kress.com\/en-gb\/#website\"},\"datePublished\":\"2025-04-04T07:58:02+00:00\",\"dateModified\":\"2025-08-05T08:29:11+00:00\",\"breadcrumb\":{\"@id\":\"https:\/\/ad.kress.com\/en\/shear-oil-hedge-trimmer-kac351\/#breadcrumb\"},\"inLanguage\":\"sv-SE\",\"potentialAction\":[{\"@type\":\"ReadAction\",\"target\":[\"https:\/\/ad.kress.com\/en\/shear-oil-hedge-trimmer-kac351\/\"]}]},{\"@type\":\"BreadcrumbList\",\"@id\":\"https:\/\/ad.kress.com\/en\/shear-oil-hedge-trimmer-kac351\/#breadcrumb\",\"itemListElement\":[{\"@type\":\"ListItem\",\"position\":1,\"name\":\"Home\",\"item\":\"https:\/\/ad.kress.com\/en-gb\/\"},{\"@type\":\"ListItem\",\"position\":2,\"name\":\"Sk\u00e4rolja (h\u00e4cktrimmer)\"}]},{\"@type\":\"WebSite\",\"@id\":\"https:\/\/ad.kress.com\/en-gb\/#website\",\"url\":\"https:\/\/ad.kress.com\/en-gb\/\",\"name\":\"Kress - Commercial outdoor power equipment\",\"description\":\"Kress\",\"publisher\":{\"@id\":\"https:\/\/ad.kress.com\/en-gb\/#organization\"},\"alternateName\":\"Kress\",\"potentialAction\":[{\"@type\":\"SearchAction\",\"target\":{\"@type\":\"EntryPoint\",\"urlTemplate\":\"https:\/\/ad.kress.com\/en-gb\/?s={search_term_string}\"},\"query-input\":{\"@type\":\"PropertyValueSpecification\",\"valueRequired\":true,\"valueName\":\"search_term_string\"}}],\"inLanguage\":\"sv-SE\"},{\"@type\":\"Organization\",\"@id\":\"https:\/\/ad.kress.com\/en-gb\/#organization\",\"name\":\"Commercial outdoor power equipment\",\"alternateName\":\"Kress\",\"url\":\"https:\/\/ad.kress.com\/en-gb\/\",\"logo\":{\"@type\":\"ImageObject\",\"inLanguage\":\"sv-SE\",\"@id\":\"https:\/\/ad.kress.com\/en-gb\/#\/schema\/logo\/image\/\",\"url\":\"https:\/\/ad.kress.com\/wp-content\/uploads\/2025\/01\/main-logo-kress.webp\",\"contentUrl\":\"https:\/\/ad.kress.com\/wp-content\/uploads\/2025\/01\/main-logo-kress.webp\",\"width\":1038,\"height\":245,\"caption\":\"Commercial outdoor power equipment\"},\"image\":{\"@id\":\"https:\/\/ad.kress.com\/en-gb\/#\/schema\/logo\/image\/\"}}]}<\/script>\n<!-- \/ Yoast SEO plugin. -->","yoast_head_json":{"title":"Sk\u00e4rolja (h\u00e4cktrimmer) - Landing Kress","robots":{"index":"index","follow":"follow","max-snippet":"max-snippet:-1","max-image-preview":"max-image-preview:large","max-video-preview":"max-video-preview:-1"},"canonical":"https:\/\/ad.kress.com\/en\/shear-oil-hedge-trimmer-kac351\/","og_locale":"sv_SE","og_type":"article","og_title":"Sk\u00e4rolja (h\u00e4cktrimmer) - Landing Kress","og_description":"Kompatibel med: KC200 \/ KC201 \/ KC240 \/ KC241 \/ KC270 \/ KG262 \/ KG346. Sm\u00f6rjmedel drar till sig smuts, smutslagg och annat. Det h\u00e4r sm\u00f6rjmedlet \u00e4r konstruerat med ett delvis &#8221;uppoffrande&#8221; lager av sm\u00f6rjmedel f\u00f6r att eliminera smuts och skr\u00e4p \u00f6ver tid, n\u00e4r det blir v\u00e5tt och n\u00e4r du sk\u00f6ljer med vatten. Det prim\u00e4ra&hellip; Continue reading Sk\u00e4rolja (h\u00e4cktrimmer)","og_url":"https:\/\/ad.kress.com\/en\/shear-oil-hedge-trimmer-kac351\/","og_site_name":"Landing Kress","article_modified_time":"2025-08-05T08:29:11+00:00","og_image":[{"width":1038,"height":245,"url":"https:\/\/ad.kress.com\/wp-content\/uploads\/2025\/01\/main-logo-kress.webp","type":"image\/webp"}],"twitter_card":"summary_large_image","schema":{"@context":"https:\/\/schema.org","@graph":[{"@type":"WebPage","@id":"https:\/\/ad.kress.com\/en\/shear-oil-hedge-trimmer-kac351\/","url":"https:\/\/ad.kress.com\/en\/shear-oil-hedge-trimmer-kac351\/","name":"Sk\u00e4rolja (h\u00e4cktrimmer) - Landing Kress","isPartOf":{"@id":"https:\/\/ad.kress.com\/en-gb\/#website"},"datePublished":"2025-04-04T07:58:02+00:00","dateModified":"2025-08-05T08:29:11+00:00","breadcrumb":{"@id":"https:\/\/ad.kress.com\/en\/shear-oil-hedge-trimmer-kac351\/#breadcrumb"},"inLanguage":"sv-SE","potentialAction":[{"@type":"ReadAction","target":["https:\/\/ad.kress.com\/en\/shear-oil-hedge-trimmer-kac351\/"]}]},{"@type":"BreadcrumbList","@id":"https:\/\/ad.kress.com\/en\/shear-oil-hedge-trimmer-kac351\/#breadcrumb","itemListElement":[{"@type":"ListItem","position":1,"name":"Home","item":"https:\/\/ad.kress.com\/en-gb\/"},{"@type":"ListItem","position":2,"name":"Sk\u00e4rolja (h\u00e4cktrimmer)"}]},{"@type":"WebSite","@id":"https:\/\/ad.kress.com\/en-gb\/#website","url":"https:\/\/ad.kress.com\/en-gb\/","name":"Kress - Commercial outdoor power equipment","description":"Kress","publisher":{"@id":"https:\/\/ad.kress.com\/en-gb\/#organization"},"alternateName":"Kress","potentialAction":[{"@type":"SearchAction","target":{"@type":"EntryPoint","urlTemplate":"https:\/\/ad.kress.com\/en-gb\/?s={search_term_string}"},"query-input":{"@type":"PropertyValueSpecification","valueRequired":true,"valueName":"search_term_string"}}],"inLanguage":"sv-SE"},{"@type":"Organization","@id":"https:\/\/ad.kress.com\/en-gb\/#organization","name":"Commercial outdoor power equipment","alternateName":"Kress","url":"https:\/\/ad.kress.com\/en-gb\/","logo":{"@type":"ImageObject","inLanguage":"sv-SE","@id":"https:\/\/ad.kress.com\/en-gb\/#\/schema\/logo\/image\/","url":"https:\/\/ad.kress.com\/wp-content\/uploads\/2025\/01\/main-logo-kress.webp","contentUrl":"https:\/\/ad.kress.com\/wp-content\/uploads\/2025\/01\/main-logo-kress.webp","width":1038,"height":245,"caption":"Commercial outdoor power equipment"},"image":{"@id":"https:\/\/ad.kress.com\/en-gb\/#\/schema\/logo\/image\/"}}]}},"_links":{"self":[{"href":"https:\/\/ad.kress.com\/sv-se\/wp-json\/wp\/v2\/product\/7968","targetHints":{"allow":["GET"]}}],"collection":[{"href":"https:\/\/ad.kress.com\/sv-se\/wp-json\/wp\/v2\/product"}],"about":[{"href":"https:\/\/ad.kress.com\/sv-se\/wp-json\/wp\/v2\/types\/product"}],"replies":[{"embeddable":true,"href":"https:\/\/ad.kress.com\/sv-se\/wp-json\/wp\/v2\/comments?post=7968"}],"wp:attachment":[{"href":"https:\/\/ad.kress.com\/sv-se\/wp-json\/wp\/v2\/media?parent=7968"}],"wp:term":[{"taxonomy":"product_brand","embeddable":true,"href":"https:\/\/ad.kress.com\/sv-se\/wp-json\/wp\/v2\/product_brand?post=7968"},{"taxonomy":"product_cat","embeddable":true,"href":"https:\/\/ad.kress.com\/sv-se\/wp-json\/wp\/v2\/product_cat?post=7968"},{"taxonomy":"product_tag","embeddable":true,"href":"https:\/\/ad.kress.com\/sv-se\/wp-json\/wp\/v2\/product_tag?post=7968"}],"curies":[{"name":"wp","href":"https:\/\/api.w.org\/{rel}","templated":true}]}}