{"id":7738,"date":"2025-04-04T07:58:00","date_gmt":"2025-04-04T07:58:00","guid":{"rendered":""},"modified":"2025-08-05T08:29:11","modified_gmt":"2025-08-05T08:29:11","slug":"kress-commercial-powertrain-kraftnav-for-multiverktyg-kac104","status":"publish","type":"product","link":"https:\/\/ad.kress.com\/sv-se\/kress-commercial-powertrain-kraftnav-for-multiverktyg-kac104\/","title":{"rendered":"Kress Commercial PowerTrain\u2122 kraftnav f\u00f6r multiverktyg"},"content":{"rendered":"<p>Med en effekt p\u00e5 1,3 kW ger Kress PowerTrain\u2122 kraftnav f\u00f6r multiverktyg den m\u00e5ngsidighet och styrka som kr\u00e4vs f\u00f6r att ta itu med ett brett spektrum av uppgifter med precision. Det \u00e4r s\u00f6ml\u00f6st utformat f\u00f6r att integreras med Kress-redskap och ger o\u00f6vertr\u00e4ffad prestanda f\u00f6r varje till\u00e4mpning.<\/p>\n","protected":false},"excerpt":{"rendered":"<p>Med en effekt p\u00e5 1,3 kW ger Kress PowerTrain\u2122 kraftnav f\u00f6r multiverktyg den m\u00e5ngsidighet och styrka som kr\u00e4vs f\u00f6r att ta itu med ett brett spektrum av uppgifter med precision. Det \u00e4r s\u00f6ml\u00f6st utformat f\u00f6r att integreras med Kress-redskap och ger o\u00f6vertr\u00e4ffad prestanda f\u00f6r varje till\u00e4mpning.<\/p>\n","protected":false},"featured_media":11600,"comment_status":"closed","ping_status":"closed","template":"","meta":[],"product_brand":[],"product_cat":[],"product_tag":[],"class_list":{"0":"post-7738","1":"product","2":"type-product","3":"status-publish","4":"has-post-thumbnail","6":"entry","8":"first","9":"instock","10":"shipping-taxable","11":"purchasable","12":"product-type-simple"},"yoast_head":"<!-- This site is optimized with the Yoast SEO plugin v24.3 - https:\/\/yoast.com\/wordpress\/plugins\/seo\/ -->\n<title>Kress Commercial PowerTrain\u2122 kraftnav f\u00f6r multiverktyg - Landing Kress<\/title>\n<meta name=\"robots\" content=\"index, follow, max-snippet:-1, max-image-preview:large, max-video-preview:-1\" \/>\n<link rel=\"canonical\" href=\"https:\/\/ad.kress.com\/en\/kress-commercial-powertrain-multi-tool-power-hub-kac104\/\" \/>\n<meta property=\"og:locale\" content=\"sv_SE\" \/>\n<meta property=\"og:type\" content=\"article\" \/>\n<meta property=\"og:title\" content=\"Kress Commercial PowerTrain\u2122 kraftnav f\u00f6r multiverktyg - Landing Kress\" \/>\n<meta property=\"og:description\" content=\"Med en effekt p\u00e5 1,3 kW ger Kress PowerTrain\u2122 kraftnav f\u00f6r multiverktyg den m\u00e5ngsidighet och styrka som kr\u00e4vs f\u00f6r att ta itu med ett brett spektrum av uppgifter med precision. Det \u00e4r s\u00f6ml\u00f6st utformat f\u00f6r att integreras med Kress-redskap och ger o\u00f6vertr\u00e4ffad prestanda f\u00f6r varje till\u00e4mpning.\" \/>\n<meta property=\"og:url\" content=\"https:\/\/ad.kress.com\/en\/kress-commercial-powertrain-multi-tool-power-hub-kac104\/\" \/>\n<meta property=\"og:site_name\" content=\"Landing Kress\" \/>\n<meta property=\"article:modified_time\" content=\"2025-08-05T08:29:11+00:00\" \/>\n<meta property=\"og:image\" content=\"https:\/\/ad.kress.com\/wp-content\/uploads\/onpage\/op_image_d76fa3d5e5261efba26de49e5ecff8d1799ca6fd.1980x.webp\" \/>\n\t<meta property=\"og:image:width\" content=\"1980\" \/>\n\t<meta property=\"og:image:height\" content=\"1980\" \/>\n\t<meta property=\"og:image:type\" content=\"image\/webp\" \/>\n<meta name=\"twitter:card\" content=\"summary_large_image\" \/>\n<script type=\"application\/ld+json\" class=\"yoast-schema-graph\">{\"@context\":\"https:\/\/schema.org\",\"@graph\":[{\"@type\":\"WebPage\",\"@id\":\"https:\/\/ad.kress.com\/en\/kress-commercial-powertrain-multi-tool-power-hub-kac104\/\",\"url\":\"https:\/\/ad.kress.com\/en\/kress-commercial-powertrain-multi-tool-power-hub-kac104\/\",\"name\":\"Kress Commercial PowerTrain\u2122 kraftnav f\u00f6r multiverktyg - Landing Kress\",\"isPartOf\":{\"@id\":\"https:\/\/ad.kress.com\/en-gb\/#website\"},\"primaryImageOfPage\":{\"@id\":\"https:\/\/ad.kress.com\/en\/kress-commercial-powertrain-multi-tool-power-hub-kac104\/#primaryimage\"},\"image\":{\"@id\":\"https:\/\/ad.kress.com\/en\/kress-commercial-powertrain-multi-tool-power-hub-kac104\/#primaryimage\"},\"thumbnailUrl\":\"https:\/\/ad.kress.com\/wp-content\/uploads\/onpage\/op_image_d76fa3d5e5261efba26de49e5ecff8d1799ca6fd.1980x.webp\",\"datePublished\":\"2025-04-04T07:58:00+00:00\",\"dateModified\":\"2025-08-05T08:29:11+00:00\",\"breadcrumb\":{\"@id\":\"https:\/\/ad.kress.com\/en\/kress-commercial-powertrain-multi-tool-power-hub-kac104\/#breadcrumb\"},\"inLanguage\":\"sv-SE\",\"potentialAction\":[{\"@type\":\"ReadAction\",\"target\":[\"https:\/\/ad.kress.com\/en\/kress-commercial-powertrain-multi-tool-power-hub-kac104\/\"]}]},{\"@type\":\"ImageObject\",\"inLanguage\":\"sv-SE\",\"@id\":\"https:\/\/ad.kress.com\/en\/kress-commercial-powertrain-multi-tool-power-hub-kac104\/#primaryimage\",\"url\":\"https:\/\/ad.kress.com\/wp-content\/uploads\/onpage\/op_image_d76fa3d5e5261efba26de49e5ecff8d1799ca6fd.1980x.webp\",\"contentUrl\":\"https:\/\/ad.kress.com\/wp-content\/uploads\/onpage\/op_image_d76fa3d5e5261efba26de49e5ecff8d1799ca6fd.1980x.webp\",\"width\":1980,\"height\":1980},{\"@type\":\"BreadcrumbList\",\"@id\":\"https:\/\/ad.kress.com\/en\/kress-commercial-powertrain-multi-tool-power-hub-kac104\/#breadcrumb\",\"itemListElement\":[{\"@type\":\"ListItem\",\"position\":1,\"name\":\"Home\",\"item\":\"https:\/\/ad.kress.com\/en-gb\/\"},{\"@type\":\"ListItem\",\"position\":2,\"name\":\"Kress Commercial PowerTrain\u2122 kraftnav f\u00f6r multiverktyg\"}]},{\"@type\":\"WebSite\",\"@id\":\"https:\/\/ad.kress.com\/en-gb\/#website\",\"url\":\"https:\/\/ad.kress.com\/en-gb\/\",\"name\":\"Kress - Commercial outdoor power equipment\",\"description\":\"Kress\",\"publisher\":{\"@id\":\"https:\/\/ad.kress.com\/en-gb\/#organization\"},\"alternateName\":\"Kress\",\"potentialAction\":[{\"@type\":\"SearchAction\",\"target\":{\"@type\":\"EntryPoint\",\"urlTemplate\":\"https:\/\/ad.kress.com\/en-gb\/?s={search_term_string}\"},\"query-input\":{\"@type\":\"PropertyValueSpecification\",\"valueRequired\":true,\"valueName\":\"search_term_string\"}}],\"inLanguage\":\"sv-SE\"},{\"@type\":\"Organization\",\"@id\":\"https:\/\/ad.kress.com\/en-gb\/#organization\",\"name\":\"Commercial outdoor power equipment\",\"alternateName\":\"Kress\",\"url\":\"https:\/\/ad.kress.com\/en-gb\/\",\"logo\":{\"@type\":\"ImageObject\",\"inLanguage\":\"sv-SE\",\"@id\":\"https:\/\/ad.kress.com\/en-gb\/#\/schema\/logo\/image\/\",\"url\":\"https:\/\/ad.kress.com\/wp-content\/uploads\/2025\/01\/main-logo-kress.webp\",\"contentUrl\":\"https:\/\/ad.kress.com\/wp-content\/uploads\/2025\/01\/main-logo-kress.webp\",\"width\":1038,\"height\":245,\"caption\":\"Commercial outdoor power equipment\"},\"image\":{\"@id\":\"https:\/\/ad.kress.com\/en-gb\/#\/schema\/logo\/image\/\"}}]}<\/script>\n<!-- \/ Yoast SEO plugin. -->","yoast_head_json":{"title":"Kress Commercial PowerTrain\u2122 kraftnav f\u00f6r multiverktyg - Landing Kress","robots":{"index":"index","follow":"follow","max-snippet":"max-snippet:-1","max-image-preview":"max-image-preview:large","max-video-preview":"max-video-preview:-1"},"canonical":"https:\/\/ad.kress.com\/en\/kress-commercial-powertrain-multi-tool-power-hub-kac104\/","og_locale":"sv_SE","og_type":"article","og_title":"Kress Commercial PowerTrain\u2122 kraftnav f\u00f6r multiverktyg - Landing Kress","og_description":"Med en effekt p\u00e5 1,3 kW ger Kress PowerTrain\u2122 kraftnav f\u00f6r multiverktyg den m\u00e5ngsidighet och styrka som kr\u00e4vs f\u00f6r att ta itu med ett brett spektrum av uppgifter med precision. Det \u00e4r s\u00f6ml\u00f6st utformat f\u00f6r att integreras med Kress-redskap och ger o\u00f6vertr\u00e4ffad prestanda f\u00f6r varje till\u00e4mpning.","og_url":"https:\/\/ad.kress.com\/en\/kress-commercial-powertrain-multi-tool-power-hub-kac104\/","og_site_name":"Landing Kress","article_modified_time":"2025-08-05T08:29:11+00:00","og_image":[{"width":1980,"height":1980,"url":"https:\/\/ad.kress.com\/wp-content\/uploads\/onpage\/op_image_d76fa3d5e5261efba26de49e5ecff8d1799ca6fd.1980x.webp","type":"image\/webp"}],"twitter_card":"summary_large_image","schema":{"@context":"https:\/\/schema.org","@graph":[{"@type":"WebPage","@id":"https:\/\/ad.kress.com\/en\/kress-commercial-powertrain-multi-tool-power-hub-kac104\/","url":"https:\/\/ad.kress.com\/en\/kress-commercial-powertrain-multi-tool-power-hub-kac104\/","name":"Kress Commercial PowerTrain\u2122 kraftnav f\u00f6r multiverktyg - Landing Kress","isPartOf":{"@id":"https:\/\/ad.kress.com\/en-gb\/#website"},"primaryImageOfPage":{"@id":"https:\/\/ad.kress.com\/en\/kress-commercial-powertrain-multi-tool-power-hub-kac104\/#primaryimage"},"image":{"@id":"https:\/\/ad.kress.com\/en\/kress-commercial-powertrain-multi-tool-power-hub-kac104\/#primaryimage"},"thumbnailUrl":"https:\/\/ad.kress.com\/wp-content\/uploads\/onpage\/op_image_d76fa3d5e5261efba26de49e5ecff8d1799ca6fd.1980x.webp","datePublished":"2025-04-04T07:58:00+00:00","dateModified":"2025-08-05T08:29:11+00:00","breadcrumb":{"@id":"https:\/\/ad.kress.com\/en\/kress-commercial-powertrain-multi-tool-power-hub-kac104\/#breadcrumb"},"inLanguage":"sv-SE","potentialAction":[{"@type":"ReadAction","target":["https:\/\/ad.kress.com\/en\/kress-commercial-powertrain-multi-tool-power-hub-kac104\/"]}]},{"@type":"ImageObject","inLanguage":"sv-SE","@id":"https:\/\/ad.kress.com\/en\/kress-commercial-powertrain-multi-tool-power-hub-kac104\/#primaryimage","url":"https:\/\/ad.kress.com\/wp-content\/uploads\/onpage\/op_image_d76fa3d5e5261efba26de49e5ecff8d1799ca6fd.1980x.webp","contentUrl":"https:\/\/ad.kress.com\/wp-content\/uploads\/onpage\/op_image_d76fa3d5e5261efba26de49e5ecff8d1799ca6fd.1980x.webp","width":1980,"height":1980},{"@type":"BreadcrumbList","@id":"https:\/\/ad.kress.com\/en\/kress-commercial-powertrain-multi-tool-power-hub-kac104\/#breadcrumb","itemListElement":[{"@type":"ListItem","position":1,"name":"Home","item":"https:\/\/ad.kress.com\/en-gb\/"},{"@type":"ListItem","position":2,"name":"Kress Commercial PowerTrain\u2122 kraftnav f\u00f6r multiverktyg"}]},{"@type":"WebSite","@id":"https:\/\/ad.kress.com\/en-gb\/#website","url":"https:\/\/ad.kress.com\/en-gb\/","name":"Kress - Commercial outdoor power equipment","description":"Kress","publisher":{"@id":"https:\/\/ad.kress.com\/en-gb\/#organization"},"alternateName":"Kress","potentialAction":[{"@type":"SearchAction","target":{"@type":"EntryPoint","urlTemplate":"https:\/\/ad.kress.com\/en-gb\/?s={search_term_string}"},"query-input":{"@type":"PropertyValueSpecification","valueRequired":true,"valueName":"search_term_string"}}],"inLanguage":"sv-SE"},{"@type":"Organization","@id":"https:\/\/ad.kress.com\/en-gb\/#organization","name":"Commercial outdoor power equipment","alternateName":"Kress","url":"https:\/\/ad.kress.com\/en-gb\/","logo":{"@type":"ImageObject","inLanguage":"sv-SE","@id":"https:\/\/ad.kress.com\/en-gb\/#\/schema\/logo\/image\/","url":"https:\/\/ad.kress.com\/wp-content\/uploads\/2025\/01\/main-logo-kress.webp","contentUrl":"https:\/\/ad.kress.com\/wp-content\/uploads\/2025\/01\/main-logo-kress.webp","width":1038,"height":245,"caption":"Commercial outdoor power equipment"},"image":{"@id":"https:\/\/ad.kress.com\/en-gb\/#\/schema\/logo\/image\/"}}]}},"_links":{"self":[{"href":"https:\/\/ad.kress.com\/sv-se\/wp-json\/wp\/v2\/product\/7738","targetHints":{"allow":["GET"]}}],"collection":[{"href":"https:\/\/ad.kress.com\/sv-se\/wp-json\/wp\/v2\/product"}],"about":[{"href":"https:\/\/ad.kress.com\/sv-se\/wp-json\/wp\/v2\/types\/product"}],"replies":[{"embeddable":true,"href":"https:\/\/ad.kress.com\/sv-se\/wp-json\/wp\/v2\/comments?post=7738"}],"wp:featuredmedia":[{"embeddable":true,"href":"https:\/\/ad.kress.com\/sv-se\/wp-json\/wp\/v2\/media\/11600"}],"wp:attachment":[{"href":"https:\/\/ad.kress.com\/sv-se\/wp-json\/wp\/v2\/media?parent=7738"}],"wp:term":[{"taxonomy":"product_brand","embeddable":true,"href":"https:\/\/ad.kress.com\/sv-se\/wp-json\/wp\/v2\/product_brand?post=7738"},{"taxonomy":"product_cat","embeddable":true,"href":"https:\/\/ad.kress.com\/sv-se\/wp-json\/wp\/v2\/product_cat?post=7738"},{"taxonomy":"product_tag","embeddable":true,"href":"https:\/\/ad.kress.com\/sv-se\/wp-json\/wp\/v2\/product_tag?post=7738"}],"curies":[{"name":"wp","href":"https:\/\/api.w.org\/{rel}","templated":true}]}}