{"id":7118,"date":"2025-04-04T07:57:51","date_gmt":"2025-04-04T07:57:51","guid":{"rendered":""},"modified":"2025-08-05T08:29:11","modified_gmt":"2025-08-05T08:29:11","slug":"kommersiell-kvalitet-60-v-stanghacksax-kc241-9","status":"publish","type":"product","link":"https:\/\/ad.kress.com\/sv-se\/kommersiell-kvalitet-60-v-stanghacksax-kc241-9\/","title":{"rendered":"60 V Commercial St\u00e5ngh\u00e4cksax 55 cm (fast)"},"content":{"rendered":"<p>Kress Commercial st\u00e5ngh\u00e4cksax med kort skaft och fast aggregat \u00e4r utformad f\u00f6r tr\u00e4dg\u00e5rdsf\u00f6retag och kommuner som vill integrera h\u00e5llbara metoder i sin verksamhet, och kombinerar en 1 kW-motors robusta effekt med finessen hos en 25 cc bensintrimmer, vilket garanterar noggranna klippningar av medelstora h\u00e4ckar. Den fasta vinkeln, i kombination med ett 55 cm laserskuret st\u00e5lblad med dubbel verkan, ger konsekventa klippresultat, vilket \u00f6kar produktiviteten. Som en del av Kress Commercial CyberSystem levererar den avancerad prestanda med f\u00f6rdelen av l\u00e4gre driftskostnader j\u00e4mf\u00f6rt med bensin- och andra batterisystem.<\/p>\n","protected":false},"excerpt":{"rendered":"<p>Kress Commercial st\u00e5ngh\u00e4cksax med kort skaft och fast aggregat \u00e4r utformad f\u00f6r tr\u00e4dg\u00e5rdsf\u00f6retag och kommuner som vill integrera h\u00e5llbara metoder i sin verksamhet, och kombinerar en 1 kW-motors robusta effekt med finessen hos en 25 cc bensintrimmer, vilket garanterar noggranna klippningar av medelstora h\u00e4ckar. Den fasta vinkeln, i kombination med ett 55 cm laserskuret st\u00e5lblad&hellip; <a class=\"more-link\" href=\"https:\/\/ad.kress.com\/sv-se\/kommersiell-kvalitet-60-v-stanghacksax-kc241-9\/\">Continue reading <span class=\"screen-reader-text\">60 V Commercial St\u00e5ngh\u00e4cksax 55 cm (fast)<\/span><\/a><\/p>\n","protected":false},"featured_media":10954,"comment_status":"closed","ping_status":"closed","template":"","meta":[],"product_brand":[],"product_cat":[],"product_tag":[],"class_list":{"0":"post-7118","1":"product","2":"type-product","3":"status-publish","4":"has-post-thumbnail","6":"entry","8":"first","9":"instock","10":"shipping-taxable","11":"purchasable","12":"product-type-simple"},"yoast_head":"<!-- This site is optimized with the Yoast SEO plugin v24.3 - https:\/\/yoast.com\/wordpress\/plugins\/seo\/ -->\n<title>60 V Commercial St\u00e5ngh\u00e4cksax 55 cm (fast) - Landing Kress<\/title>\n<meta name=\"robots\" content=\"index, follow, max-snippet:-1, max-image-preview:large, max-video-preview:-1\" \/>\n<link rel=\"canonical\" href=\"https:\/\/ad.kress.com\/en\/commercial-grade-60-v-pole-hedge-trimmer-kc241-9\/\" \/>\n<meta property=\"og:locale\" content=\"sv_SE\" \/>\n<meta property=\"og:type\" content=\"article\" \/>\n<meta property=\"og:title\" content=\"60 V Commercial St\u00e5ngh\u00e4cksax 55 cm (fast) - Landing Kress\" \/>\n<meta property=\"og:description\" content=\"Kress Commercial st\u00e5ngh\u00e4cksax med kort skaft och fast aggregat \u00e4r utformad f\u00f6r tr\u00e4dg\u00e5rdsf\u00f6retag och kommuner som vill integrera h\u00e5llbara metoder i sin verksamhet, och kombinerar en 1 kW-motors robusta effekt med finessen hos en 25 cc bensintrimmer, vilket garanterar noggranna klippningar av medelstora h\u00e4ckar. Den fasta vinkeln, i kombination med ett 55 cm laserskuret st\u00e5lblad&hellip; Continue reading 60 V Commercial St\u00e5ngh\u00e4cksax 55 cm (fast)\" \/>\n<meta property=\"og:url\" content=\"https:\/\/ad.kress.com\/en\/commercial-grade-60-v-pole-hedge-trimmer-kc241-9\/\" \/>\n<meta property=\"og:site_name\" content=\"Landing Kress\" \/>\n<meta property=\"article:modified_time\" content=\"2025-08-05T08:29:11+00:00\" \/>\n<meta property=\"og:image\" content=\"https:\/\/ad.kress.com\/wp-content\/uploads\/onpage\/op_image_2d4c0b8d97a149ad3a19d6ad203f3c8e699a98ec.1980x.webp\" \/>\n\t<meta property=\"og:image:width\" content=\"1980\" \/>\n\t<meta property=\"og:image:height\" content=\"1980\" \/>\n\t<meta property=\"og:image:type\" content=\"image\/webp\" \/>\n<meta name=\"twitter:card\" content=\"summary_large_image\" \/>\n<script type=\"application\/ld+json\" class=\"yoast-schema-graph\">{\"@context\":\"https:\/\/schema.org\",\"@graph\":[{\"@type\":\"WebPage\",\"@id\":\"https:\/\/ad.kress.com\/en\/commercial-grade-60-v-pole-hedge-trimmer-kc241-9\/\",\"url\":\"https:\/\/ad.kress.com\/en\/commercial-grade-60-v-pole-hedge-trimmer-kc241-9\/\",\"name\":\"60 V Commercial St\u00e5ngh\u00e4cksax 55 cm (fast) - Landing Kress\",\"isPartOf\":{\"@id\":\"https:\/\/ad.kress.com\/en-gb\/#website\"},\"primaryImageOfPage\":{\"@id\":\"https:\/\/ad.kress.com\/en\/commercial-grade-60-v-pole-hedge-trimmer-kc241-9\/#primaryimage\"},\"image\":{\"@id\":\"https:\/\/ad.kress.com\/en\/commercial-grade-60-v-pole-hedge-trimmer-kc241-9\/#primaryimage\"},\"thumbnailUrl\":\"https:\/\/ad.kress.com\/wp-content\/uploads\/onpage\/op_image_2d4c0b8d97a149ad3a19d6ad203f3c8e699a98ec.1980x.webp\",\"datePublished\":\"2025-04-04T07:57:51+00:00\",\"dateModified\":\"2025-08-05T08:29:11+00:00\",\"breadcrumb\":{\"@id\":\"https:\/\/ad.kress.com\/en\/commercial-grade-60-v-pole-hedge-trimmer-kc241-9\/#breadcrumb\"},\"inLanguage\":\"sv-SE\",\"potentialAction\":[{\"@type\":\"ReadAction\",\"target\":[\"https:\/\/ad.kress.com\/en\/commercial-grade-60-v-pole-hedge-trimmer-kc241-9\/\"]}]},{\"@type\":\"ImageObject\",\"inLanguage\":\"sv-SE\",\"@id\":\"https:\/\/ad.kress.com\/en\/commercial-grade-60-v-pole-hedge-trimmer-kc241-9\/#primaryimage\",\"url\":\"https:\/\/ad.kress.com\/wp-content\/uploads\/onpage\/op_image_2d4c0b8d97a149ad3a19d6ad203f3c8e699a98ec.1980x.webp\",\"contentUrl\":\"https:\/\/ad.kress.com\/wp-content\/uploads\/onpage\/op_image_2d4c0b8d97a149ad3a19d6ad203f3c8e699a98ec.1980x.webp\",\"width\":1980,\"height\":1980},{\"@type\":\"BreadcrumbList\",\"@id\":\"https:\/\/ad.kress.com\/en\/commercial-grade-60-v-pole-hedge-trimmer-kc241-9\/#breadcrumb\",\"itemListElement\":[{\"@type\":\"ListItem\",\"position\":1,\"name\":\"Home\",\"item\":\"https:\/\/ad.kress.com\/en-gb\/\"},{\"@type\":\"ListItem\",\"position\":2,\"name\":\"Kommersiell kvalitet 60 V st\u00e5ngh\u00e4cksax\"}]},{\"@type\":\"WebSite\",\"@id\":\"https:\/\/ad.kress.com\/en-gb\/#website\",\"url\":\"https:\/\/ad.kress.com\/en-gb\/\",\"name\":\"Kress - Commercial outdoor power equipment\",\"description\":\"Kress\",\"publisher\":{\"@id\":\"https:\/\/ad.kress.com\/en-gb\/#organization\"},\"alternateName\":\"Kress\",\"potentialAction\":[{\"@type\":\"SearchAction\",\"target\":{\"@type\":\"EntryPoint\",\"urlTemplate\":\"https:\/\/ad.kress.com\/en-gb\/?s={search_term_string}\"},\"query-input\":{\"@type\":\"PropertyValueSpecification\",\"valueRequired\":true,\"valueName\":\"search_term_string\"}}],\"inLanguage\":\"sv-SE\"},{\"@type\":\"Organization\",\"@id\":\"https:\/\/ad.kress.com\/en-gb\/#organization\",\"name\":\"Commercial outdoor power equipment\",\"alternateName\":\"Kress\",\"url\":\"https:\/\/ad.kress.com\/en-gb\/\",\"logo\":{\"@type\":\"ImageObject\",\"inLanguage\":\"sv-SE\",\"@id\":\"https:\/\/ad.kress.com\/en-gb\/#\/schema\/logo\/image\/\",\"url\":\"https:\/\/ad.kress.com\/wp-content\/uploads\/2025\/01\/main-logo-kress.webp\",\"contentUrl\":\"https:\/\/ad.kress.com\/wp-content\/uploads\/2025\/01\/main-logo-kress.webp\",\"width\":1038,\"height\":245,\"caption\":\"Commercial outdoor power equipment\"},\"image\":{\"@id\":\"https:\/\/ad.kress.com\/en-gb\/#\/schema\/logo\/image\/\"}}]}<\/script>\n<!-- \/ Yoast SEO plugin. -->","yoast_head_json":{"title":"60 V Commercial St\u00e5ngh\u00e4cksax 55 cm (fast) - Landing Kress","robots":{"index":"index","follow":"follow","max-snippet":"max-snippet:-1","max-image-preview":"max-image-preview:large","max-video-preview":"max-video-preview:-1"},"canonical":"https:\/\/ad.kress.com\/en\/commercial-grade-60-v-pole-hedge-trimmer-kc241-9\/","og_locale":"sv_SE","og_type":"article","og_title":"60 V Commercial St\u00e5ngh\u00e4cksax 55 cm (fast) - Landing Kress","og_description":"Kress Commercial st\u00e5ngh\u00e4cksax med kort skaft och fast aggregat \u00e4r utformad f\u00f6r tr\u00e4dg\u00e5rdsf\u00f6retag och kommuner som vill integrera h\u00e5llbara metoder i sin verksamhet, och kombinerar en 1 kW-motors robusta effekt med finessen hos en 25 cc bensintrimmer, vilket garanterar noggranna klippningar av medelstora h\u00e4ckar. Den fasta vinkeln, i kombination med ett 55 cm laserskuret st\u00e5lblad&hellip; Continue reading 60 V Commercial St\u00e5ngh\u00e4cksax 55 cm (fast)","og_url":"https:\/\/ad.kress.com\/en\/commercial-grade-60-v-pole-hedge-trimmer-kc241-9\/","og_site_name":"Landing Kress","article_modified_time":"2025-08-05T08:29:11+00:00","og_image":[{"width":1980,"height":1980,"url":"https:\/\/ad.kress.com\/wp-content\/uploads\/onpage\/op_image_2d4c0b8d97a149ad3a19d6ad203f3c8e699a98ec.1980x.webp","type":"image\/webp"}],"twitter_card":"summary_large_image","schema":{"@context":"https:\/\/schema.org","@graph":[{"@type":"WebPage","@id":"https:\/\/ad.kress.com\/en\/commercial-grade-60-v-pole-hedge-trimmer-kc241-9\/","url":"https:\/\/ad.kress.com\/en\/commercial-grade-60-v-pole-hedge-trimmer-kc241-9\/","name":"60 V Commercial St\u00e5ngh\u00e4cksax 55 cm (fast) - Landing Kress","isPartOf":{"@id":"https:\/\/ad.kress.com\/en-gb\/#website"},"primaryImageOfPage":{"@id":"https:\/\/ad.kress.com\/en\/commercial-grade-60-v-pole-hedge-trimmer-kc241-9\/#primaryimage"},"image":{"@id":"https:\/\/ad.kress.com\/en\/commercial-grade-60-v-pole-hedge-trimmer-kc241-9\/#primaryimage"},"thumbnailUrl":"https:\/\/ad.kress.com\/wp-content\/uploads\/onpage\/op_image_2d4c0b8d97a149ad3a19d6ad203f3c8e699a98ec.1980x.webp","datePublished":"2025-04-04T07:57:51+00:00","dateModified":"2025-08-05T08:29:11+00:00","breadcrumb":{"@id":"https:\/\/ad.kress.com\/en\/commercial-grade-60-v-pole-hedge-trimmer-kc241-9\/#breadcrumb"},"inLanguage":"sv-SE","potentialAction":[{"@type":"ReadAction","target":["https:\/\/ad.kress.com\/en\/commercial-grade-60-v-pole-hedge-trimmer-kc241-9\/"]}]},{"@type":"ImageObject","inLanguage":"sv-SE","@id":"https:\/\/ad.kress.com\/en\/commercial-grade-60-v-pole-hedge-trimmer-kc241-9\/#primaryimage","url":"https:\/\/ad.kress.com\/wp-content\/uploads\/onpage\/op_image_2d4c0b8d97a149ad3a19d6ad203f3c8e699a98ec.1980x.webp","contentUrl":"https:\/\/ad.kress.com\/wp-content\/uploads\/onpage\/op_image_2d4c0b8d97a149ad3a19d6ad203f3c8e699a98ec.1980x.webp","width":1980,"height":1980},{"@type":"BreadcrumbList","@id":"https:\/\/ad.kress.com\/en\/commercial-grade-60-v-pole-hedge-trimmer-kc241-9\/#breadcrumb","itemListElement":[{"@type":"ListItem","position":1,"name":"Home","item":"https:\/\/ad.kress.com\/en-gb\/"},{"@type":"ListItem","position":2,"name":"Kommersiell kvalitet 60 V st\u00e5ngh\u00e4cksax"}]},{"@type":"WebSite","@id":"https:\/\/ad.kress.com\/en-gb\/#website","url":"https:\/\/ad.kress.com\/en-gb\/","name":"Kress - Commercial outdoor power equipment","description":"Kress","publisher":{"@id":"https:\/\/ad.kress.com\/en-gb\/#organization"},"alternateName":"Kress","potentialAction":[{"@type":"SearchAction","target":{"@type":"EntryPoint","urlTemplate":"https:\/\/ad.kress.com\/en-gb\/?s={search_term_string}"},"query-input":{"@type":"PropertyValueSpecification","valueRequired":true,"valueName":"search_term_string"}}],"inLanguage":"sv-SE"},{"@type":"Organization","@id":"https:\/\/ad.kress.com\/en-gb\/#organization","name":"Commercial outdoor power equipment","alternateName":"Kress","url":"https:\/\/ad.kress.com\/en-gb\/","logo":{"@type":"ImageObject","inLanguage":"sv-SE","@id":"https:\/\/ad.kress.com\/en-gb\/#\/schema\/logo\/image\/","url":"https:\/\/ad.kress.com\/wp-content\/uploads\/2025\/01\/main-logo-kress.webp","contentUrl":"https:\/\/ad.kress.com\/wp-content\/uploads\/2025\/01\/main-logo-kress.webp","width":1038,"height":245,"caption":"Commercial outdoor power equipment"},"image":{"@id":"https:\/\/ad.kress.com\/en-gb\/#\/schema\/logo\/image\/"}}]}},"_links":{"self":[{"href":"https:\/\/ad.kress.com\/sv-se\/wp-json\/wp\/v2\/product\/7118","targetHints":{"allow":["GET"]}}],"collection":[{"href":"https:\/\/ad.kress.com\/sv-se\/wp-json\/wp\/v2\/product"}],"about":[{"href":"https:\/\/ad.kress.com\/sv-se\/wp-json\/wp\/v2\/types\/product"}],"replies":[{"embeddable":true,"href":"https:\/\/ad.kress.com\/sv-se\/wp-json\/wp\/v2\/comments?post=7118"}],"wp:featuredmedia":[{"embeddable":true,"href":"https:\/\/ad.kress.com\/sv-se\/wp-json\/wp\/v2\/media\/10954"}],"wp:attachment":[{"href":"https:\/\/ad.kress.com\/sv-se\/wp-json\/wp\/v2\/media?parent=7118"}],"wp:term":[{"taxonomy":"product_brand","embeddable":true,"href":"https:\/\/ad.kress.com\/sv-se\/wp-json\/wp\/v2\/product_brand?post=7118"},{"taxonomy":"product_cat","embeddable":true,"href":"https:\/\/ad.kress.com\/sv-se\/wp-json\/wp\/v2\/product_cat?post=7118"},{"taxonomy":"product_tag","embeddable":true,"href":"https:\/\/ad.kress.com\/sv-se\/wp-json\/wp\/v2\/product_tag?post=7118"}],"curies":[{"name":"wp","href":"https:\/\/api.w.org\/{rel}","templated":true}]}}