{"id":7098,"date":"2025-04-04T07:57:51","date_gmt":"2025-04-04T07:57:51","guid":{"rendered":""},"modified":"2025-08-05T08:29:11","modified_gmt":"2025-08-05T08:29:11","slug":"kommersiellt-60-v-cybercapsule-batteri-kac815","status":"publish","type":"product","link":"https:\/\/ad.kress.com\/sv-se\/kommersiellt-60-v-cybercapsule-batteri-kac815\/","title":{"rendered":"Kommersiellt 60 V CyberCapsule batteri"},"content":{"rendered":"<p>Kress CyberCapsule \u00e4r en kompakt och flexibel energilagringsmodul p\u00e5 1,5 kWh f\u00f6r laddning av batterier n\u00e4r det inte finns tillg\u00e5ng till eluttag. Denna modul ger gr\u00f6nytef\u00f6rvaltare flexibiliteten att justera sin energikapacitet baserat p\u00e5 dagliga krav genom att b\u00e4ra ytterligare CyberCapsules. Den kan ocks\u00e5 fungera som ett ryggs\u00e4cksbatteri och driva verktyg direkt.<\/p>\n","protected":false},"excerpt":{"rendered":"<p>Kress CyberCapsule \u00e4r en kompakt och flexibel energilagringsmodul p\u00e5 1,5 kWh f\u00f6r laddning av batterier n\u00e4r det inte finns tillg\u00e5ng till eluttag. Denna modul ger gr\u00f6nytef\u00f6rvaltare flexibiliteten att justera sin energikapacitet baserat p\u00e5 dagliga krav genom att b\u00e4ra ytterligare CyberCapsules. Den kan ocks\u00e5 fungera som ett ryggs\u00e4cksbatteri och driva verktyg direkt.<\/p>\n","protected":false},"featured_media":10920,"comment_status":"closed","ping_status":"closed","template":"","meta":[],"product_brand":[],"product_cat":[],"product_tag":[],"class_list":{"0":"post-7098","1":"product","2":"type-product","3":"status-publish","4":"has-post-thumbnail","6":"entry","8":"first","9":"instock","10":"shipping-taxable","11":"purchasable","12":"product-type-simple"},"yoast_head":"<!-- This site is optimized with the Yoast SEO plugin v24.3 - https:\/\/yoast.com\/wordpress\/plugins\/seo\/ -->\n<title>Kommersiellt 60 V CyberCapsule batteri - Landing Kress<\/title>\n<meta name=\"robots\" content=\"index, follow, max-snippet:-1, max-image-preview:large, max-video-preview:-1\" \/>\n<link rel=\"canonical\" href=\"https:\/\/ad.kress.com\/en\/commercial-grade-60-v-cybercapsule-battery-kac815\/\" \/>\n<meta property=\"og:locale\" content=\"sv_SE\" \/>\n<meta property=\"og:type\" content=\"article\" \/>\n<meta property=\"og:title\" content=\"Kommersiellt 60 V CyberCapsule batteri - Landing Kress\" \/>\n<meta property=\"og:description\" content=\"Kress CyberCapsule \u00e4r en kompakt och flexibel energilagringsmodul p\u00e5 1,5 kWh f\u00f6r laddning av batterier n\u00e4r det inte finns tillg\u00e5ng till eluttag. Denna modul ger gr\u00f6nytef\u00f6rvaltare flexibiliteten att justera sin energikapacitet baserat p\u00e5 dagliga krav genom att b\u00e4ra ytterligare CyberCapsules. Den kan ocks\u00e5 fungera som ett ryggs\u00e4cksbatteri och driva verktyg direkt.\" \/>\n<meta property=\"og:url\" content=\"https:\/\/ad.kress.com\/en\/commercial-grade-60-v-cybercapsule-battery-kac815\/\" \/>\n<meta property=\"og:site_name\" content=\"Landing Kress\" \/>\n<meta property=\"article:modified_time\" content=\"2025-08-05T08:29:11+00:00\" \/>\n<meta property=\"og:image\" content=\"https:\/\/ad.kress.com\/wp-content\/uploads\/onpage\/op_image_dc8d590dfb79c897b7b5c6ed8271dea3d90b8690.1980x.webp\" \/>\n\t<meta property=\"og:image:width\" content=\"1980\" \/>\n\t<meta property=\"og:image:height\" content=\"1980\" \/>\n\t<meta property=\"og:image:type\" content=\"image\/webp\" \/>\n<meta name=\"twitter:card\" content=\"summary_large_image\" \/>\n<script type=\"application\/ld+json\" class=\"yoast-schema-graph\">{\"@context\":\"https:\/\/schema.org\",\"@graph\":[{\"@type\":\"WebPage\",\"@id\":\"https:\/\/ad.kress.com\/en\/commercial-grade-60-v-cybercapsule-battery-kac815\/\",\"url\":\"https:\/\/ad.kress.com\/en\/commercial-grade-60-v-cybercapsule-battery-kac815\/\",\"name\":\"Kommersiellt 60 V CyberCapsule batteri - Landing Kress\",\"isPartOf\":{\"@id\":\"https:\/\/ad.kress.com\/en-gb\/#website\"},\"primaryImageOfPage\":{\"@id\":\"https:\/\/ad.kress.com\/en\/commercial-grade-60-v-cybercapsule-battery-kac815\/#primaryimage\"},\"image\":{\"@id\":\"https:\/\/ad.kress.com\/en\/commercial-grade-60-v-cybercapsule-battery-kac815\/#primaryimage\"},\"thumbnailUrl\":\"https:\/\/ad.kress.com\/wp-content\/uploads\/onpage\/op_image_dc8d590dfb79c897b7b5c6ed8271dea3d90b8690.1980x.webp\",\"datePublished\":\"2025-04-04T07:57:51+00:00\",\"dateModified\":\"2025-08-05T08:29:11+00:00\",\"breadcrumb\":{\"@id\":\"https:\/\/ad.kress.com\/en\/commercial-grade-60-v-cybercapsule-battery-kac815\/#breadcrumb\"},\"inLanguage\":\"sv-SE\",\"potentialAction\":[{\"@type\":\"ReadAction\",\"target\":[\"https:\/\/ad.kress.com\/en\/commercial-grade-60-v-cybercapsule-battery-kac815\/\"]}]},{\"@type\":\"ImageObject\",\"inLanguage\":\"sv-SE\",\"@id\":\"https:\/\/ad.kress.com\/en\/commercial-grade-60-v-cybercapsule-battery-kac815\/#primaryimage\",\"url\":\"https:\/\/ad.kress.com\/wp-content\/uploads\/onpage\/op_image_dc8d590dfb79c897b7b5c6ed8271dea3d90b8690.1980x.webp\",\"contentUrl\":\"https:\/\/ad.kress.com\/wp-content\/uploads\/onpage\/op_image_dc8d590dfb79c897b7b5c6ed8271dea3d90b8690.1980x.webp\",\"width\":1980,\"height\":1980},{\"@type\":\"BreadcrumbList\",\"@id\":\"https:\/\/ad.kress.com\/en\/commercial-grade-60-v-cybercapsule-battery-kac815\/#breadcrumb\",\"itemListElement\":[{\"@type\":\"ListItem\",\"position\":1,\"name\":\"Home\",\"item\":\"https:\/\/ad.kress.com\/en-gb\/\"},{\"@type\":\"ListItem\",\"position\":2,\"name\":\"Kommersiellt 60 V CyberCapsule batteri\"}]},{\"@type\":\"WebSite\",\"@id\":\"https:\/\/ad.kress.com\/en-gb\/#website\",\"url\":\"https:\/\/ad.kress.com\/en-gb\/\",\"name\":\"Kress - Commercial outdoor power equipment\",\"description\":\"Kress\",\"publisher\":{\"@id\":\"https:\/\/ad.kress.com\/en-gb\/#organization\"},\"alternateName\":\"Kress\",\"potentialAction\":[{\"@type\":\"SearchAction\",\"target\":{\"@type\":\"EntryPoint\",\"urlTemplate\":\"https:\/\/ad.kress.com\/en-gb\/?s={search_term_string}\"},\"query-input\":{\"@type\":\"PropertyValueSpecification\",\"valueRequired\":true,\"valueName\":\"search_term_string\"}}],\"inLanguage\":\"sv-SE\"},{\"@type\":\"Organization\",\"@id\":\"https:\/\/ad.kress.com\/en-gb\/#organization\",\"name\":\"Commercial outdoor power equipment\",\"alternateName\":\"Kress\",\"url\":\"https:\/\/ad.kress.com\/en-gb\/\",\"logo\":{\"@type\":\"ImageObject\",\"inLanguage\":\"sv-SE\",\"@id\":\"https:\/\/ad.kress.com\/en-gb\/#\/schema\/logo\/image\/\",\"url\":\"https:\/\/ad.kress.com\/wp-content\/uploads\/2025\/01\/main-logo-kress.webp\",\"contentUrl\":\"https:\/\/ad.kress.com\/wp-content\/uploads\/2025\/01\/main-logo-kress.webp\",\"width\":1038,\"height\":245,\"caption\":\"Commercial outdoor power equipment\"},\"image\":{\"@id\":\"https:\/\/ad.kress.com\/en-gb\/#\/schema\/logo\/image\/\"}}]}<\/script>\n<!-- \/ Yoast SEO plugin. -->","yoast_head_json":{"title":"Kommersiellt 60 V CyberCapsule batteri - Landing Kress","robots":{"index":"index","follow":"follow","max-snippet":"max-snippet:-1","max-image-preview":"max-image-preview:large","max-video-preview":"max-video-preview:-1"},"canonical":"https:\/\/ad.kress.com\/en\/commercial-grade-60-v-cybercapsule-battery-kac815\/","og_locale":"sv_SE","og_type":"article","og_title":"Kommersiellt 60 V CyberCapsule batteri - Landing Kress","og_description":"Kress CyberCapsule \u00e4r en kompakt och flexibel energilagringsmodul p\u00e5 1,5 kWh f\u00f6r laddning av batterier n\u00e4r det inte finns tillg\u00e5ng till eluttag. Denna modul ger gr\u00f6nytef\u00f6rvaltare flexibiliteten att justera sin energikapacitet baserat p\u00e5 dagliga krav genom att b\u00e4ra ytterligare CyberCapsules. Den kan ocks\u00e5 fungera som ett ryggs\u00e4cksbatteri och driva verktyg direkt.","og_url":"https:\/\/ad.kress.com\/en\/commercial-grade-60-v-cybercapsule-battery-kac815\/","og_site_name":"Landing Kress","article_modified_time":"2025-08-05T08:29:11+00:00","og_image":[{"width":1980,"height":1980,"url":"https:\/\/ad.kress.com\/wp-content\/uploads\/onpage\/op_image_dc8d590dfb79c897b7b5c6ed8271dea3d90b8690.1980x.webp","type":"image\/webp"}],"twitter_card":"summary_large_image","schema":{"@context":"https:\/\/schema.org","@graph":[{"@type":"WebPage","@id":"https:\/\/ad.kress.com\/en\/commercial-grade-60-v-cybercapsule-battery-kac815\/","url":"https:\/\/ad.kress.com\/en\/commercial-grade-60-v-cybercapsule-battery-kac815\/","name":"Kommersiellt 60 V CyberCapsule batteri - Landing Kress","isPartOf":{"@id":"https:\/\/ad.kress.com\/en-gb\/#website"},"primaryImageOfPage":{"@id":"https:\/\/ad.kress.com\/en\/commercial-grade-60-v-cybercapsule-battery-kac815\/#primaryimage"},"image":{"@id":"https:\/\/ad.kress.com\/en\/commercial-grade-60-v-cybercapsule-battery-kac815\/#primaryimage"},"thumbnailUrl":"https:\/\/ad.kress.com\/wp-content\/uploads\/onpage\/op_image_dc8d590dfb79c897b7b5c6ed8271dea3d90b8690.1980x.webp","datePublished":"2025-04-04T07:57:51+00:00","dateModified":"2025-08-05T08:29:11+00:00","breadcrumb":{"@id":"https:\/\/ad.kress.com\/en\/commercial-grade-60-v-cybercapsule-battery-kac815\/#breadcrumb"},"inLanguage":"sv-SE","potentialAction":[{"@type":"ReadAction","target":["https:\/\/ad.kress.com\/en\/commercial-grade-60-v-cybercapsule-battery-kac815\/"]}]},{"@type":"ImageObject","inLanguage":"sv-SE","@id":"https:\/\/ad.kress.com\/en\/commercial-grade-60-v-cybercapsule-battery-kac815\/#primaryimage","url":"https:\/\/ad.kress.com\/wp-content\/uploads\/onpage\/op_image_dc8d590dfb79c897b7b5c6ed8271dea3d90b8690.1980x.webp","contentUrl":"https:\/\/ad.kress.com\/wp-content\/uploads\/onpage\/op_image_dc8d590dfb79c897b7b5c6ed8271dea3d90b8690.1980x.webp","width":1980,"height":1980},{"@type":"BreadcrumbList","@id":"https:\/\/ad.kress.com\/en\/commercial-grade-60-v-cybercapsule-battery-kac815\/#breadcrumb","itemListElement":[{"@type":"ListItem","position":1,"name":"Home","item":"https:\/\/ad.kress.com\/en-gb\/"},{"@type":"ListItem","position":2,"name":"Kommersiellt 60 V CyberCapsule batteri"}]},{"@type":"WebSite","@id":"https:\/\/ad.kress.com\/en-gb\/#website","url":"https:\/\/ad.kress.com\/en-gb\/","name":"Kress - Commercial outdoor power equipment","description":"Kress","publisher":{"@id":"https:\/\/ad.kress.com\/en-gb\/#organization"},"alternateName":"Kress","potentialAction":[{"@type":"SearchAction","target":{"@type":"EntryPoint","urlTemplate":"https:\/\/ad.kress.com\/en-gb\/?s={search_term_string}"},"query-input":{"@type":"PropertyValueSpecification","valueRequired":true,"valueName":"search_term_string"}}],"inLanguage":"sv-SE"},{"@type":"Organization","@id":"https:\/\/ad.kress.com\/en-gb\/#organization","name":"Commercial outdoor power equipment","alternateName":"Kress","url":"https:\/\/ad.kress.com\/en-gb\/","logo":{"@type":"ImageObject","inLanguage":"sv-SE","@id":"https:\/\/ad.kress.com\/en-gb\/#\/schema\/logo\/image\/","url":"https:\/\/ad.kress.com\/wp-content\/uploads\/2025\/01\/main-logo-kress.webp","contentUrl":"https:\/\/ad.kress.com\/wp-content\/uploads\/2025\/01\/main-logo-kress.webp","width":1038,"height":245,"caption":"Commercial outdoor power equipment"},"image":{"@id":"https:\/\/ad.kress.com\/en-gb\/#\/schema\/logo\/image\/"}}]}},"_links":{"self":[{"href":"https:\/\/ad.kress.com\/sv-se\/wp-json\/wp\/v2\/product\/7098","targetHints":{"allow":["GET"]}}],"collection":[{"href":"https:\/\/ad.kress.com\/sv-se\/wp-json\/wp\/v2\/product"}],"about":[{"href":"https:\/\/ad.kress.com\/sv-se\/wp-json\/wp\/v2\/types\/product"}],"replies":[{"embeddable":true,"href":"https:\/\/ad.kress.com\/sv-se\/wp-json\/wp\/v2\/comments?post=7098"}],"wp:featuredmedia":[{"embeddable":true,"href":"https:\/\/ad.kress.com\/sv-se\/wp-json\/wp\/v2\/media\/10920"}],"wp:attachment":[{"href":"https:\/\/ad.kress.com\/sv-se\/wp-json\/wp\/v2\/media?parent=7098"}],"wp:term":[{"taxonomy":"product_brand","embeddable":true,"href":"https:\/\/ad.kress.com\/sv-se\/wp-json\/wp\/v2\/product_brand?post=7098"},{"taxonomy":"product_cat","embeddable":true,"href":"https:\/\/ad.kress.com\/sv-se\/wp-json\/wp\/v2\/product_cat?post=7098"},{"taxonomy":"product_tag","embeddable":true,"href":"https:\/\/ad.kress.com\/sv-se\/wp-json\/wp\/v2\/product_tag?post=7098"}],"curies":[{"name":"wp","href":"https:\/\/api.w.org\/{rel}","templated":true}]}}