{"id":7028,"date":"2025-04-04T07:57:50","date_gmt":"2025-04-04T07:57:50","guid":{"rendered":""},"modified":"2025-08-05T08:29:11","modified_gmt":"2025-08-05T08:29:11","slug":"kommersiell-60-v-kant-kc151-9","status":"publish","type":"product","link":"https:\/\/ad.kress.com\/sv-se\/kommersiell-60-v-kant-kc151-9\/","title":{"rendered":"60 V Commersial Kantsk\u00e4rare"},"content":{"rendered":"<p>Kress KC151 kantsk\u00e4rare med b\u00f6jt skaft \u00e4r utformad f\u00f6r ergonomisk komfort och enkel man\u00f6vrering och \u00e4r avsedd f\u00f6r gr\u00f6nytef\u00f6rvaltare och kommuner som arbetar med h\u00e5llbarhet. Det b\u00f6jda skaftet ger b\u00e4ttre precision i tr\u00e5nga utrymmen och runt k\u00e4nsliga planteringar. Variabel hastighetskontroll och ett skyddande skr\u00e4pskydd garanterar s\u00e4kerhet och effektivitet. Som en del av Kress Commercial CyberSystem levererar den f\u00f6rstklassig prestanda med f\u00f6rdelen av l\u00e4gre driftskostnader j\u00e4mf\u00f6rt med gas och andra batterisystem.<\/p>\n","protected":false},"excerpt":{"rendered":"<p>Kress KC151 kantsk\u00e4rare med b\u00f6jt skaft \u00e4r utformad f\u00f6r ergonomisk komfort och enkel man\u00f6vrering och \u00e4r avsedd f\u00f6r gr\u00f6nytef\u00f6rvaltare och kommuner som arbetar med h\u00e5llbarhet. Det b\u00f6jda skaftet ger b\u00e4ttre precision i tr\u00e5nga utrymmen och runt k\u00e4nsliga planteringar. Variabel hastighetskontroll och ett skyddande skr\u00e4pskydd garanterar s\u00e4kerhet och effektivitet. Som en del av Kress Commercial CyberSystem&hellip; <a class=\"more-link\" href=\"https:\/\/ad.kress.com\/sv-se\/kommersiell-60-v-kant-kc151-9\/\">Continue reading <span class=\"screen-reader-text\">60 V Commersial Kantsk\u00e4rare<\/span><\/a><\/p>\n","protected":false},"featured_media":10869,"comment_status":"closed","ping_status":"closed","template":"","meta":[],"product_brand":[],"product_cat":[],"product_tag":[],"class_list":{"0":"post-7028","1":"product","2":"type-product","3":"status-publish","4":"has-post-thumbnail","6":"entry","8":"first","9":"instock","10":"shipping-taxable","11":"product-type-simple"},"yoast_head":"<!-- This site is optimized with the Yoast SEO plugin v24.3 - https:\/\/yoast.com\/wordpress\/plugins\/seo\/ -->\n<title>60 V Commersial Kantsk\u00e4rare - Landing Kress<\/title>\n<meta name=\"robots\" content=\"index, follow, max-snippet:-1, max-image-preview:large, max-video-preview:-1\" \/>\n<link rel=\"canonical\" href=\"https:\/\/ad.kress.com\/en\/commercial-grade-60-v-edger-kc151-9\/\" \/>\n<meta property=\"og:locale\" content=\"sv_SE\" \/>\n<meta property=\"og:type\" content=\"article\" \/>\n<meta property=\"og:title\" content=\"60 V Commersial Kantsk\u00e4rare - Landing Kress\" \/>\n<meta property=\"og:description\" content=\"Kress KC151 kantsk\u00e4rare med b\u00f6jt skaft \u00e4r utformad f\u00f6r ergonomisk komfort och enkel man\u00f6vrering och \u00e4r avsedd f\u00f6r gr\u00f6nytef\u00f6rvaltare och kommuner som arbetar med h\u00e5llbarhet. Det b\u00f6jda skaftet ger b\u00e4ttre precision i tr\u00e5nga utrymmen och runt k\u00e4nsliga planteringar. Variabel hastighetskontroll och ett skyddande skr\u00e4pskydd garanterar s\u00e4kerhet och effektivitet. Som en del av Kress Commercial CyberSystem&hellip; Continue reading 60 V Commersial Kantsk\u00e4rare\" \/>\n<meta property=\"og:url\" content=\"https:\/\/ad.kress.com\/en\/commercial-grade-60-v-edger-kc151-9\/\" \/>\n<meta property=\"og:site_name\" content=\"Landing Kress\" \/>\n<meta property=\"article:modified_time\" content=\"2025-08-05T08:29:11+00:00\" \/>\n<meta property=\"og:image\" content=\"https:\/\/ad.kress.com\/wp-content\/uploads\/onpage\/op_image_a5bcf0159ca92fc816687573a3161820291b823c.1980x.webp\" \/>\n\t<meta property=\"og:image:width\" content=\"1980\" \/>\n\t<meta property=\"og:image:height\" content=\"1980\" \/>\n\t<meta property=\"og:image:type\" content=\"image\/webp\" \/>\n<meta name=\"twitter:card\" content=\"summary_large_image\" \/>\n<script type=\"application\/ld+json\" class=\"yoast-schema-graph\">{\"@context\":\"https:\/\/schema.org\",\"@graph\":[{\"@type\":\"WebPage\",\"@id\":\"https:\/\/ad.kress.com\/en\/commercial-grade-60-v-edger-kc151-9\/\",\"url\":\"https:\/\/ad.kress.com\/en\/commercial-grade-60-v-edger-kc151-9\/\",\"name\":\"60 V Commersial Kantsk\u00e4rare - Landing Kress\",\"isPartOf\":{\"@id\":\"https:\/\/ad.kress.com\/en-gb\/#website\"},\"primaryImageOfPage\":{\"@id\":\"https:\/\/ad.kress.com\/en\/commercial-grade-60-v-edger-kc151-9\/#primaryimage\"},\"image\":{\"@id\":\"https:\/\/ad.kress.com\/en\/commercial-grade-60-v-edger-kc151-9\/#primaryimage\"},\"thumbnailUrl\":\"https:\/\/ad.kress.com\/wp-content\/uploads\/onpage\/op_image_a5bcf0159ca92fc816687573a3161820291b823c.1980x.webp\",\"datePublished\":\"2025-04-04T07:57:50+00:00\",\"dateModified\":\"2025-08-05T08:29:11+00:00\",\"breadcrumb\":{\"@id\":\"https:\/\/ad.kress.com\/en\/commercial-grade-60-v-edger-kc151-9\/#breadcrumb\"},\"inLanguage\":\"sv-SE\",\"potentialAction\":[{\"@type\":\"ReadAction\",\"target\":[\"https:\/\/ad.kress.com\/en\/commercial-grade-60-v-edger-kc151-9\/\"]}]},{\"@type\":\"ImageObject\",\"inLanguage\":\"sv-SE\",\"@id\":\"https:\/\/ad.kress.com\/en\/commercial-grade-60-v-edger-kc151-9\/#primaryimage\",\"url\":\"https:\/\/ad.kress.com\/wp-content\/uploads\/onpage\/op_image_a5bcf0159ca92fc816687573a3161820291b823c.1980x.webp\",\"contentUrl\":\"https:\/\/ad.kress.com\/wp-content\/uploads\/onpage\/op_image_a5bcf0159ca92fc816687573a3161820291b823c.1980x.webp\",\"width\":1980,\"height\":1980},{\"@type\":\"BreadcrumbList\",\"@id\":\"https:\/\/ad.kress.com\/en\/commercial-grade-60-v-edger-kc151-9\/#breadcrumb\",\"itemListElement\":[{\"@type\":\"ListItem\",\"position\":1,\"name\":\"Home\",\"item\":\"https:\/\/ad.kress.com\/en-gb\/\"},{\"@type\":\"ListItem\",\"position\":2,\"name\":\"Kommersiell 60 V-kant\"}]},{\"@type\":\"WebSite\",\"@id\":\"https:\/\/ad.kress.com\/en-gb\/#website\",\"url\":\"https:\/\/ad.kress.com\/en-gb\/\",\"name\":\"Kress - Commercial outdoor power equipment\",\"description\":\"Kress\",\"publisher\":{\"@id\":\"https:\/\/ad.kress.com\/en-gb\/#organization\"},\"alternateName\":\"Kress\",\"potentialAction\":[{\"@type\":\"SearchAction\",\"target\":{\"@type\":\"EntryPoint\",\"urlTemplate\":\"https:\/\/ad.kress.com\/en-gb\/?s={search_term_string}\"},\"query-input\":{\"@type\":\"PropertyValueSpecification\",\"valueRequired\":true,\"valueName\":\"search_term_string\"}}],\"inLanguage\":\"sv-SE\"},{\"@type\":\"Organization\",\"@id\":\"https:\/\/ad.kress.com\/en-gb\/#organization\",\"name\":\"Commercial outdoor power equipment\",\"alternateName\":\"Kress\",\"url\":\"https:\/\/ad.kress.com\/en-gb\/\",\"logo\":{\"@type\":\"ImageObject\",\"inLanguage\":\"sv-SE\",\"@id\":\"https:\/\/ad.kress.com\/en-gb\/#\/schema\/logo\/image\/\",\"url\":\"https:\/\/ad.kress.com\/wp-content\/uploads\/2025\/01\/main-logo-kress.webp\",\"contentUrl\":\"https:\/\/ad.kress.com\/wp-content\/uploads\/2025\/01\/main-logo-kress.webp\",\"width\":1038,\"height\":245,\"caption\":\"Commercial outdoor power equipment\"},\"image\":{\"@id\":\"https:\/\/ad.kress.com\/en-gb\/#\/schema\/logo\/image\/\"}}]}<\/script>\n<!-- \/ Yoast SEO plugin. -->","yoast_head_json":{"title":"60 V Commersial Kantsk\u00e4rare - Landing Kress","robots":{"index":"index","follow":"follow","max-snippet":"max-snippet:-1","max-image-preview":"max-image-preview:large","max-video-preview":"max-video-preview:-1"},"canonical":"https:\/\/ad.kress.com\/en\/commercial-grade-60-v-edger-kc151-9\/","og_locale":"sv_SE","og_type":"article","og_title":"60 V Commersial Kantsk\u00e4rare - Landing Kress","og_description":"Kress KC151 kantsk\u00e4rare med b\u00f6jt skaft \u00e4r utformad f\u00f6r ergonomisk komfort och enkel man\u00f6vrering och \u00e4r avsedd f\u00f6r gr\u00f6nytef\u00f6rvaltare och kommuner som arbetar med h\u00e5llbarhet. Det b\u00f6jda skaftet ger b\u00e4ttre precision i tr\u00e5nga utrymmen och runt k\u00e4nsliga planteringar. Variabel hastighetskontroll och ett skyddande skr\u00e4pskydd garanterar s\u00e4kerhet och effektivitet. Som en del av Kress Commercial CyberSystem&hellip; Continue reading 60 V Commersial Kantsk\u00e4rare","og_url":"https:\/\/ad.kress.com\/en\/commercial-grade-60-v-edger-kc151-9\/","og_site_name":"Landing Kress","article_modified_time":"2025-08-05T08:29:11+00:00","og_image":[{"width":1980,"height":1980,"url":"https:\/\/ad.kress.com\/wp-content\/uploads\/onpage\/op_image_a5bcf0159ca92fc816687573a3161820291b823c.1980x.webp","type":"image\/webp"}],"twitter_card":"summary_large_image","schema":{"@context":"https:\/\/schema.org","@graph":[{"@type":"WebPage","@id":"https:\/\/ad.kress.com\/en\/commercial-grade-60-v-edger-kc151-9\/","url":"https:\/\/ad.kress.com\/en\/commercial-grade-60-v-edger-kc151-9\/","name":"60 V Commersial Kantsk\u00e4rare - Landing Kress","isPartOf":{"@id":"https:\/\/ad.kress.com\/en-gb\/#website"},"primaryImageOfPage":{"@id":"https:\/\/ad.kress.com\/en\/commercial-grade-60-v-edger-kc151-9\/#primaryimage"},"image":{"@id":"https:\/\/ad.kress.com\/en\/commercial-grade-60-v-edger-kc151-9\/#primaryimage"},"thumbnailUrl":"https:\/\/ad.kress.com\/wp-content\/uploads\/onpage\/op_image_a5bcf0159ca92fc816687573a3161820291b823c.1980x.webp","datePublished":"2025-04-04T07:57:50+00:00","dateModified":"2025-08-05T08:29:11+00:00","breadcrumb":{"@id":"https:\/\/ad.kress.com\/en\/commercial-grade-60-v-edger-kc151-9\/#breadcrumb"},"inLanguage":"sv-SE","potentialAction":[{"@type":"ReadAction","target":["https:\/\/ad.kress.com\/en\/commercial-grade-60-v-edger-kc151-9\/"]}]},{"@type":"ImageObject","inLanguage":"sv-SE","@id":"https:\/\/ad.kress.com\/en\/commercial-grade-60-v-edger-kc151-9\/#primaryimage","url":"https:\/\/ad.kress.com\/wp-content\/uploads\/onpage\/op_image_a5bcf0159ca92fc816687573a3161820291b823c.1980x.webp","contentUrl":"https:\/\/ad.kress.com\/wp-content\/uploads\/onpage\/op_image_a5bcf0159ca92fc816687573a3161820291b823c.1980x.webp","width":1980,"height":1980},{"@type":"BreadcrumbList","@id":"https:\/\/ad.kress.com\/en\/commercial-grade-60-v-edger-kc151-9\/#breadcrumb","itemListElement":[{"@type":"ListItem","position":1,"name":"Home","item":"https:\/\/ad.kress.com\/en-gb\/"},{"@type":"ListItem","position":2,"name":"Kommersiell 60 V-kant"}]},{"@type":"WebSite","@id":"https:\/\/ad.kress.com\/en-gb\/#website","url":"https:\/\/ad.kress.com\/en-gb\/","name":"Kress - Commercial outdoor power equipment","description":"Kress","publisher":{"@id":"https:\/\/ad.kress.com\/en-gb\/#organization"},"alternateName":"Kress","potentialAction":[{"@type":"SearchAction","target":{"@type":"EntryPoint","urlTemplate":"https:\/\/ad.kress.com\/en-gb\/?s={search_term_string}"},"query-input":{"@type":"PropertyValueSpecification","valueRequired":true,"valueName":"search_term_string"}}],"inLanguage":"sv-SE"},{"@type":"Organization","@id":"https:\/\/ad.kress.com\/en-gb\/#organization","name":"Commercial outdoor power equipment","alternateName":"Kress","url":"https:\/\/ad.kress.com\/en-gb\/","logo":{"@type":"ImageObject","inLanguage":"sv-SE","@id":"https:\/\/ad.kress.com\/en-gb\/#\/schema\/logo\/image\/","url":"https:\/\/ad.kress.com\/wp-content\/uploads\/2025\/01\/main-logo-kress.webp","contentUrl":"https:\/\/ad.kress.com\/wp-content\/uploads\/2025\/01\/main-logo-kress.webp","width":1038,"height":245,"caption":"Commercial outdoor power equipment"},"image":{"@id":"https:\/\/ad.kress.com\/en-gb\/#\/schema\/logo\/image\/"}}]}},"_links":{"self":[{"href":"https:\/\/ad.kress.com\/sv-se\/wp-json\/wp\/v2\/product\/7028","targetHints":{"allow":["GET"]}}],"collection":[{"href":"https:\/\/ad.kress.com\/sv-se\/wp-json\/wp\/v2\/product"}],"about":[{"href":"https:\/\/ad.kress.com\/sv-se\/wp-json\/wp\/v2\/types\/product"}],"replies":[{"embeddable":true,"href":"https:\/\/ad.kress.com\/sv-se\/wp-json\/wp\/v2\/comments?post=7028"}],"wp:featuredmedia":[{"embeddable":true,"href":"https:\/\/ad.kress.com\/sv-se\/wp-json\/wp\/v2\/media\/10869"}],"wp:attachment":[{"href":"https:\/\/ad.kress.com\/sv-se\/wp-json\/wp\/v2\/media?parent=7028"}],"wp:term":[{"taxonomy":"product_brand","embeddable":true,"href":"https:\/\/ad.kress.com\/sv-se\/wp-json\/wp\/v2\/product_brand?post=7028"},{"taxonomy":"product_cat","embeddable":true,"href":"https:\/\/ad.kress.com\/sv-se\/wp-json\/wp\/v2\/product_cat?post=7028"},{"taxonomy":"product_tag","embeddable":true,"href":"https:\/\/ad.kress.com\/sv-se\/wp-json\/wp\/v2\/product_tag?post=7028"}],"curies":[{"name":"wp","href":"https:\/\/api.w.org\/{rel}","templated":true}]}}