{"id":7008,"date":"2025-04-04T07:57:50","date_gmt":"2025-04-04T07:57:50","guid":{"rendered":""},"modified":"2025-08-05T08:29:11","modified_gmt":"2025-08-05T08:29:11","slug":"rojsag-av-kommersiell-kvalitet-60-v-kc111-9","status":"publish","type":"product","link":"https:\/\/ad.kress.com\/sv-se\/rojsag-av-kommersiell-kvalitet-60-v-kc111-9\/","title":{"rendered":"60 V Commercial R\u00f6js\u00e5g"},"content":{"rendered":"<p>R\u00f6js\u00e5gen Kress KC111 \u00e4r utformad f\u00f6r gr\u00f6nytef\u00f6rvaltare och kommuner som vill integrera h\u00e5llbara metoder i sin verksamhet och utm\u00e4rker sig med sin strategiskt placerade frontmotor som f\u00f6rb\u00e4ttrar balansen och man\u00f6vrerbarheten f\u00f6r precisionsarbete inom landskapsarkitektur. Med en robust effekt p\u00e5 0,9 kW, som kan m\u00e4ta sig med en 31 cc bensinmotor, \u00e4r Kress r\u00f6js\u00e5g p\u00e5 endast 3,7 kg enkel att hantera och ger minskad tr\u00f6tthet. Som en del av Kress Commercial CyberSystem levererar den avancerade prestanda med f\u00f6rdelen av l\u00e4gre driftskostnader j\u00e4mf\u00f6rt med gas- och andra batterisystem.<\/p>\n","protected":false},"excerpt":{"rendered":"<p>R\u00f6js\u00e5gen Kress KC111 \u00e4r utformad f\u00f6r gr\u00f6nytef\u00f6rvaltare och kommuner som vill integrera h\u00e5llbara metoder i sin verksamhet och utm\u00e4rker sig med sin strategiskt placerade frontmotor som f\u00f6rb\u00e4ttrar balansen och man\u00f6vrerbarheten f\u00f6r precisionsarbete inom landskapsarkitektur. Med en robust effekt p\u00e5 0,9 kW, som kan m\u00e4ta sig med en 31 cc bensinmotor, \u00e4r Kress r\u00f6js\u00e5g p\u00e5 endast&hellip; <a class=\"more-link\" href=\"https:\/\/ad.kress.com\/sv-se\/rojsag-av-kommersiell-kvalitet-60-v-kc111-9\/\">Continue reading <span class=\"screen-reader-text\">60 V Commercial R\u00f6js\u00e5g<\/span><\/a><\/p>\n","protected":false},"featured_media":10835,"comment_status":"closed","ping_status":"closed","template":"","meta":[],"product_brand":[],"product_cat":[],"product_tag":[],"class_list":{"0":"post-7008","1":"product","2":"type-product","3":"status-publish","4":"has-post-thumbnail","6":"entry","8":"first","9":"instock","10":"shipping-taxable","11":"purchasable","12":"product-type-simple"},"yoast_head":"<!-- This site is optimized with the Yoast SEO plugin v24.3 - https:\/\/yoast.com\/wordpress\/plugins\/seo\/ -->\n<title>60 V Commercial R\u00f6js\u00e5g - Landing Kress<\/title>\n<meta name=\"robots\" content=\"index, follow, max-snippet:-1, max-image-preview:large, max-video-preview:-1\" \/>\n<link rel=\"canonical\" href=\"https:\/\/ad.kress.com\/en\/commercial-grade-60-v-brush-cutter-kc111-9\/\" \/>\n<meta property=\"og:locale\" content=\"sv_SE\" \/>\n<meta property=\"og:type\" content=\"article\" \/>\n<meta property=\"og:title\" content=\"60 V Commercial R\u00f6js\u00e5g - Landing Kress\" \/>\n<meta property=\"og:description\" content=\"R\u00f6js\u00e5gen Kress KC111 \u00e4r utformad f\u00f6r gr\u00f6nytef\u00f6rvaltare och kommuner som vill integrera h\u00e5llbara metoder i sin verksamhet och utm\u00e4rker sig med sin strategiskt placerade frontmotor som f\u00f6rb\u00e4ttrar balansen och man\u00f6vrerbarheten f\u00f6r precisionsarbete inom landskapsarkitektur. Med en robust effekt p\u00e5 0,9 kW, som kan m\u00e4ta sig med en 31 cc bensinmotor, \u00e4r Kress r\u00f6js\u00e5g p\u00e5 endast&hellip; Continue reading 60 V Commercial R\u00f6js\u00e5g\" \/>\n<meta property=\"og:url\" content=\"https:\/\/ad.kress.com\/en\/commercial-grade-60-v-brush-cutter-kc111-9\/\" \/>\n<meta property=\"og:site_name\" content=\"Landing Kress\" \/>\n<meta property=\"article:modified_time\" content=\"2025-08-05T08:29:11+00:00\" \/>\n<meta property=\"og:image\" content=\"https:\/\/ad.kress.com\/wp-content\/uploads\/onpage\/op_image_542ef2b90ae4889bcb0288933adb0c73b9044e18.1980x.webp\" \/>\n\t<meta property=\"og:image:width\" content=\"1980\" \/>\n\t<meta property=\"og:image:height\" content=\"1980\" \/>\n\t<meta property=\"og:image:type\" content=\"image\/webp\" \/>\n<meta name=\"twitter:card\" content=\"summary_large_image\" \/>\n<meta name=\"twitter:label1\" content=\"Ber\u00e4knad l\u00e4stid\" \/>\n\t<meta name=\"twitter:data1\" content=\"1 minut\" \/>\n<script type=\"application\/ld+json\" class=\"yoast-schema-graph\">{\"@context\":\"https:\/\/schema.org\",\"@graph\":[{\"@type\":\"WebPage\",\"@id\":\"https:\/\/ad.kress.com\/en\/commercial-grade-60-v-brush-cutter-kc111-9\/\",\"url\":\"https:\/\/ad.kress.com\/en\/commercial-grade-60-v-brush-cutter-kc111-9\/\",\"name\":\"60 V Commercial R\u00f6js\u00e5g - Landing Kress\",\"isPartOf\":{\"@id\":\"https:\/\/ad.kress.com\/en-gb\/#website\"},\"primaryImageOfPage\":{\"@id\":\"https:\/\/ad.kress.com\/en\/commercial-grade-60-v-brush-cutter-kc111-9\/#primaryimage\"},\"image\":{\"@id\":\"https:\/\/ad.kress.com\/en\/commercial-grade-60-v-brush-cutter-kc111-9\/#primaryimage\"},\"thumbnailUrl\":\"https:\/\/ad.kress.com\/wp-content\/uploads\/onpage\/op_image_542ef2b90ae4889bcb0288933adb0c73b9044e18.1980x.webp\",\"datePublished\":\"2025-04-04T07:57:50+00:00\",\"dateModified\":\"2025-08-05T08:29:11+00:00\",\"breadcrumb\":{\"@id\":\"https:\/\/ad.kress.com\/en\/commercial-grade-60-v-brush-cutter-kc111-9\/#breadcrumb\"},\"inLanguage\":\"sv-SE\",\"potentialAction\":[{\"@type\":\"ReadAction\",\"target\":[\"https:\/\/ad.kress.com\/en\/commercial-grade-60-v-brush-cutter-kc111-9\/\"]}]},{\"@type\":\"ImageObject\",\"inLanguage\":\"sv-SE\",\"@id\":\"https:\/\/ad.kress.com\/en\/commercial-grade-60-v-brush-cutter-kc111-9\/#primaryimage\",\"url\":\"https:\/\/ad.kress.com\/wp-content\/uploads\/onpage\/op_image_542ef2b90ae4889bcb0288933adb0c73b9044e18.1980x.webp\",\"contentUrl\":\"https:\/\/ad.kress.com\/wp-content\/uploads\/onpage\/op_image_542ef2b90ae4889bcb0288933adb0c73b9044e18.1980x.webp\",\"width\":1980,\"height\":1980},{\"@type\":\"BreadcrumbList\",\"@id\":\"https:\/\/ad.kress.com\/en\/commercial-grade-60-v-brush-cutter-kc111-9\/#breadcrumb\",\"itemListElement\":[{\"@type\":\"ListItem\",\"position\":1,\"name\":\"Home\",\"item\":\"https:\/\/ad.kress.com\/en-gb\/\"},{\"@type\":\"ListItem\",\"position\":2,\"name\":\"R\u00f6js\u00e5g av kommersiell kvalitet 60 V\"}]},{\"@type\":\"WebSite\",\"@id\":\"https:\/\/ad.kress.com\/en-gb\/#website\",\"url\":\"https:\/\/ad.kress.com\/en-gb\/\",\"name\":\"Kress - Commercial outdoor power equipment\",\"description\":\"Kress\",\"publisher\":{\"@id\":\"https:\/\/ad.kress.com\/en-gb\/#organization\"},\"alternateName\":\"Kress\",\"potentialAction\":[{\"@type\":\"SearchAction\",\"target\":{\"@type\":\"EntryPoint\",\"urlTemplate\":\"https:\/\/ad.kress.com\/en-gb\/?s={search_term_string}\"},\"query-input\":{\"@type\":\"PropertyValueSpecification\",\"valueRequired\":true,\"valueName\":\"search_term_string\"}}],\"inLanguage\":\"sv-SE\"},{\"@type\":\"Organization\",\"@id\":\"https:\/\/ad.kress.com\/en-gb\/#organization\",\"name\":\"Commercial outdoor power equipment\",\"alternateName\":\"Kress\",\"url\":\"https:\/\/ad.kress.com\/en-gb\/\",\"logo\":{\"@type\":\"ImageObject\",\"inLanguage\":\"sv-SE\",\"@id\":\"https:\/\/ad.kress.com\/en-gb\/#\/schema\/logo\/image\/\",\"url\":\"https:\/\/ad.kress.com\/wp-content\/uploads\/2025\/01\/main-logo-kress.webp\",\"contentUrl\":\"https:\/\/ad.kress.com\/wp-content\/uploads\/2025\/01\/main-logo-kress.webp\",\"width\":1038,\"height\":245,\"caption\":\"Commercial outdoor power equipment\"},\"image\":{\"@id\":\"https:\/\/ad.kress.com\/en-gb\/#\/schema\/logo\/image\/\"}}]}<\/script>\n<!-- \/ Yoast SEO plugin. -->","yoast_head_json":{"title":"60 V Commercial R\u00f6js\u00e5g - Landing Kress","robots":{"index":"index","follow":"follow","max-snippet":"max-snippet:-1","max-image-preview":"max-image-preview:large","max-video-preview":"max-video-preview:-1"},"canonical":"https:\/\/ad.kress.com\/en\/commercial-grade-60-v-brush-cutter-kc111-9\/","og_locale":"sv_SE","og_type":"article","og_title":"60 V Commercial R\u00f6js\u00e5g - Landing Kress","og_description":"R\u00f6js\u00e5gen Kress KC111 \u00e4r utformad f\u00f6r gr\u00f6nytef\u00f6rvaltare och kommuner som vill integrera h\u00e5llbara metoder i sin verksamhet och utm\u00e4rker sig med sin strategiskt placerade frontmotor som f\u00f6rb\u00e4ttrar balansen och man\u00f6vrerbarheten f\u00f6r precisionsarbete inom landskapsarkitektur. Med en robust effekt p\u00e5 0,9 kW, som kan m\u00e4ta sig med en 31 cc bensinmotor, \u00e4r Kress r\u00f6js\u00e5g p\u00e5 endast&hellip; Continue reading 60 V Commercial R\u00f6js\u00e5g","og_url":"https:\/\/ad.kress.com\/en\/commercial-grade-60-v-brush-cutter-kc111-9\/","og_site_name":"Landing Kress","article_modified_time":"2025-08-05T08:29:11+00:00","og_image":[{"width":1980,"height":1980,"url":"https:\/\/ad.kress.com\/wp-content\/uploads\/onpage\/op_image_542ef2b90ae4889bcb0288933adb0c73b9044e18.1980x.webp","type":"image\/webp"}],"twitter_card":"summary_large_image","twitter_misc":{"Ber\u00e4knad l\u00e4stid":"1 minut"},"schema":{"@context":"https:\/\/schema.org","@graph":[{"@type":"WebPage","@id":"https:\/\/ad.kress.com\/en\/commercial-grade-60-v-brush-cutter-kc111-9\/","url":"https:\/\/ad.kress.com\/en\/commercial-grade-60-v-brush-cutter-kc111-9\/","name":"60 V Commercial R\u00f6js\u00e5g - Landing Kress","isPartOf":{"@id":"https:\/\/ad.kress.com\/en-gb\/#website"},"primaryImageOfPage":{"@id":"https:\/\/ad.kress.com\/en\/commercial-grade-60-v-brush-cutter-kc111-9\/#primaryimage"},"image":{"@id":"https:\/\/ad.kress.com\/en\/commercial-grade-60-v-brush-cutter-kc111-9\/#primaryimage"},"thumbnailUrl":"https:\/\/ad.kress.com\/wp-content\/uploads\/onpage\/op_image_542ef2b90ae4889bcb0288933adb0c73b9044e18.1980x.webp","datePublished":"2025-04-04T07:57:50+00:00","dateModified":"2025-08-05T08:29:11+00:00","breadcrumb":{"@id":"https:\/\/ad.kress.com\/en\/commercial-grade-60-v-brush-cutter-kc111-9\/#breadcrumb"},"inLanguage":"sv-SE","potentialAction":[{"@type":"ReadAction","target":["https:\/\/ad.kress.com\/en\/commercial-grade-60-v-brush-cutter-kc111-9\/"]}]},{"@type":"ImageObject","inLanguage":"sv-SE","@id":"https:\/\/ad.kress.com\/en\/commercial-grade-60-v-brush-cutter-kc111-9\/#primaryimage","url":"https:\/\/ad.kress.com\/wp-content\/uploads\/onpage\/op_image_542ef2b90ae4889bcb0288933adb0c73b9044e18.1980x.webp","contentUrl":"https:\/\/ad.kress.com\/wp-content\/uploads\/onpage\/op_image_542ef2b90ae4889bcb0288933adb0c73b9044e18.1980x.webp","width":1980,"height":1980},{"@type":"BreadcrumbList","@id":"https:\/\/ad.kress.com\/en\/commercial-grade-60-v-brush-cutter-kc111-9\/#breadcrumb","itemListElement":[{"@type":"ListItem","position":1,"name":"Home","item":"https:\/\/ad.kress.com\/en-gb\/"},{"@type":"ListItem","position":2,"name":"R\u00f6js\u00e5g av kommersiell kvalitet 60 V"}]},{"@type":"WebSite","@id":"https:\/\/ad.kress.com\/en-gb\/#website","url":"https:\/\/ad.kress.com\/en-gb\/","name":"Kress - Commercial outdoor power equipment","description":"Kress","publisher":{"@id":"https:\/\/ad.kress.com\/en-gb\/#organization"},"alternateName":"Kress","potentialAction":[{"@type":"SearchAction","target":{"@type":"EntryPoint","urlTemplate":"https:\/\/ad.kress.com\/en-gb\/?s={search_term_string}"},"query-input":{"@type":"PropertyValueSpecification","valueRequired":true,"valueName":"search_term_string"}}],"inLanguage":"sv-SE"},{"@type":"Organization","@id":"https:\/\/ad.kress.com\/en-gb\/#organization","name":"Commercial outdoor power equipment","alternateName":"Kress","url":"https:\/\/ad.kress.com\/en-gb\/","logo":{"@type":"ImageObject","inLanguage":"sv-SE","@id":"https:\/\/ad.kress.com\/en-gb\/#\/schema\/logo\/image\/","url":"https:\/\/ad.kress.com\/wp-content\/uploads\/2025\/01\/main-logo-kress.webp","contentUrl":"https:\/\/ad.kress.com\/wp-content\/uploads\/2025\/01\/main-logo-kress.webp","width":1038,"height":245,"caption":"Commercial outdoor power equipment"},"image":{"@id":"https:\/\/ad.kress.com\/en-gb\/#\/schema\/logo\/image\/"}}]}},"_links":{"self":[{"href":"https:\/\/ad.kress.com\/sv-se\/wp-json\/wp\/v2\/product\/7008","targetHints":{"allow":["GET"]}}],"collection":[{"href":"https:\/\/ad.kress.com\/sv-se\/wp-json\/wp\/v2\/product"}],"about":[{"href":"https:\/\/ad.kress.com\/sv-se\/wp-json\/wp\/v2\/types\/product"}],"replies":[{"embeddable":true,"href":"https:\/\/ad.kress.com\/sv-se\/wp-json\/wp\/v2\/comments?post=7008"}],"wp:featuredmedia":[{"embeddable":true,"href":"https:\/\/ad.kress.com\/sv-se\/wp-json\/wp\/v2\/media\/10835"}],"wp:attachment":[{"href":"https:\/\/ad.kress.com\/sv-se\/wp-json\/wp\/v2\/media?parent=7008"}],"wp:term":[{"taxonomy":"product_brand","embeddable":true,"href":"https:\/\/ad.kress.com\/sv-se\/wp-json\/wp\/v2\/product_brand?post=7008"},{"taxonomy":"product_cat","embeddable":true,"href":"https:\/\/ad.kress.com\/sv-se\/wp-json\/wp\/v2\/product_cat?post=7008"},{"taxonomy":"product_tag","embeddable":true,"href":"https:\/\/ad.kress.com\/sv-se\/wp-json\/wp\/v2\/product_tag?post=7008"}],"curies":[{"name":"wp","href":"https:\/\/api.w.org\/{rel}","templated":true}]}}