{"id":6938,"date":"2025-04-04T07:57:49","date_gmt":"2025-04-04T07:57:49","guid":{"rendered":""},"modified":"2025-08-05T08:29:11","modified_gmt":"2025-08-05T08:29:11","slug":"kress-60-v-24-2-stegs-sjalvgaende-snoslunga-kg471","status":"publish","type":"product","link":"https:\/\/ad.kress.com\/sv-se\/kress-60-v-24-2-stegs-sjalvgaende-snoslunga-kg471\/","title":{"rendered":"60 V sn\u00f6slunga"},"content":{"rendered":"<p>Kress KG471 2-stegs sn\u00f6slunga \u00e4r byggd f\u00f6r h\u00f6g prestanda under tuffa vinterf\u00f6rh\u00e5llanden och klarar av att r\u00f6ja upp till 8 tum sn\u00f6 p\u00e5 en uppfart f\u00f6r 21 bilar p\u00e5 en enda laddning. Dess sj\u00e4lvg\u00e5ende drivsystem r\u00f6r sig smidigt fram\u00e5t och bak\u00e5t, drivet av dubbla borstl\u00f6sa motorer som hanterar b\u00e5de plogning och framdrivning med l\u00e4tthet. Anv\u00e4ndarv\u00e4nliga funktioner, som enhandsman\u00f6vrering via en intuitiv kontrollpanel och en 2-i-1-kontroll f\u00f6r utkastarr\u00f6ret, g\u00f6r att du kan rikta sn\u00f6n med precision och effektivitet.<\/p>\n","protected":false},"excerpt":{"rendered":"<p>Kress KG471 2-stegs sn\u00f6slunga \u00e4r byggd f\u00f6r h\u00f6g prestanda under tuffa vinterf\u00f6rh\u00e5llanden och klarar av att r\u00f6ja upp till 8 tum sn\u00f6 p\u00e5 en uppfart f\u00f6r 21 bilar p\u00e5 en enda laddning. Dess sj\u00e4lvg\u00e5ende drivsystem r\u00f6r sig smidigt fram\u00e5t och bak\u00e5t, drivet av dubbla borstl\u00f6sa motorer som hanterar b\u00e5de plogning och framdrivning med l\u00e4tthet. Anv\u00e4ndarv\u00e4nliga&hellip; <a class=\"more-link\" href=\"https:\/\/ad.kress.com\/sv-se\/kress-60-v-24-2-stegs-sjalvgaende-snoslunga-kg471\/\">Continue reading <span class=\"screen-reader-text\">60 V sn\u00f6slunga<\/span><\/a><\/p>\n","protected":false},"featured_media":10801,"comment_status":"closed","ping_status":"closed","template":"","meta":[],"product_brand":[],"product_cat":[],"product_tag":[],"class_list":{"0":"post-6938","1":"product","2":"type-product","3":"status-publish","4":"has-post-thumbnail","6":"entry","8":"first","9":"instock","10":"shipping-taxable","11":"product-type-simple"},"yoast_head":"<!-- This site is optimized with the Yoast SEO plugin v24.3 - https:\/\/yoast.com\/wordpress\/plugins\/seo\/ -->\n<title>60 V sn\u00f6slunga - Landing Kress<\/title>\n<meta name=\"robots\" content=\"index, follow, max-snippet:-1, max-image-preview:large, max-video-preview:-1\" \/>\n<link rel=\"canonical\" href=\"https:\/\/ad.kress.com\/en\/kress-60-v-24-2-stage-self-propelled-snow-mower-kg471\/\" \/>\n<meta property=\"og:locale\" content=\"sv_SE\" \/>\n<meta property=\"og:type\" content=\"article\" \/>\n<meta property=\"og:title\" content=\"60 V sn\u00f6slunga - Landing Kress\" \/>\n<meta property=\"og:description\" content=\"Kress KG471 2-stegs sn\u00f6slunga \u00e4r byggd f\u00f6r h\u00f6g prestanda under tuffa vinterf\u00f6rh\u00e5llanden och klarar av att r\u00f6ja upp till 8 tum sn\u00f6 p\u00e5 en uppfart f\u00f6r 21 bilar p\u00e5 en enda laddning. Dess sj\u00e4lvg\u00e5ende drivsystem r\u00f6r sig smidigt fram\u00e5t och bak\u00e5t, drivet av dubbla borstl\u00f6sa motorer som hanterar b\u00e5de plogning och framdrivning med l\u00e4tthet. Anv\u00e4ndarv\u00e4nliga&hellip; Continue reading 60 V sn\u00f6slunga\" \/>\n<meta property=\"og:url\" content=\"https:\/\/ad.kress.com\/en\/kress-60-v-24-2-stage-self-propelled-snow-mower-kg471\/\" \/>\n<meta property=\"og:site_name\" content=\"Landing Kress\" \/>\n<meta property=\"article:modified_time\" content=\"2025-08-05T08:29:11+00:00\" \/>\n<meta property=\"og:image\" content=\"https:\/\/ad.kress.com\/wp-content\/uploads\/onpage\/op_image_fc3f9c3b03709256a1b47bcd18bd3728bc74823e.1980x.webp\" \/>\n\t<meta property=\"og:image:width\" content=\"1980\" \/>\n\t<meta property=\"og:image:height\" content=\"1980\" \/>\n\t<meta property=\"og:image:type\" content=\"image\/webp\" \/>\n<meta name=\"twitter:card\" content=\"summary_large_image\" \/>\n<script type=\"application\/ld+json\" class=\"yoast-schema-graph\">{\"@context\":\"https:\/\/schema.org\",\"@graph\":[{\"@type\":\"WebPage\",\"@id\":\"https:\/\/ad.kress.com\/en\/kress-60-v-24-2-stage-self-propelled-snow-mower-kg471\/\",\"url\":\"https:\/\/ad.kress.com\/en\/kress-60-v-24-2-stage-self-propelled-snow-mower-kg471\/\",\"name\":\"60 V sn\u00f6slunga - Landing Kress\",\"isPartOf\":{\"@id\":\"https:\/\/ad.kress.com\/en-gb\/#website\"},\"primaryImageOfPage\":{\"@id\":\"https:\/\/ad.kress.com\/en\/kress-60-v-24-2-stage-self-propelled-snow-mower-kg471\/#primaryimage\"},\"image\":{\"@id\":\"https:\/\/ad.kress.com\/en\/kress-60-v-24-2-stage-self-propelled-snow-mower-kg471\/#primaryimage\"},\"thumbnailUrl\":\"https:\/\/ad.kress.com\/wp-content\/uploads\/onpage\/op_image_fc3f9c3b03709256a1b47bcd18bd3728bc74823e.1980x.webp\",\"datePublished\":\"2025-04-04T07:57:49+00:00\",\"dateModified\":\"2025-08-05T08:29:11+00:00\",\"breadcrumb\":{\"@id\":\"https:\/\/ad.kress.com\/en\/kress-60-v-24-2-stage-self-propelled-snow-mower-kg471\/#breadcrumb\"},\"inLanguage\":\"sv-SE\",\"potentialAction\":[{\"@type\":\"ReadAction\",\"target\":[\"https:\/\/ad.kress.com\/en\/kress-60-v-24-2-stage-self-propelled-snow-mower-kg471\/\"]}]},{\"@type\":\"ImageObject\",\"inLanguage\":\"sv-SE\",\"@id\":\"https:\/\/ad.kress.com\/en\/kress-60-v-24-2-stage-self-propelled-snow-mower-kg471\/#primaryimage\",\"url\":\"https:\/\/ad.kress.com\/wp-content\/uploads\/onpage\/op_image_fc3f9c3b03709256a1b47bcd18bd3728bc74823e.1980x.webp\",\"contentUrl\":\"https:\/\/ad.kress.com\/wp-content\/uploads\/onpage\/op_image_fc3f9c3b03709256a1b47bcd18bd3728bc74823e.1980x.webp\",\"width\":1980,\"height\":1980},{\"@type\":\"BreadcrumbList\",\"@id\":\"https:\/\/ad.kress.com\/en\/kress-60-v-24-2-stage-self-propelled-snow-mower-kg471\/#breadcrumb\",\"itemListElement\":[{\"@type\":\"ListItem\",\"position\":1,\"name\":\"Home\",\"item\":\"https:\/\/ad.kress.com\/en-gb\/\"},{\"@type\":\"ListItem\",\"position\":2,\"name\":\"Kress 60 V 24&#8243; 2-stegs sj\u00e4lvg\u00e5ende sn\u00f6slunga\"}]},{\"@type\":\"WebSite\",\"@id\":\"https:\/\/ad.kress.com\/en-gb\/#website\",\"url\":\"https:\/\/ad.kress.com\/en-gb\/\",\"name\":\"Kress - Commercial outdoor power equipment\",\"description\":\"Kress\",\"publisher\":{\"@id\":\"https:\/\/ad.kress.com\/en-gb\/#organization\"},\"alternateName\":\"Kress\",\"potentialAction\":[{\"@type\":\"SearchAction\",\"target\":{\"@type\":\"EntryPoint\",\"urlTemplate\":\"https:\/\/ad.kress.com\/en-gb\/?s={search_term_string}\"},\"query-input\":{\"@type\":\"PropertyValueSpecification\",\"valueRequired\":true,\"valueName\":\"search_term_string\"}}],\"inLanguage\":\"sv-SE\"},{\"@type\":\"Organization\",\"@id\":\"https:\/\/ad.kress.com\/en-gb\/#organization\",\"name\":\"Commercial outdoor power equipment\",\"alternateName\":\"Kress\",\"url\":\"https:\/\/ad.kress.com\/en-gb\/\",\"logo\":{\"@type\":\"ImageObject\",\"inLanguage\":\"sv-SE\",\"@id\":\"https:\/\/ad.kress.com\/en-gb\/#\/schema\/logo\/image\/\",\"url\":\"https:\/\/ad.kress.com\/wp-content\/uploads\/2025\/01\/main-logo-kress.webp\",\"contentUrl\":\"https:\/\/ad.kress.com\/wp-content\/uploads\/2025\/01\/main-logo-kress.webp\",\"width\":1038,\"height\":245,\"caption\":\"Commercial outdoor power equipment\"},\"image\":{\"@id\":\"https:\/\/ad.kress.com\/en-gb\/#\/schema\/logo\/image\/\"}}]}<\/script>\n<!-- \/ Yoast SEO plugin. -->","yoast_head_json":{"title":"60 V sn\u00f6slunga - Landing Kress","robots":{"index":"index","follow":"follow","max-snippet":"max-snippet:-1","max-image-preview":"max-image-preview:large","max-video-preview":"max-video-preview:-1"},"canonical":"https:\/\/ad.kress.com\/en\/kress-60-v-24-2-stage-self-propelled-snow-mower-kg471\/","og_locale":"sv_SE","og_type":"article","og_title":"60 V sn\u00f6slunga - Landing Kress","og_description":"Kress KG471 2-stegs sn\u00f6slunga \u00e4r byggd f\u00f6r h\u00f6g prestanda under tuffa vinterf\u00f6rh\u00e5llanden och klarar av att r\u00f6ja upp till 8 tum sn\u00f6 p\u00e5 en uppfart f\u00f6r 21 bilar p\u00e5 en enda laddning. Dess sj\u00e4lvg\u00e5ende drivsystem r\u00f6r sig smidigt fram\u00e5t och bak\u00e5t, drivet av dubbla borstl\u00f6sa motorer som hanterar b\u00e5de plogning och framdrivning med l\u00e4tthet. Anv\u00e4ndarv\u00e4nliga&hellip; Continue reading 60 V sn\u00f6slunga","og_url":"https:\/\/ad.kress.com\/en\/kress-60-v-24-2-stage-self-propelled-snow-mower-kg471\/","og_site_name":"Landing Kress","article_modified_time":"2025-08-05T08:29:11+00:00","og_image":[{"width":1980,"height":1980,"url":"https:\/\/ad.kress.com\/wp-content\/uploads\/onpage\/op_image_fc3f9c3b03709256a1b47bcd18bd3728bc74823e.1980x.webp","type":"image\/webp"}],"twitter_card":"summary_large_image","schema":{"@context":"https:\/\/schema.org","@graph":[{"@type":"WebPage","@id":"https:\/\/ad.kress.com\/en\/kress-60-v-24-2-stage-self-propelled-snow-mower-kg471\/","url":"https:\/\/ad.kress.com\/en\/kress-60-v-24-2-stage-self-propelled-snow-mower-kg471\/","name":"60 V sn\u00f6slunga - Landing Kress","isPartOf":{"@id":"https:\/\/ad.kress.com\/en-gb\/#website"},"primaryImageOfPage":{"@id":"https:\/\/ad.kress.com\/en\/kress-60-v-24-2-stage-self-propelled-snow-mower-kg471\/#primaryimage"},"image":{"@id":"https:\/\/ad.kress.com\/en\/kress-60-v-24-2-stage-self-propelled-snow-mower-kg471\/#primaryimage"},"thumbnailUrl":"https:\/\/ad.kress.com\/wp-content\/uploads\/onpage\/op_image_fc3f9c3b03709256a1b47bcd18bd3728bc74823e.1980x.webp","datePublished":"2025-04-04T07:57:49+00:00","dateModified":"2025-08-05T08:29:11+00:00","breadcrumb":{"@id":"https:\/\/ad.kress.com\/en\/kress-60-v-24-2-stage-self-propelled-snow-mower-kg471\/#breadcrumb"},"inLanguage":"sv-SE","potentialAction":[{"@type":"ReadAction","target":["https:\/\/ad.kress.com\/en\/kress-60-v-24-2-stage-self-propelled-snow-mower-kg471\/"]}]},{"@type":"ImageObject","inLanguage":"sv-SE","@id":"https:\/\/ad.kress.com\/en\/kress-60-v-24-2-stage-self-propelled-snow-mower-kg471\/#primaryimage","url":"https:\/\/ad.kress.com\/wp-content\/uploads\/onpage\/op_image_fc3f9c3b03709256a1b47bcd18bd3728bc74823e.1980x.webp","contentUrl":"https:\/\/ad.kress.com\/wp-content\/uploads\/onpage\/op_image_fc3f9c3b03709256a1b47bcd18bd3728bc74823e.1980x.webp","width":1980,"height":1980},{"@type":"BreadcrumbList","@id":"https:\/\/ad.kress.com\/en\/kress-60-v-24-2-stage-self-propelled-snow-mower-kg471\/#breadcrumb","itemListElement":[{"@type":"ListItem","position":1,"name":"Home","item":"https:\/\/ad.kress.com\/en-gb\/"},{"@type":"ListItem","position":2,"name":"Kress 60 V 24&#8243; 2-stegs sj\u00e4lvg\u00e5ende sn\u00f6slunga"}]},{"@type":"WebSite","@id":"https:\/\/ad.kress.com\/en-gb\/#website","url":"https:\/\/ad.kress.com\/en-gb\/","name":"Kress - Commercial outdoor power equipment","description":"Kress","publisher":{"@id":"https:\/\/ad.kress.com\/en-gb\/#organization"},"alternateName":"Kress","potentialAction":[{"@type":"SearchAction","target":{"@type":"EntryPoint","urlTemplate":"https:\/\/ad.kress.com\/en-gb\/?s={search_term_string}"},"query-input":{"@type":"PropertyValueSpecification","valueRequired":true,"valueName":"search_term_string"}}],"inLanguage":"sv-SE"},{"@type":"Organization","@id":"https:\/\/ad.kress.com\/en-gb\/#organization","name":"Commercial outdoor power equipment","alternateName":"Kress","url":"https:\/\/ad.kress.com\/en-gb\/","logo":{"@type":"ImageObject","inLanguage":"sv-SE","@id":"https:\/\/ad.kress.com\/en-gb\/#\/schema\/logo\/image\/","url":"https:\/\/ad.kress.com\/wp-content\/uploads\/2025\/01\/main-logo-kress.webp","contentUrl":"https:\/\/ad.kress.com\/wp-content\/uploads\/2025\/01\/main-logo-kress.webp","width":1038,"height":245,"caption":"Commercial outdoor power equipment"},"image":{"@id":"https:\/\/ad.kress.com\/en-gb\/#\/schema\/logo\/image\/"}}]}},"_links":{"self":[{"href":"https:\/\/ad.kress.com\/sv-se\/wp-json\/wp\/v2\/product\/6938","targetHints":{"allow":["GET"]}}],"collection":[{"href":"https:\/\/ad.kress.com\/sv-se\/wp-json\/wp\/v2\/product"}],"about":[{"href":"https:\/\/ad.kress.com\/sv-se\/wp-json\/wp\/v2\/types\/product"}],"replies":[{"embeddable":true,"href":"https:\/\/ad.kress.com\/sv-se\/wp-json\/wp\/v2\/comments?post=6938"}],"wp:featuredmedia":[{"embeddable":true,"href":"https:\/\/ad.kress.com\/sv-se\/wp-json\/wp\/v2\/media\/10801"}],"wp:attachment":[{"href":"https:\/\/ad.kress.com\/sv-se\/wp-json\/wp\/v2\/media?parent=6938"}],"wp:term":[{"taxonomy":"product_brand","embeddable":true,"href":"https:\/\/ad.kress.com\/sv-se\/wp-json\/wp\/v2\/product_brand?post=6938"},{"taxonomy":"product_cat","embeddable":true,"href":"https:\/\/ad.kress.com\/sv-se\/wp-json\/wp\/v2\/product_cat?post=6938"},{"taxonomy":"product_tag","embeddable":true,"href":"https:\/\/ad.kress.com\/sv-se\/wp-json\/wp\/v2\/product_tag?post=6938"}],"curies":[{"name":"wp","href":"https:\/\/api.w.org\/{rel}","templated":true}]}}