{"id":5468,"date":"2025-04-04T07:57:33","date_gmt":"2025-04-04T07:57:33","guid":{"rendered":""},"modified":"2025-08-05T08:29:11","modified_gmt":"2025-08-05T08:29:11","slug":"professionell-60-v-grastrimmer-med-flera-redskap-kg163-9","status":"publish","type":"product","link":"https:\/\/ad.kress.com\/sv-se\/professionell-60-v-grastrimmer-med-flera-redskap-kg163-9\/","title":{"rendered":"60 V gr\u00e4strimmer med flera redskap"},"content":{"rendered":"<p>Kress 60 V h\u00f6gpresterande 41 cm trimmer, byggd f\u00f6r frekvent tr\u00e4dg\u00e5rdssk\u00f6tsel av professionell kvalitet. Den h\u00e4r trimmern har en kraftfull borstl\u00f6s motor p\u00e5 1,2 kW som ger samma kraft som gasdrivna trimmers utan de utsl\u00e4pp och nackdelar som gasmotorer medf\u00f6r. Den 2,4 mm tjocka linan sk\u00e4r smidigt genom t\u00e4tt gr\u00e4s, medan trimmerhuvudet med snabbladdningssystem m\u00f6jligg\u00f6r enkel linupprullning p\u00e5 n\u00e5gra sekunder. Detta verktyg \u00e4r kompatibelt med flera olika tillbeh\u00f6r f\u00f6r olika anv\u00e4ndningsomr\u00e5den.<\/p>\n","protected":false},"excerpt":{"rendered":"<p>Kress 60 V h\u00f6gpresterande 41 cm trimmer, byggd f\u00f6r frekvent tr\u00e4dg\u00e5rdssk\u00f6tsel av professionell kvalitet. Den h\u00e4r trimmern har en kraftfull borstl\u00f6s motor p\u00e5 1,2 kW som ger samma kraft som gasdrivna trimmers utan de utsl\u00e4pp och nackdelar som gasmotorer medf\u00f6r. Den 2,4 mm tjocka linan sk\u00e4r smidigt genom t\u00e4tt gr\u00e4s, medan trimmerhuvudet med snabbladdningssystem m\u00f6jligg\u00f6r&hellip; <a class=\"more-link\" href=\"https:\/\/ad.kress.com\/sv-se\/professionell-60-v-grastrimmer-med-flera-redskap-kg163-9\/\">Continue reading <span class=\"screen-reader-text\">60 V gr\u00e4strimmer med flera redskap<\/span><\/a><\/p>\n","protected":false},"featured_media":9645,"comment_status":"closed","ping_status":"closed","template":"","meta":[],"product_brand":[],"product_cat":[],"product_tag":[],"class_list":{"0":"post-5468","1":"product","2":"type-product","3":"status-publish","4":"has-post-thumbnail","6":"entry","8":"first","9":"instock","10":"shipping-taxable","11":"purchasable","12":"product-type-simple"},"yoast_head":"<!-- This site is optimized with the Yoast SEO plugin v24.3 - https:\/\/yoast.com\/wordpress\/plugins\/seo\/ -->\n<title>60 V gr\u00e4strimmer med flera redskap - Landing Kress<\/title>\n<meta name=\"robots\" content=\"index, follow, max-snippet:-1, max-image-preview:large, max-video-preview:-1\" \/>\n<link rel=\"canonical\" href=\"https:\/\/ad.kress.com\/en\/professional-grade-60-v-multi-attachment-grass-trimmer-kg163-9\/\" \/>\n<meta property=\"og:locale\" content=\"sv_SE\" \/>\n<meta property=\"og:type\" content=\"article\" \/>\n<meta property=\"og:title\" content=\"60 V gr\u00e4strimmer med flera redskap - Landing Kress\" \/>\n<meta property=\"og:description\" content=\"Kress 60 V h\u00f6gpresterande 41 cm trimmer, byggd f\u00f6r frekvent tr\u00e4dg\u00e5rdssk\u00f6tsel av professionell kvalitet. Den h\u00e4r trimmern har en kraftfull borstl\u00f6s motor p\u00e5 1,2 kW som ger samma kraft som gasdrivna trimmers utan de utsl\u00e4pp och nackdelar som gasmotorer medf\u00f6r. Den 2,4 mm tjocka linan sk\u00e4r smidigt genom t\u00e4tt gr\u00e4s, medan trimmerhuvudet med snabbladdningssystem m\u00f6jligg\u00f6r&hellip; Continue reading 60 V gr\u00e4strimmer med flera redskap\" \/>\n<meta property=\"og:url\" content=\"https:\/\/ad.kress.com\/en\/professional-grade-60-v-multi-attachment-grass-trimmer-kg163-9\/\" \/>\n<meta property=\"og:site_name\" content=\"Landing Kress\" \/>\n<meta property=\"article:modified_time\" content=\"2025-08-05T08:29:11+00:00\" \/>\n<meta property=\"og:image\" content=\"https:\/\/ad.kress.com\/wp-content\/uploads\/onpage\/op_image_80e1a7a77363cfd9da8c553fe781fc5397479dd7.1980x.webp\" \/>\n\t<meta property=\"og:image:width\" content=\"1980\" \/>\n\t<meta property=\"og:image:height\" content=\"1980\" \/>\n\t<meta property=\"og:image:type\" content=\"image\/webp\" \/>\n<meta name=\"twitter:card\" content=\"summary_large_image\" \/>\n<script type=\"application\/ld+json\" class=\"yoast-schema-graph\">{\"@context\":\"https:\/\/schema.org\",\"@graph\":[{\"@type\":\"WebPage\",\"@id\":\"https:\/\/ad.kress.com\/en\/professional-grade-60-v-multi-attachment-grass-trimmer-kg163-9\/\",\"url\":\"https:\/\/ad.kress.com\/en\/professional-grade-60-v-multi-attachment-grass-trimmer-kg163-9\/\",\"name\":\"60 V gr\u00e4strimmer med flera redskap - Landing Kress\",\"isPartOf\":{\"@id\":\"https:\/\/ad.kress.com\/en-gb\/#website\"},\"primaryImageOfPage\":{\"@id\":\"https:\/\/ad.kress.com\/en\/professional-grade-60-v-multi-attachment-grass-trimmer-kg163-9\/#primaryimage\"},\"image\":{\"@id\":\"https:\/\/ad.kress.com\/en\/professional-grade-60-v-multi-attachment-grass-trimmer-kg163-9\/#primaryimage\"},\"thumbnailUrl\":\"https:\/\/ad.kress.com\/wp-content\/uploads\/onpage\/op_image_80e1a7a77363cfd9da8c553fe781fc5397479dd7.1980x.webp\",\"datePublished\":\"2025-04-04T07:57:33+00:00\",\"dateModified\":\"2025-08-05T08:29:11+00:00\",\"breadcrumb\":{\"@id\":\"https:\/\/ad.kress.com\/en\/professional-grade-60-v-multi-attachment-grass-trimmer-kg163-9\/#breadcrumb\"},\"inLanguage\":\"sv-SE\",\"potentialAction\":[{\"@type\":\"ReadAction\",\"target\":[\"https:\/\/ad.kress.com\/en\/professional-grade-60-v-multi-attachment-grass-trimmer-kg163-9\/\"]}]},{\"@type\":\"ImageObject\",\"inLanguage\":\"sv-SE\",\"@id\":\"https:\/\/ad.kress.com\/en\/professional-grade-60-v-multi-attachment-grass-trimmer-kg163-9\/#primaryimage\",\"url\":\"https:\/\/ad.kress.com\/wp-content\/uploads\/onpage\/op_image_80e1a7a77363cfd9da8c553fe781fc5397479dd7.1980x.webp\",\"contentUrl\":\"https:\/\/ad.kress.com\/wp-content\/uploads\/onpage\/op_image_80e1a7a77363cfd9da8c553fe781fc5397479dd7.1980x.webp\",\"width\":1980,\"height\":1980},{\"@type\":\"BreadcrumbList\",\"@id\":\"https:\/\/ad.kress.com\/en\/professional-grade-60-v-multi-attachment-grass-trimmer-kg163-9\/#breadcrumb\",\"itemListElement\":[{\"@type\":\"ListItem\",\"position\":1,\"name\":\"Home\",\"item\":\"https:\/\/ad.kress.com\/en-gb\/\"},{\"@type\":\"ListItem\",\"position\":2,\"name\":\"Professionell 60 V gr\u00e4strimmer med flera redskap\"}]},{\"@type\":\"WebSite\",\"@id\":\"https:\/\/ad.kress.com\/en-gb\/#website\",\"url\":\"https:\/\/ad.kress.com\/en-gb\/\",\"name\":\"Kress - Commercial outdoor power equipment\",\"description\":\"Kress\",\"publisher\":{\"@id\":\"https:\/\/ad.kress.com\/en-gb\/#organization\"},\"alternateName\":\"Kress\",\"potentialAction\":[{\"@type\":\"SearchAction\",\"target\":{\"@type\":\"EntryPoint\",\"urlTemplate\":\"https:\/\/ad.kress.com\/en-gb\/?s={search_term_string}\"},\"query-input\":{\"@type\":\"PropertyValueSpecification\",\"valueRequired\":true,\"valueName\":\"search_term_string\"}}],\"inLanguage\":\"sv-SE\"},{\"@type\":\"Organization\",\"@id\":\"https:\/\/ad.kress.com\/en-gb\/#organization\",\"name\":\"Commercial outdoor power equipment\",\"alternateName\":\"Kress\",\"url\":\"https:\/\/ad.kress.com\/en-gb\/\",\"logo\":{\"@type\":\"ImageObject\",\"inLanguage\":\"sv-SE\",\"@id\":\"https:\/\/ad.kress.com\/en-gb\/#\/schema\/logo\/image\/\",\"url\":\"https:\/\/ad.kress.com\/wp-content\/uploads\/2025\/01\/main-logo-kress.webp\",\"contentUrl\":\"https:\/\/ad.kress.com\/wp-content\/uploads\/2025\/01\/main-logo-kress.webp\",\"width\":1038,\"height\":245,\"caption\":\"Commercial outdoor power equipment\"},\"image\":{\"@id\":\"https:\/\/ad.kress.com\/en-gb\/#\/schema\/logo\/image\/\"}}]}<\/script>\n<!-- \/ Yoast SEO plugin. -->","yoast_head_json":{"title":"60 V gr\u00e4strimmer med flera redskap - Landing Kress","robots":{"index":"index","follow":"follow","max-snippet":"max-snippet:-1","max-image-preview":"max-image-preview:large","max-video-preview":"max-video-preview:-1"},"canonical":"https:\/\/ad.kress.com\/en\/professional-grade-60-v-multi-attachment-grass-trimmer-kg163-9\/","og_locale":"sv_SE","og_type":"article","og_title":"60 V gr\u00e4strimmer med flera redskap - Landing Kress","og_description":"Kress 60 V h\u00f6gpresterande 41 cm trimmer, byggd f\u00f6r frekvent tr\u00e4dg\u00e5rdssk\u00f6tsel av professionell kvalitet. Den h\u00e4r trimmern har en kraftfull borstl\u00f6s motor p\u00e5 1,2 kW som ger samma kraft som gasdrivna trimmers utan de utsl\u00e4pp och nackdelar som gasmotorer medf\u00f6r. Den 2,4 mm tjocka linan sk\u00e4r smidigt genom t\u00e4tt gr\u00e4s, medan trimmerhuvudet med snabbladdningssystem m\u00f6jligg\u00f6r&hellip; Continue reading 60 V gr\u00e4strimmer med flera redskap","og_url":"https:\/\/ad.kress.com\/en\/professional-grade-60-v-multi-attachment-grass-trimmer-kg163-9\/","og_site_name":"Landing Kress","article_modified_time":"2025-08-05T08:29:11+00:00","og_image":[{"width":1980,"height":1980,"url":"https:\/\/ad.kress.com\/wp-content\/uploads\/onpage\/op_image_80e1a7a77363cfd9da8c553fe781fc5397479dd7.1980x.webp","type":"image\/webp"}],"twitter_card":"summary_large_image","schema":{"@context":"https:\/\/schema.org","@graph":[{"@type":"WebPage","@id":"https:\/\/ad.kress.com\/en\/professional-grade-60-v-multi-attachment-grass-trimmer-kg163-9\/","url":"https:\/\/ad.kress.com\/en\/professional-grade-60-v-multi-attachment-grass-trimmer-kg163-9\/","name":"60 V gr\u00e4strimmer med flera redskap - Landing Kress","isPartOf":{"@id":"https:\/\/ad.kress.com\/en-gb\/#website"},"primaryImageOfPage":{"@id":"https:\/\/ad.kress.com\/en\/professional-grade-60-v-multi-attachment-grass-trimmer-kg163-9\/#primaryimage"},"image":{"@id":"https:\/\/ad.kress.com\/en\/professional-grade-60-v-multi-attachment-grass-trimmer-kg163-9\/#primaryimage"},"thumbnailUrl":"https:\/\/ad.kress.com\/wp-content\/uploads\/onpage\/op_image_80e1a7a77363cfd9da8c553fe781fc5397479dd7.1980x.webp","datePublished":"2025-04-04T07:57:33+00:00","dateModified":"2025-08-05T08:29:11+00:00","breadcrumb":{"@id":"https:\/\/ad.kress.com\/en\/professional-grade-60-v-multi-attachment-grass-trimmer-kg163-9\/#breadcrumb"},"inLanguage":"sv-SE","potentialAction":[{"@type":"ReadAction","target":["https:\/\/ad.kress.com\/en\/professional-grade-60-v-multi-attachment-grass-trimmer-kg163-9\/"]}]},{"@type":"ImageObject","inLanguage":"sv-SE","@id":"https:\/\/ad.kress.com\/en\/professional-grade-60-v-multi-attachment-grass-trimmer-kg163-9\/#primaryimage","url":"https:\/\/ad.kress.com\/wp-content\/uploads\/onpage\/op_image_80e1a7a77363cfd9da8c553fe781fc5397479dd7.1980x.webp","contentUrl":"https:\/\/ad.kress.com\/wp-content\/uploads\/onpage\/op_image_80e1a7a77363cfd9da8c553fe781fc5397479dd7.1980x.webp","width":1980,"height":1980},{"@type":"BreadcrumbList","@id":"https:\/\/ad.kress.com\/en\/professional-grade-60-v-multi-attachment-grass-trimmer-kg163-9\/#breadcrumb","itemListElement":[{"@type":"ListItem","position":1,"name":"Home","item":"https:\/\/ad.kress.com\/en-gb\/"},{"@type":"ListItem","position":2,"name":"Professionell 60 V gr\u00e4strimmer med flera redskap"}]},{"@type":"WebSite","@id":"https:\/\/ad.kress.com\/en-gb\/#website","url":"https:\/\/ad.kress.com\/en-gb\/","name":"Kress - Commercial outdoor power equipment","description":"Kress","publisher":{"@id":"https:\/\/ad.kress.com\/en-gb\/#organization"},"alternateName":"Kress","potentialAction":[{"@type":"SearchAction","target":{"@type":"EntryPoint","urlTemplate":"https:\/\/ad.kress.com\/en-gb\/?s={search_term_string}"},"query-input":{"@type":"PropertyValueSpecification","valueRequired":true,"valueName":"search_term_string"}}],"inLanguage":"sv-SE"},{"@type":"Organization","@id":"https:\/\/ad.kress.com\/en-gb\/#organization","name":"Commercial outdoor power equipment","alternateName":"Kress","url":"https:\/\/ad.kress.com\/en-gb\/","logo":{"@type":"ImageObject","inLanguage":"sv-SE","@id":"https:\/\/ad.kress.com\/en-gb\/#\/schema\/logo\/image\/","url":"https:\/\/ad.kress.com\/wp-content\/uploads\/2025\/01\/main-logo-kress.webp","contentUrl":"https:\/\/ad.kress.com\/wp-content\/uploads\/2025\/01\/main-logo-kress.webp","width":1038,"height":245,"caption":"Commercial outdoor power equipment"},"image":{"@id":"https:\/\/ad.kress.com\/en-gb\/#\/schema\/logo\/image\/"}}]}},"_links":{"self":[{"href":"https:\/\/ad.kress.com\/sv-se\/wp-json\/wp\/v2\/product\/5468","targetHints":{"allow":["GET"]}}],"collection":[{"href":"https:\/\/ad.kress.com\/sv-se\/wp-json\/wp\/v2\/product"}],"about":[{"href":"https:\/\/ad.kress.com\/sv-se\/wp-json\/wp\/v2\/types\/product"}],"replies":[{"embeddable":true,"href":"https:\/\/ad.kress.com\/sv-se\/wp-json\/wp\/v2\/comments?post=5468"}],"wp:featuredmedia":[{"embeddable":true,"href":"https:\/\/ad.kress.com\/sv-se\/wp-json\/wp\/v2\/media\/9645"}],"wp:attachment":[{"href":"https:\/\/ad.kress.com\/sv-se\/wp-json\/wp\/v2\/media?parent=5468"}],"wp:term":[{"taxonomy":"product_brand","embeddable":true,"href":"https:\/\/ad.kress.com\/sv-se\/wp-json\/wp\/v2\/product_brand?post=5468"},{"taxonomy":"product_cat","embeddable":true,"href":"https:\/\/ad.kress.com\/sv-se\/wp-json\/wp\/v2\/product_cat?post=5468"},{"taxonomy":"product_tag","embeddable":true,"href":"https:\/\/ad.kress.com\/sv-se\/wp-json\/wp\/v2\/product_tag?post=5468"}],"curies":[{"name":"wp","href":"https:\/\/api.w.org\/{rel}","templated":true}]}}