{"id":4091,"date":"2025-04-04T07:57:19","date_gmt":"2025-04-04T07:57:19","guid":{"rendered":""},"modified":"2025-08-05T08:29:11","modified_gmt":"2025-08-05T08:29:11","slug":"kommersiellt-60-v-cyberpack-batteri-kac804","status":"publish","type":"product","link":"https:\/\/ad.kress.com\/sv-se\/kommersiellt-60-v-cyberpack-batteri-kac804\/","title":{"rendered":"60 V CyberPack-batteri av kommersiell kvalitet"},"content":{"rendered":"<p>K\u00e4rnan i Kress CyberSystem \u00e4r det revolutionerande 8-minuters CyberPack-batteriet. Batteriet har en egenutvecklad kemi som \u00e4r skr\u00e4ddarsydd f\u00f6r att uppfylla kraven fr\u00e5n kommersiella gr\u00f6nytef\u00f6rvaltare och ger o\u00f6vertr\u00e4ffad kraft och extrem livsl\u00e4ngd. N\u00e4r batteriet \u00e4r anslutet till CyberTank-laddaren i boost-l\u00e4ge har det en o\u00f6vertr\u00e4ffad laddningstid p\u00e5 8 minuter.<\/p>\n","protected":false},"excerpt":{"rendered":"<p>K\u00e4rnan i Kress CyberSystem \u00e4r det revolutionerande 8-minuters CyberPack-batteriet. Batteriet har en egenutvecklad kemi som \u00e4r skr\u00e4ddarsydd f\u00f6r att uppfylla kraven fr\u00e5n kommersiella gr\u00f6nytef\u00f6rvaltare och ger o\u00f6vertr\u00e4ffad kraft och extrem livsl\u00e4ngd. N\u00e4r batteriet \u00e4r anslutet till CyberTank-laddaren i boost-l\u00e4ge har det en o\u00f6vertr\u00e4ffad laddningstid p\u00e5 8 minuter.<\/p>\n","protected":false},"featured_media":8880,"comment_status":"closed","ping_status":"closed","template":"","meta":[],"product_brand":[],"product_cat":[],"product_tag":[],"class_list":{"0":"post-4091","1":"product","2":"type-product","3":"status-publish","4":"has-post-thumbnail","6":"entry","8":"first","9":"instock","10":"shipping-taxable","11":"purchasable","12":"product-type-simple"},"yoast_head":"<!-- This site is optimized with the Yoast SEO plugin v24.3 - https:\/\/yoast.com\/wordpress\/plugins\/seo\/ -->\n<title>60 V CyberPack-batteri av kommersiell kvalitet - Landing Kress<\/title>\n<meta name=\"robots\" content=\"index, follow, max-snippet:-1, max-image-preview:large, max-video-preview:-1\" \/>\n<link rel=\"canonical\" href=\"https:\/\/ad.kress.com\/en\/commercial-grade-60-v-cyberpack-battery-kac804\/\" \/>\n<meta property=\"og:locale\" content=\"sv_SE\" \/>\n<meta property=\"og:type\" content=\"article\" \/>\n<meta property=\"og:title\" content=\"60 V CyberPack-batteri av kommersiell kvalitet - Landing Kress\" \/>\n<meta property=\"og:description\" content=\"K\u00e4rnan i Kress CyberSystem \u00e4r det revolutionerande 8-minuters CyberPack-batteriet. Batteriet har en egenutvecklad kemi som \u00e4r skr\u00e4ddarsydd f\u00f6r att uppfylla kraven fr\u00e5n kommersiella gr\u00f6nytef\u00f6rvaltare och ger o\u00f6vertr\u00e4ffad kraft och extrem livsl\u00e4ngd. N\u00e4r batteriet \u00e4r anslutet till CyberTank-laddaren i boost-l\u00e4ge har det en o\u00f6vertr\u00e4ffad laddningstid p\u00e5 8 minuter.\" \/>\n<meta property=\"og:url\" content=\"https:\/\/ad.kress.com\/en\/commercial-grade-60-v-cyberpack-battery-kac804\/\" \/>\n<meta property=\"og:site_name\" content=\"Landing Kress\" \/>\n<meta property=\"article:modified_time\" content=\"2025-08-05T08:29:11+00:00\" \/>\n<meta property=\"og:image\" content=\"https:\/\/ad.kress.com\/wp-content\/uploads\/onpage\/op_image_79acc19dbd8c5d576d088cbdb66f51fb8ad67a94.1980x.webp\" \/>\n\t<meta property=\"og:image:width\" content=\"1980\" \/>\n\t<meta property=\"og:image:height\" content=\"1980\" \/>\n\t<meta property=\"og:image:type\" content=\"image\/webp\" \/>\n<meta name=\"twitter:card\" content=\"summary_large_image\" \/>\n<script type=\"application\/ld+json\" class=\"yoast-schema-graph\">{\"@context\":\"https:\/\/schema.org\",\"@graph\":[{\"@type\":\"WebPage\",\"@id\":\"https:\/\/ad.kress.com\/en\/commercial-grade-60-v-cyberpack-battery-kac804\/\",\"url\":\"https:\/\/ad.kress.com\/en\/commercial-grade-60-v-cyberpack-battery-kac804\/\",\"name\":\"60 V CyberPack-batteri av kommersiell kvalitet - Landing Kress\",\"isPartOf\":{\"@id\":\"https:\/\/ad.kress.com\/en-gb\/#website\"},\"primaryImageOfPage\":{\"@id\":\"https:\/\/ad.kress.com\/en\/commercial-grade-60-v-cyberpack-battery-kac804\/#primaryimage\"},\"image\":{\"@id\":\"https:\/\/ad.kress.com\/en\/commercial-grade-60-v-cyberpack-battery-kac804\/#primaryimage\"},\"thumbnailUrl\":\"https:\/\/ad.kress.com\/wp-content\/uploads\/onpage\/op_image_79acc19dbd8c5d576d088cbdb66f51fb8ad67a94.1980x.webp\",\"datePublished\":\"2025-04-04T07:57:19+00:00\",\"dateModified\":\"2025-08-05T08:29:11+00:00\",\"breadcrumb\":{\"@id\":\"https:\/\/ad.kress.com\/en\/commercial-grade-60-v-cyberpack-battery-kac804\/#breadcrumb\"},\"inLanguage\":\"sv-SE\",\"potentialAction\":[{\"@type\":\"ReadAction\",\"target\":[\"https:\/\/ad.kress.com\/en\/commercial-grade-60-v-cyberpack-battery-kac804\/\"]}]},{\"@type\":\"ImageObject\",\"inLanguage\":\"sv-SE\",\"@id\":\"https:\/\/ad.kress.com\/en\/commercial-grade-60-v-cyberpack-battery-kac804\/#primaryimage\",\"url\":\"https:\/\/ad.kress.com\/wp-content\/uploads\/onpage\/op_image_79acc19dbd8c5d576d088cbdb66f51fb8ad67a94.1980x.webp\",\"contentUrl\":\"https:\/\/ad.kress.com\/wp-content\/uploads\/onpage\/op_image_79acc19dbd8c5d576d088cbdb66f51fb8ad67a94.1980x.webp\",\"width\":1980,\"height\":1980},{\"@type\":\"BreadcrumbList\",\"@id\":\"https:\/\/ad.kress.com\/en\/commercial-grade-60-v-cyberpack-battery-kac804\/#breadcrumb\",\"itemListElement\":[{\"@type\":\"ListItem\",\"position\":1,\"name\":\"Home\",\"item\":\"https:\/\/ad.kress.com\/en-gb\/\"},{\"@type\":\"ListItem\",\"position\":2,\"name\":\"Kommersiellt 60 V CyberPack-batteri\"}]},{\"@type\":\"WebSite\",\"@id\":\"https:\/\/ad.kress.com\/en-gb\/#website\",\"url\":\"https:\/\/ad.kress.com\/en-gb\/\",\"name\":\"Kress - Commercial outdoor power equipment\",\"description\":\"Kress\",\"publisher\":{\"@id\":\"https:\/\/ad.kress.com\/en-gb\/#organization\"},\"alternateName\":\"Kress\",\"potentialAction\":[{\"@type\":\"SearchAction\",\"target\":{\"@type\":\"EntryPoint\",\"urlTemplate\":\"https:\/\/ad.kress.com\/en-gb\/?s={search_term_string}\"},\"query-input\":{\"@type\":\"PropertyValueSpecification\",\"valueRequired\":true,\"valueName\":\"search_term_string\"}}],\"inLanguage\":\"sv-SE\"},{\"@type\":\"Organization\",\"@id\":\"https:\/\/ad.kress.com\/en-gb\/#organization\",\"name\":\"Commercial outdoor power equipment\",\"alternateName\":\"Kress\",\"url\":\"https:\/\/ad.kress.com\/en-gb\/\",\"logo\":{\"@type\":\"ImageObject\",\"inLanguage\":\"sv-SE\",\"@id\":\"https:\/\/ad.kress.com\/en-gb\/#\/schema\/logo\/image\/\",\"url\":\"https:\/\/ad.kress.com\/wp-content\/uploads\/2025\/01\/main-logo-kress.webp\",\"contentUrl\":\"https:\/\/ad.kress.com\/wp-content\/uploads\/2025\/01\/main-logo-kress.webp\",\"width\":1038,\"height\":245,\"caption\":\"Commercial outdoor power equipment\"},\"image\":{\"@id\":\"https:\/\/ad.kress.com\/en-gb\/#\/schema\/logo\/image\/\"}}]}<\/script>\n<!-- \/ Yoast SEO plugin. -->","yoast_head_json":{"title":"60 V CyberPack-batteri av kommersiell kvalitet - Landing Kress","robots":{"index":"index","follow":"follow","max-snippet":"max-snippet:-1","max-image-preview":"max-image-preview:large","max-video-preview":"max-video-preview:-1"},"canonical":"https:\/\/ad.kress.com\/en\/commercial-grade-60-v-cyberpack-battery-kac804\/","og_locale":"sv_SE","og_type":"article","og_title":"60 V CyberPack-batteri av kommersiell kvalitet - Landing Kress","og_description":"K\u00e4rnan i Kress CyberSystem \u00e4r det revolutionerande 8-minuters CyberPack-batteriet. Batteriet har en egenutvecklad kemi som \u00e4r skr\u00e4ddarsydd f\u00f6r att uppfylla kraven fr\u00e5n kommersiella gr\u00f6nytef\u00f6rvaltare och ger o\u00f6vertr\u00e4ffad kraft och extrem livsl\u00e4ngd. N\u00e4r batteriet \u00e4r anslutet till CyberTank-laddaren i boost-l\u00e4ge har det en o\u00f6vertr\u00e4ffad laddningstid p\u00e5 8 minuter.","og_url":"https:\/\/ad.kress.com\/en\/commercial-grade-60-v-cyberpack-battery-kac804\/","og_site_name":"Landing Kress","article_modified_time":"2025-08-05T08:29:11+00:00","og_image":[{"width":1980,"height":1980,"url":"https:\/\/ad.kress.com\/wp-content\/uploads\/onpage\/op_image_79acc19dbd8c5d576d088cbdb66f51fb8ad67a94.1980x.webp","type":"image\/webp"}],"twitter_card":"summary_large_image","schema":{"@context":"https:\/\/schema.org","@graph":[{"@type":"WebPage","@id":"https:\/\/ad.kress.com\/en\/commercial-grade-60-v-cyberpack-battery-kac804\/","url":"https:\/\/ad.kress.com\/en\/commercial-grade-60-v-cyberpack-battery-kac804\/","name":"60 V CyberPack-batteri av kommersiell kvalitet - Landing Kress","isPartOf":{"@id":"https:\/\/ad.kress.com\/en-gb\/#website"},"primaryImageOfPage":{"@id":"https:\/\/ad.kress.com\/en\/commercial-grade-60-v-cyberpack-battery-kac804\/#primaryimage"},"image":{"@id":"https:\/\/ad.kress.com\/en\/commercial-grade-60-v-cyberpack-battery-kac804\/#primaryimage"},"thumbnailUrl":"https:\/\/ad.kress.com\/wp-content\/uploads\/onpage\/op_image_79acc19dbd8c5d576d088cbdb66f51fb8ad67a94.1980x.webp","datePublished":"2025-04-04T07:57:19+00:00","dateModified":"2025-08-05T08:29:11+00:00","breadcrumb":{"@id":"https:\/\/ad.kress.com\/en\/commercial-grade-60-v-cyberpack-battery-kac804\/#breadcrumb"},"inLanguage":"sv-SE","potentialAction":[{"@type":"ReadAction","target":["https:\/\/ad.kress.com\/en\/commercial-grade-60-v-cyberpack-battery-kac804\/"]}]},{"@type":"ImageObject","inLanguage":"sv-SE","@id":"https:\/\/ad.kress.com\/en\/commercial-grade-60-v-cyberpack-battery-kac804\/#primaryimage","url":"https:\/\/ad.kress.com\/wp-content\/uploads\/onpage\/op_image_79acc19dbd8c5d576d088cbdb66f51fb8ad67a94.1980x.webp","contentUrl":"https:\/\/ad.kress.com\/wp-content\/uploads\/onpage\/op_image_79acc19dbd8c5d576d088cbdb66f51fb8ad67a94.1980x.webp","width":1980,"height":1980},{"@type":"BreadcrumbList","@id":"https:\/\/ad.kress.com\/en\/commercial-grade-60-v-cyberpack-battery-kac804\/#breadcrumb","itemListElement":[{"@type":"ListItem","position":1,"name":"Home","item":"https:\/\/ad.kress.com\/en-gb\/"},{"@type":"ListItem","position":2,"name":"Kommersiellt 60 V CyberPack-batteri"}]},{"@type":"WebSite","@id":"https:\/\/ad.kress.com\/en-gb\/#website","url":"https:\/\/ad.kress.com\/en-gb\/","name":"Kress - Commercial outdoor power equipment","description":"Kress","publisher":{"@id":"https:\/\/ad.kress.com\/en-gb\/#organization"},"alternateName":"Kress","potentialAction":[{"@type":"SearchAction","target":{"@type":"EntryPoint","urlTemplate":"https:\/\/ad.kress.com\/en-gb\/?s={search_term_string}"},"query-input":{"@type":"PropertyValueSpecification","valueRequired":true,"valueName":"search_term_string"}}],"inLanguage":"sv-SE"},{"@type":"Organization","@id":"https:\/\/ad.kress.com\/en-gb\/#organization","name":"Commercial outdoor power equipment","alternateName":"Kress","url":"https:\/\/ad.kress.com\/en-gb\/","logo":{"@type":"ImageObject","inLanguage":"sv-SE","@id":"https:\/\/ad.kress.com\/en-gb\/#\/schema\/logo\/image\/","url":"https:\/\/ad.kress.com\/wp-content\/uploads\/2025\/01\/main-logo-kress.webp","contentUrl":"https:\/\/ad.kress.com\/wp-content\/uploads\/2025\/01\/main-logo-kress.webp","width":1038,"height":245,"caption":"Commercial outdoor power equipment"},"image":{"@id":"https:\/\/ad.kress.com\/en-gb\/#\/schema\/logo\/image\/"}}]}},"_links":{"self":[{"href":"https:\/\/ad.kress.com\/sv-se\/wp-json\/wp\/v2\/product\/4091","targetHints":{"allow":["GET"]}}],"collection":[{"href":"https:\/\/ad.kress.com\/sv-se\/wp-json\/wp\/v2\/product"}],"about":[{"href":"https:\/\/ad.kress.com\/sv-se\/wp-json\/wp\/v2\/types\/product"}],"replies":[{"embeddable":true,"href":"https:\/\/ad.kress.com\/sv-se\/wp-json\/wp\/v2\/comments?post=4091"}],"wp:featuredmedia":[{"embeddable":true,"href":"https:\/\/ad.kress.com\/sv-se\/wp-json\/wp\/v2\/media\/8880"}],"wp:attachment":[{"href":"https:\/\/ad.kress.com\/sv-se\/wp-json\/wp\/v2\/media?parent=4091"}],"wp:term":[{"taxonomy":"product_brand","embeddable":true,"href":"https:\/\/ad.kress.com\/sv-se\/wp-json\/wp\/v2\/product_brand?post=4091"},{"taxonomy":"product_cat","embeddable":true,"href":"https:\/\/ad.kress.com\/sv-se\/wp-json\/wp\/v2\/product_cat?post=4091"},{"taxonomy":"product_tag","embeddable":true,"href":"https:\/\/ad.kress.com\/sv-se\/wp-json\/wp\/v2\/product_tag?post=4091"}],"curies":[{"name":"wp","href":"https:\/\/api.w.org\/{rel}","templated":true}]}}