{"id":3741,"date":"2025-04-04T07:57:15","date_gmt":"2025-04-04T07:57:15","guid":{"rendered":""},"modified":"2025-08-05T08:29:11","modified_gmt":"2025-08-05T08:29:11","slug":"60-v-grasklippare-i-professionell-kvalitet-kg756e-9","status":"publish","type":"product","link":"https:\/\/ad.kress.com\/sv-se\/60-v-grasklippare-i-professionell-kvalitet-kg756e-9\/","title":{"rendered":"60 V gr\u00e4sklippare"},"content":{"rendered":"<p>Kress KG756E.9 \u00e4r byggd f\u00f6r proffs som kr\u00e4ver prestanda och h\u00e5llbarhet. Med ett vridmoment p\u00e5 8 Nm tar den sig igenom tuffa jobb med precision utan igens\u00e4ttning. En 55 liters uppsamlingsp\u00e5se minskar st\u00e4dtiden, medan snabbl\u00e4gen f\u00f6r mulching, uppsamling eller sidoutkast \u00f6kar effektiviteten. Den \u00e4r utformad f\u00f6r gr\u00e4smattor p\u00e5 upp till 800 m\u00b2 och ger m\u00e5ngsidighet och kraft f\u00f6r att h\u00e5lla varje klippning ren och professionell.<\/p>\n","protected":false},"excerpt":{"rendered":"<p>Kress KG756E.9 \u00e4r byggd f\u00f6r proffs som kr\u00e4ver prestanda och h\u00e5llbarhet. Med ett vridmoment p\u00e5 8 Nm tar den sig igenom tuffa jobb med precision utan igens\u00e4ttning. En 55 liters uppsamlingsp\u00e5se minskar st\u00e4dtiden, medan snabbl\u00e4gen f\u00f6r mulching, uppsamling eller sidoutkast \u00f6kar effektiviteten. Den \u00e4r utformad f\u00f6r gr\u00e4smattor p\u00e5 upp till 800 m\u00b2 och ger m\u00e5ngsidighet&hellip; <a class=\"more-link\" href=\"https:\/\/ad.kress.com\/sv-se\/60-v-grasklippare-i-professionell-kvalitet-kg756e-9\/\">Continue reading <span class=\"screen-reader-text\">60 V gr\u00e4sklippare<\/span><\/a><\/p>\n","protected":false},"featured_media":8420,"comment_status":"closed","ping_status":"closed","template":"","meta":[],"product_brand":[],"product_cat":[],"product_tag":[],"class_list":{"0":"post-3741","1":"product","2":"type-product","3":"status-publish","4":"has-post-thumbnail","6":"entry","8":"first","9":"instock","10":"shipping-taxable","11":"purchasable","12":"product-type-simple"},"yoast_head":"<!-- This site is optimized with the Yoast SEO plugin v24.3 - https:\/\/yoast.com\/wordpress\/plugins\/seo\/ -->\n<title>60 V gr\u00e4sklippare - Landing Kress<\/title>\n<meta name=\"robots\" content=\"index, follow, max-snippet:-1, max-image-preview:large, max-video-preview:-1\" \/>\n<link rel=\"canonical\" href=\"https:\/\/ad.kress.com\/en\/professional-grade-60-v-lawn-mower-kg756e-9\/\" \/>\n<meta property=\"og:locale\" content=\"sv_SE\" \/>\n<meta property=\"og:type\" content=\"article\" \/>\n<meta property=\"og:title\" content=\"60 V gr\u00e4sklippare - Landing Kress\" \/>\n<meta property=\"og:description\" content=\"Kress KG756E.9 \u00e4r byggd f\u00f6r proffs som kr\u00e4ver prestanda och h\u00e5llbarhet. Med ett vridmoment p\u00e5 8 Nm tar den sig igenom tuffa jobb med precision utan igens\u00e4ttning. En 55 liters uppsamlingsp\u00e5se minskar st\u00e4dtiden, medan snabbl\u00e4gen f\u00f6r mulching, uppsamling eller sidoutkast \u00f6kar effektiviteten. Den \u00e4r utformad f\u00f6r gr\u00e4smattor p\u00e5 upp till 800 m\u00b2 och ger m\u00e5ngsidighet&hellip; Continue reading 60 V gr\u00e4sklippare\" \/>\n<meta property=\"og:url\" content=\"https:\/\/ad.kress.com\/en\/professional-grade-60-v-lawn-mower-kg756e-9\/\" \/>\n<meta property=\"og:site_name\" content=\"Landing Kress\" \/>\n<meta property=\"article:modified_time\" content=\"2025-08-05T08:29:11+00:00\" \/>\n<meta property=\"og:image\" content=\"https:\/\/ad.kress.com\/wp-content\/uploads\/onpage\/op_image_7961d1f7f0fb16868bdf492d6a6c76f0b4b67ee3.1980x.webp\" \/>\n\t<meta property=\"og:image:width\" content=\"1980\" \/>\n\t<meta property=\"og:image:height\" content=\"1980\" \/>\n\t<meta property=\"og:image:type\" content=\"image\/webp\" \/>\n<meta name=\"twitter:card\" content=\"summary_large_image\" \/>\n<script type=\"application\/ld+json\" class=\"yoast-schema-graph\">{\"@context\":\"https:\/\/schema.org\",\"@graph\":[{\"@type\":\"WebPage\",\"@id\":\"https:\/\/ad.kress.com\/en\/professional-grade-60-v-lawn-mower-kg756e-9\/\",\"url\":\"https:\/\/ad.kress.com\/en\/professional-grade-60-v-lawn-mower-kg756e-9\/\",\"name\":\"60 V gr\u00e4sklippare - Landing Kress\",\"isPartOf\":{\"@id\":\"https:\/\/ad.kress.com\/en-gb\/#website\"},\"primaryImageOfPage\":{\"@id\":\"https:\/\/ad.kress.com\/en\/professional-grade-60-v-lawn-mower-kg756e-9\/#primaryimage\"},\"image\":{\"@id\":\"https:\/\/ad.kress.com\/en\/professional-grade-60-v-lawn-mower-kg756e-9\/#primaryimage\"},\"thumbnailUrl\":\"https:\/\/ad.kress.com\/wp-content\/uploads\/onpage\/op_image_7961d1f7f0fb16868bdf492d6a6c76f0b4b67ee3.1980x.webp\",\"datePublished\":\"2025-04-04T07:57:15+00:00\",\"dateModified\":\"2025-08-05T08:29:11+00:00\",\"breadcrumb\":{\"@id\":\"https:\/\/ad.kress.com\/en\/professional-grade-60-v-lawn-mower-kg756e-9\/#breadcrumb\"},\"inLanguage\":\"sv-SE\",\"potentialAction\":[{\"@type\":\"ReadAction\",\"target\":[\"https:\/\/ad.kress.com\/en\/professional-grade-60-v-lawn-mower-kg756e-9\/\"]}]},{\"@type\":\"ImageObject\",\"inLanguage\":\"sv-SE\",\"@id\":\"https:\/\/ad.kress.com\/en\/professional-grade-60-v-lawn-mower-kg756e-9\/#primaryimage\",\"url\":\"https:\/\/ad.kress.com\/wp-content\/uploads\/onpage\/op_image_7961d1f7f0fb16868bdf492d6a6c76f0b4b67ee3.1980x.webp\",\"contentUrl\":\"https:\/\/ad.kress.com\/wp-content\/uploads\/onpage\/op_image_7961d1f7f0fb16868bdf492d6a6c76f0b4b67ee3.1980x.webp\",\"width\":1980,\"height\":1980},{\"@type\":\"BreadcrumbList\",\"@id\":\"https:\/\/ad.kress.com\/en\/professional-grade-60-v-lawn-mower-kg756e-9\/#breadcrumb\",\"itemListElement\":[{\"@type\":\"ListItem\",\"position\":1,\"name\":\"Home\",\"item\":\"https:\/\/ad.kress.com\/en-gb\/\"},{\"@type\":\"ListItem\",\"position\":2,\"name\":\"60 V gr\u00e4sklippare i professionell kvalitet\"}]},{\"@type\":\"WebSite\",\"@id\":\"https:\/\/ad.kress.com\/en-gb\/#website\",\"url\":\"https:\/\/ad.kress.com\/en-gb\/\",\"name\":\"Kress - Commercial outdoor power equipment\",\"description\":\"Kress\",\"publisher\":{\"@id\":\"https:\/\/ad.kress.com\/en-gb\/#organization\"},\"alternateName\":\"Kress\",\"potentialAction\":[{\"@type\":\"SearchAction\",\"target\":{\"@type\":\"EntryPoint\",\"urlTemplate\":\"https:\/\/ad.kress.com\/en-gb\/?s={search_term_string}\"},\"query-input\":{\"@type\":\"PropertyValueSpecification\",\"valueRequired\":true,\"valueName\":\"search_term_string\"}}],\"inLanguage\":\"sv-SE\"},{\"@type\":\"Organization\",\"@id\":\"https:\/\/ad.kress.com\/en-gb\/#organization\",\"name\":\"Commercial outdoor power equipment\",\"alternateName\":\"Kress\",\"url\":\"https:\/\/ad.kress.com\/en-gb\/\",\"logo\":{\"@type\":\"ImageObject\",\"inLanguage\":\"sv-SE\",\"@id\":\"https:\/\/ad.kress.com\/en-gb\/#\/schema\/logo\/image\/\",\"url\":\"https:\/\/ad.kress.com\/wp-content\/uploads\/2025\/01\/main-logo-kress.webp\",\"contentUrl\":\"https:\/\/ad.kress.com\/wp-content\/uploads\/2025\/01\/main-logo-kress.webp\",\"width\":1038,\"height\":245,\"caption\":\"Commercial outdoor power equipment\"},\"image\":{\"@id\":\"https:\/\/ad.kress.com\/en-gb\/#\/schema\/logo\/image\/\"}}]}<\/script>\n<!-- \/ Yoast SEO plugin. -->","yoast_head_json":{"title":"60 V gr\u00e4sklippare - Landing Kress","robots":{"index":"index","follow":"follow","max-snippet":"max-snippet:-1","max-image-preview":"max-image-preview:large","max-video-preview":"max-video-preview:-1"},"canonical":"https:\/\/ad.kress.com\/en\/professional-grade-60-v-lawn-mower-kg756e-9\/","og_locale":"sv_SE","og_type":"article","og_title":"60 V gr\u00e4sklippare - Landing Kress","og_description":"Kress KG756E.9 \u00e4r byggd f\u00f6r proffs som kr\u00e4ver prestanda och h\u00e5llbarhet. Med ett vridmoment p\u00e5 8 Nm tar den sig igenom tuffa jobb med precision utan igens\u00e4ttning. En 55 liters uppsamlingsp\u00e5se minskar st\u00e4dtiden, medan snabbl\u00e4gen f\u00f6r mulching, uppsamling eller sidoutkast \u00f6kar effektiviteten. Den \u00e4r utformad f\u00f6r gr\u00e4smattor p\u00e5 upp till 800 m\u00b2 och ger m\u00e5ngsidighet&hellip; Continue reading 60 V gr\u00e4sklippare","og_url":"https:\/\/ad.kress.com\/en\/professional-grade-60-v-lawn-mower-kg756e-9\/","og_site_name":"Landing Kress","article_modified_time":"2025-08-05T08:29:11+00:00","og_image":[{"width":1980,"height":1980,"url":"https:\/\/ad.kress.com\/wp-content\/uploads\/onpage\/op_image_7961d1f7f0fb16868bdf492d6a6c76f0b4b67ee3.1980x.webp","type":"image\/webp"}],"twitter_card":"summary_large_image","schema":{"@context":"https:\/\/schema.org","@graph":[{"@type":"WebPage","@id":"https:\/\/ad.kress.com\/en\/professional-grade-60-v-lawn-mower-kg756e-9\/","url":"https:\/\/ad.kress.com\/en\/professional-grade-60-v-lawn-mower-kg756e-9\/","name":"60 V gr\u00e4sklippare - Landing Kress","isPartOf":{"@id":"https:\/\/ad.kress.com\/en-gb\/#website"},"primaryImageOfPage":{"@id":"https:\/\/ad.kress.com\/en\/professional-grade-60-v-lawn-mower-kg756e-9\/#primaryimage"},"image":{"@id":"https:\/\/ad.kress.com\/en\/professional-grade-60-v-lawn-mower-kg756e-9\/#primaryimage"},"thumbnailUrl":"https:\/\/ad.kress.com\/wp-content\/uploads\/onpage\/op_image_7961d1f7f0fb16868bdf492d6a6c76f0b4b67ee3.1980x.webp","datePublished":"2025-04-04T07:57:15+00:00","dateModified":"2025-08-05T08:29:11+00:00","breadcrumb":{"@id":"https:\/\/ad.kress.com\/en\/professional-grade-60-v-lawn-mower-kg756e-9\/#breadcrumb"},"inLanguage":"sv-SE","potentialAction":[{"@type":"ReadAction","target":["https:\/\/ad.kress.com\/en\/professional-grade-60-v-lawn-mower-kg756e-9\/"]}]},{"@type":"ImageObject","inLanguage":"sv-SE","@id":"https:\/\/ad.kress.com\/en\/professional-grade-60-v-lawn-mower-kg756e-9\/#primaryimage","url":"https:\/\/ad.kress.com\/wp-content\/uploads\/onpage\/op_image_7961d1f7f0fb16868bdf492d6a6c76f0b4b67ee3.1980x.webp","contentUrl":"https:\/\/ad.kress.com\/wp-content\/uploads\/onpage\/op_image_7961d1f7f0fb16868bdf492d6a6c76f0b4b67ee3.1980x.webp","width":1980,"height":1980},{"@type":"BreadcrumbList","@id":"https:\/\/ad.kress.com\/en\/professional-grade-60-v-lawn-mower-kg756e-9\/#breadcrumb","itemListElement":[{"@type":"ListItem","position":1,"name":"Home","item":"https:\/\/ad.kress.com\/en-gb\/"},{"@type":"ListItem","position":2,"name":"60 V gr\u00e4sklippare i professionell kvalitet"}]},{"@type":"WebSite","@id":"https:\/\/ad.kress.com\/en-gb\/#website","url":"https:\/\/ad.kress.com\/en-gb\/","name":"Kress - Commercial outdoor power equipment","description":"Kress","publisher":{"@id":"https:\/\/ad.kress.com\/en-gb\/#organization"},"alternateName":"Kress","potentialAction":[{"@type":"SearchAction","target":{"@type":"EntryPoint","urlTemplate":"https:\/\/ad.kress.com\/en-gb\/?s={search_term_string}"},"query-input":{"@type":"PropertyValueSpecification","valueRequired":true,"valueName":"search_term_string"}}],"inLanguage":"sv-SE"},{"@type":"Organization","@id":"https:\/\/ad.kress.com\/en-gb\/#organization","name":"Commercial outdoor power equipment","alternateName":"Kress","url":"https:\/\/ad.kress.com\/en-gb\/","logo":{"@type":"ImageObject","inLanguage":"sv-SE","@id":"https:\/\/ad.kress.com\/en-gb\/#\/schema\/logo\/image\/","url":"https:\/\/ad.kress.com\/wp-content\/uploads\/2025\/01\/main-logo-kress.webp","contentUrl":"https:\/\/ad.kress.com\/wp-content\/uploads\/2025\/01\/main-logo-kress.webp","width":1038,"height":245,"caption":"Commercial outdoor power equipment"},"image":{"@id":"https:\/\/ad.kress.com\/en-gb\/#\/schema\/logo\/image\/"}}]}},"_links":{"self":[{"href":"https:\/\/ad.kress.com\/sv-se\/wp-json\/wp\/v2\/product\/3741","targetHints":{"allow":["GET"]}}],"collection":[{"href":"https:\/\/ad.kress.com\/sv-se\/wp-json\/wp\/v2\/product"}],"about":[{"href":"https:\/\/ad.kress.com\/sv-se\/wp-json\/wp\/v2\/types\/product"}],"replies":[{"embeddable":true,"href":"https:\/\/ad.kress.com\/sv-se\/wp-json\/wp\/v2\/comments?post=3741"}],"wp:featuredmedia":[{"embeddable":true,"href":"https:\/\/ad.kress.com\/sv-se\/wp-json\/wp\/v2\/media\/8420"}],"wp:attachment":[{"href":"https:\/\/ad.kress.com\/sv-se\/wp-json\/wp\/v2\/media?parent=3741"}],"wp:term":[{"taxonomy":"product_brand","embeddable":true,"href":"https:\/\/ad.kress.com\/sv-se\/wp-json\/wp\/v2\/product_brand?post=3741"},{"taxonomy":"product_cat","embeddable":true,"href":"https:\/\/ad.kress.com\/sv-se\/wp-json\/wp\/v2\/product_cat?post=3741"},{"taxonomy":"product_tag","embeddable":true,"href":"https:\/\/ad.kress.com\/sv-se\/wp-json\/wp\/v2\/product_tag?post=3741"}],"curies":[{"name":"wp","href":"https:\/\/api.w.org\/{rel}","templated":true}]}}