{"id":12252,"date":"2025-08-05T08:29:39","date_gmt":"2025-08-05T08:29:39","guid":{"rendered":""},"modified":"2025-08-05T08:29:11","modified_gmt":"2025-08-05T08:29:11","slug":"60-v-motorsag-i-kommersiell-kvalitet-kc340-9","status":"publish","type":"product","link":"https:\/\/ad.kress.com\/sv-se\/60-v-motorsag-i-kommersiell-kvalitet-kc340-9\/","title":{"rendered":"60 V motors\u00e5g i kommersiell kvalitet"},"content":{"rendered":"<p>Denna Kress Commercial-kedjes\u00e5g \u00e4r utformad f\u00f6r gr\u00f6nytef\u00f6rvaltare och kommuner som vill integrera h\u00e5llbara metoder i sin verksamhet och \u00e4r den mest kraftfulla i v\u00e5rt sortiment. Den levererar en massiv effekt p\u00e5 3,8 kW &#8211; motsvarande en bensindriven s\u00e5g p\u00e5 70 cc. Men till skillnad fr\u00e5n bensinmotorer som tappar vridmoment under belastning ger den ett omedelbart, j\u00e4mnt vridmoment som \u00f6vertr\u00e4ffar bensins\u00e5gar exakt n\u00e4r det \u00e4r som viktigast: f\u00e4llning av l\u00f6vtr\u00e4d med stor diameter och kr\u00e4vande borttagningsuppgifter. Som en del av Kress Commercial CyberSystem levererar den avancerade prestanda med f\u00f6rdelen av l\u00e4gre driftskostnader j\u00e4mf\u00f6rt med gas- och andra batterisystem.<\/p>\n","protected":false},"excerpt":{"rendered":"<p>Denna Kress Commercial-kedjes\u00e5g \u00e4r utformad f\u00f6r gr\u00f6nytef\u00f6rvaltare och kommuner som vill integrera h\u00e5llbara metoder i sin verksamhet och \u00e4r den mest kraftfulla i v\u00e5rt sortiment. Den levererar en massiv effekt p\u00e5 3,8 kW &#8211; motsvarande en bensindriven s\u00e5g p\u00e5 70 cc. Men till skillnad fr\u00e5n bensinmotorer som tappar vridmoment under belastning ger den ett omedelbart,&hellip; <a class=\"more-link\" href=\"https:\/\/ad.kress.com\/sv-se\/60-v-motorsag-i-kommersiell-kvalitet-kc340-9\/\">Continue reading <span class=\"screen-reader-text\">60 V motors\u00e5g i kommersiell kvalitet<\/span><\/a><\/p>\n","protected":false},"featured_media":0,"comment_status":"closed","ping_status":"closed","template":"","meta":[],"product_brand":[],"product_cat":[],"product_tag":[],"class_list":{"0":"post-12252","1":"product","2":"type-product","3":"status-publish","5":"entry","7":"first","8":"instock","9":"shipping-taxable","10":"product-type-simple"},"yoast_head":"<!-- This site is optimized with the Yoast SEO plugin v24.3 - https:\/\/yoast.com\/wordpress\/plugins\/seo\/ -->\n<title>60 V motors\u00e5g i kommersiell kvalitet - Landing Kress<\/title>\n<meta name=\"robots\" content=\"index, follow, max-snippet:-1, max-image-preview:large, max-video-preview:-1\" \/>\n<link rel=\"canonical\" href=\"https:\/\/ad.kress.com\/sv-se\/60-v-motorsag-i-kommersiell-kvalitet-kc340-9\/\" \/>\n<meta property=\"og:locale\" content=\"sv_SE\" \/>\n<meta property=\"og:type\" content=\"article\" \/>\n<meta property=\"og:title\" content=\"60 V motors\u00e5g i kommersiell kvalitet - Landing Kress\" \/>\n<meta property=\"og:description\" content=\"Denna Kress Commercial-kedjes\u00e5g \u00e4r utformad f\u00f6r gr\u00f6nytef\u00f6rvaltare och kommuner som vill integrera h\u00e5llbara metoder i sin verksamhet och \u00e4r den mest kraftfulla i v\u00e5rt sortiment. Den levererar en massiv effekt p\u00e5 3,8 kW &#8211; motsvarande en bensindriven s\u00e5g p\u00e5 70 cc. Men till skillnad fr\u00e5n bensinmotorer som tappar vridmoment under belastning ger den ett omedelbart,&hellip; Continue reading 60 V motors\u00e5g i kommersiell kvalitet\" \/>\n<meta property=\"og:url\" content=\"https:\/\/ad.kress.com\/sv-se\/60-v-motorsag-i-kommersiell-kvalitet-kc340-9\/\" \/>\n<meta property=\"og:site_name\" content=\"Landing Kress\" \/>\n<meta property=\"article:modified_time\" content=\"2025-08-05T08:29:11+00:00\" \/>\n<meta property=\"og:image\" content=\"https:\/\/ad.kress.com\/wp-content\/uploads\/2025\/01\/main-logo-kress.webp\" \/>\n\t<meta property=\"og:image:width\" content=\"1038\" \/>\n\t<meta property=\"og:image:height\" content=\"245\" \/>\n\t<meta property=\"og:image:type\" content=\"image\/webp\" \/>\n<meta name=\"twitter:card\" content=\"summary_large_image\" \/>\n<meta name=\"twitter:label1\" content=\"Ber\u00e4knad l\u00e4stid\" \/>\n\t<meta name=\"twitter:data1\" content=\"1 minut\" \/>\n<script type=\"application\/ld+json\" class=\"yoast-schema-graph\">{\"@context\":\"https:\/\/schema.org\",\"@graph\":[{\"@type\":\"WebPage\",\"@id\":\"https:\/\/ad.kress.com\/sv-se\/60-v-motorsag-i-kommersiell-kvalitet-kc340-9\/\",\"url\":\"https:\/\/ad.kress.com\/sv-se\/60-v-motorsag-i-kommersiell-kvalitet-kc340-9\/\",\"name\":\"60 V motors\u00e5g i kommersiell kvalitet - Landing Kress\",\"isPartOf\":{\"@id\":\"https:\/\/ad.kress.com\/en-gb\/#website\"},\"datePublished\":\"2025-08-05T08:29:39+00:00\",\"dateModified\":\"2025-08-05T08:29:11+00:00\",\"breadcrumb\":{\"@id\":\"https:\/\/ad.kress.com\/sv-se\/60-v-motorsag-i-kommersiell-kvalitet-kc340-9\/#breadcrumb\"},\"inLanguage\":\"sv-SE\",\"potentialAction\":[{\"@type\":\"ReadAction\",\"target\":[\"https:\/\/ad.kress.com\/sv-se\/60-v-motorsag-i-kommersiell-kvalitet-kc340-9\/\"]}]},{\"@type\":\"BreadcrumbList\",\"@id\":\"https:\/\/ad.kress.com\/sv-se\/60-v-motorsag-i-kommersiell-kvalitet-kc340-9\/#breadcrumb\",\"itemListElement\":[{\"@type\":\"ListItem\",\"position\":1,\"name\":\"Home\",\"item\":\"https:\/\/ad.kress.com\/en-gb\/\"},{\"@type\":\"ListItem\",\"position\":2,\"name\":\"60 V motors\u00e5g i kommersiell kvalitet\"}]},{\"@type\":\"WebSite\",\"@id\":\"https:\/\/ad.kress.com\/en-gb\/#website\",\"url\":\"https:\/\/ad.kress.com\/en-gb\/\",\"name\":\"Kress - Commercial outdoor power equipment\",\"description\":\"Kress\",\"publisher\":{\"@id\":\"https:\/\/ad.kress.com\/en-gb\/#organization\"},\"alternateName\":\"Kress\",\"potentialAction\":[{\"@type\":\"SearchAction\",\"target\":{\"@type\":\"EntryPoint\",\"urlTemplate\":\"https:\/\/ad.kress.com\/en-gb\/?s={search_term_string}\"},\"query-input\":{\"@type\":\"PropertyValueSpecification\",\"valueRequired\":true,\"valueName\":\"search_term_string\"}}],\"inLanguage\":\"sv-SE\"},{\"@type\":\"Organization\",\"@id\":\"https:\/\/ad.kress.com\/en-gb\/#organization\",\"name\":\"Commercial outdoor power equipment\",\"alternateName\":\"Kress\",\"url\":\"https:\/\/ad.kress.com\/en-gb\/\",\"logo\":{\"@type\":\"ImageObject\",\"inLanguage\":\"sv-SE\",\"@id\":\"https:\/\/ad.kress.com\/en-gb\/#\/schema\/logo\/image\/\",\"url\":\"https:\/\/ad.kress.com\/wp-content\/uploads\/2025\/01\/main-logo-kress.webp\",\"contentUrl\":\"https:\/\/ad.kress.com\/wp-content\/uploads\/2025\/01\/main-logo-kress.webp\",\"width\":1038,\"height\":245,\"caption\":\"Commercial outdoor power equipment\"},\"image\":{\"@id\":\"https:\/\/ad.kress.com\/en-gb\/#\/schema\/logo\/image\/\"}}]}<\/script>\n<!-- \/ Yoast SEO plugin. -->","yoast_head_json":{"title":"60 V motors\u00e5g i kommersiell kvalitet - Landing Kress","robots":{"index":"index","follow":"follow","max-snippet":"max-snippet:-1","max-image-preview":"max-image-preview:large","max-video-preview":"max-video-preview:-1"},"canonical":"https:\/\/ad.kress.com\/sv-se\/60-v-motorsag-i-kommersiell-kvalitet-kc340-9\/","og_locale":"sv_SE","og_type":"article","og_title":"60 V motors\u00e5g i kommersiell kvalitet - Landing Kress","og_description":"Denna Kress Commercial-kedjes\u00e5g \u00e4r utformad f\u00f6r gr\u00f6nytef\u00f6rvaltare och kommuner som vill integrera h\u00e5llbara metoder i sin verksamhet och \u00e4r den mest kraftfulla i v\u00e5rt sortiment. Den levererar en massiv effekt p\u00e5 3,8 kW &#8211; motsvarande en bensindriven s\u00e5g p\u00e5 70 cc. Men till skillnad fr\u00e5n bensinmotorer som tappar vridmoment under belastning ger den ett omedelbart,&hellip; Continue reading 60 V motors\u00e5g i kommersiell kvalitet","og_url":"https:\/\/ad.kress.com\/sv-se\/60-v-motorsag-i-kommersiell-kvalitet-kc340-9\/","og_site_name":"Landing Kress","article_modified_time":"2025-08-05T08:29:11+00:00","og_image":[{"width":1038,"height":245,"url":"https:\/\/ad.kress.com\/wp-content\/uploads\/2025\/01\/main-logo-kress.webp","type":"image\/webp"}],"twitter_card":"summary_large_image","twitter_misc":{"Ber\u00e4knad l\u00e4stid":"1 minut"},"schema":{"@context":"https:\/\/schema.org","@graph":[{"@type":"WebPage","@id":"https:\/\/ad.kress.com\/sv-se\/60-v-motorsag-i-kommersiell-kvalitet-kc340-9\/","url":"https:\/\/ad.kress.com\/sv-se\/60-v-motorsag-i-kommersiell-kvalitet-kc340-9\/","name":"60 V motors\u00e5g i kommersiell kvalitet - Landing Kress","isPartOf":{"@id":"https:\/\/ad.kress.com\/en-gb\/#website"},"datePublished":"2025-08-05T08:29:39+00:00","dateModified":"2025-08-05T08:29:11+00:00","breadcrumb":{"@id":"https:\/\/ad.kress.com\/sv-se\/60-v-motorsag-i-kommersiell-kvalitet-kc340-9\/#breadcrumb"},"inLanguage":"sv-SE","potentialAction":[{"@type":"ReadAction","target":["https:\/\/ad.kress.com\/sv-se\/60-v-motorsag-i-kommersiell-kvalitet-kc340-9\/"]}]},{"@type":"BreadcrumbList","@id":"https:\/\/ad.kress.com\/sv-se\/60-v-motorsag-i-kommersiell-kvalitet-kc340-9\/#breadcrumb","itemListElement":[{"@type":"ListItem","position":1,"name":"Home","item":"https:\/\/ad.kress.com\/en-gb\/"},{"@type":"ListItem","position":2,"name":"60 V motors\u00e5g i kommersiell kvalitet"}]},{"@type":"WebSite","@id":"https:\/\/ad.kress.com\/en-gb\/#website","url":"https:\/\/ad.kress.com\/en-gb\/","name":"Kress - Commercial outdoor power equipment","description":"Kress","publisher":{"@id":"https:\/\/ad.kress.com\/en-gb\/#organization"},"alternateName":"Kress","potentialAction":[{"@type":"SearchAction","target":{"@type":"EntryPoint","urlTemplate":"https:\/\/ad.kress.com\/en-gb\/?s={search_term_string}"},"query-input":{"@type":"PropertyValueSpecification","valueRequired":true,"valueName":"search_term_string"}}],"inLanguage":"sv-SE"},{"@type":"Organization","@id":"https:\/\/ad.kress.com\/en-gb\/#organization","name":"Commercial outdoor power equipment","alternateName":"Kress","url":"https:\/\/ad.kress.com\/en-gb\/","logo":{"@type":"ImageObject","inLanguage":"sv-SE","@id":"https:\/\/ad.kress.com\/en-gb\/#\/schema\/logo\/image\/","url":"https:\/\/ad.kress.com\/wp-content\/uploads\/2025\/01\/main-logo-kress.webp","contentUrl":"https:\/\/ad.kress.com\/wp-content\/uploads\/2025\/01\/main-logo-kress.webp","width":1038,"height":245,"caption":"Commercial outdoor power equipment"},"image":{"@id":"https:\/\/ad.kress.com\/en-gb\/#\/schema\/logo\/image\/"}}]}},"_links":{"self":[{"href":"https:\/\/ad.kress.com\/sv-se\/wp-json\/wp\/v2\/product\/12252","targetHints":{"allow":["GET"]}}],"collection":[{"href":"https:\/\/ad.kress.com\/sv-se\/wp-json\/wp\/v2\/product"}],"about":[{"href":"https:\/\/ad.kress.com\/sv-se\/wp-json\/wp\/v2\/types\/product"}],"replies":[{"embeddable":true,"href":"https:\/\/ad.kress.com\/sv-se\/wp-json\/wp\/v2\/comments?post=12252"}],"wp:attachment":[{"href":"https:\/\/ad.kress.com\/sv-se\/wp-json\/wp\/v2\/media?parent=12252"}],"wp:term":[{"taxonomy":"product_brand","embeddable":true,"href":"https:\/\/ad.kress.com\/sv-se\/wp-json\/wp\/v2\/product_brand?post=12252"},{"taxonomy":"product_cat","embeddable":true,"href":"https:\/\/ad.kress.com\/sv-se\/wp-json\/wp\/v2\/product_cat?post=12252"},{"taxonomy":"product_tag","embeddable":true,"href":"https:\/\/ad.kress.com\/sv-se\/wp-json\/wp\/v2\/product_tag?post=12252"}],"curies":[{"name":"wp","href":"https:\/\/api.w.org\/{rel}","templated":true}]}}