{"id":12184,"date":"2025-08-05T08:29:28","date_gmt":"2025-08-05T08:29:28","guid":{"rendered":""},"modified":"2025-08-05T08:29:11","modified_gmt":"2025-08-05T08:29:11","slug":"kress-rtk%e2%81%bf-16-000-m%c2%b2-robotgrasklippare-med-oas-obstacle-avoidance-system-kr234e","status":"publish","type":"product","link":"https:\/\/ad.kress.com\/sv-se\/kress-rtk%e2%81%bf-16-000-m%c2%b2-robotgrasklippare-med-oas-obstacle-avoidance-system-kr234e\/","title":{"rendered":"Kress RTK\u207f 16 000 m\u00b2 robotgr\u00e4sklippare med OAS (Obstacle Avoidance System)"},"content":{"rendered":"<p>Robotgr\u00e4sklipparen KR234E omdefinierar precision inom gr\u00e4sklippning med Kress RTK\u207f-teknik och introducerar satellitstyrd noggrannhet p\u00e5 centimeterniv\u00e5 utan behov av n\u00e5gra fastighetsspecifika station\u00e4ra antenner. Den \u00e4r konstruerad f\u00f6r vidstr\u00e4ckta landskap och manikyrerar omr\u00e5den p\u00e5 upp till 36 000 m<sup>2<\/sup> med en randperfekt finish. KR236E \u00e4r utrustad med rakbladsvassa blad i tv\u00e5 lager och ett system f\u00f6r att undvika hinder, vilket g\u00f6r att den fungerar effektivt under alla f\u00f6rh\u00e5llanden. Dess samarbetstekniker MAP\u2122 (Mowing Action Plan) och TeamWork\u2122 ger s\u00f6ml\u00f6s hantering av alla komplexa gr\u00e4sytor.<\/p>\n","protected":false},"excerpt":{"rendered":"<p>Robotgr\u00e4sklipparen KR234E omdefinierar precision inom gr\u00e4sklippning med Kress RTK\u207f-teknik och introducerar satellitstyrd noggrannhet p\u00e5 centimeterniv\u00e5 utan behov av n\u00e5gra fastighetsspecifika station\u00e4ra antenner. Den \u00e4r konstruerad f\u00f6r vidstr\u00e4ckta landskap och manikyrerar omr\u00e5den p\u00e5 upp till 36 000 m2 med en randperfekt finish. KR236E \u00e4r utrustad med rakbladsvassa blad i tv\u00e5 lager och ett system f\u00f6r att&hellip; <a class=\"more-link\" href=\"https:\/\/ad.kress.com\/sv-se\/kress-rtk%e2%81%bf-16-000-m%c2%b2-robotgrasklippare-med-oas-obstacle-avoidance-system-kr234e\/\">Continue reading <span class=\"screen-reader-text\">Kress RTK\u207f 16 000 m\u00b2 robotgr\u00e4sklippare med OAS (Obstacle Avoidance System)<\/span><\/a><\/p>\n","protected":false},"featured_media":9339,"comment_status":"closed","ping_status":"closed","template":"","meta":[],"product_brand":[],"product_cat":[],"product_tag":[],"class_list":{"0":"post-12184","1":"product","2":"type-product","3":"status-publish","4":"has-post-thumbnail","6":"entry","8":"first","9":"instock","10":"shipping-taxable","11":"purchasable","12":"product-type-simple"},"yoast_head":"<!-- This site is optimized with the Yoast SEO plugin v24.3 - https:\/\/yoast.com\/wordpress\/plugins\/seo\/ -->\n<title>Kress RTK\u207f 16 000 m\u00b2 robotgr\u00e4sklippare med OAS (Obstacle Avoidance System) - Landing Kress<\/title>\n<meta name=\"robots\" content=\"index, follow, max-snippet:-1, max-image-preview:large, max-video-preview:-1\" \/>\n<link rel=\"canonical\" href=\"https:\/\/ad.kress.com\/en\/kress-rtk\u207f-24000-m\u00b2-robotic-lawn-mower-with-oas-obstacle-avoidance-system-kr234e\/\" \/>\n<meta property=\"og:locale\" content=\"sv_SE\" \/>\n<meta property=\"og:type\" content=\"article\" \/>\n<meta property=\"og:title\" content=\"Kress RTK\u207f 16 000 m\u00b2 robotgr\u00e4sklippare med OAS (Obstacle Avoidance System) - Landing Kress\" \/>\n<meta property=\"og:description\" content=\"Robotgr\u00e4sklipparen KR234E omdefinierar precision inom gr\u00e4sklippning med Kress RTK\u207f-teknik och introducerar satellitstyrd noggrannhet p\u00e5 centimeterniv\u00e5 utan behov av n\u00e5gra fastighetsspecifika station\u00e4ra antenner. Den \u00e4r konstruerad f\u00f6r vidstr\u00e4ckta landskap och manikyrerar omr\u00e5den p\u00e5 upp till 36 000 m2 med en randperfekt finish. KR236E \u00e4r utrustad med rakbladsvassa blad i tv\u00e5 lager och ett system f\u00f6r att&hellip; Continue reading Kress RTK\u207f 16 000 m\u00b2 robotgr\u00e4sklippare med OAS (Obstacle Avoidance System)\" \/>\n<meta property=\"og:url\" content=\"https:\/\/ad.kress.com\/en\/kress-rtk\u207f-24000-m\u00b2-robotic-lawn-mower-with-oas-obstacle-avoidance-system-kr234e\/\" \/>\n<meta property=\"og:site_name\" content=\"Landing Kress\" \/>\n<meta property=\"article:modified_time\" content=\"2025-08-05T08:29:11+00:00\" \/>\n<meta property=\"og:image\" content=\"https:\/\/ad.kress.com\/wp-content\/uploads\/onpage\/op_image_aa1f766f53a8b6ef4779d4da6cfe05b23c17d393.1980x.webp\" \/>\n\t<meta property=\"og:image:width\" content=\"1980\" \/>\n\t<meta property=\"og:image:height\" content=\"1980\" \/>\n\t<meta property=\"og:image:type\" content=\"image\/webp\" \/>\n<meta name=\"twitter:card\" content=\"summary_large_image\" \/>\n<script type=\"application\/ld+json\" class=\"yoast-schema-graph\">{\"@context\":\"https:\/\/schema.org\",\"@graph\":[{\"@type\":\"WebPage\",\"@id\":\"https:\/\/ad.kress.com\/en\/kress-rtk%e2%81%bf-24000-m%c2%b2-robotic-lawn-mower-with-oas-obstacle-avoidance-system-kr234e\/\",\"url\":\"https:\/\/ad.kress.com\/en\/kress-rtk%e2%81%bf-24000-m%c2%b2-robotic-lawn-mower-with-oas-obstacle-avoidance-system-kr234e\/\",\"name\":\"Kress RTK\u207f 16 000 m\u00b2 robotgr\u00e4sklippare med OAS (Obstacle Avoidance System) - Landing Kress\",\"isPartOf\":{\"@id\":\"https:\/\/ad.kress.com\/en-gb\/#website\"},\"primaryImageOfPage\":{\"@id\":\"https:\/\/ad.kress.com\/en\/kress-rtk%e2%81%bf-24000-m%c2%b2-robotic-lawn-mower-with-oas-obstacle-avoidance-system-kr234e\/#primaryimage\"},\"image\":{\"@id\":\"https:\/\/ad.kress.com\/en\/kress-rtk%e2%81%bf-24000-m%c2%b2-robotic-lawn-mower-with-oas-obstacle-avoidance-system-kr234e\/#primaryimage\"},\"thumbnailUrl\":\"https:\/\/ad.kress.com\/wp-content\/uploads\/onpage\/op_image_aa1f766f53a8b6ef4779d4da6cfe05b23c17d393.1980x.webp\",\"datePublished\":\"2025-08-05T08:29:28+00:00\",\"dateModified\":\"2025-08-05T08:29:11+00:00\",\"breadcrumb\":{\"@id\":\"https:\/\/ad.kress.com\/en\/kress-rtk%e2%81%bf-24000-m%c2%b2-robotic-lawn-mower-with-oas-obstacle-avoidance-system-kr234e\/#breadcrumb\"},\"inLanguage\":\"sv-SE\",\"potentialAction\":[{\"@type\":\"ReadAction\",\"target\":[\"https:\/\/ad.kress.com\/en\/kress-rtk%e2%81%bf-24000-m%c2%b2-robotic-lawn-mower-with-oas-obstacle-avoidance-system-kr234e\/\"]}]},{\"@type\":\"ImageObject\",\"inLanguage\":\"sv-SE\",\"@id\":\"https:\/\/ad.kress.com\/en\/kress-rtk%e2%81%bf-24000-m%c2%b2-robotic-lawn-mower-with-oas-obstacle-avoidance-system-kr234e\/#primaryimage\",\"url\":\"https:\/\/ad.kress.com\/wp-content\/uploads\/onpage\/op_image_aa1f766f53a8b6ef4779d4da6cfe05b23c17d393.1980x.webp\",\"contentUrl\":\"https:\/\/ad.kress.com\/wp-content\/uploads\/onpage\/op_image_aa1f766f53a8b6ef4779d4da6cfe05b23c17d393.1980x.webp\",\"width\":1980,\"height\":1980},{\"@type\":\"BreadcrumbList\",\"@id\":\"https:\/\/ad.kress.com\/en\/kress-rtk%e2%81%bf-24000-m%c2%b2-robotic-lawn-mower-with-oas-obstacle-avoidance-system-kr234e\/#breadcrumb\",\"itemListElement\":[{\"@type\":\"ListItem\",\"position\":1,\"name\":\"Home\",\"item\":\"https:\/\/ad.kress.com\/en-gb\/\"},{\"@type\":\"ListItem\",\"position\":2,\"name\":\"Kress RTK\u207f 16 000 m\u00b2 robotgr\u00e4sklippare med OAS (Obstacle Avoidance System)\"}]},{\"@type\":\"WebSite\",\"@id\":\"https:\/\/ad.kress.com\/en-gb\/#website\",\"url\":\"https:\/\/ad.kress.com\/en-gb\/\",\"name\":\"Kress - Commercial outdoor power equipment\",\"description\":\"Kress\",\"publisher\":{\"@id\":\"https:\/\/ad.kress.com\/en-gb\/#organization\"},\"alternateName\":\"Kress\",\"potentialAction\":[{\"@type\":\"SearchAction\",\"target\":{\"@type\":\"EntryPoint\",\"urlTemplate\":\"https:\/\/ad.kress.com\/en-gb\/?s={search_term_string}\"},\"query-input\":{\"@type\":\"PropertyValueSpecification\",\"valueRequired\":true,\"valueName\":\"search_term_string\"}}],\"inLanguage\":\"sv-SE\"},{\"@type\":\"Organization\",\"@id\":\"https:\/\/ad.kress.com\/en-gb\/#organization\",\"name\":\"Commercial outdoor power equipment\",\"alternateName\":\"Kress\",\"url\":\"https:\/\/ad.kress.com\/en-gb\/\",\"logo\":{\"@type\":\"ImageObject\",\"inLanguage\":\"sv-SE\",\"@id\":\"https:\/\/ad.kress.com\/en-gb\/#\/schema\/logo\/image\/\",\"url\":\"https:\/\/ad.kress.com\/wp-content\/uploads\/2025\/01\/main-logo-kress.webp\",\"contentUrl\":\"https:\/\/ad.kress.com\/wp-content\/uploads\/2025\/01\/main-logo-kress.webp\",\"width\":1038,\"height\":245,\"caption\":\"Commercial outdoor power equipment\"},\"image\":{\"@id\":\"https:\/\/ad.kress.com\/en-gb\/#\/schema\/logo\/image\/\"}}]}<\/script>\n<!-- \/ Yoast SEO plugin. -->","yoast_head_json":{"title":"Kress RTK\u207f 16 000 m\u00b2 robotgr\u00e4sklippare med OAS (Obstacle Avoidance System) - Landing Kress","robots":{"index":"index","follow":"follow","max-snippet":"max-snippet:-1","max-image-preview":"max-image-preview:large","max-video-preview":"max-video-preview:-1"},"canonical":"https:\/\/ad.kress.com\/en\/kress-rtk\u207f-24000-m\u00b2-robotic-lawn-mower-with-oas-obstacle-avoidance-system-kr234e\/","og_locale":"sv_SE","og_type":"article","og_title":"Kress RTK\u207f 16 000 m\u00b2 robotgr\u00e4sklippare med OAS (Obstacle Avoidance System) - Landing Kress","og_description":"Robotgr\u00e4sklipparen KR234E omdefinierar precision inom gr\u00e4sklippning med Kress RTK\u207f-teknik och introducerar satellitstyrd noggrannhet p\u00e5 centimeterniv\u00e5 utan behov av n\u00e5gra fastighetsspecifika station\u00e4ra antenner. Den \u00e4r konstruerad f\u00f6r vidstr\u00e4ckta landskap och manikyrerar omr\u00e5den p\u00e5 upp till 36 000 m2 med en randperfekt finish. KR236E \u00e4r utrustad med rakbladsvassa blad i tv\u00e5 lager och ett system f\u00f6r att&hellip; Continue reading Kress RTK\u207f 16 000 m\u00b2 robotgr\u00e4sklippare med OAS (Obstacle Avoidance System)","og_url":"https:\/\/ad.kress.com\/en\/kress-rtk\u207f-24000-m\u00b2-robotic-lawn-mower-with-oas-obstacle-avoidance-system-kr234e\/","og_site_name":"Landing Kress","article_modified_time":"2025-08-05T08:29:11+00:00","og_image":[{"width":1980,"height":1980,"url":"https:\/\/ad.kress.com\/wp-content\/uploads\/onpage\/op_image_aa1f766f53a8b6ef4779d4da6cfe05b23c17d393.1980x.webp","type":"image\/webp"}],"twitter_card":"summary_large_image","schema":{"@context":"https:\/\/schema.org","@graph":[{"@type":"WebPage","@id":"https:\/\/ad.kress.com\/en\/kress-rtk%e2%81%bf-24000-m%c2%b2-robotic-lawn-mower-with-oas-obstacle-avoidance-system-kr234e\/","url":"https:\/\/ad.kress.com\/en\/kress-rtk%e2%81%bf-24000-m%c2%b2-robotic-lawn-mower-with-oas-obstacle-avoidance-system-kr234e\/","name":"Kress RTK\u207f 16 000 m\u00b2 robotgr\u00e4sklippare med OAS (Obstacle Avoidance System) - Landing Kress","isPartOf":{"@id":"https:\/\/ad.kress.com\/en-gb\/#website"},"primaryImageOfPage":{"@id":"https:\/\/ad.kress.com\/en\/kress-rtk%e2%81%bf-24000-m%c2%b2-robotic-lawn-mower-with-oas-obstacle-avoidance-system-kr234e\/#primaryimage"},"image":{"@id":"https:\/\/ad.kress.com\/en\/kress-rtk%e2%81%bf-24000-m%c2%b2-robotic-lawn-mower-with-oas-obstacle-avoidance-system-kr234e\/#primaryimage"},"thumbnailUrl":"https:\/\/ad.kress.com\/wp-content\/uploads\/onpage\/op_image_aa1f766f53a8b6ef4779d4da6cfe05b23c17d393.1980x.webp","datePublished":"2025-08-05T08:29:28+00:00","dateModified":"2025-08-05T08:29:11+00:00","breadcrumb":{"@id":"https:\/\/ad.kress.com\/en\/kress-rtk%e2%81%bf-24000-m%c2%b2-robotic-lawn-mower-with-oas-obstacle-avoidance-system-kr234e\/#breadcrumb"},"inLanguage":"sv-SE","potentialAction":[{"@type":"ReadAction","target":["https:\/\/ad.kress.com\/en\/kress-rtk%e2%81%bf-24000-m%c2%b2-robotic-lawn-mower-with-oas-obstacle-avoidance-system-kr234e\/"]}]},{"@type":"ImageObject","inLanguage":"sv-SE","@id":"https:\/\/ad.kress.com\/en\/kress-rtk%e2%81%bf-24000-m%c2%b2-robotic-lawn-mower-with-oas-obstacle-avoidance-system-kr234e\/#primaryimage","url":"https:\/\/ad.kress.com\/wp-content\/uploads\/onpage\/op_image_aa1f766f53a8b6ef4779d4da6cfe05b23c17d393.1980x.webp","contentUrl":"https:\/\/ad.kress.com\/wp-content\/uploads\/onpage\/op_image_aa1f766f53a8b6ef4779d4da6cfe05b23c17d393.1980x.webp","width":1980,"height":1980},{"@type":"BreadcrumbList","@id":"https:\/\/ad.kress.com\/en\/kress-rtk%e2%81%bf-24000-m%c2%b2-robotic-lawn-mower-with-oas-obstacle-avoidance-system-kr234e\/#breadcrumb","itemListElement":[{"@type":"ListItem","position":1,"name":"Home","item":"https:\/\/ad.kress.com\/en-gb\/"},{"@type":"ListItem","position":2,"name":"Kress RTK\u207f 16 000 m\u00b2 robotgr\u00e4sklippare med OAS (Obstacle Avoidance System)"}]},{"@type":"WebSite","@id":"https:\/\/ad.kress.com\/en-gb\/#website","url":"https:\/\/ad.kress.com\/en-gb\/","name":"Kress - Commercial outdoor power equipment","description":"Kress","publisher":{"@id":"https:\/\/ad.kress.com\/en-gb\/#organization"},"alternateName":"Kress","potentialAction":[{"@type":"SearchAction","target":{"@type":"EntryPoint","urlTemplate":"https:\/\/ad.kress.com\/en-gb\/?s={search_term_string}"},"query-input":{"@type":"PropertyValueSpecification","valueRequired":true,"valueName":"search_term_string"}}],"inLanguage":"sv-SE"},{"@type":"Organization","@id":"https:\/\/ad.kress.com\/en-gb\/#organization","name":"Commercial outdoor power equipment","alternateName":"Kress","url":"https:\/\/ad.kress.com\/en-gb\/","logo":{"@type":"ImageObject","inLanguage":"sv-SE","@id":"https:\/\/ad.kress.com\/en-gb\/#\/schema\/logo\/image\/","url":"https:\/\/ad.kress.com\/wp-content\/uploads\/2025\/01\/main-logo-kress.webp","contentUrl":"https:\/\/ad.kress.com\/wp-content\/uploads\/2025\/01\/main-logo-kress.webp","width":1038,"height":245,"caption":"Commercial outdoor power equipment"},"image":{"@id":"https:\/\/ad.kress.com\/en-gb\/#\/schema\/logo\/image\/"}}]}},"_links":{"self":[{"href":"https:\/\/ad.kress.com\/sv-se\/wp-json\/wp\/v2\/product\/12184","targetHints":{"allow":["GET"]}}],"collection":[{"href":"https:\/\/ad.kress.com\/sv-se\/wp-json\/wp\/v2\/product"}],"about":[{"href":"https:\/\/ad.kress.com\/sv-se\/wp-json\/wp\/v2\/types\/product"}],"replies":[{"embeddable":true,"href":"https:\/\/ad.kress.com\/sv-se\/wp-json\/wp\/v2\/comments?post=12184"}],"wp:featuredmedia":[{"embeddable":true,"href":"https:\/\/ad.kress.com\/sv-se\/wp-json\/wp\/v2\/media\/9339"}],"wp:attachment":[{"href":"https:\/\/ad.kress.com\/sv-se\/wp-json\/wp\/v2\/media?parent=12184"}],"wp:term":[{"taxonomy":"product_brand","embeddable":true,"href":"https:\/\/ad.kress.com\/sv-se\/wp-json\/wp\/v2\/product_brand?post=12184"},{"taxonomy":"product_cat","embeddable":true,"href":"https:\/\/ad.kress.com\/sv-se\/wp-json\/wp\/v2\/product_cat?post=12184"},{"taxonomy":"product_tag","embeddable":true,"href":"https:\/\/ad.kress.com\/sv-se\/wp-json\/wp\/v2\/product_tag?post=12184"}],"curies":[{"name":"wp","href":"https:\/\/api.w.org\/{rel}","templated":true}]}}