{"id":6920,"date":"2025-04-04T07:57:49","date_gmt":"2025-04-04T07:57:49","guid":{"rendered":""},"modified":"2025-08-05T08:29:11","modified_gmt":"2025-08-05T08:29:11","slug":"kress-60-v-61-cm-2-traps-zelfrijdende-sneeuwblazer-kg470-9","status":"publish","type":"product","link":"https:\/\/ad.kress.com\/nl-be\/kress-60-v-61-cm-2-traps-zelfrijdende-sneeuwblazer-kg470-9\/","title":{"rendered":"60 V sneeuwblazer"},"content":{"rendered":"<p>De Kress KG470 2-traps sneeuwblazer is gebouwd voor hoge prestaties in zware winterse omstandigheden en kan tot 8 centimeter sneeuw ruimen op een oprit voor 12 auto&#8217;s met \u00e9\u00e9n lading. Het zelfrijdende aandrijfsysteem beweegt soepel vooruit en achteruit, aangedreven door dubbele borstelloze motoren die zowel ploegen als aandrijven met gemak afhandelen. Gebruiksvriendelijke functies, zoals bediening met \u00e9\u00e9n hand via een intu\u00eftief bedieningspaneel en een 2-in-1 uitwerpopening, stellen je in staat om sneeuw met precisie en effici\u00ebntie te leiden.<\/p>\n","protected":false},"excerpt":{"rendered":"<p>De Kress KG470 2-traps sneeuwblazer is gebouwd voor hoge prestaties in zware winterse omstandigheden en kan tot 8 centimeter sneeuw ruimen op een oprit voor 12 auto&#8217;s met \u00e9\u00e9n lading. Het zelfrijdende aandrijfsysteem beweegt soepel vooruit en achteruit, aangedreven door dubbele borstelloze motoren die zowel ploegen als aandrijven met gemak afhandelen. Gebruiksvriendelijke functies, zoals bediening&hellip; <a class=\"more-link\" href=\"https:\/\/ad.kress.com\/nl-be\/kress-60-v-61-cm-2-traps-zelfrijdende-sneeuwblazer-kg470-9\/\">Continue reading <span class=\"screen-reader-text\">60 V sneeuwblazer<\/span><\/a><\/p>\n","protected":false},"featured_media":10784,"comment_status":"closed","ping_status":"closed","template":"","meta":[],"product_brand":[],"product_cat":[],"product_tag":[],"class_list":{"0":"post-6920","1":"product","2":"type-product","3":"status-publish","4":"has-post-thumbnail","6":"entry","8":"first","9":"instock","10":"shipping-taxable","11":"product-type-simple"},"yoast_head":"<!-- This site is optimized with the Yoast SEO plugin v24.3 - https:\/\/yoast.com\/wordpress\/plugins\/seo\/ -->\n<title>60 V sneeuwblazer - Landing Kress<\/title>\n<meta name=\"robots\" content=\"index, follow, max-snippet:-1, max-image-preview:large, max-video-preview:-1\" \/>\n<link rel=\"canonical\" href=\"https:\/\/ad.kress.com\/nl-be\/kress-60-v-61-cm-2-traps-zelfrijdende-sneeuwblazer-kg470-9\/\" \/>\n<meta property=\"og:locale\" content=\"nl_BE\" \/>\n<meta property=\"og:type\" content=\"article\" \/>\n<meta property=\"og:title\" content=\"60 V sneeuwblazer - Landing Kress\" \/>\n<meta property=\"og:description\" content=\"De Kress KG470 2-traps sneeuwblazer is gebouwd voor hoge prestaties in zware winterse omstandigheden en kan tot 8 centimeter sneeuw ruimen op een oprit voor 12 auto&#8217;s met \u00e9\u00e9n lading. Het zelfrijdende aandrijfsysteem beweegt soepel vooruit en achteruit, aangedreven door dubbele borstelloze motoren die zowel ploegen als aandrijven met gemak afhandelen. Gebruiksvriendelijke functies, zoals bediening&hellip; Continue reading 60 V sneeuwblazer\" \/>\n<meta property=\"og:url\" content=\"https:\/\/ad.kress.com\/nl-be\/kress-60-v-61-cm-2-traps-zelfrijdende-sneeuwblazer-kg470-9\/\" \/>\n<meta property=\"og:site_name\" content=\"Landing Kress\" \/>\n<meta property=\"article:modified_time\" content=\"2025-08-05T08:29:11+00:00\" \/>\n<meta property=\"og:image\" content=\"https:\/\/ad.kress.com\/wp-content\/uploads\/onpage\/op_image_e15b64602136e47de188e0157a51b2c3243c1e90.1980x.webp\" \/>\n\t<meta property=\"og:image:width\" content=\"1980\" \/>\n\t<meta property=\"og:image:height\" content=\"1980\" \/>\n\t<meta property=\"og:image:type\" content=\"image\/webp\" \/>\n<meta name=\"twitter:card\" content=\"summary_large_image\" \/>\n<script type=\"application\/ld+json\" class=\"yoast-schema-graph\">{\"@context\":\"https:\/\/schema.org\",\"@graph\":[{\"@type\":\"WebPage\",\"@id\":\"https:\/\/ad.kress.com\/nl-be\/kress-60-v-61-cm-2-traps-zelfrijdende-sneeuwblazer-kg470-9\/\",\"url\":\"https:\/\/ad.kress.com\/nl-be\/kress-60-v-61-cm-2-traps-zelfrijdende-sneeuwblazer-kg470-9\/\",\"name\":\"60 V sneeuwblazer - Landing Kress\",\"isPartOf\":{\"@id\":\"https:\/\/ad.kress.com\/en-gb\/#website\"},\"primaryImageOfPage\":{\"@id\":\"https:\/\/ad.kress.com\/nl-be\/kress-60-v-61-cm-2-traps-zelfrijdende-sneeuwblazer-kg470-9\/#primaryimage\"},\"image\":{\"@id\":\"https:\/\/ad.kress.com\/nl-be\/kress-60-v-61-cm-2-traps-zelfrijdende-sneeuwblazer-kg470-9\/#primaryimage\"},\"thumbnailUrl\":\"https:\/\/ad.kress.com\/wp-content\/uploads\/onpage\/op_image_e15b64602136e47de188e0157a51b2c3243c1e90.1980x.webp\",\"datePublished\":\"2025-04-04T07:57:49+00:00\",\"dateModified\":\"2025-08-05T08:29:11+00:00\",\"breadcrumb\":{\"@id\":\"https:\/\/ad.kress.com\/nl-be\/kress-60-v-61-cm-2-traps-zelfrijdende-sneeuwblazer-kg470-9\/#breadcrumb\"},\"inLanguage\":\"nl-BE\",\"potentialAction\":[{\"@type\":\"ReadAction\",\"target\":[\"https:\/\/ad.kress.com\/nl-be\/kress-60-v-61-cm-2-traps-zelfrijdende-sneeuwblazer-kg470-9\/\"]}]},{\"@type\":\"ImageObject\",\"inLanguage\":\"nl-BE\",\"@id\":\"https:\/\/ad.kress.com\/nl-be\/kress-60-v-61-cm-2-traps-zelfrijdende-sneeuwblazer-kg470-9\/#primaryimage\",\"url\":\"https:\/\/ad.kress.com\/wp-content\/uploads\/onpage\/op_image_e15b64602136e47de188e0157a51b2c3243c1e90.1980x.webp\",\"contentUrl\":\"https:\/\/ad.kress.com\/wp-content\/uploads\/onpage\/op_image_e15b64602136e47de188e0157a51b2c3243c1e90.1980x.webp\",\"width\":1980,\"height\":1980},{\"@type\":\"BreadcrumbList\",\"@id\":\"https:\/\/ad.kress.com\/nl-be\/kress-60-v-61-cm-2-traps-zelfrijdende-sneeuwblazer-kg470-9\/#breadcrumb\",\"itemListElement\":[{\"@type\":\"ListItem\",\"position\":1,\"name\":\"Home\",\"item\":\"https:\/\/ad.kress.com\/en-gb\/\"},{\"@type\":\"ListItem\",\"position\":2,\"name\":\"Kress 60 V 61 cm 2-traps zelfrijdende sneeuwblazer\"}]},{\"@type\":\"WebSite\",\"@id\":\"https:\/\/ad.kress.com\/en-gb\/#website\",\"url\":\"https:\/\/ad.kress.com\/en-gb\/\",\"name\":\"Kress - Commercial outdoor power equipment\",\"description\":\"Kress\",\"publisher\":{\"@id\":\"https:\/\/ad.kress.com\/en-gb\/#organization\"},\"alternateName\":\"Kress\",\"potentialAction\":[{\"@type\":\"SearchAction\",\"target\":{\"@type\":\"EntryPoint\",\"urlTemplate\":\"https:\/\/ad.kress.com\/en-gb\/?s={search_term_string}\"},\"query-input\":{\"@type\":\"PropertyValueSpecification\",\"valueRequired\":true,\"valueName\":\"search_term_string\"}}],\"inLanguage\":\"nl-BE\"},{\"@type\":\"Organization\",\"@id\":\"https:\/\/ad.kress.com\/en-gb\/#organization\",\"name\":\"Commercial outdoor power equipment\",\"alternateName\":\"Kress\",\"url\":\"https:\/\/ad.kress.com\/en-gb\/\",\"logo\":{\"@type\":\"ImageObject\",\"inLanguage\":\"nl-BE\",\"@id\":\"https:\/\/ad.kress.com\/en-gb\/#\/schema\/logo\/image\/\",\"url\":\"https:\/\/ad.kress.com\/wp-content\/uploads\/2025\/01\/main-logo-kress.webp\",\"contentUrl\":\"https:\/\/ad.kress.com\/wp-content\/uploads\/2025\/01\/main-logo-kress.webp\",\"width\":1038,\"height\":245,\"caption\":\"Commercial outdoor power equipment\"},\"image\":{\"@id\":\"https:\/\/ad.kress.com\/en-gb\/#\/schema\/logo\/image\/\"}}]}<\/script>\n<!-- \/ Yoast SEO plugin. -->","yoast_head_json":{"title":"60 V sneeuwblazer - Landing Kress","robots":{"index":"index","follow":"follow","max-snippet":"max-snippet:-1","max-image-preview":"max-image-preview:large","max-video-preview":"max-video-preview:-1"},"canonical":"https:\/\/ad.kress.com\/nl-be\/kress-60-v-61-cm-2-traps-zelfrijdende-sneeuwblazer-kg470-9\/","og_locale":"nl_BE","og_type":"article","og_title":"60 V sneeuwblazer - Landing Kress","og_description":"De Kress KG470 2-traps sneeuwblazer is gebouwd voor hoge prestaties in zware winterse omstandigheden en kan tot 8 centimeter sneeuw ruimen op een oprit voor 12 auto&#8217;s met \u00e9\u00e9n lading. Het zelfrijdende aandrijfsysteem beweegt soepel vooruit en achteruit, aangedreven door dubbele borstelloze motoren die zowel ploegen als aandrijven met gemak afhandelen. Gebruiksvriendelijke functies, zoals bediening&hellip; Continue reading 60 V sneeuwblazer","og_url":"https:\/\/ad.kress.com\/nl-be\/kress-60-v-61-cm-2-traps-zelfrijdende-sneeuwblazer-kg470-9\/","og_site_name":"Landing Kress","article_modified_time":"2025-08-05T08:29:11+00:00","og_image":[{"width":1980,"height":1980,"url":"https:\/\/ad.kress.com\/wp-content\/uploads\/onpage\/op_image_e15b64602136e47de188e0157a51b2c3243c1e90.1980x.webp","type":"image\/webp"}],"twitter_card":"summary_large_image","schema":{"@context":"https:\/\/schema.org","@graph":[{"@type":"WebPage","@id":"https:\/\/ad.kress.com\/nl-be\/kress-60-v-61-cm-2-traps-zelfrijdende-sneeuwblazer-kg470-9\/","url":"https:\/\/ad.kress.com\/nl-be\/kress-60-v-61-cm-2-traps-zelfrijdende-sneeuwblazer-kg470-9\/","name":"60 V sneeuwblazer - Landing Kress","isPartOf":{"@id":"https:\/\/ad.kress.com\/en-gb\/#website"},"primaryImageOfPage":{"@id":"https:\/\/ad.kress.com\/nl-be\/kress-60-v-61-cm-2-traps-zelfrijdende-sneeuwblazer-kg470-9\/#primaryimage"},"image":{"@id":"https:\/\/ad.kress.com\/nl-be\/kress-60-v-61-cm-2-traps-zelfrijdende-sneeuwblazer-kg470-9\/#primaryimage"},"thumbnailUrl":"https:\/\/ad.kress.com\/wp-content\/uploads\/onpage\/op_image_e15b64602136e47de188e0157a51b2c3243c1e90.1980x.webp","datePublished":"2025-04-04T07:57:49+00:00","dateModified":"2025-08-05T08:29:11+00:00","breadcrumb":{"@id":"https:\/\/ad.kress.com\/nl-be\/kress-60-v-61-cm-2-traps-zelfrijdende-sneeuwblazer-kg470-9\/#breadcrumb"},"inLanguage":"nl-BE","potentialAction":[{"@type":"ReadAction","target":["https:\/\/ad.kress.com\/nl-be\/kress-60-v-61-cm-2-traps-zelfrijdende-sneeuwblazer-kg470-9\/"]}]},{"@type":"ImageObject","inLanguage":"nl-BE","@id":"https:\/\/ad.kress.com\/nl-be\/kress-60-v-61-cm-2-traps-zelfrijdende-sneeuwblazer-kg470-9\/#primaryimage","url":"https:\/\/ad.kress.com\/wp-content\/uploads\/onpage\/op_image_e15b64602136e47de188e0157a51b2c3243c1e90.1980x.webp","contentUrl":"https:\/\/ad.kress.com\/wp-content\/uploads\/onpage\/op_image_e15b64602136e47de188e0157a51b2c3243c1e90.1980x.webp","width":1980,"height":1980},{"@type":"BreadcrumbList","@id":"https:\/\/ad.kress.com\/nl-be\/kress-60-v-61-cm-2-traps-zelfrijdende-sneeuwblazer-kg470-9\/#breadcrumb","itemListElement":[{"@type":"ListItem","position":1,"name":"Home","item":"https:\/\/ad.kress.com\/en-gb\/"},{"@type":"ListItem","position":2,"name":"Kress 60 V 61 cm 2-traps zelfrijdende sneeuwblazer"}]},{"@type":"WebSite","@id":"https:\/\/ad.kress.com\/en-gb\/#website","url":"https:\/\/ad.kress.com\/en-gb\/","name":"Kress - Commercial outdoor power equipment","description":"Kress","publisher":{"@id":"https:\/\/ad.kress.com\/en-gb\/#organization"},"alternateName":"Kress","potentialAction":[{"@type":"SearchAction","target":{"@type":"EntryPoint","urlTemplate":"https:\/\/ad.kress.com\/en-gb\/?s={search_term_string}"},"query-input":{"@type":"PropertyValueSpecification","valueRequired":true,"valueName":"search_term_string"}}],"inLanguage":"nl-BE"},{"@type":"Organization","@id":"https:\/\/ad.kress.com\/en-gb\/#organization","name":"Commercial outdoor power equipment","alternateName":"Kress","url":"https:\/\/ad.kress.com\/en-gb\/","logo":{"@type":"ImageObject","inLanguage":"nl-BE","@id":"https:\/\/ad.kress.com\/en-gb\/#\/schema\/logo\/image\/","url":"https:\/\/ad.kress.com\/wp-content\/uploads\/2025\/01\/main-logo-kress.webp","contentUrl":"https:\/\/ad.kress.com\/wp-content\/uploads\/2025\/01\/main-logo-kress.webp","width":1038,"height":245,"caption":"Commercial outdoor power equipment"},"image":{"@id":"https:\/\/ad.kress.com\/en-gb\/#\/schema\/logo\/image\/"}}]}},"_links":{"self":[{"href":"https:\/\/ad.kress.com\/nl-be\/wp-json\/wp\/v2\/product\/6920","targetHints":{"allow":["GET"]}}],"collection":[{"href":"https:\/\/ad.kress.com\/nl-be\/wp-json\/wp\/v2\/product"}],"about":[{"href":"https:\/\/ad.kress.com\/nl-be\/wp-json\/wp\/v2\/types\/product"}],"replies":[{"embeddable":true,"href":"https:\/\/ad.kress.com\/nl-be\/wp-json\/wp\/v2\/comments?post=6920"}],"wp:featuredmedia":[{"embeddable":true,"href":"https:\/\/ad.kress.com\/nl-be\/wp-json\/wp\/v2\/media\/10784"}],"wp:attachment":[{"href":"https:\/\/ad.kress.com\/nl-be\/wp-json\/wp\/v2\/media?parent=6920"}],"wp:term":[{"taxonomy":"product_brand","embeddable":true,"href":"https:\/\/ad.kress.com\/nl-be\/wp-json\/wp\/v2\/product_brand?post=6920"},{"taxonomy":"product_cat","embeddable":true,"href":"https:\/\/ad.kress.com\/nl-be\/wp-json\/wp\/v2\/product_cat?post=6920"},{"taxonomy":"product_tag","embeddable":true,"href":"https:\/\/ad.kress.com\/nl-be\/wp-json\/wp\/v2\/product_tag?post=6920"}],"curies":[{"name":"wp","href":"https:\/\/api.w.org\/{rel}","templated":true}]}}