{"id":7229,"date":"2025-04-04T07:57:53","date_gmt":"2025-04-04T07:57:53","guid":{"rendered":""},"modified":"2025-08-05T08:29:11","modified_gmt":"2025-08-05T08:29:11","slug":"custodia-di-ricarica-estesa-a-4-porte-di-kress-commercial-kac843","status":"publish","type":"product","link":"https:\/\/ad.kress.com\/it-ch\/custodia-di-ricarica-estesa-a-4-porte-di-kress-commercial-kac843\/","title":{"rendered":"Custodia di ricarica estesa a 4 porte di Kress Commercial"},"content":{"rendered":"<p>La custodia di ricarica estesa a 4 porte Kress \u00e8 una soluzione robusta per le attivit\u00e0 ad alta intensit\u00e0 di energia, progettata per amplificare le capacit\u00e0 dei caricabatterie Kress Commercial. Con un totale di quattro porte di ricarica, pu\u00f2 ospitare contemporaneamente quattro batterie da zaino\/da bordo, semplificando il processo di ricarica.<\/p>\n","protected":false},"excerpt":{"rendered":"<p>La custodia di ricarica estesa a 4 porte Kress \u00e8 una soluzione robusta per le attivit\u00e0 ad alta intensit\u00e0 di energia, progettata per amplificare le capacit\u00e0 dei caricabatterie Kress Commercial. Con un totale di quattro porte di ricarica, pu\u00f2 ospitare contemporaneamente quattro batterie da zaino\/da bordo, semplificando il processo di ricarica.<\/p>\n","protected":false},"featured_media":11056,"comment_status":"closed","ping_status":"closed","template":"","meta":[],"product_brand":[],"product_cat":[],"product_tag":[],"class_list":{"0":"post-7229","1":"product","2":"type-product","3":"status-publish","4":"has-post-thumbnail","6":"entry","8":"first","9":"instock","10":"shipping-taxable","11":"purchasable","12":"product-type-simple"},"yoast_head":"<!-- This site is optimized with the Yoast SEO plugin v24.3 - https:\/\/yoast.com\/wordpress\/plugins\/seo\/ -->\n<title>Custodia di ricarica estesa a 4 porte di Kress Commercial - Landing Kress<\/title>\n<meta name=\"robots\" content=\"index, follow, max-snippet:-1, max-image-preview:large, max-video-preview:-1\" \/>\n<link rel=\"canonical\" href=\"https:\/\/ad.kress.com\/en\/kress-commercial-4-port-extended-charging-case-kac843\/\" \/>\n<meta property=\"og:locale\" content=\"it_IT\" \/>\n<meta property=\"og:type\" content=\"article\" \/>\n<meta property=\"og:title\" content=\"Custodia di ricarica estesa a 4 porte di Kress Commercial - Landing Kress\" \/>\n<meta property=\"og:description\" content=\"La custodia di ricarica estesa a 4 porte Kress \u00e8 una soluzione robusta per le attivit\u00e0 ad alta intensit\u00e0 di energia, progettata per amplificare le capacit\u00e0 dei caricabatterie Kress Commercial. Con un totale di quattro porte di ricarica, pu\u00f2 ospitare contemporaneamente quattro batterie da zaino\/da bordo, semplificando il processo di ricarica.\" \/>\n<meta property=\"og:url\" content=\"https:\/\/ad.kress.com\/en\/kress-commercial-4-port-extended-charging-case-kac843\/\" \/>\n<meta property=\"og:site_name\" content=\"Landing Kress\" \/>\n<meta property=\"article:modified_time\" content=\"2025-08-05T08:29:11+00:00\" \/>\n<meta property=\"og:image\" content=\"https:\/\/ad.kress.com\/wp-content\/uploads\/onpage\/op_image_49b635aa2eddcce1fd7dfd7fb9fc021dbf49acf2.1980x.webp\" \/>\n\t<meta property=\"og:image:width\" content=\"1980\" \/>\n\t<meta property=\"og:image:height\" content=\"1980\" \/>\n\t<meta property=\"og:image:type\" content=\"image\/webp\" \/>\n<meta name=\"twitter:card\" content=\"summary_large_image\" \/>\n<script type=\"application\/ld+json\" class=\"yoast-schema-graph\">{\"@context\":\"https:\/\/schema.org\",\"@graph\":[{\"@type\":\"WebPage\",\"@id\":\"https:\/\/ad.kress.com\/en\/kress-commercial-4-port-extended-charging-case-kac843\/\",\"url\":\"https:\/\/ad.kress.com\/en\/kress-commercial-4-port-extended-charging-case-kac843\/\",\"name\":\"Custodia di ricarica estesa a 4 porte di Kress Commercial - Landing Kress\",\"isPartOf\":{\"@id\":\"https:\/\/ad.kress.com\/en-gb\/#website\"},\"primaryImageOfPage\":{\"@id\":\"https:\/\/ad.kress.com\/en\/kress-commercial-4-port-extended-charging-case-kac843\/#primaryimage\"},\"image\":{\"@id\":\"https:\/\/ad.kress.com\/en\/kress-commercial-4-port-extended-charging-case-kac843\/#primaryimage\"},\"thumbnailUrl\":\"https:\/\/ad.kress.com\/wp-content\/uploads\/onpage\/op_image_49b635aa2eddcce1fd7dfd7fb9fc021dbf49acf2.1980x.webp\",\"datePublished\":\"2025-04-04T07:57:53+00:00\",\"dateModified\":\"2025-08-05T08:29:11+00:00\",\"breadcrumb\":{\"@id\":\"https:\/\/ad.kress.com\/en\/kress-commercial-4-port-extended-charging-case-kac843\/#breadcrumb\"},\"inLanguage\":\"it-CH\",\"potentialAction\":[{\"@type\":\"ReadAction\",\"target\":[\"https:\/\/ad.kress.com\/en\/kress-commercial-4-port-extended-charging-case-kac843\/\"]}]},{\"@type\":\"ImageObject\",\"inLanguage\":\"it-CH\",\"@id\":\"https:\/\/ad.kress.com\/en\/kress-commercial-4-port-extended-charging-case-kac843\/#primaryimage\",\"url\":\"https:\/\/ad.kress.com\/wp-content\/uploads\/onpage\/op_image_49b635aa2eddcce1fd7dfd7fb9fc021dbf49acf2.1980x.webp\",\"contentUrl\":\"https:\/\/ad.kress.com\/wp-content\/uploads\/onpage\/op_image_49b635aa2eddcce1fd7dfd7fb9fc021dbf49acf2.1980x.webp\",\"width\":1980,\"height\":1980},{\"@type\":\"BreadcrumbList\",\"@id\":\"https:\/\/ad.kress.com\/en\/kress-commercial-4-port-extended-charging-case-kac843\/#breadcrumb\",\"itemListElement\":[{\"@type\":\"ListItem\",\"position\":1,\"name\":\"Home\",\"item\":\"https:\/\/ad.kress.com\/en-gb\/\"},{\"@type\":\"ListItem\",\"position\":2,\"name\":\"Custodia di ricarica estesa a 4 porte di Kress Commercial\"}]},{\"@type\":\"WebSite\",\"@id\":\"https:\/\/ad.kress.com\/en-gb\/#website\",\"url\":\"https:\/\/ad.kress.com\/en-gb\/\",\"name\":\"Kress - Commercial outdoor power equipment\",\"description\":\"Kress\",\"publisher\":{\"@id\":\"https:\/\/ad.kress.com\/en-gb\/#organization\"},\"alternateName\":\"Kress\",\"potentialAction\":[{\"@type\":\"SearchAction\",\"target\":{\"@type\":\"EntryPoint\",\"urlTemplate\":\"https:\/\/ad.kress.com\/en-gb\/?s={search_term_string}\"},\"query-input\":{\"@type\":\"PropertyValueSpecification\",\"valueRequired\":true,\"valueName\":\"search_term_string\"}}],\"inLanguage\":\"it-CH\"},{\"@type\":\"Organization\",\"@id\":\"https:\/\/ad.kress.com\/en-gb\/#organization\",\"name\":\"Commercial outdoor power equipment\",\"alternateName\":\"Kress\",\"url\":\"https:\/\/ad.kress.com\/en-gb\/\",\"logo\":{\"@type\":\"ImageObject\",\"inLanguage\":\"it-CH\",\"@id\":\"https:\/\/ad.kress.com\/en-gb\/#\/schema\/logo\/image\/\",\"url\":\"https:\/\/ad.kress.com\/wp-content\/uploads\/2025\/01\/main-logo-kress.webp\",\"contentUrl\":\"https:\/\/ad.kress.com\/wp-content\/uploads\/2025\/01\/main-logo-kress.webp\",\"width\":1038,\"height\":245,\"caption\":\"Commercial outdoor power equipment\"},\"image\":{\"@id\":\"https:\/\/ad.kress.com\/en-gb\/#\/schema\/logo\/image\/\"}}]}<\/script>\n<!-- \/ Yoast SEO plugin. -->","yoast_head_json":{"title":"Custodia di ricarica estesa a 4 porte di Kress Commercial - Landing Kress","robots":{"index":"index","follow":"follow","max-snippet":"max-snippet:-1","max-image-preview":"max-image-preview:large","max-video-preview":"max-video-preview:-1"},"canonical":"https:\/\/ad.kress.com\/en\/kress-commercial-4-port-extended-charging-case-kac843\/","og_locale":"it_IT","og_type":"article","og_title":"Custodia di ricarica estesa a 4 porte di Kress Commercial - Landing Kress","og_description":"La custodia di ricarica estesa a 4 porte Kress \u00e8 una soluzione robusta per le attivit\u00e0 ad alta intensit\u00e0 di energia, progettata per amplificare le capacit\u00e0 dei caricabatterie Kress Commercial. Con un totale di quattro porte di ricarica, pu\u00f2 ospitare contemporaneamente quattro batterie da zaino\/da bordo, semplificando il processo di ricarica.","og_url":"https:\/\/ad.kress.com\/en\/kress-commercial-4-port-extended-charging-case-kac843\/","og_site_name":"Landing Kress","article_modified_time":"2025-08-05T08:29:11+00:00","og_image":[{"width":1980,"height":1980,"url":"https:\/\/ad.kress.com\/wp-content\/uploads\/onpage\/op_image_49b635aa2eddcce1fd7dfd7fb9fc021dbf49acf2.1980x.webp","type":"image\/webp"}],"twitter_card":"summary_large_image","schema":{"@context":"https:\/\/schema.org","@graph":[{"@type":"WebPage","@id":"https:\/\/ad.kress.com\/en\/kress-commercial-4-port-extended-charging-case-kac843\/","url":"https:\/\/ad.kress.com\/en\/kress-commercial-4-port-extended-charging-case-kac843\/","name":"Custodia di ricarica estesa a 4 porte di Kress Commercial - Landing Kress","isPartOf":{"@id":"https:\/\/ad.kress.com\/en-gb\/#website"},"primaryImageOfPage":{"@id":"https:\/\/ad.kress.com\/en\/kress-commercial-4-port-extended-charging-case-kac843\/#primaryimage"},"image":{"@id":"https:\/\/ad.kress.com\/en\/kress-commercial-4-port-extended-charging-case-kac843\/#primaryimage"},"thumbnailUrl":"https:\/\/ad.kress.com\/wp-content\/uploads\/onpage\/op_image_49b635aa2eddcce1fd7dfd7fb9fc021dbf49acf2.1980x.webp","datePublished":"2025-04-04T07:57:53+00:00","dateModified":"2025-08-05T08:29:11+00:00","breadcrumb":{"@id":"https:\/\/ad.kress.com\/en\/kress-commercial-4-port-extended-charging-case-kac843\/#breadcrumb"},"inLanguage":"it-CH","potentialAction":[{"@type":"ReadAction","target":["https:\/\/ad.kress.com\/en\/kress-commercial-4-port-extended-charging-case-kac843\/"]}]},{"@type":"ImageObject","inLanguage":"it-CH","@id":"https:\/\/ad.kress.com\/en\/kress-commercial-4-port-extended-charging-case-kac843\/#primaryimage","url":"https:\/\/ad.kress.com\/wp-content\/uploads\/onpage\/op_image_49b635aa2eddcce1fd7dfd7fb9fc021dbf49acf2.1980x.webp","contentUrl":"https:\/\/ad.kress.com\/wp-content\/uploads\/onpage\/op_image_49b635aa2eddcce1fd7dfd7fb9fc021dbf49acf2.1980x.webp","width":1980,"height":1980},{"@type":"BreadcrumbList","@id":"https:\/\/ad.kress.com\/en\/kress-commercial-4-port-extended-charging-case-kac843\/#breadcrumb","itemListElement":[{"@type":"ListItem","position":1,"name":"Home","item":"https:\/\/ad.kress.com\/en-gb\/"},{"@type":"ListItem","position":2,"name":"Custodia di ricarica estesa a 4 porte di Kress Commercial"}]},{"@type":"WebSite","@id":"https:\/\/ad.kress.com\/en-gb\/#website","url":"https:\/\/ad.kress.com\/en-gb\/","name":"Kress - Commercial outdoor power equipment","description":"Kress","publisher":{"@id":"https:\/\/ad.kress.com\/en-gb\/#organization"},"alternateName":"Kress","potentialAction":[{"@type":"SearchAction","target":{"@type":"EntryPoint","urlTemplate":"https:\/\/ad.kress.com\/en-gb\/?s={search_term_string}"},"query-input":{"@type":"PropertyValueSpecification","valueRequired":true,"valueName":"search_term_string"}}],"inLanguage":"it-CH"},{"@type":"Organization","@id":"https:\/\/ad.kress.com\/en-gb\/#organization","name":"Commercial outdoor power equipment","alternateName":"Kress","url":"https:\/\/ad.kress.com\/en-gb\/","logo":{"@type":"ImageObject","inLanguage":"it-CH","@id":"https:\/\/ad.kress.com\/en-gb\/#\/schema\/logo\/image\/","url":"https:\/\/ad.kress.com\/wp-content\/uploads\/2025\/01\/main-logo-kress.webp","contentUrl":"https:\/\/ad.kress.com\/wp-content\/uploads\/2025\/01\/main-logo-kress.webp","width":1038,"height":245,"caption":"Commercial outdoor power equipment"},"image":{"@id":"https:\/\/ad.kress.com\/en-gb\/#\/schema\/logo\/image\/"}}]}},"_links":{"self":[{"href":"https:\/\/ad.kress.com\/it-ch\/wp-json\/wp\/v2\/product\/7229","targetHints":{"allow":["GET"]}}],"collection":[{"href":"https:\/\/ad.kress.com\/it-ch\/wp-json\/wp\/v2\/product"}],"about":[{"href":"https:\/\/ad.kress.com\/it-ch\/wp-json\/wp\/v2\/types\/product"}],"replies":[{"embeddable":true,"href":"https:\/\/ad.kress.com\/it-ch\/wp-json\/wp\/v2\/comments?post=7229"}],"wp:featuredmedia":[{"embeddable":true,"href":"https:\/\/ad.kress.com\/it-ch\/wp-json\/wp\/v2\/media\/11056"}],"wp:attachment":[{"href":"https:\/\/ad.kress.com\/it-ch\/wp-json\/wp\/v2\/media?parent=7229"}],"wp:term":[{"taxonomy":"product_brand","embeddable":true,"href":"https:\/\/ad.kress.com\/it-ch\/wp-json\/wp\/v2\/product_brand?post=7229"},{"taxonomy":"product_cat","embeddable":true,"href":"https:\/\/ad.kress.com\/it-ch\/wp-json\/wp\/v2\/product_cat?post=7229"},{"taxonomy":"product_tag","embeddable":true,"href":"https:\/\/ad.kress.com\/it-ch\/wp-json\/wp\/v2\/product_tag?post=7229"}],"curies":[{"name":"wp","href":"https:\/\/api.w.org\/{rel}","templated":true}]}}