{"id":561,"date":"2025-03-11T16:34:35","date_gmt":"2025-03-11T16:34:35","guid":{"rendered":""},"modified":"2025-08-05T08:29:11","modified_gmt":"2025-08-05T08:29:11","slug":"coupe-bordure-60-v-de-qualite-professionnelle-kc150-9","status":"publish","type":"product","link":"https:\/\/ad.kress.com\/fr-fr\/produit\/coupe-bordure-60-v-de-qualite-professionnelle-kc150-9\/","title":{"rendered":"Coupe-bordure 60 V de qualit\u00e9 professionnelle"},"content":{"rendered":"<p>Con\u00e7u pour les entreprises d&rsquo;am\u00e9nagement paysager et les municipalit\u00e9s engag\u00e9es dans le d\u00e9veloppement durable, le coupe-bordure \u00e0 arbre droit Kress KC150 offre une grande pr\u00e9cision gr\u00e2ce \u00e0 sa roue de guidage r\u00e9glable en hauteur. Il combine un contr\u00f4le de vitesse variable avec une protection contre les d\u00e9bris pour une s\u00e9curit\u00e9 et une efficacit\u00e9 accrues. Faisant partie du CyberSyst\u00e8me Commercial Kress, il offre des performances haut de gamme avec l&rsquo;avantage de co\u00fbts d&rsquo;exploitation inf\u00e9rieurs \u00e0 ceux du gaz et des autres syst\u00e8mes de batterie.<\/p>\n","protected":false},"excerpt":{"rendered":"<p>Con\u00e7u pour les entreprises d&rsquo;am\u00e9nagement paysager et les municipalit\u00e9s engag\u00e9es dans le d\u00e9veloppement durable, le coupe-bordure \u00e0 arbre droit Kress KC150 offre une grande pr\u00e9cision gr\u00e2ce \u00e0 sa roue de guidage r\u00e9glable en hauteur. Il combine un contr\u00f4le de vitesse variable avec une protection contre les d\u00e9bris pour une s\u00e9curit\u00e9 et une efficacit\u00e9 accrues. Faisant&hellip; <a class=\"more-link\" href=\"https:\/\/ad.kress.com\/fr-fr\/produit\/coupe-bordure-60-v-de-qualite-professionnelle-kc150-9\/\">Continue reading <span class=\"screen-reader-text\">Coupe-bordure 60 V de qualit\u00e9 professionnelle<\/span><\/a><\/p>\n","protected":false},"featured_media":8965,"comment_status":"closed","ping_status":"closed","template":"","meta":[],"product_brand":[],"product_cat":[],"product_tag":[],"class_list":{"0":"post-561","1":"product","2":"type-product","3":"status-publish","4":"has-post-thumbnail","6":"entry","8":"first","9":"instock","10":"shipping-taxable","11":"purchasable","12":"product-type-simple"},"yoast_head":"<!-- This site is optimized with the Yoast SEO plugin v24.3 - https:\/\/yoast.com\/wordpress\/plugins\/seo\/ -->\n<title>Coupe-bordure 60 V de qualit\u00e9 professionnelle - Landing Kress<\/title>\n<meta name=\"robots\" content=\"index, follow, max-snippet:-1, max-image-preview:large, max-video-preview:-1\" \/>\n<link rel=\"canonical\" href=\"https:\/\/ad.kress.com\/en\/produit\/commercial-grade-60-v-edger-kc150-9\/\" \/>\n<meta property=\"og:locale\" content=\"fr_FR\" \/>\n<meta property=\"og:type\" content=\"article\" \/>\n<meta property=\"og:title\" content=\"Coupe-bordure 60 V de qualit\u00e9 professionnelle - Landing Kress\" \/>\n<meta property=\"og:description\" content=\"Con\u00e7u pour les entreprises d&rsquo;am\u00e9nagement paysager et les municipalit\u00e9s engag\u00e9es dans le d\u00e9veloppement durable, le coupe-bordure \u00e0 arbre droit Kress KC150 offre une grande pr\u00e9cision gr\u00e2ce \u00e0 sa roue de guidage r\u00e9glable en hauteur. Il combine un contr\u00f4le de vitesse variable avec une protection contre les d\u00e9bris pour une s\u00e9curit\u00e9 et une efficacit\u00e9 accrues. Faisant&hellip; Continue reading Coupe-bordure 60 V de qualit\u00e9 professionnelle\" \/>\n<meta property=\"og:url\" content=\"https:\/\/ad.kress.com\/en\/produit\/commercial-grade-60-v-edger-kc150-9\/\" \/>\n<meta property=\"og:site_name\" content=\"Landing Kress\" \/>\n<meta property=\"article:modified_time\" content=\"2025-08-05T08:29:11+00:00\" \/>\n<meta property=\"og:image\" content=\"https:\/\/ad.kress.com\/wp-content\/uploads\/2025\/01\/main-logo-kress.webp\" \/>\n\t<meta property=\"og:image:width\" content=\"1038\" \/>\n\t<meta property=\"og:image:height\" content=\"245\" \/>\n\t<meta property=\"og:image:type\" content=\"image\/webp\" \/>\n<meta name=\"twitter:card\" content=\"summary_large_image\" \/>\n<script type=\"application\/ld+json\" class=\"yoast-schema-graph\">{\"@context\":\"https:\/\/schema.org\",\"@graph\":[{\"@type\":\"WebPage\",\"@id\":\"https:\/\/ad.kress.com\/en\/produit\/commercial-grade-60-v-edger-kc150-9\/\",\"url\":\"https:\/\/ad.kress.com\/en\/produit\/commercial-grade-60-v-edger-kc150-9\/\",\"name\":\"Coupe-bordure 60 V de qualit\u00e9 professionnelle - Landing Kress\",\"isPartOf\":{\"@id\":\"https:\/\/ad.kress.com\/en-gb\/#website\"},\"primaryImageOfPage\":{\"@id\":\"https:\/\/ad.kress.com\/en\/produit\/commercial-grade-60-v-edger-kc150-9\/#primaryimage\"},\"image\":{\"@id\":\"https:\/\/ad.kress.com\/en\/produit\/commercial-grade-60-v-edger-kc150-9\/#primaryimage\"},\"thumbnailUrl\":\"https:\/\/ad.kress.com\/wp-content\/uploads\/onpage\/op_image_3d16c1046909990db2d7ed314222a767542e2738.1980x.webp\",\"datePublished\":\"2025-03-11T16:34:35+00:00\",\"dateModified\":\"2025-08-05T08:29:11+00:00\",\"breadcrumb\":{\"@id\":\"https:\/\/ad.kress.com\/en\/produit\/commercial-grade-60-v-edger-kc150-9\/#breadcrumb\"},\"inLanguage\":\"fr-FR\",\"potentialAction\":[{\"@type\":\"ReadAction\",\"target\":[\"https:\/\/ad.kress.com\/en\/produit\/commercial-grade-60-v-edger-kc150-9\/\"]}]},{\"@type\":\"ImageObject\",\"inLanguage\":\"fr-FR\",\"@id\":\"https:\/\/ad.kress.com\/en\/produit\/commercial-grade-60-v-edger-kc150-9\/#primaryimage\",\"url\":\"https:\/\/ad.kress.com\/wp-content\/uploads\/onpage\/op_image_3d16c1046909990db2d7ed314222a767542e2738.1980x.webp\",\"contentUrl\":\"https:\/\/ad.kress.com\/wp-content\/uploads\/onpage\/op_image_3d16c1046909990db2d7ed314222a767542e2738.1980x.webp\",\"width\":1980,\"height\":1980},{\"@type\":\"BreadcrumbList\",\"@id\":\"https:\/\/ad.kress.com\/en\/produit\/commercial-grade-60-v-edger-kc150-9\/#breadcrumb\",\"itemListElement\":[{\"@type\":\"ListItem\",\"position\":1,\"name\":\"Home\",\"item\":\"https:\/\/ad.kress.com\/en-gb\/\"},{\"@type\":\"ListItem\",\"position\":2,\"name\":\"Coupe-bordure 60 V de qualit\u00e9 professionnelle\"}]},{\"@type\":\"WebSite\",\"@id\":\"https:\/\/ad.kress.com\/en-gb\/#website\",\"url\":\"https:\/\/ad.kress.com\/en-gb\/\",\"name\":\"Kress - Commercial outdoor power equipment\",\"description\":\"Kress\",\"publisher\":{\"@id\":\"https:\/\/ad.kress.com\/en-gb\/#organization\"},\"alternateName\":\"Kress\",\"potentialAction\":[{\"@type\":\"SearchAction\",\"target\":{\"@type\":\"EntryPoint\",\"urlTemplate\":\"https:\/\/ad.kress.com\/en-gb\/?s={search_term_string}\"},\"query-input\":{\"@type\":\"PropertyValueSpecification\",\"valueRequired\":true,\"valueName\":\"search_term_string\"}}],\"inLanguage\":\"fr-FR\"},{\"@type\":\"Organization\",\"@id\":\"https:\/\/ad.kress.com\/en-gb\/#organization\",\"name\":\"Commercial outdoor power equipment\",\"alternateName\":\"Kress\",\"url\":\"https:\/\/ad.kress.com\/en-gb\/\",\"logo\":{\"@type\":\"ImageObject\",\"inLanguage\":\"fr-FR\",\"@id\":\"https:\/\/ad.kress.com\/en-gb\/#\/schema\/logo\/image\/\",\"url\":\"https:\/\/ad.kress.com\/wp-content\/uploads\/2025\/01\/main-logo-kress.webp\",\"contentUrl\":\"https:\/\/ad.kress.com\/wp-content\/uploads\/2025\/01\/main-logo-kress.webp\",\"width\":1038,\"height\":245,\"caption\":\"Commercial outdoor power equipment\"},\"image\":{\"@id\":\"https:\/\/ad.kress.com\/en-gb\/#\/schema\/logo\/image\/\"}}]}<\/script>\n<!-- \/ Yoast SEO plugin. -->","yoast_head_json":{"title":"Coupe-bordure 60 V de qualit\u00e9 professionnelle - Landing Kress","robots":{"index":"index","follow":"follow","max-snippet":"max-snippet:-1","max-image-preview":"max-image-preview:large","max-video-preview":"max-video-preview:-1"},"canonical":"https:\/\/ad.kress.com\/en\/produit\/commercial-grade-60-v-edger-kc150-9\/","og_locale":"fr_FR","og_type":"article","og_title":"Coupe-bordure 60 V de qualit\u00e9 professionnelle - Landing Kress","og_description":"Con\u00e7u pour les entreprises d&rsquo;am\u00e9nagement paysager et les municipalit\u00e9s engag\u00e9es dans le d\u00e9veloppement durable, le coupe-bordure \u00e0 arbre droit Kress KC150 offre une grande pr\u00e9cision gr\u00e2ce \u00e0 sa roue de guidage r\u00e9glable en hauteur. Il combine un contr\u00f4le de vitesse variable avec une protection contre les d\u00e9bris pour une s\u00e9curit\u00e9 et une efficacit\u00e9 accrues. Faisant&hellip; Continue reading Coupe-bordure 60 V de qualit\u00e9 professionnelle","og_url":"https:\/\/ad.kress.com\/en\/produit\/commercial-grade-60-v-edger-kc150-9\/","og_site_name":"Landing Kress","article_modified_time":"2025-08-05T08:29:11+00:00","og_image":[{"width":1038,"height":245,"url":"https:\/\/ad.kress.com\/wp-content\/uploads\/2025\/01\/main-logo-kress.webp","type":"image\/webp"}],"twitter_card":"summary_large_image","schema":{"@context":"https:\/\/schema.org","@graph":[{"@type":"WebPage","@id":"https:\/\/ad.kress.com\/en\/produit\/commercial-grade-60-v-edger-kc150-9\/","url":"https:\/\/ad.kress.com\/en\/produit\/commercial-grade-60-v-edger-kc150-9\/","name":"Coupe-bordure 60 V de qualit\u00e9 professionnelle - Landing Kress","isPartOf":{"@id":"https:\/\/ad.kress.com\/en-gb\/#website"},"primaryImageOfPage":{"@id":"https:\/\/ad.kress.com\/en\/produit\/commercial-grade-60-v-edger-kc150-9\/#primaryimage"},"image":{"@id":"https:\/\/ad.kress.com\/en\/produit\/commercial-grade-60-v-edger-kc150-9\/#primaryimage"},"thumbnailUrl":"https:\/\/ad.kress.com\/wp-content\/uploads\/onpage\/op_image_3d16c1046909990db2d7ed314222a767542e2738.1980x.webp","datePublished":"2025-03-11T16:34:35+00:00","dateModified":"2025-08-05T08:29:11+00:00","breadcrumb":{"@id":"https:\/\/ad.kress.com\/en\/produit\/commercial-grade-60-v-edger-kc150-9\/#breadcrumb"},"inLanguage":"fr-FR","potentialAction":[{"@type":"ReadAction","target":["https:\/\/ad.kress.com\/en\/produit\/commercial-grade-60-v-edger-kc150-9\/"]}]},{"@type":"ImageObject","inLanguage":"fr-FR","@id":"https:\/\/ad.kress.com\/en\/produit\/commercial-grade-60-v-edger-kc150-9\/#primaryimage","url":"https:\/\/ad.kress.com\/wp-content\/uploads\/onpage\/op_image_3d16c1046909990db2d7ed314222a767542e2738.1980x.webp","contentUrl":"https:\/\/ad.kress.com\/wp-content\/uploads\/onpage\/op_image_3d16c1046909990db2d7ed314222a767542e2738.1980x.webp","width":1980,"height":1980},{"@type":"BreadcrumbList","@id":"https:\/\/ad.kress.com\/en\/produit\/commercial-grade-60-v-edger-kc150-9\/#breadcrumb","itemListElement":[{"@type":"ListItem","position":1,"name":"Home","item":"https:\/\/ad.kress.com\/en-gb\/"},{"@type":"ListItem","position":2,"name":"Coupe-bordure 60 V de qualit\u00e9 professionnelle"}]},{"@type":"WebSite","@id":"https:\/\/ad.kress.com\/en-gb\/#website","url":"https:\/\/ad.kress.com\/en-gb\/","name":"Kress - Commercial outdoor power equipment","description":"Kress","publisher":{"@id":"https:\/\/ad.kress.com\/en-gb\/#organization"},"alternateName":"Kress","potentialAction":[{"@type":"SearchAction","target":{"@type":"EntryPoint","urlTemplate":"https:\/\/ad.kress.com\/en-gb\/?s={search_term_string}"},"query-input":{"@type":"PropertyValueSpecification","valueRequired":true,"valueName":"search_term_string"}}],"inLanguage":"fr-FR"},{"@type":"Organization","@id":"https:\/\/ad.kress.com\/en-gb\/#organization","name":"Commercial outdoor power equipment","alternateName":"Kress","url":"https:\/\/ad.kress.com\/en-gb\/","logo":{"@type":"ImageObject","inLanguage":"fr-FR","@id":"https:\/\/ad.kress.com\/en-gb\/#\/schema\/logo\/image\/","url":"https:\/\/ad.kress.com\/wp-content\/uploads\/2025\/01\/main-logo-kress.webp","contentUrl":"https:\/\/ad.kress.com\/wp-content\/uploads\/2025\/01\/main-logo-kress.webp","width":1038,"height":245,"caption":"Commercial outdoor power equipment"},"image":{"@id":"https:\/\/ad.kress.com\/en-gb\/#\/schema\/logo\/image\/"}}]}},"_links":{"self":[{"href":"https:\/\/ad.kress.com\/fr-fr\/wp-json\/wp\/v2\/product\/561","targetHints":{"allow":["GET"]}}],"collection":[{"href":"https:\/\/ad.kress.com\/fr-fr\/wp-json\/wp\/v2\/product"}],"about":[{"href":"https:\/\/ad.kress.com\/fr-fr\/wp-json\/wp\/v2\/types\/product"}],"replies":[{"embeddable":true,"href":"https:\/\/ad.kress.com\/fr-fr\/wp-json\/wp\/v2\/comments?post=561"}],"wp:featuredmedia":[{"embeddable":true,"href":"https:\/\/ad.kress.com\/fr-fr\/wp-json\/wp\/v2\/media\/8965"}],"wp:attachment":[{"href":"https:\/\/ad.kress.com\/fr-fr\/wp-json\/wp\/v2\/media?parent=561"}],"wp:term":[{"taxonomy":"product_brand","embeddable":true,"href":"https:\/\/ad.kress.com\/fr-fr\/wp-json\/wp\/v2\/product_brand?post=561"},{"taxonomy":"product_cat","embeddable":true,"href":"https:\/\/ad.kress.com\/fr-fr\/wp-json\/wp\/v2\/product_cat?post=561"},{"taxonomy":"product_tag","embeddable":true,"href":"https:\/\/ad.kress.com\/fr-fr\/wp-json\/wp\/v2\/product_tag?post=561"}],"curies":[{"name":"wp","href":"https:\/\/api.w.org\/{rel}","templated":true}]}}