{"id":351,"date":"2025-03-11T16:34:32","date_gmt":"2025-03-11T16:34:32","guid":{"rendered":""},"modified":"2025-08-05T08:29:11","modified_gmt":"2025-08-05T08:29:11","slug":"batterie-kress-20-v-kab02","status":"publish","type":"product","link":"https:\/\/ad.kress.com\/fr-fr\/produit\/batterie-kress-20-v-kab02\/","title":{"rendered":"Batterie Kress 20 V"},"content":{"rendered":"<p>La batterie KAB02 2 Ah est le choix id\u00e9al pour les t\u00e2ches l\u00e9g\u00e8res, avec une puissance importante dans un design \u00e9pur\u00e9. \u00c9quip\u00e9e de SmartLink, HeatShield et Cell Guard, elle optimise les performances, reste froide sous pression et prot\u00e8ge contre les \u00e9l\u00e9ments. Con\u00e7ue pour les outils Kress 20 V, elle passe \u00e9galement \u00e0 une puissance de 40 V lorsqu&rsquo;elle est associ\u00e9e \u00e0 une deuxi\u00e8me KAB02. <\/p>\n","protected":false},"excerpt":{"rendered":"<p>La batterie KAB02 2 Ah est le choix id\u00e9al pour les t\u00e2ches l\u00e9g\u00e8res, avec une puissance importante dans un design \u00e9pur\u00e9. \u00c9quip\u00e9e de SmartLink, HeatShield et Cell Guard, elle optimise les performances, reste froide sous pression et prot\u00e8ge contre les \u00e9l\u00e9ments. Con\u00e7ue pour les outils Kress 20 V, elle passe \u00e9galement \u00e0 une puissance de&hellip; <a class=\"more-link\" href=\"https:\/\/ad.kress.com\/fr-fr\/produit\/batterie-kress-20-v-kab02\/\">Continue reading <span class=\"screen-reader-text\">Batterie Kress 20 V<\/span><\/a><\/p>\n","protected":false},"featured_media":8488,"comment_status":"closed","ping_status":"closed","template":"","meta":[],"product_brand":[],"product_cat":[],"product_tag":[],"class_list":{"0":"post-351","1":"product","2":"type-product","3":"status-publish","4":"has-post-thumbnail","6":"entry","8":"first","9":"instock","10":"shipping-taxable","11":"purchasable","12":"product-type-simple"},"yoast_head":"<!-- This site is optimized with the Yoast SEO plugin v24.3 - https:\/\/yoast.com\/wordpress\/plugins\/seo\/ -->\n<title>Batterie Kress 20 V - Landing Kress<\/title>\n<meta name=\"robots\" content=\"index, follow, max-snippet:-1, max-image-preview:large, max-video-preview:-1\" \/>\n<link rel=\"canonical\" href=\"https:\/\/ad.kress.com\/en\/produit\/kress-20-v-battery-kab02\/\" \/>\n<meta property=\"og:locale\" content=\"fr_FR\" \/>\n<meta property=\"og:type\" content=\"article\" \/>\n<meta property=\"og:title\" content=\"Batterie Kress 20 V - Landing Kress\" \/>\n<meta property=\"og:description\" content=\"La batterie KAB02 2 Ah est le choix id\u00e9al pour les t\u00e2ches l\u00e9g\u00e8res, avec une puissance importante dans un design \u00e9pur\u00e9. \u00c9quip\u00e9e de SmartLink, HeatShield et Cell Guard, elle optimise les performances, reste froide sous pression et prot\u00e8ge contre les \u00e9l\u00e9ments. Con\u00e7ue pour les outils Kress 20 V, elle passe \u00e9galement \u00e0 une puissance de&hellip; Continue reading Batterie Kress 20 V\" \/>\n<meta property=\"og:url\" content=\"https:\/\/ad.kress.com\/en\/produit\/kress-20-v-battery-kab02\/\" \/>\n<meta property=\"og:site_name\" content=\"Landing Kress\" \/>\n<meta property=\"article:modified_time\" content=\"2025-08-05T08:29:11+00:00\" \/>\n<meta property=\"og:image\" content=\"https:\/\/ad.kress.com\/wp-content\/uploads\/2025\/01\/main-logo-kress.webp\" \/>\n\t<meta property=\"og:image:width\" content=\"1038\" \/>\n\t<meta property=\"og:image:height\" content=\"245\" \/>\n\t<meta property=\"og:image:type\" content=\"image\/webp\" \/>\n<meta name=\"twitter:card\" content=\"summary_large_image\" \/>\n<script type=\"application\/ld+json\" class=\"yoast-schema-graph\">{\"@context\":\"https:\/\/schema.org\",\"@graph\":[{\"@type\":\"WebPage\",\"@id\":\"https:\/\/ad.kress.com\/en\/produit\/kress-20-v-battery-kab02\/\",\"url\":\"https:\/\/ad.kress.com\/en\/produit\/kress-20-v-battery-kab02\/\",\"name\":\"Batterie Kress 20 V - Landing Kress\",\"isPartOf\":{\"@id\":\"https:\/\/ad.kress.com\/en-gb\/#website\"},\"primaryImageOfPage\":{\"@id\":\"https:\/\/ad.kress.com\/en\/produit\/kress-20-v-battery-kab02\/#primaryimage\"},\"image\":{\"@id\":\"https:\/\/ad.kress.com\/en\/produit\/kress-20-v-battery-kab02\/#primaryimage\"},\"thumbnailUrl\":\"https:\/\/ad.kress.com\/wp-content\/uploads\/onpage\/op_image_a4537018366851dbbd1657bc67d78b9fc1aa0918.1980x.webp\",\"datePublished\":\"2025-03-11T16:34:32+00:00\",\"dateModified\":\"2025-08-05T08:29:11+00:00\",\"breadcrumb\":{\"@id\":\"https:\/\/ad.kress.com\/en\/produit\/kress-20-v-battery-kab02\/#breadcrumb\"},\"inLanguage\":\"fr-FR\",\"potentialAction\":[{\"@type\":\"ReadAction\",\"target\":[\"https:\/\/ad.kress.com\/en\/produit\/kress-20-v-battery-kab02\/\"]}]},{\"@type\":\"ImageObject\",\"inLanguage\":\"fr-FR\",\"@id\":\"https:\/\/ad.kress.com\/en\/produit\/kress-20-v-battery-kab02\/#primaryimage\",\"url\":\"https:\/\/ad.kress.com\/wp-content\/uploads\/onpage\/op_image_a4537018366851dbbd1657bc67d78b9fc1aa0918.1980x.webp\",\"contentUrl\":\"https:\/\/ad.kress.com\/wp-content\/uploads\/onpage\/op_image_a4537018366851dbbd1657bc67d78b9fc1aa0918.1980x.webp\",\"width\":1980,\"height\":1980},{\"@type\":\"BreadcrumbList\",\"@id\":\"https:\/\/ad.kress.com\/en\/produit\/kress-20-v-battery-kab02\/#breadcrumb\",\"itemListElement\":[{\"@type\":\"ListItem\",\"position\":1,\"name\":\"Home\",\"item\":\"https:\/\/ad.kress.com\/en-gb\/\"},{\"@type\":\"ListItem\",\"position\":2,\"name\":\"Batterie Kress 20 V\"}]},{\"@type\":\"WebSite\",\"@id\":\"https:\/\/ad.kress.com\/en-gb\/#website\",\"url\":\"https:\/\/ad.kress.com\/en-gb\/\",\"name\":\"Kress - Commercial outdoor power equipment\",\"description\":\"Kress\",\"publisher\":{\"@id\":\"https:\/\/ad.kress.com\/en-gb\/#organization\"},\"alternateName\":\"Kress\",\"potentialAction\":[{\"@type\":\"SearchAction\",\"target\":{\"@type\":\"EntryPoint\",\"urlTemplate\":\"https:\/\/ad.kress.com\/en-gb\/?s={search_term_string}\"},\"query-input\":{\"@type\":\"PropertyValueSpecification\",\"valueRequired\":true,\"valueName\":\"search_term_string\"}}],\"inLanguage\":\"fr-FR\"},{\"@type\":\"Organization\",\"@id\":\"https:\/\/ad.kress.com\/en-gb\/#organization\",\"name\":\"Commercial outdoor power equipment\",\"alternateName\":\"Kress\",\"url\":\"https:\/\/ad.kress.com\/en-gb\/\",\"logo\":{\"@type\":\"ImageObject\",\"inLanguage\":\"fr-FR\",\"@id\":\"https:\/\/ad.kress.com\/en-gb\/#\/schema\/logo\/image\/\",\"url\":\"https:\/\/ad.kress.com\/wp-content\/uploads\/2025\/01\/main-logo-kress.webp\",\"contentUrl\":\"https:\/\/ad.kress.com\/wp-content\/uploads\/2025\/01\/main-logo-kress.webp\",\"width\":1038,\"height\":245,\"caption\":\"Commercial outdoor power equipment\"},\"image\":{\"@id\":\"https:\/\/ad.kress.com\/en-gb\/#\/schema\/logo\/image\/\"}}]}<\/script>\n<!-- \/ Yoast SEO plugin. -->","yoast_head_json":{"title":"Batterie Kress 20 V - Landing Kress","robots":{"index":"index","follow":"follow","max-snippet":"max-snippet:-1","max-image-preview":"max-image-preview:large","max-video-preview":"max-video-preview:-1"},"canonical":"https:\/\/ad.kress.com\/en\/produit\/kress-20-v-battery-kab02\/","og_locale":"fr_FR","og_type":"article","og_title":"Batterie Kress 20 V - Landing Kress","og_description":"La batterie KAB02 2 Ah est le choix id\u00e9al pour les t\u00e2ches l\u00e9g\u00e8res, avec une puissance importante dans un design \u00e9pur\u00e9. \u00c9quip\u00e9e de SmartLink, HeatShield et Cell Guard, elle optimise les performances, reste froide sous pression et prot\u00e8ge contre les \u00e9l\u00e9ments. Con\u00e7ue pour les outils Kress 20 V, elle passe \u00e9galement \u00e0 une puissance de&hellip; Continue reading Batterie Kress 20 V","og_url":"https:\/\/ad.kress.com\/en\/produit\/kress-20-v-battery-kab02\/","og_site_name":"Landing Kress","article_modified_time":"2025-08-05T08:29:11+00:00","og_image":[{"width":1038,"height":245,"url":"https:\/\/ad.kress.com\/wp-content\/uploads\/2025\/01\/main-logo-kress.webp","type":"image\/webp"}],"twitter_card":"summary_large_image","schema":{"@context":"https:\/\/schema.org","@graph":[{"@type":"WebPage","@id":"https:\/\/ad.kress.com\/en\/produit\/kress-20-v-battery-kab02\/","url":"https:\/\/ad.kress.com\/en\/produit\/kress-20-v-battery-kab02\/","name":"Batterie Kress 20 V - Landing Kress","isPartOf":{"@id":"https:\/\/ad.kress.com\/en-gb\/#website"},"primaryImageOfPage":{"@id":"https:\/\/ad.kress.com\/en\/produit\/kress-20-v-battery-kab02\/#primaryimage"},"image":{"@id":"https:\/\/ad.kress.com\/en\/produit\/kress-20-v-battery-kab02\/#primaryimage"},"thumbnailUrl":"https:\/\/ad.kress.com\/wp-content\/uploads\/onpage\/op_image_a4537018366851dbbd1657bc67d78b9fc1aa0918.1980x.webp","datePublished":"2025-03-11T16:34:32+00:00","dateModified":"2025-08-05T08:29:11+00:00","breadcrumb":{"@id":"https:\/\/ad.kress.com\/en\/produit\/kress-20-v-battery-kab02\/#breadcrumb"},"inLanguage":"fr-FR","potentialAction":[{"@type":"ReadAction","target":["https:\/\/ad.kress.com\/en\/produit\/kress-20-v-battery-kab02\/"]}]},{"@type":"ImageObject","inLanguage":"fr-FR","@id":"https:\/\/ad.kress.com\/en\/produit\/kress-20-v-battery-kab02\/#primaryimage","url":"https:\/\/ad.kress.com\/wp-content\/uploads\/onpage\/op_image_a4537018366851dbbd1657bc67d78b9fc1aa0918.1980x.webp","contentUrl":"https:\/\/ad.kress.com\/wp-content\/uploads\/onpage\/op_image_a4537018366851dbbd1657bc67d78b9fc1aa0918.1980x.webp","width":1980,"height":1980},{"@type":"BreadcrumbList","@id":"https:\/\/ad.kress.com\/en\/produit\/kress-20-v-battery-kab02\/#breadcrumb","itemListElement":[{"@type":"ListItem","position":1,"name":"Home","item":"https:\/\/ad.kress.com\/en-gb\/"},{"@type":"ListItem","position":2,"name":"Batterie Kress 20 V"}]},{"@type":"WebSite","@id":"https:\/\/ad.kress.com\/en-gb\/#website","url":"https:\/\/ad.kress.com\/en-gb\/","name":"Kress - Commercial outdoor power equipment","description":"Kress","publisher":{"@id":"https:\/\/ad.kress.com\/en-gb\/#organization"},"alternateName":"Kress","potentialAction":[{"@type":"SearchAction","target":{"@type":"EntryPoint","urlTemplate":"https:\/\/ad.kress.com\/en-gb\/?s={search_term_string}"},"query-input":{"@type":"PropertyValueSpecification","valueRequired":true,"valueName":"search_term_string"}}],"inLanguage":"fr-FR"},{"@type":"Organization","@id":"https:\/\/ad.kress.com\/en-gb\/#organization","name":"Commercial outdoor power equipment","alternateName":"Kress","url":"https:\/\/ad.kress.com\/en-gb\/","logo":{"@type":"ImageObject","inLanguage":"fr-FR","@id":"https:\/\/ad.kress.com\/en-gb\/#\/schema\/logo\/image\/","url":"https:\/\/ad.kress.com\/wp-content\/uploads\/2025\/01\/main-logo-kress.webp","contentUrl":"https:\/\/ad.kress.com\/wp-content\/uploads\/2025\/01\/main-logo-kress.webp","width":1038,"height":245,"caption":"Commercial outdoor power equipment"},"image":{"@id":"https:\/\/ad.kress.com\/en-gb\/#\/schema\/logo\/image\/"}}]}},"_links":{"self":[{"href":"https:\/\/ad.kress.com\/fr-fr\/wp-json\/wp\/v2\/product\/351","targetHints":{"allow":["GET"]}}],"collection":[{"href":"https:\/\/ad.kress.com\/fr-fr\/wp-json\/wp\/v2\/product"}],"about":[{"href":"https:\/\/ad.kress.com\/fr-fr\/wp-json\/wp\/v2\/types\/product"}],"replies":[{"embeddable":true,"href":"https:\/\/ad.kress.com\/fr-fr\/wp-json\/wp\/v2\/comments?post=351"}],"wp:featuredmedia":[{"embeddable":true,"href":"https:\/\/ad.kress.com\/fr-fr\/wp-json\/wp\/v2\/media\/8488"}],"wp:attachment":[{"href":"https:\/\/ad.kress.com\/fr-fr\/wp-json\/wp\/v2\/media?parent=351"}],"wp:term":[{"taxonomy":"product_brand","embeddable":true,"href":"https:\/\/ad.kress.com\/fr-fr\/wp-json\/wp\/v2\/product_brand?post=351"},{"taxonomy":"product_cat","embeddable":true,"href":"https:\/\/ad.kress.com\/fr-fr\/wp-json\/wp\/v2\/product_cat?post=351"},{"taxonomy":"product_tag","embeddable":true,"href":"https:\/\/ad.kress.com\/fr-fr\/wp-json\/wp\/v2\/product_tag?post=351"}],"curies":[{"name":"wp","href":"https:\/\/api.w.org\/{rel}","templated":true}]}}