{"id":2780,"date":"2025-03-11T16:35:25","date_gmt":"2025-03-11T16:35:25","guid":{"rendered":""},"modified":"2025-08-05T08:29:11","modified_gmt":"2025-08-05T08:29:11","slug":"tondeuse-poussee-kress-40v-21-sans-balais-kg753","status":"publish","type":"product","link":"https:\/\/ad.kress.com\/fr-fr\/produit\/tondeuse-poussee-kress-40v-21-sans-balais-kg753\/","title":{"rendered":"tondeuse \u00e0 gazon 40 V"},"content":{"rendered":"<p>Le KG753 d\u00e9livre une puissance de 1,2 kW sans balais \u00e0 travers un g\u00e9n\u00e9reux carter de coupe de 21 pouces, avec une plage de hauteur de 1,5 \u00e0 4,0 pouces pour une coupe adapt\u00e9e et pr\u00e9cise. La construction l\u00e9g\u00e8re en polym\u00e8re \u00e9quilibre la durabilit\u00e9 et la maniabilit\u00e9, tandis que la fonctionnalit\u00e9 3 en 1 &#8211; broyage, ensachage ou \u00e9jection arri\u00e8re &#8211; s&rsquo;adapte \u00e0 votre style de tonte. Couvre jusqu&rsquo;\u00e0 \u00bc d&rsquo;acre en toute confiance.<\/p>\n","protected":false},"excerpt":{"rendered":"<p>Le KG753 d\u00e9livre une puissance de 1,2 kW sans balais \u00e0 travers un g\u00e9n\u00e9reux carter de coupe de 21 pouces, avec une plage de hauteur de 1,5 \u00e0 4,0 pouces pour une coupe adapt\u00e9e et pr\u00e9cise. La construction l\u00e9g\u00e8re en polym\u00e8re \u00e9quilibre la durabilit\u00e9 et la maniabilit\u00e9, tandis que la fonctionnalit\u00e9 3 en 1 &#8211;&hellip; <a class=\"more-link\" href=\"https:\/\/ad.kress.com\/fr-fr\/produit\/tondeuse-poussee-kress-40v-21-sans-balais-kg753\/\">Continue reading <span class=\"screen-reader-text\">tondeuse \u00e0 gazon 40 V<\/span><\/a><\/p>\n","protected":false},"featured_media":11158,"comment_status":"closed","ping_status":"closed","template":"","meta":[],"product_brand":[],"product_cat":[],"product_tag":[],"class_list":{"0":"post-2780","1":"product","2":"type-product","3":"status-publish","4":"has-post-thumbnail","6":"entry","8":"first","9":"instock","10":"shipping-taxable","11":"product-type-simple"},"yoast_head":"<!-- This site is optimized with the Yoast SEO plugin v24.3 - https:\/\/yoast.com\/wordpress\/plugins\/seo\/ -->\n<title>tondeuse \u00e0 gazon 40 V - Landing Kress<\/title>\n<meta name=\"robots\" content=\"index, follow, max-snippet:-1, max-image-preview:large, max-video-preview:-1\" \/>\n<link rel=\"canonical\" href=\"https:\/\/ad.kress.com\/en\/produit\/kress-40v-21-brushless-push-mower-kg753\/\" \/>\n<meta property=\"og:locale\" content=\"fr_FR\" \/>\n<meta property=\"og:type\" content=\"article\" \/>\n<meta property=\"og:title\" content=\"tondeuse \u00e0 gazon 40 V - Landing Kress\" \/>\n<meta property=\"og:description\" content=\"Le KG753 d\u00e9livre une puissance de 1,2 kW sans balais \u00e0 travers un g\u00e9n\u00e9reux carter de coupe de 21 pouces, avec une plage de hauteur de 1,5 \u00e0 4,0 pouces pour une coupe adapt\u00e9e et pr\u00e9cise. La construction l\u00e9g\u00e8re en polym\u00e8re \u00e9quilibre la durabilit\u00e9 et la maniabilit\u00e9, tandis que la fonctionnalit\u00e9 3 en 1 &#8211;&hellip; Continue reading tondeuse \u00e0 gazon 40 V\" \/>\n<meta property=\"og:url\" content=\"https:\/\/ad.kress.com\/en\/produit\/kress-40v-21-brushless-push-mower-kg753\/\" \/>\n<meta property=\"og:site_name\" content=\"Landing Kress\" \/>\n<meta property=\"article:modified_time\" content=\"2025-08-05T08:29:11+00:00\" \/>\n<meta property=\"og:image\" content=\"https:\/\/ad.kress.com\/wp-content\/uploads\/2025\/01\/main-logo-kress.webp\" \/>\n\t<meta property=\"og:image:width\" content=\"1038\" \/>\n\t<meta property=\"og:image:height\" content=\"245\" \/>\n\t<meta property=\"og:image:type\" content=\"image\/webp\" \/>\n<meta name=\"twitter:card\" content=\"summary_large_image\" \/>\n<script type=\"application\/ld+json\" class=\"yoast-schema-graph\">{\"@context\":\"https:\/\/schema.org\",\"@graph\":[{\"@type\":\"WebPage\",\"@id\":\"https:\/\/ad.kress.com\/en\/produit\/kress-40v-21-brushless-push-mower-kg753\/\",\"url\":\"https:\/\/ad.kress.com\/en\/produit\/kress-40v-21-brushless-push-mower-kg753\/\",\"name\":\"tondeuse \u00e0 gazon 40 V - Landing Kress\",\"isPartOf\":{\"@id\":\"https:\/\/ad.kress.com\/en-gb\/#website\"},\"primaryImageOfPage\":{\"@id\":\"https:\/\/ad.kress.com\/en\/produit\/kress-40v-21-brushless-push-mower-kg753\/#primaryimage\"},\"image\":{\"@id\":\"https:\/\/ad.kress.com\/en\/produit\/kress-40v-21-brushless-push-mower-kg753\/#primaryimage\"},\"thumbnailUrl\":\"https:\/\/ad.kress.com\/wp-content\/uploads\/onpage\/op_image_d568f2709d2dda20aaa77a36084ec7998c7d5080.1980x.webp\",\"datePublished\":\"2025-03-11T16:35:25+00:00\",\"dateModified\":\"2025-08-05T08:29:11+00:00\",\"breadcrumb\":{\"@id\":\"https:\/\/ad.kress.com\/en\/produit\/kress-40v-21-brushless-push-mower-kg753\/#breadcrumb\"},\"inLanguage\":\"fr-FR\",\"potentialAction\":[{\"@type\":\"ReadAction\",\"target\":[\"https:\/\/ad.kress.com\/en\/produit\/kress-40v-21-brushless-push-mower-kg753\/\"]}]},{\"@type\":\"ImageObject\",\"inLanguage\":\"fr-FR\",\"@id\":\"https:\/\/ad.kress.com\/en\/produit\/kress-40v-21-brushless-push-mower-kg753\/#primaryimage\",\"url\":\"https:\/\/ad.kress.com\/wp-content\/uploads\/onpage\/op_image_d568f2709d2dda20aaa77a36084ec7998c7d5080.1980x.webp\",\"contentUrl\":\"https:\/\/ad.kress.com\/wp-content\/uploads\/onpage\/op_image_d568f2709d2dda20aaa77a36084ec7998c7d5080.1980x.webp\",\"width\":1980,\"height\":1980},{\"@type\":\"BreadcrumbList\",\"@id\":\"https:\/\/ad.kress.com\/en\/produit\/kress-40v-21-brushless-push-mower-kg753\/#breadcrumb\",\"itemListElement\":[{\"@type\":\"ListItem\",\"position\":1,\"name\":\"Home\",\"item\":\"https:\/\/ad.kress.com\/en-gb\/\"},{\"@type\":\"ListItem\",\"position\":2,\"name\":\"Tondeuse pouss\u00e9e Kress 40V 21&#8243; sans balais\"}]},{\"@type\":\"WebSite\",\"@id\":\"https:\/\/ad.kress.com\/en-gb\/#website\",\"url\":\"https:\/\/ad.kress.com\/en-gb\/\",\"name\":\"Kress - Commercial outdoor power equipment\",\"description\":\"Kress\",\"publisher\":{\"@id\":\"https:\/\/ad.kress.com\/en-gb\/#organization\"},\"alternateName\":\"Kress\",\"potentialAction\":[{\"@type\":\"SearchAction\",\"target\":{\"@type\":\"EntryPoint\",\"urlTemplate\":\"https:\/\/ad.kress.com\/en-gb\/?s={search_term_string}\"},\"query-input\":{\"@type\":\"PropertyValueSpecification\",\"valueRequired\":true,\"valueName\":\"search_term_string\"}}],\"inLanguage\":\"fr-FR\"},{\"@type\":\"Organization\",\"@id\":\"https:\/\/ad.kress.com\/en-gb\/#organization\",\"name\":\"Commercial outdoor power equipment\",\"alternateName\":\"Kress\",\"url\":\"https:\/\/ad.kress.com\/en-gb\/\",\"logo\":{\"@type\":\"ImageObject\",\"inLanguage\":\"fr-FR\",\"@id\":\"https:\/\/ad.kress.com\/en-gb\/#\/schema\/logo\/image\/\",\"url\":\"https:\/\/ad.kress.com\/wp-content\/uploads\/2025\/01\/main-logo-kress.webp\",\"contentUrl\":\"https:\/\/ad.kress.com\/wp-content\/uploads\/2025\/01\/main-logo-kress.webp\",\"width\":1038,\"height\":245,\"caption\":\"Commercial outdoor power equipment\"},\"image\":{\"@id\":\"https:\/\/ad.kress.com\/en-gb\/#\/schema\/logo\/image\/\"}}]}<\/script>\n<!-- \/ Yoast SEO plugin. -->","yoast_head_json":{"title":"tondeuse \u00e0 gazon 40 V - Landing Kress","robots":{"index":"index","follow":"follow","max-snippet":"max-snippet:-1","max-image-preview":"max-image-preview:large","max-video-preview":"max-video-preview:-1"},"canonical":"https:\/\/ad.kress.com\/en\/produit\/kress-40v-21-brushless-push-mower-kg753\/","og_locale":"fr_FR","og_type":"article","og_title":"tondeuse \u00e0 gazon 40 V - Landing Kress","og_description":"Le KG753 d\u00e9livre une puissance de 1,2 kW sans balais \u00e0 travers un g\u00e9n\u00e9reux carter de coupe de 21 pouces, avec une plage de hauteur de 1,5 \u00e0 4,0 pouces pour une coupe adapt\u00e9e et pr\u00e9cise. La construction l\u00e9g\u00e8re en polym\u00e8re \u00e9quilibre la durabilit\u00e9 et la maniabilit\u00e9, tandis que la fonctionnalit\u00e9 3 en 1 &#8211;&hellip; Continue reading tondeuse \u00e0 gazon 40 V","og_url":"https:\/\/ad.kress.com\/en\/produit\/kress-40v-21-brushless-push-mower-kg753\/","og_site_name":"Landing Kress","article_modified_time":"2025-08-05T08:29:11+00:00","og_image":[{"width":1038,"height":245,"url":"https:\/\/ad.kress.com\/wp-content\/uploads\/2025\/01\/main-logo-kress.webp","type":"image\/webp"}],"twitter_card":"summary_large_image","schema":{"@context":"https:\/\/schema.org","@graph":[{"@type":"WebPage","@id":"https:\/\/ad.kress.com\/en\/produit\/kress-40v-21-brushless-push-mower-kg753\/","url":"https:\/\/ad.kress.com\/en\/produit\/kress-40v-21-brushless-push-mower-kg753\/","name":"tondeuse \u00e0 gazon 40 V - Landing Kress","isPartOf":{"@id":"https:\/\/ad.kress.com\/en-gb\/#website"},"primaryImageOfPage":{"@id":"https:\/\/ad.kress.com\/en\/produit\/kress-40v-21-brushless-push-mower-kg753\/#primaryimage"},"image":{"@id":"https:\/\/ad.kress.com\/en\/produit\/kress-40v-21-brushless-push-mower-kg753\/#primaryimage"},"thumbnailUrl":"https:\/\/ad.kress.com\/wp-content\/uploads\/onpage\/op_image_d568f2709d2dda20aaa77a36084ec7998c7d5080.1980x.webp","datePublished":"2025-03-11T16:35:25+00:00","dateModified":"2025-08-05T08:29:11+00:00","breadcrumb":{"@id":"https:\/\/ad.kress.com\/en\/produit\/kress-40v-21-brushless-push-mower-kg753\/#breadcrumb"},"inLanguage":"fr-FR","potentialAction":[{"@type":"ReadAction","target":["https:\/\/ad.kress.com\/en\/produit\/kress-40v-21-brushless-push-mower-kg753\/"]}]},{"@type":"ImageObject","inLanguage":"fr-FR","@id":"https:\/\/ad.kress.com\/en\/produit\/kress-40v-21-brushless-push-mower-kg753\/#primaryimage","url":"https:\/\/ad.kress.com\/wp-content\/uploads\/onpage\/op_image_d568f2709d2dda20aaa77a36084ec7998c7d5080.1980x.webp","contentUrl":"https:\/\/ad.kress.com\/wp-content\/uploads\/onpage\/op_image_d568f2709d2dda20aaa77a36084ec7998c7d5080.1980x.webp","width":1980,"height":1980},{"@type":"BreadcrumbList","@id":"https:\/\/ad.kress.com\/en\/produit\/kress-40v-21-brushless-push-mower-kg753\/#breadcrumb","itemListElement":[{"@type":"ListItem","position":1,"name":"Home","item":"https:\/\/ad.kress.com\/en-gb\/"},{"@type":"ListItem","position":2,"name":"Tondeuse pouss\u00e9e Kress 40V 21&#8243; sans balais"}]},{"@type":"WebSite","@id":"https:\/\/ad.kress.com\/en-gb\/#website","url":"https:\/\/ad.kress.com\/en-gb\/","name":"Kress - Commercial outdoor power equipment","description":"Kress","publisher":{"@id":"https:\/\/ad.kress.com\/en-gb\/#organization"},"alternateName":"Kress","potentialAction":[{"@type":"SearchAction","target":{"@type":"EntryPoint","urlTemplate":"https:\/\/ad.kress.com\/en-gb\/?s={search_term_string}"},"query-input":{"@type":"PropertyValueSpecification","valueRequired":true,"valueName":"search_term_string"}}],"inLanguage":"fr-FR"},{"@type":"Organization","@id":"https:\/\/ad.kress.com\/en-gb\/#organization","name":"Commercial outdoor power equipment","alternateName":"Kress","url":"https:\/\/ad.kress.com\/en-gb\/","logo":{"@type":"ImageObject","inLanguage":"fr-FR","@id":"https:\/\/ad.kress.com\/en-gb\/#\/schema\/logo\/image\/","url":"https:\/\/ad.kress.com\/wp-content\/uploads\/2025\/01\/main-logo-kress.webp","contentUrl":"https:\/\/ad.kress.com\/wp-content\/uploads\/2025\/01\/main-logo-kress.webp","width":1038,"height":245,"caption":"Commercial outdoor power equipment"},"image":{"@id":"https:\/\/ad.kress.com\/en-gb\/#\/schema\/logo\/image\/"}}]}},"_links":{"self":[{"href":"https:\/\/ad.kress.com\/fr-fr\/wp-json\/wp\/v2\/product\/2780","targetHints":{"allow":["GET"]}}],"collection":[{"href":"https:\/\/ad.kress.com\/fr-fr\/wp-json\/wp\/v2\/product"}],"about":[{"href":"https:\/\/ad.kress.com\/fr-fr\/wp-json\/wp\/v2\/types\/product"}],"replies":[{"embeddable":true,"href":"https:\/\/ad.kress.com\/fr-fr\/wp-json\/wp\/v2\/comments?post=2780"}],"wp:featuredmedia":[{"embeddable":true,"href":"https:\/\/ad.kress.com\/fr-fr\/wp-json\/wp\/v2\/media\/11158"}],"wp:attachment":[{"href":"https:\/\/ad.kress.com\/fr-fr\/wp-json\/wp\/v2\/media?parent=2780"}],"wp:term":[{"taxonomy":"product_brand","embeddable":true,"href":"https:\/\/ad.kress.com\/fr-fr\/wp-json\/wp\/v2\/product_brand?post=2780"},{"taxonomy":"product_cat","embeddable":true,"href":"https:\/\/ad.kress.com\/fr-fr\/wp-json\/wp\/v2\/product_cat?post=2780"},{"taxonomy":"product_tag","embeddable":true,"href":"https:\/\/ad.kress.com\/fr-fr\/wp-json\/wp\/v2\/product_tag?post=2780"}],"curies":[{"name":"wp","href":"https:\/\/api.w.org\/{rel}","templated":true}]}}