{"id":2766,"date":"2025-03-11T16:35:20","date_gmt":"2025-03-11T16:35:20","guid":{"rendered":""},"modified":"2025-08-05T08:29:11","modified_gmt":"2025-08-05T08:29:11","slug":"taille-bordures-kress-60-v-16-a-batterie-avec-accessoires-kg164","status":"publish","type":"product","link":"https:\/\/ad.kress.com\/fr-fr\/produit\/taille-bordures-kress-60-v-16-a-batterie-avec-accessoires-kg164\/","title":{"rendered":"Coupe-herbe multi-attaches 60 V"},"content":{"rendered":"<p>Le coupe-bordures haute performance Kress 60 V 16&Prime; est con\u00e7u pour l&rsquo;entretien fr\u00e9quent du jardin par des professionnels. Ce coupe-bordures est \u00e9quip\u00e9 d&rsquo;un puissant moteur sans balai de 1200 W qui offre la puissance des coupe-bordures \u00e0 essence sans les \u00e9missions et les inconv\u00e9nients des moteurs \u00e0 essence. Le fil de 0,095&Prime; d&rsquo;\u00e9paisseur coupe en douceur l&rsquo;herbe dense, tandis que la t\u00eate de coupe \u00e0 chargement rapide permet de rembobiner le fil sans effort et en quelques secondes. Cet outil est compatible avec plusieurs accessoires pour diff\u00e9rentes utilisations.<\/p>\n","protected":false},"excerpt":{"rendered":"<p>Le coupe-bordures haute performance Kress 60 V 16&Prime; est con\u00e7u pour l&rsquo;entretien fr\u00e9quent du jardin par des professionnels. Ce coupe-bordures est \u00e9quip\u00e9 d&rsquo;un puissant moteur sans balai de 1200 W qui offre la puissance des coupe-bordures \u00e0 essence sans les \u00e9missions et les inconv\u00e9nients des moteurs \u00e0 essence. Le fil de 0,095&Prime; d&rsquo;\u00e9paisseur coupe en&hellip; <a class=\"more-link\" href=\"https:\/\/ad.kress.com\/fr-fr\/produit\/taille-bordures-kress-60-v-16-a-batterie-avec-accessoires-kg164\/\">Continue reading <span class=\"screen-reader-text\">Coupe-herbe multi-attaches 60 V<\/span><\/a><\/p>\n","protected":false},"featured_media":11124,"comment_status":"closed","ping_status":"closed","template":"","meta":[],"product_brand":[],"product_cat":[],"product_tag":[],"class_list":{"0":"post-2766","1":"product","2":"type-product","3":"status-publish","4":"has-post-thumbnail","6":"entry","8":"first","9":"instock","10":"shipping-taxable","11":"product-type-simple"},"yoast_head":"<!-- This site is optimized with the Yoast SEO plugin v24.3 - https:\/\/yoast.com\/wordpress\/plugins\/seo\/ -->\n<title>Coupe-herbe multi-attaches 60 V - Landing Kress<\/title>\n<meta name=\"robots\" content=\"index, follow, max-snippet:-1, max-image-preview:large, max-video-preview:-1\" \/>\n<link rel=\"canonical\" href=\"https:\/\/ad.kress.com\/en\/produit\/kress-60-v-16-cordless-attachment-capable-string-trimmer-kg164\/\" \/>\n<meta property=\"og:locale\" content=\"fr_FR\" \/>\n<meta property=\"og:type\" content=\"article\" \/>\n<meta property=\"og:title\" content=\"Coupe-herbe multi-attaches 60 V - Landing Kress\" \/>\n<meta property=\"og:description\" content=\"Le coupe-bordures haute performance Kress 60 V 16&Prime; est con\u00e7u pour l&rsquo;entretien fr\u00e9quent du jardin par des professionnels. Ce coupe-bordures est \u00e9quip\u00e9 d&rsquo;un puissant moteur sans balai de 1200 W qui offre la puissance des coupe-bordures \u00e0 essence sans les \u00e9missions et les inconv\u00e9nients des moteurs \u00e0 essence. Le fil de 0,095&Prime; d&rsquo;\u00e9paisseur coupe en&hellip; Continue reading Coupe-herbe multi-attaches 60 V\" \/>\n<meta property=\"og:url\" content=\"https:\/\/ad.kress.com\/en\/produit\/kress-60-v-16-cordless-attachment-capable-string-trimmer-kg164\/\" \/>\n<meta property=\"og:site_name\" content=\"Landing Kress\" \/>\n<meta property=\"article:modified_time\" content=\"2025-08-05T08:29:11+00:00\" \/>\n<meta property=\"og:image\" content=\"https:\/\/ad.kress.com\/wp-content\/uploads\/2025\/01\/main-logo-kress.webp\" \/>\n\t<meta property=\"og:image:width\" content=\"1038\" \/>\n\t<meta property=\"og:image:height\" content=\"245\" \/>\n\t<meta property=\"og:image:type\" content=\"image\/webp\" \/>\n<meta name=\"twitter:card\" content=\"summary_large_image\" \/>\n<script type=\"application\/ld+json\" class=\"yoast-schema-graph\">{\"@context\":\"https:\/\/schema.org\",\"@graph\":[{\"@type\":\"WebPage\",\"@id\":\"https:\/\/ad.kress.com\/en\/produit\/kress-60-v-16-cordless-attachment-capable-string-trimmer-kg164\/\",\"url\":\"https:\/\/ad.kress.com\/en\/produit\/kress-60-v-16-cordless-attachment-capable-string-trimmer-kg164\/\",\"name\":\"Coupe-herbe multi-attaches 60 V - Landing Kress\",\"isPartOf\":{\"@id\":\"https:\/\/ad.kress.com\/en-gb\/#website\"},\"primaryImageOfPage\":{\"@id\":\"https:\/\/ad.kress.com\/en\/produit\/kress-60-v-16-cordless-attachment-capable-string-trimmer-kg164\/#primaryimage\"},\"image\":{\"@id\":\"https:\/\/ad.kress.com\/en\/produit\/kress-60-v-16-cordless-attachment-capable-string-trimmer-kg164\/#primaryimage\"},\"thumbnailUrl\":\"https:\/\/ad.kress.com\/wp-content\/uploads\/onpage\/op_image_f668381d9b295f0ce98dcefd9be279faa204ffb9.1980x.webp\",\"datePublished\":\"2025-03-11T16:35:20+00:00\",\"dateModified\":\"2025-08-05T08:29:11+00:00\",\"breadcrumb\":{\"@id\":\"https:\/\/ad.kress.com\/en\/produit\/kress-60-v-16-cordless-attachment-capable-string-trimmer-kg164\/#breadcrumb\"},\"inLanguage\":\"fr-FR\",\"potentialAction\":[{\"@type\":\"ReadAction\",\"target\":[\"https:\/\/ad.kress.com\/en\/produit\/kress-60-v-16-cordless-attachment-capable-string-trimmer-kg164\/\"]}]},{\"@type\":\"ImageObject\",\"inLanguage\":\"fr-FR\",\"@id\":\"https:\/\/ad.kress.com\/en\/produit\/kress-60-v-16-cordless-attachment-capable-string-trimmer-kg164\/#primaryimage\",\"url\":\"https:\/\/ad.kress.com\/wp-content\/uploads\/onpage\/op_image_f668381d9b295f0ce98dcefd9be279faa204ffb9.1980x.webp\",\"contentUrl\":\"https:\/\/ad.kress.com\/wp-content\/uploads\/onpage\/op_image_f668381d9b295f0ce98dcefd9be279faa204ffb9.1980x.webp\",\"width\":1980,\"height\":1980},{\"@type\":\"BreadcrumbList\",\"@id\":\"https:\/\/ad.kress.com\/en\/produit\/kress-60-v-16-cordless-attachment-capable-string-trimmer-kg164\/#breadcrumb\",\"itemListElement\":[{\"@type\":\"ListItem\",\"position\":1,\"name\":\"Home\",\"item\":\"https:\/\/ad.kress.com\/en-gb\/\"},{\"@type\":\"ListItem\",\"position\":2,\"name\":\"Taille-bordures Kress 60 V 16&#8243; \u00e0 batterie avec accessoires\"}]},{\"@type\":\"WebSite\",\"@id\":\"https:\/\/ad.kress.com\/en-gb\/#website\",\"url\":\"https:\/\/ad.kress.com\/en-gb\/\",\"name\":\"Kress - Commercial outdoor power equipment\",\"description\":\"Kress\",\"publisher\":{\"@id\":\"https:\/\/ad.kress.com\/en-gb\/#organization\"},\"alternateName\":\"Kress\",\"potentialAction\":[{\"@type\":\"SearchAction\",\"target\":{\"@type\":\"EntryPoint\",\"urlTemplate\":\"https:\/\/ad.kress.com\/en-gb\/?s={search_term_string}\"},\"query-input\":{\"@type\":\"PropertyValueSpecification\",\"valueRequired\":true,\"valueName\":\"search_term_string\"}}],\"inLanguage\":\"fr-FR\"},{\"@type\":\"Organization\",\"@id\":\"https:\/\/ad.kress.com\/en-gb\/#organization\",\"name\":\"Commercial outdoor power equipment\",\"alternateName\":\"Kress\",\"url\":\"https:\/\/ad.kress.com\/en-gb\/\",\"logo\":{\"@type\":\"ImageObject\",\"inLanguage\":\"fr-FR\",\"@id\":\"https:\/\/ad.kress.com\/en-gb\/#\/schema\/logo\/image\/\",\"url\":\"https:\/\/ad.kress.com\/wp-content\/uploads\/2025\/01\/main-logo-kress.webp\",\"contentUrl\":\"https:\/\/ad.kress.com\/wp-content\/uploads\/2025\/01\/main-logo-kress.webp\",\"width\":1038,\"height\":245,\"caption\":\"Commercial outdoor power equipment\"},\"image\":{\"@id\":\"https:\/\/ad.kress.com\/en-gb\/#\/schema\/logo\/image\/\"}}]}<\/script>\n<!-- \/ Yoast SEO plugin. -->","yoast_head_json":{"title":"Coupe-herbe multi-attaches 60 V - Landing Kress","robots":{"index":"index","follow":"follow","max-snippet":"max-snippet:-1","max-image-preview":"max-image-preview:large","max-video-preview":"max-video-preview:-1"},"canonical":"https:\/\/ad.kress.com\/en\/produit\/kress-60-v-16-cordless-attachment-capable-string-trimmer-kg164\/","og_locale":"fr_FR","og_type":"article","og_title":"Coupe-herbe multi-attaches 60 V - Landing Kress","og_description":"Le coupe-bordures haute performance Kress 60 V 16&Prime; est con\u00e7u pour l&rsquo;entretien fr\u00e9quent du jardin par des professionnels. Ce coupe-bordures est \u00e9quip\u00e9 d&rsquo;un puissant moteur sans balai de 1200 W qui offre la puissance des coupe-bordures \u00e0 essence sans les \u00e9missions et les inconv\u00e9nients des moteurs \u00e0 essence. Le fil de 0,095&Prime; d&rsquo;\u00e9paisseur coupe en&hellip; Continue reading Coupe-herbe multi-attaches 60 V","og_url":"https:\/\/ad.kress.com\/en\/produit\/kress-60-v-16-cordless-attachment-capable-string-trimmer-kg164\/","og_site_name":"Landing Kress","article_modified_time":"2025-08-05T08:29:11+00:00","og_image":[{"width":1038,"height":245,"url":"https:\/\/ad.kress.com\/wp-content\/uploads\/2025\/01\/main-logo-kress.webp","type":"image\/webp"}],"twitter_card":"summary_large_image","schema":{"@context":"https:\/\/schema.org","@graph":[{"@type":"WebPage","@id":"https:\/\/ad.kress.com\/en\/produit\/kress-60-v-16-cordless-attachment-capable-string-trimmer-kg164\/","url":"https:\/\/ad.kress.com\/en\/produit\/kress-60-v-16-cordless-attachment-capable-string-trimmer-kg164\/","name":"Coupe-herbe multi-attaches 60 V - Landing Kress","isPartOf":{"@id":"https:\/\/ad.kress.com\/en-gb\/#website"},"primaryImageOfPage":{"@id":"https:\/\/ad.kress.com\/en\/produit\/kress-60-v-16-cordless-attachment-capable-string-trimmer-kg164\/#primaryimage"},"image":{"@id":"https:\/\/ad.kress.com\/en\/produit\/kress-60-v-16-cordless-attachment-capable-string-trimmer-kg164\/#primaryimage"},"thumbnailUrl":"https:\/\/ad.kress.com\/wp-content\/uploads\/onpage\/op_image_f668381d9b295f0ce98dcefd9be279faa204ffb9.1980x.webp","datePublished":"2025-03-11T16:35:20+00:00","dateModified":"2025-08-05T08:29:11+00:00","breadcrumb":{"@id":"https:\/\/ad.kress.com\/en\/produit\/kress-60-v-16-cordless-attachment-capable-string-trimmer-kg164\/#breadcrumb"},"inLanguage":"fr-FR","potentialAction":[{"@type":"ReadAction","target":["https:\/\/ad.kress.com\/en\/produit\/kress-60-v-16-cordless-attachment-capable-string-trimmer-kg164\/"]}]},{"@type":"ImageObject","inLanguage":"fr-FR","@id":"https:\/\/ad.kress.com\/en\/produit\/kress-60-v-16-cordless-attachment-capable-string-trimmer-kg164\/#primaryimage","url":"https:\/\/ad.kress.com\/wp-content\/uploads\/onpage\/op_image_f668381d9b295f0ce98dcefd9be279faa204ffb9.1980x.webp","contentUrl":"https:\/\/ad.kress.com\/wp-content\/uploads\/onpage\/op_image_f668381d9b295f0ce98dcefd9be279faa204ffb9.1980x.webp","width":1980,"height":1980},{"@type":"BreadcrumbList","@id":"https:\/\/ad.kress.com\/en\/produit\/kress-60-v-16-cordless-attachment-capable-string-trimmer-kg164\/#breadcrumb","itemListElement":[{"@type":"ListItem","position":1,"name":"Home","item":"https:\/\/ad.kress.com\/en-gb\/"},{"@type":"ListItem","position":2,"name":"Taille-bordures Kress 60 V 16&#8243; \u00e0 batterie avec accessoires"}]},{"@type":"WebSite","@id":"https:\/\/ad.kress.com\/en-gb\/#website","url":"https:\/\/ad.kress.com\/en-gb\/","name":"Kress - Commercial outdoor power equipment","description":"Kress","publisher":{"@id":"https:\/\/ad.kress.com\/en-gb\/#organization"},"alternateName":"Kress","potentialAction":[{"@type":"SearchAction","target":{"@type":"EntryPoint","urlTemplate":"https:\/\/ad.kress.com\/en-gb\/?s={search_term_string}"},"query-input":{"@type":"PropertyValueSpecification","valueRequired":true,"valueName":"search_term_string"}}],"inLanguage":"fr-FR"},{"@type":"Organization","@id":"https:\/\/ad.kress.com\/en-gb\/#organization","name":"Commercial outdoor power equipment","alternateName":"Kress","url":"https:\/\/ad.kress.com\/en-gb\/","logo":{"@type":"ImageObject","inLanguage":"fr-FR","@id":"https:\/\/ad.kress.com\/en-gb\/#\/schema\/logo\/image\/","url":"https:\/\/ad.kress.com\/wp-content\/uploads\/2025\/01\/main-logo-kress.webp","contentUrl":"https:\/\/ad.kress.com\/wp-content\/uploads\/2025\/01\/main-logo-kress.webp","width":1038,"height":245,"caption":"Commercial outdoor power equipment"},"image":{"@id":"https:\/\/ad.kress.com\/en-gb\/#\/schema\/logo\/image\/"}}]}},"_links":{"self":[{"href":"https:\/\/ad.kress.com\/fr-fr\/wp-json\/wp\/v2\/product\/2766","targetHints":{"allow":["GET"]}}],"collection":[{"href":"https:\/\/ad.kress.com\/fr-fr\/wp-json\/wp\/v2\/product"}],"about":[{"href":"https:\/\/ad.kress.com\/fr-fr\/wp-json\/wp\/v2\/types\/product"}],"replies":[{"embeddable":true,"href":"https:\/\/ad.kress.com\/fr-fr\/wp-json\/wp\/v2\/comments?post=2766"}],"wp:featuredmedia":[{"embeddable":true,"href":"https:\/\/ad.kress.com\/fr-fr\/wp-json\/wp\/v2\/media\/11124"}],"wp:attachment":[{"href":"https:\/\/ad.kress.com\/fr-fr\/wp-json\/wp\/v2\/media?parent=2766"}],"wp:term":[{"taxonomy":"product_brand","embeddable":true,"href":"https:\/\/ad.kress.com\/fr-fr\/wp-json\/wp\/v2\/product_brand?post=2766"},{"taxonomy":"product_cat","embeddable":true,"href":"https:\/\/ad.kress.com\/fr-fr\/wp-json\/wp\/v2\/product_cat?post=2766"},{"taxonomy":"product_tag","embeddable":true,"href":"https:\/\/ad.kress.com\/fr-fr\/wp-json\/wp\/v2\/product_tag?post=2766"}],"curies":[{"name":"wp","href":"https:\/\/api.w.org\/{rel}","templated":true}]}}