{"id":2654,"date":"2025-03-11T16:35:17","date_gmt":"2025-03-11T16:35:17","guid":{"rendered":""},"modified":"2025-08-05T08:29:11","modified_gmt":"2025-08-05T08:29:11","slug":"elagueuse-sur-perche-60-v-de-qualite-professionnelle-kc330-9","status":"publish","type":"product","link":"https:\/\/ad.kress.com\/fr-fr\/produit\/elagueuse-sur-perche-60-v-de-qualite-professionnelle-kc330-9\/","title":{"rendered":"\u00c9lagueuse sur perche 60 V de qualit\u00e9 professionnelle"},"content":{"rendered":"<p>Con\u00e7ue pour les entreprises d&rsquo;am\u00e9nagement paysager et les municipalit\u00e9s qui cherchent \u00e0 int\u00e9grer des pratiques durables dans leurs activit\u00e9s, la scie sur poteau Kress KC330 \u00e9tablit une nouvelle norme de productivit\u00e9. Pouvant s&rsquo;\u00e9tendre jusqu&rsquo;\u00e0 4 m\u00e8tres, elle rivalise avec la puissance des moteurs \u00e0 combustion professionnels, garantissant qu&rsquo;aucune t\u00e2che n&rsquo;est hors de port\u00e9e. \u00c9quip\u00e9e d&rsquo;un syst\u00e8me de r\u00e9glage en 2 points, elle offre une maniabilit\u00e9 sup\u00e9rieure, ce qui permet de r\u00e9aliser des coupes pr\u00e9cises sous diff\u00e9rents angles sans effort. Faisant partie du CyberSystem commercial de Kress, il offre des performances haut de gamme avec l&rsquo;avantage de co\u00fbts d&rsquo;exploitation inf\u00e9rieurs \u00e0 ceux du gaz et des autres syst\u00e8mes de batterie.<\/p>\n","protected":false},"excerpt":{"rendered":"<p>Con\u00e7ue pour les entreprises d&rsquo;am\u00e9nagement paysager et les municipalit\u00e9s qui cherchent \u00e0 int\u00e9grer des pratiques durables dans leurs activit\u00e9s, la scie sur poteau Kress KC330 \u00e9tablit une nouvelle norme de productivit\u00e9. Pouvant s&rsquo;\u00e9tendre jusqu&rsquo;\u00e0 4 m\u00e8tres, elle rivalise avec la puissance des moteurs \u00e0 combustion professionnels, garantissant qu&rsquo;aucune t\u00e2che n&rsquo;est hors de port\u00e9e. \u00c9quip\u00e9e d&rsquo;un&hellip; <a class=\"more-link\" href=\"https:\/\/ad.kress.com\/fr-fr\/produit\/elagueuse-sur-perche-60-v-de-qualite-professionnelle-kc330-9\/\">Continue reading <span class=\"screen-reader-text\">\u00c9lagueuse sur perche 60 V de qualit\u00e9 professionnelle<\/span><\/a><\/p>\n","protected":false},"featured_media":11005,"comment_status":"closed","ping_status":"closed","template":"","meta":[],"product_brand":[],"product_cat":[],"product_tag":[],"class_list":{"0":"post-2654","1":"product","2":"type-product","3":"status-publish","4":"has-post-thumbnail","6":"entry","8":"first","9":"instock","10":"shipping-taxable","11":"purchasable","12":"product-type-simple"},"yoast_head":"<!-- This site is optimized with the Yoast SEO plugin v24.3 - https:\/\/yoast.com\/wordpress\/plugins\/seo\/ -->\n<title>\u00c9lagueuse sur perche 60 V de qualit\u00e9 professionnelle - Landing Kress<\/title>\n<meta name=\"robots\" content=\"index, follow, max-snippet:-1, max-image-preview:large, max-video-preview:-1\" \/>\n<link rel=\"canonical\" href=\"https:\/\/ad.kress.com\/en\/produit\/commercial-grade-60-v-pole-saw-kc330-9\/\" \/>\n<meta property=\"og:locale\" content=\"fr_FR\" \/>\n<meta property=\"og:type\" content=\"article\" \/>\n<meta property=\"og:title\" content=\"\u00c9lagueuse sur perche 60 V de qualit\u00e9 professionnelle - Landing Kress\" \/>\n<meta property=\"og:description\" content=\"Con\u00e7ue pour les entreprises d&rsquo;am\u00e9nagement paysager et les municipalit\u00e9s qui cherchent \u00e0 int\u00e9grer des pratiques durables dans leurs activit\u00e9s, la scie sur poteau Kress KC330 \u00e9tablit une nouvelle norme de productivit\u00e9. Pouvant s&rsquo;\u00e9tendre jusqu&rsquo;\u00e0 4 m\u00e8tres, elle rivalise avec la puissance des moteurs \u00e0 combustion professionnels, garantissant qu&rsquo;aucune t\u00e2che n&rsquo;est hors de port\u00e9e. \u00c9quip\u00e9e d&rsquo;un&hellip; Continue reading \u00c9lagueuse sur perche 60 V de qualit\u00e9 professionnelle\" \/>\n<meta property=\"og:url\" content=\"https:\/\/ad.kress.com\/en\/produit\/commercial-grade-60-v-pole-saw-kc330-9\/\" \/>\n<meta property=\"og:site_name\" content=\"Landing Kress\" \/>\n<meta property=\"article:modified_time\" content=\"2025-08-05T08:29:11+00:00\" \/>\n<meta property=\"og:image\" content=\"https:\/\/ad.kress.com\/wp-content\/uploads\/onpage\/op_image_9e379605db2eb91e4829d162d734ae7a6a207d2b.1980x.webp\" \/>\n\t<meta property=\"og:image:width\" content=\"1980\" \/>\n\t<meta property=\"og:image:height\" content=\"1980\" \/>\n\t<meta property=\"og:image:type\" content=\"image\/webp\" \/>\n<meta name=\"twitter:card\" content=\"summary_large_image\" \/>\n<meta name=\"twitter:label1\" content=\"Dur\u00e9e de lecture estim\u00e9e\" \/>\n\t<meta name=\"twitter:data1\" content=\"1 minute\" \/>\n<script type=\"application\/ld+json\" class=\"yoast-schema-graph\">{\"@context\":\"https:\/\/schema.org\",\"@graph\":[{\"@type\":\"WebPage\",\"@id\":\"https:\/\/ad.kress.com\/en\/produit\/commercial-grade-60-v-pole-saw-kc330-9\/\",\"url\":\"https:\/\/ad.kress.com\/en\/produit\/commercial-grade-60-v-pole-saw-kc330-9\/\",\"name\":\"\u00c9lagueuse sur perche 60 V de qualit\u00e9 professionnelle - Landing Kress\",\"isPartOf\":{\"@id\":\"https:\/\/ad.kress.com\/en-gb\/#website\"},\"primaryImageOfPage\":{\"@id\":\"https:\/\/ad.kress.com\/en\/produit\/commercial-grade-60-v-pole-saw-kc330-9\/#primaryimage\"},\"image\":{\"@id\":\"https:\/\/ad.kress.com\/en\/produit\/commercial-grade-60-v-pole-saw-kc330-9\/#primaryimage\"},\"thumbnailUrl\":\"https:\/\/ad.kress.com\/wp-content\/uploads\/onpage\/op_image_b18a7a93582942796cad1d48a7ec9db4d98a8d63.1980x.webp\",\"datePublished\":\"2025-03-11T16:35:17+00:00\",\"dateModified\":\"2025-08-05T08:29:11+00:00\",\"breadcrumb\":{\"@id\":\"https:\/\/ad.kress.com\/en\/produit\/commercial-grade-60-v-pole-saw-kc330-9\/#breadcrumb\"},\"inLanguage\":\"fr-FR\",\"potentialAction\":[{\"@type\":\"ReadAction\",\"target\":[\"https:\/\/ad.kress.com\/en\/produit\/commercial-grade-60-v-pole-saw-kc330-9\/\"]}]},{\"@type\":\"ImageObject\",\"inLanguage\":\"fr-FR\",\"@id\":\"https:\/\/ad.kress.com\/en\/produit\/commercial-grade-60-v-pole-saw-kc330-9\/#primaryimage\",\"url\":\"https:\/\/ad.kress.com\/wp-content\/uploads\/onpage\/op_image_b18a7a93582942796cad1d48a7ec9db4d98a8d63.1980x.webp\",\"contentUrl\":\"https:\/\/ad.kress.com\/wp-content\/uploads\/onpage\/op_image_b18a7a93582942796cad1d48a7ec9db4d98a8d63.1980x.webp\",\"width\":1980,\"height\":1980},{\"@type\":\"BreadcrumbList\",\"@id\":\"https:\/\/ad.kress.com\/en\/produit\/commercial-grade-60-v-pole-saw-kc330-9\/#breadcrumb\",\"itemListElement\":[{\"@type\":\"ListItem\",\"position\":1,\"name\":\"Home\",\"item\":\"https:\/\/ad.kress.com\/en-gb\/\"},{\"@type\":\"ListItem\",\"position\":2,\"name\":\"\u00c9lagueuse sur perche 60 V de qualit\u00e9 professionnelle\"}]},{\"@type\":\"WebSite\",\"@id\":\"https:\/\/ad.kress.com\/en-gb\/#website\",\"url\":\"https:\/\/ad.kress.com\/en-gb\/\",\"name\":\"Kress - Commercial outdoor power equipment\",\"description\":\"Kress\",\"publisher\":{\"@id\":\"https:\/\/ad.kress.com\/en-gb\/#organization\"},\"alternateName\":\"Kress\",\"potentialAction\":[{\"@type\":\"SearchAction\",\"target\":{\"@type\":\"EntryPoint\",\"urlTemplate\":\"https:\/\/ad.kress.com\/en-gb\/?s={search_term_string}\"},\"query-input\":{\"@type\":\"PropertyValueSpecification\",\"valueRequired\":true,\"valueName\":\"search_term_string\"}}],\"inLanguage\":\"fr-FR\"},{\"@type\":\"Organization\",\"@id\":\"https:\/\/ad.kress.com\/en-gb\/#organization\",\"name\":\"Commercial outdoor power equipment\",\"alternateName\":\"Kress\",\"url\":\"https:\/\/ad.kress.com\/en-gb\/\",\"logo\":{\"@type\":\"ImageObject\",\"inLanguage\":\"fr-FR\",\"@id\":\"https:\/\/ad.kress.com\/en-gb\/#\/schema\/logo\/image\/\",\"url\":\"https:\/\/ad.kress.com\/wp-content\/uploads\/2025\/01\/main-logo-kress.webp\",\"contentUrl\":\"https:\/\/ad.kress.com\/wp-content\/uploads\/2025\/01\/main-logo-kress.webp\",\"width\":1038,\"height\":245,\"caption\":\"Commercial outdoor power equipment\"},\"image\":{\"@id\":\"https:\/\/ad.kress.com\/en-gb\/#\/schema\/logo\/image\/\"}}]}<\/script>\n<!-- \/ Yoast SEO plugin. -->","yoast_head_json":{"title":"\u00c9lagueuse sur perche 60 V de qualit\u00e9 professionnelle - Landing Kress","robots":{"index":"index","follow":"follow","max-snippet":"max-snippet:-1","max-image-preview":"max-image-preview:large","max-video-preview":"max-video-preview:-1"},"canonical":"https:\/\/ad.kress.com\/en\/produit\/commercial-grade-60-v-pole-saw-kc330-9\/","og_locale":"fr_FR","og_type":"article","og_title":"\u00c9lagueuse sur perche 60 V de qualit\u00e9 professionnelle - Landing Kress","og_description":"Con\u00e7ue pour les entreprises d&rsquo;am\u00e9nagement paysager et les municipalit\u00e9s qui cherchent \u00e0 int\u00e9grer des pratiques durables dans leurs activit\u00e9s, la scie sur poteau Kress KC330 \u00e9tablit une nouvelle norme de productivit\u00e9. Pouvant s&rsquo;\u00e9tendre jusqu&rsquo;\u00e0 4 m\u00e8tres, elle rivalise avec la puissance des moteurs \u00e0 combustion professionnels, garantissant qu&rsquo;aucune t\u00e2che n&rsquo;est hors de port\u00e9e. \u00c9quip\u00e9e d&rsquo;un&hellip; Continue reading \u00c9lagueuse sur perche 60 V de qualit\u00e9 professionnelle","og_url":"https:\/\/ad.kress.com\/en\/produit\/commercial-grade-60-v-pole-saw-kc330-9\/","og_site_name":"Landing Kress","article_modified_time":"2025-08-05T08:29:11+00:00","og_image":[{"width":1980,"height":1980,"url":"https:\/\/ad.kress.com\/wp-content\/uploads\/onpage\/op_image_9e379605db2eb91e4829d162d734ae7a6a207d2b.1980x.webp","type":"image\/webp"}],"twitter_card":"summary_large_image","twitter_misc":{"Dur\u00e9e de lecture estim\u00e9e":"1 minute"},"schema":{"@context":"https:\/\/schema.org","@graph":[{"@type":"WebPage","@id":"https:\/\/ad.kress.com\/en\/produit\/commercial-grade-60-v-pole-saw-kc330-9\/","url":"https:\/\/ad.kress.com\/en\/produit\/commercial-grade-60-v-pole-saw-kc330-9\/","name":"\u00c9lagueuse sur perche 60 V de qualit\u00e9 professionnelle - Landing Kress","isPartOf":{"@id":"https:\/\/ad.kress.com\/en-gb\/#website"},"primaryImageOfPage":{"@id":"https:\/\/ad.kress.com\/en\/produit\/commercial-grade-60-v-pole-saw-kc330-9\/#primaryimage"},"image":{"@id":"https:\/\/ad.kress.com\/en\/produit\/commercial-grade-60-v-pole-saw-kc330-9\/#primaryimage"},"thumbnailUrl":"https:\/\/ad.kress.com\/wp-content\/uploads\/onpage\/op_image_b18a7a93582942796cad1d48a7ec9db4d98a8d63.1980x.webp","datePublished":"2025-03-11T16:35:17+00:00","dateModified":"2025-08-05T08:29:11+00:00","breadcrumb":{"@id":"https:\/\/ad.kress.com\/en\/produit\/commercial-grade-60-v-pole-saw-kc330-9\/#breadcrumb"},"inLanguage":"fr-FR","potentialAction":[{"@type":"ReadAction","target":["https:\/\/ad.kress.com\/en\/produit\/commercial-grade-60-v-pole-saw-kc330-9\/"]}]},{"@type":"ImageObject","inLanguage":"fr-FR","@id":"https:\/\/ad.kress.com\/en\/produit\/commercial-grade-60-v-pole-saw-kc330-9\/#primaryimage","url":"https:\/\/ad.kress.com\/wp-content\/uploads\/onpage\/op_image_b18a7a93582942796cad1d48a7ec9db4d98a8d63.1980x.webp","contentUrl":"https:\/\/ad.kress.com\/wp-content\/uploads\/onpage\/op_image_b18a7a93582942796cad1d48a7ec9db4d98a8d63.1980x.webp","width":1980,"height":1980},{"@type":"BreadcrumbList","@id":"https:\/\/ad.kress.com\/en\/produit\/commercial-grade-60-v-pole-saw-kc330-9\/#breadcrumb","itemListElement":[{"@type":"ListItem","position":1,"name":"Home","item":"https:\/\/ad.kress.com\/en-gb\/"},{"@type":"ListItem","position":2,"name":"\u00c9lagueuse sur perche 60 V de qualit\u00e9 professionnelle"}]},{"@type":"WebSite","@id":"https:\/\/ad.kress.com\/en-gb\/#website","url":"https:\/\/ad.kress.com\/en-gb\/","name":"Kress - Commercial outdoor power equipment","description":"Kress","publisher":{"@id":"https:\/\/ad.kress.com\/en-gb\/#organization"},"alternateName":"Kress","potentialAction":[{"@type":"SearchAction","target":{"@type":"EntryPoint","urlTemplate":"https:\/\/ad.kress.com\/en-gb\/?s={search_term_string}"},"query-input":{"@type":"PropertyValueSpecification","valueRequired":true,"valueName":"search_term_string"}}],"inLanguage":"fr-FR"},{"@type":"Organization","@id":"https:\/\/ad.kress.com\/en-gb\/#organization","name":"Commercial outdoor power equipment","alternateName":"Kress","url":"https:\/\/ad.kress.com\/en-gb\/","logo":{"@type":"ImageObject","inLanguage":"fr-FR","@id":"https:\/\/ad.kress.com\/en-gb\/#\/schema\/logo\/image\/","url":"https:\/\/ad.kress.com\/wp-content\/uploads\/2025\/01\/main-logo-kress.webp","contentUrl":"https:\/\/ad.kress.com\/wp-content\/uploads\/2025\/01\/main-logo-kress.webp","width":1038,"height":245,"caption":"Commercial outdoor power equipment"},"image":{"@id":"https:\/\/ad.kress.com\/en-gb\/#\/schema\/logo\/image\/"}}]}},"_links":{"self":[{"href":"https:\/\/ad.kress.com\/fr-fr\/wp-json\/wp\/v2\/product\/2654","targetHints":{"allow":["GET"]}}],"collection":[{"href":"https:\/\/ad.kress.com\/fr-fr\/wp-json\/wp\/v2\/product"}],"about":[{"href":"https:\/\/ad.kress.com\/fr-fr\/wp-json\/wp\/v2\/types\/product"}],"replies":[{"embeddable":true,"href":"https:\/\/ad.kress.com\/fr-fr\/wp-json\/wp\/v2\/comments?post=2654"}],"wp:featuredmedia":[{"embeddable":true,"href":"https:\/\/ad.kress.com\/fr-fr\/wp-json\/wp\/v2\/media\/11005"}],"wp:attachment":[{"href":"https:\/\/ad.kress.com\/fr-fr\/wp-json\/wp\/v2\/media?parent=2654"}],"wp:term":[{"taxonomy":"product_brand","embeddable":true,"href":"https:\/\/ad.kress.com\/fr-fr\/wp-json\/wp\/v2\/product_brand?post=2654"},{"taxonomy":"product_cat","embeddable":true,"href":"https:\/\/ad.kress.com\/fr-fr\/wp-json\/wp\/v2\/product_cat?post=2654"},{"taxonomy":"product_tag","embeddable":true,"href":"https:\/\/ad.kress.com\/fr-fr\/wp-json\/wp\/v2\/product_tag?post=2654"}],"curies":[{"name":"wp","href":"https:\/\/api.w.org\/{rel}","templated":true}]}}