{"id":239,"date":"2025-03-11T16:34:30","date_gmt":"2025-03-11T16:34:30","guid":{"rendered":""},"modified":"2025-08-05T08:29:11","modified_gmt":"2025-08-05T08:29:11","slug":"la-tondeuse-robot-kress-mission-gere-des-pelouses-jusqua-2-000-m%c2%b2-kr122e","status":"publish","type":"product","link":"https:\/\/ad.kress.com\/fr-fr\/produit\/la-tondeuse-robot-kress-mission-gere-des-pelouses-jusqua-2-000-m%c2%b2-kr122e\/","title":{"rendered":"La tondeuse robot Kress Mission g\u00e8re des pelouses jusqu&rsquo;\u00e0 2 000 m\u00b2 gr\u00e2ce au syst\u00e8me OAS (Obstacle Avoidance System)"},"content":{"rendered":"<p>La solution ultime pour les grandes pelouses. Dot\u00e9e du syst\u00e8me OAS (Obstacle Avoidance System), de la technologie STT (Side Trim Technology), d&rsquo;une programmation automatique pr\u00e9cise et d&rsquo;une gestion multizone, elle offre une efficacit\u00e9 et des performances in\u00e9gal\u00e9es.<\/p>\n","protected":false},"excerpt":{"rendered":"<p>La solution ultime pour les grandes pelouses. Dot\u00e9e du syst\u00e8me OAS (Obstacle Avoidance System), de la technologie STT (Side Trim Technology), d&rsquo;une programmation automatique pr\u00e9cise et d&rsquo;une gestion multizone, elle offre une efficacit\u00e9 et des performances in\u00e9gal\u00e9es.<\/p>\n","protected":false},"featured_media":8335,"comment_status":"closed","ping_status":"closed","template":"","meta":[],"product_brand":[],"product_cat":[],"product_tag":[],"class_list":{"0":"post-239","1":"product","2":"type-product","3":"status-publish","4":"has-post-thumbnail","6":"entry","8":"first","9":"instock","10":"shipping-taxable","11":"purchasable","12":"product-type-simple"},"yoast_head":"<!-- This site is optimized with the Yoast SEO plugin v24.3 - https:\/\/yoast.com\/wordpress\/plugins\/seo\/ -->\n<title>La tondeuse robot Kress Mission g\u00e8re des pelouses jusqu&#039;\u00e0 2 000 m\u00b2 gr\u00e2ce au syst\u00e8me OAS (Obstacle Avoidance System) - Landing Kress<\/title>\n<meta name=\"robots\" content=\"index, follow, max-snippet:-1, max-image-preview:large, max-video-preview:-1\" \/>\n<link rel=\"canonical\" href=\"https:\/\/ad.kress.com\/en\/produit\/the-kress-mission-robot-mower-manages-lawns-up-to-2000-m\u00b2-kr122e\/\" \/>\n<meta property=\"og:locale\" content=\"fr_FR\" \/>\n<meta property=\"og:type\" content=\"article\" \/>\n<meta property=\"og:title\" content=\"La tondeuse robot Kress Mission g\u00e8re des pelouses jusqu&#039;\u00e0 2 000 m\u00b2 gr\u00e2ce au syst\u00e8me OAS (Obstacle Avoidance System) - Landing Kress\" \/>\n<meta property=\"og:description\" content=\"La solution ultime pour les grandes pelouses. Dot\u00e9e du syst\u00e8me OAS (Obstacle Avoidance System), de la technologie STT (Side Trim Technology), d&rsquo;une programmation automatique pr\u00e9cise et d&rsquo;une gestion multizone, elle offre une efficacit\u00e9 et des performances in\u00e9gal\u00e9es.\" \/>\n<meta property=\"og:url\" content=\"https:\/\/ad.kress.com\/en\/produit\/the-kress-mission-robot-mower-manages-lawns-up-to-2000-m\u00b2-kr122e\/\" \/>\n<meta property=\"og:site_name\" content=\"Landing Kress\" \/>\n<meta property=\"article:modified_time\" content=\"2025-08-05T08:29:11+00:00\" \/>\n<meta property=\"og:image\" content=\"https:\/\/ad.kress.com\/wp-content\/uploads\/2025\/01\/main-logo-kress.webp\" \/>\n\t<meta property=\"og:image:width\" content=\"1038\" \/>\n\t<meta property=\"og:image:height\" content=\"245\" \/>\n\t<meta property=\"og:image:type\" content=\"image\/webp\" \/>\n<meta name=\"twitter:card\" content=\"summary_large_image\" \/>\n<script type=\"application\/ld+json\" class=\"yoast-schema-graph\">{\"@context\":\"https:\/\/schema.org\",\"@graph\":[{\"@type\":\"WebPage\",\"@id\":\"https:\/\/ad.kress.com\/en\/produit\/the-kress-mission-robot-mower-manages-lawns-up-to-2000-m%c2%b2-kr122e\/\",\"url\":\"https:\/\/ad.kress.com\/en\/produit\/the-kress-mission-robot-mower-manages-lawns-up-to-2000-m%c2%b2-kr122e\/\",\"name\":\"La tondeuse robot Kress Mission g\u00e8re des pelouses jusqu'\u00e0 2 000 m\u00b2 gr\u00e2ce au syst\u00e8me OAS (Obstacle Avoidance System) - Landing Kress\",\"isPartOf\":{\"@id\":\"https:\/\/ad.kress.com\/en-gb\/#website\"},\"primaryImageOfPage\":{\"@id\":\"https:\/\/ad.kress.com\/en\/produit\/the-kress-mission-robot-mower-manages-lawns-up-to-2000-m%c2%b2-kr122e\/#primaryimage\"},\"image\":{\"@id\":\"https:\/\/ad.kress.com\/en\/produit\/the-kress-mission-robot-mower-manages-lawns-up-to-2000-m%c2%b2-kr122e\/#primaryimage\"},\"thumbnailUrl\":\"https:\/\/ad.kress.com\/wp-content\/uploads\/onpage\/op_image_52a82f70784be14e7e753fb8cff7412bf0823162.1980x.webp\",\"datePublished\":\"2025-03-11T16:34:30+00:00\",\"dateModified\":\"2025-08-05T08:29:11+00:00\",\"breadcrumb\":{\"@id\":\"https:\/\/ad.kress.com\/en\/produit\/the-kress-mission-robot-mower-manages-lawns-up-to-2000-m%c2%b2-kr122e\/#breadcrumb\"},\"inLanguage\":\"fr-FR\",\"potentialAction\":[{\"@type\":\"ReadAction\",\"target\":[\"https:\/\/ad.kress.com\/en\/produit\/the-kress-mission-robot-mower-manages-lawns-up-to-2000-m%c2%b2-kr122e\/\"]}]},{\"@type\":\"ImageObject\",\"inLanguage\":\"fr-FR\",\"@id\":\"https:\/\/ad.kress.com\/en\/produit\/the-kress-mission-robot-mower-manages-lawns-up-to-2000-m%c2%b2-kr122e\/#primaryimage\",\"url\":\"https:\/\/ad.kress.com\/wp-content\/uploads\/onpage\/op_image_52a82f70784be14e7e753fb8cff7412bf0823162.1980x.webp\",\"contentUrl\":\"https:\/\/ad.kress.com\/wp-content\/uploads\/onpage\/op_image_52a82f70784be14e7e753fb8cff7412bf0823162.1980x.webp\",\"width\":1980,\"height\":1980},{\"@type\":\"BreadcrumbList\",\"@id\":\"https:\/\/ad.kress.com\/en\/produit\/the-kress-mission-robot-mower-manages-lawns-up-to-2000-m%c2%b2-kr122e\/#breadcrumb\",\"itemListElement\":[{\"@type\":\"ListItem\",\"position\":1,\"name\":\"Home\",\"item\":\"https:\/\/ad.kress.com\/en-gb\/\"},{\"@type\":\"ListItem\",\"position\":2,\"name\":\"La tondeuse robot Kress Mission g\u00e8re des pelouses jusqu&#8217;\u00e0 2 000 m\u00b2\"}]},{\"@type\":\"WebSite\",\"@id\":\"https:\/\/ad.kress.com\/en-gb\/#website\",\"url\":\"https:\/\/ad.kress.com\/en-gb\/\",\"name\":\"Kress - Commercial outdoor power equipment\",\"description\":\"Kress\",\"publisher\":{\"@id\":\"https:\/\/ad.kress.com\/en-gb\/#organization\"},\"alternateName\":\"Kress\",\"potentialAction\":[{\"@type\":\"SearchAction\",\"target\":{\"@type\":\"EntryPoint\",\"urlTemplate\":\"https:\/\/ad.kress.com\/en-gb\/?s={search_term_string}\"},\"query-input\":{\"@type\":\"PropertyValueSpecification\",\"valueRequired\":true,\"valueName\":\"search_term_string\"}}],\"inLanguage\":\"fr-FR\"},{\"@type\":\"Organization\",\"@id\":\"https:\/\/ad.kress.com\/en-gb\/#organization\",\"name\":\"Commercial outdoor power equipment\",\"alternateName\":\"Kress\",\"url\":\"https:\/\/ad.kress.com\/en-gb\/\",\"logo\":{\"@type\":\"ImageObject\",\"inLanguage\":\"fr-FR\",\"@id\":\"https:\/\/ad.kress.com\/en-gb\/#\/schema\/logo\/image\/\",\"url\":\"https:\/\/ad.kress.com\/wp-content\/uploads\/2025\/01\/main-logo-kress.webp\",\"contentUrl\":\"https:\/\/ad.kress.com\/wp-content\/uploads\/2025\/01\/main-logo-kress.webp\",\"width\":1038,\"height\":245,\"caption\":\"Commercial outdoor power equipment\"},\"image\":{\"@id\":\"https:\/\/ad.kress.com\/en-gb\/#\/schema\/logo\/image\/\"}}]}<\/script>\n<!-- \/ Yoast SEO plugin. -->","yoast_head_json":{"title":"La tondeuse robot Kress Mission g\u00e8re des pelouses jusqu'\u00e0 2 000 m\u00b2 gr\u00e2ce au syst\u00e8me OAS (Obstacle Avoidance System) - Landing Kress","robots":{"index":"index","follow":"follow","max-snippet":"max-snippet:-1","max-image-preview":"max-image-preview:large","max-video-preview":"max-video-preview:-1"},"canonical":"https:\/\/ad.kress.com\/en\/produit\/the-kress-mission-robot-mower-manages-lawns-up-to-2000-m\u00b2-kr122e\/","og_locale":"fr_FR","og_type":"article","og_title":"La tondeuse robot Kress Mission g\u00e8re des pelouses jusqu'\u00e0 2 000 m\u00b2 gr\u00e2ce au syst\u00e8me OAS (Obstacle Avoidance System) - Landing Kress","og_description":"La solution ultime pour les grandes pelouses. Dot\u00e9e du syst\u00e8me OAS (Obstacle Avoidance System), de la technologie STT (Side Trim Technology), d&rsquo;une programmation automatique pr\u00e9cise et d&rsquo;une gestion multizone, elle offre une efficacit\u00e9 et des performances in\u00e9gal\u00e9es.","og_url":"https:\/\/ad.kress.com\/en\/produit\/the-kress-mission-robot-mower-manages-lawns-up-to-2000-m\u00b2-kr122e\/","og_site_name":"Landing Kress","article_modified_time":"2025-08-05T08:29:11+00:00","og_image":[{"width":1038,"height":245,"url":"https:\/\/ad.kress.com\/wp-content\/uploads\/2025\/01\/main-logo-kress.webp","type":"image\/webp"}],"twitter_card":"summary_large_image","schema":{"@context":"https:\/\/schema.org","@graph":[{"@type":"WebPage","@id":"https:\/\/ad.kress.com\/en\/produit\/the-kress-mission-robot-mower-manages-lawns-up-to-2000-m%c2%b2-kr122e\/","url":"https:\/\/ad.kress.com\/en\/produit\/the-kress-mission-robot-mower-manages-lawns-up-to-2000-m%c2%b2-kr122e\/","name":"La tondeuse robot Kress Mission g\u00e8re des pelouses jusqu'\u00e0 2 000 m\u00b2 gr\u00e2ce au syst\u00e8me OAS (Obstacle Avoidance System) - Landing Kress","isPartOf":{"@id":"https:\/\/ad.kress.com\/en-gb\/#website"},"primaryImageOfPage":{"@id":"https:\/\/ad.kress.com\/en\/produit\/the-kress-mission-robot-mower-manages-lawns-up-to-2000-m%c2%b2-kr122e\/#primaryimage"},"image":{"@id":"https:\/\/ad.kress.com\/en\/produit\/the-kress-mission-robot-mower-manages-lawns-up-to-2000-m%c2%b2-kr122e\/#primaryimage"},"thumbnailUrl":"https:\/\/ad.kress.com\/wp-content\/uploads\/onpage\/op_image_52a82f70784be14e7e753fb8cff7412bf0823162.1980x.webp","datePublished":"2025-03-11T16:34:30+00:00","dateModified":"2025-08-05T08:29:11+00:00","breadcrumb":{"@id":"https:\/\/ad.kress.com\/en\/produit\/the-kress-mission-robot-mower-manages-lawns-up-to-2000-m%c2%b2-kr122e\/#breadcrumb"},"inLanguage":"fr-FR","potentialAction":[{"@type":"ReadAction","target":["https:\/\/ad.kress.com\/en\/produit\/the-kress-mission-robot-mower-manages-lawns-up-to-2000-m%c2%b2-kr122e\/"]}]},{"@type":"ImageObject","inLanguage":"fr-FR","@id":"https:\/\/ad.kress.com\/en\/produit\/the-kress-mission-robot-mower-manages-lawns-up-to-2000-m%c2%b2-kr122e\/#primaryimage","url":"https:\/\/ad.kress.com\/wp-content\/uploads\/onpage\/op_image_52a82f70784be14e7e753fb8cff7412bf0823162.1980x.webp","contentUrl":"https:\/\/ad.kress.com\/wp-content\/uploads\/onpage\/op_image_52a82f70784be14e7e753fb8cff7412bf0823162.1980x.webp","width":1980,"height":1980},{"@type":"BreadcrumbList","@id":"https:\/\/ad.kress.com\/en\/produit\/the-kress-mission-robot-mower-manages-lawns-up-to-2000-m%c2%b2-kr122e\/#breadcrumb","itemListElement":[{"@type":"ListItem","position":1,"name":"Home","item":"https:\/\/ad.kress.com\/en-gb\/"},{"@type":"ListItem","position":2,"name":"La tondeuse robot Kress Mission g\u00e8re des pelouses jusqu&#8217;\u00e0 2 000 m\u00b2"}]},{"@type":"WebSite","@id":"https:\/\/ad.kress.com\/en-gb\/#website","url":"https:\/\/ad.kress.com\/en-gb\/","name":"Kress - Commercial outdoor power equipment","description":"Kress","publisher":{"@id":"https:\/\/ad.kress.com\/en-gb\/#organization"},"alternateName":"Kress","potentialAction":[{"@type":"SearchAction","target":{"@type":"EntryPoint","urlTemplate":"https:\/\/ad.kress.com\/en-gb\/?s={search_term_string}"},"query-input":{"@type":"PropertyValueSpecification","valueRequired":true,"valueName":"search_term_string"}}],"inLanguage":"fr-FR"},{"@type":"Organization","@id":"https:\/\/ad.kress.com\/en-gb\/#organization","name":"Commercial outdoor power equipment","alternateName":"Kress","url":"https:\/\/ad.kress.com\/en-gb\/","logo":{"@type":"ImageObject","inLanguage":"fr-FR","@id":"https:\/\/ad.kress.com\/en-gb\/#\/schema\/logo\/image\/","url":"https:\/\/ad.kress.com\/wp-content\/uploads\/2025\/01\/main-logo-kress.webp","contentUrl":"https:\/\/ad.kress.com\/wp-content\/uploads\/2025\/01\/main-logo-kress.webp","width":1038,"height":245,"caption":"Commercial outdoor power equipment"},"image":{"@id":"https:\/\/ad.kress.com\/en-gb\/#\/schema\/logo\/image\/"}}]}},"_links":{"self":[{"href":"https:\/\/ad.kress.com\/fr-fr\/wp-json\/wp\/v2\/product\/239","targetHints":{"allow":["GET"]}}],"collection":[{"href":"https:\/\/ad.kress.com\/fr-fr\/wp-json\/wp\/v2\/product"}],"about":[{"href":"https:\/\/ad.kress.com\/fr-fr\/wp-json\/wp\/v2\/types\/product"}],"replies":[{"embeddable":true,"href":"https:\/\/ad.kress.com\/fr-fr\/wp-json\/wp\/v2\/comments?post=239"}],"wp:featuredmedia":[{"embeddable":true,"href":"https:\/\/ad.kress.com\/fr-fr\/wp-json\/wp\/v2\/media\/8335"}],"wp:attachment":[{"href":"https:\/\/ad.kress.com\/fr-fr\/wp-json\/wp\/v2\/media?parent=239"}],"wp:term":[{"taxonomy":"product_brand","embeddable":true,"href":"https:\/\/ad.kress.com\/fr-fr\/wp-json\/wp\/v2\/product_brand?post=239"},{"taxonomy":"product_cat","embeddable":true,"href":"https:\/\/ad.kress.com\/fr-fr\/wp-json\/wp\/v2\/product_cat?post=239"},{"taxonomy":"product_tag","embeddable":true,"href":"https:\/\/ad.kress.com\/fr-fr\/wp-json\/wp\/v2\/product_tag?post=239"}],"curies":[{"name":"wp","href":"https:\/\/api.w.org\/{rel}","templated":true}]}}