{"id":1513,"date":"2025-03-11T16:34:50","date_gmt":"2025-03-11T16:34:50","guid":{"rendered":""},"modified":"2025-08-05T08:29:11","modified_gmt":"2025-08-05T08:29:11","slug":"scie-delagage-20-v-kg343e-9","status":"publish","type":"product","link":"https:\/\/ad.kress.com\/fr-fr\/produit\/scie-delagage-20-v-kg343e-9\/","title":{"rendered":"scie d&rsquo;\u00e9lagage 20 V"},"content":{"rendered":"<p>La tron\u00e7onneuse \u00e9lagueuse Kress 20 V est con\u00e7ue pour un contr\u00f4le sans effort dans les espaces restreints. Sa construction ultra-compacte et l\u00e9g\u00e8re la rend id\u00e9ale pour tailler les branches, \u00e9brancher ou fa\u00e7onner votre jardin avec pr\u00e9cision. Le guide de 12 cm permet des coupes nettes et pr\u00e9cises, tandis que le moteur \u00e0 haut rendement offre des performances fluides et fiables.<\/p>\n","protected":false},"excerpt":{"rendered":"<p>La tron\u00e7onneuse \u00e9lagueuse Kress 20 V est con\u00e7ue pour un contr\u00f4le sans effort dans les espaces restreints. Sa construction ultra-compacte et l\u00e9g\u00e8re la rend id\u00e9ale pour tailler les branches, \u00e9brancher ou fa\u00e7onner votre jardin avec pr\u00e9cision. Le guide de 12 cm permet des coupes nettes et pr\u00e9cises, tandis que le moteur \u00e0 haut rendement offre&hellip; <a class=\"more-link\" href=\"https:\/\/ad.kress.com\/fr-fr\/produit\/scie-delagage-20-v-kg343e-9\/\">Continue reading <span class=\"screen-reader-text\">scie d&rsquo;\u00e9lagage 20 V<\/span><\/a><\/p>\n","protected":false},"featured_media":9730,"comment_status":"closed","ping_status":"closed","template":"","meta":[],"product_brand":[],"product_cat":[],"product_tag":[],"class_list":{"0":"post-1513","1":"product","2":"type-product","3":"status-publish","4":"has-post-thumbnail","6":"entry","8":"first","9":"instock","10":"shipping-taxable","11":"purchasable","12":"product-type-simple"},"yoast_head":"<!-- This site is optimized with the Yoast SEO plugin v24.3 - https:\/\/yoast.com\/wordpress\/plugins\/seo\/ -->\n<title>scie d&#039;\u00e9lagage 20 V - Landing Kress<\/title>\n<meta name=\"robots\" content=\"index, follow, max-snippet:-1, max-image-preview:large, max-video-preview:-1\" \/>\n<link rel=\"canonical\" href=\"https:\/\/ad.kress.com\/en\/produit\/20-v-pruning-saw-kg343e-9\/\" \/>\n<meta property=\"og:locale\" content=\"fr_FR\" \/>\n<meta property=\"og:type\" content=\"article\" \/>\n<meta property=\"og:title\" content=\"scie d&#039;\u00e9lagage 20 V - Landing Kress\" \/>\n<meta property=\"og:description\" content=\"La tron\u00e7onneuse \u00e9lagueuse Kress 20 V est con\u00e7ue pour un contr\u00f4le sans effort dans les espaces restreints. Sa construction ultra-compacte et l\u00e9g\u00e8re la rend id\u00e9ale pour tailler les branches, \u00e9brancher ou fa\u00e7onner votre jardin avec pr\u00e9cision. Le guide de 12 cm permet des coupes nettes et pr\u00e9cises, tandis que le moteur \u00e0 haut rendement offre&hellip; Continue reading scie d&rsquo;\u00e9lagage 20 V\" \/>\n<meta property=\"og:url\" content=\"https:\/\/ad.kress.com\/en\/produit\/20-v-pruning-saw-kg343e-9\/\" \/>\n<meta property=\"og:site_name\" content=\"Landing Kress\" \/>\n<meta property=\"article:modified_time\" content=\"2025-08-05T08:29:11+00:00\" \/>\n<meta property=\"og:image\" content=\"https:\/\/ad.kress.com\/wp-content\/uploads\/2025\/01\/main-logo-kress.webp\" \/>\n\t<meta property=\"og:image:width\" content=\"1038\" \/>\n\t<meta property=\"og:image:height\" content=\"245\" \/>\n\t<meta property=\"og:image:type\" content=\"image\/webp\" \/>\n<meta name=\"twitter:card\" content=\"summary_large_image\" \/>\n<script type=\"application\/ld+json\" class=\"yoast-schema-graph\">{\"@context\":\"https:\/\/schema.org\",\"@graph\":[{\"@type\":\"WebPage\",\"@id\":\"https:\/\/ad.kress.com\/en\/produit\/20-v-pruning-saw-kg343e-9\/\",\"url\":\"https:\/\/ad.kress.com\/en\/produit\/20-v-pruning-saw-kg343e-9\/\",\"name\":\"scie d'\u00e9lagage 20 V - Landing Kress\",\"isPartOf\":{\"@id\":\"https:\/\/ad.kress.com\/en-gb\/#website\"},\"primaryImageOfPage\":{\"@id\":\"https:\/\/ad.kress.com\/en\/produit\/20-v-pruning-saw-kg343e-9\/#primaryimage\"},\"image\":{\"@id\":\"https:\/\/ad.kress.com\/en\/produit\/20-v-pruning-saw-kg343e-9\/#primaryimage\"},\"thumbnailUrl\":\"https:\/\/ad.kress.com\/wp-content\/uploads\/onpage\/op_image_91e9da6afc13edc5cffaebd672d2e148cda0a06d.1980x.webp\",\"datePublished\":\"2025-03-11T16:34:50+00:00\",\"dateModified\":\"2025-08-05T08:29:11+00:00\",\"breadcrumb\":{\"@id\":\"https:\/\/ad.kress.com\/en\/produit\/20-v-pruning-saw-kg343e-9\/#breadcrumb\"},\"inLanguage\":\"fr-FR\",\"potentialAction\":[{\"@type\":\"ReadAction\",\"target\":[\"https:\/\/ad.kress.com\/en\/produit\/20-v-pruning-saw-kg343e-9\/\"]}]},{\"@type\":\"ImageObject\",\"inLanguage\":\"fr-FR\",\"@id\":\"https:\/\/ad.kress.com\/en\/produit\/20-v-pruning-saw-kg343e-9\/#primaryimage\",\"url\":\"https:\/\/ad.kress.com\/wp-content\/uploads\/onpage\/op_image_91e9da6afc13edc5cffaebd672d2e148cda0a06d.1980x.webp\",\"contentUrl\":\"https:\/\/ad.kress.com\/wp-content\/uploads\/onpage\/op_image_91e9da6afc13edc5cffaebd672d2e148cda0a06d.1980x.webp\",\"width\":1980,\"height\":1980},{\"@type\":\"BreadcrumbList\",\"@id\":\"https:\/\/ad.kress.com\/en\/produit\/20-v-pruning-saw-kg343e-9\/#breadcrumb\",\"itemListElement\":[{\"@type\":\"ListItem\",\"position\":1,\"name\":\"Home\",\"item\":\"https:\/\/ad.kress.com\/en-gb\/\"},{\"@type\":\"ListItem\",\"position\":2,\"name\":\"scie d&#8217;\u00e9lagage 20 V\"}]},{\"@type\":\"WebSite\",\"@id\":\"https:\/\/ad.kress.com\/en-gb\/#website\",\"url\":\"https:\/\/ad.kress.com\/en-gb\/\",\"name\":\"Kress - Commercial outdoor power equipment\",\"description\":\"Kress\",\"publisher\":{\"@id\":\"https:\/\/ad.kress.com\/en-gb\/#organization\"},\"alternateName\":\"Kress\",\"potentialAction\":[{\"@type\":\"SearchAction\",\"target\":{\"@type\":\"EntryPoint\",\"urlTemplate\":\"https:\/\/ad.kress.com\/en-gb\/?s={search_term_string}\"},\"query-input\":{\"@type\":\"PropertyValueSpecification\",\"valueRequired\":true,\"valueName\":\"search_term_string\"}}],\"inLanguage\":\"fr-FR\"},{\"@type\":\"Organization\",\"@id\":\"https:\/\/ad.kress.com\/en-gb\/#organization\",\"name\":\"Commercial outdoor power equipment\",\"alternateName\":\"Kress\",\"url\":\"https:\/\/ad.kress.com\/en-gb\/\",\"logo\":{\"@type\":\"ImageObject\",\"inLanguage\":\"fr-FR\",\"@id\":\"https:\/\/ad.kress.com\/en-gb\/#\/schema\/logo\/image\/\",\"url\":\"https:\/\/ad.kress.com\/wp-content\/uploads\/2025\/01\/main-logo-kress.webp\",\"contentUrl\":\"https:\/\/ad.kress.com\/wp-content\/uploads\/2025\/01\/main-logo-kress.webp\",\"width\":1038,\"height\":245,\"caption\":\"Commercial outdoor power equipment\"},\"image\":{\"@id\":\"https:\/\/ad.kress.com\/en-gb\/#\/schema\/logo\/image\/\"}}]}<\/script>\n<!-- \/ Yoast SEO plugin. -->","yoast_head_json":{"title":"scie d'\u00e9lagage 20 V - Landing Kress","robots":{"index":"index","follow":"follow","max-snippet":"max-snippet:-1","max-image-preview":"max-image-preview:large","max-video-preview":"max-video-preview:-1"},"canonical":"https:\/\/ad.kress.com\/en\/produit\/20-v-pruning-saw-kg343e-9\/","og_locale":"fr_FR","og_type":"article","og_title":"scie d'\u00e9lagage 20 V - Landing Kress","og_description":"La tron\u00e7onneuse \u00e9lagueuse Kress 20 V est con\u00e7ue pour un contr\u00f4le sans effort dans les espaces restreints. Sa construction ultra-compacte et l\u00e9g\u00e8re la rend id\u00e9ale pour tailler les branches, \u00e9brancher ou fa\u00e7onner votre jardin avec pr\u00e9cision. Le guide de 12 cm permet des coupes nettes et pr\u00e9cises, tandis que le moteur \u00e0 haut rendement offre&hellip; Continue reading scie d&rsquo;\u00e9lagage 20 V","og_url":"https:\/\/ad.kress.com\/en\/produit\/20-v-pruning-saw-kg343e-9\/","og_site_name":"Landing Kress","article_modified_time":"2025-08-05T08:29:11+00:00","og_image":[{"width":1038,"height":245,"url":"https:\/\/ad.kress.com\/wp-content\/uploads\/2025\/01\/main-logo-kress.webp","type":"image\/webp"}],"twitter_card":"summary_large_image","schema":{"@context":"https:\/\/schema.org","@graph":[{"@type":"WebPage","@id":"https:\/\/ad.kress.com\/en\/produit\/20-v-pruning-saw-kg343e-9\/","url":"https:\/\/ad.kress.com\/en\/produit\/20-v-pruning-saw-kg343e-9\/","name":"scie d'\u00e9lagage 20 V - Landing Kress","isPartOf":{"@id":"https:\/\/ad.kress.com\/en-gb\/#website"},"primaryImageOfPage":{"@id":"https:\/\/ad.kress.com\/en\/produit\/20-v-pruning-saw-kg343e-9\/#primaryimage"},"image":{"@id":"https:\/\/ad.kress.com\/en\/produit\/20-v-pruning-saw-kg343e-9\/#primaryimage"},"thumbnailUrl":"https:\/\/ad.kress.com\/wp-content\/uploads\/onpage\/op_image_91e9da6afc13edc5cffaebd672d2e148cda0a06d.1980x.webp","datePublished":"2025-03-11T16:34:50+00:00","dateModified":"2025-08-05T08:29:11+00:00","breadcrumb":{"@id":"https:\/\/ad.kress.com\/en\/produit\/20-v-pruning-saw-kg343e-9\/#breadcrumb"},"inLanguage":"fr-FR","potentialAction":[{"@type":"ReadAction","target":["https:\/\/ad.kress.com\/en\/produit\/20-v-pruning-saw-kg343e-9\/"]}]},{"@type":"ImageObject","inLanguage":"fr-FR","@id":"https:\/\/ad.kress.com\/en\/produit\/20-v-pruning-saw-kg343e-9\/#primaryimage","url":"https:\/\/ad.kress.com\/wp-content\/uploads\/onpage\/op_image_91e9da6afc13edc5cffaebd672d2e148cda0a06d.1980x.webp","contentUrl":"https:\/\/ad.kress.com\/wp-content\/uploads\/onpage\/op_image_91e9da6afc13edc5cffaebd672d2e148cda0a06d.1980x.webp","width":1980,"height":1980},{"@type":"BreadcrumbList","@id":"https:\/\/ad.kress.com\/en\/produit\/20-v-pruning-saw-kg343e-9\/#breadcrumb","itemListElement":[{"@type":"ListItem","position":1,"name":"Home","item":"https:\/\/ad.kress.com\/en-gb\/"},{"@type":"ListItem","position":2,"name":"scie d&#8217;\u00e9lagage 20 V"}]},{"@type":"WebSite","@id":"https:\/\/ad.kress.com\/en-gb\/#website","url":"https:\/\/ad.kress.com\/en-gb\/","name":"Kress - Commercial outdoor power equipment","description":"Kress","publisher":{"@id":"https:\/\/ad.kress.com\/en-gb\/#organization"},"alternateName":"Kress","potentialAction":[{"@type":"SearchAction","target":{"@type":"EntryPoint","urlTemplate":"https:\/\/ad.kress.com\/en-gb\/?s={search_term_string}"},"query-input":{"@type":"PropertyValueSpecification","valueRequired":true,"valueName":"search_term_string"}}],"inLanguage":"fr-FR"},{"@type":"Organization","@id":"https:\/\/ad.kress.com\/en-gb\/#organization","name":"Commercial outdoor power equipment","alternateName":"Kress","url":"https:\/\/ad.kress.com\/en-gb\/","logo":{"@type":"ImageObject","inLanguage":"fr-FR","@id":"https:\/\/ad.kress.com\/en-gb\/#\/schema\/logo\/image\/","url":"https:\/\/ad.kress.com\/wp-content\/uploads\/2025\/01\/main-logo-kress.webp","contentUrl":"https:\/\/ad.kress.com\/wp-content\/uploads\/2025\/01\/main-logo-kress.webp","width":1038,"height":245,"caption":"Commercial outdoor power equipment"},"image":{"@id":"https:\/\/ad.kress.com\/en-gb\/#\/schema\/logo\/image\/"}}]}},"_links":{"self":[{"href":"https:\/\/ad.kress.com\/fr-fr\/wp-json\/wp\/v2\/product\/1513","targetHints":{"allow":["GET"]}}],"collection":[{"href":"https:\/\/ad.kress.com\/fr-fr\/wp-json\/wp\/v2\/product"}],"about":[{"href":"https:\/\/ad.kress.com\/fr-fr\/wp-json\/wp\/v2\/types\/product"}],"replies":[{"embeddable":true,"href":"https:\/\/ad.kress.com\/fr-fr\/wp-json\/wp\/v2\/comments?post=1513"}],"wp:featuredmedia":[{"embeddable":true,"href":"https:\/\/ad.kress.com\/fr-fr\/wp-json\/wp\/v2\/media\/9730"}],"wp:attachment":[{"href":"https:\/\/ad.kress.com\/fr-fr\/wp-json\/wp\/v2\/media?parent=1513"}],"wp:term":[{"taxonomy":"product_brand","embeddable":true,"href":"https:\/\/ad.kress.com\/fr-fr\/wp-json\/wp\/v2\/product_brand?post=1513"},{"taxonomy":"product_cat","embeddable":true,"href":"https:\/\/ad.kress.com\/fr-fr\/wp-json\/wp\/v2\/product_cat?post=1513"},{"taxonomy":"product_tag","embeddable":true,"href":"https:\/\/ad.kress.com\/fr-fr\/wp-json\/wp\/v2\/product_tag?post=1513"}],"curies":[{"name":"wp","href":"https:\/\/api.w.org\/{rel}","templated":true}]}}