{"id":5787,"date":"2025-04-04T07:57:36","date_gmt":"2025-04-04T07:57:36","guid":{"rendered":""},"modified":"2025-08-05T08:29:11","modified_gmt":"2025-08-05T08:29:11","slug":"taille-haie-sans-balai-kress-40-v-24-kg285","status":"publish","type":"product","link":"https:\/\/ad.kress.com\/fr-ch\/taille-haie-sans-balai-kress-40-v-24-kg285\/","title":{"rendered":"taille-haie 40 V"},"content":{"rendered":"<p>Taillez et fa\u00e7onnez vos haies sans effort avec le taille-haie sans fil 40 V de Kress. Ses lames de 24&#8243; \u00e0 double action, coup\u00e9es au laser, augmentent votre port\u00e9e, facilitant la taille des haies hautes et profondes. Avec une vitesse puissante de 3400 SPM \u00e0 vide, il permet des coupes rapides et pr\u00e9cises tout en minimisant les vibrations pour une exp\u00e9rience de coupe plus douce et plus confortable.<\/p>\n","protected":false},"excerpt":{"rendered":"<p>Taillez et fa\u00e7onnez vos haies sans effort avec le taille-haie sans fil 40 V de Kress. Ses lames de 24&#8243; \u00e0 double action, coup\u00e9es au laser, augmentent votre port\u00e9e, facilitant la taille des haies hautes et profondes. Avec une vitesse puissante de 3400 SPM \u00e0 vide, il permet des coupes rapides et pr\u00e9cises tout en&hellip; <a class=\"more-link\" href=\"https:\/\/ad.kress.com\/fr-ch\/taille-haie-sans-balai-kress-40-v-24-kg285\/\">Continue reading <span class=\"screen-reader-text\">taille-haie 40 V<\/span><\/a><\/p>\n","protected":false},"featured_media":9764,"comment_status":"closed","ping_status":"closed","template":"","meta":[],"product_brand":[],"product_cat":[],"product_tag":[],"class_list":{"0":"post-5787","1":"product","2":"type-product","3":"status-publish","4":"has-post-thumbnail","6":"entry","8":"first","9":"instock","10":"shipping-taxable","11":"product-type-simple"},"yoast_head":"<!-- This site is optimized with the Yoast SEO plugin v24.3 - https:\/\/yoast.com\/wordpress\/plugins\/seo\/ -->\n<title>taille-haie 40 V - Landing Kress<\/title>\n<meta name=\"robots\" content=\"index, follow, max-snippet:-1, max-image-preview:large, max-video-preview:-1\" \/>\n<link rel=\"canonical\" href=\"https:\/\/ad.kress.com\/en\/kress-40-v-24-brushless-hedge-trimmer-kg285\/\" \/>\n<meta property=\"og:locale\" content=\"fr_FR\" \/>\n<meta property=\"og:type\" content=\"article\" \/>\n<meta property=\"og:title\" content=\"taille-haie 40 V - Landing Kress\" \/>\n<meta property=\"og:description\" content=\"Taillez et fa\u00e7onnez vos haies sans effort avec le taille-haie sans fil 40 V de Kress. Ses lames de 24&#8243; \u00e0 double action, coup\u00e9es au laser, augmentent votre port\u00e9e, facilitant la taille des haies hautes et profondes. Avec une vitesse puissante de 3400 SPM \u00e0 vide, il permet des coupes rapides et pr\u00e9cises tout en&hellip; Continue reading taille-haie 40 V\" \/>\n<meta property=\"og:url\" content=\"https:\/\/ad.kress.com\/en\/kress-40-v-24-brushless-hedge-trimmer-kg285\/\" \/>\n<meta property=\"og:site_name\" content=\"Landing Kress\" \/>\n<meta property=\"article:modified_time\" content=\"2025-08-05T08:29:11+00:00\" \/>\n<meta property=\"og:image\" content=\"https:\/\/ad.kress.com\/wp-content\/uploads\/onpage\/op_image_218aa23bd362e2aa7c7875753d75f29955ed0260.1980x.webp\" \/>\n\t<meta property=\"og:image:width\" content=\"1980\" \/>\n\t<meta property=\"og:image:height\" content=\"1980\" \/>\n\t<meta property=\"og:image:type\" content=\"image\/webp\" \/>\n<meta name=\"twitter:card\" content=\"summary_large_image\" \/>\n<script type=\"application\/ld+json\" class=\"yoast-schema-graph\">{\"@context\":\"https:\/\/schema.org\",\"@graph\":[{\"@type\":\"WebPage\",\"@id\":\"https:\/\/ad.kress.com\/en\/kress-40-v-24-brushless-hedge-trimmer-kg285\/\",\"url\":\"https:\/\/ad.kress.com\/en\/kress-40-v-24-brushless-hedge-trimmer-kg285\/\",\"name\":\"taille-haie 40 V - Landing Kress\",\"isPartOf\":{\"@id\":\"https:\/\/ad.kress.com\/en-gb\/#website\"},\"primaryImageOfPage\":{\"@id\":\"https:\/\/ad.kress.com\/en\/kress-40-v-24-brushless-hedge-trimmer-kg285\/#primaryimage\"},\"image\":{\"@id\":\"https:\/\/ad.kress.com\/en\/kress-40-v-24-brushless-hedge-trimmer-kg285\/#primaryimage\"},\"thumbnailUrl\":\"https:\/\/ad.kress.com\/wp-content\/uploads\/onpage\/op_image_218aa23bd362e2aa7c7875753d75f29955ed0260.1980x.webp\",\"datePublished\":\"2025-04-04T07:57:36+00:00\",\"dateModified\":\"2025-08-05T08:29:11+00:00\",\"breadcrumb\":{\"@id\":\"https:\/\/ad.kress.com\/en\/kress-40-v-24-brushless-hedge-trimmer-kg285\/#breadcrumb\"},\"inLanguage\":\"fr-CH\",\"potentialAction\":[{\"@type\":\"ReadAction\",\"target\":[\"https:\/\/ad.kress.com\/en\/kress-40-v-24-brushless-hedge-trimmer-kg285\/\"]}]},{\"@type\":\"ImageObject\",\"inLanguage\":\"fr-CH\",\"@id\":\"https:\/\/ad.kress.com\/en\/kress-40-v-24-brushless-hedge-trimmer-kg285\/#primaryimage\",\"url\":\"https:\/\/ad.kress.com\/wp-content\/uploads\/onpage\/op_image_218aa23bd362e2aa7c7875753d75f29955ed0260.1980x.webp\",\"contentUrl\":\"https:\/\/ad.kress.com\/wp-content\/uploads\/onpage\/op_image_218aa23bd362e2aa7c7875753d75f29955ed0260.1980x.webp\",\"width\":1980,\"height\":1980},{\"@type\":\"BreadcrumbList\",\"@id\":\"https:\/\/ad.kress.com\/en\/kress-40-v-24-brushless-hedge-trimmer-kg285\/#breadcrumb\",\"itemListElement\":[{\"@type\":\"ListItem\",\"position\":1,\"name\":\"Home\",\"item\":\"https:\/\/ad.kress.com\/en-gb\/\"},{\"@type\":\"ListItem\",\"position\":2,\"name\":\"Taille-haie sans balai Kress 40 V 24\"}]},{\"@type\":\"WebSite\",\"@id\":\"https:\/\/ad.kress.com\/en-gb\/#website\",\"url\":\"https:\/\/ad.kress.com\/en-gb\/\",\"name\":\"Kress - Commercial outdoor power equipment\",\"description\":\"Kress\",\"publisher\":{\"@id\":\"https:\/\/ad.kress.com\/en-gb\/#organization\"},\"alternateName\":\"Kress\",\"potentialAction\":[{\"@type\":\"SearchAction\",\"target\":{\"@type\":\"EntryPoint\",\"urlTemplate\":\"https:\/\/ad.kress.com\/en-gb\/?s={search_term_string}\"},\"query-input\":{\"@type\":\"PropertyValueSpecification\",\"valueRequired\":true,\"valueName\":\"search_term_string\"}}],\"inLanguage\":\"fr-CH\"},{\"@type\":\"Organization\",\"@id\":\"https:\/\/ad.kress.com\/en-gb\/#organization\",\"name\":\"Commercial outdoor power equipment\",\"alternateName\":\"Kress\",\"url\":\"https:\/\/ad.kress.com\/en-gb\/\",\"logo\":{\"@type\":\"ImageObject\",\"inLanguage\":\"fr-CH\",\"@id\":\"https:\/\/ad.kress.com\/en-gb\/#\/schema\/logo\/image\/\",\"url\":\"https:\/\/ad.kress.com\/wp-content\/uploads\/2025\/01\/main-logo-kress.webp\",\"contentUrl\":\"https:\/\/ad.kress.com\/wp-content\/uploads\/2025\/01\/main-logo-kress.webp\",\"width\":1038,\"height\":245,\"caption\":\"Commercial outdoor power equipment\"},\"image\":{\"@id\":\"https:\/\/ad.kress.com\/en-gb\/#\/schema\/logo\/image\/\"}}]}<\/script>\n<!-- \/ Yoast SEO plugin. -->","yoast_head_json":{"title":"taille-haie 40 V - Landing Kress","robots":{"index":"index","follow":"follow","max-snippet":"max-snippet:-1","max-image-preview":"max-image-preview:large","max-video-preview":"max-video-preview:-1"},"canonical":"https:\/\/ad.kress.com\/en\/kress-40-v-24-brushless-hedge-trimmer-kg285\/","og_locale":"fr_FR","og_type":"article","og_title":"taille-haie 40 V - Landing Kress","og_description":"Taillez et fa\u00e7onnez vos haies sans effort avec le taille-haie sans fil 40 V de Kress. Ses lames de 24&#8243; \u00e0 double action, coup\u00e9es au laser, augmentent votre port\u00e9e, facilitant la taille des haies hautes et profondes. Avec une vitesse puissante de 3400 SPM \u00e0 vide, il permet des coupes rapides et pr\u00e9cises tout en&hellip; Continue reading taille-haie 40 V","og_url":"https:\/\/ad.kress.com\/en\/kress-40-v-24-brushless-hedge-trimmer-kg285\/","og_site_name":"Landing Kress","article_modified_time":"2025-08-05T08:29:11+00:00","og_image":[{"width":1980,"height":1980,"url":"https:\/\/ad.kress.com\/wp-content\/uploads\/onpage\/op_image_218aa23bd362e2aa7c7875753d75f29955ed0260.1980x.webp","type":"image\/webp"}],"twitter_card":"summary_large_image","schema":{"@context":"https:\/\/schema.org","@graph":[{"@type":"WebPage","@id":"https:\/\/ad.kress.com\/en\/kress-40-v-24-brushless-hedge-trimmer-kg285\/","url":"https:\/\/ad.kress.com\/en\/kress-40-v-24-brushless-hedge-trimmer-kg285\/","name":"taille-haie 40 V - Landing Kress","isPartOf":{"@id":"https:\/\/ad.kress.com\/en-gb\/#website"},"primaryImageOfPage":{"@id":"https:\/\/ad.kress.com\/en\/kress-40-v-24-brushless-hedge-trimmer-kg285\/#primaryimage"},"image":{"@id":"https:\/\/ad.kress.com\/en\/kress-40-v-24-brushless-hedge-trimmer-kg285\/#primaryimage"},"thumbnailUrl":"https:\/\/ad.kress.com\/wp-content\/uploads\/onpage\/op_image_218aa23bd362e2aa7c7875753d75f29955ed0260.1980x.webp","datePublished":"2025-04-04T07:57:36+00:00","dateModified":"2025-08-05T08:29:11+00:00","breadcrumb":{"@id":"https:\/\/ad.kress.com\/en\/kress-40-v-24-brushless-hedge-trimmer-kg285\/#breadcrumb"},"inLanguage":"fr-CH","potentialAction":[{"@type":"ReadAction","target":["https:\/\/ad.kress.com\/en\/kress-40-v-24-brushless-hedge-trimmer-kg285\/"]}]},{"@type":"ImageObject","inLanguage":"fr-CH","@id":"https:\/\/ad.kress.com\/en\/kress-40-v-24-brushless-hedge-trimmer-kg285\/#primaryimage","url":"https:\/\/ad.kress.com\/wp-content\/uploads\/onpage\/op_image_218aa23bd362e2aa7c7875753d75f29955ed0260.1980x.webp","contentUrl":"https:\/\/ad.kress.com\/wp-content\/uploads\/onpage\/op_image_218aa23bd362e2aa7c7875753d75f29955ed0260.1980x.webp","width":1980,"height":1980},{"@type":"BreadcrumbList","@id":"https:\/\/ad.kress.com\/en\/kress-40-v-24-brushless-hedge-trimmer-kg285\/#breadcrumb","itemListElement":[{"@type":"ListItem","position":1,"name":"Home","item":"https:\/\/ad.kress.com\/en-gb\/"},{"@type":"ListItem","position":2,"name":"Taille-haie sans balai Kress 40 V 24"}]},{"@type":"WebSite","@id":"https:\/\/ad.kress.com\/en-gb\/#website","url":"https:\/\/ad.kress.com\/en-gb\/","name":"Kress - Commercial outdoor power equipment","description":"Kress","publisher":{"@id":"https:\/\/ad.kress.com\/en-gb\/#organization"},"alternateName":"Kress","potentialAction":[{"@type":"SearchAction","target":{"@type":"EntryPoint","urlTemplate":"https:\/\/ad.kress.com\/en-gb\/?s={search_term_string}"},"query-input":{"@type":"PropertyValueSpecification","valueRequired":true,"valueName":"search_term_string"}}],"inLanguage":"fr-CH"},{"@type":"Organization","@id":"https:\/\/ad.kress.com\/en-gb\/#organization","name":"Commercial outdoor power equipment","alternateName":"Kress","url":"https:\/\/ad.kress.com\/en-gb\/","logo":{"@type":"ImageObject","inLanguage":"fr-CH","@id":"https:\/\/ad.kress.com\/en-gb\/#\/schema\/logo\/image\/","url":"https:\/\/ad.kress.com\/wp-content\/uploads\/2025\/01\/main-logo-kress.webp","contentUrl":"https:\/\/ad.kress.com\/wp-content\/uploads\/2025\/01\/main-logo-kress.webp","width":1038,"height":245,"caption":"Commercial outdoor power equipment"},"image":{"@id":"https:\/\/ad.kress.com\/en-gb\/#\/schema\/logo\/image\/"}}]}},"_links":{"self":[{"href":"https:\/\/ad.kress.com\/fr-ch\/wp-json\/wp\/v2\/product\/5787","targetHints":{"allow":["GET"]}}],"collection":[{"href":"https:\/\/ad.kress.com\/fr-ch\/wp-json\/wp\/v2\/product"}],"about":[{"href":"https:\/\/ad.kress.com\/fr-ch\/wp-json\/wp\/v2\/types\/product"}],"replies":[{"embeddable":true,"href":"https:\/\/ad.kress.com\/fr-ch\/wp-json\/wp\/v2\/comments?post=5787"}],"wp:featuredmedia":[{"embeddable":true,"href":"https:\/\/ad.kress.com\/fr-ch\/wp-json\/wp\/v2\/media\/9764"}],"wp:attachment":[{"href":"https:\/\/ad.kress.com\/fr-ch\/wp-json\/wp\/v2\/media?parent=5787"}],"wp:term":[{"taxonomy":"product_brand","embeddable":true,"href":"https:\/\/ad.kress.com\/fr-ch\/wp-json\/wp\/v2\/product_brand?post=5787"},{"taxonomy":"product_cat","embeddable":true,"href":"https:\/\/ad.kress.com\/fr-ch\/wp-json\/wp\/v2\/product_cat?post=5787"},{"taxonomy":"product_tag","embeddable":true,"href":"https:\/\/ad.kress.com\/fr-ch\/wp-json\/wp\/v2\/product_tag?post=5787"}],"curies":[{"name":"wp","href":"https:\/\/api.w.org\/{rel}","templated":true}]}}