{"id":4120,"date":"2025-04-04T07:57:19","date_gmt":"2025-04-04T07:57:19","guid":{"rendered":""},"modified":"2025-08-05T08:29:11","modified_gmt":"2025-08-05T08:29:11","slug":"sangle-de-batterie-pour-sac-a-dos-de-qualite-professionnelle-kac900","status":"publish","type":"product","link":"https:\/\/ad.kress.com\/fr-ch\/sangle-de-batterie-pour-sac-a-dos-de-qualite-professionnelle-kac900\/","title":{"rendered":"Sangle de batterie pour sac \u00e0 dos de qualit\u00e9 professionnelle"},"content":{"rendered":"<p>Le harnais de batterie dorsal 60 V de Kress Commercial allie design ergonomique et praticit\u00e9, avec une hauteur r\u00e9glable pour un ajustement sur mesure et une compatibilit\u00e9 universelle avec les outils. Sa construction est ax\u00e9e sur une r\u00e9partition uniforme du poids, ce qui r\u00e9duit la fatigue pendant les longues p\u00e9riodes de travail.<\/p>\n","protected":false},"excerpt":{"rendered":"<p>Le harnais de batterie dorsal 60 V de Kress Commercial allie design ergonomique et praticit\u00e9, avec une hauteur r\u00e9glable pour un ajustement sur mesure et une compatibilit\u00e9 universelle avec les outils. Sa construction est ax\u00e9e sur une r\u00e9partition uniforme du poids, ce qui r\u00e9duit la fatigue pendant les longues p\u00e9riodes de travail.<\/p>\n","protected":false},"featured_media":0,"comment_status":"closed","ping_status":"closed","template":"","meta":[],"product_brand":[],"product_cat":[],"product_tag":[],"class_list":{"0":"post-4120","1":"product","2":"type-product","3":"status-publish","5":"entry","7":"first","8":"instock","9":"shipping-taxable","10":"purchasable","11":"product-type-simple"},"yoast_head":"<!-- This site is optimized with the Yoast SEO plugin v24.3 - https:\/\/yoast.com\/wordpress\/plugins\/seo\/ -->\n<title>Sangle de batterie pour sac \u00e0 dos de qualit\u00e9 professionnelle - Landing Kress<\/title>\n<meta name=\"robots\" content=\"index, follow, max-snippet:-1, max-image-preview:large, max-video-preview:-1\" \/>\n<link rel=\"canonical\" href=\"https:\/\/ad.kress.com\/en\/commercial-grade-backpack-battery-harness-kac900\/\" \/>\n<meta property=\"og:locale\" content=\"fr_FR\" \/>\n<meta property=\"og:type\" content=\"article\" \/>\n<meta property=\"og:title\" content=\"Sangle de batterie pour sac \u00e0 dos de qualit\u00e9 professionnelle - Landing Kress\" \/>\n<meta property=\"og:description\" content=\"Le harnais de batterie dorsal 60 V de Kress Commercial allie design ergonomique et praticit\u00e9, avec une hauteur r\u00e9glable pour un ajustement sur mesure et une compatibilit\u00e9 universelle avec les outils. Sa construction est ax\u00e9e sur une r\u00e9partition uniforme du poids, ce qui r\u00e9duit la fatigue pendant les longues p\u00e9riodes de travail.\" \/>\n<meta property=\"og:url\" content=\"https:\/\/ad.kress.com\/en\/commercial-grade-backpack-battery-harness-kac900\/\" \/>\n<meta property=\"og:site_name\" content=\"Landing Kress\" \/>\n<meta property=\"article:modified_time\" content=\"2025-08-05T08:29:11+00:00\" \/>\n<meta property=\"og:image\" content=\"https:\/\/ad.kress.com\/wp-content\/uploads\/2025\/01\/main-logo-kress.webp\" \/>\n\t<meta property=\"og:image:width\" content=\"1038\" \/>\n\t<meta property=\"og:image:height\" content=\"245\" \/>\n\t<meta property=\"og:image:type\" content=\"image\/webp\" \/>\n<meta name=\"twitter:card\" content=\"summary_large_image\" \/>\n<script type=\"application\/ld+json\" class=\"yoast-schema-graph\">{\"@context\":\"https:\/\/schema.org\",\"@graph\":[{\"@type\":\"WebPage\",\"@id\":\"https:\/\/ad.kress.com\/en\/commercial-grade-backpack-battery-harness-kac900\/\",\"url\":\"https:\/\/ad.kress.com\/en\/commercial-grade-backpack-battery-harness-kac900\/\",\"name\":\"Sangle de batterie pour sac \u00e0 dos de qualit\u00e9 professionnelle - Landing Kress\",\"isPartOf\":{\"@id\":\"https:\/\/ad.kress.com\/en-gb\/#website\"},\"datePublished\":\"2025-04-04T07:57:19+00:00\",\"dateModified\":\"2025-08-05T08:29:11+00:00\",\"breadcrumb\":{\"@id\":\"https:\/\/ad.kress.com\/en\/commercial-grade-backpack-battery-harness-kac900\/#breadcrumb\"},\"inLanguage\":\"fr-CH\",\"potentialAction\":[{\"@type\":\"ReadAction\",\"target\":[\"https:\/\/ad.kress.com\/en\/commercial-grade-backpack-battery-harness-kac900\/\"]}]},{\"@type\":\"BreadcrumbList\",\"@id\":\"https:\/\/ad.kress.com\/en\/commercial-grade-backpack-battery-harness-kac900\/#breadcrumb\",\"itemListElement\":[{\"@type\":\"ListItem\",\"position\":1,\"name\":\"Home\",\"item\":\"https:\/\/ad.kress.com\/en-gb\/\"},{\"@type\":\"ListItem\",\"position\":2,\"name\":\"Sangle de batterie pour sac \u00e0 dos de qualit\u00e9 professionnelle\"}]},{\"@type\":\"WebSite\",\"@id\":\"https:\/\/ad.kress.com\/en-gb\/#website\",\"url\":\"https:\/\/ad.kress.com\/en-gb\/\",\"name\":\"Kress - Commercial outdoor power equipment\",\"description\":\"Kress\",\"publisher\":{\"@id\":\"https:\/\/ad.kress.com\/en-gb\/#organization\"},\"alternateName\":\"Kress\",\"potentialAction\":[{\"@type\":\"SearchAction\",\"target\":{\"@type\":\"EntryPoint\",\"urlTemplate\":\"https:\/\/ad.kress.com\/en-gb\/?s={search_term_string}\"},\"query-input\":{\"@type\":\"PropertyValueSpecification\",\"valueRequired\":true,\"valueName\":\"search_term_string\"}}],\"inLanguage\":\"fr-CH\"},{\"@type\":\"Organization\",\"@id\":\"https:\/\/ad.kress.com\/en-gb\/#organization\",\"name\":\"Commercial outdoor power equipment\",\"alternateName\":\"Kress\",\"url\":\"https:\/\/ad.kress.com\/en-gb\/\",\"logo\":{\"@type\":\"ImageObject\",\"inLanguage\":\"fr-CH\",\"@id\":\"https:\/\/ad.kress.com\/en-gb\/#\/schema\/logo\/image\/\",\"url\":\"https:\/\/ad.kress.com\/wp-content\/uploads\/2025\/01\/main-logo-kress.webp\",\"contentUrl\":\"https:\/\/ad.kress.com\/wp-content\/uploads\/2025\/01\/main-logo-kress.webp\",\"width\":1038,\"height\":245,\"caption\":\"Commercial outdoor power equipment\"},\"image\":{\"@id\":\"https:\/\/ad.kress.com\/en-gb\/#\/schema\/logo\/image\/\"}}]}<\/script>\n<!-- \/ Yoast SEO plugin. -->","yoast_head_json":{"title":"Sangle de batterie pour sac \u00e0 dos de qualit\u00e9 professionnelle - Landing Kress","robots":{"index":"index","follow":"follow","max-snippet":"max-snippet:-1","max-image-preview":"max-image-preview:large","max-video-preview":"max-video-preview:-1"},"canonical":"https:\/\/ad.kress.com\/en\/commercial-grade-backpack-battery-harness-kac900\/","og_locale":"fr_FR","og_type":"article","og_title":"Sangle de batterie pour sac \u00e0 dos de qualit\u00e9 professionnelle - Landing Kress","og_description":"Le harnais de batterie dorsal 60 V de Kress Commercial allie design ergonomique et praticit\u00e9, avec une hauteur r\u00e9glable pour un ajustement sur mesure et une compatibilit\u00e9 universelle avec les outils. Sa construction est ax\u00e9e sur une r\u00e9partition uniforme du poids, ce qui r\u00e9duit la fatigue pendant les longues p\u00e9riodes de travail.","og_url":"https:\/\/ad.kress.com\/en\/commercial-grade-backpack-battery-harness-kac900\/","og_site_name":"Landing Kress","article_modified_time":"2025-08-05T08:29:11+00:00","og_image":[{"width":1038,"height":245,"url":"https:\/\/ad.kress.com\/wp-content\/uploads\/2025\/01\/main-logo-kress.webp","type":"image\/webp"}],"twitter_card":"summary_large_image","schema":{"@context":"https:\/\/schema.org","@graph":[{"@type":"WebPage","@id":"https:\/\/ad.kress.com\/en\/commercial-grade-backpack-battery-harness-kac900\/","url":"https:\/\/ad.kress.com\/en\/commercial-grade-backpack-battery-harness-kac900\/","name":"Sangle de batterie pour sac \u00e0 dos de qualit\u00e9 professionnelle - Landing Kress","isPartOf":{"@id":"https:\/\/ad.kress.com\/en-gb\/#website"},"datePublished":"2025-04-04T07:57:19+00:00","dateModified":"2025-08-05T08:29:11+00:00","breadcrumb":{"@id":"https:\/\/ad.kress.com\/en\/commercial-grade-backpack-battery-harness-kac900\/#breadcrumb"},"inLanguage":"fr-CH","potentialAction":[{"@type":"ReadAction","target":["https:\/\/ad.kress.com\/en\/commercial-grade-backpack-battery-harness-kac900\/"]}]},{"@type":"BreadcrumbList","@id":"https:\/\/ad.kress.com\/en\/commercial-grade-backpack-battery-harness-kac900\/#breadcrumb","itemListElement":[{"@type":"ListItem","position":1,"name":"Home","item":"https:\/\/ad.kress.com\/en-gb\/"},{"@type":"ListItem","position":2,"name":"Sangle de batterie pour sac \u00e0 dos de qualit\u00e9 professionnelle"}]},{"@type":"WebSite","@id":"https:\/\/ad.kress.com\/en-gb\/#website","url":"https:\/\/ad.kress.com\/en-gb\/","name":"Kress - Commercial outdoor power equipment","description":"Kress","publisher":{"@id":"https:\/\/ad.kress.com\/en-gb\/#organization"},"alternateName":"Kress","potentialAction":[{"@type":"SearchAction","target":{"@type":"EntryPoint","urlTemplate":"https:\/\/ad.kress.com\/en-gb\/?s={search_term_string}"},"query-input":{"@type":"PropertyValueSpecification","valueRequired":true,"valueName":"search_term_string"}}],"inLanguage":"fr-CH"},{"@type":"Organization","@id":"https:\/\/ad.kress.com\/en-gb\/#organization","name":"Commercial outdoor power equipment","alternateName":"Kress","url":"https:\/\/ad.kress.com\/en-gb\/","logo":{"@type":"ImageObject","inLanguage":"fr-CH","@id":"https:\/\/ad.kress.com\/en-gb\/#\/schema\/logo\/image\/","url":"https:\/\/ad.kress.com\/wp-content\/uploads\/2025\/01\/main-logo-kress.webp","contentUrl":"https:\/\/ad.kress.com\/wp-content\/uploads\/2025\/01\/main-logo-kress.webp","width":1038,"height":245,"caption":"Commercial outdoor power equipment"},"image":{"@id":"https:\/\/ad.kress.com\/en-gb\/#\/schema\/logo\/image\/"}}]}},"_links":{"self":[{"href":"https:\/\/ad.kress.com\/fr-ch\/wp-json\/wp\/v2\/product\/4120","targetHints":{"allow":["GET"]}}],"collection":[{"href":"https:\/\/ad.kress.com\/fr-ch\/wp-json\/wp\/v2\/product"}],"about":[{"href":"https:\/\/ad.kress.com\/fr-ch\/wp-json\/wp\/v2\/types\/product"}],"replies":[{"embeddable":true,"href":"https:\/\/ad.kress.com\/fr-ch\/wp-json\/wp\/v2\/comments?post=4120"}],"wp:attachment":[{"href":"https:\/\/ad.kress.com\/fr-ch\/wp-json\/wp\/v2\/media?parent=4120"}],"wp:term":[{"taxonomy":"product_brand","embeddable":true,"href":"https:\/\/ad.kress.com\/fr-ch\/wp-json\/wp\/v2\/product_brand?post=4120"},{"taxonomy":"product_cat","embeddable":true,"href":"https:\/\/ad.kress.com\/fr-ch\/wp-json\/wp\/v2\/product_cat?post=4120"},{"taxonomy":"product_tag","embeddable":true,"href":"https:\/\/ad.kress.com\/fr-ch\/wp-json\/wp\/v2\/product_tag?post=4120"}],"curies":[{"name":"wp","href":"https:\/\/api.w.org\/{rel}","templated":true}]}}