{"id":4100,"date":"2025-04-04T07:57:19","date_gmt":"2025-04-04T07:57:19","guid":{"rendered":""},"modified":"2025-08-05T08:29:11","modified_gmt":"2025-08-05T08:29:11","slug":"batterie-cyberpack-60-v-de-qualite-professionnelle-kac810","status":"publish","type":"product","link":"https:\/\/ad.kress.com\/fr-ch\/batterie-cyberpack-60-v-de-qualite-professionnelle-kac810\/","title":{"rendered":"Batterie CyberPack 60 V de qualit\u00e9 commerciale"},"content":{"rendered":"<p>Version adulte du CyberPack 240 Wh 8 minutes, cette batterie de grande capacit\u00e9 est la source d&#8217;\u00e9nergie id\u00e9ale pour les applications commerciales o\u00f9 une autonomie prolong\u00e9e est indispensable. Comme sa petite s\u0153ur, la batterie offre une puissance in\u00e9gal\u00e9e, une long\u00e9vit\u00e9 extr\u00eame et un temps de charge sans pr\u00e9c\u00e9dent de 8 <sup>minutes1<\/sup>. Id\u00e9ale pour une utilisation sur la tondeuse ou comme batterie de sac \u00e0 dos en combinaison avec son harnais ergonomique ultra-confortable.<\/p>\n<p><sup>1<\/sup> lorsqu&#8217;elle est charg\u00e9e avec le chargeur de batterie CyberTank en mode boost.<\/p>\n","protected":false},"excerpt":{"rendered":"<p>Version adulte du CyberPack 240 Wh 8 minutes, cette batterie de grande capacit\u00e9 est la source d&#8217;\u00e9nergie id\u00e9ale pour les applications commerciales o\u00f9 une autonomie prolong\u00e9e est indispensable. Comme sa petite s\u0153ur, la batterie offre une puissance in\u00e9gal\u00e9e, une long\u00e9vit\u00e9 extr\u00eame et un temps de charge sans pr\u00e9c\u00e9dent de 8 minutes1. Id\u00e9ale pour une utilisation&hellip; <a class=\"more-link\" href=\"https:\/\/ad.kress.com\/fr-ch\/batterie-cyberpack-60-v-de-qualite-professionnelle-kac810\/\">Continue reading <span class=\"screen-reader-text\">Batterie CyberPack 60 V de qualit\u00e9 commerciale<\/span><\/a><\/p>\n","protected":false},"featured_media":8897,"comment_status":"closed","ping_status":"closed","template":"","meta":[],"product_brand":[],"product_cat":[],"product_tag":[],"class_list":{"0":"post-4100","1":"product","2":"type-product","3":"status-publish","4":"has-post-thumbnail","6":"entry","8":"first","9":"instock","10":"shipping-taxable","11":"purchasable","12":"product-type-simple"},"yoast_head":"<!-- This site is optimized with the Yoast SEO plugin v24.3 - https:\/\/yoast.com\/wordpress\/plugins\/seo\/ -->\n<title>Batterie CyberPack 60 V de qualit\u00e9 commerciale - Landing Kress<\/title>\n<meta name=\"robots\" content=\"index, follow, max-snippet:-1, max-image-preview:large, max-video-preview:-1\" \/>\n<link rel=\"canonical\" href=\"https:\/\/ad.kress.com\/en\/commercial-grade-60-v-cyberpack-battery-kac810\/\" \/>\n<meta property=\"og:locale\" content=\"fr_FR\" \/>\n<meta property=\"og:type\" content=\"article\" \/>\n<meta property=\"og:title\" content=\"Batterie CyberPack 60 V de qualit\u00e9 commerciale - Landing Kress\" \/>\n<meta property=\"og:description\" content=\"Version adulte du CyberPack 240 Wh 8 minutes, cette batterie de grande capacit\u00e9 est la source d&#8217;\u00e9nergie id\u00e9ale pour les applications commerciales o\u00f9 une autonomie prolong\u00e9e est indispensable. Comme sa petite s\u0153ur, la batterie offre une puissance in\u00e9gal\u00e9e, une long\u00e9vit\u00e9 extr\u00eame et un temps de charge sans pr\u00e9c\u00e9dent de 8 minutes1. Id\u00e9ale pour une utilisation&hellip; Continue reading Batterie CyberPack 60 V de qualit\u00e9 commerciale\" \/>\n<meta property=\"og:url\" content=\"https:\/\/ad.kress.com\/en\/commercial-grade-60-v-cyberpack-battery-kac810\/\" \/>\n<meta property=\"og:site_name\" content=\"Landing Kress\" \/>\n<meta property=\"article:modified_time\" content=\"2025-08-05T08:29:11+00:00\" \/>\n<meta property=\"og:image\" content=\"https:\/\/ad.kress.com\/wp-content\/uploads\/onpage\/op_image_636e141a7b34e64edcce0a309b020c6675421681.1980x.webp\" \/>\n\t<meta property=\"og:image:width\" content=\"1980\" \/>\n\t<meta property=\"og:image:height\" content=\"1980\" \/>\n\t<meta property=\"og:image:type\" content=\"image\/webp\" \/>\n<meta name=\"twitter:card\" content=\"summary_large_image\" \/>\n<script type=\"application\/ld+json\" class=\"yoast-schema-graph\">{\"@context\":\"https:\/\/schema.org\",\"@graph\":[{\"@type\":\"WebPage\",\"@id\":\"https:\/\/ad.kress.com\/en\/commercial-grade-60-v-cyberpack-battery-kac810\/\",\"url\":\"https:\/\/ad.kress.com\/en\/commercial-grade-60-v-cyberpack-battery-kac810\/\",\"name\":\"Batterie CyberPack 60 V de qualit\u00e9 commerciale - Landing Kress\",\"isPartOf\":{\"@id\":\"https:\/\/ad.kress.com\/en-gb\/#website\"},\"primaryImageOfPage\":{\"@id\":\"https:\/\/ad.kress.com\/en\/commercial-grade-60-v-cyberpack-battery-kac810\/#primaryimage\"},\"image\":{\"@id\":\"https:\/\/ad.kress.com\/en\/commercial-grade-60-v-cyberpack-battery-kac810\/#primaryimage\"},\"thumbnailUrl\":\"https:\/\/ad.kress.com\/wp-content\/uploads\/onpage\/op_image_636e141a7b34e64edcce0a309b020c6675421681.1980x.webp\",\"datePublished\":\"2025-04-04T07:57:19+00:00\",\"dateModified\":\"2025-08-05T08:29:11+00:00\",\"breadcrumb\":{\"@id\":\"https:\/\/ad.kress.com\/en\/commercial-grade-60-v-cyberpack-battery-kac810\/#breadcrumb\"},\"inLanguage\":\"fr-CH\",\"potentialAction\":[{\"@type\":\"ReadAction\",\"target\":[\"https:\/\/ad.kress.com\/en\/commercial-grade-60-v-cyberpack-battery-kac810\/\"]}]},{\"@type\":\"ImageObject\",\"inLanguage\":\"fr-CH\",\"@id\":\"https:\/\/ad.kress.com\/en\/commercial-grade-60-v-cyberpack-battery-kac810\/#primaryimage\",\"url\":\"https:\/\/ad.kress.com\/wp-content\/uploads\/onpage\/op_image_636e141a7b34e64edcce0a309b020c6675421681.1980x.webp\",\"contentUrl\":\"https:\/\/ad.kress.com\/wp-content\/uploads\/onpage\/op_image_636e141a7b34e64edcce0a309b020c6675421681.1980x.webp\",\"width\":1980,\"height\":1980},{\"@type\":\"BreadcrumbList\",\"@id\":\"https:\/\/ad.kress.com\/en\/commercial-grade-60-v-cyberpack-battery-kac810\/#breadcrumb\",\"itemListElement\":[{\"@type\":\"ListItem\",\"position\":1,\"name\":\"Home\",\"item\":\"https:\/\/ad.kress.com\/en-gb\/\"},{\"@type\":\"ListItem\",\"position\":2,\"name\":\"Batterie CyberPack 60 V de qualit\u00e9 professionnelle\"}]},{\"@type\":\"WebSite\",\"@id\":\"https:\/\/ad.kress.com\/en-gb\/#website\",\"url\":\"https:\/\/ad.kress.com\/en-gb\/\",\"name\":\"Kress - Commercial outdoor power equipment\",\"description\":\"Kress\",\"publisher\":{\"@id\":\"https:\/\/ad.kress.com\/en-gb\/#organization\"},\"alternateName\":\"Kress\",\"potentialAction\":[{\"@type\":\"SearchAction\",\"target\":{\"@type\":\"EntryPoint\",\"urlTemplate\":\"https:\/\/ad.kress.com\/en-gb\/?s={search_term_string}\"},\"query-input\":{\"@type\":\"PropertyValueSpecification\",\"valueRequired\":true,\"valueName\":\"search_term_string\"}}],\"inLanguage\":\"fr-CH\"},{\"@type\":\"Organization\",\"@id\":\"https:\/\/ad.kress.com\/en-gb\/#organization\",\"name\":\"Commercial outdoor power equipment\",\"alternateName\":\"Kress\",\"url\":\"https:\/\/ad.kress.com\/en-gb\/\",\"logo\":{\"@type\":\"ImageObject\",\"inLanguage\":\"fr-CH\",\"@id\":\"https:\/\/ad.kress.com\/en-gb\/#\/schema\/logo\/image\/\",\"url\":\"https:\/\/ad.kress.com\/wp-content\/uploads\/2025\/01\/main-logo-kress.webp\",\"contentUrl\":\"https:\/\/ad.kress.com\/wp-content\/uploads\/2025\/01\/main-logo-kress.webp\",\"width\":1038,\"height\":245,\"caption\":\"Commercial outdoor power equipment\"},\"image\":{\"@id\":\"https:\/\/ad.kress.com\/en-gb\/#\/schema\/logo\/image\/\"}}]}<\/script>\n<!-- \/ Yoast SEO plugin. -->","yoast_head_json":{"title":"Batterie CyberPack 60 V de qualit\u00e9 commerciale - Landing Kress","robots":{"index":"index","follow":"follow","max-snippet":"max-snippet:-1","max-image-preview":"max-image-preview:large","max-video-preview":"max-video-preview:-1"},"canonical":"https:\/\/ad.kress.com\/en\/commercial-grade-60-v-cyberpack-battery-kac810\/","og_locale":"fr_FR","og_type":"article","og_title":"Batterie CyberPack 60 V de qualit\u00e9 commerciale - Landing Kress","og_description":"Version adulte du CyberPack 240 Wh 8 minutes, cette batterie de grande capacit\u00e9 est la source d&#8217;\u00e9nergie id\u00e9ale pour les applications commerciales o\u00f9 une autonomie prolong\u00e9e est indispensable. Comme sa petite s\u0153ur, la batterie offre une puissance in\u00e9gal\u00e9e, une long\u00e9vit\u00e9 extr\u00eame et un temps de charge sans pr\u00e9c\u00e9dent de 8 minutes1. Id\u00e9ale pour une utilisation&hellip; Continue reading Batterie CyberPack 60 V de qualit\u00e9 commerciale","og_url":"https:\/\/ad.kress.com\/en\/commercial-grade-60-v-cyberpack-battery-kac810\/","og_site_name":"Landing Kress","article_modified_time":"2025-08-05T08:29:11+00:00","og_image":[{"width":1980,"height":1980,"url":"https:\/\/ad.kress.com\/wp-content\/uploads\/onpage\/op_image_636e141a7b34e64edcce0a309b020c6675421681.1980x.webp","type":"image\/webp"}],"twitter_card":"summary_large_image","schema":{"@context":"https:\/\/schema.org","@graph":[{"@type":"WebPage","@id":"https:\/\/ad.kress.com\/en\/commercial-grade-60-v-cyberpack-battery-kac810\/","url":"https:\/\/ad.kress.com\/en\/commercial-grade-60-v-cyberpack-battery-kac810\/","name":"Batterie CyberPack 60 V de qualit\u00e9 commerciale - Landing Kress","isPartOf":{"@id":"https:\/\/ad.kress.com\/en-gb\/#website"},"primaryImageOfPage":{"@id":"https:\/\/ad.kress.com\/en\/commercial-grade-60-v-cyberpack-battery-kac810\/#primaryimage"},"image":{"@id":"https:\/\/ad.kress.com\/en\/commercial-grade-60-v-cyberpack-battery-kac810\/#primaryimage"},"thumbnailUrl":"https:\/\/ad.kress.com\/wp-content\/uploads\/onpage\/op_image_636e141a7b34e64edcce0a309b020c6675421681.1980x.webp","datePublished":"2025-04-04T07:57:19+00:00","dateModified":"2025-08-05T08:29:11+00:00","breadcrumb":{"@id":"https:\/\/ad.kress.com\/en\/commercial-grade-60-v-cyberpack-battery-kac810\/#breadcrumb"},"inLanguage":"fr-CH","potentialAction":[{"@type":"ReadAction","target":["https:\/\/ad.kress.com\/en\/commercial-grade-60-v-cyberpack-battery-kac810\/"]}]},{"@type":"ImageObject","inLanguage":"fr-CH","@id":"https:\/\/ad.kress.com\/en\/commercial-grade-60-v-cyberpack-battery-kac810\/#primaryimage","url":"https:\/\/ad.kress.com\/wp-content\/uploads\/onpage\/op_image_636e141a7b34e64edcce0a309b020c6675421681.1980x.webp","contentUrl":"https:\/\/ad.kress.com\/wp-content\/uploads\/onpage\/op_image_636e141a7b34e64edcce0a309b020c6675421681.1980x.webp","width":1980,"height":1980},{"@type":"BreadcrumbList","@id":"https:\/\/ad.kress.com\/en\/commercial-grade-60-v-cyberpack-battery-kac810\/#breadcrumb","itemListElement":[{"@type":"ListItem","position":1,"name":"Home","item":"https:\/\/ad.kress.com\/en-gb\/"},{"@type":"ListItem","position":2,"name":"Batterie CyberPack 60 V de qualit\u00e9 professionnelle"}]},{"@type":"WebSite","@id":"https:\/\/ad.kress.com\/en-gb\/#website","url":"https:\/\/ad.kress.com\/en-gb\/","name":"Kress - Commercial outdoor power equipment","description":"Kress","publisher":{"@id":"https:\/\/ad.kress.com\/en-gb\/#organization"},"alternateName":"Kress","potentialAction":[{"@type":"SearchAction","target":{"@type":"EntryPoint","urlTemplate":"https:\/\/ad.kress.com\/en-gb\/?s={search_term_string}"},"query-input":{"@type":"PropertyValueSpecification","valueRequired":true,"valueName":"search_term_string"}}],"inLanguage":"fr-CH"},{"@type":"Organization","@id":"https:\/\/ad.kress.com\/en-gb\/#organization","name":"Commercial outdoor power equipment","alternateName":"Kress","url":"https:\/\/ad.kress.com\/en-gb\/","logo":{"@type":"ImageObject","inLanguage":"fr-CH","@id":"https:\/\/ad.kress.com\/en-gb\/#\/schema\/logo\/image\/","url":"https:\/\/ad.kress.com\/wp-content\/uploads\/2025\/01\/main-logo-kress.webp","contentUrl":"https:\/\/ad.kress.com\/wp-content\/uploads\/2025\/01\/main-logo-kress.webp","width":1038,"height":245,"caption":"Commercial outdoor power equipment"},"image":{"@id":"https:\/\/ad.kress.com\/en-gb\/#\/schema\/logo\/image\/"}}]}},"_links":{"self":[{"href":"https:\/\/ad.kress.com\/fr-ch\/wp-json\/wp\/v2\/product\/4100","targetHints":{"allow":["GET"]}}],"collection":[{"href":"https:\/\/ad.kress.com\/fr-ch\/wp-json\/wp\/v2\/product"}],"about":[{"href":"https:\/\/ad.kress.com\/fr-ch\/wp-json\/wp\/v2\/types\/product"}],"replies":[{"embeddable":true,"href":"https:\/\/ad.kress.com\/fr-ch\/wp-json\/wp\/v2\/comments?post=4100"}],"wp:featuredmedia":[{"embeddable":true,"href":"https:\/\/ad.kress.com\/fr-ch\/wp-json\/wp\/v2\/media\/8897"}],"wp:attachment":[{"href":"https:\/\/ad.kress.com\/fr-ch\/wp-json\/wp\/v2\/media?parent=4100"}],"wp:term":[{"taxonomy":"product_brand","embeddable":true,"href":"https:\/\/ad.kress.com\/fr-ch\/wp-json\/wp\/v2\/product_brand?post=4100"},{"taxonomy":"product_cat","embeddable":true,"href":"https:\/\/ad.kress.com\/fr-ch\/wp-json\/wp\/v2\/product_cat?post=4100"},{"taxonomy":"product_tag","embeddable":true,"href":"https:\/\/ad.kress.com\/fr-ch\/wp-json\/wp\/v2\/product_tag?post=4100"}],"curies":[{"name":"wp","href":"https:\/\/api.w.org\/{rel}","templated":true}]}}