{"id":3670,"date":"2025-04-04T07:57:15","date_gmt":"2025-04-04T07:57:15","guid":{"rendered":""},"modified":"2025-08-05T08:29:11","modified_gmt":"2025-08-05T08:29:11","slug":"la-tondeuse-robot-compacte-kress-mission-nano-gere-les-pelouses-jusqua-1-000-m%c2%b2-kr101e","status":"publish","type":"product","link":"https:\/\/ad.kress.com\/fr-ch\/la-tondeuse-robot-compacte-kress-mission-nano-gere-les-pelouses-jusqua-1-000-m%c2%b2-kr101e\/","title":{"rendered":"La tondeuse robot compacte Kress Mission Nano g\u00e8re les pelouses jusqu&#8217;\u00e0 1 000 m\u00b2"},"content":{"rendered":"<p>Am\u00e9liorez l&#8217;entretien de votre pelouse gr\u00e2ce \u00e0 une couverture efficace de la zone, \u00e0 la tonte des bordures, \u00e0 la navigation dans les chemins \u00e9troits et \u00e0 une programmation automatique adapt\u00e9e \u00e0 votre pelouse.<\/p>\n","protected":false},"excerpt":{"rendered":"<p>Am\u00e9liorez l&#8217;entretien de votre pelouse gr\u00e2ce \u00e0 une couverture efficace de la zone, \u00e0 la tonte des bordures, \u00e0 la navigation dans les chemins \u00e9troits et \u00e0 une programmation automatique adapt\u00e9e \u00e0 votre pelouse.<\/p>\n","protected":false},"featured_media":8301,"comment_status":"closed","ping_status":"closed","template":"","meta":[],"product_brand":[],"product_cat":[],"product_tag":[],"class_list":{"0":"post-3670","1":"product","2":"type-product","3":"status-publish","4":"has-post-thumbnail","6":"entry","8":"first","9":"instock","10":"shipping-taxable","11":"purchasable","12":"product-type-simple"},"yoast_head":"<!-- This site is optimized with the Yoast SEO plugin v24.3 - https:\/\/yoast.com\/wordpress\/plugins\/seo\/ -->\n<title>La tondeuse robot compacte Kress Mission Nano g\u00e8re les pelouses jusqu&#039;\u00e0 1 000 m\u00b2 - Landing Kress<\/title>\n<meta name=\"robots\" content=\"index, follow, max-snippet:-1, max-image-preview:large, max-video-preview:-1\" \/>\n<link rel=\"canonical\" href=\"https:\/\/ad.kress.com\/en\/the-compact-kress-mission-nano-robot-mower-manages-lawns-up-to-1000-m\u00b2-kr101e\/\" \/>\n<meta property=\"og:locale\" content=\"fr_FR\" \/>\n<meta property=\"og:type\" content=\"article\" \/>\n<meta property=\"og:title\" content=\"La tondeuse robot compacte Kress Mission Nano g\u00e8re les pelouses jusqu&#039;\u00e0 1 000 m\u00b2 - Landing Kress\" \/>\n<meta property=\"og:description\" content=\"Am\u00e9liorez l&#8217;entretien de votre pelouse gr\u00e2ce \u00e0 une couverture efficace de la zone, \u00e0 la tonte des bordures, \u00e0 la navigation dans les chemins \u00e9troits et \u00e0 une programmation automatique adapt\u00e9e \u00e0 votre pelouse.\" \/>\n<meta property=\"og:url\" content=\"https:\/\/ad.kress.com\/en\/the-compact-kress-mission-nano-robot-mower-manages-lawns-up-to-1000-m\u00b2-kr101e\/\" \/>\n<meta property=\"og:site_name\" content=\"Landing Kress\" \/>\n<meta property=\"article:modified_time\" content=\"2025-08-05T08:29:11+00:00\" \/>\n<meta property=\"og:image\" content=\"https:\/\/ad.kress.com\/wp-content\/uploads\/onpage\/op_image_c71c1925b13711ef28d15fa9bbcdbd53909c9150.1980x.webp\" \/>\n\t<meta property=\"og:image:width\" content=\"1980\" \/>\n\t<meta property=\"og:image:height\" content=\"1980\" \/>\n\t<meta property=\"og:image:type\" content=\"image\/webp\" \/>\n<meta name=\"twitter:card\" content=\"summary_large_image\" \/>\n<script type=\"application\/ld+json\" class=\"yoast-schema-graph\">{\"@context\":\"https:\/\/schema.org\",\"@graph\":[{\"@type\":\"WebPage\",\"@id\":\"https:\/\/ad.kress.com\/en\/the-compact-kress-mission-nano-robot-mower-manages-lawns-up-to-1000-m%c2%b2-kr101e\/\",\"url\":\"https:\/\/ad.kress.com\/en\/the-compact-kress-mission-nano-robot-mower-manages-lawns-up-to-1000-m%c2%b2-kr101e\/\",\"name\":\"La tondeuse robot compacte Kress Mission Nano g\u00e8re les pelouses jusqu'\u00e0 1 000 m\u00b2 - Landing Kress\",\"isPartOf\":{\"@id\":\"https:\/\/ad.kress.com\/en-gb\/#website\"},\"primaryImageOfPage\":{\"@id\":\"https:\/\/ad.kress.com\/en\/the-compact-kress-mission-nano-robot-mower-manages-lawns-up-to-1000-m%c2%b2-kr101e\/#primaryimage\"},\"image\":{\"@id\":\"https:\/\/ad.kress.com\/en\/the-compact-kress-mission-nano-robot-mower-manages-lawns-up-to-1000-m%c2%b2-kr101e\/#primaryimage\"},\"thumbnailUrl\":\"https:\/\/ad.kress.com\/wp-content\/uploads\/onpage\/op_image_c71c1925b13711ef28d15fa9bbcdbd53909c9150.1980x.webp\",\"datePublished\":\"2025-04-04T07:57:15+00:00\",\"dateModified\":\"2025-08-05T08:29:11+00:00\",\"breadcrumb\":{\"@id\":\"https:\/\/ad.kress.com\/en\/the-compact-kress-mission-nano-robot-mower-manages-lawns-up-to-1000-m%c2%b2-kr101e\/#breadcrumb\"},\"inLanguage\":\"fr-CH\",\"potentialAction\":[{\"@type\":\"ReadAction\",\"target\":[\"https:\/\/ad.kress.com\/en\/the-compact-kress-mission-nano-robot-mower-manages-lawns-up-to-1000-m%c2%b2-kr101e\/\"]}]},{\"@type\":\"ImageObject\",\"inLanguage\":\"fr-CH\",\"@id\":\"https:\/\/ad.kress.com\/en\/the-compact-kress-mission-nano-robot-mower-manages-lawns-up-to-1000-m%c2%b2-kr101e\/#primaryimage\",\"url\":\"https:\/\/ad.kress.com\/wp-content\/uploads\/onpage\/op_image_c71c1925b13711ef28d15fa9bbcdbd53909c9150.1980x.webp\",\"contentUrl\":\"https:\/\/ad.kress.com\/wp-content\/uploads\/onpage\/op_image_c71c1925b13711ef28d15fa9bbcdbd53909c9150.1980x.webp\",\"width\":1980,\"height\":1980},{\"@type\":\"BreadcrumbList\",\"@id\":\"https:\/\/ad.kress.com\/en\/the-compact-kress-mission-nano-robot-mower-manages-lawns-up-to-1000-m%c2%b2-kr101e\/#breadcrumb\",\"itemListElement\":[{\"@type\":\"ListItem\",\"position\":1,\"name\":\"Home\",\"item\":\"https:\/\/ad.kress.com\/en-gb\/\"},{\"@type\":\"ListItem\",\"position\":2,\"name\":\"La tondeuse robot compacte Kress Mission Nano g\u00e8re les pelouses jusqu&#8217;\u00e0 1 000 m\u00b2\"}]},{\"@type\":\"WebSite\",\"@id\":\"https:\/\/ad.kress.com\/en-gb\/#website\",\"url\":\"https:\/\/ad.kress.com\/en-gb\/\",\"name\":\"Kress - Commercial outdoor power equipment\",\"description\":\"Kress\",\"publisher\":{\"@id\":\"https:\/\/ad.kress.com\/en-gb\/#organization\"},\"alternateName\":\"Kress\",\"potentialAction\":[{\"@type\":\"SearchAction\",\"target\":{\"@type\":\"EntryPoint\",\"urlTemplate\":\"https:\/\/ad.kress.com\/en-gb\/?s={search_term_string}\"},\"query-input\":{\"@type\":\"PropertyValueSpecification\",\"valueRequired\":true,\"valueName\":\"search_term_string\"}}],\"inLanguage\":\"fr-CH\"},{\"@type\":\"Organization\",\"@id\":\"https:\/\/ad.kress.com\/en-gb\/#organization\",\"name\":\"Commercial outdoor power equipment\",\"alternateName\":\"Kress\",\"url\":\"https:\/\/ad.kress.com\/en-gb\/\",\"logo\":{\"@type\":\"ImageObject\",\"inLanguage\":\"fr-CH\",\"@id\":\"https:\/\/ad.kress.com\/en-gb\/#\/schema\/logo\/image\/\",\"url\":\"https:\/\/ad.kress.com\/wp-content\/uploads\/2025\/01\/main-logo-kress.webp\",\"contentUrl\":\"https:\/\/ad.kress.com\/wp-content\/uploads\/2025\/01\/main-logo-kress.webp\",\"width\":1038,\"height\":245,\"caption\":\"Commercial outdoor power equipment\"},\"image\":{\"@id\":\"https:\/\/ad.kress.com\/en-gb\/#\/schema\/logo\/image\/\"}}]}<\/script>\n<!-- \/ Yoast SEO plugin. -->","yoast_head_json":{"title":"La tondeuse robot compacte Kress Mission Nano g\u00e8re les pelouses jusqu'\u00e0 1 000 m\u00b2 - Landing Kress","robots":{"index":"index","follow":"follow","max-snippet":"max-snippet:-1","max-image-preview":"max-image-preview:large","max-video-preview":"max-video-preview:-1"},"canonical":"https:\/\/ad.kress.com\/en\/the-compact-kress-mission-nano-robot-mower-manages-lawns-up-to-1000-m\u00b2-kr101e\/","og_locale":"fr_FR","og_type":"article","og_title":"La tondeuse robot compacte Kress Mission Nano g\u00e8re les pelouses jusqu'\u00e0 1 000 m\u00b2 - Landing Kress","og_description":"Am\u00e9liorez l&#8217;entretien de votre pelouse gr\u00e2ce \u00e0 une couverture efficace de la zone, \u00e0 la tonte des bordures, \u00e0 la navigation dans les chemins \u00e9troits et \u00e0 une programmation automatique adapt\u00e9e \u00e0 votre pelouse.","og_url":"https:\/\/ad.kress.com\/en\/the-compact-kress-mission-nano-robot-mower-manages-lawns-up-to-1000-m\u00b2-kr101e\/","og_site_name":"Landing Kress","article_modified_time":"2025-08-05T08:29:11+00:00","og_image":[{"width":1980,"height":1980,"url":"https:\/\/ad.kress.com\/wp-content\/uploads\/onpage\/op_image_c71c1925b13711ef28d15fa9bbcdbd53909c9150.1980x.webp","type":"image\/webp"}],"twitter_card":"summary_large_image","schema":{"@context":"https:\/\/schema.org","@graph":[{"@type":"WebPage","@id":"https:\/\/ad.kress.com\/en\/the-compact-kress-mission-nano-robot-mower-manages-lawns-up-to-1000-m%c2%b2-kr101e\/","url":"https:\/\/ad.kress.com\/en\/the-compact-kress-mission-nano-robot-mower-manages-lawns-up-to-1000-m%c2%b2-kr101e\/","name":"La tondeuse robot compacte Kress Mission Nano g\u00e8re les pelouses jusqu'\u00e0 1 000 m\u00b2 - Landing Kress","isPartOf":{"@id":"https:\/\/ad.kress.com\/en-gb\/#website"},"primaryImageOfPage":{"@id":"https:\/\/ad.kress.com\/en\/the-compact-kress-mission-nano-robot-mower-manages-lawns-up-to-1000-m%c2%b2-kr101e\/#primaryimage"},"image":{"@id":"https:\/\/ad.kress.com\/en\/the-compact-kress-mission-nano-robot-mower-manages-lawns-up-to-1000-m%c2%b2-kr101e\/#primaryimage"},"thumbnailUrl":"https:\/\/ad.kress.com\/wp-content\/uploads\/onpage\/op_image_c71c1925b13711ef28d15fa9bbcdbd53909c9150.1980x.webp","datePublished":"2025-04-04T07:57:15+00:00","dateModified":"2025-08-05T08:29:11+00:00","breadcrumb":{"@id":"https:\/\/ad.kress.com\/en\/the-compact-kress-mission-nano-robot-mower-manages-lawns-up-to-1000-m%c2%b2-kr101e\/#breadcrumb"},"inLanguage":"fr-CH","potentialAction":[{"@type":"ReadAction","target":["https:\/\/ad.kress.com\/en\/the-compact-kress-mission-nano-robot-mower-manages-lawns-up-to-1000-m%c2%b2-kr101e\/"]}]},{"@type":"ImageObject","inLanguage":"fr-CH","@id":"https:\/\/ad.kress.com\/en\/the-compact-kress-mission-nano-robot-mower-manages-lawns-up-to-1000-m%c2%b2-kr101e\/#primaryimage","url":"https:\/\/ad.kress.com\/wp-content\/uploads\/onpage\/op_image_c71c1925b13711ef28d15fa9bbcdbd53909c9150.1980x.webp","contentUrl":"https:\/\/ad.kress.com\/wp-content\/uploads\/onpage\/op_image_c71c1925b13711ef28d15fa9bbcdbd53909c9150.1980x.webp","width":1980,"height":1980},{"@type":"BreadcrumbList","@id":"https:\/\/ad.kress.com\/en\/the-compact-kress-mission-nano-robot-mower-manages-lawns-up-to-1000-m%c2%b2-kr101e\/#breadcrumb","itemListElement":[{"@type":"ListItem","position":1,"name":"Home","item":"https:\/\/ad.kress.com\/en-gb\/"},{"@type":"ListItem","position":2,"name":"La tondeuse robot compacte Kress Mission Nano g\u00e8re les pelouses jusqu&#8217;\u00e0 1 000 m\u00b2"}]},{"@type":"WebSite","@id":"https:\/\/ad.kress.com\/en-gb\/#website","url":"https:\/\/ad.kress.com\/en-gb\/","name":"Kress - Commercial outdoor power equipment","description":"Kress","publisher":{"@id":"https:\/\/ad.kress.com\/en-gb\/#organization"},"alternateName":"Kress","potentialAction":[{"@type":"SearchAction","target":{"@type":"EntryPoint","urlTemplate":"https:\/\/ad.kress.com\/en-gb\/?s={search_term_string}"},"query-input":{"@type":"PropertyValueSpecification","valueRequired":true,"valueName":"search_term_string"}}],"inLanguage":"fr-CH"},{"@type":"Organization","@id":"https:\/\/ad.kress.com\/en-gb\/#organization","name":"Commercial outdoor power equipment","alternateName":"Kress","url":"https:\/\/ad.kress.com\/en-gb\/","logo":{"@type":"ImageObject","inLanguage":"fr-CH","@id":"https:\/\/ad.kress.com\/en-gb\/#\/schema\/logo\/image\/","url":"https:\/\/ad.kress.com\/wp-content\/uploads\/2025\/01\/main-logo-kress.webp","contentUrl":"https:\/\/ad.kress.com\/wp-content\/uploads\/2025\/01\/main-logo-kress.webp","width":1038,"height":245,"caption":"Commercial outdoor power equipment"},"image":{"@id":"https:\/\/ad.kress.com\/en-gb\/#\/schema\/logo\/image\/"}}]}},"_links":{"self":[{"href":"https:\/\/ad.kress.com\/fr-ch\/wp-json\/wp\/v2\/product\/3670","targetHints":{"allow":["GET"]}}],"collection":[{"href":"https:\/\/ad.kress.com\/fr-ch\/wp-json\/wp\/v2\/product"}],"about":[{"href":"https:\/\/ad.kress.com\/fr-ch\/wp-json\/wp\/v2\/types\/product"}],"replies":[{"embeddable":true,"href":"https:\/\/ad.kress.com\/fr-ch\/wp-json\/wp\/v2\/comments?post=3670"}],"wp:featuredmedia":[{"embeddable":true,"href":"https:\/\/ad.kress.com\/fr-ch\/wp-json\/wp\/v2\/media\/8301"}],"wp:attachment":[{"href":"https:\/\/ad.kress.com\/fr-ch\/wp-json\/wp\/v2\/media?parent=3670"}],"wp:term":[{"taxonomy":"product_brand","embeddable":true,"href":"https:\/\/ad.kress.com\/fr-ch\/wp-json\/wp\/v2\/product_brand?post=3670"},{"taxonomy":"product_cat","embeddable":true,"href":"https:\/\/ad.kress.com\/fr-ch\/wp-json\/wp\/v2\/product_cat?post=3670"},{"taxonomy":"product_tag","embeddable":true,"href":"https:\/\/ad.kress.com\/fr-ch\/wp-json\/wp\/v2\/product_tag?post=3670"}],"curies":[{"name":"wp","href":"https:\/\/api.w.org\/{rel}","templated":true}]}}