{"id":12183,"date":"2025-08-05T08:29:28","date_gmt":"2025-08-05T08:29:28","guid":{"rendered":""},"modified":"2025-08-05T08:29:11","modified_gmt":"2025-08-05T08:29:11","slug":"tondeuse-robotisee-kress-rtk%e2%81%bf-de-16-000-m%c2%b2-avec-oas-obstacle-avoidance-system-kr234e","status":"publish","type":"product","link":"https:\/\/ad.kress.com\/fr-ch\/tondeuse-robotisee-kress-rtk%e2%81%bf-de-16-000-m%c2%b2-avec-oas-obstacle-avoidance-system-kr234e\/","title":{"rendered":"Tondeuse robotis\u00e9e Kress RTK\u207f de 16 000 m\u00b2 avec OAS (Obstacle Avoidance System)"},"content":{"rendered":"<p>Red\u00e9finissant la pr\u00e9cision dans l&#8217;entretien des pelouses gr\u00e2ce \u00e0 la technologie Kress RTK\u207f, le robot tondeuse KR234E offre une pr\u00e9cision au centim\u00e8tre pr\u00e8s, guid\u00e9e par satellite, sans n\u00e9cessiter d&#8217;antennes fixes sp\u00e9cifiques \u00e0 la propri\u00e9t\u00e9. Con\u00e7ue pour les paysages \u00e9tendus, elle tond des surfaces allant jusqu&#8217;\u00e0 24 000<sup>m2<\/sup> avec une finition parfaite. \u00c9quip\u00e9 de lames de rasoir \u00e0 double couche et d&#8217;un syst\u00e8me d&#8217;\u00e9vitement des obstacles, le KR234E fonctionne efficacement dans toutes les conditions. Ses technologies collaboratives MAP\u2122 (plan d&#8217;action de tonte) et TeamWork\u2122 permettent une gestion sans faille de chaque complexit\u00e9 de gazon.<\/p>\n","protected":false},"excerpt":{"rendered":"<p>Red\u00e9finissant la pr\u00e9cision dans l&#8217;entretien des pelouses gr\u00e2ce \u00e0 la technologie Kress RTK\u207f, le robot tondeuse KR234E offre une pr\u00e9cision au centim\u00e8tre pr\u00e8s, guid\u00e9e par satellite, sans n\u00e9cessiter d&#8217;antennes fixes sp\u00e9cifiques \u00e0 la propri\u00e9t\u00e9. Con\u00e7ue pour les paysages \u00e9tendus, elle tond des surfaces allant jusqu&#8217;\u00e0 24 000m2 avec une finition parfaite. \u00c9quip\u00e9 de lames de&hellip; <a class=\"more-link\" href=\"https:\/\/ad.kress.com\/fr-ch\/tondeuse-robotisee-kress-rtk%e2%81%bf-de-16-000-m%c2%b2-avec-oas-obstacle-avoidance-system-kr234e\/\">Continue reading <span class=\"screen-reader-text\">Tondeuse robotis\u00e9e Kress RTK\u207f de 16 000 m\u00b2 avec OAS (Obstacle Avoidance System)<\/span><\/a><\/p>\n","protected":false},"featured_media":9339,"comment_status":"closed","ping_status":"closed","template":"","meta":[],"product_brand":[],"product_cat":[],"product_tag":[],"class_list":{"0":"post-12183","1":"product","2":"type-product","3":"status-publish","4":"has-post-thumbnail","6":"entry","8":"first","9":"instock","10":"shipping-taxable","11":"purchasable","12":"product-type-simple"},"yoast_head":"<!-- This site is optimized with the Yoast SEO plugin v24.3 - https:\/\/yoast.com\/wordpress\/plugins\/seo\/ -->\n<title>Tondeuse robotis\u00e9e Kress RTK\u207f de 16 000 m\u00b2 avec OAS (Obstacle Avoidance System) - Landing Kress<\/title>\n<meta name=\"robots\" content=\"index, follow, max-snippet:-1, max-image-preview:large, max-video-preview:-1\" \/>\n<link rel=\"canonical\" href=\"https:\/\/ad.kress.com\/en\/kress-rtk\u207f-24000-m\u00b2-robotic-lawn-mower-with-oas-obstacle-avoidance-system-kr234e\/\" \/>\n<meta property=\"og:locale\" content=\"fr_FR\" \/>\n<meta property=\"og:type\" content=\"article\" \/>\n<meta property=\"og:title\" content=\"Tondeuse robotis\u00e9e Kress RTK\u207f de 16 000 m\u00b2 avec OAS (Obstacle Avoidance System) - Landing Kress\" \/>\n<meta property=\"og:description\" content=\"Red\u00e9finissant la pr\u00e9cision dans l&#8217;entretien des pelouses gr\u00e2ce \u00e0 la technologie Kress RTK\u207f, le robot tondeuse KR234E offre une pr\u00e9cision au centim\u00e8tre pr\u00e8s, guid\u00e9e par satellite, sans n\u00e9cessiter d&#8217;antennes fixes sp\u00e9cifiques \u00e0 la propri\u00e9t\u00e9. Con\u00e7ue pour les paysages \u00e9tendus, elle tond des surfaces allant jusqu&#8217;\u00e0 24 000m2 avec une finition parfaite. \u00c9quip\u00e9 de lames de&hellip; Continue reading Tondeuse robotis\u00e9e Kress RTK\u207f de 16 000 m\u00b2 avec OAS (Obstacle Avoidance System)\" \/>\n<meta property=\"og:url\" content=\"https:\/\/ad.kress.com\/en\/kress-rtk\u207f-24000-m\u00b2-robotic-lawn-mower-with-oas-obstacle-avoidance-system-kr234e\/\" \/>\n<meta property=\"og:site_name\" content=\"Landing Kress\" \/>\n<meta property=\"article:modified_time\" content=\"2025-08-05T08:29:11+00:00\" \/>\n<meta property=\"og:image\" content=\"https:\/\/ad.kress.com\/wp-content\/uploads\/onpage\/op_image_aa1f766f53a8b6ef4779d4da6cfe05b23c17d393.1980x.webp\" \/>\n\t<meta property=\"og:image:width\" content=\"1980\" \/>\n\t<meta property=\"og:image:height\" content=\"1980\" \/>\n\t<meta property=\"og:image:type\" content=\"image\/webp\" \/>\n<meta name=\"twitter:card\" content=\"summary_large_image\" \/>\n<meta name=\"twitter:label1\" content=\"Est. reading time\" \/>\n\t<meta name=\"twitter:data1\" content=\"1 minute\" \/>\n<script type=\"application\/ld+json\" class=\"yoast-schema-graph\">{\"@context\":\"https:\/\/schema.org\",\"@graph\":[{\"@type\":\"WebPage\",\"@id\":\"https:\/\/ad.kress.com\/en\/kress-rtk%e2%81%bf-24000-m%c2%b2-robotic-lawn-mower-with-oas-obstacle-avoidance-system-kr234e\/\",\"url\":\"https:\/\/ad.kress.com\/en\/kress-rtk%e2%81%bf-24000-m%c2%b2-robotic-lawn-mower-with-oas-obstacle-avoidance-system-kr234e\/\",\"name\":\"Tondeuse robotis\u00e9e Kress RTK\u207f de 16 000 m\u00b2 avec OAS (Obstacle Avoidance System) - Landing Kress\",\"isPartOf\":{\"@id\":\"https:\/\/ad.kress.com\/en-gb\/#website\"},\"primaryImageOfPage\":{\"@id\":\"https:\/\/ad.kress.com\/en\/kress-rtk%e2%81%bf-24000-m%c2%b2-robotic-lawn-mower-with-oas-obstacle-avoidance-system-kr234e\/#primaryimage\"},\"image\":{\"@id\":\"https:\/\/ad.kress.com\/en\/kress-rtk%e2%81%bf-24000-m%c2%b2-robotic-lawn-mower-with-oas-obstacle-avoidance-system-kr234e\/#primaryimage\"},\"thumbnailUrl\":\"https:\/\/ad.kress.com\/wp-content\/uploads\/onpage\/op_image_aa1f766f53a8b6ef4779d4da6cfe05b23c17d393.1980x.webp\",\"datePublished\":\"2025-08-05T08:29:28+00:00\",\"dateModified\":\"2025-08-05T08:29:11+00:00\",\"breadcrumb\":{\"@id\":\"https:\/\/ad.kress.com\/en\/kress-rtk%e2%81%bf-24000-m%c2%b2-robotic-lawn-mower-with-oas-obstacle-avoidance-system-kr234e\/#breadcrumb\"},\"inLanguage\":\"fr-CH\",\"potentialAction\":[{\"@type\":\"ReadAction\",\"target\":[\"https:\/\/ad.kress.com\/en\/kress-rtk%e2%81%bf-24000-m%c2%b2-robotic-lawn-mower-with-oas-obstacle-avoidance-system-kr234e\/\"]}]},{\"@type\":\"ImageObject\",\"inLanguage\":\"fr-CH\",\"@id\":\"https:\/\/ad.kress.com\/en\/kress-rtk%e2%81%bf-24000-m%c2%b2-robotic-lawn-mower-with-oas-obstacle-avoidance-system-kr234e\/#primaryimage\",\"url\":\"https:\/\/ad.kress.com\/wp-content\/uploads\/onpage\/op_image_aa1f766f53a8b6ef4779d4da6cfe05b23c17d393.1980x.webp\",\"contentUrl\":\"https:\/\/ad.kress.com\/wp-content\/uploads\/onpage\/op_image_aa1f766f53a8b6ef4779d4da6cfe05b23c17d393.1980x.webp\",\"width\":1980,\"height\":1980},{\"@type\":\"BreadcrumbList\",\"@id\":\"https:\/\/ad.kress.com\/en\/kress-rtk%e2%81%bf-24000-m%c2%b2-robotic-lawn-mower-with-oas-obstacle-avoidance-system-kr234e\/#breadcrumb\",\"itemListElement\":[{\"@type\":\"ListItem\",\"position\":1,\"name\":\"Home\",\"item\":\"https:\/\/ad.kress.com\/en-gb\/\"},{\"@type\":\"ListItem\",\"position\":2,\"name\":\"Tondeuse robotis\u00e9e Kress RTK\u207f de 16 000 m\u00b2 avec OAS (Obstacle Avoidance System)\"}]},{\"@type\":\"WebSite\",\"@id\":\"https:\/\/ad.kress.com\/en-gb\/#website\",\"url\":\"https:\/\/ad.kress.com\/en-gb\/\",\"name\":\"Kress - Commercial outdoor power equipment\",\"description\":\"Kress\",\"publisher\":{\"@id\":\"https:\/\/ad.kress.com\/en-gb\/#organization\"},\"alternateName\":\"Kress\",\"potentialAction\":[{\"@type\":\"SearchAction\",\"target\":{\"@type\":\"EntryPoint\",\"urlTemplate\":\"https:\/\/ad.kress.com\/en-gb\/?s={search_term_string}\"},\"query-input\":{\"@type\":\"PropertyValueSpecification\",\"valueRequired\":true,\"valueName\":\"search_term_string\"}}],\"inLanguage\":\"fr-CH\"},{\"@type\":\"Organization\",\"@id\":\"https:\/\/ad.kress.com\/en-gb\/#organization\",\"name\":\"Commercial outdoor power equipment\",\"alternateName\":\"Kress\",\"url\":\"https:\/\/ad.kress.com\/en-gb\/\",\"logo\":{\"@type\":\"ImageObject\",\"inLanguage\":\"fr-CH\",\"@id\":\"https:\/\/ad.kress.com\/en-gb\/#\/schema\/logo\/image\/\",\"url\":\"https:\/\/ad.kress.com\/wp-content\/uploads\/2025\/01\/main-logo-kress.webp\",\"contentUrl\":\"https:\/\/ad.kress.com\/wp-content\/uploads\/2025\/01\/main-logo-kress.webp\",\"width\":1038,\"height\":245,\"caption\":\"Commercial outdoor power equipment\"},\"image\":{\"@id\":\"https:\/\/ad.kress.com\/en-gb\/#\/schema\/logo\/image\/\"}}]}<\/script>\n<!-- \/ Yoast SEO plugin. -->","yoast_head_json":{"title":"Tondeuse robotis\u00e9e Kress RTK\u207f de 16 000 m\u00b2 avec OAS (Obstacle Avoidance System) - Landing Kress","robots":{"index":"index","follow":"follow","max-snippet":"max-snippet:-1","max-image-preview":"max-image-preview:large","max-video-preview":"max-video-preview:-1"},"canonical":"https:\/\/ad.kress.com\/en\/kress-rtk\u207f-24000-m\u00b2-robotic-lawn-mower-with-oas-obstacle-avoidance-system-kr234e\/","og_locale":"fr_FR","og_type":"article","og_title":"Tondeuse robotis\u00e9e Kress RTK\u207f de 16 000 m\u00b2 avec OAS (Obstacle Avoidance System) - Landing Kress","og_description":"Red\u00e9finissant la pr\u00e9cision dans l&#8217;entretien des pelouses gr\u00e2ce \u00e0 la technologie Kress RTK\u207f, le robot tondeuse KR234E offre une pr\u00e9cision au centim\u00e8tre pr\u00e8s, guid\u00e9e par satellite, sans n\u00e9cessiter d&#8217;antennes fixes sp\u00e9cifiques \u00e0 la propri\u00e9t\u00e9. Con\u00e7ue pour les paysages \u00e9tendus, elle tond des surfaces allant jusqu&#8217;\u00e0 24 000m2 avec une finition parfaite. \u00c9quip\u00e9 de lames de&hellip; Continue reading Tondeuse robotis\u00e9e Kress RTK\u207f de 16 000 m\u00b2 avec OAS (Obstacle Avoidance System)","og_url":"https:\/\/ad.kress.com\/en\/kress-rtk\u207f-24000-m\u00b2-robotic-lawn-mower-with-oas-obstacle-avoidance-system-kr234e\/","og_site_name":"Landing Kress","article_modified_time":"2025-08-05T08:29:11+00:00","og_image":[{"width":1980,"height":1980,"url":"https:\/\/ad.kress.com\/wp-content\/uploads\/onpage\/op_image_aa1f766f53a8b6ef4779d4da6cfe05b23c17d393.1980x.webp","type":"image\/webp"}],"twitter_card":"summary_large_image","twitter_misc":{"Est. reading time":"1 minute"},"schema":{"@context":"https:\/\/schema.org","@graph":[{"@type":"WebPage","@id":"https:\/\/ad.kress.com\/en\/kress-rtk%e2%81%bf-24000-m%c2%b2-robotic-lawn-mower-with-oas-obstacle-avoidance-system-kr234e\/","url":"https:\/\/ad.kress.com\/en\/kress-rtk%e2%81%bf-24000-m%c2%b2-robotic-lawn-mower-with-oas-obstacle-avoidance-system-kr234e\/","name":"Tondeuse robotis\u00e9e Kress RTK\u207f de 16 000 m\u00b2 avec OAS (Obstacle Avoidance System) - Landing Kress","isPartOf":{"@id":"https:\/\/ad.kress.com\/en-gb\/#website"},"primaryImageOfPage":{"@id":"https:\/\/ad.kress.com\/en\/kress-rtk%e2%81%bf-24000-m%c2%b2-robotic-lawn-mower-with-oas-obstacle-avoidance-system-kr234e\/#primaryimage"},"image":{"@id":"https:\/\/ad.kress.com\/en\/kress-rtk%e2%81%bf-24000-m%c2%b2-robotic-lawn-mower-with-oas-obstacle-avoidance-system-kr234e\/#primaryimage"},"thumbnailUrl":"https:\/\/ad.kress.com\/wp-content\/uploads\/onpage\/op_image_aa1f766f53a8b6ef4779d4da6cfe05b23c17d393.1980x.webp","datePublished":"2025-08-05T08:29:28+00:00","dateModified":"2025-08-05T08:29:11+00:00","breadcrumb":{"@id":"https:\/\/ad.kress.com\/en\/kress-rtk%e2%81%bf-24000-m%c2%b2-robotic-lawn-mower-with-oas-obstacle-avoidance-system-kr234e\/#breadcrumb"},"inLanguage":"fr-CH","potentialAction":[{"@type":"ReadAction","target":["https:\/\/ad.kress.com\/en\/kress-rtk%e2%81%bf-24000-m%c2%b2-robotic-lawn-mower-with-oas-obstacle-avoidance-system-kr234e\/"]}]},{"@type":"ImageObject","inLanguage":"fr-CH","@id":"https:\/\/ad.kress.com\/en\/kress-rtk%e2%81%bf-24000-m%c2%b2-robotic-lawn-mower-with-oas-obstacle-avoidance-system-kr234e\/#primaryimage","url":"https:\/\/ad.kress.com\/wp-content\/uploads\/onpage\/op_image_aa1f766f53a8b6ef4779d4da6cfe05b23c17d393.1980x.webp","contentUrl":"https:\/\/ad.kress.com\/wp-content\/uploads\/onpage\/op_image_aa1f766f53a8b6ef4779d4da6cfe05b23c17d393.1980x.webp","width":1980,"height":1980},{"@type":"BreadcrumbList","@id":"https:\/\/ad.kress.com\/en\/kress-rtk%e2%81%bf-24000-m%c2%b2-robotic-lawn-mower-with-oas-obstacle-avoidance-system-kr234e\/#breadcrumb","itemListElement":[{"@type":"ListItem","position":1,"name":"Home","item":"https:\/\/ad.kress.com\/en-gb\/"},{"@type":"ListItem","position":2,"name":"Tondeuse robotis\u00e9e Kress RTK\u207f de 16 000 m\u00b2 avec OAS (Obstacle Avoidance System)"}]},{"@type":"WebSite","@id":"https:\/\/ad.kress.com\/en-gb\/#website","url":"https:\/\/ad.kress.com\/en-gb\/","name":"Kress - Commercial outdoor power equipment","description":"Kress","publisher":{"@id":"https:\/\/ad.kress.com\/en-gb\/#organization"},"alternateName":"Kress","potentialAction":[{"@type":"SearchAction","target":{"@type":"EntryPoint","urlTemplate":"https:\/\/ad.kress.com\/en-gb\/?s={search_term_string}"},"query-input":{"@type":"PropertyValueSpecification","valueRequired":true,"valueName":"search_term_string"}}],"inLanguage":"fr-CH"},{"@type":"Organization","@id":"https:\/\/ad.kress.com\/en-gb\/#organization","name":"Commercial outdoor power equipment","alternateName":"Kress","url":"https:\/\/ad.kress.com\/en-gb\/","logo":{"@type":"ImageObject","inLanguage":"fr-CH","@id":"https:\/\/ad.kress.com\/en-gb\/#\/schema\/logo\/image\/","url":"https:\/\/ad.kress.com\/wp-content\/uploads\/2025\/01\/main-logo-kress.webp","contentUrl":"https:\/\/ad.kress.com\/wp-content\/uploads\/2025\/01\/main-logo-kress.webp","width":1038,"height":245,"caption":"Commercial outdoor power equipment"},"image":{"@id":"https:\/\/ad.kress.com\/en-gb\/#\/schema\/logo\/image\/"}}]}},"_links":{"self":[{"href":"https:\/\/ad.kress.com\/fr-ch\/wp-json\/wp\/v2\/product\/12183","targetHints":{"allow":["GET"]}}],"collection":[{"href":"https:\/\/ad.kress.com\/fr-ch\/wp-json\/wp\/v2\/product"}],"about":[{"href":"https:\/\/ad.kress.com\/fr-ch\/wp-json\/wp\/v2\/types\/product"}],"replies":[{"embeddable":true,"href":"https:\/\/ad.kress.com\/fr-ch\/wp-json\/wp\/v2\/comments?post=12183"}],"wp:featuredmedia":[{"embeddable":true,"href":"https:\/\/ad.kress.com\/fr-ch\/wp-json\/wp\/v2\/media\/9339"}],"wp:attachment":[{"href":"https:\/\/ad.kress.com\/fr-ch\/wp-json\/wp\/v2\/media?parent=12183"}],"wp:term":[{"taxonomy":"product_brand","embeddable":true,"href":"https:\/\/ad.kress.com\/fr-ch\/wp-json\/wp\/v2\/product_brand?post=12183"},{"taxonomy":"product_cat","embeddable":true,"href":"https:\/\/ad.kress.com\/fr-ch\/wp-json\/wp\/v2\/product_cat?post=12183"},{"taxonomy":"product_tag","embeddable":true,"href":"https:\/\/ad.kress.com\/fr-ch\/wp-json\/wp\/v2\/product_tag?post=12183"}],"curies":[{"name":"wp","href":"https:\/\/api.w.org\/{rel}","templated":true}]}}