{"id":8101,"date":"2025-04-04T07:58:04","date_gmt":"2025-04-04T07:58:04","guid":{"rendered":""},"modified":"2025-08-05T08:29:11","modified_gmt":"2025-08-05T08:29:11","slug":"brosse-a-roue-en-forme-de-u-ka0170","status":"publish","type":"product","link":"https:\/\/ad.kress.com\/fr-be\/brosse-a-roue-en-forme-de-u-ka0170\/","title":{"rendered":"Brosse \u00e0 roue en forme de U"},"content":{"rendered":"<p>-Convient pour Kress <sup>RTKn<\/sup> KR233E KR236E KR237E<\/p>\n<p>-Enlever l&rsquo;herbe coup\u00e9e des roues de la tondeuse \u00e0 gazon pour \u00e9viter la diminution de la capacit\u00e9 de mont\u00e9e et de la r\u00e9sistance au d\u00e9rapage des roues due \u00e0 l&rsquo;accumulation d&rsquo;herbe coup\u00e9e<\/p>\n","protected":false},"excerpt":{"rendered":"<p>-Convient pour Kress RTKn KR233E KR236E KR237E -Enlever l&rsquo;herbe coup\u00e9e des roues de la tondeuse \u00e0 gazon pour \u00e9viter la diminution de la capacit\u00e9 de mont\u00e9e et de la r\u00e9sistance au d\u00e9rapage des roues due \u00e0 l&rsquo;accumulation d&rsquo;herbe coup\u00e9e<\/p>\n","protected":false},"featured_media":11787,"comment_status":"closed","ping_status":"closed","template":"","meta":[],"product_brand":[],"product_cat":[],"product_tag":[],"class_list":{"0":"post-8101","1":"product","2":"type-product","3":"status-publish","4":"has-post-thumbnail","6":"entry","8":"first","9":"instock","10":"shipping-taxable","11":"purchasable","12":"product-type-simple"},"yoast_head":"<!-- This site is optimized with the Yoast SEO plugin v24.3 - https:\/\/yoast.com\/wordpress\/plugins\/seo\/ -->\n<title>Brosse \u00e0 roue en forme de U - Landing Kress<\/title>\n<meta name=\"robots\" content=\"index, follow, max-snippet:-1, max-image-preview:large, max-video-preview:-1\" \/>\n<link rel=\"canonical\" href=\"https:\/\/ad.kress.com\/en\/u-shaped-wheel-brush-ka0170\/\" \/>\n<meta property=\"og:locale\" content=\"fr_FR\" \/>\n<meta property=\"og:type\" content=\"article\" \/>\n<meta property=\"og:title\" content=\"Brosse \u00e0 roue en forme de U - Landing Kress\" \/>\n<meta property=\"og:description\" content=\"-Convient pour Kress RTKn KR233E KR236E KR237E -Enlever l&rsquo;herbe coup\u00e9e des roues de la tondeuse \u00e0 gazon pour \u00e9viter la diminution de la capacit\u00e9 de mont\u00e9e et de la r\u00e9sistance au d\u00e9rapage des roues due \u00e0 l&rsquo;accumulation d&rsquo;herbe coup\u00e9e\" \/>\n<meta property=\"og:url\" content=\"https:\/\/ad.kress.com\/en\/u-shaped-wheel-brush-ka0170\/\" \/>\n<meta property=\"og:site_name\" content=\"Landing Kress\" \/>\n<meta property=\"article:modified_time\" content=\"2025-08-05T08:29:11+00:00\" \/>\n<meta property=\"og:image\" content=\"https:\/\/ad.kress.com\/wp-content\/uploads\/onpage\/op_image_ad0dd08dcb8b378ee3b9c175681b30e8905a585b.1980x.webp\" \/>\n\t<meta property=\"og:image:width\" content=\"1980\" \/>\n\t<meta property=\"og:image:height\" content=\"1980\" \/>\n\t<meta property=\"og:image:type\" content=\"image\/webp\" \/>\n<meta name=\"twitter:card\" content=\"summary_large_image\" \/>\n<script type=\"application\/ld+json\" class=\"yoast-schema-graph\">{\"@context\":\"https:\/\/schema.org\",\"@graph\":[{\"@type\":\"WebPage\",\"@id\":\"https:\/\/ad.kress.com\/en\/u-shaped-wheel-brush-ka0170\/\",\"url\":\"https:\/\/ad.kress.com\/en\/u-shaped-wheel-brush-ka0170\/\",\"name\":\"Brosse \u00e0 roue en forme de U - Landing Kress\",\"isPartOf\":{\"@id\":\"https:\/\/ad.kress.com\/en-gb\/#website\"},\"primaryImageOfPage\":{\"@id\":\"https:\/\/ad.kress.com\/en\/u-shaped-wheel-brush-ka0170\/#primaryimage\"},\"image\":{\"@id\":\"https:\/\/ad.kress.com\/en\/u-shaped-wheel-brush-ka0170\/#primaryimage\"},\"thumbnailUrl\":\"https:\/\/ad.kress.com\/wp-content\/uploads\/onpage\/op_image_ad0dd08dcb8b378ee3b9c175681b30e8905a585b.1980x.webp\",\"datePublished\":\"2025-04-04T07:58:04+00:00\",\"dateModified\":\"2025-08-05T08:29:11+00:00\",\"breadcrumb\":{\"@id\":\"https:\/\/ad.kress.com\/en\/u-shaped-wheel-brush-ka0170\/#breadcrumb\"},\"inLanguage\":\"fr-BE\",\"potentialAction\":[{\"@type\":\"ReadAction\",\"target\":[\"https:\/\/ad.kress.com\/en\/u-shaped-wheel-brush-ka0170\/\"]}]},{\"@type\":\"ImageObject\",\"inLanguage\":\"fr-BE\",\"@id\":\"https:\/\/ad.kress.com\/en\/u-shaped-wheel-brush-ka0170\/#primaryimage\",\"url\":\"https:\/\/ad.kress.com\/wp-content\/uploads\/onpage\/op_image_ad0dd08dcb8b378ee3b9c175681b30e8905a585b.1980x.webp\",\"contentUrl\":\"https:\/\/ad.kress.com\/wp-content\/uploads\/onpage\/op_image_ad0dd08dcb8b378ee3b9c175681b30e8905a585b.1980x.webp\",\"width\":1980,\"height\":1980},{\"@type\":\"BreadcrumbList\",\"@id\":\"https:\/\/ad.kress.com\/en\/u-shaped-wheel-brush-ka0170\/#breadcrumb\",\"itemListElement\":[{\"@type\":\"ListItem\",\"position\":1,\"name\":\"Home\",\"item\":\"https:\/\/ad.kress.com\/en-gb\/\"},{\"@type\":\"ListItem\",\"position\":2,\"name\":\"Brosse \u00e0 roue en forme de U\"}]},{\"@type\":\"WebSite\",\"@id\":\"https:\/\/ad.kress.com\/en-gb\/#website\",\"url\":\"https:\/\/ad.kress.com\/en-gb\/\",\"name\":\"Kress - Commercial outdoor power equipment\",\"description\":\"Kress\",\"publisher\":{\"@id\":\"https:\/\/ad.kress.com\/en-gb\/#organization\"},\"alternateName\":\"Kress\",\"potentialAction\":[{\"@type\":\"SearchAction\",\"target\":{\"@type\":\"EntryPoint\",\"urlTemplate\":\"https:\/\/ad.kress.com\/en-gb\/?s={search_term_string}\"},\"query-input\":{\"@type\":\"PropertyValueSpecification\",\"valueRequired\":true,\"valueName\":\"search_term_string\"}}],\"inLanguage\":\"fr-BE\"},{\"@type\":\"Organization\",\"@id\":\"https:\/\/ad.kress.com\/en-gb\/#organization\",\"name\":\"Commercial outdoor power equipment\",\"alternateName\":\"Kress\",\"url\":\"https:\/\/ad.kress.com\/en-gb\/\",\"logo\":{\"@type\":\"ImageObject\",\"inLanguage\":\"fr-BE\",\"@id\":\"https:\/\/ad.kress.com\/en-gb\/#\/schema\/logo\/image\/\",\"url\":\"https:\/\/ad.kress.com\/wp-content\/uploads\/2025\/01\/main-logo-kress.webp\",\"contentUrl\":\"https:\/\/ad.kress.com\/wp-content\/uploads\/2025\/01\/main-logo-kress.webp\",\"width\":1038,\"height\":245,\"caption\":\"Commercial outdoor power equipment\"},\"image\":{\"@id\":\"https:\/\/ad.kress.com\/en-gb\/#\/schema\/logo\/image\/\"}}]}<\/script>\n<!-- \/ Yoast SEO plugin. -->","yoast_head_json":{"title":"Brosse \u00e0 roue en forme de U - Landing Kress","robots":{"index":"index","follow":"follow","max-snippet":"max-snippet:-1","max-image-preview":"max-image-preview:large","max-video-preview":"max-video-preview:-1"},"canonical":"https:\/\/ad.kress.com\/en\/u-shaped-wheel-brush-ka0170\/","og_locale":"fr_FR","og_type":"article","og_title":"Brosse \u00e0 roue en forme de U - Landing Kress","og_description":"-Convient pour Kress RTKn KR233E KR236E KR237E -Enlever l&rsquo;herbe coup\u00e9e des roues de la tondeuse \u00e0 gazon pour \u00e9viter la diminution de la capacit\u00e9 de mont\u00e9e et de la r\u00e9sistance au d\u00e9rapage des roues due \u00e0 l&rsquo;accumulation d&rsquo;herbe coup\u00e9e","og_url":"https:\/\/ad.kress.com\/en\/u-shaped-wheel-brush-ka0170\/","og_site_name":"Landing Kress","article_modified_time":"2025-08-05T08:29:11+00:00","og_image":[{"width":1980,"height":1980,"url":"https:\/\/ad.kress.com\/wp-content\/uploads\/onpage\/op_image_ad0dd08dcb8b378ee3b9c175681b30e8905a585b.1980x.webp","type":"image\/webp"}],"twitter_card":"summary_large_image","schema":{"@context":"https:\/\/schema.org","@graph":[{"@type":"WebPage","@id":"https:\/\/ad.kress.com\/en\/u-shaped-wheel-brush-ka0170\/","url":"https:\/\/ad.kress.com\/en\/u-shaped-wheel-brush-ka0170\/","name":"Brosse \u00e0 roue en forme de U - Landing Kress","isPartOf":{"@id":"https:\/\/ad.kress.com\/en-gb\/#website"},"primaryImageOfPage":{"@id":"https:\/\/ad.kress.com\/en\/u-shaped-wheel-brush-ka0170\/#primaryimage"},"image":{"@id":"https:\/\/ad.kress.com\/en\/u-shaped-wheel-brush-ka0170\/#primaryimage"},"thumbnailUrl":"https:\/\/ad.kress.com\/wp-content\/uploads\/onpage\/op_image_ad0dd08dcb8b378ee3b9c175681b30e8905a585b.1980x.webp","datePublished":"2025-04-04T07:58:04+00:00","dateModified":"2025-08-05T08:29:11+00:00","breadcrumb":{"@id":"https:\/\/ad.kress.com\/en\/u-shaped-wheel-brush-ka0170\/#breadcrumb"},"inLanguage":"fr-BE","potentialAction":[{"@type":"ReadAction","target":["https:\/\/ad.kress.com\/en\/u-shaped-wheel-brush-ka0170\/"]}]},{"@type":"ImageObject","inLanguage":"fr-BE","@id":"https:\/\/ad.kress.com\/en\/u-shaped-wheel-brush-ka0170\/#primaryimage","url":"https:\/\/ad.kress.com\/wp-content\/uploads\/onpage\/op_image_ad0dd08dcb8b378ee3b9c175681b30e8905a585b.1980x.webp","contentUrl":"https:\/\/ad.kress.com\/wp-content\/uploads\/onpage\/op_image_ad0dd08dcb8b378ee3b9c175681b30e8905a585b.1980x.webp","width":1980,"height":1980},{"@type":"BreadcrumbList","@id":"https:\/\/ad.kress.com\/en\/u-shaped-wheel-brush-ka0170\/#breadcrumb","itemListElement":[{"@type":"ListItem","position":1,"name":"Home","item":"https:\/\/ad.kress.com\/en-gb\/"},{"@type":"ListItem","position":2,"name":"Brosse \u00e0 roue en forme de U"}]},{"@type":"WebSite","@id":"https:\/\/ad.kress.com\/en-gb\/#website","url":"https:\/\/ad.kress.com\/en-gb\/","name":"Kress - Commercial outdoor power equipment","description":"Kress","publisher":{"@id":"https:\/\/ad.kress.com\/en-gb\/#organization"},"alternateName":"Kress","potentialAction":[{"@type":"SearchAction","target":{"@type":"EntryPoint","urlTemplate":"https:\/\/ad.kress.com\/en-gb\/?s={search_term_string}"},"query-input":{"@type":"PropertyValueSpecification","valueRequired":true,"valueName":"search_term_string"}}],"inLanguage":"fr-BE"},{"@type":"Organization","@id":"https:\/\/ad.kress.com\/en-gb\/#organization","name":"Commercial outdoor power equipment","alternateName":"Kress","url":"https:\/\/ad.kress.com\/en-gb\/","logo":{"@type":"ImageObject","inLanguage":"fr-BE","@id":"https:\/\/ad.kress.com\/en-gb\/#\/schema\/logo\/image\/","url":"https:\/\/ad.kress.com\/wp-content\/uploads\/2025\/01\/main-logo-kress.webp","contentUrl":"https:\/\/ad.kress.com\/wp-content\/uploads\/2025\/01\/main-logo-kress.webp","width":1038,"height":245,"caption":"Commercial outdoor power equipment"},"image":{"@id":"https:\/\/ad.kress.com\/en-gb\/#\/schema\/logo\/image\/"}}]}},"_links":{"self":[{"href":"https:\/\/ad.kress.com\/fr-be\/wp-json\/wp\/v2\/product\/8101","targetHints":{"allow":["GET"]}}],"collection":[{"href":"https:\/\/ad.kress.com\/fr-be\/wp-json\/wp\/v2\/product"}],"about":[{"href":"https:\/\/ad.kress.com\/fr-be\/wp-json\/wp\/v2\/types\/product"}],"replies":[{"embeddable":true,"href":"https:\/\/ad.kress.com\/fr-be\/wp-json\/wp\/v2\/comments?post=8101"}],"wp:featuredmedia":[{"embeddable":true,"href":"https:\/\/ad.kress.com\/fr-be\/wp-json\/wp\/v2\/media\/11787"}],"wp:attachment":[{"href":"https:\/\/ad.kress.com\/fr-be\/wp-json\/wp\/v2\/media?parent=8101"}],"wp:term":[{"taxonomy":"product_brand","embeddable":true,"href":"https:\/\/ad.kress.com\/fr-be\/wp-json\/wp\/v2\/product_brand?post=8101"},{"taxonomy":"product_cat","embeddable":true,"href":"https:\/\/ad.kress.com\/fr-be\/wp-json\/wp\/v2\/product_cat?post=8101"},{"taxonomy":"product_tag","embeddable":true,"href":"https:\/\/ad.kress.com\/fr-be\/wp-json\/wp\/v2\/product_tag?post=8101"}],"curies":[{"name":"wp","href":"https:\/\/api.w.org\/{rel}","templated":true}]}}