{"id":6911,"date":"2025-04-04T07:57:49","date_gmt":"2025-04-04T07:57:49","guid":{"rendered":""},"modified":"2025-08-05T08:29:11","modified_gmt":"2025-08-05T08:29:11","slug":"tondeuse-a-neige-automotrice-kress-60-v-24-a-2-etages-kg470","status":"publish","type":"product","link":"https:\/\/ad.kress.com\/fr-be\/tondeuse-a-neige-automotrice-kress-60-v-24-a-2-etages-kg470\/","title":{"rendered":"Souffleuse \u00e0 neige 60 V"},"content":{"rendered":"<p>La fraise \u00e0 neige \u00e0 deux \u00e9tages KG470 de Kress est con\u00e7ue pour des performances \u00e9lev\u00e9es dans des conditions hivernales difficiles. Elle est capable de d\u00e9blayer jusqu&rsquo;\u00e0 8 pouces de neige sur une all\u00e9e de 21 voitures en une seule charge. Son syst\u00e8me d&rsquo;entra\u00eenement automoteur se d\u00e9place en douceur en marche avant et en marche arri\u00e8re, aliment\u00e9 par deux moteurs sans balais qui g\u00e8rent \u00e0 la fois le d\u00e9neigement et la propulsion avec facilit\u00e9. Des fonctions conviviales, telles que l&rsquo;utilisation d&rsquo;une seule main gr\u00e2ce \u00e0 un panneau de commande intuitif et une commande de la goulotte d&rsquo;\u00e9jection 2 en 1, vous permettent de diriger la neige avec pr\u00e9cision et efficacit\u00e9.<\/p>\n","protected":false},"excerpt":{"rendered":"<p>La fraise \u00e0 neige \u00e0 deux \u00e9tages KG470 de Kress est con\u00e7ue pour des performances \u00e9lev\u00e9es dans des conditions hivernales difficiles. Elle est capable de d\u00e9blayer jusqu&rsquo;\u00e0 8 pouces de neige sur une all\u00e9e de 21 voitures en une seule charge. Son syst\u00e8me d&rsquo;entra\u00eenement automoteur se d\u00e9place en douceur en marche avant et en marche&hellip; <a class=\"more-link\" href=\"https:\/\/ad.kress.com\/fr-be\/tondeuse-a-neige-automotrice-kress-60-v-24-a-2-etages-kg470\/\">Continue reading <span class=\"screen-reader-text\">Souffleuse \u00e0 neige 60 V<\/span><\/a><\/p>\n","protected":false},"featured_media":10784,"comment_status":"closed","ping_status":"closed","template":"","meta":[],"product_brand":[],"product_cat":[],"product_tag":[],"class_list":{"0":"post-6911","1":"product","2":"type-product","3":"status-publish","4":"has-post-thumbnail","6":"entry","8":"first","9":"instock","10":"shipping-taxable","11":"product-type-simple"},"yoast_head":"<!-- This site is optimized with the Yoast SEO plugin v24.3 - https:\/\/yoast.com\/wordpress\/plugins\/seo\/ -->\n<title>Souffleuse \u00e0 neige 60 V - Landing Kress<\/title>\n<meta name=\"robots\" content=\"index, follow, max-snippet:-1, max-image-preview:large, max-video-preview:-1\" \/>\n<link rel=\"canonical\" href=\"https:\/\/ad.kress.com\/en\/kress-60-v-24-2-stage-self-propelled-snow-mower-kg470\/\" \/>\n<meta property=\"og:locale\" content=\"fr_FR\" \/>\n<meta property=\"og:type\" content=\"article\" \/>\n<meta property=\"og:title\" content=\"Souffleuse \u00e0 neige 60 V - Landing Kress\" \/>\n<meta property=\"og:description\" content=\"La fraise \u00e0 neige \u00e0 deux \u00e9tages KG470 de Kress est con\u00e7ue pour des performances \u00e9lev\u00e9es dans des conditions hivernales difficiles. Elle est capable de d\u00e9blayer jusqu&rsquo;\u00e0 8 pouces de neige sur une all\u00e9e de 21 voitures en une seule charge. Son syst\u00e8me d&rsquo;entra\u00eenement automoteur se d\u00e9place en douceur en marche avant et en marche&hellip; Continue reading Souffleuse \u00e0 neige 60 V\" \/>\n<meta property=\"og:url\" content=\"https:\/\/ad.kress.com\/en\/kress-60-v-24-2-stage-self-propelled-snow-mower-kg470\/\" \/>\n<meta property=\"og:site_name\" content=\"Landing Kress\" \/>\n<meta property=\"article:modified_time\" content=\"2025-08-05T08:29:11+00:00\" \/>\n<meta property=\"og:image\" content=\"https:\/\/ad.kress.com\/wp-content\/uploads\/onpage\/op_image_e15b64602136e47de188e0157a51b2c3243c1e90.1980x.webp\" \/>\n\t<meta property=\"og:image:width\" content=\"1980\" \/>\n\t<meta property=\"og:image:height\" content=\"1980\" \/>\n\t<meta property=\"og:image:type\" content=\"image\/webp\" \/>\n<meta name=\"twitter:card\" content=\"summary_large_image\" \/>\n<meta name=\"twitter:label1\" content=\"Dur\u00e9e de lecture est.\" \/>\n\t<meta name=\"twitter:data1\" content=\"1 minute\" \/>\n<script type=\"application\/ld+json\" class=\"yoast-schema-graph\">{\"@context\":\"https:\/\/schema.org\",\"@graph\":[{\"@type\":\"WebPage\",\"@id\":\"https:\/\/ad.kress.com\/en\/kress-60-v-24-2-stage-self-propelled-snow-mower-kg470\/\",\"url\":\"https:\/\/ad.kress.com\/en\/kress-60-v-24-2-stage-self-propelled-snow-mower-kg470\/\",\"name\":\"Souffleuse \u00e0 neige 60 V - Landing Kress\",\"isPartOf\":{\"@id\":\"https:\/\/ad.kress.com\/en-gb\/#website\"},\"primaryImageOfPage\":{\"@id\":\"https:\/\/ad.kress.com\/en\/kress-60-v-24-2-stage-self-propelled-snow-mower-kg470\/#primaryimage\"},\"image\":{\"@id\":\"https:\/\/ad.kress.com\/en\/kress-60-v-24-2-stage-self-propelled-snow-mower-kg470\/#primaryimage\"},\"thumbnailUrl\":\"https:\/\/ad.kress.com\/wp-content\/uploads\/onpage\/op_image_e15b64602136e47de188e0157a51b2c3243c1e90.1980x.webp\",\"datePublished\":\"2025-04-04T07:57:49+00:00\",\"dateModified\":\"2025-08-05T08:29:11+00:00\",\"breadcrumb\":{\"@id\":\"https:\/\/ad.kress.com\/en\/kress-60-v-24-2-stage-self-propelled-snow-mower-kg470\/#breadcrumb\"},\"inLanguage\":\"fr-BE\",\"potentialAction\":[{\"@type\":\"ReadAction\",\"target\":[\"https:\/\/ad.kress.com\/en\/kress-60-v-24-2-stage-self-propelled-snow-mower-kg470\/\"]}]},{\"@type\":\"ImageObject\",\"inLanguage\":\"fr-BE\",\"@id\":\"https:\/\/ad.kress.com\/en\/kress-60-v-24-2-stage-self-propelled-snow-mower-kg470\/#primaryimage\",\"url\":\"https:\/\/ad.kress.com\/wp-content\/uploads\/onpage\/op_image_e15b64602136e47de188e0157a51b2c3243c1e90.1980x.webp\",\"contentUrl\":\"https:\/\/ad.kress.com\/wp-content\/uploads\/onpage\/op_image_e15b64602136e47de188e0157a51b2c3243c1e90.1980x.webp\",\"width\":1980,\"height\":1980},{\"@type\":\"BreadcrumbList\",\"@id\":\"https:\/\/ad.kress.com\/en\/kress-60-v-24-2-stage-self-propelled-snow-mower-kg470\/#breadcrumb\",\"itemListElement\":[{\"@type\":\"ListItem\",\"position\":1,\"name\":\"Home\",\"item\":\"https:\/\/ad.kress.com\/en-gb\/\"},{\"@type\":\"ListItem\",\"position\":2,\"name\":\"Tondeuse \u00e0 neige automotrice Kress 60 V 24&#8243; \u00e0 2 \u00e9tages\"}]},{\"@type\":\"WebSite\",\"@id\":\"https:\/\/ad.kress.com\/en-gb\/#website\",\"url\":\"https:\/\/ad.kress.com\/en-gb\/\",\"name\":\"Kress - Commercial outdoor power equipment\",\"description\":\"Kress\",\"publisher\":{\"@id\":\"https:\/\/ad.kress.com\/en-gb\/#organization\"},\"alternateName\":\"Kress\",\"potentialAction\":[{\"@type\":\"SearchAction\",\"target\":{\"@type\":\"EntryPoint\",\"urlTemplate\":\"https:\/\/ad.kress.com\/en-gb\/?s={search_term_string}\"},\"query-input\":{\"@type\":\"PropertyValueSpecification\",\"valueRequired\":true,\"valueName\":\"search_term_string\"}}],\"inLanguage\":\"fr-BE\"},{\"@type\":\"Organization\",\"@id\":\"https:\/\/ad.kress.com\/en-gb\/#organization\",\"name\":\"Commercial outdoor power equipment\",\"alternateName\":\"Kress\",\"url\":\"https:\/\/ad.kress.com\/en-gb\/\",\"logo\":{\"@type\":\"ImageObject\",\"inLanguage\":\"fr-BE\",\"@id\":\"https:\/\/ad.kress.com\/en-gb\/#\/schema\/logo\/image\/\",\"url\":\"https:\/\/ad.kress.com\/wp-content\/uploads\/2025\/01\/main-logo-kress.webp\",\"contentUrl\":\"https:\/\/ad.kress.com\/wp-content\/uploads\/2025\/01\/main-logo-kress.webp\",\"width\":1038,\"height\":245,\"caption\":\"Commercial outdoor power equipment\"},\"image\":{\"@id\":\"https:\/\/ad.kress.com\/en-gb\/#\/schema\/logo\/image\/\"}}]}<\/script>\n<!-- \/ Yoast SEO plugin. -->","yoast_head_json":{"title":"Souffleuse \u00e0 neige 60 V - Landing Kress","robots":{"index":"index","follow":"follow","max-snippet":"max-snippet:-1","max-image-preview":"max-image-preview:large","max-video-preview":"max-video-preview:-1"},"canonical":"https:\/\/ad.kress.com\/en\/kress-60-v-24-2-stage-self-propelled-snow-mower-kg470\/","og_locale":"fr_FR","og_type":"article","og_title":"Souffleuse \u00e0 neige 60 V - Landing Kress","og_description":"La fraise \u00e0 neige \u00e0 deux \u00e9tages KG470 de Kress est con\u00e7ue pour des performances \u00e9lev\u00e9es dans des conditions hivernales difficiles. Elle est capable de d\u00e9blayer jusqu&rsquo;\u00e0 8 pouces de neige sur une all\u00e9e de 21 voitures en une seule charge. Son syst\u00e8me d&rsquo;entra\u00eenement automoteur se d\u00e9place en douceur en marche avant et en marche&hellip; Continue reading Souffleuse \u00e0 neige 60 V","og_url":"https:\/\/ad.kress.com\/en\/kress-60-v-24-2-stage-self-propelled-snow-mower-kg470\/","og_site_name":"Landing Kress","article_modified_time":"2025-08-05T08:29:11+00:00","og_image":[{"width":1980,"height":1980,"url":"https:\/\/ad.kress.com\/wp-content\/uploads\/onpage\/op_image_e15b64602136e47de188e0157a51b2c3243c1e90.1980x.webp","type":"image\/webp"}],"twitter_card":"summary_large_image","twitter_misc":{"Dur\u00e9e de lecture est.":"1 minute"},"schema":{"@context":"https:\/\/schema.org","@graph":[{"@type":"WebPage","@id":"https:\/\/ad.kress.com\/en\/kress-60-v-24-2-stage-self-propelled-snow-mower-kg470\/","url":"https:\/\/ad.kress.com\/en\/kress-60-v-24-2-stage-self-propelled-snow-mower-kg470\/","name":"Souffleuse \u00e0 neige 60 V - Landing Kress","isPartOf":{"@id":"https:\/\/ad.kress.com\/en-gb\/#website"},"primaryImageOfPage":{"@id":"https:\/\/ad.kress.com\/en\/kress-60-v-24-2-stage-self-propelled-snow-mower-kg470\/#primaryimage"},"image":{"@id":"https:\/\/ad.kress.com\/en\/kress-60-v-24-2-stage-self-propelled-snow-mower-kg470\/#primaryimage"},"thumbnailUrl":"https:\/\/ad.kress.com\/wp-content\/uploads\/onpage\/op_image_e15b64602136e47de188e0157a51b2c3243c1e90.1980x.webp","datePublished":"2025-04-04T07:57:49+00:00","dateModified":"2025-08-05T08:29:11+00:00","breadcrumb":{"@id":"https:\/\/ad.kress.com\/en\/kress-60-v-24-2-stage-self-propelled-snow-mower-kg470\/#breadcrumb"},"inLanguage":"fr-BE","potentialAction":[{"@type":"ReadAction","target":["https:\/\/ad.kress.com\/en\/kress-60-v-24-2-stage-self-propelled-snow-mower-kg470\/"]}]},{"@type":"ImageObject","inLanguage":"fr-BE","@id":"https:\/\/ad.kress.com\/en\/kress-60-v-24-2-stage-self-propelled-snow-mower-kg470\/#primaryimage","url":"https:\/\/ad.kress.com\/wp-content\/uploads\/onpage\/op_image_e15b64602136e47de188e0157a51b2c3243c1e90.1980x.webp","contentUrl":"https:\/\/ad.kress.com\/wp-content\/uploads\/onpage\/op_image_e15b64602136e47de188e0157a51b2c3243c1e90.1980x.webp","width":1980,"height":1980},{"@type":"BreadcrumbList","@id":"https:\/\/ad.kress.com\/en\/kress-60-v-24-2-stage-self-propelled-snow-mower-kg470\/#breadcrumb","itemListElement":[{"@type":"ListItem","position":1,"name":"Home","item":"https:\/\/ad.kress.com\/en-gb\/"},{"@type":"ListItem","position":2,"name":"Tondeuse \u00e0 neige automotrice Kress 60 V 24&#8243; \u00e0 2 \u00e9tages"}]},{"@type":"WebSite","@id":"https:\/\/ad.kress.com\/en-gb\/#website","url":"https:\/\/ad.kress.com\/en-gb\/","name":"Kress - Commercial outdoor power equipment","description":"Kress","publisher":{"@id":"https:\/\/ad.kress.com\/en-gb\/#organization"},"alternateName":"Kress","potentialAction":[{"@type":"SearchAction","target":{"@type":"EntryPoint","urlTemplate":"https:\/\/ad.kress.com\/en-gb\/?s={search_term_string}"},"query-input":{"@type":"PropertyValueSpecification","valueRequired":true,"valueName":"search_term_string"}}],"inLanguage":"fr-BE"},{"@type":"Organization","@id":"https:\/\/ad.kress.com\/en-gb\/#organization","name":"Commercial outdoor power equipment","alternateName":"Kress","url":"https:\/\/ad.kress.com\/en-gb\/","logo":{"@type":"ImageObject","inLanguage":"fr-BE","@id":"https:\/\/ad.kress.com\/en-gb\/#\/schema\/logo\/image\/","url":"https:\/\/ad.kress.com\/wp-content\/uploads\/2025\/01\/main-logo-kress.webp","contentUrl":"https:\/\/ad.kress.com\/wp-content\/uploads\/2025\/01\/main-logo-kress.webp","width":1038,"height":245,"caption":"Commercial outdoor power equipment"},"image":{"@id":"https:\/\/ad.kress.com\/en-gb\/#\/schema\/logo\/image\/"}}]}},"_links":{"self":[{"href":"https:\/\/ad.kress.com\/fr-be\/wp-json\/wp\/v2\/product\/6911","targetHints":{"allow":["GET"]}}],"collection":[{"href":"https:\/\/ad.kress.com\/fr-be\/wp-json\/wp\/v2\/product"}],"about":[{"href":"https:\/\/ad.kress.com\/fr-be\/wp-json\/wp\/v2\/types\/product"}],"replies":[{"embeddable":true,"href":"https:\/\/ad.kress.com\/fr-be\/wp-json\/wp\/v2\/comments?post=6911"}],"wp:featuredmedia":[{"embeddable":true,"href":"https:\/\/ad.kress.com\/fr-be\/wp-json\/wp\/v2\/media\/10784"}],"wp:attachment":[{"href":"https:\/\/ad.kress.com\/fr-be\/wp-json\/wp\/v2\/media?parent=6911"}],"wp:term":[{"taxonomy":"product_brand","embeddable":true,"href":"https:\/\/ad.kress.com\/fr-be\/wp-json\/wp\/v2\/product_brand?post=6911"},{"taxonomy":"product_cat","embeddable":true,"href":"https:\/\/ad.kress.com\/fr-be\/wp-json\/wp\/v2\/product_cat?post=6911"},{"taxonomy":"product_tag","embeddable":true,"href":"https:\/\/ad.kress.com\/fr-be\/wp-json\/wp\/v2\/product_tag?post=6911"}],"curies":[{"name":"wp","href":"https:\/\/api.w.org\/{rel}","templated":true}]}}