{"id":5941,"date":"2025-04-04T07:57:38","date_gmt":"2025-04-04T07:57:38","guid":{"rendered":""},"modified":"2025-08-05T08:29:11","modified_gmt":"2025-08-05T08:29:11","slug":"systeme-de-gestion-de-lalimentation-en-courant-alternatif-de-kress-commercial-kac859e","status":"publish","type":"product","link":"https:\/\/ad.kress.com\/fr-be\/systeme-de-gestion-de-lalimentation-en-courant-alternatif-de-kress-commercial-kac859e\/","title":{"rendered":"Syst\u00e8me de gestion de l&rsquo;alimentation en courant alternatif de Kress Commercial"},"content":{"rendered":"<p>Le syst\u00e8me de gestion de l&rsquo;alimentation AC est une solution de charge compl\u00e8te, permettant de connecter tous les \u00e9quipements \u00e0 une seule prise. Il comprend des programmes de charge automatis\u00e9s, des protections contre la surcharge des fils et les courts-circuits, ainsi que des capacit\u00e9s IoT pour des mises \u00e0 jour d&rsquo;\u00e9tat en temps r\u00e9el via l&rsquo;application Kress Commercial App.<\/p>\n","protected":false},"excerpt":{"rendered":"<p>Le syst\u00e8me de gestion de l&rsquo;alimentation AC est une solution de charge compl\u00e8te, permettant de connecter tous les \u00e9quipements \u00e0 une seule prise. Il comprend des programmes de charge automatis\u00e9s, des protections contre la surcharge des fils et les courts-circuits, ainsi que des capacit\u00e9s IoT pour des mises \u00e0 jour d&rsquo;\u00e9tat en temps r\u00e9el via&hellip; <a class=\"more-link\" href=\"https:\/\/ad.kress.com\/fr-be\/systeme-de-gestion-de-lalimentation-en-courant-alternatif-de-kress-commercial-kac859e\/\">Continue reading <span class=\"screen-reader-text\">Syst\u00e8me de gestion de l&rsquo;alimentation en courant alternatif de Kress Commercial<\/span><\/a><\/p>\n","protected":false},"featured_media":0,"comment_status":"closed","ping_status":"closed","template":"","meta":[],"product_brand":[],"product_cat":[],"product_tag":[],"class_list":{"0":"post-5941","1":"product","2":"type-product","3":"status-publish","5":"entry","7":"first","8":"instock","9":"shipping-taxable","10":"purchasable","11":"product-type-simple"},"yoast_head":"<!-- This site is optimized with the Yoast SEO plugin v24.3 - https:\/\/yoast.com\/wordpress\/plugins\/seo\/ -->\n<title>Syst\u00e8me de gestion de l&#039;alimentation en courant alternatif de Kress Commercial - Landing Kress<\/title>\n<meta name=\"robots\" content=\"index, follow, max-snippet:-1, max-image-preview:large, max-video-preview:-1\" \/>\n<link rel=\"canonical\" href=\"https:\/\/ad.kress.com\/en\/kress-commercial-ac-power-management-system-kac859e\/\" \/>\n<meta property=\"og:locale\" content=\"fr_FR\" \/>\n<meta property=\"og:type\" content=\"article\" \/>\n<meta property=\"og:title\" content=\"Syst\u00e8me de gestion de l&#039;alimentation en courant alternatif de Kress Commercial - Landing Kress\" \/>\n<meta property=\"og:description\" content=\"Le syst\u00e8me de gestion de l&rsquo;alimentation AC est une solution de charge compl\u00e8te, permettant de connecter tous les \u00e9quipements \u00e0 une seule prise. Il comprend des programmes de charge automatis\u00e9s, des protections contre la surcharge des fils et les courts-circuits, ainsi que des capacit\u00e9s IoT pour des mises \u00e0 jour d&rsquo;\u00e9tat en temps r\u00e9el via&hellip; Continue reading Syst\u00e8me de gestion de l&rsquo;alimentation en courant alternatif de Kress Commercial\" \/>\n<meta property=\"og:url\" content=\"https:\/\/ad.kress.com\/en\/kress-commercial-ac-power-management-system-kac859e\/\" \/>\n<meta property=\"og:site_name\" content=\"Landing Kress\" \/>\n<meta property=\"article:modified_time\" content=\"2025-08-05T08:29:11+00:00\" \/>\n<meta property=\"og:image\" content=\"https:\/\/ad.kress.com\/wp-content\/uploads\/2025\/01\/main-logo-kress.webp\" \/>\n\t<meta property=\"og:image:width\" content=\"1038\" \/>\n\t<meta property=\"og:image:height\" content=\"245\" \/>\n\t<meta property=\"og:image:type\" content=\"image\/webp\" \/>\n<meta name=\"twitter:card\" content=\"summary_large_image\" \/>\n<script type=\"application\/ld+json\" class=\"yoast-schema-graph\">{\"@context\":\"https:\/\/schema.org\",\"@graph\":[{\"@type\":\"WebPage\",\"@id\":\"https:\/\/ad.kress.com\/en\/kress-commercial-ac-power-management-system-kac859e\/\",\"url\":\"https:\/\/ad.kress.com\/en\/kress-commercial-ac-power-management-system-kac859e\/\",\"name\":\"Syst\u00e8me de gestion de l'alimentation en courant alternatif de Kress Commercial - Landing Kress\",\"isPartOf\":{\"@id\":\"https:\/\/ad.kress.com\/en-gb\/#website\"},\"datePublished\":\"2025-04-04T07:57:38+00:00\",\"dateModified\":\"2025-08-05T08:29:11+00:00\",\"breadcrumb\":{\"@id\":\"https:\/\/ad.kress.com\/en\/kress-commercial-ac-power-management-system-kac859e\/#breadcrumb\"},\"inLanguage\":\"fr-BE\",\"potentialAction\":[{\"@type\":\"ReadAction\",\"target\":[\"https:\/\/ad.kress.com\/en\/kress-commercial-ac-power-management-system-kac859e\/\"]}]},{\"@type\":\"BreadcrumbList\",\"@id\":\"https:\/\/ad.kress.com\/en\/kress-commercial-ac-power-management-system-kac859e\/#breadcrumb\",\"itemListElement\":[{\"@type\":\"ListItem\",\"position\":1,\"name\":\"Home\",\"item\":\"https:\/\/ad.kress.com\/en-gb\/\"},{\"@type\":\"ListItem\",\"position\":2,\"name\":\"Syst\u00e8me de gestion de l&#8217;alimentation en courant alternatif de Kress Commercial\"}]},{\"@type\":\"WebSite\",\"@id\":\"https:\/\/ad.kress.com\/en-gb\/#website\",\"url\":\"https:\/\/ad.kress.com\/en-gb\/\",\"name\":\"Kress - Commercial outdoor power equipment\",\"description\":\"Kress\",\"publisher\":{\"@id\":\"https:\/\/ad.kress.com\/en-gb\/#organization\"},\"alternateName\":\"Kress\",\"potentialAction\":[{\"@type\":\"SearchAction\",\"target\":{\"@type\":\"EntryPoint\",\"urlTemplate\":\"https:\/\/ad.kress.com\/en-gb\/?s={search_term_string}\"},\"query-input\":{\"@type\":\"PropertyValueSpecification\",\"valueRequired\":true,\"valueName\":\"search_term_string\"}}],\"inLanguage\":\"fr-BE\"},{\"@type\":\"Organization\",\"@id\":\"https:\/\/ad.kress.com\/en-gb\/#organization\",\"name\":\"Commercial outdoor power equipment\",\"alternateName\":\"Kress\",\"url\":\"https:\/\/ad.kress.com\/en-gb\/\",\"logo\":{\"@type\":\"ImageObject\",\"inLanguage\":\"fr-BE\",\"@id\":\"https:\/\/ad.kress.com\/en-gb\/#\/schema\/logo\/image\/\",\"url\":\"https:\/\/ad.kress.com\/wp-content\/uploads\/2025\/01\/main-logo-kress.webp\",\"contentUrl\":\"https:\/\/ad.kress.com\/wp-content\/uploads\/2025\/01\/main-logo-kress.webp\",\"width\":1038,\"height\":245,\"caption\":\"Commercial outdoor power equipment\"},\"image\":{\"@id\":\"https:\/\/ad.kress.com\/en-gb\/#\/schema\/logo\/image\/\"}}]}<\/script>\n<!-- \/ Yoast SEO plugin. -->","yoast_head_json":{"title":"Syst\u00e8me de gestion de l'alimentation en courant alternatif de Kress Commercial - Landing Kress","robots":{"index":"index","follow":"follow","max-snippet":"max-snippet:-1","max-image-preview":"max-image-preview:large","max-video-preview":"max-video-preview:-1"},"canonical":"https:\/\/ad.kress.com\/en\/kress-commercial-ac-power-management-system-kac859e\/","og_locale":"fr_FR","og_type":"article","og_title":"Syst\u00e8me de gestion de l'alimentation en courant alternatif de Kress Commercial - Landing Kress","og_description":"Le syst\u00e8me de gestion de l&rsquo;alimentation AC est une solution de charge compl\u00e8te, permettant de connecter tous les \u00e9quipements \u00e0 une seule prise. Il comprend des programmes de charge automatis\u00e9s, des protections contre la surcharge des fils et les courts-circuits, ainsi que des capacit\u00e9s IoT pour des mises \u00e0 jour d&rsquo;\u00e9tat en temps r\u00e9el via&hellip; Continue reading Syst\u00e8me de gestion de l&rsquo;alimentation en courant alternatif de Kress Commercial","og_url":"https:\/\/ad.kress.com\/en\/kress-commercial-ac-power-management-system-kac859e\/","og_site_name":"Landing Kress","article_modified_time":"2025-08-05T08:29:11+00:00","og_image":[{"width":1038,"height":245,"url":"https:\/\/ad.kress.com\/wp-content\/uploads\/2025\/01\/main-logo-kress.webp","type":"image\/webp"}],"twitter_card":"summary_large_image","schema":{"@context":"https:\/\/schema.org","@graph":[{"@type":"WebPage","@id":"https:\/\/ad.kress.com\/en\/kress-commercial-ac-power-management-system-kac859e\/","url":"https:\/\/ad.kress.com\/en\/kress-commercial-ac-power-management-system-kac859e\/","name":"Syst\u00e8me de gestion de l'alimentation en courant alternatif de Kress Commercial - Landing Kress","isPartOf":{"@id":"https:\/\/ad.kress.com\/en-gb\/#website"},"datePublished":"2025-04-04T07:57:38+00:00","dateModified":"2025-08-05T08:29:11+00:00","breadcrumb":{"@id":"https:\/\/ad.kress.com\/en\/kress-commercial-ac-power-management-system-kac859e\/#breadcrumb"},"inLanguage":"fr-BE","potentialAction":[{"@type":"ReadAction","target":["https:\/\/ad.kress.com\/en\/kress-commercial-ac-power-management-system-kac859e\/"]}]},{"@type":"BreadcrumbList","@id":"https:\/\/ad.kress.com\/en\/kress-commercial-ac-power-management-system-kac859e\/#breadcrumb","itemListElement":[{"@type":"ListItem","position":1,"name":"Home","item":"https:\/\/ad.kress.com\/en-gb\/"},{"@type":"ListItem","position":2,"name":"Syst\u00e8me de gestion de l&#8217;alimentation en courant alternatif de Kress Commercial"}]},{"@type":"WebSite","@id":"https:\/\/ad.kress.com\/en-gb\/#website","url":"https:\/\/ad.kress.com\/en-gb\/","name":"Kress - Commercial outdoor power equipment","description":"Kress","publisher":{"@id":"https:\/\/ad.kress.com\/en-gb\/#organization"},"alternateName":"Kress","potentialAction":[{"@type":"SearchAction","target":{"@type":"EntryPoint","urlTemplate":"https:\/\/ad.kress.com\/en-gb\/?s={search_term_string}"},"query-input":{"@type":"PropertyValueSpecification","valueRequired":true,"valueName":"search_term_string"}}],"inLanguage":"fr-BE"},{"@type":"Organization","@id":"https:\/\/ad.kress.com\/en-gb\/#organization","name":"Commercial outdoor power equipment","alternateName":"Kress","url":"https:\/\/ad.kress.com\/en-gb\/","logo":{"@type":"ImageObject","inLanguage":"fr-BE","@id":"https:\/\/ad.kress.com\/en-gb\/#\/schema\/logo\/image\/","url":"https:\/\/ad.kress.com\/wp-content\/uploads\/2025\/01\/main-logo-kress.webp","contentUrl":"https:\/\/ad.kress.com\/wp-content\/uploads\/2025\/01\/main-logo-kress.webp","width":1038,"height":245,"caption":"Commercial outdoor power equipment"},"image":{"@id":"https:\/\/ad.kress.com\/en-gb\/#\/schema\/logo\/image\/"}}]}},"_links":{"self":[{"href":"https:\/\/ad.kress.com\/fr-be\/wp-json\/wp\/v2\/product\/5941","targetHints":{"allow":["GET"]}}],"collection":[{"href":"https:\/\/ad.kress.com\/fr-be\/wp-json\/wp\/v2\/product"}],"about":[{"href":"https:\/\/ad.kress.com\/fr-be\/wp-json\/wp\/v2\/types\/product"}],"replies":[{"embeddable":true,"href":"https:\/\/ad.kress.com\/fr-be\/wp-json\/wp\/v2\/comments?post=5941"}],"wp:attachment":[{"href":"https:\/\/ad.kress.com\/fr-be\/wp-json\/wp\/v2\/media?parent=5941"}],"wp:term":[{"taxonomy":"product_brand","embeddable":true,"href":"https:\/\/ad.kress.com\/fr-be\/wp-json\/wp\/v2\/product_brand?post=5941"},{"taxonomy":"product_cat","embeddable":true,"href":"https:\/\/ad.kress.com\/fr-be\/wp-json\/wp\/v2\/product_cat?post=5941"},{"taxonomy":"product_tag","embeddable":true,"href":"https:\/\/ad.kress.com\/fr-be\/wp-json\/wp\/v2\/product_tag?post=5941"}],"curies":[{"name":"wp","href":"https:\/\/api.w.org\/{rel}","templated":true}]}}