{"id":5791,"date":"2025-04-04T07:57:36","date_gmt":"2025-04-04T07:57:36","guid":{"rendered":""},"modified":"2025-08-05T08:29:11","modified_gmt":"2025-08-05T08:29:11","slug":"tondeuse-poussee-40-v-kg745-9","status":"publish","type":"product","link":"https:\/\/ad.kress.com\/fr-be\/tondeuse-poussee-40-v-kg745-9\/","title":{"rendered":"tondeuse \u00e0 gazon 40 V"},"content":{"rendered":"<p>La KG745.9 associe un moteur sans balai de 1,2 kW \u00e0 un ch\u00e2ssis l\u00e9ger de 13,95 kg pour une tonte agile et efficace. Un plateau de coupe de 37 cm et un sac de ramassage de 40 litres permettent de tondre rapidement les pelouses jusqu&rsquo;\u00e0 400 m\u00b2. Douce, silencieuse et con\u00e7ue pour des r\u00e9sultats propres, sans l&rsquo;encombrement.<\/p>\n","protected":false},"excerpt":{"rendered":"<p>La KG745.9 associe un moteur sans balai de 1,2 kW \u00e0 un ch\u00e2ssis l\u00e9ger de 13,95 kg pour une tonte agile et efficace. Un plateau de coupe de 37 cm et un sac de ramassage de 40 litres permettent de tondre rapidement les pelouses jusqu&rsquo;\u00e0 400 m\u00b2. Douce, silencieuse et con\u00e7ue pour des r\u00e9sultats propres,&hellip; <a class=\"more-link\" href=\"https:\/\/ad.kress.com\/fr-be\/tondeuse-poussee-40-v-kg745-9\/\">Continue reading <span class=\"screen-reader-text\">tondeuse \u00e0 gazon 40 V<\/span><\/a><\/p>\n","protected":false},"featured_media":9815,"comment_status":"closed","ping_status":"closed","template":"","meta":[],"product_brand":[],"product_cat":[],"product_tag":[],"class_list":{"0":"post-5791","1":"product","2":"type-product","3":"status-publish","4":"has-post-thumbnail","6":"entry","8":"first","9":"instock","10":"shipping-taxable","11":"purchasable","12":"product-type-simple"},"yoast_head":"<!-- This site is optimized with the Yoast SEO plugin v24.3 - https:\/\/yoast.com\/wordpress\/plugins\/seo\/ -->\n<title>tondeuse \u00e0 gazon 40 V - Landing Kress<\/title>\n<meta name=\"robots\" content=\"index, follow, max-snippet:-1, max-image-preview:large, max-video-preview:-1\" \/>\n<link rel=\"canonical\" href=\"https:\/\/ad.kress.com\/en\/40-v-push-mower-kg745-9\/\" \/>\n<meta property=\"og:locale\" content=\"fr_FR\" \/>\n<meta property=\"og:type\" content=\"article\" \/>\n<meta property=\"og:title\" content=\"tondeuse \u00e0 gazon 40 V - Landing Kress\" \/>\n<meta property=\"og:description\" content=\"La KG745.9 associe un moteur sans balai de 1,2 kW \u00e0 un ch\u00e2ssis l\u00e9ger de 13,95 kg pour une tonte agile et efficace. Un plateau de coupe de 37 cm et un sac de ramassage de 40 litres permettent de tondre rapidement les pelouses jusqu&rsquo;\u00e0 400 m\u00b2. Douce, silencieuse et con\u00e7ue pour des r\u00e9sultats propres,&hellip; Continue reading tondeuse \u00e0 gazon 40 V\" \/>\n<meta property=\"og:url\" content=\"https:\/\/ad.kress.com\/en\/40-v-push-mower-kg745-9\/\" \/>\n<meta property=\"og:site_name\" content=\"Landing Kress\" \/>\n<meta property=\"article:modified_time\" content=\"2025-08-05T08:29:11+00:00\" \/>\n<meta property=\"og:image\" content=\"https:\/\/ad.kress.com\/wp-content\/uploads\/onpage\/op_image_2bab57ab3d782a9a53d0bdfad21a68f7d4d1e535.1980x.webp\" \/>\n\t<meta property=\"og:image:width\" content=\"1980\" \/>\n\t<meta property=\"og:image:height\" content=\"1980\" \/>\n\t<meta property=\"og:image:type\" content=\"image\/webp\" \/>\n<meta name=\"twitter:card\" content=\"summary_large_image\" \/>\n<script type=\"application\/ld+json\" class=\"yoast-schema-graph\">{\"@context\":\"https:\/\/schema.org\",\"@graph\":[{\"@type\":\"WebPage\",\"@id\":\"https:\/\/ad.kress.com\/en\/40-v-push-mower-kg745-9\/\",\"url\":\"https:\/\/ad.kress.com\/en\/40-v-push-mower-kg745-9\/\",\"name\":\"tondeuse \u00e0 gazon 40 V - Landing Kress\",\"isPartOf\":{\"@id\":\"https:\/\/ad.kress.com\/en-gb\/#website\"},\"primaryImageOfPage\":{\"@id\":\"https:\/\/ad.kress.com\/en\/40-v-push-mower-kg745-9\/#primaryimage\"},\"image\":{\"@id\":\"https:\/\/ad.kress.com\/en\/40-v-push-mower-kg745-9\/#primaryimage\"},\"thumbnailUrl\":\"https:\/\/ad.kress.com\/wp-content\/uploads\/onpage\/op_image_2bab57ab3d782a9a53d0bdfad21a68f7d4d1e535.1980x.webp\",\"datePublished\":\"2025-04-04T07:57:36+00:00\",\"dateModified\":\"2025-08-05T08:29:11+00:00\",\"breadcrumb\":{\"@id\":\"https:\/\/ad.kress.com\/en\/40-v-push-mower-kg745-9\/#breadcrumb\"},\"inLanguage\":\"fr-BE\",\"potentialAction\":[{\"@type\":\"ReadAction\",\"target\":[\"https:\/\/ad.kress.com\/en\/40-v-push-mower-kg745-9\/\"]}]},{\"@type\":\"ImageObject\",\"inLanguage\":\"fr-BE\",\"@id\":\"https:\/\/ad.kress.com\/en\/40-v-push-mower-kg745-9\/#primaryimage\",\"url\":\"https:\/\/ad.kress.com\/wp-content\/uploads\/onpage\/op_image_2bab57ab3d782a9a53d0bdfad21a68f7d4d1e535.1980x.webp\",\"contentUrl\":\"https:\/\/ad.kress.com\/wp-content\/uploads\/onpage\/op_image_2bab57ab3d782a9a53d0bdfad21a68f7d4d1e535.1980x.webp\",\"width\":1980,\"height\":1980},{\"@type\":\"BreadcrumbList\",\"@id\":\"https:\/\/ad.kress.com\/en\/40-v-push-mower-kg745-9\/#breadcrumb\",\"itemListElement\":[{\"@type\":\"ListItem\",\"position\":1,\"name\":\"Home\",\"item\":\"https:\/\/ad.kress.com\/en-gb\/\"},{\"@type\":\"ListItem\",\"position\":2,\"name\":\"tondeuse pouss\u00e9e 40 V\"}]},{\"@type\":\"WebSite\",\"@id\":\"https:\/\/ad.kress.com\/en-gb\/#website\",\"url\":\"https:\/\/ad.kress.com\/en-gb\/\",\"name\":\"Kress - Commercial outdoor power equipment\",\"description\":\"Kress\",\"publisher\":{\"@id\":\"https:\/\/ad.kress.com\/en-gb\/#organization\"},\"alternateName\":\"Kress\",\"potentialAction\":[{\"@type\":\"SearchAction\",\"target\":{\"@type\":\"EntryPoint\",\"urlTemplate\":\"https:\/\/ad.kress.com\/en-gb\/?s={search_term_string}\"},\"query-input\":{\"@type\":\"PropertyValueSpecification\",\"valueRequired\":true,\"valueName\":\"search_term_string\"}}],\"inLanguage\":\"fr-BE\"},{\"@type\":\"Organization\",\"@id\":\"https:\/\/ad.kress.com\/en-gb\/#organization\",\"name\":\"Commercial outdoor power equipment\",\"alternateName\":\"Kress\",\"url\":\"https:\/\/ad.kress.com\/en-gb\/\",\"logo\":{\"@type\":\"ImageObject\",\"inLanguage\":\"fr-BE\",\"@id\":\"https:\/\/ad.kress.com\/en-gb\/#\/schema\/logo\/image\/\",\"url\":\"https:\/\/ad.kress.com\/wp-content\/uploads\/2025\/01\/main-logo-kress.webp\",\"contentUrl\":\"https:\/\/ad.kress.com\/wp-content\/uploads\/2025\/01\/main-logo-kress.webp\",\"width\":1038,\"height\":245,\"caption\":\"Commercial outdoor power equipment\"},\"image\":{\"@id\":\"https:\/\/ad.kress.com\/en-gb\/#\/schema\/logo\/image\/\"}}]}<\/script>\n<!-- \/ Yoast SEO plugin. -->","yoast_head_json":{"title":"tondeuse \u00e0 gazon 40 V - Landing Kress","robots":{"index":"index","follow":"follow","max-snippet":"max-snippet:-1","max-image-preview":"max-image-preview:large","max-video-preview":"max-video-preview:-1"},"canonical":"https:\/\/ad.kress.com\/en\/40-v-push-mower-kg745-9\/","og_locale":"fr_FR","og_type":"article","og_title":"tondeuse \u00e0 gazon 40 V - Landing Kress","og_description":"La KG745.9 associe un moteur sans balai de 1,2 kW \u00e0 un ch\u00e2ssis l\u00e9ger de 13,95 kg pour une tonte agile et efficace. Un plateau de coupe de 37 cm et un sac de ramassage de 40 litres permettent de tondre rapidement les pelouses jusqu&rsquo;\u00e0 400 m\u00b2. Douce, silencieuse et con\u00e7ue pour des r\u00e9sultats propres,&hellip; Continue reading tondeuse \u00e0 gazon 40 V","og_url":"https:\/\/ad.kress.com\/en\/40-v-push-mower-kg745-9\/","og_site_name":"Landing Kress","article_modified_time":"2025-08-05T08:29:11+00:00","og_image":[{"width":1980,"height":1980,"url":"https:\/\/ad.kress.com\/wp-content\/uploads\/onpage\/op_image_2bab57ab3d782a9a53d0bdfad21a68f7d4d1e535.1980x.webp","type":"image\/webp"}],"twitter_card":"summary_large_image","schema":{"@context":"https:\/\/schema.org","@graph":[{"@type":"WebPage","@id":"https:\/\/ad.kress.com\/en\/40-v-push-mower-kg745-9\/","url":"https:\/\/ad.kress.com\/en\/40-v-push-mower-kg745-9\/","name":"tondeuse \u00e0 gazon 40 V - Landing Kress","isPartOf":{"@id":"https:\/\/ad.kress.com\/en-gb\/#website"},"primaryImageOfPage":{"@id":"https:\/\/ad.kress.com\/en\/40-v-push-mower-kg745-9\/#primaryimage"},"image":{"@id":"https:\/\/ad.kress.com\/en\/40-v-push-mower-kg745-9\/#primaryimage"},"thumbnailUrl":"https:\/\/ad.kress.com\/wp-content\/uploads\/onpage\/op_image_2bab57ab3d782a9a53d0bdfad21a68f7d4d1e535.1980x.webp","datePublished":"2025-04-04T07:57:36+00:00","dateModified":"2025-08-05T08:29:11+00:00","breadcrumb":{"@id":"https:\/\/ad.kress.com\/en\/40-v-push-mower-kg745-9\/#breadcrumb"},"inLanguage":"fr-BE","potentialAction":[{"@type":"ReadAction","target":["https:\/\/ad.kress.com\/en\/40-v-push-mower-kg745-9\/"]}]},{"@type":"ImageObject","inLanguage":"fr-BE","@id":"https:\/\/ad.kress.com\/en\/40-v-push-mower-kg745-9\/#primaryimage","url":"https:\/\/ad.kress.com\/wp-content\/uploads\/onpage\/op_image_2bab57ab3d782a9a53d0bdfad21a68f7d4d1e535.1980x.webp","contentUrl":"https:\/\/ad.kress.com\/wp-content\/uploads\/onpage\/op_image_2bab57ab3d782a9a53d0bdfad21a68f7d4d1e535.1980x.webp","width":1980,"height":1980},{"@type":"BreadcrumbList","@id":"https:\/\/ad.kress.com\/en\/40-v-push-mower-kg745-9\/#breadcrumb","itemListElement":[{"@type":"ListItem","position":1,"name":"Home","item":"https:\/\/ad.kress.com\/en-gb\/"},{"@type":"ListItem","position":2,"name":"tondeuse pouss\u00e9e 40 V"}]},{"@type":"WebSite","@id":"https:\/\/ad.kress.com\/en-gb\/#website","url":"https:\/\/ad.kress.com\/en-gb\/","name":"Kress - Commercial outdoor power equipment","description":"Kress","publisher":{"@id":"https:\/\/ad.kress.com\/en-gb\/#organization"},"alternateName":"Kress","potentialAction":[{"@type":"SearchAction","target":{"@type":"EntryPoint","urlTemplate":"https:\/\/ad.kress.com\/en-gb\/?s={search_term_string}"},"query-input":{"@type":"PropertyValueSpecification","valueRequired":true,"valueName":"search_term_string"}}],"inLanguage":"fr-BE"},{"@type":"Organization","@id":"https:\/\/ad.kress.com\/en-gb\/#organization","name":"Commercial outdoor power equipment","alternateName":"Kress","url":"https:\/\/ad.kress.com\/en-gb\/","logo":{"@type":"ImageObject","inLanguage":"fr-BE","@id":"https:\/\/ad.kress.com\/en-gb\/#\/schema\/logo\/image\/","url":"https:\/\/ad.kress.com\/wp-content\/uploads\/2025\/01\/main-logo-kress.webp","contentUrl":"https:\/\/ad.kress.com\/wp-content\/uploads\/2025\/01\/main-logo-kress.webp","width":1038,"height":245,"caption":"Commercial outdoor power equipment"},"image":{"@id":"https:\/\/ad.kress.com\/en-gb\/#\/schema\/logo\/image\/"}}]}},"_links":{"self":[{"href":"https:\/\/ad.kress.com\/fr-be\/wp-json\/wp\/v2\/product\/5791","targetHints":{"allow":["GET"]}}],"collection":[{"href":"https:\/\/ad.kress.com\/fr-be\/wp-json\/wp\/v2\/product"}],"about":[{"href":"https:\/\/ad.kress.com\/fr-be\/wp-json\/wp\/v2\/types\/product"}],"replies":[{"embeddable":true,"href":"https:\/\/ad.kress.com\/fr-be\/wp-json\/wp\/v2\/comments?post=5791"}],"wp:featuredmedia":[{"embeddable":true,"href":"https:\/\/ad.kress.com\/fr-be\/wp-json\/wp\/v2\/media\/9815"}],"wp:attachment":[{"href":"https:\/\/ad.kress.com\/fr-be\/wp-json\/wp\/v2\/media?parent=5791"}],"wp:term":[{"taxonomy":"product_brand","embeddable":true,"href":"https:\/\/ad.kress.com\/fr-be\/wp-json\/wp\/v2\/product_brand?post=5791"},{"taxonomy":"product_cat","embeddable":true,"href":"https:\/\/ad.kress.com\/fr-be\/wp-json\/wp\/v2\/product_cat?post=5791"},{"taxonomy":"product_tag","embeddable":true,"href":"https:\/\/ad.kress.com\/fr-be\/wp-json\/wp\/v2\/product_tag?post=5791"}],"curies":[{"name":"wp","href":"https:\/\/api.w.org\/{rel}","templated":true}]}}