{"id":4541,"date":"2025-04-04T07:57:23","date_gmt":"2025-04-04T07:57:23","guid":{"rendered":""},"modified":"2025-08-05T08:29:11","modified_gmt":"2025-08-05T08:29:11","slug":"debroussailleuse-kress-40-v-15-sans-balais-kg154","status":"publish","type":"product","link":"https:\/\/ad.kress.com\/fr-be\/debroussailleuse-kress-40-v-15-sans-balais-kg154\/","title":{"rendered":"d\u00e9broussailleuse 40 V"},"content":{"rendered":"<p>Le coupe-bordures Kress 40 V \u00e0 batterie offre la puissance maximale requise pour l&rsquo;\u00e9lagage et le d\u00e9broussaillage. Fonctionnement fiable sans m\u00e9lange de carburant, sans cordon de d\u00e9marrage, sans starter et sans entretien du moteur. Des performances \u00e9lev\u00e9es sans bruit, sans complexit\u00e9 et sans thermique d&rsquo;\u00e9chappement.<\/p>\n","protected":false},"excerpt":{"rendered":"<p>Le coupe-bordures Kress 40 V \u00e0 batterie offre la puissance maximale requise pour l&rsquo;\u00e9lagage et le d\u00e9broussaillage. Fonctionnement fiable sans m\u00e9lange de carburant, sans cordon de d\u00e9marrage, sans starter et sans entretien du moteur. Des performances \u00e9lev\u00e9es sans bruit, sans complexit\u00e9 et sans thermique d&rsquo;\u00e9chappement.<\/p>\n","protected":false},"featured_media":9458,"comment_status":"closed","ping_status":"closed","template":"","meta":[],"product_brand":[],"product_cat":[],"product_tag":[],"class_list":{"0":"post-4541","1":"product","2":"type-product","3":"status-publish","4":"has-post-thumbnail","6":"entry","8":"first","9":"instock","10":"shipping-taxable","11":"product-type-simple"},"yoast_head":"<!-- This site is optimized with the Yoast SEO plugin v24.3 - https:\/\/yoast.com\/wordpress\/plugins\/seo\/ -->\n<title>d\u00e9broussailleuse 40 V - Landing Kress<\/title>\n<meta name=\"robots\" content=\"index, follow, max-snippet:-1, max-image-preview:large, max-video-preview:-1\" \/>\n<link rel=\"canonical\" href=\"https:\/\/ad.kress.com\/en\/kress-40-v-15-brushless-line-trimmer-kg154\/\" \/>\n<meta property=\"og:locale\" content=\"fr_FR\" \/>\n<meta property=\"og:type\" content=\"article\" \/>\n<meta property=\"og:title\" content=\"d\u00e9broussailleuse 40 V - Landing Kress\" \/>\n<meta property=\"og:description\" content=\"Le coupe-bordures Kress 40 V \u00e0 batterie offre la puissance maximale requise pour l&rsquo;\u00e9lagage et le d\u00e9broussaillage. Fonctionnement fiable sans m\u00e9lange de carburant, sans cordon de d\u00e9marrage, sans starter et sans entretien du moteur. Des performances \u00e9lev\u00e9es sans bruit, sans complexit\u00e9 et sans thermique d&rsquo;\u00e9chappement.\" \/>\n<meta property=\"og:url\" content=\"https:\/\/ad.kress.com\/en\/kress-40-v-15-brushless-line-trimmer-kg154\/\" \/>\n<meta property=\"og:site_name\" content=\"Landing Kress\" \/>\n<meta property=\"article:modified_time\" content=\"2025-08-05T08:29:11+00:00\" \/>\n<meta property=\"og:image\" content=\"https:\/\/ad.kress.com\/wp-content\/uploads\/onpage\/op_image_f40e1e14f5c7fd7ea5a4404ddb3fa9f7966288d4.1980x.webp\" \/>\n\t<meta property=\"og:image:width\" content=\"1980\" \/>\n\t<meta property=\"og:image:height\" content=\"1980\" \/>\n\t<meta property=\"og:image:type\" content=\"image\/webp\" \/>\n<meta name=\"twitter:card\" content=\"summary_large_image\" \/>\n<script type=\"application\/ld+json\" class=\"yoast-schema-graph\">{\"@context\":\"https:\/\/schema.org\",\"@graph\":[{\"@type\":\"WebPage\",\"@id\":\"https:\/\/ad.kress.com\/en\/kress-40-v-15-brushless-line-trimmer-kg154\/\",\"url\":\"https:\/\/ad.kress.com\/en\/kress-40-v-15-brushless-line-trimmer-kg154\/\",\"name\":\"d\u00e9broussailleuse 40 V - Landing Kress\",\"isPartOf\":{\"@id\":\"https:\/\/ad.kress.com\/en-gb\/#website\"},\"primaryImageOfPage\":{\"@id\":\"https:\/\/ad.kress.com\/en\/kress-40-v-15-brushless-line-trimmer-kg154\/#primaryimage\"},\"image\":{\"@id\":\"https:\/\/ad.kress.com\/en\/kress-40-v-15-brushless-line-trimmer-kg154\/#primaryimage\"},\"thumbnailUrl\":\"https:\/\/ad.kress.com\/wp-content\/uploads\/onpage\/op_image_f40e1e14f5c7fd7ea5a4404ddb3fa9f7966288d4.1980x.webp\",\"datePublished\":\"2025-04-04T07:57:23+00:00\",\"dateModified\":\"2025-08-05T08:29:11+00:00\",\"breadcrumb\":{\"@id\":\"https:\/\/ad.kress.com\/en\/kress-40-v-15-brushless-line-trimmer-kg154\/#breadcrumb\"},\"inLanguage\":\"fr-BE\",\"potentialAction\":[{\"@type\":\"ReadAction\",\"target\":[\"https:\/\/ad.kress.com\/en\/kress-40-v-15-brushless-line-trimmer-kg154\/\"]}]},{\"@type\":\"ImageObject\",\"inLanguage\":\"fr-BE\",\"@id\":\"https:\/\/ad.kress.com\/en\/kress-40-v-15-brushless-line-trimmer-kg154\/#primaryimage\",\"url\":\"https:\/\/ad.kress.com\/wp-content\/uploads\/onpage\/op_image_f40e1e14f5c7fd7ea5a4404ddb3fa9f7966288d4.1980x.webp\",\"contentUrl\":\"https:\/\/ad.kress.com\/wp-content\/uploads\/onpage\/op_image_f40e1e14f5c7fd7ea5a4404ddb3fa9f7966288d4.1980x.webp\",\"width\":1980,\"height\":1980},{\"@type\":\"BreadcrumbList\",\"@id\":\"https:\/\/ad.kress.com\/en\/kress-40-v-15-brushless-line-trimmer-kg154\/#breadcrumb\",\"itemListElement\":[{\"@type\":\"ListItem\",\"position\":1,\"name\":\"Home\",\"item\":\"https:\/\/ad.kress.com\/en-gb\/\"},{\"@type\":\"ListItem\",\"position\":2,\"name\":\"D\u00e9broussailleuse Kress 40 V 15&#8243; sans balais\"}]},{\"@type\":\"WebSite\",\"@id\":\"https:\/\/ad.kress.com\/en-gb\/#website\",\"url\":\"https:\/\/ad.kress.com\/en-gb\/\",\"name\":\"Kress - Commercial outdoor power equipment\",\"description\":\"Kress\",\"publisher\":{\"@id\":\"https:\/\/ad.kress.com\/en-gb\/#organization\"},\"alternateName\":\"Kress\",\"potentialAction\":[{\"@type\":\"SearchAction\",\"target\":{\"@type\":\"EntryPoint\",\"urlTemplate\":\"https:\/\/ad.kress.com\/en-gb\/?s={search_term_string}\"},\"query-input\":{\"@type\":\"PropertyValueSpecification\",\"valueRequired\":true,\"valueName\":\"search_term_string\"}}],\"inLanguage\":\"fr-BE\"},{\"@type\":\"Organization\",\"@id\":\"https:\/\/ad.kress.com\/en-gb\/#organization\",\"name\":\"Commercial outdoor power equipment\",\"alternateName\":\"Kress\",\"url\":\"https:\/\/ad.kress.com\/en-gb\/\",\"logo\":{\"@type\":\"ImageObject\",\"inLanguage\":\"fr-BE\",\"@id\":\"https:\/\/ad.kress.com\/en-gb\/#\/schema\/logo\/image\/\",\"url\":\"https:\/\/ad.kress.com\/wp-content\/uploads\/2025\/01\/main-logo-kress.webp\",\"contentUrl\":\"https:\/\/ad.kress.com\/wp-content\/uploads\/2025\/01\/main-logo-kress.webp\",\"width\":1038,\"height\":245,\"caption\":\"Commercial outdoor power equipment\"},\"image\":{\"@id\":\"https:\/\/ad.kress.com\/en-gb\/#\/schema\/logo\/image\/\"}}]}<\/script>\n<!-- \/ Yoast SEO plugin. -->","yoast_head_json":{"title":"d\u00e9broussailleuse 40 V - Landing Kress","robots":{"index":"index","follow":"follow","max-snippet":"max-snippet:-1","max-image-preview":"max-image-preview:large","max-video-preview":"max-video-preview:-1"},"canonical":"https:\/\/ad.kress.com\/en\/kress-40-v-15-brushless-line-trimmer-kg154\/","og_locale":"fr_FR","og_type":"article","og_title":"d\u00e9broussailleuse 40 V - Landing Kress","og_description":"Le coupe-bordures Kress 40 V \u00e0 batterie offre la puissance maximale requise pour l&rsquo;\u00e9lagage et le d\u00e9broussaillage. Fonctionnement fiable sans m\u00e9lange de carburant, sans cordon de d\u00e9marrage, sans starter et sans entretien du moteur. Des performances \u00e9lev\u00e9es sans bruit, sans complexit\u00e9 et sans thermique d&rsquo;\u00e9chappement.","og_url":"https:\/\/ad.kress.com\/en\/kress-40-v-15-brushless-line-trimmer-kg154\/","og_site_name":"Landing Kress","article_modified_time":"2025-08-05T08:29:11+00:00","og_image":[{"width":1980,"height":1980,"url":"https:\/\/ad.kress.com\/wp-content\/uploads\/onpage\/op_image_f40e1e14f5c7fd7ea5a4404ddb3fa9f7966288d4.1980x.webp","type":"image\/webp"}],"twitter_card":"summary_large_image","schema":{"@context":"https:\/\/schema.org","@graph":[{"@type":"WebPage","@id":"https:\/\/ad.kress.com\/en\/kress-40-v-15-brushless-line-trimmer-kg154\/","url":"https:\/\/ad.kress.com\/en\/kress-40-v-15-brushless-line-trimmer-kg154\/","name":"d\u00e9broussailleuse 40 V - Landing Kress","isPartOf":{"@id":"https:\/\/ad.kress.com\/en-gb\/#website"},"primaryImageOfPage":{"@id":"https:\/\/ad.kress.com\/en\/kress-40-v-15-brushless-line-trimmer-kg154\/#primaryimage"},"image":{"@id":"https:\/\/ad.kress.com\/en\/kress-40-v-15-brushless-line-trimmer-kg154\/#primaryimage"},"thumbnailUrl":"https:\/\/ad.kress.com\/wp-content\/uploads\/onpage\/op_image_f40e1e14f5c7fd7ea5a4404ddb3fa9f7966288d4.1980x.webp","datePublished":"2025-04-04T07:57:23+00:00","dateModified":"2025-08-05T08:29:11+00:00","breadcrumb":{"@id":"https:\/\/ad.kress.com\/en\/kress-40-v-15-brushless-line-trimmer-kg154\/#breadcrumb"},"inLanguage":"fr-BE","potentialAction":[{"@type":"ReadAction","target":["https:\/\/ad.kress.com\/en\/kress-40-v-15-brushless-line-trimmer-kg154\/"]}]},{"@type":"ImageObject","inLanguage":"fr-BE","@id":"https:\/\/ad.kress.com\/en\/kress-40-v-15-brushless-line-trimmer-kg154\/#primaryimage","url":"https:\/\/ad.kress.com\/wp-content\/uploads\/onpage\/op_image_f40e1e14f5c7fd7ea5a4404ddb3fa9f7966288d4.1980x.webp","contentUrl":"https:\/\/ad.kress.com\/wp-content\/uploads\/onpage\/op_image_f40e1e14f5c7fd7ea5a4404ddb3fa9f7966288d4.1980x.webp","width":1980,"height":1980},{"@type":"BreadcrumbList","@id":"https:\/\/ad.kress.com\/en\/kress-40-v-15-brushless-line-trimmer-kg154\/#breadcrumb","itemListElement":[{"@type":"ListItem","position":1,"name":"Home","item":"https:\/\/ad.kress.com\/en-gb\/"},{"@type":"ListItem","position":2,"name":"D\u00e9broussailleuse Kress 40 V 15&#8243; sans balais"}]},{"@type":"WebSite","@id":"https:\/\/ad.kress.com\/en-gb\/#website","url":"https:\/\/ad.kress.com\/en-gb\/","name":"Kress - Commercial outdoor power equipment","description":"Kress","publisher":{"@id":"https:\/\/ad.kress.com\/en-gb\/#organization"},"alternateName":"Kress","potentialAction":[{"@type":"SearchAction","target":{"@type":"EntryPoint","urlTemplate":"https:\/\/ad.kress.com\/en-gb\/?s={search_term_string}"},"query-input":{"@type":"PropertyValueSpecification","valueRequired":true,"valueName":"search_term_string"}}],"inLanguage":"fr-BE"},{"@type":"Organization","@id":"https:\/\/ad.kress.com\/en-gb\/#organization","name":"Commercial outdoor power equipment","alternateName":"Kress","url":"https:\/\/ad.kress.com\/en-gb\/","logo":{"@type":"ImageObject","inLanguage":"fr-BE","@id":"https:\/\/ad.kress.com\/en-gb\/#\/schema\/logo\/image\/","url":"https:\/\/ad.kress.com\/wp-content\/uploads\/2025\/01\/main-logo-kress.webp","contentUrl":"https:\/\/ad.kress.com\/wp-content\/uploads\/2025\/01\/main-logo-kress.webp","width":1038,"height":245,"caption":"Commercial outdoor power equipment"},"image":{"@id":"https:\/\/ad.kress.com\/en-gb\/#\/schema\/logo\/image\/"}}]}},"_links":{"self":[{"href":"https:\/\/ad.kress.com\/fr-be\/wp-json\/wp\/v2\/product\/4541","targetHints":{"allow":["GET"]}}],"collection":[{"href":"https:\/\/ad.kress.com\/fr-be\/wp-json\/wp\/v2\/product"}],"about":[{"href":"https:\/\/ad.kress.com\/fr-be\/wp-json\/wp\/v2\/types\/product"}],"replies":[{"embeddable":true,"href":"https:\/\/ad.kress.com\/fr-be\/wp-json\/wp\/v2\/comments?post=4541"}],"wp:featuredmedia":[{"embeddable":true,"href":"https:\/\/ad.kress.com\/fr-be\/wp-json\/wp\/v2\/media\/9458"}],"wp:attachment":[{"href":"https:\/\/ad.kress.com\/fr-be\/wp-json\/wp\/v2\/media?parent=4541"}],"wp:term":[{"taxonomy":"product_brand","embeddable":true,"href":"https:\/\/ad.kress.com\/fr-be\/wp-json\/wp\/v2\/product_brand?post=4541"},{"taxonomy":"product_cat","embeddable":true,"href":"https:\/\/ad.kress.com\/fr-be\/wp-json\/wp\/v2\/product_cat?post=4541"},{"taxonomy":"product_tag","embeddable":true,"href":"https:\/\/ad.kress.com\/fr-be\/wp-json\/wp\/v2\/product_tag?post=4541"}],"curies":[{"name":"wp","href":"https:\/\/api.w.org\/{rel}","templated":true}]}}