{"id":4531,"date":"2025-04-04T07:57:23","date_gmt":"2025-04-04T07:57:23","guid":{"rendered":""},"modified":"2025-08-05T08:29:11","modified_gmt":"2025-08-05T08:29:11","slug":"tronconneuse-kress-40v-35-cm-sans-balais-kg346","status":"publish","type":"product","link":"https:\/\/ad.kress.com\/fr-be\/tronconneuse-kress-40v-35-cm-sans-balais-kg346\/","title":{"rendered":"tron\u00e7onneuse 40 V"},"content":{"rendered":"<p>La tron\u00e7onneuse Kress 40 V offre des performances comparables \u00e0 celles d&rsquo;une tron\u00e7onneuse \u00e0 essence, sans l&rsquo;entretien. Elle coupe rapidement et proprement, avec un syst\u00e8me de tension de la cha\u00eene \u00e0 une touche pour un entretien facile et une lubrification automatique pour un fonctionnement fluide et ininterrompu. L\u00e9g\u00e8re et maniable, elle est id\u00e9ale pour tailler les arbres, d\u00e9gager les branches et entretenir parfaitement votre propri\u00e9t\u00e9.<\/p>\n","protected":false},"excerpt":{"rendered":"<p>La tron\u00e7onneuse Kress 40 V offre des performances comparables \u00e0 celles d&rsquo;une tron\u00e7onneuse \u00e0 essence, sans l&rsquo;entretien. Elle coupe rapidement et proprement, avec un syst\u00e8me de tension de la cha\u00eene \u00e0 une touche pour un entretien facile et une lubrification automatique pour un fonctionnement fluide et ininterrompu. L\u00e9g\u00e8re et maniable, elle est id\u00e9ale pour tailler&hellip; <a class=\"more-link\" href=\"https:\/\/ad.kress.com\/fr-be\/tronconneuse-kress-40v-35-cm-sans-balais-kg346\/\">Continue reading <span class=\"screen-reader-text\">tron\u00e7onneuse 40 V<\/span><\/a><\/p>\n","protected":false},"featured_media":9441,"comment_status":"closed","ping_status":"closed","template":"","meta":[],"product_brand":[],"product_cat":[],"product_tag":[],"class_list":{"0":"post-4531","1":"product","2":"type-product","3":"status-publish","4":"has-post-thumbnail","6":"entry","8":"first","9":"instock","10":"shipping-taxable","11":"product-type-simple"},"yoast_head":"<!-- This site is optimized with the Yoast SEO plugin v24.3 - https:\/\/yoast.com\/wordpress\/plugins\/seo\/ -->\n<title>tron\u00e7onneuse 40 V - Landing Kress<\/title>\n<meta name=\"robots\" content=\"index, follow, max-snippet:-1, max-image-preview:large, max-video-preview:-1\" \/>\n<link rel=\"canonical\" href=\"https:\/\/ad.kress.com\/en\/kress-40-v-14-brushless-chainsaw-kg346\/\" \/>\n<meta property=\"og:locale\" content=\"fr_FR\" \/>\n<meta property=\"og:type\" content=\"article\" \/>\n<meta property=\"og:title\" content=\"tron\u00e7onneuse 40 V - Landing Kress\" \/>\n<meta property=\"og:description\" content=\"La tron\u00e7onneuse Kress 40 V offre des performances comparables \u00e0 celles d&rsquo;une tron\u00e7onneuse \u00e0 essence, sans l&rsquo;entretien. Elle coupe rapidement et proprement, avec un syst\u00e8me de tension de la cha\u00eene \u00e0 une touche pour un entretien facile et une lubrification automatique pour un fonctionnement fluide et ininterrompu. L\u00e9g\u00e8re et maniable, elle est id\u00e9ale pour tailler&hellip; Continue reading tron\u00e7onneuse 40 V\" \/>\n<meta property=\"og:url\" content=\"https:\/\/ad.kress.com\/en\/kress-40-v-14-brushless-chainsaw-kg346\/\" \/>\n<meta property=\"og:site_name\" content=\"Landing Kress\" \/>\n<meta property=\"article:modified_time\" content=\"2025-08-05T08:29:11+00:00\" \/>\n<meta property=\"og:image\" content=\"https:\/\/ad.kress.com\/wp-content\/uploads\/onpage\/op_image_e81224a6da864d2cae596fdc12c3e16785ad99b2.1980x.webp\" \/>\n\t<meta property=\"og:image:width\" content=\"1980\" \/>\n\t<meta property=\"og:image:height\" content=\"1980\" \/>\n\t<meta property=\"og:image:type\" content=\"image\/webp\" \/>\n<meta name=\"twitter:card\" content=\"summary_large_image\" \/>\n<script type=\"application\/ld+json\" class=\"yoast-schema-graph\">{\"@context\":\"https:\/\/schema.org\",\"@graph\":[{\"@type\":\"WebPage\",\"@id\":\"https:\/\/ad.kress.com\/en\/kress-40-v-14-brushless-chainsaw-kg346\/\",\"url\":\"https:\/\/ad.kress.com\/en\/kress-40-v-14-brushless-chainsaw-kg346\/\",\"name\":\"tron\u00e7onneuse 40 V - Landing Kress\",\"isPartOf\":{\"@id\":\"https:\/\/ad.kress.com\/en-gb\/#website\"},\"primaryImageOfPage\":{\"@id\":\"https:\/\/ad.kress.com\/en\/kress-40-v-14-brushless-chainsaw-kg346\/#primaryimage\"},\"image\":{\"@id\":\"https:\/\/ad.kress.com\/en\/kress-40-v-14-brushless-chainsaw-kg346\/#primaryimage\"},\"thumbnailUrl\":\"https:\/\/ad.kress.com\/wp-content\/uploads\/onpage\/op_image_e81224a6da864d2cae596fdc12c3e16785ad99b2.1980x.webp\",\"datePublished\":\"2025-04-04T07:57:23+00:00\",\"dateModified\":\"2025-08-05T08:29:11+00:00\",\"breadcrumb\":{\"@id\":\"https:\/\/ad.kress.com\/en\/kress-40-v-14-brushless-chainsaw-kg346\/#breadcrumb\"},\"inLanguage\":\"fr-BE\",\"potentialAction\":[{\"@type\":\"ReadAction\",\"target\":[\"https:\/\/ad.kress.com\/en\/kress-40-v-14-brushless-chainsaw-kg346\/\"]}]},{\"@type\":\"ImageObject\",\"inLanguage\":\"fr-BE\",\"@id\":\"https:\/\/ad.kress.com\/en\/kress-40-v-14-brushless-chainsaw-kg346\/#primaryimage\",\"url\":\"https:\/\/ad.kress.com\/wp-content\/uploads\/onpage\/op_image_e81224a6da864d2cae596fdc12c3e16785ad99b2.1980x.webp\",\"contentUrl\":\"https:\/\/ad.kress.com\/wp-content\/uploads\/onpage\/op_image_e81224a6da864d2cae596fdc12c3e16785ad99b2.1980x.webp\",\"width\":1980,\"height\":1980},{\"@type\":\"BreadcrumbList\",\"@id\":\"https:\/\/ad.kress.com\/en\/kress-40-v-14-brushless-chainsaw-kg346\/#breadcrumb\",\"itemListElement\":[{\"@type\":\"ListItem\",\"position\":1,\"name\":\"Home\",\"item\":\"https:\/\/ad.kress.com\/en-gb\/\"},{\"@type\":\"ListItem\",\"position\":2,\"name\":\"Tron\u00e7onneuse Kress 40V 35 cm sans balais\"}]},{\"@type\":\"WebSite\",\"@id\":\"https:\/\/ad.kress.com\/en-gb\/#website\",\"url\":\"https:\/\/ad.kress.com\/en-gb\/\",\"name\":\"Kress - Commercial outdoor power equipment\",\"description\":\"Kress\",\"publisher\":{\"@id\":\"https:\/\/ad.kress.com\/en-gb\/#organization\"},\"alternateName\":\"Kress\",\"potentialAction\":[{\"@type\":\"SearchAction\",\"target\":{\"@type\":\"EntryPoint\",\"urlTemplate\":\"https:\/\/ad.kress.com\/en-gb\/?s={search_term_string}\"},\"query-input\":{\"@type\":\"PropertyValueSpecification\",\"valueRequired\":true,\"valueName\":\"search_term_string\"}}],\"inLanguage\":\"fr-BE\"},{\"@type\":\"Organization\",\"@id\":\"https:\/\/ad.kress.com\/en-gb\/#organization\",\"name\":\"Commercial outdoor power equipment\",\"alternateName\":\"Kress\",\"url\":\"https:\/\/ad.kress.com\/en-gb\/\",\"logo\":{\"@type\":\"ImageObject\",\"inLanguage\":\"fr-BE\",\"@id\":\"https:\/\/ad.kress.com\/en-gb\/#\/schema\/logo\/image\/\",\"url\":\"https:\/\/ad.kress.com\/wp-content\/uploads\/2025\/01\/main-logo-kress.webp\",\"contentUrl\":\"https:\/\/ad.kress.com\/wp-content\/uploads\/2025\/01\/main-logo-kress.webp\",\"width\":1038,\"height\":245,\"caption\":\"Commercial outdoor power equipment\"},\"image\":{\"@id\":\"https:\/\/ad.kress.com\/en-gb\/#\/schema\/logo\/image\/\"}}]}<\/script>\n<!-- \/ Yoast SEO plugin. -->","yoast_head_json":{"title":"tron\u00e7onneuse 40 V - Landing Kress","robots":{"index":"index","follow":"follow","max-snippet":"max-snippet:-1","max-image-preview":"max-image-preview:large","max-video-preview":"max-video-preview:-1"},"canonical":"https:\/\/ad.kress.com\/en\/kress-40-v-14-brushless-chainsaw-kg346\/","og_locale":"fr_FR","og_type":"article","og_title":"tron\u00e7onneuse 40 V - Landing Kress","og_description":"La tron\u00e7onneuse Kress 40 V offre des performances comparables \u00e0 celles d&rsquo;une tron\u00e7onneuse \u00e0 essence, sans l&rsquo;entretien. Elle coupe rapidement et proprement, avec un syst\u00e8me de tension de la cha\u00eene \u00e0 une touche pour un entretien facile et une lubrification automatique pour un fonctionnement fluide et ininterrompu. L\u00e9g\u00e8re et maniable, elle est id\u00e9ale pour tailler&hellip; Continue reading tron\u00e7onneuse 40 V","og_url":"https:\/\/ad.kress.com\/en\/kress-40-v-14-brushless-chainsaw-kg346\/","og_site_name":"Landing Kress","article_modified_time":"2025-08-05T08:29:11+00:00","og_image":[{"width":1980,"height":1980,"url":"https:\/\/ad.kress.com\/wp-content\/uploads\/onpage\/op_image_e81224a6da864d2cae596fdc12c3e16785ad99b2.1980x.webp","type":"image\/webp"}],"twitter_card":"summary_large_image","schema":{"@context":"https:\/\/schema.org","@graph":[{"@type":"WebPage","@id":"https:\/\/ad.kress.com\/en\/kress-40-v-14-brushless-chainsaw-kg346\/","url":"https:\/\/ad.kress.com\/en\/kress-40-v-14-brushless-chainsaw-kg346\/","name":"tron\u00e7onneuse 40 V - Landing Kress","isPartOf":{"@id":"https:\/\/ad.kress.com\/en-gb\/#website"},"primaryImageOfPage":{"@id":"https:\/\/ad.kress.com\/en\/kress-40-v-14-brushless-chainsaw-kg346\/#primaryimage"},"image":{"@id":"https:\/\/ad.kress.com\/en\/kress-40-v-14-brushless-chainsaw-kg346\/#primaryimage"},"thumbnailUrl":"https:\/\/ad.kress.com\/wp-content\/uploads\/onpage\/op_image_e81224a6da864d2cae596fdc12c3e16785ad99b2.1980x.webp","datePublished":"2025-04-04T07:57:23+00:00","dateModified":"2025-08-05T08:29:11+00:00","breadcrumb":{"@id":"https:\/\/ad.kress.com\/en\/kress-40-v-14-brushless-chainsaw-kg346\/#breadcrumb"},"inLanguage":"fr-BE","potentialAction":[{"@type":"ReadAction","target":["https:\/\/ad.kress.com\/en\/kress-40-v-14-brushless-chainsaw-kg346\/"]}]},{"@type":"ImageObject","inLanguage":"fr-BE","@id":"https:\/\/ad.kress.com\/en\/kress-40-v-14-brushless-chainsaw-kg346\/#primaryimage","url":"https:\/\/ad.kress.com\/wp-content\/uploads\/onpage\/op_image_e81224a6da864d2cae596fdc12c3e16785ad99b2.1980x.webp","contentUrl":"https:\/\/ad.kress.com\/wp-content\/uploads\/onpage\/op_image_e81224a6da864d2cae596fdc12c3e16785ad99b2.1980x.webp","width":1980,"height":1980},{"@type":"BreadcrumbList","@id":"https:\/\/ad.kress.com\/en\/kress-40-v-14-brushless-chainsaw-kg346\/#breadcrumb","itemListElement":[{"@type":"ListItem","position":1,"name":"Home","item":"https:\/\/ad.kress.com\/en-gb\/"},{"@type":"ListItem","position":2,"name":"Tron\u00e7onneuse Kress 40V 35 cm sans balais"}]},{"@type":"WebSite","@id":"https:\/\/ad.kress.com\/en-gb\/#website","url":"https:\/\/ad.kress.com\/en-gb\/","name":"Kress - Commercial outdoor power equipment","description":"Kress","publisher":{"@id":"https:\/\/ad.kress.com\/en-gb\/#organization"},"alternateName":"Kress","potentialAction":[{"@type":"SearchAction","target":{"@type":"EntryPoint","urlTemplate":"https:\/\/ad.kress.com\/en-gb\/?s={search_term_string}"},"query-input":{"@type":"PropertyValueSpecification","valueRequired":true,"valueName":"search_term_string"}}],"inLanguage":"fr-BE"},{"@type":"Organization","@id":"https:\/\/ad.kress.com\/en-gb\/#organization","name":"Commercial outdoor power equipment","alternateName":"Kress","url":"https:\/\/ad.kress.com\/en-gb\/","logo":{"@type":"ImageObject","inLanguage":"fr-BE","@id":"https:\/\/ad.kress.com\/en-gb\/#\/schema\/logo\/image\/","url":"https:\/\/ad.kress.com\/wp-content\/uploads\/2025\/01\/main-logo-kress.webp","contentUrl":"https:\/\/ad.kress.com\/wp-content\/uploads\/2025\/01\/main-logo-kress.webp","width":1038,"height":245,"caption":"Commercial outdoor power equipment"},"image":{"@id":"https:\/\/ad.kress.com\/en-gb\/#\/schema\/logo\/image\/"}}]}},"_links":{"self":[{"href":"https:\/\/ad.kress.com\/fr-be\/wp-json\/wp\/v2\/product\/4531","targetHints":{"allow":["GET"]}}],"collection":[{"href":"https:\/\/ad.kress.com\/fr-be\/wp-json\/wp\/v2\/product"}],"about":[{"href":"https:\/\/ad.kress.com\/fr-be\/wp-json\/wp\/v2\/types\/product"}],"replies":[{"embeddable":true,"href":"https:\/\/ad.kress.com\/fr-be\/wp-json\/wp\/v2\/comments?post=4531"}],"wp:featuredmedia":[{"embeddable":true,"href":"https:\/\/ad.kress.com\/fr-be\/wp-json\/wp\/v2\/media\/9441"}],"wp:attachment":[{"href":"https:\/\/ad.kress.com\/fr-be\/wp-json\/wp\/v2\/media?parent=4531"}],"wp:term":[{"taxonomy":"product_brand","embeddable":true,"href":"https:\/\/ad.kress.com\/fr-be\/wp-json\/wp\/v2\/product_brand?post=4531"},{"taxonomy":"product_cat","embeddable":true,"href":"https:\/\/ad.kress.com\/fr-be\/wp-json\/wp\/v2\/product_cat?post=4531"},{"taxonomy":"product_tag","embeddable":true,"href":"https:\/\/ad.kress.com\/fr-be\/wp-json\/wp\/v2\/product_tag?post=4531"}],"curies":[{"name":"wp","href":"https:\/\/api.w.org\/{rel}","templated":true}]}}