{"id":4511,"date":"2025-04-04T07:57:23","date_gmt":"2025-04-04T07:57:23","guid":{"rendered":""},"modified":"2025-08-05T08:29:11","modified_gmt":"2025-08-05T08:29:11","slug":"souffleur-de-feuilles-sans-balais-kress-60-v-25-n-kg561","status":"publish","type":"product","link":"https:\/\/ad.kress.com\/fr-be\/souffleur-de-feuilles-sans-balais-kress-60-v-25-n-kg561\/","title":{"rendered":"Souffleur de feuilles portatif 60 V"},"content":{"rendered":"<p>Le souffleur de feuilles 60 V KG561.9 est con\u00e7u pour offrir des performances sup\u00e9rieures, d\u00e9livrant une pouss\u00e9e de 25,5 N pour \u00e9liminer facilement les feuilles et les d\u00e9bris. Construit avec des mat\u00e9riaux de haute qualit\u00e9 pour r\u00e9sister aux environnements les plus exigeants, il est parfait pour ceux qui recherchent une solution durable et sans \u00e9missions pour l&rsquo;entretien de leur jardin.<\/p>\n","protected":false},"excerpt":{"rendered":"<p>Le souffleur de feuilles 60 V KG561.9 est con\u00e7u pour offrir des performances sup\u00e9rieures, d\u00e9livrant une pouss\u00e9e de 25,5 N pour \u00e9liminer facilement les feuilles et les d\u00e9bris. Construit avec des mat\u00e9riaux de haute qualit\u00e9 pour r\u00e9sister aux environnements les plus exigeants, il est parfait pour ceux qui recherchent une solution durable et sans \u00e9missions&hellip; <a class=\"more-link\" href=\"https:\/\/ad.kress.com\/fr-be\/souffleur-de-feuilles-sans-balais-kress-60-v-25-n-kg561\/\">Continue reading <span class=\"screen-reader-text\">Souffleur de feuilles portatif 60 V<\/span><\/a><\/p>\n","protected":false},"featured_media":9424,"comment_status":"closed","ping_status":"closed","template":"","meta":[],"product_brand":[],"product_cat":[],"product_tag":[],"class_list":{"0":"post-4511","1":"product","2":"type-product","3":"status-publish","4":"has-post-thumbnail","6":"entry","8":"first","9":"instock","10":"shipping-taxable","11":"product-type-simple"},"yoast_head":"<!-- This site is optimized with the Yoast SEO plugin v24.3 - https:\/\/yoast.com\/wordpress\/plugins\/seo\/ -->\n<title>Souffleur de feuilles portatif 60 V - Landing Kress<\/title>\n<meta name=\"robots\" content=\"index, follow, max-snippet:-1, max-image-preview:large, max-video-preview:-1\" \/>\n<link rel=\"canonical\" href=\"https:\/\/ad.kress.com\/en\/kress-60-v-25-n-brushless-leaf-blower-kg561\/\" \/>\n<meta property=\"og:locale\" content=\"fr_FR\" \/>\n<meta property=\"og:type\" content=\"article\" \/>\n<meta property=\"og:title\" content=\"Souffleur de feuilles portatif 60 V - Landing Kress\" \/>\n<meta property=\"og:description\" content=\"Le souffleur de feuilles 60 V KG561.9 est con\u00e7u pour offrir des performances sup\u00e9rieures, d\u00e9livrant une pouss\u00e9e de 25,5 N pour \u00e9liminer facilement les feuilles et les d\u00e9bris. Construit avec des mat\u00e9riaux de haute qualit\u00e9 pour r\u00e9sister aux environnements les plus exigeants, il est parfait pour ceux qui recherchent une solution durable et sans \u00e9missions&hellip; Continue reading Souffleur de feuilles portatif 60 V\" \/>\n<meta property=\"og:url\" content=\"https:\/\/ad.kress.com\/en\/kress-60-v-25-n-brushless-leaf-blower-kg561\/\" \/>\n<meta property=\"og:site_name\" content=\"Landing Kress\" \/>\n<meta property=\"article:modified_time\" content=\"2025-08-05T08:29:11+00:00\" \/>\n<meta property=\"og:image\" content=\"https:\/\/ad.kress.com\/wp-content\/uploads\/onpage\/op_image_384df69ff7e52d3643b41525d753c1d8c03e004e.1980x.webp\" \/>\n\t<meta property=\"og:image:width\" content=\"1980\" \/>\n\t<meta property=\"og:image:height\" content=\"1980\" \/>\n\t<meta property=\"og:image:type\" content=\"image\/webp\" \/>\n<meta name=\"twitter:card\" content=\"summary_large_image\" \/>\n<script type=\"application\/ld+json\" class=\"yoast-schema-graph\">{\"@context\":\"https:\/\/schema.org\",\"@graph\":[{\"@type\":\"WebPage\",\"@id\":\"https:\/\/ad.kress.com\/en\/kress-60-v-25-n-brushless-leaf-blower-kg561\/\",\"url\":\"https:\/\/ad.kress.com\/en\/kress-60-v-25-n-brushless-leaf-blower-kg561\/\",\"name\":\"Souffleur de feuilles portatif 60 V - Landing Kress\",\"isPartOf\":{\"@id\":\"https:\/\/ad.kress.com\/en-gb\/#website\"},\"primaryImageOfPage\":{\"@id\":\"https:\/\/ad.kress.com\/en\/kress-60-v-25-n-brushless-leaf-blower-kg561\/#primaryimage\"},\"image\":{\"@id\":\"https:\/\/ad.kress.com\/en\/kress-60-v-25-n-brushless-leaf-blower-kg561\/#primaryimage\"},\"thumbnailUrl\":\"https:\/\/ad.kress.com\/wp-content\/uploads\/onpage\/op_image_384df69ff7e52d3643b41525d753c1d8c03e004e.1980x.webp\",\"datePublished\":\"2025-04-04T07:57:23+00:00\",\"dateModified\":\"2025-08-05T08:29:11+00:00\",\"breadcrumb\":{\"@id\":\"https:\/\/ad.kress.com\/en\/kress-60-v-25-n-brushless-leaf-blower-kg561\/#breadcrumb\"},\"inLanguage\":\"fr-BE\",\"potentialAction\":[{\"@type\":\"ReadAction\",\"target\":[\"https:\/\/ad.kress.com\/en\/kress-60-v-25-n-brushless-leaf-blower-kg561\/\"]}]},{\"@type\":\"ImageObject\",\"inLanguage\":\"fr-BE\",\"@id\":\"https:\/\/ad.kress.com\/en\/kress-60-v-25-n-brushless-leaf-blower-kg561\/#primaryimage\",\"url\":\"https:\/\/ad.kress.com\/wp-content\/uploads\/onpage\/op_image_384df69ff7e52d3643b41525d753c1d8c03e004e.1980x.webp\",\"contentUrl\":\"https:\/\/ad.kress.com\/wp-content\/uploads\/onpage\/op_image_384df69ff7e52d3643b41525d753c1d8c03e004e.1980x.webp\",\"width\":1980,\"height\":1980},{\"@type\":\"BreadcrumbList\",\"@id\":\"https:\/\/ad.kress.com\/en\/kress-60-v-25-n-brushless-leaf-blower-kg561\/#breadcrumb\",\"itemListElement\":[{\"@type\":\"ListItem\",\"position\":1,\"name\":\"Home\",\"item\":\"https:\/\/ad.kress.com\/en-gb\/\"},{\"@type\":\"ListItem\",\"position\":2,\"name\":\"Souffleur de feuilles sans balais Kress 60 V 25 N\"}]},{\"@type\":\"WebSite\",\"@id\":\"https:\/\/ad.kress.com\/en-gb\/#website\",\"url\":\"https:\/\/ad.kress.com\/en-gb\/\",\"name\":\"Kress - Commercial outdoor power equipment\",\"description\":\"Kress\",\"publisher\":{\"@id\":\"https:\/\/ad.kress.com\/en-gb\/#organization\"},\"alternateName\":\"Kress\",\"potentialAction\":[{\"@type\":\"SearchAction\",\"target\":{\"@type\":\"EntryPoint\",\"urlTemplate\":\"https:\/\/ad.kress.com\/en-gb\/?s={search_term_string}\"},\"query-input\":{\"@type\":\"PropertyValueSpecification\",\"valueRequired\":true,\"valueName\":\"search_term_string\"}}],\"inLanguage\":\"fr-BE\"},{\"@type\":\"Organization\",\"@id\":\"https:\/\/ad.kress.com\/en-gb\/#organization\",\"name\":\"Commercial outdoor power equipment\",\"alternateName\":\"Kress\",\"url\":\"https:\/\/ad.kress.com\/en-gb\/\",\"logo\":{\"@type\":\"ImageObject\",\"inLanguage\":\"fr-BE\",\"@id\":\"https:\/\/ad.kress.com\/en-gb\/#\/schema\/logo\/image\/\",\"url\":\"https:\/\/ad.kress.com\/wp-content\/uploads\/2025\/01\/main-logo-kress.webp\",\"contentUrl\":\"https:\/\/ad.kress.com\/wp-content\/uploads\/2025\/01\/main-logo-kress.webp\",\"width\":1038,\"height\":245,\"caption\":\"Commercial outdoor power equipment\"},\"image\":{\"@id\":\"https:\/\/ad.kress.com\/en-gb\/#\/schema\/logo\/image\/\"}}]}<\/script>\n<!-- \/ Yoast SEO plugin. -->","yoast_head_json":{"title":"Souffleur de feuilles portatif 60 V - Landing Kress","robots":{"index":"index","follow":"follow","max-snippet":"max-snippet:-1","max-image-preview":"max-image-preview:large","max-video-preview":"max-video-preview:-1"},"canonical":"https:\/\/ad.kress.com\/en\/kress-60-v-25-n-brushless-leaf-blower-kg561\/","og_locale":"fr_FR","og_type":"article","og_title":"Souffleur de feuilles portatif 60 V - Landing Kress","og_description":"Le souffleur de feuilles 60 V KG561.9 est con\u00e7u pour offrir des performances sup\u00e9rieures, d\u00e9livrant une pouss\u00e9e de 25,5 N pour \u00e9liminer facilement les feuilles et les d\u00e9bris. Construit avec des mat\u00e9riaux de haute qualit\u00e9 pour r\u00e9sister aux environnements les plus exigeants, il est parfait pour ceux qui recherchent une solution durable et sans \u00e9missions&hellip; Continue reading Souffleur de feuilles portatif 60 V","og_url":"https:\/\/ad.kress.com\/en\/kress-60-v-25-n-brushless-leaf-blower-kg561\/","og_site_name":"Landing Kress","article_modified_time":"2025-08-05T08:29:11+00:00","og_image":[{"width":1980,"height":1980,"url":"https:\/\/ad.kress.com\/wp-content\/uploads\/onpage\/op_image_384df69ff7e52d3643b41525d753c1d8c03e004e.1980x.webp","type":"image\/webp"}],"twitter_card":"summary_large_image","schema":{"@context":"https:\/\/schema.org","@graph":[{"@type":"WebPage","@id":"https:\/\/ad.kress.com\/en\/kress-60-v-25-n-brushless-leaf-blower-kg561\/","url":"https:\/\/ad.kress.com\/en\/kress-60-v-25-n-brushless-leaf-blower-kg561\/","name":"Souffleur de feuilles portatif 60 V - Landing Kress","isPartOf":{"@id":"https:\/\/ad.kress.com\/en-gb\/#website"},"primaryImageOfPage":{"@id":"https:\/\/ad.kress.com\/en\/kress-60-v-25-n-brushless-leaf-blower-kg561\/#primaryimage"},"image":{"@id":"https:\/\/ad.kress.com\/en\/kress-60-v-25-n-brushless-leaf-blower-kg561\/#primaryimage"},"thumbnailUrl":"https:\/\/ad.kress.com\/wp-content\/uploads\/onpage\/op_image_384df69ff7e52d3643b41525d753c1d8c03e004e.1980x.webp","datePublished":"2025-04-04T07:57:23+00:00","dateModified":"2025-08-05T08:29:11+00:00","breadcrumb":{"@id":"https:\/\/ad.kress.com\/en\/kress-60-v-25-n-brushless-leaf-blower-kg561\/#breadcrumb"},"inLanguage":"fr-BE","potentialAction":[{"@type":"ReadAction","target":["https:\/\/ad.kress.com\/en\/kress-60-v-25-n-brushless-leaf-blower-kg561\/"]}]},{"@type":"ImageObject","inLanguage":"fr-BE","@id":"https:\/\/ad.kress.com\/en\/kress-60-v-25-n-brushless-leaf-blower-kg561\/#primaryimage","url":"https:\/\/ad.kress.com\/wp-content\/uploads\/onpage\/op_image_384df69ff7e52d3643b41525d753c1d8c03e004e.1980x.webp","contentUrl":"https:\/\/ad.kress.com\/wp-content\/uploads\/onpage\/op_image_384df69ff7e52d3643b41525d753c1d8c03e004e.1980x.webp","width":1980,"height":1980},{"@type":"BreadcrumbList","@id":"https:\/\/ad.kress.com\/en\/kress-60-v-25-n-brushless-leaf-blower-kg561\/#breadcrumb","itemListElement":[{"@type":"ListItem","position":1,"name":"Home","item":"https:\/\/ad.kress.com\/en-gb\/"},{"@type":"ListItem","position":2,"name":"Souffleur de feuilles sans balais Kress 60 V 25 N"}]},{"@type":"WebSite","@id":"https:\/\/ad.kress.com\/en-gb\/#website","url":"https:\/\/ad.kress.com\/en-gb\/","name":"Kress - Commercial outdoor power equipment","description":"Kress","publisher":{"@id":"https:\/\/ad.kress.com\/en-gb\/#organization"},"alternateName":"Kress","potentialAction":[{"@type":"SearchAction","target":{"@type":"EntryPoint","urlTemplate":"https:\/\/ad.kress.com\/en-gb\/?s={search_term_string}"},"query-input":{"@type":"PropertyValueSpecification","valueRequired":true,"valueName":"search_term_string"}}],"inLanguage":"fr-BE"},{"@type":"Organization","@id":"https:\/\/ad.kress.com\/en-gb\/#organization","name":"Commercial outdoor power equipment","alternateName":"Kress","url":"https:\/\/ad.kress.com\/en-gb\/","logo":{"@type":"ImageObject","inLanguage":"fr-BE","@id":"https:\/\/ad.kress.com\/en-gb\/#\/schema\/logo\/image\/","url":"https:\/\/ad.kress.com\/wp-content\/uploads\/2025\/01\/main-logo-kress.webp","contentUrl":"https:\/\/ad.kress.com\/wp-content\/uploads\/2025\/01\/main-logo-kress.webp","width":1038,"height":245,"caption":"Commercial outdoor power equipment"},"image":{"@id":"https:\/\/ad.kress.com\/en-gb\/#\/schema\/logo\/image\/"}}]}},"_links":{"self":[{"href":"https:\/\/ad.kress.com\/fr-be\/wp-json\/wp\/v2\/product\/4511","targetHints":{"allow":["GET"]}}],"collection":[{"href":"https:\/\/ad.kress.com\/fr-be\/wp-json\/wp\/v2\/product"}],"about":[{"href":"https:\/\/ad.kress.com\/fr-be\/wp-json\/wp\/v2\/types\/product"}],"replies":[{"embeddable":true,"href":"https:\/\/ad.kress.com\/fr-be\/wp-json\/wp\/v2\/comments?post=4511"}],"wp:featuredmedia":[{"embeddable":true,"href":"https:\/\/ad.kress.com\/fr-be\/wp-json\/wp\/v2\/media\/9424"}],"wp:attachment":[{"href":"https:\/\/ad.kress.com\/fr-be\/wp-json\/wp\/v2\/media?parent=4511"}],"wp:term":[{"taxonomy":"product_brand","embeddable":true,"href":"https:\/\/ad.kress.com\/fr-be\/wp-json\/wp\/v2\/product_brand?post=4511"},{"taxonomy":"product_cat","embeddable":true,"href":"https:\/\/ad.kress.com\/fr-be\/wp-json\/wp\/v2\/product_cat?post=4511"},{"taxonomy":"product_tag","embeddable":true,"href":"https:\/\/ad.kress.com\/fr-be\/wp-json\/wp\/v2\/product_tag?post=4511"}],"curies":[{"name":"wp","href":"https:\/\/api.w.org\/{rel}","templated":true}]}}