{"id":12243,"date":"2025-08-05T08:29:39","date_gmt":"2025-08-05T08:29:39","guid":{"rendered":""},"modified":"2025-08-05T08:29:11","modified_gmt":"2025-08-05T08:29:11","slug":"scie-a-chaine-60-v-de-qualite-commerciale-kc340-9","status":"publish","type":"product","link":"https:\/\/ad.kress.com\/fr-be\/scie-a-chaine-60-v-de-qualite-commerciale-kc340-9\/","title":{"rendered":"Scie \u00e0 cha\u00eene 60 V de qualit\u00e9 commerciale"},"content":{"rendered":"<p>Con\u00e7ue pour les entreprises de paysagisme et les municipalit\u00e9s souhaitant adopter des pratiques durables, cette tron\u00e7onneuse Kress commercial est la plus puissante de notre gamme. Elle d\u00e9livre une puissance massive de 3,8 kW \u2013 \u00e9quivalente \u00e0 une tron\u00e7onneuse \u00e0 essence de 70 cm\u00b3. Contrairement aux moteurs thermiques qui perdent du couple sous charge, elle fournit un couple instantan\u00e9 et constant, surpassant les tron\u00e7onneuses \u00e0 essence dans les t\u00e2ches les plus exigeantes. En tant que solution Kress Commercial CyberSystem, elle offre des performances sup\u00e9rieures avec des co\u00fbts d&rsquo;exploitation r\u00e9duits.<\/p>\n","protected":false},"excerpt":{"rendered":"<p>Con\u00e7ue pour les entreprises de paysagisme et les municipalit\u00e9s souhaitant adopter des pratiques durables, cette tron\u00e7onneuse Kress commercial est la plus puissante de notre gamme. Elle d\u00e9livre une puissance massive de 3,8 kW \u2013 \u00e9quivalente \u00e0 une tron\u00e7onneuse \u00e0 essence de 70 cm\u00b3. Contrairement aux moteurs thermiques qui perdent du couple sous charge, elle fournit&hellip; <a class=\"more-link\" href=\"https:\/\/ad.kress.com\/fr-be\/scie-a-chaine-60-v-de-qualite-commerciale-kc340-9\/\">Continue reading <span class=\"screen-reader-text\">Scie \u00e0 cha\u00eene 60 V de qualit\u00e9 commerciale<\/span><\/a><\/p>\n","protected":false},"featured_media":0,"comment_status":"closed","ping_status":"closed","template":"","meta":[],"product_brand":[],"product_cat":[],"product_tag":[],"class_list":{"0":"post-12243","1":"product","2":"type-product","3":"status-publish","5":"entry","7":"first","8":"instock","9":"shipping-taxable","10":"product-type-simple"},"yoast_head":"<!-- This site is optimized with the Yoast SEO plugin v24.3 - https:\/\/yoast.com\/wordpress\/plugins\/seo\/ -->\n<title>Scie \u00e0 cha\u00eene 60 V de qualit\u00e9 commerciale - Landing Kress<\/title>\n<meta name=\"robots\" content=\"index, follow, max-snippet:-1, max-image-preview:large, max-video-preview:-1\" \/>\n<link rel=\"canonical\" href=\"https:\/\/ad.kress.com\/fr-be\/scie-a-chaine-60-v-de-qualite-commerciale-kc340-9\/\" \/>\n<meta property=\"og:locale\" content=\"fr_FR\" \/>\n<meta property=\"og:type\" content=\"article\" \/>\n<meta property=\"og:title\" content=\"Scie \u00e0 cha\u00eene 60 V de qualit\u00e9 commerciale - Landing Kress\" \/>\n<meta property=\"og:description\" content=\"Con\u00e7ue pour les entreprises de paysagisme et les municipalit\u00e9s souhaitant adopter des pratiques durables, cette tron\u00e7onneuse Kress commercial est la plus puissante de notre gamme. Elle d\u00e9livre une puissance massive de 3,8 kW \u2013 \u00e9quivalente \u00e0 une tron\u00e7onneuse \u00e0 essence de 70 cm\u00b3. Contrairement aux moteurs thermiques qui perdent du couple sous charge, elle fournit&hellip; Continue reading Scie \u00e0 cha\u00eene 60 V de qualit\u00e9 commerciale\" \/>\n<meta property=\"og:url\" content=\"https:\/\/ad.kress.com\/fr-be\/scie-a-chaine-60-v-de-qualite-commerciale-kc340-9\/\" \/>\n<meta property=\"og:site_name\" content=\"Landing Kress\" \/>\n<meta property=\"article:modified_time\" content=\"2025-08-05T08:29:11+00:00\" \/>\n<meta property=\"og:image\" content=\"https:\/\/ad.kress.com\/wp-content\/uploads\/2025\/01\/main-logo-kress.webp\" \/>\n\t<meta property=\"og:image:width\" content=\"1038\" \/>\n\t<meta property=\"og:image:height\" content=\"245\" \/>\n\t<meta property=\"og:image:type\" content=\"image\/webp\" \/>\n<meta name=\"twitter:card\" content=\"summary_large_image\" \/>\n<script type=\"application\/ld+json\" class=\"yoast-schema-graph\">{\"@context\":\"https:\/\/schema.org\",\"@graph\":[{\"@type\":\"WebPage\",\"@id\":\"https:\/\/ad.kress.com\/fr-be\/scie-a-chaine-60-v-de-qualite-commerciale-kc340-9\/\",\"url\":\"https:\/\/ad.kress.com\/fr-be\/scie-a-chaine-60-v-de-qualite-commerciale-kc340-9\/\",\"name\":\"Scie \u00e0 cha\u00eene 60 V de qualit\u00e9 commerciale - Landing Kress\",\"isPartOf\":{\"@id\":\"https:\/\/ad.kress.com\/en-gb\/#website\"},\"datePublished\":\"2025-08-05T08:29:39+00:00\",\"dateModified\":\"2025-08-05T08:29:11+00:00\",\"breadcrumb\":{\"@id\":\"https:\/\/ad.kress.com\/fr-be\/scie-a-chaine-60-v-de-qualite-commerciale-kc340-9\/#breadcrumb\"},\"inLanguage\":\"fr-BE\",\"potentialAction\":[{\"@type\":\"ReadAction\",\"target\":[\"https:\/\/ad.kress.com\/fr-be\/scie-a-chaine-60-v-de-qualite-commerciale-kc340-9\/\"]}]},{\"@type\":\"BreadcrumbList\",\"@id\":\"https:\/\/ad.kress.com\/fr-be\/scie-a-chaine-60-v-de-qualite-commerciale-kc340-9\/#breadcrumb\",\"itemListElement\":[{\"@type\":\"ListItem\",\"position\":1,\"name\":\"Home\",\"item\":\"https:\/\/ad.kress.com\/en-gb\/\"},{\"@type\":\"ListItem\",\"position\":2,\"name\":\"Scie \u00e0 cha\u00eene 60 V de qualit\u00e9 commerciale\"}]},{\"@type\":\"WebSite\",\"@id\":\"https:\/\/ad.kress.com\/en-gb\/#website\",\"url\":\"https:\/\/ad.kress.com\/en-gb\/\",\"name\":\"Kress - Commercial outdoor power equipment\",\"description\":\"Kress\",\"publisher\":{\"@id\":\"https:\/\/ad.kress.com\/en-gb\/#organization\"},\"alternateName\":\"Kress\",\"potentialAction\":[{\"@type\":\"SearchAction\",\"target\":{\"@type\":\"EntryPoint\",\"urlTemplate\":\"https:\/\/ad.kress.com\/en-gb\/?s={search_term_string}\"},\"query-input\":{\"@type\":\"PropertyValueSpecification\",\"valueRequired\":true,\"valueName\":\"search_term_string\"}}],\"inLanguage\":\"fr-BE\"},{\"@type\":\"Organization\",\"@id\":\"https:\/\/ad.kress.com\/en-gb\/#organization\",\"name\":\"Commercial outdoor power equipment\",\"alternateName\":\"Kress\",\"url\":\"https:\/\/ad.kress.com\/en-gb\/\",\"logo\":{\"@type\":\"ImageObject\",\"inLanguage\":\"fr-BE\",\"@id\":\"https:\/\/ad.kress.com\/en-gb\/#\/schema\/logo\/image\/\",\"url\":\"https:\/\/ad.kress.com\/wp-content\/uploads\/2025\/01\/main-logo-kress.webp\",\"contentUrl\":\"https:\/\/ad.kress.com\/wp-content\/uploads\/2025\/01\/main-logo-kress.webp\",\"width\":1038,\"height\":245,\"caption\":\"Commercial outdoor power equipment\"},\"image\":{\"@id\":\"https:\/\/ad.kress.com\/en-gb\/#\/schema\/logo\/image\/\"}}]}<\/script>\n<!-- \/ Yoast SEO plugin. -->","yoast_head_json":{"title":"Scie \u00e0 cha\u00eene 60 V de qualit\u00e9 commerciale - Landing Kress","robots":{"index":"index","follow":"follow","max-snippet":"max-snippet:-1","max-image-preview":"max-image-preview:large","max-video-preview":"max-video-preview:-1"},"canonical":"https:\/\/ad.kress.com\/fr-be\/scie-a-chaine-60-v-de-qualite-commerciale-kc340-9\/","og_locale":"fr_FR","og_type":"article","og_title":"Scie \u00e0 cha\u00eene 60 V de qualit\u00e9 commerciale - Landing Kress","og_description":"Con\u00e7ue pour les entreprises de paysagisme et les municipalit\u00e9s souhaitant adopter des pratiques durables, cette tron\u00e7onneuse Kress commercial est la plus puissante de notre gamme. Elle d\u00e9livre une puissance massive de 3,8 kW \u2013 \u00e9quivalente \u00e0 une tron\u00e7onneuse \u00e0 essence de 70 cm\u00b3. Contrairement aux moteurs thermiques qui perdent du couple sous charge, elle fournit&hellip; Continue reading Scie \u00e0 cha\u00eene 60 V de qualit\u00e9 commerciale","og_url":"https:\/\/ad.kress.com\/fr-be\/scie-a-chaine-60-v-de-qualite-commerciale-kc340-9\/","og_site_name":"Landing Kress","article_modified_time":"2025-08-05T08:29:11+00:00","og_image":[{"width":1038,"height":245,"url":"https:\/\/ad.kress.com\/wp-content\/uploads\/2025\/01\/main-logo-kress.webp","type":"image\/webp"}],"twitter_card":"summary_large_image","schema":{"@context":"https:\/\/schema.org","@graph":[{"@type":"WebPage","@id":"https:\/\/ad.kress.com\/fr-be\/scie-a-chaine-60-v-de-qualite-commerciale-kc340-9\/","url":"https:\/\/ad.kress.com\/fr-be\/scie-a-chaine-60-v-de-qualite-commerciale-kc340-9\/","name":"Scie \u00e0 cha\u00eene 60 V de qualit\u00e9 commerciale - Landing Kress","isPartOf":{"@id":"https:\/\/ad.kress.com\/en-gb\/#website"},"datePublished":"2025-08-05T08:29:39+00:00","dateModified":"2025-08-05T08:29:11+00:00","breadcrumb":{"@id":"https:\/\/ad.kress.com\/fr-be\/scie-a-chaine-60-v-de-qualite-commerciale-kc340-9\/#breadcrumb"},"inLanguage":"fr-BE","potentialAction":[{"@type":"ReadAction","target":["https:\/\/ad.kress.com\/fr-be\/scie-a-chaine-60-v-de-qualite-commerciale-kc340-9\/"]}]},{"@type":"BreadcrumbList","@id":"https:\/\/ad.kress.com\/fr-be\/scie-a-chaine-60-v-de-qualite-commerciale-kc340-9\/#breadcrumb","itemListElement":[{"@type":"ListItem","position":1,"name":"Home","item":"https:\/\/ad.kress.com\/en-gb\/"},{"@type":"ListItem","position":2,"name":"Scie \u00e0 cha\u00eene 60 V de qualit\u00e9 commerciale"}]},{"@type":"WebSite","@id":"https:\/\/ad.kress.com\/en-gb\/#website","url":"https:\/\/ad.kress.com\/en-gb\/","name":"Kress - Commercial outdoor power equipment","description":"Kress","publisher":{"@id":"https:\/\/ad.kress.com\/en-gb\/#organization"},"alternateName":"Kress","potentialAction":[{"@type":"SearchAction","target":{"@type":"EntryPoint","urlTemplate":"https:\/\/ad.kress.com\/en-gb\/?s={search_term_string}"},"query-input":{"@type":"PropertyValueSpecification","valueRequired":true,"valueName":"search_term_string"}}],"inLanguage":"fr-BE"},{"@type":"Organization","@id":"https:\/\/ad.kress.com\/en-gb\/#organization","name":"Commercial outdoor power equipment","alternateName":"Kress","url":"https:\/\/ad.kress.com\/en-gb\/","logo":{"@type":"ImageObject","inLanguage":"fr-BE","@id":"https:\/\/ad.kress.com\/en-gb\/#\/schema\/logo\/image\/","url":"https:\/\/ad.kress.com\/wp-content\/uploads\/2025\/01\/main-logo-kress.webp","contentUrl":"https:\/\/ad.kress.com\/wp-content\/uploads\/2025\/01\/main-logo-kress.webp","width":1038,"height":245,"caption":"Commercial outdoor power equipment"},"image":{"@id":"https:\/\/ad.kress.com\/en-gb\/#\/schema\/logo\/image\/"}}]}},"_links":{"self":[{"href":"https:\/\/ad.kress.com\/fr-be\/wp-json\/wp\/v2\/product\/12243","targetHints":{"allow":["GET"]}}],"collection":[{"href":"https:\/\/ad.kress.com\/fr-be\/wp-json\/wp\/v2\/product"}],"about":[{"href":"https:\/\/ad.kress.com\/fr-be\/wp-json\/wp\/v2\/types\/product"}],"replies":[{"embeddable":true,"href":"https:\/\/ad.kress.com\/fr-be\/wp-json\/wp\/v2\/comments?post=12243"}],"wp:attachment":[{"href":"https:\/\/ad.kress.com\/fr-be\/wp-json\/wp\/v2\/media?parent=12243"}],"wp:term":[{"taxonomy":"product_brand","embeddable":true,"href":"https:\/\/ad.kress.com\/fr-be\/wp-json\/wp\/v2\/product_brand?post=12243"},{"taxonomy":"product_cat","embeddable":true,"href":"https:\/\/ad.kress.com\/fr-be\/wp-json\/wp\/v2\/product_cat?post=12243"},{"taxonomy":"product_tag","embeddable":true,"href":"https:\/\/ad.kress.com\/fr-be\/wp-json\/wp\/v2\/product_tag?post=12243"}],"curies":[{"name":"wp","href":"https:\/\/api.w.org\/{rel}","templated":true}]}}