{"id":12226,"date":"2025-08-05T08:29:28","date_gmt":"2025-08-05T08:29:28","guid":{"rendered":""},"modified":"2025-08-05T08:29:11","modified_gmt":"2025-08-05T08:29:11","slug":"tondeuse-robotisee-kress-rtk%e2%81%bf-de-28-000-m%c2%b2-avec-oas-obstacle-avoidance-system-kr235e","status":"publish","type":"product","link":"https:\/\/ad.kress.com\/fr-be\/tondeuse-robotisee-kress-rtk%e2%81%bf-de-28-000-m%c2%b2-avec-oas-obstacle-avoidance-system-kr235e\/","title":{"rendered":"Tondeuse robotis\u00e9e Kress RTK\u207f de 28 000 m\u00b2 avec OAS (Obstacle Avoidance System)"},"content":{"rendered":"<p>La performance de coupe am\u00e9lior\u00e9e, entra\u00een\u00e9e par un moteur haute<\/p>\n<p>moteur haute puissance et d&rsquo;un disque glissant, assure une efficacit\u00e9 et une pr\u00e9cision<\/p>\n<p>efficacit\u00e9 et une pr\u00e9cision exceptionnelles dans la coupe de l&rsquo;herbe basse et dense.<\/p>\n<p>Avec une hauteur de coupe aussi basse que 10 mm, elle est sp\u00e9cialement con\u00e7ue pour les all\u00e9es<\/p>\n<p>sp\u00e9cialement con\u00e7ue pour les all\u00e9es, offrant des r\u00e9sultats de qualit\u00e9<\/p>\n<p>de haute qualit\u00e9 avec une vitesse accrue et des performances optimis\u00e9es.<\/p>\n","protected":false},"excerpt":{"rendered":"<p>La performance de coupe am\u00e9lior\u00e9e, entra\u00een\u00e9e par un moteur haute moteur haute puissance et d&rsquo;un disque glissant, assure une efficacit\u00e9 et une pr\u00e9cision efficacit\u00e9 et une pr\u00e9cision exceptionnelles dans la coupe de l&rsquo;herbe basse et dense. Avec une hauteur de coupe aussi basse que 10 mm, elle est sp\u00e9cialement con\u00e7ue pour les all\u00e9es sp\u00e9cialement con\u00e7ue&hellip; <a class=\"more-link\" href=\"https:\/\/ad.kress.com\/fr-be\/tondeuse-robotisee-kress-rtk%e2%81%bf-de-28-000-m%c2%b2-avec-oas-obstacle-avoidance-system-kr235e\/\">Continue reading <span class=\"screen-reader-text\">Tondeuse robotis\u00e9e Kress RTK\u207f de 28 000 m\u00b2 avec OAS (Obstacle Avoidance System)<\/span><\/a><\/p>\n","protected":false},"featured_media":0,"comment_status":"closed","ping_status":"closed","template":"","meta":[],"product_brand":[],"product_cat":[],"product_tag":[],"class_list":{"0":"post-12226","1":"product","2":"type-product","3":"status-publish","5":"entry","7":"first","8":"instock","9":"shipping-taxable","10":"purchasable","11":"product-type-simple"},"yoast_head":"<!-- This site is optimized with the Yoast SEO plugin v24.3 - https:\/\/yoast.com\/wordpress\/plugins\/seo\/ -->\n<title>Tondeuse robotis\u00e9e Kress RTK\u207f de 28 000 m\u00b2 avec OAS (Obstacle Avoidance System) - Landing Kress<\/title>\n<meta name=\"robots\" content=\"index, follow, max-snippet:-1, max-image-preview:large, max-video-preview:-1\" \/>\n<link rel=\"canonical\" href=\"https:\/\/ad.kress.com\/fr-be\/tondeuse-robotisee-kress-rtk\u207f-de-28-000-m\u00b2-avec-oas-obstacle-avoidance-system-kr235e\/\" \/>\n<meta property=\"og:locale\" content=\"fr_FR\" \/>\n<meta property=\"og:type\" content=\"article\" \/>\n<meta property=\"og:title\" content=\"Tondeuse robotis\u00e9e Kress RTK\u207f de 28 000 m\u00b2 avec OAS (Obstacle Avoidance System) - Landing Kress\" \/>\n<meta property=\"og:description\" content=\"La performance de coupe am\u00e9lior\u00e9e, entra\u00een\u00e9e par un moteur haute moteur haute puissance et d&rsquo;un disque glissant, assure une efficacit\u00e9 et une pr\u00e9cision efficacit\u00e9 et une pr\u00e9cision exceptionnelles dans la coupe de l&rsquo;herbe basse et dense. Avec une hauteur de coupe aussi basse que 10 mm, elle est sp\u00e9cialement con\u00e7ue pour les all\u00e9es sp\u00e9cialement con\u00e7ue&hellip; Continue reading Tondeuse robotis\u00e9e Kress RTK\u207f de 28 000 m\u00b2 avec OAS (Obstacle Avoidance System)\" \/>\n<meta property=\"og:url\" content=\"https:\/\/ad.kress.com\/fr-be\/tondeuse-robotisee-kress-rtk\u207f-de-28-000-m\u00b2-avec-oas-obstacle-avoidance-system-kr235e\/\" \/>\n<meta property=\"og:site_name\" content=\"Landing Kress\" \/>\n<meta property=\"article:modified_time\" content=\"2025-08-05T08:29:11+00:00\" \/>\n<meta property=\"og:image\" content=\"https:\/\/ad.kress.com\/wp-content\/uploads\/2025\/01\/main-logo-kress.webp\" \/>\n\t<meta property=\"og:image:width\" content=\"1038\" \/>\n\t<meta property=\"og:image:height\" content=\"245\" \/>\n\t<meta property=\"og:image:type\" content=\"image\/webp\" \/>\n<meta name=\"twitter:card\" content=\"summary_large_image\" \/>\n<script type=\"application\/ld+json\" class=\"yoast-schema-graph\">{\"@context\":\"https:\/\/schema.org\",\"@graph\":[{\"@type\":\"WebPage\",\"@id\":\"https:\/\/ad.kress.com\/fr-be\/tondeuse-robotisee-kress-rtk%e2%81%bf-de-28-000-m%c2%b2-avec-oas-obstacle-avoidance-system-kr235e\/\",\"url\":\"https:\/\/ad.kress.com\/fr-be\/tondeuse-robotisee-kress-rtk%e2%81%bf-de-28-000-m%c2%b2-avec-oas-obstacle-avoidance-system-kr235e\/\",\"name\":\"Tondeuse robotis\u00e9e Kress RTK\u207f de 28 000 m\u00b2 avec OAS (Obstacle Avoidance System) - Landing Kress\",\"isPartOf\":{\"@id\":\"https:\/\/ad.kress.com\/en-gb\/#website\"},\"datePublished\":\"2025-08-05T08:29:28+00:00\",\"dateModified\":\"2025-08-05T08:29:11+00:00\",\"breadcrumb\":{\"@id\":\"https:\/\/ad.kress.com\/fr-be\/tondeuse-robotisee-kress-rtk%e2%81%bf-de-28-000-m%c2%b2-avec-oas-obstacle-avoidance-system-kr235e\/#breadcrumb\"},\"inLanguage\":\"fr-BE\",\"potentialAction\":[{\"@type\":\"ReadAction\",\"target\":[\"https:\/\/ad.kress.com\/fr-be\/tondeuse-robotisee-kress-rtk%e2%81%bf-de-28-000-m%c2%b2-avec-oas-obstacle-avoidance-system-kr235e\/\"]}]},{\"@type\":\"BreadcrumbList\",\"@id\":\"https:\/\/ad.kress.com\/fr-be\/tondeuse-robotisee-kress-rtk%e2%81%bf-de-28-000-m%c2%b2-avec-oas-obstacle-avoidance-system-kr235e\/#breadcrumb\",\"itemListElement\":[{\"@type\":\"ListItem\",\"position\":1,\"name\":\"Home\",\"item\":\"https:\/\/ad.kress.com\/en-gb\/\"},{\"@type\":\"ListItem\",\"position\":2,\"name\":\"Tondeuse robotis\u00e9e Kress RTK\u207f de 28 000 m\u00b2 avec OAS (Obstacle Avoidance System)\"}]},{\"@type\":\"WebSite\",\"@id\":\"https:\/\/ad.kress.com\/en-gb\/#website\",\"url\":\"https:\/\/ad.kress.com\/en-gb\/\",\"name\":\"Kress - Commercial outdoor power equipment\",\"description\":\"Kress\",\"publisher\":{\"@id\":\"https:\/\/ad.kress.com\/en-gb\/#organization\"},\"alternateName\":\"Kress\",\"potentialAction\":[{\"@type\":\"SearchAction\",\"target\":{\"@type\":\"EntryPoint\",\"urlTemplate\":\"https:\/\/ad.kress.com\/en-gb\/?s={search_term_string}\"},\"query-input\":{\"@type\":\"PropertyValueSpecification\",\"valueRequired\":true,\"valueName\":\"search_term_string\"}}],\"inLanguage\":\"fr-BE\"},{\"@type\":\"Organization\",\"@id\":\"https:\/\/ad.kress.com\/en-gb\/#organization\",\"name\":\"Commercial outdoor power equipment\",\"alternateName\":\"Kress\",\"url\":\"https:\/\/ad.kress.com\/en-gb\/\",\"logo\":{\"@type\":\"ImageObject\",\"inLanguage\":\"fr-BE\",\"@id\":\"https:\/\/ad.kress.com\/en-gb\/#\/schema\/logo\/image\/\",\"url\":\"https:\/\/ad.kress.com\/wp-content\/uploads\/2025\/01\/main-logo-kress.webp\",\"contentUrl\":\"https:\/\/ad.kress.com\/wp-content\/uploads\/2025\/01\/main-logo-kress.webp\",\"width\":1038,\"height\":245,\"caption\":\"Commercial outdoor power equipment\"},\"image\":{\"@id\":\"https:\/\/ad.kress.com\/en-gb\/#\/schema\/logo\/image\/\"}}]}<\/script>\n<!-- \/ Yoast SEO plugin. -->","yoast_head_json":{"title":"Tondeuse robotis\u00e9e Kress RTK\u207f de 28 000 m\u00b2 avec OAS (Obstacle Avoidance System) - Landing Kress","robots":{"index":"index","follow":"follow","max-snippet":"max-snippet:-1","max-image-preview":"max-image-preview:large","max-video-preview":"max-video-preview:-1"},"canonical":"https:\/\/ad.kress.com\/fr-be\/tondeuse-robotisee-kress-rtk\u207f-de-28-000-m\u00b2-avec-oas-obstacle-avoidance-system-kr235e\/","og_locale":"fr_FR","og_type":"article","og_title":"Tondeuse robotis\u00e9e Kress RTK\u207f de 28 000 m\u00b2 avec OAS (Obstacle Avoidance System) - Landing Kress","og_description":"La performance de coupe am\u00e9lior\u00e9e, entra\u00een\u00e9e par un moteur haute moteur haute puissance et d&rsquo;un disque glissant, assure une efficacit\u00e9 et une pr\u00e9cision efficacit\u00e9 et une pr\u00e9cision exceptionnelles dans la coupe de l&rsquo;herbe basse et dense. Avec une hauteur de coupe aussi basse que 10 mm, elle est sp\u00e9cialement con\u00e7ue pour les all\u00e9es sp\u00e9cialement con\u00e7ue&hellip; Continue reading Tondeuse robotis\u00e9e Kress RTK\u207f de 28 000 m\u00b2 avec OAS (Obstacle Avoidance System)","og_url":"https:\/\/ad.kress.com\/fr-be\/tondeuse-robotisee-kress-rtk\u207f-de-28-000-m\u00b2-avec-oas-obstacle-avoidance-system-kr235e\/","og_site_name":"Landing Kress","article_modified_time":"2025-08-05T08:29:11+00:00","og_image":[{"width":1038,"height":245,"url":"https:\/\/ad.kress.com\/wp-content\/uploads\/2025\/01\/main-logo-kress.webp","type":"image\/webp"}],"twitter_card":"summary_large_image","schema":{"@context":"https:\/\/schema.org","@graph":[{"@type":"WebPage","@id":"https:\/\/ad.kress.com\/fr-be\/tondeuse-robotisee-kress-rtk%e2%81%bf-de-28-000-m%c2%b2-avec-oas-obstacle-avoidance-system-kr235e\/","url":"https:\/\/ad.kress.com\/fr-be\/tondeuse-robotisee-kress-rtk%e2%81%bf-de-28-000-m%c2%b2-avec-oas-obstacle-avoidance-system-kr235e\/","name":"Tondeuse robotis\u00e9e Kress RTK\u207f de 28 000 m\u00b2 avec OAS (Obstacle Avoidance System) - Landing Kress","isPartOf":{"@id":"https:\/\/ad.kress.com\/en-gb\/#website"},"datePublished":"2025-08-05T08:29:28+00:00","dateModified":"2025-08-05T08:29:11+00:00","breadcrumb":{"@id":"https:\/\/ad.kress.com\/fr-be\/tondeuse-robotisee-kress-rtk%e2%81%bf-de-28-000-m%c2%b2-avec-oas-obstacle-avoidance-system-kr235e\/#breadcrumb"},"inLanguage":"fr-BE","potentialAction":[{"@type":"ReadAction","target":["https:\/\/ad.kress.com\/fr-be\/tondeuse-robotisee-kress-rtk%e2%81%bf-de-28-000-m%c2%b2-avec-oas-obstacle-avoidance-system-kr235e\/"]}]},{"@type":"BreadcrumbList","@id":"https:\/\/ad.kress.com\/fr-be\/tondeuse-robotisee-kress-rtk%e2%81%bf-de-28-000-m%c2%b2-avec-oas-obstacle-avoidance-system-kr235e\/#breadcrumb","itemListElement":[{"@type":"ListItem","position":1,"name":"Home","item":"https:\/\/ad.kress.com\/en-gb\/"},{"@type":"ListItem","position":2,"name":"Tondeuse robotis\u00e9e Kress RTK\u207f de 28 000 m\u00b2 avec OAS (Obstacle Avoidance System)"}]},{"@type":"WebSite","@id":"https:\/\/ad.kress.com\/en-gb\/#website","url":"https:\/\/ad.kress.com\/en-gb\/","name":"Kress - Commercial outdoor power equipment","description":"Kress","publisher":{"@id":"https:\/\/ad.kress.com\/en-gb\/#organization"},"alternateName":"Kress","potentialAction":[{"@type":"SearchAction","target":{"@type":"EntryPoint","urlTemplate":"https:\/\/ad.kress.com\/en-gb\/?s={search_term_string}"},"query-input":{"@type":"PropertyValueSpecification","valueRequired":true,"valueName":"search_term_string"}}],"inLanguage":"fr-BE"},{"@type":"Organization","@id":"https:\/\/ad.kress.com\/en-gb\/#organization","name":"Commercial outdoor power equipment","alternateName":"Kress","url":"https:\/\/ad.kress.com\/en-gb\/","logo":{"@type":"ImageObject","inLanguage":"fr-BE","@id":"https:\/\/ad.kress.com\/en-gb\/#\/schema\/logo\/image\/","url":"https:\/\/ad.kress.com\/wp-content\/uploads\/2025\/01\/main-logo-kress.webp","contentUrl":"https:\/\/ad.kress.com\/wp-content\/uploads\/2025\/01\/main-logo-kress.webp","width":1038,"height":245,"caption":"Commercial outdoor power equipment"},"image":{"@id":"https:\/\/ad.kress.com\/en-gb\/#\/schema\/logo\/image\/"}}]}},"_links":{"self":[{"href":"https:\/\/ad.kress.com\/fr-be\/wp-json\/wp\/v2\/product\/12226","targetHints":{"allow":["GET"]}}],"collection":[{"href":"https:\/\/ad.kress.com\/fr-be\/wp-json\/wp\/v2\/product"}],"about":[{"href":"https:\/\/ad.kress.com\/fr-be\/wp-json\/wp\/v2\/types\/product"}],"replies":[{"embeddable":true,"href":"https:\/\/ad.kress.com\/fr-be\/wp-json\/wp\/v2\/comments?post=12226"}],"wp:attachment":[{"href":"https:\/\/ad.kress.com\/fr-be\/wp-json\/wp\/v2\/media?parent=12226"}],"wp:term":[{"taxonomy":"product_brand","embeddable":true,"href":"https:\/\/ad.kress.com\/fr-be\/wp-json\/wp\/v2\/product_brand?post=12226"},{"taxonomy":"product_cat","embeddable":true,"href":"https:\/\/ad.kress.com\/fr-be\/wp-json\/wp\/v2\/product_cat?post=12226"},{"taxonomy":"product_tag","embeddable":true,"href":"https:\/\/ad.kress.com\/fr-be\/wp-json\/wp\/v2\/product_tag?post=12226"}],"curies":[{"name":"wp","href":"https:\/\/api.w.org\/{rel}","templated":true}]}}