{"id":7313,"date":"2025-04-04T07:57:54","date_gmt":"2025-04-04T07:57:54","guid":{"rendered":""},"modified":"2025-08-05T08:29:11","modified_gmt":"2025-08-05T08:29:11","slug":"cortabordes-sin-cable-kress-60-v-16-apto-para-accesorios-kg164","status":"publish","type":"product","link":"https:\/\/ad.kress.com\/es-es\/cortabordes-sin-cable-kress-60-v-16-apto-para-accesorios-kg164\/","title":{"rendered":"Recortadora de c\u00e9sped de 60 V con m\u00faltiples accesorios"},"content":{"rendered":"<p>Cortabordes de alto rendimiento Kress 60 V de 40 cm, dise\u00f1ado para el mantenimiento profesional frecuente del jard\u00edn. Este cortabordes cuenta con un potente motor sin escobillas de 1200 W que proporciona la potencia de los cortabordes de gasolina sin las emisiones y los inconvenientes de sus motores. El hilo de 0,095&#8243; de grosor corta suavemente la hierba densa, mientras que el cabezal del cortabordes con sistema de carga r\u00e1pida permite enrollar el hilo sin esfuerzo en cuesti\u00f3n de segundos. Esta herramienta es compatible con m\u00faltiples accesorios para diferentes usos.<\/p>\n","protected":false},"excerpt":{"rendered":"<p>Cortabordes de alto rendimiento Kress 60 V de 40 cm, dise\u00f1ado para el mantenimiento profesional frecuente del jard\u00edn. Este cortabordes cuenta con un potente motor sin escobillas de 1200 W que proporciona la potencia de los cortabordes de gasolina sin las emisiones y los inconvenientes de sus motores. El hilo de 0,095&#8243; de grosor corta&hellip; <a class=\"more-link\" href=\"https:\/\/ad.kress.com\/es-es\/cortabordes-sin-cable-kress-60-v-16-apto-para-accesorios-kg164\/\">Continue reading <span class=\"screen-reader-text\">Recortadora de c\u00e9sped de 60 V con m\u00faltiples accesorios<\/span><\/a><\/p>\n","protected":false},"featured_media":11124,"comment_status":"closed","ping_status":"closed","template":"","meta":[],"product_brand":[],"product_cat":[],"product_tag":[],"class_list":{"0":"post-7313","1":"product","2":"type-product","3":"status-publish","4":"has-post-thumbnail","6":"entry","8":"first","9":"instock","10":"shipping-taxable","11":"product-type-simple"},"yoast_head":"<!-- This site is optimized with the Yoast SEO plugin v24.3 - https:\/\/yoast.com\/wordpress\/plugins\/seo\/ -->\n<title>Recortadora de c\u00e9sped de 60 V con m\u00faltiples accesorios - Landing Kress<\/title>\n<meta name=\"robots\" content=\"index, follow, max-snippet:-1, max-image-preview:large, max-video-preview:-1\" \/>\n<link rel=\"canonical\" href=\"https:\/\/ad.kress.com\/en\/kress-60-v-16-cordless-attachment-capable-string-trimmer-kg164\/\" \/>\n<meta property=\"og:locale\" content=\"es_ES\" \/>\n<meta property=\"og:type\" content=\"article\" \/>\n<meta property=\"og:title\" content=\"Recortadora de c\u00e9sped de 60 V con m\u00faltiples accesorios - Landing Kress\" \/>\n<meta property=\"og:description\" content=\"Cortabordes de alto rendimiento Kress 60 V de 40 cm, dise\u00f1ado para el mantenimiento profesional frecuente del jard\u00edn. Este cortabordes cuenta con un potente motor sin escobillas de 1200 W que proporciona la potencia de los cortabordes de gasolina sin las emisiones y los inconvenientes de sus motores. El hilo de 0,095&#8243; de grosor corta&hellip; Continue reading Recortadora de c\u00e9sped de 60 V con m\u00faltiples accesorios\" \/>\n<meta property=\"og:url\" content=\"https:\/\/ad.kress.com\/en\/kress-60-v-16-cordless-attachment-capable-string-trimmer-kg164\/\" \/>\n<meta property=\"og:site_name\" content=\"Landing Kress\" \/>\n<meta property=\"article:modified_time\" content=\"2025-08-05T08:29:11+00:00\" \/>\n<meta property=\"og:image\" content=\"https:\/\/ad.kress.com\/wp-content\/uploads\/onpage\/op_image_f668381d9b295f0ce98dcefd9be279faa204ffb9.1980x.webp\" \/>\n\t<meta property=\"og:image:width\" content=\"1980\" \/>\n\t<meta property=\"og:image:height\" content=\"1980\" \/>\n\t<meta property=\"og:image:type\" content=\"image\/webp\" \/>\n<meta name=\"twitter:card\" content=\"summary_large_image\" \/>\n<script type=\"application\/ld+json\" class=\"yoast-schema-graph\">{\"@context\":\"https:\/\/schema.org\",\"@graph\":[{\"@type\":\"WebPage\",\"@id\":\"https:\/\/ad.kress.com\/en\/kress-60-v-16-cordless-attachment-capable-string-trimmer-kg164\/\",\"url\":\"https:\/\/ad.kress.com\/en\/kress-60-v-16-cordless-attachment-capable-string-trimmer-kg164\/\",\"name\":\"Recortadora de c\u00e9sped de 60 V con m\u00faltiples accesorios - Landing Kress\",\"isPartOf\":{\"@id\":\"https:\/\/ad.kress.com\/en-gb\/#website\"},\"primaryImageOfPage\":{\"@id\":\"https:\/\/ad.kress.com\/en\/kress-60-v-16-cordless-attachment-capable-string-trimmer-kg164\/#primaryimage\"},\"image\":{\"@id\":\"https:\/\/ad.kress.com\/en\/kress-60-v-16-cordless-attachment-capable-string-trimmer-kg164\/#primaryimage\"},\"thumbnailUrl\":\"https:\/\/ad.kress.com\/wp-content\/uploads\/onpage\/op_image_f668381d9b295f0ce98dcefd9be279faa204ffb9.1980x.webp\",\"datePublished\":\"2025-04-04T07:57:54+00:00\",\"dateModified\":\"2025-08-05T08:29:11+00:00\",\"breadcrumb\":{\"@id\":\"https:\/\/ad.kress.com\/en\/kress-60-v-16-cordless-attachment-capable-string-trimmer-kg164\/#breadcrumb\"},\"inLanguage\":\"es\",\"potentialAction\":[{\"@type\":\"ReadAction\",\"target\":[\"https:\/\/ad.kress.com\/en\/kress-60-v-16-cordless-attachment-capable-string-trimmer-kg164\/\"]}]},{\"@type\":\"ImageObject\",\"inLanguage\":\"es\",\"@id\":\"https:\/\/ad.kress.com\/en\/kress-60-v-16-cordless-attachment-capable-string-trimmer-kg164\/#primaryimage\",\"url\":\"https:\/\/ad.kress.com\/wp-content\/uploads\/onpage\/op_image_f668381d9b295f0ce98dcefd9be279faa204ffb9.1980x.webp\",\"contentUrl\":\"https:\/\/ad.kress.com\/wp-content\/uploads\/onpage\/op_image_f668381d9b295f0ce98dcefd9be279faa204ffb9.1980x.webp\",\"width\":1980,\"height\":1980},{\"@type\":\"BreadcrumbList\",\"@id\":\"https:\/\/ad.kress.com\/en\/kress-60-v-16-cordless-attachment-capable-string-trimmer-kg164\/#breadcrumb\",\"itemListElement\":[{\"@type\":\"ListItem\",\"position\":1,\"name\":\"Home\",\"item\":\"https:\/\/ad.kress.com\/en-gb\/\"},{\"@type\":\"ListItem\",\"position\":2,\"name\":\"Cortabordes sin cable Kress 60 V 16&#8243; apto para accesorios\"}]},{\"@type\":\"WebSite\",\"@id\":\"https:\/\/ad.kress.com\/en-gb\/#website\",\"url\":\"https:\/\/ad.kress.com\/en-gb\/\",\"name\":\"Kress - Commercial outdoor power equipment\",\"description\":\"Kress\",\"publisher\":{\"@id\":\"https:\/\/ad.kress.com\/en-gb\/#organization\"},\"alternateName\":\"Kress\",\"potentialAction\":[{\"@type\":\"SearchAction\",\"target\":{\"@type\":\"EntryPoint\",\"urlTemplate\":\"https:\/\/ad.kress.com\/en-gb\/?s={search_term_string}\"},\"query-input\":{\"@type\":\"PropertyValueSpecification\",\"valueRequired\":true,\"valueName\":\"search_term_string\"}}],\"inLanguage\":\"es\"},{\"@type\":\"Organization\",\"@id\":\"https:\/\/ad.kress.com\/en-gb\/#organization\",\"name\":\"Commercial outdoor power equipment\",\"alternateName\":\"Kress\",\"url\":\"https:\/\/ad.kress.com\/en-gb\/\",\"logo\":{\"@type\":\"ImageObject\",\"inLanguage\":\"es\",\"@id\":\"https:\/\/ad.kress.com\/en-gb\/#\/schema\/logo\/image\/\",\"url\":\"https:\/\/ad.kress.com\/wp-content\/uploads\/2025\/01\/main-logo-kress.webp\",\"contentUrl\":\"https:\/\/ad.kress.com\/wp-content\/uploads\/2025\/01\/main-logo-kress.webp\",\"width\":1038,\"height\":245,\"caption\":\"Commercial outdoor power equipment\"},\"image\":{\"@id\":\"https:\/\/ad.kress.com\/en-gb\/#\/schema\/logo\/image\/\"}}]}<\/script>\n<!-- \/ Yoast SEO plugin. -->","yoast_head_json":{"title":"Recortadora de c\u00e9sped de 60 V con m\u00faltiples accesorios - Landing Kress","robots":{"index":"index","follow":"follow","max-snippet":"max-snippet:-1","max-image-preview":"max-image-preview:large","max-video-preview":"max-video-preview:-1"},"canonical":"https:\/\/ad.kress.com\/en\/kress-60-v-16-cordless-attachment-capable-string-trimmer-kg164\/","og_locale":"es_ES","og_type":"article","og_title":"Recortadora de c\u00e9sped de 60 V con m\u00faltiples accesorios - Landing Kress","og_description":"Cortabordes de alto rendimiento Kress 60 V de 40 cm, dise\u00f1ado para el mantenimiento profesional frecuente del jard\u00edn. Este cortabordes cuenta con un potente motor sin escobillas de 1200 W que proporciona la potencia de los cortabordes de gasolina sin las emisiones y los inconvenientes de sus motores. El hilo de 0,095&#8243; de grosor corta&hellip; Continue reading Recortadora de c\u00e9sped de 60 V con m\u00faltiples accesorios","og_url":"https:\/\/ad.kress.com\/en\/kress-60-v-16-cordless-attachment-capable-string-trimmer-kg164\/","og_site_name":"Landing Kress","article_modified_time":"2025-08-05T08:29:11+00:00","og_image":[{"width":1980,"height":1980,"url":"https:\/\/ad.kress.com\/wp-content\/uploads\/onpage\/op_image_f668381d9b295f0ce98dcefd9be279faa204ffb9.1980x.webp","type":"image\/webp"}],"twitter_card":"summary_large_image","schema":{"@context":"https:\/\/schema.org","@graph":[{"@type":"WebPage","@id":"https:\/\/ad.kress.com\/en\/kress-60-v-16-cordless-attachment-capable-string-trimmer-kg164\/","url":"https:\/\/ad.kress.com\/en\/kress-60-v-16-cordless-attachment-capable-string-trimmer-kg164\/","name":"Recortadora de c\u00e9sped de 60 V con m\u00faltiples accesorios - Landing Kress","isPartOf":{"@id":"https:\/\/ad.kress.com\/en-gb\/#website"},"primaryImageOfPage":{"@id":"https:\/\/ad.kress.com\/en\/kress-60-v-16-cordless-attachment-capable-string-trimmer-kg164\/#primaryimage"},"image":{"@id":"https:\/\/ad.kress.com\/en\/kress-60-v-16-cordless-attachment-capable-string-trimmer-kg164\/#primaryimage"},"thumbnailUrl":"https:\/\/ad.kress.com\/wp-content\/uploads\/onpage\/op_image_f668381d9b295f0ce98dcefd9be279faa204ffb9.1980x.webp","datePublished":"2025-04-04T07:57:54+00:00","dateModified":"2025-08-05T08:29:11+00:00","breadcrumb":{"@id":"https:\/\/ad.kress.com\/en\/kress-60-v-16-cordless-attachment-capable-string-trimmer-kg164\/#breadcrumb"},"inLanguage":"es","potentialAction":[{"@type":"ReadAction","target":["https:\/\/ad.kress.com\/en\/kress-60-v-16-cordless-attachment-capable-string-trimmer-kg164\/"]}]},{"@type":"ImageObject","inLanguage":"es","@id":"https:\/\/ad.kress.com\/en\/kress-60-v-16-cordless-attachment-capable-string-trimmer-kg164\/#primaryimage","url":"https:\/\/ad.kress.com\/wp-content\/uploads\/onpage\/op_image_f668381d9b295f0ce98dcefd9be279faa204ffb9.1980x.webp","contentUrl":"https:\/\/ad.kress.com\/wp-content\/uploads\/onpage\/op_image_f668381d9b295f0ce98dcefd9be279faa204ffb9.1980x.webp","width":1980,"height":1980},{"@type":"BreadcrumbList","@id":"https:\/\/ad.kress.com\/en\/kress-60-v-16-cordless-attachment-capable-string-trimmer-kg164\/#breadcrumb","itemListElement":[{"@type":"ListItem","position":1,"name":"Home","item":"https:\/\/ad.kress.com\/en-gb\/"},{"@type":"ListItem","position":2,"name":"Cortabordes sin cable Kress 60 V 16&#8243; apto para accesorios"}]},{"@type":"WebSite","@id":"https:\/\/ad.kress.com\/en-gb\/#website","url":"https:\/\/ad.kress.com\/en-gb\/","name":"Kress - Commercial outdoor power equipment","description":"Kress","publisher":{"@id":"https:\/\/ad.kress.com\/en-gb\/#organization"},"alternateName":"Kress","potentialAction":[{"@type":"SearchAction","target":{"@type":"EntryPoint","urlTemplate":"https:\/\/ad.kress.com\/en-gb\/?s={search_term_string}"},"query-input":{"@type":"PropertyValueSpecification","valueRequired":true,"valueName":"search_term_string"}}],"inLanguage":"es"},{"@type":"Organization","@id":"https:\/\/ad.kress.com\/en-gb\/#organization","name":"Commercial outdoor power equipment","alternateName":"Kress","url":"https:\/\/ad.kress.com\/en-gb\/","logo":{"@type":"ImageObject","inLanguage":"es","@id":"https:\/\/ad.kress.com\/en-gb\/#\/schema\/logo\/image\/","url":"https:\/\/ad.kress.com\/wp-content\/uploads\/2025\/01\/main-logo-kress.webp","contentUrl":"https:\/\/ad.kress.com\/wp-content\/uploads\/2025\/01\/main-logo-kress.webp","width":1038,"height":245,"caption":"Commercial outdoor power equipment"},"image":{"@id":"https:\/\/ad.kress.com\/en-gb\/#\/schema\/logo\/image\/"}}]}},"_links":{"self":[{"href":"https:\/\/ad.kress.com\/es-es\/wp-json\/wp\/v2\/product\/7313","targetHints":{"allow":["GET"]}}],"collection":[{"href":"https:\/\/ad.kress.com\/es-es\/wp-json\/wp\/v2\/product"}],"about":[{"href":"https:\/\/ad.kress.com\/es-es\/wp-json\/wp\/v2\/types\/product"}],"replies":[{"embeddable":true,"href":"https:\/\/ad.kress.com\/es-es\/wp-json\/wp\/v2\/comments?post=7313"}],"wp:featuredmedia":[{"embeddable":true,"href":"https:\/\/ad.kress.com\/es-es\/wp-json\/wp\/v2\/media\/11124"}],"wp:attachment":[{"href":"https:\/\/ad.kress.com\/es-es\/wp-json\/wp\/v2\/media?parent=7313"}],"wp:term":[{"taxonomy":"product_brand","embeddable":true,"href":"https:\/\/ad.kress.com\/es-es\/wp-json\/wp\/v2\/product_brand?post=7313"},{"taxonomy":"product_cat","embeddable":true,"href":"https:\/\/ad.kress.com\/es-es\/wp-json\/wp\/v2\/product_cat?post=7313"},{"taxonomy":"product_tag","embeddable":true,"href":"https:\/\/ad.kress.com\/es-es\/wp-json\/wp\/v2\/product_tag?post=7313"}],"curies":[{"name":"wp","href":"https:\/\/api.w.org\/{rel}","templated":true}]}}