{"id":7133,"date":"2025-04-04T07:57:51","date_gmt":"2025-04-04T07:57:51","guid":{"rendered":""},"modified":"2025-08-05T08:29:11","modified_gmt":"2025-08-05T08:29:11","slug":"motosierra-kress-commercial-60-v-40-cm-kc310-9","status":"publish","type":"product","link":"https:\/\/ad.kress.com\/es-es\/motosierra-kress-commercial-60-v-40-cm-kc310-9\/","title":{"rendered":"Motosierra Kress Commercial 60 V 40 cm"},"content":{"rendered":"<p>Como motosierra fiable y eficaz para paisajistas profesionales, es perfecta para su uso estacional durante el final de la primavera, el verano y el principio del oto\u00f1o, para tareas duras como el corte de ramas, la limpieza de tormentas y el corte de le\u00f1a. La motosierra cuenta con un potente motor sin escobillas equivalente a una m\u00e1quina de gasolina de 60 cc, que proporciona un excelente rendimiento. Con una alta velocidad de cadena de 24 m\/s, garantiza un corte r\u00e1pido y suave. Su dise\u00f1o compacto y ligero la hace c\u00f3moda de usar, y el intuitivo panel de control con tecnolog\u00eda IOT permite un manejo sencillo. La seguridad se prioriza con un indicador de freno, y los usuarios pueden verificar el estado de lubricaci\u00f3n de la cadena.<\/p>\n","protected":false},"excerpt":{"rendered":"<p>Como motosierra fiable y eficaz para paisajistas profesionales, es perfecta para su uso estacional durante el final de la primavera, el verano y el principio del oto\u00f1o, para tareas duras como el corte de ramas, la limpieza de tormentas y el corte de le\u00f1a. La motosierra cuenta con un potente motor sin escobillas equivalente a&hellip; <a class=\"more-link\" href=\"https:\/\/ad.kress.com\/es-es\/motosierra-kress-commercial-60-v-40-cm-kc310-9\/\">Continue reading <span class=\"screen-reader-text\">Motosierra Kress Commercial 60 V 40 cm<\/span><\/a><\/p>\n","protected":false},"featured_media":0,"comment_status":"closed","ping_status":"closed","template":"","meta":[],"product_brand":[],"product_cat":[],"product_tag":[],"class_list":{"0":"post-7133","1":"product","2":"type-product","3":"status-publish","5":"entry","7":"first","8":"instock","9":"shipping-taxable","10":"purchasable","11":"product-type-simple"},"yoast_head":"<!-- This site is optimized with the Yoast SEO plugin v24.3 - https:\/\/yoast.com\/wordpress\/plugins\/seo\/ -->\n<title>Motosierra Kress Commercial 60 V 40 cm - Landing Kress<\/title>\n<meta name=\"robots\" content=\"index, follow, max-snippet:-1, max-image-preview:large, max-video-preview:-1\" \/>\n<link rel=\"canonical\" href=\"https:\/\/ad.kress.com\/en\/?post_type=product&p=2634\" \/>\n<meta property=\"og:locale\" content=\"es_ES\" \/>\n<meta property=\"og:type\" content=\"article\" \/>\n<meta property=\"og:title\" content=\"Motosierra Kress Commercial 60 V 40 cm - Landing Kress\" \/>\n<meta property=\"og:description\" content=\"Como motosierra fiable y eficaz para paisajistas profesionales, es perfecta para su uso estacional durante el final de la primavera, el verano y el principio del oto\u00f1o, para tareas duras como el corte de ramas, la limpieza de tormentas y el corte de le\u00f1a. La motosierra cuenta con un potente motor sin escobillas equivalente a&hellip; Continue reading Motosierra Kress Commercial 60 V 40 cm\" \/>\n<meta property=\"og:url\" content=\"https:\/\/ad.kress.com\/en\/?post_type=product&amp;p=2634\" \/>\n<meta property=\"og:site_name\" content=\"Landing Kress\" \/>\n<meta property=\"article:modified_time\" content=\"2025-08-05T08:29:11+00:00\" \/>\n<meta property=\"og:image\" content=\"https:\/\/ad.kress.com\/wp-content\/uploads\/2025\/01\/main-logo-kress.webp\" \/>\n\t<meta property=\"og:image:width\" content=\"1038\" \/>\n\t<meta property=\"og:image:height\" content=\"245\" \/>\n\t<meta property=\"og:image:type\" content=\"image\/webp\" \/>\n<meta name=\"twitter:card\" content=\"summary_large_image\" \/>\n<meta name=\"twitter:label1\" content=\"Tiempo de lectura\" \/>\n\t<meta name=\"twitter:data1\" content=\"1 minuto\" \/>\n<script type=\"application\/ld+json\" class=\"yoast-schema-graph\">{\"@context\":\"https:\/\/schema.org\",\"@graph\":[{\"@type\":\"WebPage\",\"@id\":\"https:\/\/ad.kress.com\/en\/?post_type=product&p=2634\",\"url\":\"https:\/\/ad.kress.com\/en\/?post_type=product&p=2634\",\"name\":\"Motosierra Kress Commercial 60 V 40 cm - Landing Kress\",\"isPartOf\":{\"@id\":\"https:\/\/ad.kress.com\/en-gb\/#website\"},\"datePublished\":\"2025-04-04T07:57:51+00:00\",\"dateModified\":\"2025-08-05T08:29:11+00:00\",\"breadcrumb\":{\"@id\":\"https:\/\/ad.kress.com\/en\/?post_type=product&p=2634#breadcrumb\"},\"inLanguage\":\"es\",\"potentialAction\":[{\"@type\":\"ReadAction\",\"target\":[\"https:\/\/ad.kress.com\/en\/?post_type=product&p=2634\"]}]},{\"@type\":\"BreadcrumbList\",\"@id\":\"https:\/\/ad.kress.com\/en\/?post_type=product&p=2634#breadcrumb\",\"itemListElement\":[{\"@type\":\"ListItem\",\"position\":1,\"name\":\"Home\",\"item\":\"https:\/\/ad.kress.com\/en-gb\/\"},{\"@type\":\"ListItem\",\"position\":2,\"name\":\"Motosierra Kress Commercial 60 V 40 cm\"}]},{\"@type\":\"WebSite\",\"@id\":\"https:\/\/ad.kress.com\/en-gb\/#website\",\"url\":\"https:\/\/ad.kress.com\/en-gb\/\",\"name\":\"Kress - Commercial outdoor power equipment\",\"description\":\"Kress\",\"publisher\":{\"@id\":\"https:\/\/ad.kress.com\/en-gb\/#organization\"},\"alternateName\":\"Kress\",\"potentialAction\":[{\"@type\":\"SearchAction\",\"target\":{\"@type\":\"EntryPoint\",\"urlTemplate\":\"https:\/\/ad.kress.com\/en-gb\/?s={search_term_string}\"},\"query-input\":{\"@type\":\"PropertyValueSpecification\",\"valueRequired\":true,\"valueName\":\"search_term_string\"}}],\"inLanguage\":\"es\"},{\"@type\":\"Organization\",\"@id\":\"https:\/\/ad.kress.com\/en-gb\/#organization\",\"name\":\"Commercial outdoor power equipment\",\"alternateName\":\"Kress\",\"url\":\"https:\/\/ad.kress.com\/en-gb\/\",\"logo\":{\"@type\":\"ImageObject\",\"inLanguage\":\"es\",\"@id\":\"https:\/\/ad.kress.com\/en-gb\/#\/schema\/logo\/image\/\",\"url\":\"https:\/\/ad.kress.com\/wp-content\/uploads\/2025\/01\/main-logo-kress.webp\",\"contentUrl\":\"https:\/\/ad.kress.com\/wp-content\/uploads\/2025\/01\/main-logo-kress.webp\",\"width\":1038,\"height\":245,\"caption\":\"Commercial outdoor power equipment\"},\"image\":{\"@id\":\"https:\/\/ad.kress.com\/en-gb\/#\/schema\/logo\/image\/\"}}]}<\/script>\n<!-- \/ Yoast SEO plugin. -->","yoast_head_json":{"title":"Motosierra Kress Commercial 60 V 40 cm - Landing Kress","robots":{"index":"index","follow":"follow","max-snippet":"max-snippet:-1","max-image-preview":"max-image-preview:large","max-video-preview":"max-video-preview:-1"},"canonical":"https:\/\/ad.kress.com\/en\/?post_type=product&p=2634","og_locale":"es_ES","og_type":"article","og_title":"Motosierra Kress Commercial 60 V 40 cm - Landing Kress","og_description":"Como motosierra fiable y eficaz para paisajistas profesionales, es perfecta para su uso estacional durante el final de la primavera, el verano y el principio del oto\u00f1o, para tareas duras como el corte de ramas, la limpieza de tormentas y el corte de le\u00f1a. La motosierra cuenta con un potente motor sin escobillas equivalente a&hellip; Continue reading Motosierra Kress Commercial 60 V 40 cm","og_url":"https:\/\/ad.kress.com\/en\/?post_type=product&p=2634","og_site_name":"Landing Kress","article_modified_time":"2025-08-05T08:29:11+00:00","og_image":[{"width":1038,"height":245,"url":"https:\/\/ad.kress.com\/wp-content\/uploads\/2025\/01\/main-logo-kress.webp","type":"image\/webp"}],"twitter_card":"summary_large_image","twitter_misc":{"Tiempo de lectura":"1 minuto"},"schema":{"@context":"https:\/\/schema.org","@graph":[{"@type":"WebPage","@id":"https:\/\/ad.kress.com\/en\/?post_type=product&p=2634","url":"https:\/\/ad.kress.com\/en\/?post_type=product&p=2634","name":"Motosierra Kress Commercial 60 V 40 cm - Landing Kress","isPartOf":{"@id":"https:\/\/ad.kress.com\/en-gb\/#website"},"datePublished":"2025-04-04T07:57:51+00:00","dateModified":"2025-08-05T08:29:11+00:00","breadcrumb":{"@id":"https:\/\/ad.kress.com\/en\/?post_type=product&p=2634#breadcrumb"},"inLanguage":"es","potentialAction":[{"@type":"ReadAction","target":["https:\/\/ad.kress.com\/en\/?post_type=product&p=2634"]}]},{"@type":"BreadcrumbList","@id":"https:\/\/ad.kress.com\/en\/?post_type=product&p=2634#breadcrumb","itemListElement":[{"@type":"ListItem","position":1,"name":"Home","item":"https:\/\/ad.kress.com\/en-gb\/"},{"@type":"ListItem","position":2,"name":"Motosierra Kress Commercial 60 V 40 cm"}]},{"@type":"WebSite","@id":"https:\/\/ad.kress.com\/en-gb\/#website","url":"https:\/\/ad.kress.com\/en-gb\/","name":"Kress - Commercial outdoor power equipment","description":"Kress","publisher":{"@id":"https:\/\/ad.kress.com\/en-gb\/#organization"},"alternateName":"Kress","potentialAction":[{"@type":"SearchAction","target":{"@type":"EntryPoint","urlTemplate":"https:\/\/ad.kress.com\/en-gb\/?s={search_term_string}"},"query-input":{"@type":"PropertyValueSpecification","valueRequired":true,"valueName":"search_term_string"}}],"inLanguage":"es"},{"@type":"Organization","@id":"https:\/\/ad.kress.com\/en-gb\/#organization","name":"Commercial outdoor power equipment","alternateName":"Kress","url":"https:\/\/ad.kress.com\/en-gb\/","logo":{"@type":"ImageObject","inLanguage":"es","@id":"https:\/\/ad.kress.com\/en-gb\/#\/schema\/logo\/image\/","url":"https:\/\/ad.kress.com\/wp-content\/uploads\/2025\/01\/main-logo-kress.webp","contentUrl":"https:\/\/ad.kress.com\/wp-content\/uploads\/2025\/01\/main-logo-kress.webp","width":1038,"height":245,"caption":"Commercial outdoor power equipment"},"image":{"@id":"https:\/\/ad.kress.com\/en-gb\/#\/schema\/logo\/image\/"}}]}},"_links":{"self":[{"href":"https:\/\/ad.kress.com\/es-es\/wp-json\/wp\/v2\/product\/7133","targetHints":{"allow":["GET"]}}],"collection":[{"href":"https:\/\/ad.kress.com\/es-es\/wp-json\/wp\/v2\/product"}],"about":[{"href":"https:\/\/ad.kress.com\/es-es\/wp-json\/wp\/v2\/types\/product"}],"replies":[{"embeddable":true,"href":"https:\/\/ad.kress.com\/es-es\/wp-json\/wp\/v2\/comments?post=7133"}],"wp:attachment":[{"href":"https:\/\/ad.kress.com\/es-es\/wp-json\/wp\/v2\/media?parent=7133"}],"wp:term":[{"taxonomy":"product_brand","embeddable":true,"href":"https:\/\/ad.kress.com\/es-es\/wp-json\/wp\/v2\/product_brand?post=7133"},{"taxonomy":"product_cat","embeddable":true,"href":"https:\/\/ad.kress.com\/es-es\/wp-json\/wp\/v2\/product_cat?post=7133"},{"taxonomy":"product_tag","embeddable":true,"href":"https:\/\/ad.kress.com\/es-es\/wp-json\/wp\/v2\/product_tag?post=7133"}],"curies":[{"name":"wp","href":"https:\/\/api.w.org\/{rel}","templated":true}]}}