{"id":7113,"date":"2025-04-04T07:57:51","date_gmt":"2025-04-04T07:57:51","guid":{"rendered":""},"modified":"2025-08-05T08:29:11","modified_gmt":"2025-08-05T08:29:11","slug":"cortadora-de-setos-de-pertiga-60-v-linea-comercial-kc241-9","status":"publish","type":"product","link":"https:\/\/ad.kress.com\/es-es\/cortadora-de-setos-de-pertiga-60-v-linea-comercial-kc241-9\/","title":{"rendered":"Cortadora de setos de p\u00e9rtiga, 60 V, l\u00ednea comercial"},"content":{"rendered":"<p>Dise\u00f1ado para empresas de jardiner\u00eda y municipios que buscan integrar pr\u00e1cticas sostenibles en sus operaciones, el cortasetos de p\u00e9rtiga de \u00e1ngulo fijo y eje corto Kress Commercial fusiona la robusta potencia de un motor de 1 kW con la delicadeza de un cortasetos de gas de 25 cc, garantizando cortes meticulosos en setos de tama\u00f1o medio. La funci\u00f3n de \u00e1ngulo fijo, combinada con una cuchilla de acero de doble acci\u00f3n y corte l\u00e1ser de 55 cm, ofrece resultados de corte uniformes, mejorando la productividad. Como parte del CyberSystem Comercial de Kress, ofrece un rendimiento de alta gama con la ventaja de unos costes de funcionamiento m\u00e1s bajos en comparaci\u00f3n con los sistemas de gas y otros sistemas de bater\u00eda.<\/p>\n","protected":false},"excerpt":{"rendered":"<p>Dise\u00f1ado para empresas de jardiner\u00eda y municipios que buscan integrar pr\u00e1cticas sostenibles en sus operaciones, el cortasetos de p\u00e9rtiga de \u00e1ngulo fijo y eje corto Kress Commercial fusiona la robusta potencia de un motor de 1 kW con la delicadeza de un cortasetos de gas de 25 cc, garantizando cortes meticulosos en setos de tama\u00f1o&hellip; <a class=\"more-link\" href=\"https:\/\/ad.kress.com\/es-es\/cortadora-de-setos-de-pertiga-60-v-linea-comercial-kc241-9\/\">Continue reading <span class=\"screen-reader-text\">Cortadora de setos de p\u00e9rtiga, 60 V, l\u00ednea comercial<\/span><\/a><\/p>\n","protected":false},"featured_media":10954,"comment_status":"closed","ping_status":"closed","template":"","meta":[],"product_brand":[],"product_cat":[],"product_tag":[],"class_list":{"0":"post-7113","1":"product","2":"type-product","3":"status-publish","4":"has-post-thumbnail","6":"entry","8":"first","9":"instock","10":"shipping-taxable","11":"purchasable","12":"product-type-simple"},"yoast_head":"<!-- This site is optimized with the Yoast SEO plugin v24.3 - https:\/\/yoast.com\/wordpress\/plugins\/seo\/ -->\n<title>Cortadora de setos de p\u00e9rtiga, 60 V, l\u00ednea comercial - Landing Kress<\/title>\n<meta name=\"robots\" content=\"index, follow, max-snippet:-1, max-image-preview:large, max-video-preview:-1\" \/>\n<link rel=\"canonical\" href=\"https:\/\/ad.kress.com\/en\/commercial-grade-60-v-pole-hedge-trimmer-kc241-9\/\" \/>\n<meta property=\"og:locale\" content=\"es_ES\" \/>\n<meta property=\"og:type\" content=\"article\" \/>\n<meta property=\"og:title\" content=\"Cortadora de setos de p\u00e9rtiga, 60 V, l\u00ednea comercial - Landing Kress\" \/>\n<meta property=\"og:description\" content=\"Dise\u00f1ado para empresas de jardiner\u00eda y municipios que buscan integrar pr\u00e1cticas sostenibles en sus operaciones, el cortasetos de p\u00e9rtiga de \u00e1ngulo fijo y eje corto Kress Commercial fusiona la robusta potencia de un motor de 1 kW con la delicadeza de un cortasetos de gas de 25 cc, garantizando cortes meticulosos en setos de tama\u00f1o&hellip; Continue reading Cortadora de setos de p\u00e9rtiga, 60 V, l\u00ednea comercial\" \/>\n<meta property=\"og:url\" content=\"https:\/\/ad.kress.com\/en\/commercial-grade-60-v-pole-hedge-trimmer-kc241-9\/\" \/>\n<meta property=\"og:site_name\" content=\"Landing Kress\" \/>\n<meta property=\"article:modified_time\" content=\"2025-08-05T08:29:11+00:00\" \/>\n<meta property=\"og:image\" content=\"https:\/\/ad.kress.com\/wp-content\/uploads\/onpage\/op_image_2d4c0b8d97a149ad3a19d6ad203f3c8e699a98ec.1980x.webp\" \/>\n\t<meta property=\"og:image:width\" content=\"1980\" \/>\n\t<meta property=\"og:image:height\" content=\"1980\" \/>\n\t<meta property=\"og:image:type\" content=\"image\/webp\" \/>\n<meta name=\"twitter:card\" content=\"summary_large_image\" \/>\n<meta name=\"twitter:label1\" content=\"Tiempo de lectura\" \/>\n\t<meta name=\"twitter:data1\" content=\"1 minuto\" \/>\n<script type=\"application\/ld+json\" class=\"yoast-schema-graph\">{\"@context\":\"https:\/\/schema.org\",\"@graph\":[{\"@type\":\"WebPage\",\"@id\":\"https:\/\/ad.kress.com\/en\/commercial-grade-60-v-pole-hedge-trimmer-kc241-9\/\",\"url\":\"https:\/\/ad.kress.com\/en\/commercial-grade-60-v-pole-hedge-trimmer-kc241-9\/\",\"name\":\"Cortadora de setos de p\u00e9rtiga, 60 V, l\u00ednea comercial - Landing Kress\",\"isPartOf\":{\"@id\":\"https:\/\/ad.kress.com\/en-gb\/#website\"},\"primaryImageOfPage\":{\"@id\":\"https:\/\/ad.kress.com\/en\/commercial-grade-60-v-pole-hedge-trimmer-kc241-9\/#primaryimage\"},\"image\":{\"@id\":\"https:\/\/ad.kress.com\/en\/commercial-grade-60-v-pole-hedge-trimmer-kc241-9\/#primaryimage\"},\"thumbnailUrl\":\"https:\/\/ad.kress.com\/wp-content\/uploads\/onpage\/op_image_2d4c0b8d97a149ad3a19d6ad203f3c8e699a98ec.1980x.webp\",\"datePublished\":\"2025-04-04T07:57:51+00:00\",\"dateModified\":\"2025-08-05T08:29:11+00:00\",\"breadcrumb\":{\"@id\":\"https:\/\/ad.kress.com\/en\/commercial-grade-60-v-pole-hedge-trimmer-kc241-9\/#breadcrumb\"},\"inLanguage\":\"es\",\"potentialAction\":[{\"@type\":\"ReadAction\",\"target\":[\"https:\/\/ad.kress.com\/en\/commercial-grade-60-v-pole-hedge-trimmer-kc241-9\/\"]}]},{\"@type\":\"ImageObject\",\"inLanguage\":\"es\",\"@id\":\"https:\/\/ad.kress.com\/en\/commercial-grade-60-v-pole-hedge-trimmer-kc241-9\/#primaryimage\",\"url\":\"https:\/\/ad.kress.com\/wp-content\/uploads\/onpage\/op_image_2d4c0b8d97a149ad3a19d6ad203f3c8e699a98ec.1980x.webp\",\"contentUrl\":\"https:\/\/ad.kress.com\/wp-content\/uploads\/onpage\/op_image_2d4c0b8d97a149ad3a19d6ad203f3c8e699a98ec.1980x.webp\",\"width\":1980,\"height\":1980},{\"@type\":\"BreadcrumbList\",\"@id\":\"https:\/\/ad.kress.com\/en\/commercial-grade-60-v-pole-hedge-trimmer-kc241-9\/#breadcrumb\",\"itemListElement\":[{\"@type\":\"ListItem\",\"position\":1,\"name\":\"Home\",\"item\":\"https:\/\/ad.kress.com\/en-gb\/\"},{\"@type\":\"ListItem\",\"position\":2,\"name\":\"Cortadora de setos de p\u00e9rtiga, 60 V, l\u00ednea comercial\"}]},{\"@type\":\"WebSite\",\"@id\":\"https:\/\/ad.kress.com\/en-gb\/#website\",\"url\":\"https:\/\/ad.kress.com\/en-gb\/\",\"name\":\"Kress - Commercial outdoor power equipment\",\"description\":\"Kress\",\"publisher\":{\"@id\":\"https:\/\/ad.kress.com\/en-gb\/#organization\"},\"alternateName\":\"Kress\",\"potentialAction\":[{\"@type\":\"SearchAction\",\"target\":{\"@type\":\"EntryPoint\",\"urlTemplate\":\"https:\/\/ad.kress.com\/en-gb\/?s={search_term_string}\"},\"query-input\":{\"@type\":\"PropertyValueSpecification\",\"valueRequired\":true,\"valueName\":\"search_term_string\"}}],\"inLanguage\":\"es\"},{\"@type\":\"Organization\",\"@id\":\"https:\/\/ad.kress.com\/en-gb\/#organization\",\"name\":\"Commercial outdoor power equipment\",\"alternateName\":\"Kress\",\"url\":\"https:\/\/ad.kress.com\/en-gb\/\",\"logo\":{\"@type\":\"ImageObject\",\"inLanguage\":\"es\",\"@id\":\"https:\/\/ad.kress.com\/en-gb\/#\/schema\/logo\/image\/\",\"url\":\"https:\/\/ad.kress.com\/wp-content\/uploads\/2025\/01\/main-logo-kress.webp\",\"contentUrl\":\"https:\/\/ad.kress.com\/wp-content\/uploads\/2025\/01\/main-logo-kress.webp\",\"width\":1038,\"height\":245,\"caption\":\"Commercial outdoor power equipment\"},\"image\":{\"@id\":\"https:\/\/ad.kress.com\/en-gb\/#\/schema\/logo\/image\/\"}}]}<\/script>\n<!-- \/ Yoast SEO plugin. -->","yoast_head_json":{"title":"Cortadora de setos de p\u00e9rtiga, 60 V, l\u00ednea comercial - Landing Kress","robots":{"index":"index","follow":"follow","max-snippet":"max-snippet:-1","max-image-preview":"max-image-preview:large","max-video-preview":"max-video-preview:-1"},"canonical":"https:\/\/ad.kress.com\/en\/commercial-grade-60-v-pole-hedge-trimmer-kc241-9\/","og_locale":"es_ES","og_type":"article","og_title":"Cortadora de setos de p\u00e9rtiga, 60 V, l\u00ednea comercial - Landing Kress","og_description":"Dise\u00f1ado para empresas de jardiner\u00eda y municipios que buscan integrar pr\u00e1cticas sostenibles en sus operaciones, el cortasetos de p\u00e9rtiga de \u00e1ngulo fijo y eje corto Kress Commercial fusiona la robusta potencia de un motor de 1 kW con la delicadeza de un cortasetos de gas de 25 cc, garantizando cortes meticulosos en setos de tama\u00f1o&hellip; Continue reading Cortadora de setos de p\u00e9rtiga, 60 V, l\u00ednea comercial","og_url":"https:\/\/ad.kress.com\/en\/commercial-grade-60-v-pole-hedge-trimmer-kc241-9\/","og_site_name":"Landing Kress","article_modified_time":"2025-08-05T08:29:11+00:00","og_image":[{"width":1980,"height":1980,"url":"https:\/\/ad.kress.com\/wp-content\/uploads\/onpage\/op_image_2d4c0b8d97a149ad3a19d6ad203f3c8e699a98ec.1980x.webp","type":"image\/webp"}],"twitter_card":"summary_large_image","twitter_misc":{"Tiempo de lectura":"1 minuto"},"schema":{"@context":"https:\/\/schema.org","@graph":[{"@type":"WebPage","@id":"https:\/\/ad.kress.com\/en\/commercial-grade-60-v-pole-hedge-trimmer-kc241-9\/","url":"https:\/\/ad.kress.com\/en\/commercial-grade-60-v-pole-hedge-trimmer-kc241-9\/","name":"Cortadora de setos de p\u00e9rtiga, 60 V, l\u00ednea comercial - Landing Kress","isPartOf":{"@id":"https:\/\/ad.kress.com\/en-gb\/#website"},"primaryImageOfPage":{"@id":"https:\/\/ad.kress.com\/en\/commercial-grade-60-v-pole-hedge-trimmer-kc241-9\/#primaryimage"},"image":{"@id":"https:\/\/ad.kress.com\/en\/commercial-grade-60-v-pole-hedge-trimmer-kc241-9\/#primaryimage"},"thumbnailUrl":"https:\/\/ad.kress.com\/wp-content\/uploads\/onpage\/op_image_2d4c0b8d97a149ad3a19d6ad203f3c8e699a98ec.1980x.webp","datePublished":"2025-04-04T07:57:51+00:00","dateModified":"2025-08-05T08:29:11+00:00","breadcrumb":{"@id":"https:\/\/ad.kress.com\/en\/commercial-grade-60-v-pole-hedge-trimmer-kc241-9\/#breadcrumb"},"inLanguage":"es","potentialAction":[{"@type":"ReadAction","target":["https:\/\/ad.kress.com\/en\/commercial-grade-60-v-pole-hedge-trimmer-kc241-9\/"]}]},{"@type":"ImageObject","inLanguage":"es","@id":"https:\/\/ad.kress.com\/en\/commercial-grade-60-v-pole-hedge-trimmer-kc241-9\/#primaryimage","url":"https:\/\/ad.kress.com\/wp-content\/uploads\/onpage\/op_image_2d4c0b8d97a149ad3a19d6ad203f3c8e699a98ec.1980x.webp","contentUrl":"https:\/\/ad.kress.com\/wp-content\/uploads\/onpage\/op_image_2d4c0b8d97a149ad3a19d6ad203f3c8e699a98ec.1980x.webp","width":1980,"height":1980},{"@type":"BreadcrumbList","@id":"https:\/\/ad.kress.com\/en\/commercial-grade-60-v-pole-hedge-trimmer-kc241-9\/#breadcrumb","itemListElement":[{"@type":"ListItem","position":1,"name":"Home","item":"https:\/\/ad.kress.com\/en-gb\/"},{"@type":"ListItem","position":2,"name":"Cortadora de setos de p\u00e9rtiga, 60 V, l\u00ednea comercial"}]},{"@type":"WebSite","@id":"https:\/\/ad.kress.com\/en-gb\/#website","url":"https:\/\/ad.kress.com\/en-gb\/","name":"Kress - Commercial outdoor power equipment","description":"Kress","publisher":{"@id":"https:\/\/ad.kress.com\/en-gb\/#organization"},"alternateName":"Kress","potentialAction":[{"@type":"SearchAction","target":{"@type":"EntryPoint","urlTemplate":"https:\/\/ad.kress.com\/en-gb\/?s={search_term_string}"},"query-input":{"@type":"PropertyValueSpecification","valueRequired":true,"valueName":"search_term_string"}}],"inLanguage":"es"},{"@type":"Organization","@id":"https:\/\/ad.kress.com\/en-gb\/#organization","name":"Commercial outdoor power equipment","alternateName":"Kress","url":"https:\/\/ad.kress.com\/en-gb\/","logo":{"@type":"ImageObject","inLanguage":"es","@id":"https:\/\/ad.kress.com\/en-gb\/#\/schema\/logo\/image\/","url":"https:\/\/ad.kress.com\/wp-content\/uploads\/2025\/01\/main-logo-kress.webp","contentUrl":"https:\/\/ad.kress.com\/wp-content\/uploads\/2025\/01\/main-logo-kress.webp","width":1038,"height":245,"caption":"Commercial outdoor power equipment"},"image":{"@id":"https:\/\/ad.kress.com\/en-gb\/#\/schema\/logo\/image\/"}}]}},"_links":{"self":[{"href":"https:\/\/ad.kress.com\/es-es\/wp-json\/wp\/v2\/product\/7113","targetHints":{"allow":["GET"]}}],"collection":[{"href":"https:\/\/ad.kress.com\/es-es\/wp-json\/wp\/v2\/product"}],"about":[{"href":"https:\/\/ad.kress.com\/es-es\/wp-json\/wp\/v2\/types\/product"}],"replies":[{"embeddable":true,"href":"https:\/\/ad.kress.com\/es-es\/wp-json\/wp\/v2\/comments?post=7113"}],"wp:featuredmedia":[{"embeddable":true,"href":"https:\/\/ad.kress.com\/es-es\/wp-json\/wp\/v2\/media\/10954"}],"wp:attachment":[{"href":"https:\/\/ad.kress.com\/es-es\/wp-json\/wp\/v2\/media?parent=7113"}],"wp:term":[{"taxonomy":"product_brand","embeddable":true,"href":"https:\/\/ad.kress.com\/es-es\/wp-json\/wp\/v2\/product_brand?post=7113"},{"taxonomy":"product_cat","embeddable":true,"href":"https:\/\/ad.kress.com\/es-es\/wp-json\/wp\/v2\/product_cat?post=7113"},{"taxonomy":"product_tag","embeddable":true,"href":"https:\/\/ad.kress.com\/es-es\/wp-json\/wp\/v2\/product_tag?post=7113"}],"curies":[{"name":"wp","href":"https:\/\/api.w.org\/{rel}","templated":true}]}}