{"id":7013,"date":"2025-04-04T07:57:50","date_gmt":"2025-04-04T07:57:50","guid":{"rendered":""},"modified":"2025-08-05T08:29:11","modified_gmt":"2025-08-05T08:29:11","slug":"recortadora-de-cesped-profesional-de-60-v-con-multiples-accesorios-kc120-9","status":"publish","type":"product","link":"https:\/\/ad.kress.com\/es-es\/recortadora-de-cesped-profesional-de-60-v-con-multiples-accesorios-kc120-9\/","title":{"rendered":"Recortadora de c\u00e9sped profesional de 60 V con m\u00faltiples accesorios"},"content":{"rendered":"<p>Dise\u00f1ada para empresas de jardiner\u00eda y municipios que buscan integrar pr\u00e1cticas sostenibles en sus operaciones, la herramienta multifunci\u00f3n Kress Commercial ofrece una excelente versatilidad con sus seis accesorios*. Impulsada por un motor de 1,3 kW, garantiza un rendimiento robusto en una variedad de tareas, desde el recorte hasta el bordeado. Como parte del CyberSystem Comercial de Kress, ofrece un rendimiento de alta gama con la ventaja de unos costes de funcionamiento m\u00e1s bajos en comparaci\u00f3n con los sistemas de gasolina y otros sistemas de bater\u00eda.<\/p>\n<\/p>\n<p>*Accesorios no incluidos<\/p>\n","protected":false},"excerpt":{"rendered":"<p>Dise\u00f1ada para empresas de jardiner\u00eda y municipios que buscan integrar pr\u00e1cticas sostenibles en sus operaciones, la herramienta multifunci\u00f3n Kress Commercial ofrece una excelente versatilidad con sus seis accesorios*. Impulsada por un motor de 1,3 kW, garantiza un rendimiento robusto en una variedad de tareas, desde el recorte hasta el bordeado. Como parte del CyberSystem Comercial&hellip; <a class=\"more-link\" href=\"https:\/\/ad.kress.com\/es-es\/recortadora-de-cesped-profesional-de-60-v-con-multiples-accesorios-kc120-9\/\">Continue reading <span class=\"screen-reader-text\">Recortadora de c\u00e9sped profesional de 60 V con m\u00faltiples accesorios<\/span><\/a><\/p>\n","protected":false},"featured_media":10852,"comment_status":"closed","ping_status":"closed","template":"","meta":[],"product_brand":[],"product_cat":[],"product_tag":[],"class_list":{"0":"post-7013","1":"product","2":"type-product","3":"status-publish","4":"has-post-thumbnail","6":"entry","8":"first","9":"instock","10":"shipping-taxable","11":"purchasable","12":"product-type-simple"},"yoast_head":"<!-- This site is optimized with the Yoast SEO plugin v24.3 - https:\/\/yoast.com\/wordpress\/plugins\/seo\/ -->\n<title>Recortadora de c\u00e9sped profesional de 60 V con m\u00faltiples accesorios - Landing Kress<\/title>\n<meta name=\"robots\" content=\"index, follow, max-snippet:-1, max-image-preview:large, max-video-preview:-1\" \/>\n<link rel=\"canonical\" href=\"https:\/\/ad.kress.com\/en\/commercial-grade-60-v-multi-attachment-grass-trimmer-kc120-9\/\" \/>\n<meta property=\"og:locale\" content=\"es_ES\" \/>\n<meta property=\"og:type\" content=\"article\" \/>\n<meta property=\"og:title\" content=\"Recortadora de c\u00e9sped profesional de 60 V con m\u00faltiples accesorios - Landing Kress\" \/>\n<meta property=\"og:description\" content=\"Dise\u00f1ada para empresas de jardiner\u00eda y municipios que buscan integrar pr\u00e1cticas sostenibles en sus operaciones, la herramienta multifunci\u00f3n Kress Commercial ofrece una excelente versatilidad con sus seis accesorios*. Impulsada por un motor de 1,3 kW, garantiza un rendimiento robusto en una variedad de tareas, desde el recorte hasta el bordeado. Como parte del CyberSystem Comercial&hellip; Continue reading Recortadora de c\u00e9sped profesional de 60 V con m\u00faltiples accesorios\" \/>\n<meta property=\"og:url\" content=\"https:\/\/ad.kress.com\/en\/commercial-grade-60-v-multi-attachment-grass-trimmer-kc120-9\/\" \/>\n<meta property=\"og:site_name\" content=\"Landing Kress\" \/>\n<meta property=\"article:modified_time\" content=\"2025-08-05T08:29:11+00:00\" \/>\n<meta property=\"og:image\" content=\"https:\/\/ad.kress.com\/wp-content\/uploads\/onpage\/op_image_6cd306048e27e9766346e4489dc2a48761c27642.1980x.webp\" \/>\n\t<meta property=\"og:image:width\" content=\"1980\" \/>\n\t<meta property=\"og:image:height\" content=\"1980\" \/>\n\t<meta property=\"og:image:type\" content=\"image\/webp\" \/>\n<meta name=\"twitter:card\" content=\"summary_large_image\" \/>\n<script type=\"application\/ld+json\" class=\"yoast-schema-graph\">{\"@context\":\"https:\/\/schema.org\",\"@graph\":[{\"@type\":\"WebPage\",\"@id\":\"https:\/\/ad.kress.com\/en\/commercial-grade-60-v-multi-attachment-grass-trimmer-kc120-9\/\",\"url\":\"https:\/\/ad.kress.com\/en\/commercial-grade-60-v-multi-attachment-grass-trimmer-kc120-9\/\",\"name\":\"Recortadora de c\u00e9sped profesional de 60 V con m\u00faltiples accesorios - Landing Kress\",\"isPartOf\":{\"@id\":\"https:\/\/ad.kress.com\/en-gb\/#website\"},\"primaryImageOfPage\":{\"@id\":\"https:\/\/ad.kress.com\/en\/commercial-grade-60-v-multi-attachment-grass-trimmer-kc120-9\/#primaryimage\"},\"image\":{\"@id\":\"https:\/\/ad.kress.com\/en\/commercial-grade-60-v-multi-attachment-grass-trimmer-kc120-9\/#primaryimage\"},\"thumbnailUrl\":\"https:\/\/ad.kress.com\/wp-content\/uploads\/onpage\/op_image_6cd306048e27e9766346e4489dc2a48761c27642.1980x.webp\",\"datePublished\":\"2025-04-04T07:57:50+00:00\",\"dateModified\":\"2025-08-05T08:29:11+00:00\",\"breadcrumb\":{\"@id\":\"https:\/\/ad.kress.com\/en\/commercial-grade-60-v-multi-attachment-grass-trimmer-kc120-9\/#breadcrumb\"},\"inLanguage\":\"es\",\"potentialAction\":[{\"@type\":\"ReadAction\",\"target\":[\"https:\/\/ad.kress.com\/en\/commercial-grade-60-v-multi-attachment-grass-trimmer-kc120-9\/\"]}]},{\"@type\":\"ImageObject\",\"inLanguage\":\"es\",\"@id\":\"https:\/\/ad.kress.com\/en\/commercial-grade-60-v-multi-attachment-grass-trimmer-kc120-9\/#primaryimage\",\"url\":\"https:\/\/ad.kress.com\/wp-content\/uploads\/onpage\/op_image_6cd306048e27e9766346e4489dc2a48761c27642.1980x.webp\",\"contentUrl\":\"https:\/\/ad.kress.com\/wp-content\/uploads\/onpage\/op_image_6cd306048e27e9766346e4489dc2a48761c27642.1980x.webp\",\"width\":1980,\"height\":1980},{\"@type\":\"BreadcrumbList\",\"@id\":\"https:\/\/ad.kress.com\/en\/commercial-grade-60-v-multi-attachment-grass-trimmer-kc120-9\/#breadcrumb\",\"itemListElement\":[{\"@type\":\"ListItem\",\"position\":1,\"name\":\"Home\",\"item\":\"https:\/\/ad.kress.com\/en-gb\/\"},{\"@type\":\"ListItem\",\"position\":2,\"name\":\"Recortadora de c\u00e9sped profesional de 60 V con m\u00faltiples accesorios\"}]},{\"@type\":\"WebSite\",\"@id\":\"https:\/\/ad.kress.com\/en-gb\/#website\",\"url\":\"https:\/\/ad.kress.com\/en-gb\/\",\"name\":\"Kress - Commercial outdoor power equipment\",\"description\":\"Kress\",\"publisher\":{\"@id\":\"https:\/\/ad.kress.com\/en-gb\/#organization\"},\"alternateName\":\"Kress\",\"potentialAction\":[{\"@type\":\"SearchAction\",\"target\":{\"@type\":\"EntryPoint\",\"urlTemplate\":\"https:\/\/ad.kress.com\/en-gb\/?s={search_term_string}\"},\"query-input\":{\"@type\":\"PropertyValueSpecification\",\"valueRequired\":true,\"valueName\":\"search_term_string\"}}],\"inLanguage\":\"es\"},{\"@type\":\"Organization\",\"@id\":\"https:\/\/ad.kress.com\/en-gb\/#organization\",\"name\":\"Commercial outdoor power equipment\",\"alternateName\":\"Kress\",\"url\":\"https:\/\/ad.kress.com\/en-gb\/\",\"logo\":{\"@type\":\"ImageObject\",\"inLanguage\":\"es\",\"@id\":\"https:\/\/ad.kress.com\/en-gb\/#\/schema\/logo\/image\/\",\"url\":\"https:\/\/ad.kress.com\/wp-content\/uploads\/2025\/01\/main-logo-kress.webp\",\"contentUrl\":\"https:\/\/ad.kress.com\/wp-content\/uploads\/2025\/01\/main-logo-kress.webp\",\"width\":1038,\"height\":245,\"caption\":\"Commercial outdoor power equipment\"},\"image\":{\"@id\":\"https:\/\/ad.kress.com\/en-gb\/#\/schema\/logo\/image\/\"}}]}<\/script>\n<!-- \/ Yoast SEO plugin. -->","yoast_head_json":{"title":"Recortadora de c\u00e9sped profesional de 60 V con m\u00faltiples accesorios - Landing Kress","robots":{"index":"index","follow":"follow","max-snippet":"max-snippet:-1","max-image-preview":"max-image-preview:large","max-video-preview":"max-video-preview:-1"},"canonical":"https:\/\/ad.kress.com\/en\/commercial-grade-60-v-multi-attachment-grass-trimmer-kc120-9\/","og_locale":"es_ES","og_type":"article","og_title":"Recortadora de c\u00e9sped profesional de 60 V con m\u00faltiples accesorios - Landing Kress","og_description":"Dise\u00f1ada para empresas de jardiner\u00eda y municipios que buscan integrar pr\u00e1cticas sostenibles en sus operaciones, la herramienta multifunci\u00f3n Kress Commercial ofrece una excelente versatilidad con sus seis accesorios*. Impulsada por un motor de 1,3 kW, garantiza un rendimiento robusto en una variedad de tareas, desde el recorte hasta el bordeado. Como parte del CyberSystem Comercial&hellip; Continue reading Recortadora de c\u00e9sped profesional de 60 V con m\u00faltiples accesorios","og_url":"https:\/\/ad.kress.com\/en\/commercial-grade-60-v-multi-attachment-grass-trimmer-kc120-9\/","og_site_name":"Landing Kress","article_modified_time":"2025-08-05T08:29:11+00:00","og_image":[{"width":1980,"height":1980,"url":"https:\/\/ad.kress.com\/wp-content\/uploads\/onpage\/op_image_6cd306048e27e9766346e4489dc2a48761c27642.1980x.webp","type":"image\/webp"}],"twitter_card":"summary_large_image","schema":{"@context":"https:\/\/schema.org","@graph":[{"@type":"WebPage","@id":"https:\/\/ad.kress.com\/en\/commercial-grade-60-v-multi-attachment-grass-trimmer-kc120-9\/","url":"https:\/\/ad.kress.com\/en\/commercial-grade-60-v-multi-attachment-grass-trimmer-kc120-9\/","name":"Recortadora de c\u00e9sped profesional de 60 V con m\u00faltiples accesorios - Landing Kress","isPartOf":{"@id":"https:\/\/ad.kress.com\/en-gb\/#website"},"primaryImageOfPage":{"@id":"https:\/\/ad.kress.com\/en\/commercial-grade-60-v-multi-attachment-grass-trimmer-kc120-9\/#primaryimage"},"image":{"@id":"https:\/\/ad.kress.com\/en\/commercial-grade-60-v-multi-attachment-grass-trimmer-kc120-9\/#primaryimage"},"thumbnailUrl":"https:\/\/ad.kress.com\/wp-content\/uploads\/onpage\/op_image_6cd306048e27e9766346e4489dc2a48761c27642.1980x.webp","datePublished":"2025-04-04T07:57:50+00:00","dateModified":"2025-08-05T08:29:11+00:00","breadcrumb":{"@id":"https:\/\/ad.kress.com\/en\/commercial-grade-60-v-multi-attachment-grass-trimmer-kc120-9\/#breadcrumb"},"inLanguage":"es","potentialAction":[{"@type":"ReadAction","target":["https:\/\/ad.kress.com\/en\/commercial-grade-60-v-multi-attachment-grass-trimmer-kc120-9\/"]}]},{"@type":"ImageObject","inLanguage":"es","@id":"https:\/\/ad.kress.com\/en\/commercial-grade-60-v-multi-attachment-grass-trimmer-kc120-9\/#primaryimage","url":"https:\/\/ad.kress.com\/wp-content\/uploads\/onpage\/op_image_6cd306048e27e9766346e4489dc2a48761c27642.1980x.webp","contentUrl":"https:\/\/ad.kress.com\/wp-content\/uploads\/onpage\/op_image_6cd306048e27e9766346e4489dc2a48761c27642.1980x.webp","width":1980,"height":1980},{"@type":"BreadcrumbList","@id":"https:\/\/ad.kress.com\/en\/commercial-grade-60-v-multi-attachment-grass-trimmer-kc120-9\/#breadcrumb","itemListElement":[{"@type":"ListItem","position":1,"name":"Home","item":"https:\/\/ad.kress.com\/en-gb\/"},{"@type":"ListItem","position":2,"name":"Recortadora de c\u00e9sped profesional de 60 V con m\u00faltiples accesorios"}]},{"@type":"WebSite","@id":"https:\/\/ad.kress.com\/en-gb\/#website","url":"https:\/\/ad.kress.com\/en-gb\/","name":"Kress - Commercial outdoor power equipment","description":"Kress","publisher":{"@id":"https:\/\/ad.kress.com\/en-gb\/#organization"},"alternateName":"Kress","potentialAction":[{"@type":"SearchAction","target":{"@type":"EntryPoint","urlTemplate":"https:\/\/ad.kress.com\/en-gb\/?s={search_term_string}"},"query-input":{"@type":"PropertyValueSpecification","valueRequired":true,"valueName":"search_term_string"}}],"inLanguage":"es"},{"@type":"Organization","@id":"https:\/\/ad.kress.com\/en-gb\/#organization","name":"Commercial outdoor power equipment","alternateName":"Kress","url":"https:\/\/ad.kress.com\/en-gb\/","logo":{"@type":"ImageObject","inLanguage":"es","@id":"https:\/\/ad.kress.com\/en-gb\/#\/schema\/logo\/image\/","url":"https:\/\/ad.kress.com\/wp-content\/uploads\/2025\/01\/main-logo-kress.webp","contentUrl":"https:\/\/ad.kress.com\/wp-content\/uploads\/2025\/01\/main-logo-kress.webp","width":1038,"height":245,"caption":"Commercial outdoor power equipment"},"image":{"@id":"https:\/\/ad.kress.com\/en-gb\/#\/schema\/logo\/image\/"}}]}},"_links":{"self":[{"href":"https:\/\/ad.kress.com\/es-es\/wp-json\/wp\/v2\/product\/7013","targetHints":{"allow":["GET"]}}],"collection":[{"href":"https:\/\/ad.kress.com\/es-es\/wp-json\/wp\/v2\/product"}],"about":[{"href":"https:\/\/ad.kress.com\/es-es\/wp-json\/wp\/v2\/types\/product"}],"replies":[{"embeddable":true,"href":"https:\/\/ad.kress.com\/es-es\/wp-json\/wp\/v2\/comments?post=7013"}],"wp:featuredmedia":[{"embeddable":true,"href":"https:\/\/ad.kress.com\/es-es\/wp-json\/wp\/v2\/media\/10852"}],"wp:attachment":[{"href":"https:\/\/ad.kress.com\/es-es\/wp-json\/wp\/v2\/media?parent=7013"}],"wp:term":[{"taxonomy":"product_brand","embeddable":true,"href":"https:\/\/ad.kress.com\/es-es\/wp-json\/wp\/v2\/product_brand?post=7013"},{"taxonomy":"product_cat","embeddable":true,"href":"https:\/\/ad.kress.com\/es-es\/wp-json\/wp\/v2\/product_cat?post=7013"},{"taxonomy":"product_tag","embeddable":true,"href":"https:\/\/ad.kress.com\/es-es\/wp-json\/wp\/v2\/product_tag?post=7013"}],"curies":[{"name":"wp","href":"https:\/\/api.w.org\/{rel}","templated":true}]}}