{"id":5533,"date":"2025-04-04T07:57:34","date_gmt":"2025-04-04T07:57:34","guid":{"rendered":""},"modified":"2025-08-05T08:29:11","modified_gmt":"2025-08-05T08:29:11","slug":"cortasetos-profesional-de-60-v-kg262-9","status":"publish","type":"product","link":"https:\/\/ad.kress.com\/es-es\/cortasetos-profesional-de-60-v-kg262-9\/","title":{"rendered":"Cortasetos de 60 V"},"content":{"rendered":"<p>El cortasetos profesional Kress con bater\u00eda de 60 V ofrece un rendimiento profesional con bajo nivel de ruido y cero emisiones con una impresionante potencia de 600 W y 3400 SPM, para cortes r\u00e1pidos y fluidos de ramas de hasta 2,5 cm, las cuchillas cortadas con l\u00e1ser minimizan los da\u00f1os a las plantas, mientras que el mango con empu\u00f1adura en D proporciona un confort y control \u00f3ptimos. Accionado por un motor sin escobillas Kress, este cortabordes maximiza la potencia y el tiempo de funcionamiento, y su dise\u00f1o equilibrado recubierto de goma reduce la fatiga para un uso prolongado.<\/p>\n","protected":false},"excerpt":{"rendered":"<p>El cortasetos profesional Kress con bater\u00eda de 60 V ofrece un rendimiento profesional con bajo nivel de ruido y cero emisiones con una impresionante potencia de 600 W y 3400 SPM, para cortes r\u00e1pidos y fluidos de ramas de hasta 2,5 cm, las cuchillas cortadas con l\u00e1ser minimizan los da\u00f1os a las plantas, mientras que&hellip; <a class=\"more-link\" href=\"https:\/\/ad.kress.com\/es-es\/cortasetos-profesional-de-60-v-kg262-9\/\">Continue reading <span class=\"screen-reader-text\">Cortasetos de 60 V<\/span><\/a><\/p>\n","protected":false},"featured_media":9747,"comment_status":"closed","ping_status":"closed","template":"","meta":[],"product_brand":[],"product_cat":[],"product_tag":[],"class_list":{"0":"post-5533","1":"product","2":"type-product","3":"status-publish","4":"has-post-thumbnail","6":"entry","8":"first","9":"instock","10":"shipping-taxable","11":"purchasable","12":"product-type-simple"},"yoast_head":"<!-- This site is optimized with the Yoast SEO plugin v24.3 - https:\/\/yoast.com\/wordpress\/plugins\/seo\/ -->\n<title>Cortasetos de 60 V - Landing Kress<\/title>\n<meta name=\"robots\" content=\"index, follow, max-snippet:-1, max-image-preview:large, max-video-preview:-1\" \/>\n<link rel=\"canonical\" href=\"https:\/\/ad.kress.com\/en\/professional-grade-60-v-hedge-trimmer-kg262-9\/\" \/>\n<meta property=\"og:locale\" content=\"es_ES\" \/>\n<meta property=\"og:type\" content=\"article\" \/>\n<meta property=\"og:title\" content=\"Cortasetos de 60 V - Landing Kress\" \/>\n<meta property=\"og:description\" content=\"El cortasetos profesional Kress con bater\u00eda de 60 V ofrece un rendimiento profesional con bajo nivel de ruido y cero emisiones con una impresionante potencia de 600 W y 3400 SPM, para cortes r\u00e1pidos y fluidos de ramas de hasta 2,5 cm, las cuchillas cortadas con l\u00e1ser minimizan los da\u00f1os a las plantas, mientras que&hellip; Continue reading Cortasetos de 60 V\" \/>\n<meta property=\"og:url\" content=\"https:\/\/ad.kress.com\/en\/professional-grade-60-v-hedge-trimmer-kg262-9\/\" \/>\n<meta property=\"og:site_name\" content=\"Landing Kress\" \/>\n<meta property=\"article:modified_time\" content=\"2025-08-05T08:29:11+00:00\" \/>\n<meta property=\"og:image\" content=\"https:\/\/ad.kress.com\/wp-content\/uploads\/onpage\/op_image_8d4bbf02531b25bfe56c01a86327cafddcf9342e.1980x.webp\" \/>\n\t<meta property=\"og:image:width\" content=\"1980\" \/>\n\t<meta property=\"og:image:height\" content=\"1980\" \/>\n\t<meta property=\"og:image:type\" content=\"image\/webp\" \/>\n<meta name=\"twitter:card\" content=\"summary_large_image\" \/>\n<meta name=\"twitter:label1\" content=\"Tiempo de lectura\" \/>\n\t<meta name=\"twitter:data1\" content=\"1 minuto\" \/>\n<script type=\"application\/ld+json\" class=\"yoast-schema-graph\">{\"@context\":\"https:\/\/schema.org\",\"@graph\":[{\"@type\":\"WebPage\",\"@id\":\"https:\/\/ad.kress.com\/en\/professional-grade-60-v-hedge-trimmer-kg262-9\/\",\"url\":\"https:\/\/ad.kress.com\/en\/professional-grade-60-v-hedge-trimmer-kg262-9\/\",\"name\":\"Cortasetos de 60 V - Landing Kress\",\"isPartOf\":{\"@id\":\"https:\/\/ad.kress.com\/en-gb\/#website\"},\"primaryImageOfPage\":{\"@id\":\"https:\/\/ad.kress.com\/en\/professional-grade-60-v-hedge-trimmer-kg262-9\/#primaryimage\"},\"image\":{\"@id\":\"https:\/\/ad.kress.com\/en\/professional-grade-60-v-hedge-trimmer-kg262-9\/#primaryimage\"},\"thumbnailUrl\":\"https:\/\/ad.kress.com\/wp-content\/uploads\/onpage\/op_image_8d4bbf02531b25bfe56c01a86327cafddcf9342e.1980x.webp\",\"datePublished\":\"2025-04-04T07:57:34+00:00\",\"dateModified\":\"2025-08-05T08:29:11+00:00\",\"breadcrumb\":{\"@id\":\"https:\/\/ad.kress.com\/en\/professional-grade-60-v-hedge-trimmer-kg262-9\/#breadcrumb\"},\"inLanguage\":\"es\",\"potentialAction\":[{\"@type\":\"ReadAction\",\"target\":[\"https:\/\/ad.kress.com\/en\/professional-grade-60-v-hedge-trimmer-kg262-9\/\"]}]},{\"@type\":\"ImageObject\",\"inLanguage\":\"es\",\"@id\":\"https:\/\/ad.kress.com\/en\/professional-grade-60-v-hedge-trimmer-kg262-9\/#primaryimage\",\"url\":\"https:\/\/ad.kress.com\/wp-content\/uploads\/onpage\/op_image_8d4bbf02531b25bfe56c01a86327cafddcf9342e.1980x.webp\",\"contentUrl\":\"https:\/\/ad.kress.com\/wp-content\/uploads\/onpage\/op_image_8d4bbf02531b25bfe56c01a86327cafddcf9342e.1980x.webp\",\"width\":1980,\"height\":1980},{\"@type\":\"BreadcrumbList\",\"@id\":\"https:\/\/ad.kress.com\/en\/professional-grade-60-v-hedge-trimmer-kg262-9\/#breadcrumb\",\"itemListElement\":[{\"@type\":\"ListItem\",\"position\":1,\"name\":\"Home\",\"item\":\"https:\/\/ad.kress.com\/en-gb\/\"},{\"@type\":\"ListItem\",\"position\":2,\"name\":\"Cortasetos profesional de 60 V\"}]},{\"@type\":\"WebSite\",\"@id\":\"https:\/\/ad.kress.com\/en-gb\/#website\",\"url\":\"https:\/\/ad.kress.com\/en-gb\/\",\"name\":\"Kress - Commercial outdoor power equipment\",\"description\":\"Kress\",\"publisher\":{\"@id\":\"https:\/\/ad.kress.com\/en-gb\/#organization\"},\"alternateName\":\"Kress\",\"potentialAction\":[{\"@type\":\"SearchAction\",\"target\":{\"@type\":\"EntryPoint\",\"urlTemplate\":\"https:\/\/ad.kress.com\/en-gb\/?s={search_term_string}\"},\"query-input\":{\"@type\":\"PropertyValueSpecification\",\"valueRequired\":true,\"valueName\":\"search_term_string\"}}],\"inLanguage\":\"es\"},{\"@type\":\"Organization\",\"@id\":\"https:\/\/ad.kress.com\/en-gb\/#organization\",\"name\":\"Commercial outdoor power equipment\",\"alternateName\":\"Kress\",\"url\":\"https:\/\/ad.kress.com\/en-gb\/\",\"logo\":{\"@type\":\"ImageObject\",\"inLanguage\":\"es\",\"@id\":\"https:\/\/ad.kress.com\/en-gb\/#\/schema\/logo\/image\/\",\"url\":\"https:\/\/ad.kress.com\/wp-content\/uploads\/2025\/01\/main-logo-kress.webp\",\"contentUrl\":\"https:\/\/ad.kress.com\/wp-content\/uploads\/2025\/01\/main-logo-kress.webp\",\"width\":1038,\"height\":245,\"caption\":\"Commercial outdoor power equipment\"},\"image\":{\"@id\":\"https:\/\/ad.kress.com\/en-gb\/#\/schema\/logo\/image\/\"}}]}<\/script>\n<!-- \/ Yoast SEO plugin. -->","yoast_head_json":{"title":"Cortasetos de 60 V - Landing Kress","robots":{"index":"index","follow":"follow","max-snippet":"max-snippet:-1","max-image-preview":"max-image-preview:large","max-video-preview":"max-video-preview:-1"},"canonical":"https:\/\/ad.kress.com\/en\/professional-grade-60-v-hedge-trimmer-kg262-9\/","og_locale":"es_ES","og_type":"article","og_title":"Cortasetos de 60 V - Landing Kress","og_description":"El cortasetos profesional Kress con bater\u00eda de 60 V ofrece un rendimiento profesional con bajo nivel de ruido y cero emisiones con una impresionante potencia de 600 W y 3400 SPM, para cortes r\u00e1pidos y fluidos de ramas de hasta 2,5 cm, las cuchillas cortadas con l\u00e1ser minimizan los da\u00f1os a las plantas, mientras que&hellip; Continue reading Cortasetos de 60 V","og_url":"https:\/\/ad.kress.com\/en\/professional-grade-60-v-hedge-trimmer-kg262-9\/","og_site_name":"Landing Kress","article_modified_time":"2025-08-05T08:29:11+00:00","og_image":[{"width":1980,"height":1980,"url":"https:\/\/ad.kress.com\/wp-content\/uploads\/onpage\/op_image_8d4bbf02531b25bfe56c01a86327cafddcf9342e.1980x.webp","type":"image\/webp"}],"twitter_card":"summary_large_image","twitter_misc":{"Tiempo de lectura":"1 minuto"},"schema":{"@context":"https:\/\/schema.org","@graph":[{"@type":"WebPage","@id":"https:\/\/ad.kress.com\/en\/professional-grade-60-v-hedge-trimmer-kg262-9\/","url":"https:\/\/ad.kress.com\/en\/professional-grade-60-v-hedge-trimmer-kg262-9\/","name":"Cortasetos de 60 V - Landing Kress","isPartOf":{"@id":"https:\/\/ad.kress.com\/en-gb\/#website"},"primaryImageOfPage":{"@id":"https:\/\/ad.kress.com\/en\/professional-grade-60-v-hedge-trimmer-kg262-9\/#primaryimage"},"image":{"@id":"https:\/\/ad.kress.com\/en\/professional-grade-60-v-hedge-trimmer-kg262-9\/#primaryimage"},"thumbnailUrl":"https:\/\/ad.kress.com\/wp-content\/uploads\/onpage\/op_image_8d4bbf02531b25bfe56c01a86327cafddcf9342e.1980x.webp","datePublished":"2025-04-04T07:57:34+00:00","dateModified":"2025-08-05T08:29:11+00:00","breadcrumb":{"@id":"https:\/\/ad.kress.com\/en\/professional-grade-60-v-hedge-trimmer-kg262-9\/#breadcrumb"},"inLanguage":"es","potentialAction":[{"@type":"ReadAction","target":["https:\/\/ad.kress.com\/en\/professional-grade-60-v-hedge-trimmer-kg262-9\/"]}]},{"@type":"ImageObject","inLanguage":"es","@id":"https:\/\/ad.kress.com\/en\/professional-grade-60-v-hedge-trimmer-kg262-9\/#primaryimage","url":"https:\/\/ad.kress.com\/wp-content\/uploads\/onpage\/op_image_8d4bbf02531b25bfe56c01a86327cafddcf9342e.1980x.webp","contentUrl":"https:\/\/ad.kress.com\/wp-content\/uploads\/onpage\/op_image_8d4bbf02531b25bfe56c01a86327cafddcf9342e.1980x.webp","width":1980,"height":1980},{"@type":"BreadcrumbList","@id":"https:\/\/ad.kress.com\/en\/professional-grade-60-v-hedge-trimmer-kg262-9\/#breadcrumb","itemListElement":[{"@type":"ListItem","position":1,"name":"Home","item":"https:\/\/ad.kress.com\/en-gb\/"},{"@type":"ListItem","position":2,"name":"Cortasetos profesional de 60 V"}]},{"@type":"WebSite","@id":"https:\/\/ad.kress.com\/en-gb\/#website","url":"https:\/\/ad.kress.com\/en-gb\/","name":"Kress - Commercial outdoor power equipment","description":"Kress","publisher":{"@id":"https:\/\/ad.kress.com\/en-gb\/#organization"},"alternateName":"Kress","potentialAction":[{"@type":"SearchAction","target":{"@type":"EntryPoint","urlTemplate":"https:\/\/ad.kress.com\/en-gb\/?s={search_term_string}"},"query-input":{"@type":"PropertyValueSpecification","valueRequired":true,"valueName":"search_term_string"}}],"inLanguage":"es"},{"@type":"Organization","@id":"https:\/\/ad.kress.com\/en-gb\/#organization","name":"Commercial outdoor power equipment","alternateName":"Kress","url":"https:\/\/ad.kress.com\/en-gb\/","logo":{"@type":"ImageObject","inLanguage":"es","@id":"https:\/\/ad.kress.com\/en-gb\/#\/schema\/logo\/image\/","url":"https:\/\/ad.kress.com\/wp-content\/uploads\/2025\/01\/main-logo-kress.webp","contentUrl":"https:\/\/ad.kress.com\/wp-content\/uploads\/2025\/01\/main-logo-kress.webp","width":1038,"height":245,"caption":"Commercial outdoor power equipment"},"image":{"@id":"https:\/\/ad.kress.com\/en-gb\/#\/schema\/logo\/image\/"}}]}},"_links":{"self":[{"href":"https:\/\/ad.kress.com\/es-es\/wp-json\/wp\/v2\/product\/5533","targetHints":{"allow":["GET"]}}],"collection":[{"href":"https:\/\/ad.kress.com\/es-es\/wp-json\/wp\/v2\/product"}],"about":[{"href":"https:\/\/ad.kress.com\/es-es\/wp-json\/wp\/v2\/types\/product"}],"replies":[{"embeddable":true,"href":"https:\/\/ad.kress.com\/es-es\/wp-json\/wp\/v2\/comments?post=5533"}],"wp:featuredmedia":[{"embeddable":true,"href":"https:\/\/ad.kress.com\/es-es\/wp-json\/wp\/v2\/media\/9747"}],"wp:attachment":[{"href":"https:\/\/ad.kress.com\/es-es\/wp-json\/wp\/v2\/media?parent=5533"}],"wp:term":[{"taxonomy":"product_brand","embeddable":true,"href":"https:\/\/ad.kress.com\/es-es\/wp-json\/wp\/v2\/product_brand?post=5533"},{"taxonomy":"product_cat","embeddable":true,"href":"https:\/\/ad.kress.com\/es-es\/wp-json\/wp\/v2\/product_cat?post=5533"},{"taxonomy":"product_tag","embeddable":true,"href":"https:\/\/ad.kress.com\/es-es\/wp-json\/wp\/v2\/product_tag?post=5533"}],"curies":[{"name":"wp","href":"https:\/\/api.w.org\/{rel}","templated":true}]}}