{"id":4096,"date":"2025-04-04T07:57:19","date_gmt":"2025-04-04T07:57:19","guid":{"rendered":""},"modified":"2025-08-05T08:29:11","modified_gmt":"2025-08-05T08:29:11","slug":"bateria-cyberpack-60-v-linea-comercial-kac810","status":"publish","type":"product","link":"https:\/\/ad.kress.com\/es-es\/bateria-cyberpack-60-v-linea-comercial-kac810\/","title":{"rendered":"Bater\u00eda CyberPack de 60 V de calidad profesional"},"content":{"rendered":"<p>Esta bater\u00eda de gran capacidad, la versi\u00f3n adulta de la CyberPack de 240 Wh y 8 minutos, es la fuente de energ\u00eda perfecta para aplicaciones comerciales en las que es indispensable una autonom\u00eda prolongada. Haci\u00e9ndose eco de su hermana peque\u00f1a, la bater\u00eda ofrece una potencia inigualable, una longevidad extrema y un tiempo de carga sin precedentes de 8 minutos<sup>1<\/sup>. Ideal para usar en el cortac\u00e9sped o como bater\u00eda de mochila en combinaci\u00f3n con su arn\u00e9s ergon\u00f3mico ultrac\u00f3modo.<\/p>\n<p><sup>1<\/sup> cuando se carga con el cargador de bater\u00edas CyberTank en modo boost.<\/p>\n","protected":false},"excerpt":{"rendered":"<p>Esta bater\u00eda de gran capacidad, la versi\u00f3n adulta de la CyberPack de 240 Wh y 8 minutos, es la fuente de energ\u00eda perfecta para aplicaciones comerciales en las que es indispensable una autonom\u00eda prolongada. Haci\u00e9ndose eco de su hermana peque\u00f1a, la bater\u00eda ofrece una potencia inigualable, una longevidad extrema y un tiempo de carga sin&hellip; <a class=\"more-link\" href=\"https:\/\/ad.kress.com\/es-es\/bateria-cyberpack-60-v-linea-comercial-kac810\/\">Continue reading <span class=\"screen-reader-text\">Bater\u00eda CyberPack de 60 V de calidad profesional<\/span><\/a><\/p>\n","protected":false},"featured_media":8897,"comment_status":"closed","ping_status":"closed","template":"","meta":[],"product_brand":[],"product_cat":[],"product_tag":[],"class_list":{"0":"post-4096","1":"product","2":"type-product","3":"status-publish","4":"has-post-thumbnail","6":"entry","8":"first","9":"instock","10":"shipping-taxable","11":"purchasable","12":"product-type-simple"},"yoast_head":"<!-- This site is optimized with the Yoast SEO plugin v24.3 - https:\/\/yoast.com\/wordpress\/plugins\/seo\/ -->\n<title>Bater\u00eda CyberPack de 60 V de calidad profesional - Landing Kress<\/title>\n<meta name=\"robots\" content=\"index, follow, max-snippet:-1, max-image-preview:large, max-video-preview:-1\" \/>\n<link rel=\"canonical\" href=\"https:\/\/ad.kress.com\/en\/commercial-grade-60-v-cyberpack-battery-kac810\/\" \/>\n<meta property=\"og:locale\" content=\"es_ES\" \/>\n<meta property=\"og:type\" content=\"article\" \/>\n<meta property=\"og:title\" content=\"Bater\u00eda CyberPack de 60 V de calidad profesional - Landing Kress\" \/>\n<meta property=\"og:description\" content=\"Esta bater\u00eda de gran capacidad, la versi\u00f3n adulta de la CyberPack de 240 Wh y 8 minutos, es la fuente de energ\u00eda perfecta para aplicaciones comerciales en las que es indispensable una autonom\u00eda prolongada. Haci\u00e9ndose eco de su hermana peque\u00f1a, la bater\u00eda ofrece una potencia inigualable, una longevidad extrema y un tiempo de carga sin&hellip; Continue reading Bater\u00eda CyberPack de 60 V de calidad profesional\" \/>\n<meta property=\"og:url\" content=\"https:\/\/ad.kress.com\/en\/commercial-grade-60-v-cyberpack-battery-kac810\/\" \/>\n<meta property=\"og:site_name\" content=\"Landing Kress\" \/>\n<meta property=\"article:modified_time\" content=\"2025-08-05T08:29:11+00:00\" \/>\n<meta property=\"og:image\" content=\"https:\/\/ad.kress.com\/wp-content\/uploads\/onpage\/op_image_636e141a7b34e64edcce0a309b020c6675421681.1980x.webp\" \/>\n\t<meta property=\"og:image:width\" content=\"1980\" \/>\n\t<meta property=\"og:image:height\" content=\"1980\" \/>\n\t<meta property=\"og:image:type\" content=\"image\/webp\" \/>\n<meta name=\"twitter:card\" content=\"summary_large_image\" \/>\n<meta name=\"twitter:label1\" content=\"Tiempo de lectura\" \/>\n\t<meta name=\"twitter:data1\" content=\"1 minuto\" \/>\n<script type=\"application\/ld+json\" class=\"yoast-schema-graph\">{\"@context\":\"https:\/\/schema.org\",\"@graph\":[{\"@type\":\"WebPage\",\"@id\":\"https:\/\/ad.kress.com\/en\/commercial-grade-60-v-cyberpack-battery-kac810\/\",\"url\":\"https:\/\/ad.kress.com\/en\/commercial-grade-60-v-cyberpack-battery-kac810\/\",\"name\":\"Bater\u00eda CyberPack de 60 V de calidad profesional - Landing Kress\",\"isPartOf\":{\"@id\":\"https:\/\/ad.kress.com\/en-gb\/#website\"},\"primaryImageOfPage\":{\"@id\":\"https:\/\/ad.kress.com\/en\/commercial-grade-60-v-cyberpack-battery-kac810\/#primaryimage\"},\"image\":{\"@id\":\"https:\/\/ad.kress.com\/en\/commercial-grade-60-v-cyberpack-battery-kac810\/#primaryimage\"},\"thumbnailUrl\":\"https:\/\/ad.kress.com\/wp-content\/uploads\/onpage\/op_image_636e141a7b34e64edcce0a309b020c6675421681.1980x.webp\",\"datePublished\":\"2025-04-04T07:57:19+00:00\",\"dateModified\":\"2025-08-05T08:29:11+00:00\",\"breadcrumb\":{\"@id\":\"https:\/\/ad.kress.com\/en\/commercial-grade-60-v-cyberpack-battery-kac810\/#breadcrumb\"},\"inLanguage\":\"es\",\"potentialAction\":[{\"@type\":\"ReadAction\",\"target\":[\"https:\/\/ad.kress.com\/en\/commercial-grade-60-v-cyberpack-battery-kac810\/\"]}]},{\"@type\":\"ImageObject\",\"inLanguage\":\"es\",\"@id\":\"https:\/\/ad.kress.com\/en\/commercial-grade-60-v-cyberpack-battery-kac810\/#primaryimage\",\"url\":\"https:\/\/ad.kress.com\/wp-content\/uploads\/onpage\/op_image_636e141a7b34e64edcce0a309b020c6675421681.1980x.webp\",\"contentUrl\":\"https:\/\/ad.kress.com\/wp-content\/uploads\/onpage\/op_image_636e141a7b34e64edcce0a309b020c6675421681.1980x.webp\",\"width\":1980,\"height\":1980},{\"@type\":\"BreadcrumbList\",\"@id\":\"https:\/\/ad.kress.com\/en\/commercial-grade-60-v-cyberpack-battery-kac810\/#breadcrumb\",\"itemListElement\":[{\"@type\":\"ListItem\",\"position\":1,\"name\":\"Home\",\"item\":\"https:\/\/ad.kress.com\/en-gb\/\"},{\"@type\":\"ListItem\",\"position\":2,\"name\":\"Bater\u00eda CyberPack, 60 V, l\u00ednea comercial\"}]},{\"@type\":\"WebSite\",\"@id\":\"https:\/\/ad.kress.com\/en-gb\/#website\",\"url\":\"https:\/\/ad.kress.com\/en-gb\/\",\"name\":\"Kress - Commercial outdoor power equipment\",\"description\":\"Kress\",\"publisher\":{\"@id\":\"https:\/\/ad.kress.com\/en-gb\/#organization\"},\"alternateName\":\"Kress\",\"potentialAction\":[{\"@type\":\"SearchAction\",\"target\":{\"@type\":\"EntryPoint\",\"urlTemplate\":\"https:\/\/ad.kress.com\/en-gb\/?s={search_term_string}\"},\"query-input\":{\"@type\":\"PropertyValueSpecification\",\"valueRequired\":true,\"valueName\":\"search_term_string\"}}],\"inLanguage\":\"es\"},{\"@type\":\"Organization\",\"@id\":\"https:\/\/ad.kress.com\/en-gb\/#organization\",\"name\":\"Commercial outdoor power equipment\",\"alternateName\":\"Kress\",\"url\":\"https:\/\/ad.kress.com\/en-gb\/\",\"logo\":{\"@type\":\"ImageObject\",\"inLanguage\":\"es\",\"@id\":\"https:\/\/ad.kress.com\/en-gb\/#\/schema\/logo\/image\/\",\"url\":\"https:\/\/ad.kress.com\/wp-content\/uploads\/2025\/01\/main-logo-kress.webp\",\"contentUrl\":\"https:\/\/ad.kress.com\/wp-content\/uploads\/2025\/01\/main-logo-kress.webp\",\"width\":1038,\"height\":245,\"caption\":\"Commercial outdoor power equipment\"},\"image\":{\"@id\":\"https:\/\/ad.kress.com\/en-gb\/#\/schema\/logo\/image\/\"}}]}<\/script>\n<!-- \/ Yoast SEO plugin. -->","yoast_head_json":{"title":"Bater\u00eda CyberPack de 60 V de calidad profesional - Landing Kress","robots":{"index":"index","follow":"follow","max-snippet":"max-snippet:-1","max-image-preview":"max-image-preview:large","max-video-preview":"max-video-preview:-1"},"canonical":"https:\/\/ad.kress.com\/en\/commercial-grade-60-v-cyberpack-battery-kac810\/","og_locale":"es_ES","og_type":"article","og_title":"Bater\u00eda CyberPack de 60 V de calidad profesional - Landing Kress","og_description":"Esta bater\u00eda de gran capacidad, la versi\u00f3n adulta de la CyberPack de 240 Wh y 8 minutos, es la fuente de energ\u00eda perfecta para aplicaciones comerciales en las que es indispensable una autonom\u00eda prolongada. Haci\u00e9ndose eco de su hermana peque\u00f1a, la bater\u00eda ofrece una potencia inigualable, una longevidad extrema y un tiempo de carga sin&hellip; Continue reading Bater\u00eda CyberPack de 60 V de calidad profesional","og_url":"https:\/\/ad.kress.com\/en\/commercial-grade-60-v-cyberpack-battery-kac810\/","og_site_name":"Landing Kress","article_modified_time":"2025-08-05T08:29:11+00:00","og_image":[{"width":1980,"height":1980,"url":"https:\/\/ad.kress.com\/wp-content\/uploads\/onpage\/op_image_636e141a7b34e64edcce0a309b020c6675421681.1980x.webp","type":"image\/webp"}],"twitter_card":"summary_large_image","twitter_misc":{"Tiempo de lectura":"1 minuto"},"schema":{"@context":"https:\/\/schema.org","@graph":[{"@type":"WebPage","@id":"https:\/\/ad.kress.com\/en\/commercial-grade-60-v-cyberpack-battery-kac810\/","url":"https:\/\/ad.kress.com\/en\/commercial-grade-60-v-cyberpack-battery-kac810\/","name":"Bater\u00eda CyberPack de 60 V de calidad profesional - Landing Kress","isPartOf":{"@id":"https:\/\/ad.kress.com\/en-gb\/#website"},"primaryImageOfPage":{"@id":"https:\/\/ad.kress.com\/en\/commercial-grade-60-v-cyberpack-battery-kac810\/#primaryimage"},"image":{"@id":"https:\/\/ad.kress.com\/en\/commercial-grade-60-v-cyberpack-battery-kac810\/#primaryimage"},"thumbnailUrl":"https:\/\/ad.kress.com\/wp-content\/uploads\/onpage\/op_image_636e141a7b34e64edcce0a309b020c6675421681.1980x.webp","datePublished":"2025-04-04T07:57:19+00:00","dateModified":"2025-08-05T08:29:11+00:00","breadcrumb":{"@id":"https:\/\/ad.kress.com\/en\/commercial-grade-60-v-cyberpack-battery-kac810\/#breadcrumb"},"inLanguage":"es","potentialAction":[{"@type":"ReadAction","target":["https:\/\/ad.kress.com\/en\/commercial-grade-60-v-cyberpack-battery-kac810\/"]}]},{"@type":"ImageObject","inLanguage":"es","@id":"https:\/\/ad.kress.com\/en\/commercial-grade-60-v-cyberpack-battery-kac810\/#primaryimage","url":"https:\/\/ad.kress.com\/wp-content\/uploads\/onpage\/op_image_636e141a7b34e64edcce0a309b020c6675421681.1980x.webp","contentUrl":"https:\/\/ad.kress.com\/wp-content\/uploads\/onpage\/op_image_636e141a7b34e64edcce0a309b020c6675421681.1980x.webp","width":1980,"height":1980},{"@type":"BreadcrumbList","@id":"https:\/\/ad.kress.com\/en\/commercial-grade-60-v-cyberpack-battery-kac810\/#breadcrumb","itemListElement":[{"@type":"ListItem","position":1,"name":"Home","item":"https:\/\/ad.kress.com\/en-gb\/"},{"@type":"ListItem","position":2,"name":"Bater\u00eda CyberPack, 60 V, l\u00ednea comercial"}]},{"@type":"WebSite","@id":"https:\/\/ad.kress.com\/en-gb\/#website","url":"https:\/\/ad.kress.com\/en-gb\/","name":"Kress - Commercial outdoor power equipment","description":"Kress","publisher":{"@id":"https:\/\/ad.kress.com\/en-gb\/#organization"},"alternateName":"Kress","potentialAction":[{"@type":"SearchAction","target":{"@type":"EntryPoint","urlTemplate":"https:\/\/ad.kress.com\/en-gb\/?s={search_term_string}"},"query-input":{"@type":"PropertyValueSpecification","valueRequired":true,"valueName":"search_term_string"}}],"inLanguage":"es"},{"@type":"Organization","@id":"https:\/\/ad.kress.com\/en-gb\/#organization","name":"Commercial outdoor power equipment","alternateName":"Kress","url":"https:\/\/ad.kress.com\/en-gb\/","logo":{"@type":"ImageObject","inLanguage":"es","@id":"https:\/\/ad.kress.com\/en-gb\/#\/schema\/logo\/image\/","url":"https:\/\/ad.kress.com\/wp-content\/uploads\/2025\/01\/main-logo-kress.webp","contentUrl":"https:\/\/ad.kress.com\/wp-content\/uploads\/2025\/01\/main-logo-kress.webp","width":1038,"height":245,"caption":"Commercial outdoor power equipment"},"image":{"@id":"https:\/\/ad.kress.com\/en-gb\/#\/schema\/logo\/image\/"}}]}},"_links":{"self":[{"href":"https:\/\/ad.kress.com\/es-es\/wp-json\/wp\/v2\/product\/4096","targetHints":{"allow":["GET"]}}],"collection":[{"href":"https:\/\/ad.kress.com\/es-es\/wp-json\/wp\/v2\/product"}],"about":[{"href":"https:\/\/ad.kress.com\/es-es\/wp-json\/wp\/v2\/types\/product"}],"replies":[{"embeddable":true,"href":"https:\/\/ad.kress.com\/es-es\/wp-json\/wp\/v2\/comments?post=4096"}],"wp:featuredmedia":[{"embeddable":true,"href":"https:\/\/ad.kress.com\/es-es\/wp-json\/wp\/v2\/media\/8897"}],"wp:attachment":[{"href":"https:\/\/ad.kress.com\/es-es\/wp-json\/wp\/v2\/media?parent=4096"}],"wp:term":[{"taxonomy":"product_brand","embeddable":true,"href":"https:\/\/ad.kress.com\/es-es\/wp-json\/wp\/v2\/product_brand?post=4096"},{"taxonomy":"product_cat","embeddable":true,"href":"https:\/\/ad.kress.com\/es-es\/wp-json\/wp\/v2\/product_cat?post=4096"},{"taxonomy":"product_tag","embeddable":true,"href":"https:\/\/ad.kress.com\/es-es\/wp-json\/wp\/v2\/product_tag?post=4096"}],"curies":[{"name":"wp","href":"https:\/\/api.w.org\/{rel}","templated":true}]}}