{"id":3636,"date":"2025-04-04T07:57:15","date_gmt":"2025-04-04T07:57:15","guid":{"rendered":""},"modified":"2025-08-05T08:29:11","modified_gmt":"2025-08-05T08:29:11","slug":"robot-cortacesped-kress-rtk%e2%81%bf-de-5-000-m%c2%b2-con-oas-obstacle-avoidance-system-kr174e","status":"publish","type":"product","link":"https:\/\/ad.kress.com\/es-es\/robot-cortacesped-kress-rtk%e2%81%bf-de-5-000-m%c2%b2-con-oas-obstacle-avoidance-system-kr174e\/","title":{"rendered":"Robot cortac\u00e9sped Kress RTK\u207f de 5.000 m\u00b2 con OAS (Obstacle Avoidance System)"},"content":{"rendered":"<p>El robot cortac\u00e9sped KR174E, que redefine la precisi\u00f3n en el cuidado del c\u00e9sped con la tecnolog\u00eda RTK\u207f de Kress, introduce la precisi\u00f3n centim\u00e9trica guiada por sat\u00e9lite sin necesidad de antenas fijas espec\u00edficas de la propiedad. Equipado con cuchillas afiladas de doble capa y un sistema de evitaci\u00f3n de obst\u00e1culos, el KR174E funciona eficazmente en cualquier condici\u00f3n.<\/p>\n","protected":false},"excerpt":{"rendered":"<p>El robot cortac\u00e9sped KR174E, que redefine la precisi\u00f3n en el cuidado del c\u00e9sped con la tecnolog\u00eda RTK\u207f de Kress, introduce la precisi\u00f3n centim\u00e9trica guiada por sat\u00e9lite sin necesidad de antenas fijas espec\u00edficas de la propiedad. Equipado con cuchillas afiladas de doble capa y un sistema de evitaci\u00f3n de obst\u00e1culos, el KR174E funciona eficazmente en cualquier&hellip; <a class=\"more-link\" href=\"https:\/\/ad.kress.com\/es-es\/robot-cortacesped-kress-rtk%e2%81%bf-de-5-000-m%c2%b2-con-oas-obstacle-avoidance-system-kr174e\/\">Continue reading <span class=\"screen-reader-text\">Robot cortac\u00e9sped Kress RTK\u207f de 5.000 m\u00b2 con OAS (Obstacle Avoidance System)<\/span><\/a><\/p>\n","protected":false},"featured_media":8267,"comment_status":"closed","ping_status":"closed","template":"","meta":[],"product_brand":[],"product_cat":[],"product_tag":[],"class_list":{"0":"post-3636","1":"product","2":"type-product","3":"status-publish","4":"has-post-thumbnail","6":"entry","8":"first","9":"instock","10":"shipping-taxable","11":"purchasable","12":"product-type-simple"},"yoast_head":"<!-- This site is optimized with the Yoast SEO plugin v24.3 - https:\/\/yoast.com\/wordpress\/plugins\/seo\/ -->\n<title>Robot cortac\u00e9sped Kress RTK\u207f de 5.000 m\u00b2 con OAS (Obstacle Avoidance System) - Landing Kress<\/title>\n<meta name=\"robots\" content=\"index, follow, max-snippet:-1, max-image-preview:large, max-video-preview:-1\" \/>\n<link rel=\"canonical\" href=\"https:\/\/ad.kress.com\/en\/kress-rtk\u207f-5000-m\u00b2-robotic-lawn-mower-with-oas-obstacle-avoidance-system-kr174e\/\" \/>\n<meta property=\"og:locale\" content=\"es_ES\" \/>\n<meta property=\"og:type\" content=\"article\" \/>\n<meta property=\"og:title\" content=\"Robot cortac\u00e9sped Kress RTK\u207f de 5.000 m\u00b2 con OAS (Obstacle Avoidance System) - Landing Kress\" \/>\n<meta property=\"og:description\" content=\"El robot cortac\u00e9sped KR174E, que redefine la precisi\u00f3n en el cuidado del c\u00e9sped con la tecnolog\u00eda RTK\u207f de Kress, introduce la precisi\u00f3n centim\u00e9trica guiada por sat\u00e9lite sin necesidad de antenas fijas espec\u00edficas de la propiedad. Equipado con cuchillas afiladas de doble capa y un sistema de evitaci\u00f3n de obst\u00e1culos, el KR174E funciona eficazmente en cualquier&hellip; Continue reading Robot cortac\u00e9sped Kress RTK\u207f de 5.000 m\u00b2 con OAS (Obstacle Avoidance System)\" \/>\n<meta property=\"og:url\" content=\"https:\/\/ad.kress.com\/en\/kress-rtk\u207f-5000-m\u00b2-robotic-lawn-mower-with-oas-obstacle-avoidance-system-kr174e\/\" \/>\n<meta property=\"og:site_name\" content=\"Landing Kress\" \/>\n<meta property=\"article:modified_time\" content=\"2025-08-05T08:29:11+00:00\" \/>\n<meta property=\"og:image\" content=\"https:\/\/ad.kress.com\/wp-content\/uploads\/onpage\/op_image_f744c4f88f416f74eeccb58398f1f7667b3515d0.1980x.webp\" \/>\n\t<meta property=\"og:image:width\" content=\"1980\" \/>\n\t<meta property=\"og:image:height\" content=\"1980\" \/>\n\t<meta property=\"og:image:type\" content=\"image\/webp\" \/>\n<meta name=\"twitter:card\" content=\"summary_large_image\" \/>\n<script type=\"application\/ld+json\" class=\"yoast-schema-graph\">{\"@context\":\"https:\/\/schema.org\",\"@graph\":[{\"@type\":\"WebPage\",\"@id\":\"https:\/\/ad.kress.com\/en\/kress-rtk%e2%81%bf-5000-m%c2%b2-robotic-lawn-mower-with-oas-obstacle-avoidance-system-kr174e\/\",\"url\":\"https:\/\/ad.kress.com\/en\/kress-rtk%e2%81%bf-5000-m%c2%b2-robotic-lawn-mower-with-oas-obstacle-avoidance-system-kr174e\/\",\"name\":\"Robot cortac\u00e9sped Kress RTK\u207f de 5.000 m\u00b2 con OAS (Obstacle Avoidance System) - Landing Kress\",\"isPartOf\":{\"@id\":\"https:\/\/ad.kress.com\/en-gb\/#website\"},\"primaryImageOfPage\":{\"@id\":\"https:\/\/ad.kress.com\/en\/kress-rtk%e2%81%bf-5000-m%c2%b2-robotic-lawn-mower-with-oas-obstacle-avoidance-system-kr174e\/#primaryimage\"},\"image\":{\"@id\":\"https:\/\/ad.kress.com\/en\/kress-rtk%e2%81%bf-5000-m%c2%b2-robotic-lawn-mower-with-oas-obstacle-avoidance-system-kr174e\/#primaryimage\"},\"thumbnailUrl\":\"https:\/\/ad.kress.com\/wp-content\/uploads\/onpage\/op_image_f744c4f88f416f74eeccb58398f1f7667b3515d0.1980x.webp\",\"datePublished\":\"2025-04-04T07:57:15+00:00\",\"dateModified\":\"2025-08-05T08:29:11+00:00\",\"breadcrumb\":{\"@id\":\"https:\/\/ad.kress.com\/en\/kress-rtk%e2%81%bf-5000-m%c2%b2-robotic-lawn-mower-with-oas-obstacle-avoidance-system-kr174e\/#breadcrumb\"},\"inLanguage\":\"es\",\"potentialAction\":[{\"@type\":\"ReadAction\",\"target\":[\"https:\/\/ad.kress.com\/en\/kress-rtk%e2%81%bf-5000-m%c2%b2-robotic-lawn-mower-with-oas-obstacle-avoidance-system-kr174e\/\"]}]},{\"@type\":\"ImageObject\",\"inLanguage\":\"es\",\"@id\":\"https:\/\/ad.kress.com\/en\/kress-rtk%e2%81%bf-5000-m%c2%b2-robotic-lawn-mower-with-oas-obstacle-avoidance-system-kr174e\/#primaryimage\",\"url\":\"https:\/\/ad.kress.com\/wp-content\/uploads\/onpage\/op_image_f744c4f88f416f74eeccb58398f1f7667b3515d0.1980x.webp\",\"contentUrl\":\"https:\/\/ad.kress.com\/wp-content\/uploads\/onpage\/op_image_f744c4f88f416f74eeccb58398f1f7667b3515d0.1980x.webp\",\"width\":1980,\"height\":1980},{\"@type\":\"BreadcrumbList\",\"@id\":\"https:\/\/ad.kress.com\/en\/kress-rtk%e2%81%bf-5000-m%c2%b2-robotic-lawn-mower-with-oas-obstacle-avoidance-system-kr174e\/#breadcrumb\",\"itemListElement\":[{\"@type\":\"ListItem\",\"position\":1,\"name\":\"Home\",\"item\":\"https:\/\/ad.kress.com\/en-gb\/\"},{\"@type\":\"ListItem\",\"position\":2,\"name\":\"Robot cortac\u00e9sped Kress RTK\u207f de 5.000 m\u00b2 con OAS (Obstacle Avoidance System)\"}]},{\"@type\":\"WebSite\",\"@id\":\"https:\/\/ad.kress.com\/en-gb\/#website\",\"url\":\"https:\/\/ad.kress.com\/en-gb\/\",\"name\":\"Kress - Commercial outdoor power equipment\",\"description\":\"Kress\",\"publisher\":{\"@id\":\"https:\/\/ad.kress.com\/en-gb\/#organization\"},\"alternateName\":\"Kress\",\"potentialAction\":[{\"@type\":\"SearchAction\",\"target\":{\"@type\":\"EntryPoint\",\"urlTemplate\":\"https:\/\/ad.kress.com\/en-gb\/?s={search_term_string}\"},\"query-input\":{\"@type\":\"PropertyValueSpecification\",\"valueRequired\":true,\"valueName\":\"search_term_string\"}}],\"inLanguage\":\"es\"},{\"@type\":\"Organization\",\"@id\":\"https:\/\/ad.kress.com\/en-gb\/#organization\",\"name\":\"Commercial outdoor power equipment\",\"alternateName\":\"Kress\",\"url\":\"https:\/\/ad.kress.com\/en-gb\/\",\"logo\":{\"@type\":\"ImageObject\",\"inLanguage\":\"es\",\"@id\":\"https:\/\/ad.kress.com\/en-gb\/#\/schema\/logo\/image\/\",\"url\":\"https:\/\/ad.kress.com\/wp-content\/uploads\/2025\/01\/main-logo-kress.webp\",\"contentUrl\":\"https:\/\/ad.kress.com\/wp-content\/uploads\/2025\/01\/main-logo-kress.webp\",\"width\":1038,\"height\":245,\"caption\":\"Commercial outdoor power equipment\"},\"image\":{\"@id\":\"https:\/\/ad.kress.com\/en-gb\/#\/schema\/logo\/image\/\"}}]}<\/script>\n<!-- \/ Yoast SEO plugin. -->","yoast_head_json":{"title":"Robot cortac\u00e9sped Kress RTK\u207f de 5.000 m\u00b2 con OAS (Obstacle Avoidance System) - Landing Kress","robots":{"index":"index","follow":"follow","max-snippet":"max-snippet:-1","max-image-preview":"max-image-preview:large","max-video-preview":"max-video-preview:-1"},"canonical":"https:\/\/ad.kress.com\/en\/kress-rtk\u207f-5000-m\u00b2-robotic-lawn-mower-with-oas-obstacle-avoidance-system-kr174e\/","og_locale":"es_ES","og_type":"article","og_title":"Robot cortac\u00e9sped Kress RTK\u207f de 5.000 m\u00b2 con OAS (Obstacle Avoidance System) - Landing Kress","og_description":"El robot cortac\u00e9sped KR174E, que redefine la precisi\u00f3n en el cuidado del c\u00e9sped con la tecnolog\u00eda RTK\u207f de Kress, introduce la precisi\u00f3n centim\u00e9trica guiada por sat\u00e9lite sin necesidad de antenas fijas espec\u00edficas de la propiedad. Equipado con cuchillas afiladas de doble capa y un sistema de evitaci\u00f3n de obst\u00e1culos, el KR174E funciona eficazmente en cualquier&hellip; Continue reading Robot cortac\u00e9sped Kress RTK\u207f de 5.000 m\u00b2 con OAS (Obstacle Avoidance System)","og_url":"https:\/\/ad.kress.com\/en\/kress-rtk\u207f-5000-m\u00b2-robotic-lawn-mower-with-oas-obstacle-avoidance-system-kr174e\/","og_site_name":"Landing Kress","article_modified_time":"2025-08-05T08:29:11+00:00","og_image":[{"width":1980,"height":1980,"url":"https:\/\/ad.kress.com\/wp-content\/uploads\/onpage\/op_image_f744c4f88f416f74eeccb58398f1f7667b3515d0.1980x.webp","type":"image\/webp"}],"twitter_card":"summary_large_image","schema":{"@context":"https:\/\/schema.org","@graph":[{"@type":"WebPage","@id":"https:\/\/ad.kress.com\/en\/kress-rtk%e2%81%bf-5000-m%c2%b2-robotic-lawn-mower-with-oas-obstacle-avoidance-system-kr174e\/","url":"https:\/\/ad.kress.com\/en\/kress-rtk%e2%81%bf-5000-m%c2%b2-robotic-lawn-mower-with-oas-obstacle-avoidance-system-kr174e\/","name":"Robot cortac\u00e9sped Kress RTK\u207f de 5.000 m\u00b2 con OAS (Obstacle Avoidance System) - Landing Kress","isPartOf":{"@id":"https:\/\/ad.kress.com\/en-gb\/#website"},"primaryImageOfPage":{"@id":"https:\/\/ad.kress.com\/en\/kress-rtk%e2%81%bf-5000-m%c2%b2-robotic-lawn-mower-with-oas-obstacle-avoidance-system-kr174e\/#primaryimage"},"image":{"@id":"https:\/\/ad.kress.com\/en\/kress-rtk%e2%81%bf-5000-m%c2%b2-robotic-lawn-mower-with-oas-obstacle-avoidance-system-kr174e\/#primaryimage"},"thumbnailUrl":"https:\/\/ad.kress.com\/wp-content\/uploads\/onpage\/op_image_f744c4f88f416f74eeccb58398f1f7667b3515d0.1980x.webp","datePublished":"2025-04-04T07:57:15+00:00","dateModified":"2025-08-05T08:29:11+00:00","breadcrumb":{"@id":"https:\/\/ad.kress.com\/en\/kress-rtk%e2%81%bf-5000-m%c2%b2-robotic-lawn-mower-with-oas-obstacle-avoidance-system-kr174e\/#breadcrumb"},"inLanguage":"es","potentialAction":[{"@type":"ReadAction","target":["https:\/\/ad.kress.com\/en\/kress-rtk%e2%81%bf-5000-m%c2%b2-robotic-lawn-mower-with-oas-obstacle-avoidance-system-kr174e\/"]}]},{"@type":"ImageObject","inLanguage":"es","@id":"https:\/\/ad.kress.com\/en\/kress-rtk%e2%81%bf-5000-m%c2%b2-robotic-lawn-mower-with-oas-obstacle-avoidance-system-kr174e\/#primaryimage","url":"https:\/\/ad.kress.com\/wp-content\/uploads\/onpage\/op_image_f744c4f88f416f74eeccb58398f1f7667b3515d0.1980x.webp","contentUrl":"https:\/\/ad.kress.com\/wp-content\/uploads\/onpage\/op_image_f744c4f88f416f74eeccb58398f1f7667b3515d0.1980x.webp","width":1980,"height":1980},{"@type":"BreadcrumbList","@id":"https:\/\/ad.kress.com\/en\/kress-rtk%e2%81%bf-5000-m%c2%b2-robotic-lawn-mower-with-oas-obstacle-avoidance-system-kr174e\/#breadcrumb","itemListElement":[{"@type":"ListItem","position":1,"name":"Home","item":"https:\/\/ad.kress.com\/en-gb\/"},{"@type":"ListItem","position":2,"name":"Robot cortac\u00e9sped Kress RTK\u207f de 5.000 m\u00b2 con OAS (Obstacle Avoidance System)"}]},{"@type":"WebSite","@id":"https:\/\/ad.kress.com\/en-gb\/#website","url":"https:\/\/ad.kress.com\/en-gb\/","name":"Kress - Commercial outdoor power equipment","description":"Kress","publisher":{"@id":"https:\/\/ad.kress.com\/en-gb\/#organization"},"alternateName":"Kress","potentialAction":[{"@type":"SearchAction","target":{"@type":"EntryPoint","urlTemplate":"https:\/\/ad.kress.com\/en-gb\/?s={search_term_string}"},"query-input":{"@type":"PropertyValueSpecification","valueRequired":true,"valueName":"search_term_string"}}],"inLanguage":"es"},{"@type":"Organization","@id":"https:\/\/ad.kress.com\/en-gb\/#organization","name":"Commercial outdoor power equipment","alternateName":"Kress","url":"https:\/\/ad.kress.com\/en-gb\/","logo":{"@type":"ImageObject","inLanguage":"es","@id":"https:\/\/ad.kress.com\/en-gb\/#\/schema\/logo\/image\/","url":"https:\/\/ad.kress.com\/wp-content\/uploads\/2025\/01\/main-logo-kress.webp","contentUrl":"https:\/\/ad.kress.com\/wp-content\/uploads\/2025\/01\/main-logo-kress.webp","width":1038,"height":245,"caption":"Commercial outdoor power equipment"},"image":{"@id":"https:\/\/ad.kress.com\/en-gb\/#\/schema\/logo\/image\/"}}]}},"_links":{"self":[{"href":"https:\/\/ad.kress.com\/es-es\/wp-json\/wp\/v2\/product\/3636","targetHints":{"allow":["GET"]}}],"collection":[{"href":"https:\/\/ad.kress.com\/es-es\/wp-json\/wp\/v2\/product"}],"about":[{"href":"https:\/\/ad.kress.com\/es-es\/wp-json\/wp\/v2\/types\/product"}],"replies":[{"embeddable":true,"href":"https:\/\/ad.kress.com\/es-es\/wp-json\/wp\/v2\/comments?post=3636"}],"wp:featuredmedia":[{"embeddable":true,"href":"https:\/\/ad.kress.com\/es-es\/wp-json\/wp\/v2\/media\/8267"}],"wp:attachment":[{"href":"https:\/\/ad.kress.com\/es-es\/wp-json\/wp\/v2\/media?parent=3636"}],"wp:term":[{"taxonomy":"product_brand","embeddable":true,"href":"https:\/\/ad.kress.com\/es-es\/wp-json\/wp\/v2\/product_brand?post=3636"},{"taxonomy":"product_cat","embeddable":true,"href":"https:\/\/ad.kress.com\/es-es\/wp-json\/wp\/v2\/product_cat?post=3636"},{"taxonomy":"product_tag","embeddable":true,"href":"https:\/\/ad.kress.com\/es-es\/wp-json\/wp\/v2\/product_tag?post=3636"}],"curies":[{"name":"wp","href":"https:\/\/api.w.org\/{rel}","templated":true}]}}