{"id":532,"date":"2025-03-11T16:34:35","date_gmt":"2025-03-11T16:34:35","guid":{"rendered":""},"modified":"2025-08-05T08:29:11","modified_gmt":"2025-08-05T08:29:11","slug":"60-v-cyberplug-ac-dc-ladegeraet-fuer-den-gewerblichen-einsatz-kac840","status":"publish","type":"product","link":"https:\/\/ad.kress.com\/de-de\/produkt\/60-v-cyberplug-ac-dc-ladegeraet-fuer-den-gewerblichen-einsatz-kac840\/","title":{"rendered":"Handels\u00fcbliches 60-V-CyberPlug-AC-DC-Ladeger\u00e4t"},"content":{"rendered":"<p>Der Kress CyberPlug ist ein kompaktes und tragbares AC-Ladeger\u00e4t, mit dem mehrere Akkus gleichzeitig aufgeladen werden k\u00f6nnen, und bietet einen unvergleichlichen Komfort f\u00fcr Profis. Es wurde f\u00fcr die dynamischen Anforderungen des gewerblichen Einsatzes entwickelt und sorgt daf\u00fcr, dass Ihre Kress-Ger\u00e4te immer einsatzbereit sind.<\/p>\n","protected":false},"excerpt":{"rendered":"<p>Der Kress CyberPlug ist ein kompaktes und tragbares AC-Ladeger\u00e4t, mit dem mehrere Akkus gleichzeitig aufgeladen werden k\u00f6nnen, und bietet einen unvergleichlichen Komfort f\u00fcr Profis. Es wurde f\u00fcr die dynamischen Anforderungen des gewerblichen Einsatzes entwickelt und sorgt daf\u00fcr, dass Ihre Kress-Ger\u00e4te immer einsatzbereit sind.<\/p>\n","protected":false},"featured_media":8914,"comment_status":"closed","ping_status":"closed","template":"","meta":[],"product_brand":[],"product_cat":[],"product_tag":[],"class_list":{"0":"post-532","1":"product","2":"type-product","3":"status-publish","4":"has-post-thumbnail","6":"entry","8":"first","9":"instock","10":"shipping-taxable","11":"purchasable","12":"product-type-simple"},"yoast_head":"<!-- This site is optimized with the Yoast SEO plugin v24.3 - https:\/\/yoast.com\/wordpress\/plugins\/seo\/ -->\n<title>Handels\u00fcbliches 60-V-CyberPlug-AC-DC-Ladeger\u00e4t - Landing Kress<\/title>\n<meta name=\"robots\" content=\"index, follow, max-snippet:-1, max-image-preview:large, max-video-preview:-1\" \/>\n<link rel=\"canonical\" href=\"https:\/\/ad.kress.com\/en\/produkt\/commercial-grade-60-v-cyberplug-ac-dc-charger-kac840\/\" \/>\n<meta property=\"og:locale\" content=\"de_DE\" \/>\n<meta property=\"og:type\" content=\"article\" \/>\n<meta property=\"og:title\" content=\"Handels\u00fcbliches 60-V-CyberPlug-AC-DC-Ladeger\u00e4t - Landing Kress\" \/>\n<meta property=\"og:description\" content=\"Der Kress CyberPlug ist ein kompaktes und tragbares AC-Ladeger\u00e4t, mit dem mehrere Akkus gleichzeitig aufgeladen werden k\u00f6nnen, und bietet einen unvergleichlichen Komfort f\u00fcr Profis. Es wurde f\u00fcr die dynamischen Anforderungen des gewerblichen Einsatzes entwickelt und sorgt daf\u00fcr, dass Ihre Kress-Ger\u00e4te immer einsatzbereit sind.\" \/>\n<meta property=\"og:url\" content=\"https:\/\/ad.kress.com\/en\/produkt\/commercial-grade-60-v-cyberplug-ac-dc-charger-kac840\/\" \/>\n<meta property=\"og:site_name\" content=\"Landing Kress\" \/>\n<meta property=\"article:modified_time\" content=\"2025-08-05T08:29:11+00:00\" \/>\n<meta property=\"og:image\" content=\"https:\/\/ad.kress.com\/wp-content\/uploads\/2025\/01\/main-logo-kress.webp\" \/>\n\t<meta property=\"og:image:width\" content=\"1038\" \/>\n\t<meta property=\"og:image:height\" content=\"245\" \/>\n\t<meta property=\"og:image:type\" content=\"image\/webp\" \/>\n<meta name=\"twitter:card\" content=\"summary_large_image\" \/>\n<script type=\"application\/ld+json\" class=\"yoast-schema-graph\">{\"@context\":\"https:\/\/schema.org\",\"@graph\":[{\"@type\":\"WebPage\",\"@id\":\"https:\/\/ad.kress.com\/en\/produkt\/commercial-grade-60-v-cyberplug-ac-dc-charger-kac840\/\",\"url\":\"https:\/\/ad.kress.com\/en\/produkt\/commercial-grade-60-v-cyberplug-ac-dc-charger-kac840\/\",\"name\":\"Handels\u00fcbliches 60-V-CyberPlug-AC-DC-Ladeger\u00e4t - Landing Kress\",\"isPartOf\":{\"@id\":\"https:\/\/ad.kress.com\/en-gb\/#website\"},\"primaryImageOfPage\":{\"@id\":\"https:\/\/ad.kress.com\/en\/produkt\/commercial-grade-60-v-cyberplug-ac-dc-charger-kac840\/#primaryimage\"},\"image\":{\"@id\":\"https:\/\/ad.kress.com\/en\/produkt\/commercial-grade-60-v-cyberplug-ac-dc-charger-kac840\/#primaryimage\"},\"thumbnailUrl\":\"https:\/\/ad.kress.com\/wp-content\/uploads\/onpage\/op_image_7483ba5a34cb5abe9b1d5ad0e73159dc1e8b61c2.1980x.webp\",\"datePublished\":\"2025-03-11T16:34:35+00:00\",\"dateModified\":\"2025-08-05T08:29:11+00:00\",\"breadcrumb\":{\"@id\":\"https:\/\/ad.kress.com\/en\/produkt\/commercial-grade-60-v-cyberplug-ac-dc-charger-kac840\/#breadcrumb\"},\"inLanguage\":\"de\",\"potentialAction\":[{\"@type\":\"ReadAction\",\"target\":[\"https:\/\/ad.kress.com\/en\/produkt\/commercial-grade-60-v-cyberplug-ac-dc-charger-kac840\/\"]}]},{\"@type\":\"ImageObject\",\"inLanguage\":\"de\",\"@id\":\"https:\/\/ad.kress.com\/en\/produkt\/commercial-grade-60-v-cyberplug-ac-dc-charger-kac840\/#primaryimage\",\"url\":\"https:\/\/ad.kress.com\/wp-content\/uploads\/onpage\/op_image_7483ba5a34cb5abe9b1d5ad0e73159dc1e8b61c2.1980x.webp\",\"contentUrl\":\"https:\/\/ad.kress.com\/wp-content\/uploads\/onpage\/op_image_7483ba5a34cb5abe9b1d5ad0e73159dc1e8b61c2.1980x.webp\",\"width\":1980,\"height\":1980},{\"@type\":\"BreadcrumbList\",\"@id\":\"https:\/\/ad.kress.com\/en\/produkt\/commercial-grade-60-v-cyberplug-ac-dc-charger-kac840\/#breadcrumb\",\"itemListElement\":[{\"@type\":\"ListItem\",\"position\":1,\"name\":\"Home\",\"item\":\"https:\/\/ad.kress.com\/en-gb\/\"},{\"@type\":\"ListItem\",\"position\":2,\"name\":\"60 V CyberPlug AC-DC Ladeger\u00e4t f\u00fcr den gewerblichen Einsatz\"}]},{\"@type\":\"WebSite\",\"@id\":\"https:\/\/ad.kress.com\/en-gb\/#website\",\"url\":\"https:\/\/ad.kress.com\/en-gb\/\",\"name\":\"Kress - Commercial outdoor power equipment\",\"description\":\"Kress\",\"publisher\":{\"@id\":\"https:\/\/ad.kress.com\/en-gb\/#organization\"},\"alternateName\":\"Kress\",\"potentialAction\":[{\"@type\":\"SearchAction\",\"target\":{\"@type\":\"EntryPoint\",\"urlTemplate\":\"https:\/\/ad.kress.com\/en-gb\/?s={search_term_string}\"},\"query-input\":{\"@type\":\"PropertyValueSpecification\",\"valueRequired\":true,\"valueName\":\"search_term_string\"}}],\"inLanguage\":\"de\"},{\"@type\":\"Organization\",\"@id\":\"https:\/\/ad.kress.com\/en-gb\/#organization\",\"name\":\"Commercial outdoor power equipment\",\"alternateName\":\"Kress\",\"url\":\"https:\/\/ad.kress.com\/en-gb\/\",\"logo\":{\"@type\":\"ImageObject\",\"inLanguage\":\"de\",\"@id\":\"https:\/\/ad.kress.com\/en-gb\/#\/schema\/logo\/image\/\",\"url\":\"https:\/\/ad.kress.com\/wp-content\/uploads\/2025\/01\/main-logo-kress.webp\",\"contentUrl\":\"https:\/\/ad.kress.com\/wp-content\/uploads\/2025\/01\/main-logo-kress.webp\",\"width\":1038,\"height\":245,\"caption\":\"Commercial outdoor power equipment\"},\"image\":{\"@id\":\"https:\/\/ad.kress.com\/en-gb\/#\/schema\/logo\/image\/\"}}]}<\/script>\n<!-- \/ Yoast SEO plugin. -->","yoast_head_json":{"title":"Handels\u00fcbliches 60-V-CyberPlug-AC-DC-Ladeger\u00e4t - Landing Kress","robots":{"index":"index","follow":"follow","max-snippet":"max-snippet:-1","max-image-preview":"max-image-preview:large","max-video-preview":"max-video-preview:-1"},"canonical":"https:\/\/ad.kress.com\/en\/produkt\/commercial-grade-60-v-cyberplug-ac-dc-charger-kac840\/","og_locale":"de_DE","og_type":"article","og_title":"Handels\u00fcbliches 60-V-CyberPlug-AC-DC-Ladeger\u00e4t - Landing Kress","og_description":"Der Kress CyberPlug ist ein kompaktes und tragbares AC-Ladeger\u00e4t, mit dem mehrere Akkus gleichzeitig aufgeladen werden k\u00f6nnen, und bietet einen unvergleichlichen Komfort f\u00fcr Profis. Es wurde f\u00fcr die dynamischen Anforderungen des gewerblichen Einsatzes entwickelt und sorgt daf\u00fcr, dass Ihre Kress-Ger\u00e4te immer einsatzbereit sind.","og_url":"https:\/\/ad.kress.com\/en\/produkt\/commercial-grade-60-v-cyberplug-ac-dc-charger-kac840\/","og_site_name":"Landing Kress","article_modified_time":"2025-08-05T08:29:11+00:00","og_image":[{"width":1038,"height":245,"url":"https:\/\/ad.kress.com\/wp-content\/uploads\/2025\/01\/main-logo-kress.webp","type":"image\/webp"}],"twitter_card":"summary_large_image","schema":{"@context":"https:\/\/schema.org","@graph":[{"@type":"WebPage","@id":"https:\/\/ad.kress.com\/en\/produkt\/commercial-grade-60-v-cyberplug-ac-dc-charger-kac840\/","url":"https:\/\/ad.kress.com\/en\/produkt\/commercial-grade-60-v-cyberplug-ac-dc-charger-kac840\/","name":"Handels\u00fcbliches 60-V-CyberPlug-AC-DC-Ladeger\u00e4t - Landing Kress","isPartOf":{"@id":"https:\/\/ad.kress.com\/en-gb\/#website"},"primaryImageOfPage":{"@id":"https:\/\/ad.kress.com\/en\/produkt\/commercial-grade-60-v-cyberplug-ac-dc-charger-kac840\/#primaryimage"},"image":{"@id":"https:\/\/ad.kress.com\/en\/produkt\/commercial-grade-60-v-cyberplug-ac-dc-charger-kac840\/#primaryimage"},"thumbnailUrl":"https:\/\/ad.kress.com\/wp-content\/uploads\/onpage\/op_image_7483ba5a34cb5abe9b1d5ad0e73159dc1e8b61c2.1980x.webp","datePublished":"2025-03-11T16:34:35+00:00","dateModified":"2025-08-05T08:29:11+00:00","breadcrumb":{"@id":"https:\/\/ad.kress.com\/en\/produkt\/commercial-grade-60-v-cyberplug-ac-dc-charger-kac840\/#breadcrumb"},"inLanguage":"de","potentialAction":[{"@type":"ReadAction","target":["https:\/\/ad.kress.com\/en\/produkt\/commercial-grade-60-v-cyberplug-ac-dc-charger-kac840\/"]}]},{"@type":"ImageObject","inLanguage":"de","@id":"https:\/\/ad.kress.com\/en\/produkt\/commercial-grade-60-v-cyberplug-ac-dc-charger-kac840\/#primaryimage","url":"https:\/\/ad.kress.com\/wp-content\/uploads\/onpage\/op_image_7483ba5a34cb5abe9b1d5ad0e73159dc1e8b61c2.1980x.webp","contentUrl":"https:\/\/ad.kress.com\/wp-content\/uploads\/onpage\/op_image_7483ba5a34cb5abe9b1d5ad0e73159dc1e8b61c2.1980x.webp","width":1980,"height":1980},{"@type":"BreadcrumbList","@id":"https:\/\/ad.kress.com\/en\/produkt\/commercial-grade-60-v-cyberplug-ac-dc-charger-kac840\/#breadcrumb","itemListElement":[{"@type":"ListItem","position":1,"name":"Home","item":"https:\/\/ad.kress.com\/en-gb\/"},{"@type":"ListItem","position":2,"name":"60 V CyberPlug AC-DC Ladeger\u00e4t f\u00fcr den gewerblichen Einsatz"}]},{"@type":"WebSite","@id":"https:\/\/ad.kress.com\/en-gb\/#website","url":"https:\/\/ad.kress.com\/en-gb\/","name":"Kress - Commercial outdoor power equipment","description":"Kress","publisher":{"@id":"https:\/\/ad.kress.com\/en-gb\/#organization"},"alternateName":"Kress","potentialAction":[{"@type":"SearchAction","target":{"@type":"EntryPoint","urlTemplate":"https:\/\/ad.kress.com\/en-gb\/?s={search_term_string}"},"query-input":{"@type":"PropertyValueSpecification","valueRequired":true,"valueName":"search_term_string"}}],"inLanguage":"de"},{"@type":"Organization","@id":"https:\/\/ad.kress.com\/en-gb\/#organization","name":"Commercial outdoor power equipment","alternateName":"Kress","url":"https:\/\/ad.kress.com\/en-gb\/","logo":{"@type":"ImageObject","inLanguage":"de","@id":"https:\/\/ad.kress.com\/en-gb\/#\/schema\/logo\/image\/","url":"https:\/\/ad.kress.com\/wp-content\/uploads\/2025\/01\/main-logo-kress.webp","contentUrl":"https:\/\/ad.kress.com\/wp-content\/uploads\/2025\/01\/main-logo-kress.webp","width":1038,"height":245,"caption":"Commercial outdoor power equipment"},"image":{"@id":"https:\/\/ad.kress.com\/en-gb\/#\/schema\/logo\/image\/"}}]}},"_links":{"self":[{"href":"https:\/\/ad.kress.com\/de-de\/wp-json\/wp\/v2\/product\/532","targetHints":{"allow":["GET"]}}],"collection":[{"href":"https:\/\/ad.kress.com\/de-de\/wp-json\/wp\/v2\/product"}],"about":[{"href":"https:\/\/ad.kress.com\/de-de\/wp-json\/wp\/v2\/types\/product"}],"replies":[{"embeddable":true,"href":"https:\/\/ad.kress.com\/de-de\/wp-json\/wp\/v2\/comments?post=532"}],"wp:featuredmedia":[{"embeddable":true,"href":"https:\/\/ad.kress.com\/de-de\/wp-json\/wp\/v2\/media\/8914"}],"wp:attachment":[{"href":"https:\/\/ad.kress.com\/de-de\/wp-json\/wp\/v2\/media?parent=532"}],"wp:term":[{"taxonomy":"product_brand","embeddable":true,"href":"https:\/\/ad.kress.com\/de-de\/wp-json\/wp\/v2\/product_brand?post=532"},{"taxonomy":"product_cat","embeddable":true,"href":"https:\/\/ad.kress.com\/de-de\/wp-json\/wp\/v2\/product_cat?post=532"},{"taxonomy":"product_tag","embeddable":true,"href":"https:\/\/ad.kress.com\/de-de\/wp-json\/wp\/v2\/product_tag?post=532"}],"curies":[{"name":"wp","href":"https:\/\/api.w.org\/{rel}","templated":true}]}}