{"id":3087,"date":"2025-03-11T16:35:31","date_gmt":"2025-03-11T16:35:31","guid":{"rendered":""},"modified":"2025-08-05T08:29:11","modified_gmt":"2025-08-05T08:29:11","slug":"kress-commercial-verstellbarer-heckenscherenaufsatz-kac200","status":"publish","type":"product","link":"https:\/\/ad.kress.com\/de-de\/produkt\/kress-commercial-verstellbarer-heckenscherenaufsatz-kac200\/","title":{"rendered":"Kress Commercial verstellbarer Heckenscherenaufsatz"},"content":{"rendered":"<p>Kompatibel mit KC120 und KAC104. Entwickelt f\u00fcr pr\u00e4zises Schneiden und Pflegen von Hecken, bietet sie ma\u00dfgeschneiderte Vielseitigkeit mit einem gelenkigen Schneidkopf, der f\u00fcr eine m\u00fchelose Kontrolle in mehreren Winkeln einstellbar ist.<\/p>\n","protected":false},"excerpt":{"rendered":"<p>Kompatibel mit KC120 und KAC104. Entwickelt f\u00fcr pr\u00e4zises Schneiden und Pflegen von Hecken, bietet sie ma\u00dfgeschneiderte Vielseitigkeit mit einem gelenkigen Schneidkopf, der f\u00fcr eine m\u00fchelose Kontrolle in mehreren Winkeln einstellbar ist.<\/p>\n","protected":false},"featured_media":11651,"comment_status":"closed","ping_status":"closed","template":"","meta":[],"product_brand":[],"product_cat":[],"product_tag":[],"class_list":{"0":"post-3087","1":"product","2":"type-product","3":"status-publish","4":"has-post-thumbnail","6":"entry","8":"first","9":"instock","10":"shipping-taxable","11":"purchasable","12":"product-type-simple"},"yoast_head":"<!-- This site is optimized with the Yoast SEO plugin v24.3 - https:\/\/yoast.com\/wordpress\/plugins\/seo\/ -->\n<title>Kress Commercial verstellbarer Heckenscherenaufsatz - Landing Kress<\/title>\n<meta name=\"robots\" content=\"index, follow, max-snippet:-1, max-image-preview:large, max-video-preview:-1\" \/>\n<link rel=\"canonical\" href=\"https:\/\/ad.kress.com\/en\/produkt\/kress-commercial-adjustable-hedge-trimmer-attachment-kac200\/\" \/>\n<meta property=\"og:locale\" content=\"de_DE\" \/>\n<meta property=\"og:type\" content=\"article\" \/>\n<meta property=\"og:title\" content=\"Kress Commercial verstellbarer Heckenscherenaufsatz - Landing Kress\" \/>\n<meta property=\"og:description\" content=\"Kompatibel mit KC120 und KAC104. Entwickelt f\u00fcr pr\u00e4zises Schneiden und Pflegen von Hecken, bietet sie ma\u00dfgeschneiderte Vielseitigkeit mit einem gelenkigen Schneidkopf, der f\u00fcr eine m\u00fchelose Kontrolle in mehreren Winkeln einstellbar ist.\" \/>\n<meta property=\"og:url\" content=\"https:\/\/ad.kress.com\/en\/produkt\/kress-commercial-adjustable-hedge-trimmer-attachment-kac200\/\" \/>\n<meta property=\"og:site_name\" content=\"Landing Kress\" \/>\n<meta property=\"article:modified_time\" content=\"2025-08-05T08:29:11+00:00\" \/>\n<meta property=\"og:image\" content=\"https:\/\/ad.kress.com\/wp-content\/uploads\/2025\/01\/main-logo-kress.webp\" \/>\n\t<meta property=\"og:image:width\" content=\"1038\" \/>\n\t<meta property=\"og:image:height\" content=\"245\" \/>\n\t<meta property=\"og:image:type\" content=\"image\/webp\" \/>\n<meta name=\"twitter:card\" content=\"summary_large_image\" \/>\n<script type=\"application\/ld+json\" class=\"yoast-schema-graph\">{\"@context\":\"https:\/\/schema.org\",\"@graph\":[{\"@type\":\"WebPage\",\"@id\":\"https:\/\/ad.kress.com\/en\/produkt\/kress-commercial-adjustable-hedge-trimmer-attachment-kac200\/\",\"url\":\"https:\/\/ad.kress.com\/en\/produkt\/kress-commercial-adjustable-hedge-trimmer-attachment-kac200\/\",\"name\":\"Kress Commercial verstellbarer Heckenscherenaufsatz - Landing Kress\",\"isPartOf\":{\"@id\":\"https:\/\/ad.kress.com\/en-gb\/#website\"},\"primaryImageOfPage\":{\"@id\":\"https:\/\/ad.kress.com\/en\/produkt\/kress-commercial-adjustable-hedge-trimmer-attachment-kac200\/#primaryimage\"},\"image\":{\"@id\":\"https:\/\/ad.kress.com\/en\/produkt\/kress-commercial-adjustable-hedge-trimmer-attachment-kac200\/#primaryimage\"},\"thumbnailUrl\":\"https:\/\/ad.kress.com\/wp-content\/uploads\/onpage\/op_image_bfe1863f8d31b5eca5307303c4ee24face39a4cd.1980x.webp\",\"datePublished\":\"2025-03-11T16:35:31+00:00\",\"dateModified\":\"2025-08-05T08:29:11+00:00\",\"breadcrumb\":{\"@id\":\"https:\/\/ad.kress.com\/en\/produkt\/kress-commercial-adjustable-hedge-trimmer-attachment-kac200\/#breadcrumb\"},\"inLanguage\":\"de\",\"potentialAction\":[{\"@type\":\"ReadAction\",\"target\":[\"https:\/\/ad.kress.com\/en\/produkt\/kress-commercial-adjustable-hedge-trimmer-attachment-kac200\/\"]}]},{\"@type\":\"ImageObject\",\"inLanguage\":\"de\",\"@id\":\"https:\/\/ad.kress.com\/en\/produkt\/kress-commercial-adjustable-hedge-trimmer-attachment-kac200\/#primaryimage\",\"url\":\"https:\/\/ad.kress.com\/wp-content\/uploads\/onpage\/op_image_bfe1863f8d31b5eca5307303c4ee24face39a4cd.1980x.webp\",\"contentUrl\":\"https:\/\/ad.kress.com\/wp-content\/uploads\/onpage\/op_image_bfe1863f8d31b5eca5307303c4ee24face39a4cd.1980x.webp\",\"width\":1980,\"height\":1980},{\"@type\":\"BreadcrumbList\",\"@id\":\"https:\/\/ad.kress.com\/en\/produkt\/kress-commercial-adjustable-hedge-trimmer-attachment-kac200\/#breadcrumb\",\"itemListElement\":[{\"@type\":\"ListItem\",\"position\":1,\"name\":\"Home\",\"item\":\"https:\/\/ad.kress.com\/en-gb\/\"},{\"@type\":\"ListItem\",\"position\":2,\"name\":\"Kress Commercial verstellbarer Heckenscherenaufsatz\"}]},{\"@type\":\"WebSite\",\"@id\":\"https:\/\/ad.kress.com\/en-gb\/#website\",\"url\":\"https:\/\/ad.kress.com\/en-gb\/\",\"name\":\"Kress - Commercial outdoor power equipment\",\"description\":\"Kress\",\"publisher\":{\"@id\":\"https:\/\/ad.kress.com\/en-gb\/#organization\"},\"alternateName\":\"Kress\",\"potentialAction\":[{\"@type\":\"SearchAction\",\"target\":{\"@type\":\"EntryPoint\",\"urlTemplate\":\"https:\/\/ad.kress.com\/en-gb\/?s={search_term_string}\"},\"query-input\":{\"@type\":\"PropertyValueSpecification\",\"valueRequired\":true,\"valueName\":\"search_term_string\"}}],\"inLanguage\":\"de\"},{\"@type\":\"Organization\",\"@id\":\"https:\/\/ad.kress.com\/en-gb\/#organization\",\"name\":\"Commercial outdoor power equipment\",\"alternateName\":\"Kress\",\"url\":\"https:\/\/ad.kress.com\/en-gb\/\",\"logo\":{\"@type\":\"ImageObject\",\"inLanguage\":\"de\",\"@id\":\"https:\/\/ad.kress.com\/en-gb\/#\/schema\/logo\/image\/\",\"url\":\"https:\/\/ad.kress.com\/wp-content\/uploads\/2025\/01\/main-logo-kress.webp\",\"contentUrl\":\"https:\/\/ad.kress.com\/wp-content\/uploads\/2025\/01\/main-logo-kress.webp\",\"width\":1038,\"height\":245,\"caption\":\"Commercial outdoor power equipment\"},\"image\":{\"@id\":\"https:\/\/ad.kress.com\/en-gb\/#\/schema\/logo\/image\/\"}}]}<\/script>\n<!-- \/ Yoast SEO plugin. -->","yoast_head_json":{"title":"Kress Commercial verstellbarer Heckenscherenaufsatz - Landing Kress","robots":{"index":"index","follow":"follow","max-snippet":"max-snippet:-1","max-image-preview":"max-image-preview:large","max-video-preview":"max-video-preview:-1"},"canonical":"https:\/\/ad.kress.com\/en\/produkt\/kress-commercial-adjustable-hedge-trimmer-attachment-kac200\/","og_locale":"de_DE","og_type":"article","og_title":"Kress Commercial verstellbarer Heckenscherenaufsatz - Landing Kress","og_description":"Kompatibel mit KC120 und KAC104. Entwickelt f\u00fcr pr\u00e4zises Schneiden und Pflegen von Hecken, bietet sie ma\u00dfgeschneiderte Vielseitigkeit mit einem gelenkigen Schneidkopf, der f\u00fcr eine m\u00fchelose Kontrolle in mehreren Winkeln einstellbar ist.","og_url":"https:\/\/ad.kress.com\/en\/produkt\/kress-commercial-adjustable-hedge-trimmer-attachment-kac200\/","og_site_name":"Landing Kress","article_modified_time":"2025-08-05T08:29:11+00:00","og_image":[{"width":1038,"height":245,"url":"https:\/\/ad.kress.com\/wp-content\/uploads\/2025\/01\/main-logo-kress.webp","type":"image\/webp"}],"twitter_card":"summary_large_image","schema":{"@context":"https:\/\/schema.org","@graph":[{"@type":"WebPage","@id":"https:\/\/ad.kress.com\/en\/produkt\/kress-commercial-adjustable-hedge-trimmer-attachment-kac200\/","url":"https:\/\/ad.kress.com\/en\/produkt\/kress-commercial-adjustable-hedge-trimmer-attachment-kac200\/","name":"Kress Commercial verstellbarer Heckenscherenaufsatz - Landing Kress","isPartOf":{"@id":"https:\/\/ad.kress.com\/en-gb\/#website"},"primaryImageOfPage":{"@id":"https:\/\/ad.kress.com\/en\/produkt\/kress-commercial-adjustable-hedge-trimmer-attachment-kac200\/#primaryimage"},"image":{"@id":"https:\/\/ad.kress.com\/en\/produkt\/kress-commercial-adjustable-hedge-trimmer-attachment-kac200\/#primaryimage"},"thumbnailUrl":"https:\/\/ad.kress.com\/wp-content\/uploads\/onpage\/op_image_bfe1863f8d31b5eca5307303c4ee24face39a4cd.1980x.webp","datePublished":"2025-03-11T16:35:31+00:00","dateModified":"2025-08-05T08:29:11+00:00","breadcrumb":{"@id":"https:\/\/ad.kress.com\/en\/produkt\/kress-commercial-adjustable-hedge-trimmer-attachment-kac200\/#breadcrumb"},"inLanguage":"de","potentialAction":[{"@type":"ReadAction","target":["https:\/\/ad.kress.com\/en\/produkt\/kress-commercial-adjustable-hedge-trimmer-attachment-kac200\/"]}]},{"@type":"ImageObject","inLanguage":"de","@id":"https:\/\/ad.kress.com\/en\/produkt\/kress-commercial-adjustable-hedge-trimmer-attachment-kac200\/#primaryimage","url":"https:\/\/ad.kress.com\/wp-content\/uploads\/onpage\/op_image_bfe1863f8d31b5eca5307303c4ee24face39a4cd.1980x.webp","contentUrl":"https:\/\/ad.kress.com\/wp-content\/uploads\/onpage\/op_image_bfe1863f8d31b5eca5307303c4ee24face39a4cd.1980x.webp","width":1980,"height":1980},{"@type":"BreadcrumbList","@id":"https:\/\/ad.kress.com\/en\/produkt\/kress-commercial-adjustable-hedge-trimmer-attachment-kac200\/#breadcrumb","itemListElement":[{"@type":"ListItem","position":1,"name":"Home","item":"https:\/\/ad.kress.com\/en-gb\/"},{"@type":"ListItem","position":2,"name":"Kress Commercial verstellbarer Heckenscherenaufsatz"}]},{"@type":"WebSite","@id":"https:\/\/ad.kress.com\/en-gb\/#website","url":"https:\/\/ad.kress.com\/en-gb\/","name":"Kress - Commercial outdoor power equipment","description":"Kress","publisher":{"@id":"https:\/\/ad.kress.com\/en-gb\/#organization"},"alternateName":"Kress","potentialAction":[{"@type":"SearchAction","target":{"@type":"EntryPoint","urlTemplate":"https:\/\/ad.kress.com\/en-gb\/?s={search_term_string}"},"query-input":{"@type":"PropertyValueSpecification","valueRequired":true,"valueName":"search_term_string"}}],"inLanguage":"de"},{"@type":"Organization","@id":"https:\/\/ad.kress.com\/en-gb\/#organization","name":"Commercial outdoor power equipment","alternateName":"Kress","url":"https:\/\/ad.kress.com\/en-gb\/","logo":{"@type":"ImageObject","inLanguage":"de","@id":"https:\/\/ad.kress.com\/en-gb\/#\/schema\/logo\/image\/","url":"https:\/\/ad.kress.com\/wp-content\/uploads\/2025\/01\/main-logo-kress.webp","contentUrl":"https:\/\/ad.kress.com\/wp-content\/uploads\/2025\/01\/main-logo-kress.webp","width":1038,"height":245,"caption":"Commercial outdoor power equipment"},"image":{"@id":"https:\/\/ad.kress.com\/en-gb\/#\/schema\/logo\/image\/"}}]}},"_links":{"self":[{"href":"https:\/\/ad.kress.com\/de-de\/wp-json\/wp\/v2\/product\/3087","targetHints":{"allow":["GET"]}}],"collection":[{"href":"https:\/\/ad.kress.com\/de-de\/wp-json\/wp\/v2\/product"}],"about":[{"href":"https:\/\/ad.kress.com\/de-de\/wp-json\/wp\/v2\/types\/product"}],"replies":[{"embeddable":true,"href":"https:\/\/ad.kress.com\/de-de\/wp-json\/wp\/v2\/comments?post=3087"}],"wp:featuredmedia":[{"embeddable":true,"href":"https:\/\/ad.kress.com\/de-de\/wp-json\/wp\/v2\/media\/11651"}],"wp:attachment":[{"href":"https:\/\/ad.kress.com\/de-de\/wp-json\/wp\/v2\/media?parent=3087"}],"wp:term":[{"taxonomy":"product_brand","embeddable":true,"href":"https:\/\/ad.kress.com\/de-de\/wp-json\/wp\/v2\/product_brand?post=3087"},{"taxonomy":"product_cat","embeddable":true,"href":"https:\/\/ad.kress.com\/de-de\/wp-json\/wp\/v2\/product_cat?post=3087"},{"taxonomy":"product_tag","embeddable":true,"href":"https:\/\/ad.kress.com\/de-de\/wp-json\/wp\/v2\/product_tag?post=3087"}],"curies":[{"name":"wp","href":"https:\/\/api.w.org\/{rel}","templated":true}]}}