{"id":2499,"date":"2025-03-11T16:35:14","date_gmt":"2025-03-11T16:35:14","guid":{"rendered":""},"modified":"2025-08-05T08:29:11","modified_gmt":"2025-08-05T08:29:11","slug":"kress-60-v-24-2-stufige-selbstfahrende-schneefraese-kg471","status":"publish","type":"product","link":"https:\/\/ad.kress.com\/de-de\/produkt\/kress-60-v-24-2-stufige-selbstfahrende-schneefraese-kg471\/","title":{"rendered":"60-V-Schneefr\u00e4se"},"content":{"rendered":"<p>Die 2-stufige Schneefr\u00e4se KG471 von Kress ist f\u00fcr hohe Leistung unter harten Winterbedingungen ausgelegt und kann mit einer einzigen Ladung bis zu 8 Zoll Schnee auf einer Einfahrt mit 21 Autos r\u00e4umen. Das selbstfahrende Antriebssystem bewegt sich reibungslos vorw\u00e4rts und r\u00fcckw\u00e4rts, angetrieben von zwei b\u00fcrstenlosen Motoren, die sowohl das Pfl\u00fcgen als auch den Antrieb mit Leichtigkeit erledigen. Benutzerfreundliche Funktionen wie die Einhandbedienung \u00fcber ein intuitives Bedienfeld und eine 2-in-1-Auswurfschachtsteuerung erm\u00f6glichen es Ihnen, den Schnee mit Pr\u00e4zision und Effizienz zu lenken.<\/p>\n","protected":false},"excerpt":{"rendered":"<p>Die 2-stufige Schneefr\u00e4se KG471 von Kress ist f\u00fcr hohe Leistung unter harten Winterbedingungen ausgelegt und kann mit einer einzigen Ladung bis zu 8 Zoll Schnee auf einer Einfahrt mit 21 Autos r\u00e4umen. Das selbstfahrende Antriebssystem bewegt sich reibungslos vorw\u00e4rts und r\u00fcckw\u00e4rts, angetrieben von zwei b\u00fcrstenlosen Motoren, die sowohl das Pfl\u00fcgen als auch den Antrieb mit&hellip; <a class=\"more-link\" href=\"https:\/\/ad.kress.com\/de-de\/produkt\/kress-60-v-24-2-stufige-selbstfahrende-schneefraese-kg471\/\">Continue reading <span class=\"screen-reader-text\">60-V-Schneefr\u00e4se<\/span><\/a><\/p>\n","protected":false},"featured_media":10801,"comment_status":"closed","ping_status":"closed","template":"","meta":[],"product_brand":[],"product_cat":[],"product_tag":[],"class_list":{"0":"post-2499","1":"product","2":"type-product","3":"status-publish","4":"has-post-thumbnail","6":"entry","8":"first","9":"instock","10":"shipping-taxable","11":"product-type-simple"},"yoast_head":"<!-- This site is optimized with the Yoast SEO plugin v24.3 - https:\/\/yoast.com\/wordpress\/plugins\/seo\/ -->\n<title>60-V-Schneefr\u00e4se - Landing Kress<\/title>\n<meta name=\"robots\" content=\"index, follow, max-snippet:-1, max-image-preview:large, max-video-preview:-1\" \/>\n<link rel=\"canonical\" href=\"https:\/\/ad.kress.com\/en\/produkt\/kress-60-v-24-2-stage-self-propelled-snow-mower-kg471\/\" \/>\n<meta property=\"og:locale\" content=\"de_DE\" \/>\n<meta property=\"og:type\" content=\"article\" \/>\n<meta property=\"og:title\" content=\"60-V-Schneefr\u00e4se - Landing Kress\" \/>\n<meta property=\"og:description\" content=\"Die 2-stufige Schneefr\u00e4se KG471 von Kress ist f\u00fcr hohe Leistung unter harten Winterbedingungen ausgelegt und kann mit einer einzigen Ladung bis zu 8 Zoll Schnee auf einer Einfahrt mit 21 Autos r\u00e4umen. Das selbstfahrende Antriebssystem bewegt sich reibungslos vorw\u00e4rts und r\u00fcckw\u00e4rts, angetrieben von zwei b\u00fcrstenlosen Motoren, die sowohl das Pfl\u00fcgen als auch den Antrieb mit&hellip; Continue reading 60-V-Schneefr\u00e4se\" \/>\n<meta property=\"og:url\" content=\"https:\/\/ad.kress.com\/en\/produkt\/kress-60-v-24-2-stage-self-propelled-snow-mower-kg471\/\" \/>\n<meta property=\"og:site_name\" content=\"Landing Kress\" \/>\n<meta property=\"article:modified_time\" content=\"2025-08-05T08:29:11+00:00\" \/>\n<meta property=\"og:image\" content=\"https:\/\/ad.kress.com\/wp-content\/uploads\/2025\/01\/main-logo-kress.webp\" \/>\n\t<meta property=\"og:image:width\" content=\"1038\" \/>\n\t<meta property=\"og:image:height\" content=\"245\" \/>\n\t<meta property=\"og:image:type\" content=\"image\/webp\" \/>\n<meta name=\"twitter:card\" content=\"summary_large_image\" \/>\n<script type=\"application\/ld+json\" class=\"yoast-schema-graph\">{\"@context\":\"https:\/\/schema.org\",\"@graph\":[{\"@type\":\"WebPage\",\"@id\":\"https:\/\/ad.kress.com\/en\/produkt\/kress-60-v-24-2-stage-self-propelled-snow-mower-kg471\/\",\"url\":\"https:\/\/ad.kress.com\/en\/produkt\/kress-60-v-24-2-stage-self-propelled-snow-mower-kg471\/\",\"name\":\"60-V-Schneefr\u00e4se - Landing Kress\",\"isPartOf\":{\"@id\":\"https:\/\/ad.kress.com\/en-gb\/#website\"},\"primaryImageOfPage\":{\"@id\":\"https:\/\/ad.kress.com\/en\/produkt\/kress-60-v-24-2-stage-self-propelled-snow-mower-kg471\/#primaryimage\"},\"image\":{\"@id\":\"https:\/\/ad.kress.com\/en\/produkt\/kress-60-v-24-2-stage-self-propelled-snow-mower-kg471\/#primaryimage\"},\"thumbnailUrl\":\"https:\/\/ad.kress.com\/wp-content\/uploads\/onpage\/op_image_fc3f9c3b03709256a1b47bcd18bd3728bc74823e.1980x.webp\",\"datePublished\":\"2025-03-11T16:35:14+00:00\",\"dateModified\":\"2025-08-05T08:29:11+00:00\",\"breadcrumb\":{\"@id\":\"https:\/\/ad.kress.com\/en\/produkt\/kress-60-v-24-2-stage-self-propelled-snow-mower-kg471\/#breadcrumb\"},\"inLanguage\":\"de\",\"potentialAction\":[{\"@type\":\"ReadAction\",\"target\":[\"https:\/\/ad.kress.com\/en\/produkt\/kress-60-v-24-2-stage-self-propelled-snow-mower-kg471\/\"]}]},{\"@type\":\"ImageObject\",\"inLanguage\":\"de\",\"@id\":\"https:\/\/ad.kress.com\/en\/produkt\/kress-60-v-24-2-stage-self-propelled-snow-mower-kg471\/#primaryimage\",\"url\":\"https:\/\/ad.kress.com\/wp-content\/uploads\/onpage\/op_image_fc3f9c3b03709256a1b47bcd18bd3728bc74823e.1980x.webp\",\"contentUrl\":\"https:\/\/ad.kress.com\/wp-content\/uploads\/onpage\/op_image_fc3f9c3b03709256a1b47bcd18bd3728bc74823e.1980x.webp\",\"width\":1980,\"height\":1980},{\"@type\":\"BreadcrumbList\",\"@id\":\"https:\/\/ad.kress.com\/en\/produkt\/kress-60-v-24-2-stage-self-propelled-snow-mower-kg471\/#breadcrumb\",\"itemListElement\":[{\"@type\":\"ListItem\",\"position\":1,\"name\":\"Home\",\"item\":\"https:\/\/ad.kress.com\/en-gb\/\"},{\"@type\":\"ListItem\",\"position\":2,\"name\":\"Kress 60 V 24&#8243; 2-stufige selbstfahrende Schneefr\u00e4se\"}]},{\"@type\":\"WebSite\",\"@id\":\"https:\/\/ad.kress.com\/en-gb\/#website\",\"url\":\"https:\/\/ad.kress.com\/en-gb\/\",\"name\":\"Kress - Commercial outdoor power equipment\",\"description\":\"Kress\",\"publisher\":{\"@id\":\"https:\/\/ad.kress.com\/en-gb\/#organization\"},\"alternateName\":\"Kress\",\"potentialAction\":[{\"@type\":\"SearchAction\",\"target\":{\"@type\":\"EntryPoint\",\"urlTemplate\":\"https:\/\/ad.kress.com\/en-gb\/?s={search_term_string}\"},\"query-input\":{\"@type\":\"PropertyValueSpecification\",\"valueRequired\":true,\"valueName\":\"search_term_string\"}}],\"inLanguage\":\"de\"},{\"@type\":\"Organization\",\"@id\":\"https:\/\/ad.kress.com\/en-gb\/#organization\",\"name\":\"Commercial outdoor power equipment\",\"alternateName\":\"Kress\",\"url\":\"https:\/\/ad.kress.com\/en-gb\/\",\"logo\":{\"@type\":\"ImageObject\",\"inLanguage\":\"de\",\"@id\":\"https:\/\/ad.kress.com\/en-gb\/#\/schema\/logo\/image\/\",\"url\":\"https:\/\/ad.kress.com\/wp-content\/uploads\/2025\/01\/main-logo-kress.webp\",\"contentUrl\":\"https:\/\/ad.kress.com\/wp-content\/uploads\/2025\/01\/main-logo-kress.webp\",\"width\":1038,\"height\":245,\"caption\":\"Commercial outdoor power equipment\"},\"image\":{\"@id\":\"https:\/\/ad.kress.com\/en-gb\/#\/schema\/logo\/image\/\"}}]}<\/script>\n<!-- \/ Yoast SEO plugin. -->","yoast_head_json":{"title":"60-V-Schneefr\u00e4se - Landing Kress","robots":{"index":"index","follow":"follow","max-snippet":"max-snippet:-1","max-image-preview":"max-image-preview:large","max-video-preview":"max-video-preview:-1"},"canonical":"https:\/\/ad.kress.com\/en\/produkt\/kress-60-v-24-2-stage-self-propelled-snow-mower-kg471\/","og_locale":"de_DE","og_type":"article","og_title":"60-V-Schneefr\u00e4se - Landing Kress","og_description":"Die 2-stufige Schneefr\u00e4se KG471 von Kress ist f\u00fcr hohe Leistung unter harten Winterbedingungen ausgelegt und kann mit einer einzigen Ladung bis zu 8 Zoll Schnee auf einer Einfahrt mit 21 Autos r\u00e4umen. Das selbstfahrende Antriebssystem bewegt sich reibungslos vorw\u00e4rts und r\u00fcckw\u00e4rts, angetrieben von zwei b\u00fcrstenlosen Motoren, die sowohl das Pfl\u00fcgen als auch den Antrieb mit&hellip; Continue reading 60-V-Schneefr\u00e4se","og_url":"https:\/\/ad.kress.com\/en\/produkt\/kress-60-v-24-2-stage-self-propelled-snow-mower-kg471\/","og_site_name":"Landing Kress","article_modified_time":"2025-08-05T08:29:11+00:00","og_image":[{"width":1038,"height":245,"url":"https:\/\/ad.kress.com\/wp-content\/uploads\/2025\/01\/main-logo-kress.webp","type":"image\/webp"}],"twitter_card":"summary_large_image","schema":{"@context":"https:\/\/schema.org","@graph":[{"@type":"WebPage","@id":"https:\/\/ad.kress.com\/en\/produkt\/kress-60-v-24-2-stage-self-propelled-snow-mower-kg471\/","url":"https:\/\/ad.kress.com\/en\/produkt\/kress-60-v-24-2-stage-self-propelled-snow-mower-kg471\/","name":"60-V-Schneefr\u00e4se - Landing Kress","isPartOf":{"@id":"https:\/\/ad.kress.com\/en-gb\/#website"},"primaryImageOfPage":{"@id":"https:\/\/ad.kress.com\/en\/produkt\/kress-60-v-24-2-stage-self-propelled-snow-mower-kg471\/#primaryimage"},"image":{"@id":"https:\/\/ad.kress.com\/en\/produkt\/kress-60-v-24-2-stage-self-propelled-snow-mower-kg471\/#primaryimage"},"thumbnailUrl":"https:\/\/ad.kress.com\/wp-content\/uploads\/onpage\/op_image_fc3f9c3b03709256a1b47bcd18bd3728bc74823e.1980x.webp","datePublished":"2025-03-11T16:35:14+00:00","dateModified":"2025-08-05T08:29:11+00:00","breadcrumb":{"@id":"https:\/\/ad.kress.com\/en\/produkt\/kress-60-v-24-2-stage-self-propelled-snow-mower-kg471\/#breadcrumb"},"inLanguage":"de","potentialAction":[{"@type":"ReadAction","target":["https:\/\/ad.kress.com\/en\/produkt\/kress-60-v-24-2-stage-self-propelled-snow-mower-kg471\/"]}]},{"@type":"ImageObject","inLanguage":"de","@id":"https:\/\/ad.kress.com\/en\/produkt\/kress-60-v-24-2-stage-self-propelled-snow-mower-kg471\/#primaryimage","url":"https:\/\/ad.kress.com\/wp-content\/uploads\/onpage\/op_image_fc3f9c3b03709256a1b47bcd18bd3728bc74823e.1980x.webp","contentUrl":"https:\/\/ad.kress.com\/wp-content\/uploads\/onpage\/op_image_fc3f9c3b03709256a1b47bcd18bd3728bc74823e.1980x.webp","width":1980,"height":1980},{"@type":"BreadcrumbList","@id":"https:\/\/ad.kress.com\/en\/produkt\/kress-60-v-24-2-stage-self-propelled-snow-mower-kg471\/#breadcrumb","itemListElement":[{"@type":"ListItem","position":1,"name":"Home","item":"https:\/\/ad.kress.com\/en-gb\/"},{"@type":"ListItem","position":2,"name":"Kress 60 V 24&#8243; 2-stufige selbstfahrende Schneefr\u00e4se"}]},{"@type":"WebSite","@id":"https:\/\/ad.kress.com\/en-gb\/#website","url":"https:\/\/ad.kress.com\/en-gb\/","name":"Kress - Commercial outdoor power equipment","description":"Kress","publisher":{"@id":"https:\/\/ad.kress.com\/en-gb\/#organization"},"alternateName":"Kress","potentialAction":[{"@type":"SearchAction","target":{"@type":"EntryPoint","urlTemplate":"https:\/\/ad.kress.com\/en-gb\/?s={search_term_string}"},"query-input":{"@type":"PropertyValueSpecification","valueRequired":true,"valueName":"search_term_string"}}],"inLanguage":"de"},{"@type":"Organization","@id":"https:\/\/ad.kress.com\/en-gb\/#organization","name":"Commercial outdoor power equipment","alternateName":"Kress","url":"https:\/\/ad.kress.com\/en-gb\/","logo":{"@type":"ImageObject","inLanguage":"de","@id":"https:\/\/ad.kress.com\/en-gb\/#\/schema\/logo\/image\/","url":"https:\/\/ad.kress.com\/wp-content\/uploads\/2025\/01\/main-logo-kress.webp","contentUrl":"https:\/\/ad.kress.com\/wp-content\/uploads\/2025\/01\/main-logo-kress.webp","width":1038,"height":245,"caption":"Commercial outdoor power equipment"},"image":{"@id":"https:\/\/ad.kress.com\/en-gb\/#\/schema\/logo\/image\/"}}]}},"_links":{"self":[{"href":"https:\/\/ad.kress.com\/de-de\/wp-json\/wp\/v2\/product\/2499","targetHints":{"allow":["GET"]}}],"collection":[{"href":"https:\/\/ad.kress.com\/de-de\/wp-json\/wp\/v2\/product"}],"about":[{"href":"https:\/\/ad.kress.com\/de-de\/wp-json\/wp\/v2\/types\/product"}],"replies":[{"embeddable":true,"href":"https:\/\/ad.kress.com\/de-de\/wp-json\/wp\/v2\/comments?post=2499"}],"wp:featuredmedia":[{"embeddable":true,"href":"https:\/\/ad.kress.com\/de-de\/wp-json\/wp\/v2\/media\/10801"}],"wp:attachment":[{"href":"https:\/\/ad.kress.com\/de-de\/wp-json\/wp\/v2\/media?parent=2499"}],"wp:term":[{"taxonomy":"product_brand","embeddable":true,"href":"https:\/\/ad.kress.com\/de-de\/wp-json\/wp\/v2\/product_brand?post=2499"},{"taxonomy":"product_cat","embeddable":true,"href":"https:\/\/ad.kress.com\/de-de\/wp-json\/wp\/v2\/product_cat?post=2499"},{"taxonomy":"product_tag","embeddable":true,"href":"https:\/\/ad.kress.com\/de-de\/wp-json\/wp\/v2\/product_tag?post=2499"}],"curies":[{"name":"wp","href":"https:\/\/api.w.org\/{rel}","templated":true}]}}