{"id":1778,"date":"2025-03-11T16:34:53","date_gmt":"2025-03-11T16:34:53","guid":{"rendered":""},"modified":"2025-08-05T08:29:11","modified_gmt":"2025-08-05T08:29:11","slug":"kress-40v-buerstenloses-silent-tech-laubblaeser-kg584","status":"publish","type":"product","link":"https:\/\/ad.kress.com\/de-de\/produkt\/kress-40v-buerstenloses-silent-tech-laubblaeser-kg584\/","title":{"rendered":"40 V Laubbl\u00e4ser"},"content":{"rendered":"<p>Das Kress 40 V Laubbl\u00e4ser bietet 16 N Blaskraft, 900 m\u00b3\/h Luftvolumen und eine H\u00f6chstgeschwindigkeit von 290 km\/h &#8211; und das alles in einem kompakten, ger\u00e4uscharmen Paket. Der b\u00fcrstenlose Motor und die leise Turbine sorgen f\u00fcr eine fl\u00fcsterleise Leistung von nur 57 dB. Mit der variablen Geschwindigkeit und dem Turbomodus haben Sie die M\u00f6glichkeit, die Reinigung Ihres Gartens deutlich zu verbessern.<\/p>\n","protected":false},"excerpt":{"rendered":"<p>Das Kress 40 V Laubbl\u00e4ser bietet 16 N Blaskraft, 900 m\u00b3\/h Luftvolumen und eine H\u00f6chstgeschwindigkeit von 290 km\/h &#8211; und das alles in einem kompakten, ger\u00e4uscharmen Paket. Der b\u00fcrstenlose Motor und die leise Turbine sorgen f\u00fcr eine fl\u00fcsterleise Leistung von nur 57 dB. Mit der variablen Geschwindigkeit und dem Turbomodus haben Sie die M\u00f6glichkeit, die&hellip; <a class=\"more-link\" href=\"https:\/\/ad.kress.com\/de-de\/produkt\/kress-40v-buerstenloses-silent-tech-laubblaeser-kg584\/\">Continue reading <span class=\"screen-reader-text\">40 V Laubbl\u00e4ser<\/span><\/a><\/p>\n","protected":false},"featured_media":9713,"comment_status":"closed","ping_status":"closed","template":"","meta":[],"product_brand":[],"product_cat":[],"product_tag":[],"class_list":{"0":"post-1778","1":"product","2":"type-product","3":"status-publish","4":"has-post-thumbnail","6":"entry","8":"first","9":"instock","10":"shipping-taxable","11":"product-type-simple"},"yoast_head":"<!-- This site is optimized with the Yoast SEO plugin v24.3 - https:\/\/yoast.com\/wordpress\/plugins\/seo\/ -->\n<title>40 V Laubbl\u00e4ser - Landing Kress<\/title>\n<meta name=\"robots\" content=\"index, follow, max-snippet:-1, max-image-preview:large, max-video-preview:-1\" \/>\n<link rel=\"canonical\" href=\"https:\/\/ad.kress.com\/en\/produkt\/kress-40v-brushless-silent-tech-blower-kg584\/\" \/>\n<meta property=\"og:locale\" content=\"de_DE\" \/>\n<meta property=\"og:type\" content=\"article\" \/>\n<meta property=\"og:title\" content=\"40 V Laubbl\u00e4ser - Landing Kress\" \/>\n<meta property=\"og:description\" content=\"Das Kress 40 V Laubbl\u00e4ser bietet 16 N Blaskraft, 900 m\u00b3\/h Luftvolumen und eine H\u00f6chstgeschwindigkeit von 290 km\/h &#8211; und das alles in einem kompakten, ger\u00e4uscharmen Paket. Der b\u00fcrstenlose Motor und die leise Turbine sorgen f\u00fcr eine fl\u00fcsterleise Leistung von nur 57 dB. Mit der variablen Geschwindigkeit und dem Turbomodus haben Sie die M\u00f6glichkeit, die&hellip; Continue reading 40 V Laubbl\u00e4ser\" \/>\n<meta property=\"og:url\" content=\"https:\/\/ad.kress.com\/en\/produkt\/kress-40v-brushless-silent-tech-blower-kg584\/\" \/>\n<meta property=\"og:site_name\" content=\"Landing Kress\" \/>\n<meta property=\"article:modified_time\" content=\"2025-08-05T08:29:11+00:00\" \/>\n<meta property=\"og:image\" content=\"https:\/\/ad.kress.com\/wp-content\/uploads\/2025\/01\/main-logo-kress.webp\" \/>\n\t<meta property=\"og:image:width\" content=\"1038\" \/>\n\t<meta property=\"og:image:height\" content=\"245\" \/>\n\t<meta property=\"og:image:type\" content=\"image\/webp\" \/>\n<meta name=\"twitter:card\" content=\"summary_large_image\" \/>\n<script type=\"application\/ld+json\" class=\"yoast-schema-graph\">{\"@context\":\"https:\/\/schema.org\",\"@graph\":[{\"@type\":\"WebPage\",\"@id\":\"https:\/\/ad.kress.com\/en\/produkt\/kress-40v-brushless-silent-tech-blower-kg584\/\",\"url\":\"https:\/\/ad.kress.com\/en\/produkt\/kress-40v-brushless-silent-tech-blower-kg584\/\",\"name\":\"40 V Laubbl\u00e4ser - Landing Kress\",\"isPartOf\":{\"@id\":\"https:\/\/ad.kress.com\/en-gb\/#website\"},\"primaryImageOfPage\":{\"@id\":\"https:\/\/ad.kress.com\/en\/produkt\/kress-40v-brushless-silent-tech-blower-kg584\/#primaryimage\"},\"image\":{\"@id\":\"https:\/\/ad.kress.com\/en\/produkt\/kress-40v-brushless-silent-tech-blower-kg584\/#primaryimage\"},\"thumbnailUrl\":\"https:\/\/ad.kress.com\/wp-content\/uploads\/onpage\/op_image_4c2de3e38ebf116ff3cf413b747bdb30fd6892f0.1980x.webp\",\"datePublished\":\"2025-03-11T16:34:53+00:00\",\"dateModified\":\"2025-08-05T08:29:11+00:00\",\"breadcrumb\":{\"@id\":\"https:\/\/ad.kress.com\/en\/produkt\/kress-40v-brushless-silent-tech-blower-kg584\/#breadcrumb\"},\"inLanguage\":\"de\",\"potentialAction\":[{\"@type\":\"ReadAction\",\"target\":[\"https:\/\/ad.kress.com\/en\/produkt\/kress-40v-brushless-silent-tech-blower-kg584\/\"]}]},{\"@type\":\"ImageObject\",\"inLanguage\":\"de\",\"@id\":\"https:\/\/ad.kress.com\/en\/produkt\/kress-40v-brushless-silent-tech-blower-kg584\/#primaryimage\",\"url\":\"https:\/\/ad.kress.com\/wp-content\/uploads\/onpage\/op_image_4c2de3e38ebf116ff3cf413b747bdb30fd6892f0.1980x.webp\",\"contentUrl\":\"https:\/\/ad.kress.com\/wp-content\/uploads\/onpage\/op_image_4c2de3e38ebf116ff3cf413b747bdb30fd6892f0.1980x.webp\",\"width\":1980,\"height\":1980},{\"@type\":\"BreadcrumbList\",\"@id\":\"https:\/\/ad.kress.com\/en\/produkt\/kress-40v-brushless-silent-tech-blower-kg584\/#breadcrumb\",\"itemListElement\":[{\"@type\":\"ListItem\",\"position\":1,\"name\":\"Home\",\"item\":\"https:\/\/ad.kress.com\/en-gb\/\"},{\"@type\":\"ListItem\",\"position\":2,\"name\":\"Kress 40V B\u00fcrstenloses Silent Tech Laubbl\u00e4ser\"}]},{\"@type\":\"WebSite\",\"@id\":\"https:\/\/ad.kress.com\/en-gb\/#website\",\"url\":\"https:\/\/ad.kress.com\/en-gb\/\",\"name\":\"Kress - Commercial outdoor power equipment\",\"description\":\"Kress\",\"publisher\":{\"@id\":\"https:\/\/ad.kress.com\/en-gb\/#organization\"},\"alternateName\":\"Kress\",\"potentialAction\":[{\"@type\":\"SearchAction\",\"target\":{\"@type\":\"EntryPoint\",\"urlTemplate\":\"https:\/\/ad.kress.com\/en-gb\/?s={search_term_string}\"},\"query-input\":{\"@type\":\"PropertyValueSpecification\",\"valueRequired\":true,\"valueName\":\"search_term_string\"}}],\"inLanguage\":\"de\"},{\"@type\":\"Organization\",\"@id\":\"https:\/\/ad.kress.com\/en-gb\/#organization\",\"name\":\"Commercial outdoor power equipment\",\"alternateName\":\"Kress\",\"url\":\"https:\/\/ad.kress.com\/en-gb\/\",\"logo\":{\"@type\":\"ImageObject\",\"inLanguage\":\"de\",\"@id\":\"https:\/\/ad.kress.com\/en-gb\/#\/schema\/logo\/image\/\",\"url\":\"https:\/\/ad.kress.com\/wp-content\/uploads\/2025\/01\/main-logo-kress.webp\",\"contentUrl\":\"https:\/\/ad.kress.com\/wp-content\/uploads\/2025\/01\/main-logo-kress.webp\",\"width\":1038,\"height\":245,\"caption\":\"Commercial outdoor power equipment\"},\"image\":{\"@id\":\"https:\/\/ad.kress.com\/en-gb\/#\/schema\/logo\/image\/\"}}]}<\/script>\n<!-- \/ Yoast SEO plugin. -->","yoast_head_json":{"title":"40 V Laubbl\u00e4ser - Landing Kress","robots":{"index":"index","follow":"follow","max-snippet":"max-snippet:-1","max-image-preview":"max-image-preview:large","max-video-preview":"max-video-preview:-1"},"canonical":"https:\/\/ad.kress.com\/en\/produkt\/kress-40v-brushless-silent-tech-blower-kg584\/","og_locale":"de_DE","og_type":"article","og_title":"40 V Laubbl\u00e4ser - Landing Kress","og_description":"Das Kress 40 V Laubbl\u00e4ser bietet 16 N Blaskraft, 900 m\u00b3\/h Luftvolumen und eine H\u00f6chstgeschwindigkeit von 290 km\/h &#8211; und das alles in einem kompakten, ger\u00e4uscharmen Paket. Der b\u00fcrstenlose Motor und die leise Turbine sorgen f\u00fcr eine fl\u00fcsterleise Leistung von nur 57 dB. Mit der variablen Geschwindigkeit und dem Turbomodus haben Sie die M\u00f6glichkeit, die&hellip; Continue reading 40 V Laubbl\u00e4ser","og_url":"https:\/\/ad.kress.com\/en\/produkt\/kress-40v-brushless-silent-tech-blower-kg584\/","og_site_name":"Landing Kress","article_modified_time":"2025-08-05T08:29:11+00:00","og_image":[{"width":1038,"height":245,"url":"https:\/\/ad.kress.com\/wp-content\/uploads\/2025\/01\/main-logo-kress.webp","type":"image\/webp"}],"twitter_card":"summary_large_image","schema":{"@context":"https:\/\/schema.org","@graph":[{"@type":"WebPage","@id":"https:\/\/ad.kress.com\/en\/produkt\/kress-40v-brushless-silent-tech-blower-kg584\/","url":"https:\/\/ad.kress.com\/en\/produkt\/kress-40v-brushless-silent-tech-blower-kg584\/","name":"40 V Laubbl\u00e4ser - Landing Kress","isPartOf":{"@id":"https:\/\/ad.kress.com\/en-gb\/#website"},"primaryImageOfPage":{"@id":"https:\/\/ad.kress.com\/en\/produkt\/kress-40v-brushless-silent-tech-blower-kg584\/#primaryimage"},"image":{"@id":"https:\/\/ad.kress.com\/en\/produkt\/kress-40v-brushless-silent-tech-blower-kg584\/#primaryimage"},"thumbnailUrl":"https:\/\/ad.kress.com\/wp-content\/uploads\/onpage\/op_image_4c2de3e38ebf116ff3cf413b747bdb30fd6892f0.1980x.webp","datePublished":"2025-03-11T16:34:53+00:00","dateModified":"2025-08-05T08:29:11+00:00","breadcrumb":{"@id":"https:\/\/ad.kress.com\/en\/produkt\/kress-40v-brushless-silent-tech-blower-kg584\/#breadcrumb"},"inLanguage":"de","potentialAction":[{"@type":"ReadAction","target":["https:\/\/ad.kress.com\/en\/produkt\/kress-40v-brushless-silent-tech-blower-kg584\/"]}]},{"@type":"ImageObject","inLanguage":"de","@id":"https:\/\/ad.kress.com\/en\/produkt\/kress-40v-brushless-silent-tech-blower-kg584\/#primaryimage","url":"https:\/\/ad.kress.com\/wp-content\/uploads\/onpage\/op_image_4c2de3e38ebf116ff3cf413b747bdb30fd6892f0.1980x.webp","contentUrl":"https:\/\/ad.kress.com\/wp-content\/uploads\/onpage\/op_image_4c2de3e38ebf116ff3cf413b747bdb30fd6892f0.1980x.webp","width":1980,"height":1980},{"@type":"BreadcrumbList","@id":"https:\/\/ad.kress.com\/en\/produkt\/kress-40v-brushless-silent-tech-blower-kg584\/#breadcrumb","itemListElement":[{"@type":"ListItem","position":1,"name":"Home","item":"https:\/\/ad.kress.com\/en-gb\/"},{"@type":"ListItem","position":2,"name":"Kress 40V B\u00fcrstenloses Silent Tech Laubbl\u00e4ser"}]},{"@type":"WebSite","@id":"https:\/\/ad.kress.com\/en-gb\/#website","url":"https:\/\/ad.kress.com\/en-gb\/","name":"Kress - Commercial outdoor power equipment","description":"Kress","publisher":{"@id":"https:\/\/ad.kress.com\/en-gb\/#organization"},"alternateName":"Kress","potentialAction":[{"@type":"SearchAction","target":{"@type":"EntryPoint","urlTemplate":"https:\/\/ad.kress.com\/en-gb\/?s={search_term_string}"},"query-input":{"@type":"PropertyValueSpecification","valueRequired":true,"valueName":"search_term_string"}}],"inLanguage":"de"},{"@type":"Organization","@id":"https:\/\/ad.kress.com\/en-gb\/#organization","name":"Commercial outdoor power equipment","alternateName":"Kress","url":"https:\/\/ad.kress.com\/en-gb\/","logo":{"@type":"ImageObject","inLanguage":"de","@id":"https:\/\/ad.kress.com\/en-gb\/#\/schema\/logo\/image\/","url":"https:\/\/ad.kress.com\/wp-content\/uploads\/2025\/01\/main-logo-kress.webp","contentUrl":"https:\/\/ad.kress.com\/wp-content\/uploads\/2025\/01\/main-logo-kress.webp","width":1038,"height":245,"caption":"Commercial outdoor power equipment"},"image":{"@id":"https:\/\/ad.kress.com\/en-gb\/#\/schema\/logo\/image\/"}}]}},"_links":{"self":[{"href":"https:\/\/ad.kress.com\/de-de\/wp-json\/wp\/v2\/product\/1778","targetHints":{"allow":["GET"]}}],"collection":[{"href":"https:\/\/ad.kress.com\/de-de\/wp-json\/wp\/v2\/product"}],"about":[{"href":"https:\/\/ad.kress.com\/de-de\/wp-json\/wp\/v2\/types\/product"}],"replies":[{"embeddable":true,"href":"https:\/\/ad.kress.com\/de-de\/wp-json\/wp\/v2\/comments?post=1778"}],"wp:featuredmedia":[{"embeddable":true,"href":"https:\/\/ad.kress.com\/de-de\/wp-json\/wp\/v2\/media\/9713"}],"wp:attachment":[{"href":"https:\/\/ad.kress.com\/de-de\/wp-json\/wp\/v2\/media?parent=1778"}],"wp:term":[{"taxonomy":"product_brand","embeddable":true,"href":"https:\/\/ad.kress.com\/de-de\/wp-json\/wp\/v2\/product_brand?post=1778"},{"taxonomy":"product_cat","embeddable":true,"href":"https:\/\/ad.kress.com\/de-de\/wp-json\/wp\/v2\/product_cat?post=1778"},{"taxonomy":"product_tag","embeddable":true,"href":"https:\/\/ad.kress.com\/de-de\/wp-json\/wp\/v2\/product_tag?post=1778"}],"curies":[{"name":"wp","href":"https:\/\/api.w.org\/{rel}","templated":true}]}}