{"id":7146,"date":"2025-04-04T07:57:52","date_gmt":"2025-04-04T07:57:52","guid":{"rendered":""},"modified":"2025-08-05T08:29:11","modified_gmt":"2025-08-05T08:29:11","slug":"60-v-kettensaege-fuer-den-gewerblichen-einsatz-kc320-9","status":"publish","type":"product","link":"https:\/\/ad.kress.com\/de-ch\/60-v-kettensaege-fuer-den-gewerblichen-einsatz-kc320-9\/","title":{"rendered":"Handels\u00fcbliche 60-V-Obergriff-Kettens\u00e4ge"},"content":{"rendered":"<p>Die Kress Commercial Baumpflegemotors\u00e4ge mit Obergriff wurde f\u00fcr Landschaftsbaubetriebe und Kommunen entwickelt, die nachhaltige Praktiken in ihren Betrieb integrieren m\u00f6chten. Sie liefert 2,4 kW Leistung und gew\u00e4hrleistet effiziente Schnitte bei Geschwindigkeiten von bis zu 24 m\/s. Die .325lp-Kette bietet pr\u00e4zise Schnitte mit reduziertem R\u00fcckschlag. Als Teil des Kress Commercial CyberSystems liefert sie Spitzenleistung mit dem Vorteil geringerer Betriebskosten im Vergleich zu Gas- und anderen Akkusystemen.<\/p>\n","protected":false},"excerpt":{"rendered":"<p>Die Kress Commercial Baumpflegemotors\u00e4ge mit Obergriff wurde f\u00fcr Landschaftsbaubetriebe und Kommunen entwickelt, die nachhaltige Praktiken in ihren Betrieb integrieren m\u00f6chten. Sie liefert 2,4 kW Leistung und gew\u00e4hrleistet effiziente Schnitte bei Geschwindigkeiten von bis zu 24 m\/s. Die .325lp-Kette bietet pr\u00e4zise Schnitte mit reduziertem R\u00fcckschlag. Als Teil des Kress Commercial CyberSystems liefert sie Spitzenleistung mit dem&hellip; <a class=\"more-link\" href=\"https:\/\/ad.kress.com\/de-ch\/60-v-kettensaege-fuer-den-gewerblichen-einsatz-kc320-9\/\">Continue reading <span class=\"screen-reader-text\">Handels\u00fcbliche 60-V-Obergriff-Kettens\u00e4ge<\/span><\/a><\/p>\n","protected":false},"featured_media":10988,"comment_status":"closed","ping_status":"closed","template":"","meta":[],"product_brand":[],"product_cat":[],"product_tag":[],"class_list":{"0":"post-7146","1":"product","2":"type-product","3":"status-publish","4":"has-post-thumbnail","6":"entry","8":"first","9":"instock","10":"shipping-taxable","11":"purchasable","12":"product-type-simple"},"yoast_head":"<!-- This site is optimized with the Yoast SEO plugin v24.3 - https:\/\/yoast.com\/wordpress\/plugins\/seo\/ -->\n<title>Handels\u00fcbliche 60-V-Obergriff-Kettens\u00e4ge - Landing Kress<\/title>\n<meta name=\"robots\" content=\"index, follow, max-snippet:-1, max-image-preview:large, max-video-preview:-1\" \/>\n<link rel=\"canonical\" href=\"https:\/\/ad.kress.com\/en\/commercial-grade-60-v-chainsaw-kc320-9\/\" \/>\n<meta property=\"og:locale\" content=\"de_DE\" \/>\n<meta property=\"og:type\" content=\"article\" \/>\n<meta property=\"og:title\" content=\"Handels\u00fcbliche 60-V-Obergriff-Kettens\u00e4ge - Landing Kress\" \/>\n<meta property=\"og:description\" content=\"Die Kress Commercial Baumpflegemotors\u00e4ge mit Obergriff wurde f\u00fcr Landschaftsbaubetriebe und Kommunen entwickelt, die nachhaltige Praktiken in ihren Betrieb integrieren m\u00f6chten. Sie liefert 2,4 kW Leistung und gew\u00e4hrleistet effiziente Schnitte bei Geschwindigkeiten von bis zu 24 m\/s. Die .325lp-Kette bietet pr\u00e4zise Schnitte mit reduziertem R\u00fcckschlag. Als Teil des Kress Commercial CyberSystems liefert sie Spitzenleistung mit dem&hellip; Continue reading Handels\u00fcbliche 60-V-Obergriff-Kettens\u00e4ge\" \/>\n<meta property=\"og:url\" content=\"https:\/\/ad.kress.com\/en\/commercial-grade-60-v-chainsaw-kc320-9\/\" \/>\n<meta property=\"og:site_name\" content=\"Landing Kress\" \/>\n<meta property=\"article:modified_time\" content=\"2025-08-05T08:29:11+00:00\" \/>\n<meta property=\"og:image\" content=\"https:\/\/ad.kress.com\/wp-content\/uploads\/onpage\/op_image_4010771c3cca746d7cfe610e2fc9d85eb936161d.1980x.webp\" \/>\n\t<meta property=\"og:image:width\" content=\"1980\" \/>\n\t<meta property=\"og:image:height\" content=\"1980\" \/>\n\t<meta property=\"og:image:type\" content=\"image\/webp\" \/>\n<meta name=\"twitter:card\" content=\"summary_large_image\" \/>\n<script type=\"application\/ld+json\" class=\"yoast-schema-graph\">{\"@context\":\"https:\/\/schema.org\",\"@graph\":[{\"@type\":\"WebPage\",\"@id\":\"https:\/\/ad.kress.com\/en\/commercial-grade-60-v-chainsaw-kc320-9\/\",\"url\":\"https:\/\/ad.kress.com\/en\/commercial-grade-60-v-chainsaw-kc320-9\/\",\"name\":\"Handels\u00fcbliche 60-V-Obergriff-Kettens\u00e4ge - Landing Kress\",\"isPartOf\":{\"@id\":\"https:\/\/ad.kress.com\/en-gb\/#website\"},\"primaryImageOfPage\":{\"@id\":\"https:\/\/ad.kress.com\/en\/commercial-grade-60-v-chainsaw-kc320-9\/#primaryimage\"},\"image\":{\"@id\":\"https:\/\/ad.kress.com\/en\/commercial-grade-60-v-chainsaw-kc320-9\/#primaryimage\"},\"thumbnailUrl\":\"https:\/\/ad.kress.com\/wp-content\/uploads\/onpage\/op_image_4010771c3cca746d7cfe610e2fc9d85eb936161d.1980x.webp\",\"datePublished\":\"2025-04-04T07:57:52+00:00\",\"dateModified\":\"2025-08-05T08:29:11+00:00\",\"breadcrumb\":{\"@id\":\"https:\/\/ad.kress.com\/en\/commercial-grade-60-v-chainsaw-kc320-9\/#breadcrumb\"},\"inLanguage\":\"de-CH\",\"potentialAction\":[{\"@type\":\"ReadAction\",\"target\":[\"https:\/\/ad.kress.com\/en\/commercial-grade-60-v-chainsaw-kc320-9\/\"]}]},{\"@type\":\"ImageObject\",\"inLanguage\":\"de-CH\",\"@id\":\"https:\/\/ad.kress.com\/en\/commercial-grade-60-v-chainsaw-kc320-9\/#primaryimage\",\"url\":\"https:\/\/ad.kress.com\/wp-content\/uploads\/onpage\/op_image_4010771c3cca746d7cfe610e2fc9d85eb936161d.1980x.webp\",\"contentUrl\":\"https:\/\/ad.kress.com\/wp-content\/uploads\/onpage\/op_image_4010771c3cca746d7cfe610e2fc9d85eb936161d.1980x.webp\",\"width\":1980,\"height\":1980},{\"@type\":\"BreadcrumbList\",\"@id\":\"https:\/\/ad.kress.com\/en\/commercial-grade-60-v-chainsaw-kc320-9\/#breadcrumb\",\"itemListElement\":[{\"@type\":\"ListItem\",\"position\":1,\"name\":\"Home\",\"item\":\"https:\/\/ad.kress.com\/en-gb\/\"},{\"@type\":\"ListItem\",\"position\":2,\"name\":\"60 V Kettens\u00e4ge f\u00fcr den gewerblichen Einsatz\"}]},{\"@type\":\"WebSite\",\"@id\":\"https:\/\/ad.kress.com\/en-gb\/#website\",\"url\":\"https:\/\/ad.kress.com\/en-gb\/\",\"name\":\"Kress - Commercial outdoor power equipment\",\"description\":\"Kress\",\"publisher\":{\"@id\":\"https:\/\/ad.kress.com\/en-gb\/#organization\"},\"alternateName\":\"Kress\",\"potentialAction\":[{\"@type\":\"SearchAction\",\"target\":{\"@type\":\"EntryPoint\",\"urlTemplate\":\"https:\/\/ad.kress.com\/en-gb\/?s={search_term_string}\"},\"query-input\":{\"@type\":\"PropertyValueSpecification\",\"valueRequired\":true,\"valueName\":\"search_term_string\"}}],\"inLanguage\":\"de-CH\"},{\"@type\":\"Organization\",\"@id\":\"https:\/\/ad.kress.com\/en-gb\/#organization\",\"name\":\"Commercial outdoor power equipment\",\"alternateName\":\"Kress\",\"url\":\"https:\/\/ad.kress.com\/en-gb\/\",\"logo\":{\"@type\":\"ImageObject\",\"inLanguage\":\"de-CH\",\"@id\":\"https:\/\/ad.kress.com\/en-gb\/#\/schema\/logo\/image\/\",\"url\":\"https:\/\/ad.kress.com\/wp-content\/uploads\/2025\/01\/main-logo-kress.webp\",\"contentUrl\":\"https:\/\/ad.kress.com\/wp-content\/uploads\/2025\/01\/main-logo-kress.webp\",\"width\":1038,\"height\":245,\"caption\":\"Commercial outdoor power equipment\"},\"image\":{\"@id\":\"https:\/\/ad.kress.com\/en-gb\/#\/schema\/logo\/image\/\"}}]}<\/script>\n<!-- \/ Yoast SEO plugin. -->","yoast_head_json":{"title":"Handels\u00fcbliche 60-V-Obergriff-Kettens\u00e4ge - Landing Kress","robots":{"index":"index","follow":"follow","max-snippet":"max-snippet:-1","max-image-preview":"max-image-preview:large","max-video-preview":"max-video-preview:-1"},"canonical":"https:\/\/ad.kress.com\/en\/commercial-grade-60-v-chainsaw-kc320-9\/","og_locale":"de_DE","og_type":"article","og_title":"Handels\u00fcbliche 60-V-Obergriff-Kettens\u00e4ge - Landing Kress","og_description":"Die Kress Commercial Baumpflegemotors\u00e4ge mit Obergriff wurde f\u00fcr Landschaftsbaubetriebe und Kommunen entwickelt, die nachhaltige Praktiken in ihren Betrieb integrieren m\u00f6chten. Sie liefert 2,4 kW Leistung und gew\u00e4hrleistet effiziente Schnitte bei Geschwindigkeiten von bis zu 24 m\/s. Die .325lp-Kette bietet pr\u00e4zise Schnitte mit reduziertem R\u00fcckschlag. Als Teil des Kress Commercial CyberSystems liefert sie Spitzenleistung mit dem&hellip; Continue reading Handels\u00fcbliche 60-V-Obergriff-Kettens\u00e4ge","og_url":"https:\/\/ad.kress.com\/en\/commercial-grade-60-v-chainsaw-kc320-9\/","og_site_name":"Landing Kress","article_modified_time":"2025-08-05T08:29:11+00:00","og_image":[{"width":1980,"height":1980,"url":"https:\/\/ad.kress.com\/wp-content\/uploads\/onpage\/op_image_4010771c3cca746d7cfe610e2fc9d85eb936161d.1980x.webp","type":"image\/webp"}],"twitter_card":"summary_large_image","schema":{"@context":"https:\/\/schema.org","@graph":[{"@type":"WebPage","@id":"https:\/\/ad.kress.com\/en\/commercial-grade-60-v-chainsaw-kc320-9\/","url":"https:\/\/ad.kress.com\/en\/commercial-grade-60-v-chainsaw-kc320-9\/","name":"Handels\u00fcbliche 60-V-Obergriff-Kettens\u00e4ge - Landing Kress","isPartOf":{"@id":"https:\/\/ad.kress.com\/en-gb\/#website"},"primaryImageOfPage":{"@id":"https:\/\/ad.kress.com\/en\/commercial-grade-60-v-chainsaw-kc320-9\/#primaryimage"},"image":{"@id":"https:\/\/ad.kress.com\/en\/commercial-grade-60-v-chainsaw-kc320-9\/#primaryimage"},"thumbnailUrl":"https:\/\/ad.kress.com\/wp-content\/uploads\/onpage\/op_image_4010771c3cca746d7cfe610e2fc9d85eb936161d.1980x.webp","datePublished":"2025-04-04T07:57:52+00:00","dateModified":"2025-08-05T08:29:11+00:00","breadcrumb":{"@id":"https:\/\/ad.kress.com\/en\/commercial-grade-60-v-chainsaw-kc320-9\/#breadcrumb"},"inLanguage":"de-CH","potentialAction":[{"@type":"ReadAction","target":["https:\/\/ad.kress.com\/en\/commercial-grade-60-v-chainsaw-kc320-9\/"]}]},{"@type":"ImageObject","inLanguage":"de-CH","@id":"https:\/\/ad.kress.com\/en\/commercial-grade-60-v-chainsaw-kc320-9\/#primaryimage","url":"https:\/\/ad.kress.com\/wp-content\/uploads\/onpage\/op_image_4010771c3cca746d7cfe610e2fc9d85eb936161d.1980x.webp","contentUrl":"https:\/\/ad.kress.com\/wp-content\/uploads\/onpage\/op_image_4010771c3cca746d7cfe610e2fc9d85eb936161d.1980x.webp","width":1980,"height":1980},{"@type":"BreadcrumbList","@id":"https:\/\/ad.kress.com\/en\/commercial-grade-60-v-chainsaw-kc320-9\/#breadcrumb","itemListElement":[{"@type":"ListItem","position":1,"name":"Home","item":"https:\/\/ad.kress.com\/en-gb\/"},{"@type":"ListItem","position":2,"name":"60 V Kettens\u00e4ge f\u00fcr den gewerblichen Einsatz"}]},{"@type":"WebSite","@id":"https:\/\/ad.kress.com\/en-gb\/#website","url":"https:\/\/ad.kress.com\/en-gb\/","name":"Kress - Commercial outdoor power equipment","description":"Kress","publisher":{"@id":"https:\/\/ad.kress.com\/en-gb\/#organization"},"alternateName":"Kress","potentialAction":[{"@type":"SearchAction","target":{"@type":"EntryPoint","urlTemplate":"https:\/\/ad.kress.com\/en-gb\/?s={search_term_string}"},"query-input":{"@type":"PropertyValueSpecification","valueRequired":true,"valueName":"search_term_string"}}],"inLanguage":"de-CH"},{"@type":"Organization","@id":"https:\/\/ad.kress.com\/en-gb\/#organization","name":"Commercial outdoor power equipment","alternateName":"Kress","url":"https:\/\/ad.kress.com\/en-gb\/","logo":{"@type":"ImageObject","inLanguage":"de-CH","@id":"https:\/\/ad.kress.com\/en-gb\/#\/schema\/logo\/image\/","url":"https:\/\/ad.kress.com\/wp-content\/uploads\/2025\/01\/main-logo-kress.webp","contentUrl":"https:\/\/ad.kress.com\/wp-content\/uploads\/2025\/01\/main-logo-kress.webp","width":1038,"height":245,"caption":"Commercial outdoor power equipment"},"image":{"@id":"https:\/\/ad.kress.com\/en-gb\/#\/schema\/logo\/image\/"}}]}},"_links":{"self":[{"href":"https:\/\/ad.kress.com\/de-ch\/wp-json\/wp\/v2\/product\/7146","targetHints":{"allow":["GET"]}}],"collection":[{"href":"https:\/\/ad.kress.com\/de-ch\/wp-json\/wp\/v2\/product"}],"about":[{"href":"https:\/\/ad.kress.com\/de-ch\/wp-json\/wp\/v2\/types\/product"}],"replies":[{"embeddable":true,"href":"https:\/\/ad.kress.com\/de-ch\/wp-json\/wp\/v2\/comments?post=7146"}],"wp:featuredmedia":[{"embeddable":true,"href":"https:\/\/ad.kress.com\/de-ch\/wp-json\/wp\/v2\/media\/10988"}],"wp:attachment":[{"href":"https:\/\/ad.kress.com\/de-ch\/wp-json\/wp\/v2\/media?parent=7146"}],"wp:term":[{"taxonomy":"product_brand","embeddable":true,"href":"https:\/\/ad.kress.com\/de-ch\/wp-json\/wp\/v2\/product_brand?post=7146"},{"taxonomy":"product_cat","embeddable":true,"href":"https:\/\/ad.kress.com\/de-ch\/wp-json\/wp\/v2\/product_cat?post=7146"},{"taxonomy":"product_tag","embeddable":true,"href":"https:\/\/ad.kress.com\/de-ch\/wp-json\/wp\/v2\/product_tag?post=7146"}],"curies":[{"name":"wp","href":"https:\/\/api.w.org\/{rel}","templated":true}]}}