{"id":5576,"date":"2025-04-04T07:57:34","date_gmt":"2025-04-04T07:57:34","guid":{"rendered":""},"modified":"2025-08-05T08:29:11","modified_gmt":"2025-08-05T08:29:11","slug":"kress-akku-60-v-5-ah-ka3008","status":"publish","type":"product","link":"https:\/\/ad.kress.com\/de-ch\/kress-akku-60-v-5-ah-ka3008\/","title":{"rendered":"60-V-Akku"},"content":{"rendered":"<p>Der Kress 60 V-Akku wurde f\u00fcr Profis entwickelt und bietet au\u00dfergew\u00f6hnliche Kraft und Leistung f\u00fcr gro\u00dfe G\u00e4rten, bewaldete Landschaften und kleine Bauernh\u00f6fe. Er ist voll kompatibel mit allen Kress 60 V-Ger\u00e4ten, optimiert die Energieabgabe mit Smartlink, sch\u00fctzt die Zellen mit Cell Guard und bleibt auch bei starker Belastung k\u00fchl mit Heatshield. Dies gew\u00e4hrleistet eine kontinuierlich hohe Leistung, eine schnelle Aufladung und eine lange Lebensdauer.<\/p>\n","protected":false},"excerpt":{"rendered":"<p>Der Kress 60 V-Akku wurde f\u00fcr Profis entwickelt und bietet au\u00dfergew\u00f6hnliche Kraft und Leistung f\u00fcr gro\u00dfe G\u00e4rten, bewaldete Landschaften und kleine Bauernh\u00f6fe. Er ist voll kompatibel mit allen Kress 60 V-Ger\u00e4ten, optimiert die Energieabgabe mit Smartlink, sch\u00fctzt die Zellen mit Cell Guard und bleibt auch bei starker Belastung k\u00fchl mit Heatshield. Dies gew\u00e4hrleistet eine kontinuierlich&hellip; <a class=\"more-link\" href=\"https:\/\/ad.kress.com\/de-ch\/kress-akku-60-v-5-ah-ka3008\/\">Continue reading <span class=\"screen-reader-text\">60-V-Akku<\/span><\/a><\/p>\n","protected":false},"featured_media":9798,"comment_status":"closed","ping_status":"closed","template":"","meta":[],"product_brand":[],"product_cat":[],"product_tag":[],"class_list":{"0":"post-5576","1":"product","2":"type-product","3":"status-publish","4":"has-post-thumbnail","6":"entry","8":"first","9":"instock","10":"shipping-taxable","11":"product-type-simple"},"yoast_head":"<!-- This site is optimized with the Yoast SEO plugin v24.3 - https:\/\/yoast.com\/wordpress\/plugins\/seo\/ -->\n<title>60-V-Akku - Landing Kress<\/title>\n<meta name=\"robots\" content=\"index, follow, max-snippet:-1, max-image-preview:large, max-video-preview:-1\" \/>\n<link rel=\"canonical\" href=\"https:\/\/ad.kress.com\/en\/kress-60-v-5-ah-battery-ka3008\/\" \/>\n<meta property=\"og:locale\" content=\"de_DE\" \/>\n<meta property=\"og:type\" content=\"article\" \/>\n<meta property=\"og:title\" content=\"60-V-Akku - Landing Kress\" \/>\n<meta property=\"og:description\" content=\"Der Kress 60 V-Akku wurde f\u00fcr Profis entwickelt und bietet au\u00dfergew\u00f6hnliche Kraft und Leistung f\u00fcr gro\u00dfe G\u00e4rten, bewaldete Landschaften und kleine Bauernh\u00f6fe. Er ist voll kompatibel mit allen Kress 60 V-Ger\u00e4ten, optimiert die Energieabgabe mit Smartlink, sch\u00fctzt die Zellen mit Cell Guard und bleibt auch bei starker Belastung k\u00fchl mit Heatshield. Dies gew\u00e4hrleistet eine kontinuierlich&hellip; Continue reading 60-V-Akku\" \/>\n<meta property=\"og:url\" content=\"https:\/\/ad.kress.com\/en\/kress-60-v-5-ah-battery-ka3008\/\" \/>\n<meta property=\"og:site_name\" content=\"Landing Kress\" \/>\n<meta property=\"article:modified_time\" content=\"2025-08-05T08:29:11+00:00\" \/>\n<meta property=\"og:image\" content=\"https:\/\/ad.kress.com\/wp-content\/uploads\/onpage\/op_image_4eaf8994cc947984de15b01805191762861718fc.1980x.webp\" \/>\n\t<meta property=\"og:image:width\" content=\"1980\" \/>\n\t<meta property=\"og:image:height\" content=\"1980\" \/>\n\t<meta property=\"og:image:type\" content=\"image\/webp\" \/>\n<meta name=\"twitter:card\" content=\"summary_large_image\" \/>\n<script type=\"application\/ld+json\" class=\"yoast-schema-graph\">{\"@context\":\"https:\/\/schema.org\",\"@graph\":[{\"@type\":\"WebPage\",\"@id\":\"https:\/\/ad.kress.com\/en\/kress-60-v-5-ah-battery-ka3008\/\",\"url\":\"https:\/\/ad.kress.com\/en\/kress-60-v-5-ah-battery-ka3008\/\",\"name\":\"60-V-Akku - Landing Kress\",\"isPartOf\":{\"@id\":\"https:\/\/ad.kress.com\/en-gb\/#website\"},\"primaryImageOfPage\":{\"@id\":\"https:\/\/ad.kress.com\/en\/kress-60-v-5-ah-battery-ka3008\/#primaryimage\"},\"image\":{\"@id\":\"https:\/\/ad.kress.com\/en\/kress-60-v-5-ah-battery-ka3008\/#primaryimage\"},\"thumbnailUrl\":\"https:\/\/ad.kress.com\/wp-content\/uploads\/onpage\/op_image_4eaf8994cc947984de15b01805191762861718fc.1980x.webp\",\"datePublished\":\"2025-04-04T07:57:34+00:00\",\"dateModified\":\"2025-08-05T08:29:11+00:00\",\"breadcrumb\":{\"@id\":\"https:\/\/ad.kress.com\/en\/kress-60-v-5-ah-battery-ka3008\/#breadcrumb\"},\"inLanguage\":\"de-CH\",\"potentialAction\":[{\"@type\":\"ReadAction\",\"target\":[\"https:\/\/ad.kress.com\/en\/kress-60-v-5-ah-battery-ka3008\/\"]}]},{\"@type\":\"ImageObject\",\"inLanguage\":\"de-CH\",\"@id\":\"https:\/\/ad.kress.com\/en\/kress-60-v-5-ah-battery-ka3008\/#primaryimage\",\"url\":\"https:\/\/ad.kress.com\/wp-content\/uploads\/onpage\/op_image_4eaf8994cc947984de15b01805191762861718fc.1980x.webp\",\"contentUrl\":\"https:\/\/ad.kress.com\/wp-content\/uploads\/onpage\/op_image_4eaf8994cc947984de15b01805191762861718fc.1980x.webp\",\"width\":1980,\"height\":1980},{\"@type\":\"BreadcrumbList\",\"@id\":\"https:\/\/ad.kress.com\/en\/kress-60-v-5-ah-battery-ka3008\/#breadcrumb\",\"itemListElement\":[{\"@type\":\"ListItem\",\"position\":1,\"name\":\"Home\",\"item\":\"https:\/\/ad.kress.com\/en-gb\/\"},{\"@type\":\"ListItem\",\"position\":2,\"name\":\"Kress-Akku 60 V 5 Ah\"}]},{\"@type\":\"WebSite\",\"@id\":\"https:\/\/ad.kress.com\/en-gb\/#website\",\"url\":\"https:\/\/ad.kress.com\/en-gb\/\",\"name\":\"Kress - Commercial outdoor power equipment\",\"description\":\"Kress\",\"publisher\":{\"@id\":\"https:\/\/ad.kress.com\/en-gb\/#organization\"},\"alternateName\":\"Kress\",\"potentialAction\":[{\"@type\":\"SearchAction\",\"target\":{\"@type\":\"EntryPoint\",\"urlTemplate\":\"https:\/\/ad.kress.com\/en-gb\/?s={search_term_string}\"},\"query-input\":{\"@type\":\"PropertyValueSpecification\",\"valueRequired\":true,\"valueName\":\"search_term_string\"}}],\"inLanguage\":\"de-CH\"},{\"@type\":\"Organization\",\"@id\":\"https:\/\/ad.kress.com\/en-gb\/#organization\",\"name\":\"Commercial outdoor power equipment\",\"alternateName\":\"Kress\",\"url\":\"https:\/\/ad.kress.com\/en-gb\/\",\"logo\":{\"@type\":\"ImageObject\",\"inLanguage\":\"de-CH\",\"@id\":\"https:\/\/ad.kress.com\/en-gb\/#\/schema\/logo\/image\/\",\"url\":\"https:\/\/ad.kress.com\/wp-content\/uploads\/2025\/01\/main-logo-kress.webp\",\"contentUrl\":\"https:\/\/ad.kress.com\/wp-content\/uploads\/2025\/01\/main-logo-kress.webp\",\"width\":1038,\"height\":245,\"caption\":\"Commercial outdoor power equipment\"},\"image\":{\"@id\":\"https:\/\/ad.kress.com\/en-gb\/#\/schema\/logo\/image\/\"}}]}<\/script>\n<!-- \/ Yoast SEO plugin. -->","yoast_head_json":{"title":"60-V-Akku - Landing Kress","robots":{"index":"index","follow":"follow","max-snippet":"max-snippet:-1","max-image-preview":"max-image-preview:large","max-video-preview":"max-video-preview:-1"},"canonical":"https:\/\/ad.kress.com\/en\/kress-60-v-5-ah-battery-ka3008\/","og_locale":"de_DE","og_type":"article","og_title":"60-V-Akku - Landing Kress","og_description":"Der Kress 60 V-Akku wurde f\u00fcr Profis entwickelt und bietet au\u00dfergew\u00f6hnliche Kraft und Leistung f\u00fcr gro\u00dfe G\u00e4rten, bewaldete Landschaften und kleine Bauernh\u00f6fe. Er ist voll kompatibel mit allen Kress 60 V-Ger\u00e4ten, optimiert die Energieabgabe mit Smartlink, sch\u00fctzt die Zellen mit Cell Guard und bleibt auch bei starker Belastung k\u00fchl mit Heatshield. Dies gew\u00e4hrleistet eine kontinuierlich&hellip; Continue reading 60-V-Akku","og_url":"https:\/\/ad.kress.com\/en\/kress-60-v-5-ah-battery-ka3008\/","og_site_name":"Landing Kress","article_modified_time":"2025-08-05T08:29:11+00:00","og_image":[{"width":1980,"height":1980,"url":"https:\/\/ad.kress.com\/wp-content\/uploads\/onpage\/op_image_4eaf8994cc947984de15b01805191762861718fc.1980x.webp","type":"image\/webp"}],"twitter_card":"summary_large_image","schema":{"@context":"https:\/\/schema.org","@graph":[{"@type":"WebPage","@id":"https:\/\/ad.kress.com\/en\/kress-60-v-5-ah-battery-ka3008\/","url":"https:\/\/ad.kress.com\/en\/kress-60-v-5-ah-battery-ka3008\/","name":"60-V-Akku - Landing Kress","isPartOf":{"@id":"https:\/\/ad.kress.com\/en-gb\/#website"},"primaryImageOfPage":{"@id":"https:\/\/ad.kress.com\/en\/kress-60-v-5-ah-battery-ka3008\/#primaryimage"},"image":{"@id":"https:\/\/ad.kress.com\/en\/kress-60-v-5-ah-battery-ka3008\/#primaryimage"},"thumbnailUrl":"https:\/\/ad.kress.com\/wp-content\/uploads\/onpage\/op_image_4eaf8994cc947984de15b01805191762861718fc.1980x.webp","datePublished":"2025-04-04T07:57:34+00:00","dateModified":"2025-08-05T08:29:11+00:00","breadcrumb":{"@id":"https:\/\/ad.kress.com\/en\/kress-60-v-5-ah-battery-ka3008\/#breadcrumb"},"inLanguage":"de-CH","potentialAction":[{"@type":"ReadAction","target":["https:\/\/ad.kress.com\/en\/kress-60-v-5-ah-battery-ka3008\/"]}]},{"@type":"ImageObject","inLanguage":"de-CH","@id":"https:\/\/ad.kress.com\/en\/kress-60-v-5-ah-battery-ka3008\/#primaryimage","url":"https:\/\/ad.kress.com\/wp-content\/uploads\/onpage\/op_image_4eaf8994cc947984de15b01805191762861718fc.1980x.webp","contentUrl":"https:\/\/ad.kress.com\/wp-content\/uploads\/onpage\/op_image_4eaf8994cc947984de15b01805191762861718fc.1980x.webp","width":1980,"height":1980},{"@type":"BreadcrumbList","@id":"https:\/\/ad.kress.com\/en\/kress-60-v-5-ah-battery-ka3008\/#breadcrumb","itemListElement":[{"@type":"ListItem","position":1,"name":"Home","item":"https:\/\/ad.kress.com\/en-gb\/"},{"@type":"ListItem","position":2,"name":"Kress-Akku 60 V 5 Ah"}]},{"@type":"WebSite","@id":"https:\/\/ad.kress.com\/en-gb\/#website","url":"https:\/\/ad.kress.com\/en-gb\/","name":"Kress - Commercial outdoor power equipment","description":"Kress","publisher":{"@id":"https:\/\/ad.kress.com\/en-gb\/#organization"},"alternateName":"Kress","potentialAction":[{"@type":"SearchAction","target":{"@type":"EntryPoint","urlTemplate":"https:\/\/ad.kress.com\/en-gb\/?s={search_term_string}"},"query-input":{"@type":"PropertyValueSpecification","valueRequired":true,"valueName":"search_term_string"}}],"inLanguage":"de-CH"},{"@type":"Organization","@id":"https:\/\/ad.kress.com\/en-gb\/#organization","name":"Commercial outdoor power equipment","alternateName":"Kress","url":"https:\/\/ad.kress.com\/en-gb\/","logo":{"@type":"ImageObject","inLanguage":"de-CH","@id":"https:\/\/ad.kress.com\/en-gb\/#\/schema\/logo\/image\/","url":"https:\/\/ad.kress.com\/wp-content\/uploads\/2025\/01\/main-logo-kress.webp","contentUrl":"https:\/\/ad.kress.com\/wp-content\/uploads\/2025\/01\/main-logo-kress.webp","width":1038,"height":245,"caption":"Commercial outdoor power equipment"},"image":{"@id":"https:\/\/ad.kress.com\/en-gb\/#\/schema\/logo\/image\/"}}]}},"_links":{"self":[{"href":"https:\/\/ad.kress.com\/de-ch\/wp-json\/wp\/v2\/product\/5576","targetHints":{"allow":["GET"]}}],"collection":[{"href":"https:\/\/ad.kress.com\/de-ch\/wp-json\/wp\/v2\/product"}],"about":[{"href":"https:\/\/ad.kress.com\/de-ch\/wp-json\/wp\/v2\/types\/product"}],"replies":[{"embeddable":true,"href":"https:\/\/ad.kress.com\/de-ch\/wp-json\/wp\/v2\/comments?post=5576"}],"wp:featuredmedia":[{"embeddable":true,"href":"https:\/\/ad.kress.com\/de-ch\/wp-json\/wp\/v2\/media\/9798"}],"wp:attachment":[{"href":"https:\/\/ad.kress.com\/de-ch\/wp-json\/wp\/v2\/media?parent=5576"}],"wp:term":[{"taxonomy":"product_brand","embeddable":true,"href":"https:\/\/ad.kress.com\/de-ch\/wp-json\/wp\/v2\/product_brand?post=5576"},{"taxonomy":"product_cat","embeddable":true,"href":"https:\/\/ad.kress.com\/de-ch\/wp-json\/wp\/v2\/product_cat?post=5576"},{"taxonomy":"product_tag","embeddable":true,"href":"https:\/\/ad.kress.com\/de-ch\/wp-json\/wp\/v2\/product_tag?post=5576"}],"curies":[{"name":"wp","href":"https:\/\/api.w.org\/{rel}","templated":true}]}}