{"id":4616,"date":"2025-04-04T07:57:24","date_gmt":"2025-04-04T07:57:24","guid":{"rendered":""},"modified":"2025-08-05T08:29:11","modified_gmt":"2025-08-05T08:29:11","slug":"kress-rtk%e2%81%bf-24-000-m%c2%b2-maehroboter-mit-oas-obstacle-avoidance-system-kr236","status":"publish","type":"product","link":"https:\/\/ad.kress.com\/de-ch\/kress-rtk%e2%81%bf-24-000-m%c2%b2-maehroboter-mit-oas-obstacle-avoidance-system-kr236\/","title":{"rendered":"Kress RTK\u207f 6 Hektar Roboter-Rasenm\u00e4her mit OAS (Obstacle Avoidance System)"},"content":{"rendered":"<p>Der M\u00e4hroboter KR236 definiert mit der RTK-Technologie von Kress die Pr\u00e4zision in der Rasenpflege neu und bietet satellitengesteuerte Genauigkeit im Zentimeterbereich, ohne dass eine grundst\u00fccksspezifische station\u00e4re Antenne erforderlich ist. Er wurde f\u00fcr weitl\u00e4ufige Landschaften entwickelt und manik\u00fcrt Fl\u00e4chen von bis zu 9 Hektar mit einem streifenfreien Finish. Ausgestattet mit zweilagigen, rasiermesserscharfen Klingen und einem System zur Hindernisvermeidung, arbeitet der KR236 unter allen Bedingungen effizient. Seine MAP\u2122- (Mowing Action Plan) und TeamWork\u2122-Technologien sorgen f\u00fcr ein nahtloses Management aller komplexen Rasenfl\u00e4chen.<\/p>\n","protected":false},"excerpt":{"rendered":"<p>Der M\u00e4hroboter KR236 definiert mit der RTK-Technologie von Kress die Pr\u00e4zision in der Rasenpflege neu und bietet satellitengesteuerte Genauigkeit im Zentimeterbereich, ohne dass eine grundst\u00fccksspezifische station\u00e4re Antenne erforderlich ist. Er wurde f\u00fcr weitl\u00e4ufige Landschaften entwickelt und manik\u00fcrt Fl\u00e4chen von bis zu 9 Hektar mit einem streifenfreien Finish. Ausgestattet mit zweilagigen, rasiermesserscharfen Klingen und einem System&hellip; <a class=\"more-link\" href=\"https:\/\/ad.kress.com\/de-ch\/kress-rtk%e2%81%bf-24-000-m%c2%b2-maehroboter-mit-oas-obstacle-avoidance-system-kr236\/\">Continue reading <span class=\"screen-reader-text\">Kress RTK\u207f 6 Hektar Roboter-Rasenm\u00e4her mit OAS (Obstacle Avoidance System)<\/span><\/a><\/p>\n","protected":false},"featured_media":9560,"comment_status":"closed","ping_status":"closed","template":"","meta":[],"product_brand":[],"product_cat":[],"product_tag":[],"class_list":{"0":"post-4616","1":"product","2":"type-product","3":"status-publish","4":"has-post-thumbnail","6":"entry","8":"first","9":"instock","10":"shipping-taxable","11":"product-type-simple"},"yoast_head":"<!-- This site is optimized with the Yoast SEO plugin v24.3 - https:\/\/yoast.com\/wordpress\/plugins\/seo\/ -->\n<title>Kress RTK\u207f 6 Hektar Roboter-Rasenm\u00e4her mit OAS (Obstacle Avoidance System) - Landing Kress<\/title>\n<meta name=\"robots\" content=\"index, follow, max-snippet:-1, max-image-preview:large, max-video-preview:-1\" \/>\n<link rel=\"canonical\" href=\"https:\/\/ad.kress.com\/de-ch\/kress-rtk\u207f-24-000-m\u00b2-maehroboter-mit-oas-obstacle-avoidance-system-kr236\/\" \/>\n<meta property=\"og:locale\" content=\"de_DE\" \/>\n<meta property=\"og:type\" content=\"article\" \/>\n<meta property=\"og:title\" content=\"Kress RTK\u207f 6 Hektar Roboter-Rasenm\u00e4her mit OAS (Obstacle Avoidance System) - Landing Kress\" \/>\n<meta property=\"og:description\" content=\"Der M\u00e4hroboter KR236 definiert mit der RTK-Technologie von Kress die Pr\u00e4zision in der Rasenpflege neu und bietet satellitengesteuerte Genauigkeit im Zentimeterbereich, ohne dass eine grundst\u00fccksspezifische station\u00e4re Antenne erforderlich ist. Er wurde f\u00fcr weitl\u00e4ufige Landschaften entwickelt und manik\u00fcrt Fl\u00e4chen von bis zu 9 Hektar mit einem streifenfreien Finish. Ausgestattet mit zweilagigen, rasiermesserscharfen Klingen und einem System&hellip; Continue reading Kress RTK\u207f 6 Hektar Roboter-Rasenm\u00e4her mit OAS (Obstacle Avoidance System)\" \/>\n<meta property=\"og:url\" content=\"https:\/\/ad.kress.com\/de-ch\/kress-rtk\u207f-24-000-m\u00b2-maehroboter-mit-oas-obstacle-avoidance-system-kr236\/\" \/>\n<meta property=\"og:site_name\" content=\"Landing Kress\" \/>\n<meta property=\"article:modified_time\" content=\"2025-08-05T08:29:11+00:00\" \/>\n<meta property=\"og:image\" content=\"https:\/\/ad.kress.com\/wp-content\/uploads\/onpage\/op_image_f7bc10a120a7bd4ec56c93c74a2ba1dc4ac2f6a8.1980x.webp\" \/>\n\t<meta property=\"og:image:width\" content=\"1980\" \/>\n\t<meta property=\"og:image:height\" content=\"1980\" \/>\n\t<meta property=\"og:image:type\" content=\"image\/webp\" \/>\n<meta name=\"twitter:card\" content=\"summary_large_image\" \/>\n<script type=\"application\/ld+json\" class=\"yoast-schema-graph\">{\"@context\":\"https:\/\/schema.org\",\"@graph\":[{\"@type\":\"WebPage\",\"@id\":\"https:\/\/ad.kress.com\/de-ch\/kress-rtk%e2%81%bf-24-000-m%c2%b2-maehroboter-mit-oas-obstacle-avoidance-system-kr236\/\",\"url\":\"https:\/\/ad.kress.com\/de-ch\/kress-rtk%e2%81%bf-24-000-m%c2%b2-maehroboter-mit-oas-obstacle-avoidance-system-kr236\/\",\"name\":\"Kress RTK\u207f 6 Hektar Roboter-Rasenm\u00e4her mit OAS (Obstacle Avoidance System) - Landing Kress\",\"isPartOf\":{\"@id\":\"https:\/\/ad.kress.com\/en-gb\/#website\"},\"primaryImageOfPage\":{\"@id\":\"https:\/\/ad.kress.com\/de-ch\/kress-rtk%e2%81%bf-24-000-m%c2%b2-maehroboter-mit-oas-obstacle-avoidance-system-kr236\/#primaryimage\"},\"image\":{\"@id\":\"https:\/\/ad.kress.com\/de-ch\/kress-rtk%e2%81%bf-24-000-m%c2%b2-maehroboter-mit-oas-obstacle-avoidance-system-kr236\/#primaryimage\"},\"thumbnailUrl\":\"https:\/\/ad.kress.com\/wp-content\/uploads\/onpage\/op_image_f7bc10a120a7bd4ec56c93c74a2ba1dc4ac2f6a8.1980x.webp\",\"datePublished\":\"2025-04-04T07:57:24+00:00\",\"dateModified\":\"2025-08-05T08:29:11+00:00\",\"breadcrumb\":{\"@id\":\"https:\/\/ad.kress.com\/de-ch\/kress-rtk%e2%81%bf-24-000-m%c2%b2-maehroboter-mit-oas-obstacle-avoidance-system-kr236\/#breadcrumb\"},\"inLanguage\":\"de-CH\",\"potentialAction\":[{\"@type\":\"ReadAction\",\"target\":[\"https:\/\/ad.kress.com\/de-ch\/kress-rtk%e2%81%bf-24-000-m%c2%b2-maehroboter-mit-oas-obstacle-avoidance-system-kr236\/\"]}]},{\"@type\":\"ImageObject\",\"inLanguage\":\"de-CH\",\"@id\":\"https:\/\/ad.kress.com\/de-ch\/kress-rtk%e2%81%bf-24-000-m%c2%b2-maehroboter-mit-oas-obstacle-avoidance-system-kr236\/#primaryimage\",\"url\":\"https:\/\/ad.kress.com\/wp-content\/uploads\/onpage\/op_image_f7bc10a120a7bd4ec56c93c74a2ba1dc4ac2f6a8.1980x.webp\",\"contentUrl\":\"https:\/\/ad.kress.com\/wp-content\/uploads\/onpage\/op_image_f7bc10a120a7bd4ec56c93c74a2ba1dc4ac2f6a8.1980x.webp\",\"width\":1980,\"height\":1980},{\"@type\":\"BreadcrumbList\",\"@id\":\"https:\/\/ad.kress.com\/de-ch\/kress-rtk%e2%81%bf-24-000-m%c2%b2-maehroboter-mit-oas-obstacle-avoidance-system-kr236\/#breadcrumb\",\"itemListElement\":[{\"@type\":\"ListItem\",\"position\":1,\"name\":\"Home\",\"item\":\"https:\/\/ad.kress.com\/en-gb\/\"},{\"@type\":\"ListItem\",\"position\":2,\"name\":\"Kress RTK\u207f 24.000 m\u00b2 M\u00e4hroboter mit OAS (Obstacle Avoidance System)\"}]},{\"@type\":\"WebSite\",\"@id\":\"https:\/\/ad.kress.com\/en-gb\/#website\",\"url\":\"https:\/\/ad.kress.com\/en-gb\/\",\"name\":\"Kress - Commercial outdoor power equipment\",\"description\":\"Kress\",\"publisher\":{\"@id\":\"https:\/\/ad.kress.com\/en-gb\/#organization\"},\"alternateName\":\"Kress\",\"potentialAction\":[{\"@type\":\"SearchAction\",\"target\":{\"@type\":\"EntryPoint\",\"urlTemplate\":\"https:\/\/ad.kress.com\/en-gb\/?s={search_term_string}\"},\"query-input\":{\"@type\":\"PropertyValueSpecification\",\"valueRequired\":true,\"valueName\":\"search_term_string\"}}],\"inLanguage\":\"de-CH\"},{\"@type\":\"Organization\",\"@id\":\"https:\/\/ad.kress.com\/en-gb\/#organization\",\"name\":\"Commercial outdoor power equipment\",\"alternateName\":\"Kress\",\"url\":\"https:\/\/ad.kress.com\/en-gb\/\",\"logo\":{\"@type\":\"ImageObject\",\"inLanguage\":\"de-CH\",\"@id\":\"https:\/\/ad.kress.com\/en-gb\/#\/schema\/logo\/image\/\",\"url\":\"https:\/\/ad.kress.com\/wp-content\/uploads\/2025\/01\/main-logo-kress.webp\",\"contentUrl\":\"https:\/\/ad.kress.com\/wp-content\/uploads\/2025\/01\/main-logo-kress.webp\",\"width\":1038,\"height\":245,\"caption\":\"Commercial outdoor power equipment\"},\"image\":{\"@id\":\"https:\/\/ad.kress.com\/en-gb\/#\/schema\/logo\/image\/\"}}]}<\/script>\n<!-- \/ Yoast SEO plugin. -->","yoast_head_json":{"title":"Kress RTK\u207f 6 Hektar Roboter-Rasenm\u00e4her mit OAS (Obstacle Avoidance System) - Landing Kress","robots":{"index":"index","follow":"follow","max-snippet":"max-snippet:-1","max-image-preview":"max-image-preview:large","max-video-preview":"max-video-preview:-1"},"canonical":"https:\/\/ad.kress.com\/de-ch\/kress-rtk\u207f-24-000-m\u00b2-maehroboter-mit-oas-obstacle-avoidance-system-kr236\/","og_locale":"de_DE","og_type":"article","og_title":"Kress RTK\u207f 6 Hektar Roboter-Rasenm\u00e4her mit OAS (Obstacle Avoidance System) - Landing Kress","og_description":"Der M\u00e4hroboter KR236 definiert mit der RTK-Technologie von Kress die Pr\u00e4zision in der Rasenpflege neu und bietet satellitengesteuerte Genauigkeit im Zentimeterbereich, ohne dass eine grundst\u00fccksspezifische station\u00e4re Antenne erforderlich ist. Er wurde f\u00fcr weitl\u00e4ufige Landschaften entwickelt und manik\u00fcrt Fl\u00e4chen von bis zu 9 Hektar mit einem streifenfreien Finish. Ausgestattet mit zweilagigen, rasiermesserscharfen Klingen und einem System&hellip; Continue reading Kress RTK\u207f 6 Hektar Roboter-Rasenm\u00e4her mit OAS (Obstacle Avoidance System)","og_url":"https:\/\/ad.kress.com\/de-ch\/kress-rtk\u207f-24-000-m\u00b2-maehroboter-mit-oas-obstacle-avoidance-system-kr236\/","og_site_name":"Landing Kress","article_modified_time":"2025-08-05T08:29:11+00:00","og_image":[{"width":1980,"height":1980,"url":"https:\/\/ad.kress.com\/wp-content\/uploads\/onpage\/op_image_f7bc10a120a7bd4ec56c93c74a2ba1dc4ac2f6a8.1980x.webp","type":"image\/webp"}],"twitter_card":"summary_large_image","schema":{"@context":"https:\/\/schema.org","@graph":[{"@type":"WebPage","@id":"https:\/\/ad.kress.com\/de-ch\/kress-rtk%e2%81%bf-24-000-m%c2%b2-maehroboter-mit-oas-obstacle-avoidance-system-kr236\/","url":"https:\/\/ad.kress.com\/de-ch\/kress-rtk%e2%81%bf-24-000-m%c2%b2-maehroboter-mit-oas-obstacle-avoidance-system-kr236\/","name":"Kress RTK\u207f 6 Hektar Roboter-Rasenm\u00e4her mit OAS (Obstacle Avoidance System) - Landing Kress","isPartOf":{"@id":"https:\/\/ad.kress.com\/en-gb\/#website"},"primaryImageOfPage":{"@id":"https:\/\/ad.kress.com\/de-ch\/kress-rtk%e2%81%bf-24-000-m%c2%b2-maehroboter-mit-oas-obstacle-avoidance-system-kr236\/#primaryimage"},"image":{"@id":"https:\/\/ad.kress.com\/de-ch\/kress-rtk%e2%81%bf-24-000-m%c2%b2-maehroboter-mit-oas-obstacle-avoidance-system-kr236\/#primaryimage"},"thumbnailUrl":"https:\/\/ad.kress.com\/wp-content\/uploads\/onpage\/op_image_f7bc10a120a7bd4ec56c93c74a2ba1dc4ac2f6a8.1980x.webp","datePublished":"2025-04-04T07:57:24+00:00","dateModified":"2025-08-05T08:29:11+00:00","breadcrumb":{"@id":"https:\/\/ad.kress.com\/de-ch\/kress-rtk%e2%81%bf-24-000-m%c2%b2-maehroboter-mit-oas-obstacle-avoidance-system-kr236\/#breadcrumb"},"inLanguage":"de-CH","potentialAction":[{"@type":"ReadAction","target":["https:\/\/ad.kress.com\/de-ch\/kress-rtk%e2%81%bf-24-000-m%c2%b2-maehroboter-mit-oas-obstacle-avoidance-system-kr236\/"]}]},{"@type":"ImageObject","inLanguage":"de-CH","@id":"https:\/\/ad.kress.com\/de-ch\/kress-rtk%e2%81%bf-24-000-m%c2%b2-maehroboter-mit-oas-obstacle-avoidance-system-kr236\/#primaryimage","url":"https:\/\/ad.kress.com\/wp-content\/uploads\/onpage\/op_image_f7bc10a120a7bd4ec56c93c74a2ba1dc4ac2f6a8.1980x.webp","contentUrl":"https:\/\/ad.kress.com\/wp-content\/uploads\/onpage\/op_image_f7bc10a120a7bd4ec56c93c74a2ba1dc4ac2f6a8.1980x.webp","width":1980,"height":1980},{"@type":"BreadcrumbList","@id":"https:\/\/ad.kress.com\/de-ch\/kress-rtk%e2%81%bf-24-000-m%c2%b2-maehroboter-mit-oas-obstacle-avoidance-system-kr236\/#breadcrumb","itemListElement":[{"@type":"ListItem","position":1,"name":"Home","item":"https:\/\/ad.kress.com\/en-gb\/"},{"@type":"ListItem","position":2,"name":"Kress RTK\u207f 24.000 m\u00b2 M\u00e4hroboter mit OAS (Obstacle Avoidance System)"}]},{"@type":"WebSite","@id":"https:\/\/ad.kress.com\/en-gb\/#website","url":"https:\/\/ad.kress.com\/en-gb\/","name":"Kress - Commercial outdoor power equipment","description":"Kress","publisher":{"@id":"https:\/\/ad.kress.com\/en-gb\/#organization"},"alternateName":"Kress","potentialAction":[{"@type":"SearchAction","target":{"@type":"EntryPoint","urlTemplate":"https:\/\/ad.kress.com\/en-gb\/?s={search_term_string}"},"query-input":{"@type":"PropertyValueSpecification","valueRequired":true,"valueName":"search_term_string"}}],"inLanguage":"de-CH"},{"@type":"Organization","@id":"https:\/\/ad.kress.com\/en-gb\/#organization","name":"Commercial outdoor power equipment","alternateName":"Kress","url":"https:\/\/ad.kress.com\/en-gb\/","logo":{"@type":"ImageObject","inLanguage":"de-CH","@id":"https:\/\/ad.kress.com\/en-gb\/#\/schema\/logo\/image\/","url":"https:\/\/ad.kress.com\/wp-content\/uploads\/2025\/01\/main-logo-kress.webp","contentUrl":"https:\/\/ad.kress.com\/wp-content\/uploads\/2025\/01\/main-logo-kress.webp","width":1038,"height":245,"caption":"Commercial outdoor power equipment"},"image":{"@id":"https:\/\/ad.kress.com\/en-gb\/#\/schema\/logo\/image\/"}}]}},"_links":{"self":[{"href":"https:\/\/ad.kress.com\/de-ch\/wp-json\/wp\/v2\/product\/4616","targetHints":{"allow":["GET"]}}],"collection":[{"href":"https:\/\/ad.kress.com\/de-ch\/wp-json\/wp\/v2\/product"}],"about":[{"href":"https:\/\/ad.kress.com\/de-ch\/wp-json\/wp\/v2\/types\/product"}],"replies":[{"embeddable":true,"href":"https:\/\/ad.kress.com\/de-ch\/wp-json\/wp\/v2\/comments?post=4616"}],"wp:featuredmedia":[{"embeddable":true,"href":"https:\/\/ad.kress.com\/de-ch\/wp-json\/wp\/v2\/media\/9560"}],"wp:attachment":[{"href":"https:\/\/ad.kress.com\/de-ch\/wp-json\/wp\/v2\/media?parent=4616"}],"wp:term":[{"taxonomy":"product_brand","embeddable":true,"href":"https:\/\/ad.kress.com\/de-ch\/wp-json\/wp\/v2\/product_brand?post=4616"},{"taxonomy":"product_cat","embeddable":true,"href":"https:\/\/ad.kress.com\/de-ch\/wp-json\/wp\/v2\/product_cat?post=4616"},{"taxonomy":"product_tag","embeddable":true,"href":"https:\/\/ad.kress.com\/de-ch\/wp-json\/wp\/v2\/product_tag?post=4616"}],"curies":[{"name":"wp","href":"https:\/\/api.w.org\/{rel}","templated":true}]}}