{"id":3709,"date":"2025-04-04T07:57:15","date_gmt":"2025-04-04T07:57:15","guid":{"rendered":""},"modified":"2025-08-05T08:29:11","modified_gmt":"2025-08-05T08:29:11","slug":"der-kress-mission-mega-maehroboter-bewaeltigt-rasenflaechen-von-bis-zu-4-400-m%c2%b2-kr133e","status":"publish","type":"product","link":"https:\/\/ad.kress.com\/de-ch\/der-kress-mission-mega-maehroboter-bewaeltigt-rasenflaechen-von-bis-zu-4-400-m%c2%b2-kr133e\/","title":{"rendered":"Der Kress Mission Mega M\u00e4hroboter bew\u00e4ltigt Rasenfl\u00e4chen bis zu 4.400 m\u00b2 mit OAS (Obstacle Avoidance System)"},"content":{"rendered":"<p>Der Kress Mission Mega wurde f\u00fcr gro\u00dfe Rasenfl\u00e4chen entwickelt und verf\u00fcgt \u00fcber eine breitere Doppelscheibe, und INTIVA sorgt f\u00fcr eine schnellere Abdeckung der M\u00e4hfl\u00e4che. Durch die Kombination von Effizienz, Intelligenz und Zuverl\u00e4ssigkeit setzt er einen neuen Standard in der Rasenpflege.<\/p>\n","protected":false},"excerpt":{"rendered":"<p>Der Kress Mission Mega wurde f\u00fcr gro\u00dfe Rasenfl\u00e4chen entwickelt und verf\u00fcgt \u00fcber eine breitere Doppelscheibe, und INTIVA sorgt f\u00fcr eine schnellere Abdeckung der M\u00e4hfl\u00e4che. Durch die Kombination von Effizienz, Intelligenz und Zuverl\u00e4ssigkeit setzt er einen neuen Standard in der Rasenpflege.<\/p>\n","protected":false},"featured_media":8369,"comment_status":"closed","ping_status":"closed","template":"","meta":[],"product_brand":[],"product_cat":[],"product_tag":[],"class_list":{"0":"post-3709","1":"product","2":"type-product","3":"status-publish","4":"has-post-thumbnail","6":"entry","8":"first","9":"instock","10":"shipping-taxable","11":"purchasable","12":"product-type-simple"},"yoast_head":"<!-- This site is optimized with the Yoast SEO plugin v24.3 - https:\/\/yoast.com\/wordpress\/plugins\/seo\/ -->\n<title>Der Kress Mission Mega M\u00e4hroboter bew\u00e4ltigt Rasenfl\u00e4chen bis zu 4.400 m\u00b2 mit OAS (Obstacle Avoidance System) - Landing Kress<\/title>\n<meta name=\"robots\" content=\"index, follow, max-snippet:-1, max-image-preview:large, max-video-preview:-1\" \/>\n<link rel=\"canonical\" href=\"https:\/\/ad.kress.com\/en\/the-kress-mission-mega-robot-mower-manages-lawns-up-to-4400-m\u00b2-kr133e\/\" \/>\n<meta property=\"og:locale\" content=\"de_DE\" \/>\n<meta property=\"og:type\" content=\"article\" \/>\n<meta property=\"og:title\" content=\"Der Kress Mission Mega M\u00e4hroboter bew\u00e4ltigt Rasenfl\u00e4chen bis zu 4.400 m\u00b2 mit OAS (Obstacle Avoidance System) - Landing Kress\" \/>\n<meta property=\"og:description\" content=\"Der Kress Mission Mega wurde f\u00fcr gro\u00dfe Rasenfl\u00e4chen entwickelt und verf\u00fcgt \u00fcber eine breitere Doppelscheibe, und INTIVA sorgt f\u00fcr eine schnellere Abdeckung der M\u00e4hfl\u00e4che. Durch die Kombination von Effizienz, Intelligenz und Zuverl\u00e4ssigkeit setzt er einen neuen Standard in der Rasenpflege.\" \/>\n<meta property=\"og:url\" content=\"https:\/\/ad.kress.com\/en\/the-kress-mission-mega-robot-mower-manages-lawns-up-to-4400-m\u00b2-kr133e\/\" \/>\n<meta property=\"og:site_name\" content=\"Landing Kress\" \/>\n<meta property=\"article:modified_time\" content=\"2025-08-05T08:29:11+00:00\" \/>\n<meta property=\"og:image\" content=\"https:\/\/ad.kress.com\/wp-content\/uploads\/onpage\/op_image_c822a9e606c39b1104c54ef9118fd503c3bbe16a.1980x.webp\" \/>\n\t<meta property=\"og:image:width\" content=\"1980\" \/>\n\t<meta property=\"og:image:height\" content=\"1980\" \/>\n\t<meta property=\"og:image:type\" content=\"image\/webp\" \/>\n<meta name=\"twitter:card\" content=\"summary_large_image\" \/>\n<script type=\"application\/ld+json\" class=\"yoast-schema-graph\">{\"@context\":\"https:\/\/schema.org\",\"@graph\":[{\"@type\":\"WebPage\",\"@id\":\"https:\/\/ad.kress.com\/en\/the-kress-mission-mega-robot-mower-manages-lawns-up-to-4400-m%c2%b2-kr133e\/\",\"url\":\"https:\/\/ad.kress.com\/en\/the-kress-mission-mega-robot-mower-manages-lawns-up-to-4400-m%c2%b2-kr133e\/\",\"name\":\"Der Kress Mission Mega M\u00e4hroboter bew\u00e4ltigt Rasenfl\u00e4chen bis zu 4.400 m\u00b2 mit OAS (Obstacle Avoidance System) - Landing Kress\",\"isPartOf\":{\"@id\":\"https:\/\/ad.kress.com\/en-gb\/#website\"},\"primaryImageOfPage\":{\"@id\":\"https:\/\/ad.kress.com\/en\/the-kress-mission-mega-robot-mower-manages-lawns-up-to-4400-m%c2%b2-kr133e\/#primaryimage\"},\"image\":{\"@id\":\"https:\/\/ad.kress.com\/en\/the-kress-mission-mega-robot-mower-manages-lawns-up-to-4400-m%c2%b2-kr133e\/#primaryimage\"},\"thumbnailUrl\":\"https:\/\/ad.kress.com\/wp-content\/uploads\/onpage\/op_image_c822a9e606c39b1104c54ef9118fd503c3bbe16a.1980x.webp\",\"datePublished\":\"2025-04-04T07:57:15+00:00\",\"dateModified\":\"2025-08-05T08:29:11+00:00\",\"breadcrumb\":{\"@id\":\"https:\/\/ad.kress.com\/en\/the-kress-mission-mega-robot-mower-manages-lawns-up-to-4400-m%c2%b2-kr133e\/#breadcrumb\"},\"inLanguage\":\"de-CH\",\"potentialAction\":[{\"@type\":\"ReadAction\",\"target\":[\"https:\/\/ad.kress.com\/en\/the-kress-mission-mega-robot-mower-manages-lawns-up-to-4400-m%c2%b2-kr133e\/\"]}]},{\"@type\":\"ImageObject\",\"inLanguage\":\"de-CH\",\"@id\":\"https:\/\/ad.kress.com\/en\/the-kress-mission-mega-robot-mower-manages-lawns-up-to-4400-m%c2%b2-kr133e\/#primaryimage\",\"url\":\"https:\/\/ad.kress.com\/wp-content\/uploads\/onpage\/op_image_c822a9e606c39b1104c54ef9118fd503c3bbe16a.1980x.webp\",\"contentUrl\":\"https:\/\/ad.kress.com\/wp-content\/uploads\/onpage\/op_image_c822a9e606c39b1104c54ef9118fd503c3bbe16a.1980x.webp\",\"width\":1980,\"height\":1980},{\"@type\":\"BreadcrumbList\",\"@id\":\"https:\/\/ad.kress.com\/en\/the-kress-mission-mega-robot-mower-manages-lawns-up-to-4400-m%c2%b2-kr133e\/#breadcrumb\",\"itemListElement\":[{\"@type\":\"ListItem\",\"position\":1,\"name\":\"Home\",\"item\":\"https:\/\/ad.kress.com\/en-gb\/\"},{\"@type\":\"ListItem\",\"position\":2,\"name\":\"Der Kress Mission Mega M\u00e4hroboter bew\u00e4ltigt Rasenfl\u00e4chen von bis zu 4.400 m\u00b2\"}]},{\"@type\":\"WebSite\",\"@id\":\"https:\/\/ad.kress.com\/en-gb\/#website\",\"url\":\"https:\/\/ad.kress.com\/en-gb\/\",\"name\":\"Kress - Commercial outdoor power equipment\",\"description\":\"Kress\",\"publisher\":{\"@id\":\"https:\/\/ad.kress.com\/en-gb\/#organization\"},\"alternateName\":\"Kress\",\"potentialAction\":[{\"@type\":\"SearchAction\",\"target\":{\"@type\":\"EntryPoint\",\"urlTemplate\":\"https:\/\/ad.kress.com\/en-gb\/?s={search_term_string}\"},\"query-input\":{\"@type\":\"PropertyValueSpecification\",\"valueRequired\":true,\"valueName\":\"search_term_string\"}}],\"inLanguage\":\"de-CH\"},{\"@type\":\"Organization\",\"@id\":\"https:\/\/ad.kress.com\/en-gb\/#organization\",\"name\":\"Commercial outdoor power equipment\",\"alternateName\":\"Kress\",\"url\":\"https:\/\/ad.kress.com\/en-gb\/\",\"logo\":{\"@type\":\"ImageObject\",\"inLanguage\":\"de-CH\",\"@id\":\"https:\/\/ad.kress.com\/en-gb\/#\/schema\/logo\/image\/\",\"url\":\"https:\/\/ad.kress.com\/wp-content\/uploads\/2025\/01\/main-logo-kress.webp\",\"contentUrl\":\"https:\/\/ad.kress.com\/wp-content\/uploads\/2025\/01\/main-logo-kress.webp\",\"width\":1038,\"height\":245,\"caption\":\"Commercial outdoor power equipment\"},\"image\":{\"@id\":\"https:\/\/ad.kress.com\/en-gb\/#\/schema\/logo\/image\/\"}}]}<\/script>\n<!-- \/ Yoast SEO plugin. -->","yoast_head_json":{"title":"Der Kress Mission Mega M\u00e4hroboter bew\u00e4ltigt Rasenfl\u00e4chen bis zu 4.400 m\u00b2 mit OAS (Obstacle Avoidance System) - Landing Kress","robots":{"index":"index","follow":"follow","max-snippet":"max-snippet:-1","max-image-preview":"max-image-preview:large","max-video-preview":"max-video-preview:-1"},"canonical":"https:\/\/ad.kress.com\/en\/the-kress-mission-mega-robot-mower-manages-lawns-up-to-4400-m\u00b2-kr133e\/","og_locale":"de_DE","og_type":"article","og_title":"Der Kress Mission Mega M\u00e4hroboter bew\u00e4ltigt Rasenfl\u00e4chen bis zu 4.400 m\u00b2 mit OAS (Obstacle Avoidance System) - Landing Kress","og_description":"Der Kress Mission Mega wurde f\u00fcr gro\u00dfe Rasenfl\u00e4chen entwickelt und verf\u00fcgt \u00fcber eine breitere Doppelscheibe, und INTIVA sorgt f\u00fcr eine schnellere Abdeckung der M\u00e4hfl\u00e4che. Durch die Kombination von Effizienz, Intelligenz und Zuverl\u00e4ssigkeit setzt er einen neuen Standard in der Rasenpflege.","og_url":"https:\/\/ad.kress.com\/en\/the-kress-mission-mega-robot-mower-manages-lawns-up-to-4400-m\u00b2-kr133e\/","og_site_name":"Landing Kress","article_modified_time":"2025-08-05T08:29:11+00:00","og_image":[{"width":1980,"height":1980,"url":"https:\/\/ad.kress.com\/wp-content\/uploads\/onpage\/op_image_c822a9e606c39b1104c54ef9118fd503c3bbe16a.1980x.webp","type":"image\/webp"}],"twitter_card":"summary_large_image","schema":{"@context":"https:\/\/schema.org","@graph":[{"@type":"WebPage","@id":"https:\/\/ad.kress.com\/en\/the-kress-mission-mega-robot-mower-manages-lawns-up-to-4400-m%c2%b2-kr133e\/","url":"https:\/\/ad.kress.com\/en\/the-kress-mission-mega-robot-mower-manages-lawns-up-to-4400-m%c2%b2-kr133e\/","name":"Der Kress Mission Mega M\u00e4hroboter bew\u00e4ltigt Rasenfl\u00e4chen bis zu 4.400 m\u00b2 mit OAS (Obstacle Avoidance System) - Landing Kress","isPartOf":{"@id":"https:\/\/ad.kress.com\/en-gb\/#website"},"primaryImageOfPage":{"@id":"https:\/\/ad.kress.com\/en\/the-kress-mission-mega-robot-mower-manages-lawns-up-to-4400-m%c2%b2-kr133e\/#primaryimage"},"image":{"@id":"https:\/\/ad.kress.com\/en\/the-kress-mission-mega-robot-mower-manages-lawns-up-to-4400-m%c2%b2-kr133e\/#primaryimage"},"thumbnailUrl":"https:\/\/ad.kress.com\/wp-content\/uploads\/onpage\/op_image_c822a9e606c39b1104c54ef9118fd503c3bbe16a.1980x.webp","datePublished":"2025-04-04T07:57:15+00:00","dateModified":"2025-08-05T08:29:11+00:00","breadcrumb":{"@id":"https:\/\/ad.kress.com\/en\/the-kress-mission-mega-robot-mower-manages-lawns-up-to-4400-m%c2%b2-kr133e\/#breadcrumb"},"inLanguage":"de-CH","potentialAction":[{"@type":"ReadAction","target":["https:\/\/ad.kress.com\/en\/the-kress-mission-mega-robot-mower-manages-lawns-up-to-4400-m%c2%b2-kr133e\/"]}]},{"@type":"ImageObject","inLanguage":"de-CH","@id":"https:\/\/ad.kress.com\/en\/the-kress-mission-mega-robot-mower-manages-lawns-up-to-4400-m%c2%b2-kr133e\/#primaryimage","url":"https:\/\/ad.kress.com\/wp-content\/uploads\/onpage\/op_image_c822a9e606c39b1104c54ef9118fd503c3bbe16a.1980x.webp","contentUrl":"https:\/\/ad.kress.com\/wp-content\/uploads\/onpage\/op_image_c822a9e606c39b1104c54ef9118fd503c3bbe16a.1980x.webp","width":1980,"height":1980},{"@type":"BreadcrumbList","@id":"https:\/\/ad.kress.com\/en\/the-kress-mission-mega-robot-mower-manages-lawns-up-to-4400-m%c2%b2-kr133e\/#breadcrumb","itemListElement":[{"@type":"ListItem","position":1,"name":"Home","item":"https:\/\/ad.kress.com\/en-gb\/"},{"@type":"ListItem","position":2,"name":"Der Kress Mission Mega M\u00e4hroboter bew\u00e4ltigt Rasenfl\u00e4chen von bis zu 4.400 m\u00b2"}]},{"@type":"WebSite","@id":"https:\/\/ad.kress.com\/en-gb\/#website","url":"https:\/\/ad.kress.com\/en-gb\/","name":"Kress - Commercial outdoor power equipment","description":"Kress","publisher":{"@id":"https:\/\/ad.kress.com\/en-gb\/#organization"},"alternateName":"Kress","potentialAction":[{"@type":"SearchAction","target":{"@type":"EntryPoint","urlTemplate":"https:\/\/ad.kress.com\/en-gb\/?s={search_term_string}"},"query-input":{"@type":"PropertyValueSpecification","valueRequired":true,"valueName":"search_term_string"}}],"inLanguage":"de-CH"},{"@type":"Organization","@id":"https:\/\/ad.kress.com\/en-gb\/#organization","name":"Commercial outdoor power equipment","alternateName":"Kress","url":"https:\/\/ad.kress.com\/en-gb\/","logo":{"@type":"ImageObject","inLanguage":"de-CH","@id":"https:\/\/ad.kress.com\/en-gb\/#\/schema\/logo\/image\/","url":"https:\/\/ad.kress.com\/wp-content\/uploads\/2025\/01\/main-logo-kress.webp","contentUrl":"https:\/\/ad.kress.com\/wp-content\/uploads\/2025\/01\/main-logo-kress.webp","width":1038,"height":245,"caption":"Commercial outdoor power equipment"},"image":{"@id":"https:\/\/ad.kress.com\/en-gb\/#\/schema\/logo\/image\/"}}]}},"_links":{"self":[{"href":"https:\/\/ad.kress.com\/de-ch\/wp-json\/wp\/v2\/product\/3709","targetHints":{"allow":["GET"]}}],"collection":[{"href":"https:\/\/ad.kress.com\/de-ch\/wp-json\/wp\/v2\/product"}],"about":[{"href":"https:\/\/ad.kress.com\/de-ch\/wp-json\/wp\/v2\/types\/product"}],"replies":[{"embeddable":true,"href":"https:\/\/ad.kress.com\/de-ch\/wp-json\/wp\/v2\/comments?post=3709"}],"wp:featuredmedia":[{"embeddable":true,"href":"https:\/\/ad.kress.com\/de-ch\/wp-json\/wp\/v2\/media\/8369"}],"wp:attachment":[{"href":"https:\/\/ad.kress.com\/de-ch\/wp-json\/wp\/v2\/media?parent=3709"}],"wp:term":[{"taxonomy":"product_brand","embeddable":true,"href":"https:\/\/ad.kress.com\/de-ch\/wp-json\/wp\/v2\/product_brand?post=3709"},{"taxonomy":"product_cat","embeddable":true,"href":"https:\/\/ad.kress.com\/de-ch\/wp-json\/wp\/v2\/product_cat?post=3709"},{"taxonomy":"product_tag","embeddable":true,"href":"https:\/\/ad.kress.com\/de-ch\/wp-json\/wp\/v2\/product_tag?post=3709"}],"curies":[{"name":"wp","href":"https:\/\/api.w.org\/{rel}","templated":true}]}}